{"id":4011,"date":"2023-04-18T14:41:22","date_gmt":"2023-04-18T14:41:22","guid":{"rendered":"https:\/\/ave-eta-canada.com\/hvordan-finne-en-av\/"},"modified":"2023-04-27T21:36:32","modified_gmt":"2023-04-27T21:36:32","slug":"hvordan-finne-en-eta","status":"publish","type":"page","link":"https:\/\/ave-eta-canada.com\/no\/hvordan-finne-en-eta\/","title":{"rendered":"Hvordan finne en eTA?"},"content":{"rendered":"\n<h1 class=\"wp-block-heading\">Prosedyre for \u00e5 finne din Canada eTA<\/h1>\n\n<p>Canada, dets overd\u00e5dige landskap, l\u00f8nnesirupen og sjarmerende byer tiltrekker seg mange turister hvert \u00e5r. <\/p>\n\n<p><strong>For et opphold p\u00e5 mindre enn 6 m\u00e5neder i Canada<\/strong> : Du kan utf\u00f8re formalitetene for \u00e5 komme inn i Canada direkte via Internett ved \u00e5 klikke p\u00e5 <a href=\"https:\/\/ave-eta-canada.com\/no\/canada-eta-skjema-online\/\">nettskjemaet<\/a>. Det er ikke n\u00f8dvendig \u00e5 f\u00e5 time ved den kanadiske ambassaden eller konsulatet.<\/p>\n\n<p>Hvis du planlegger \u00e5 reise til Canada, forklarer vi <a href=\"https:\/\/ave-eta-canada.com\/no\/send-en-offisiell-canada-eta-foresporsel\/\">hvordan du s\u00f8ker om en eTA<\/a>. Hvis du har s\u00f8kt om en eTA, men du ikke vet hvordan du finner den, vil vi raskt presentere denne elektroniske reiseautorisasjonen for deg f\u00f8r vi forklarer hvordan du finner den.<\/p>\n\n<h2 class=\"wp-block-heading\">Hva er eTA-reiseautorisasjonen?<\/h2>\n\n<p>F\u00f8r du kan finne din eTA, er det viktig \u00e5 vite hva det er og fremfor alt \u00e5 forst\u00e5 hvordan det fungerer.<\/p>\n\n<p><a href=\"https:\/\/ave-eta-canada.com\/no\/\">eTA elektronisk reiseautorisasjon<\/a> er obligatorisk for \u00e5 kunne reise til Canada i maksimalt 6 m\u00e5neder eller for transitt f\u00f8r en endelig destinasjon. Statsborgere fra visse land, inkludert Frankrike, er unntatt fra visumkrav og kan derfor s\u00f8ke om eTA forutsatt at de har et gyldig pass. Merk at visums\u00f8knaden er mye mer komplisert enn eTA-s\u00f8knaden.<\/p>\n\n<p><a href=\"https:\/\/ave-eta-canada.com\/no\/gyldigheten-av-canada-eta-2\/\">Gyldighetsperioden for eTA<\/a> er fem \u00e5r, noe som lar reisende foreta flere opphold p\u00e5 kanadisk territorium med mindre passet knyttet til s\u00f8knaden ikke lenger er gyldig. I dette tilfellet m\u00e5 du fornye passet ditt og sende inn en ny eTA-s\u00f8knad.<\/p>\n\n<p>Du trenger ikke \u00e5 g\u00e5 til konsulatet eller ambassaden for \u00e5 s\u00f8ke om eTA. Det er fullt mulig \u00e5 <a href=\"https:\/\/ave-eta-canada.com\/no\/nar-skal-man-soke-om-eta-autorisasjon-for-canada\/\">be om en eTA<\/a> p\u00e5 den offisielle nettsiden til den kanadiske regjeringen, alt du trenger \u00e5 gj\u00f8re er \u00e5 fylle ut skjemaet. Men hvis du \u00f8nsker \u00e5 bli assistert i denne prosessen, tilbyr noen private nettsteder som partneren v\u00e5r \u00e5 utf\u00f8re denne oppgaven for deg.<\/p>\n\n<p>Uansett bestillingsmetode, mottar du en bekreftelse p\u00e5 mottak, eller til og med avtalen, innen f\u00e5 minutter. Kontrollen kan imidlertid ta lengre tid, men normalt vil den ikke ta mer enn noen f\u00e5 dager.<\/p>\n\n<p>Godt \u00e5 vite: eTA lar deg reise til Canada, men det er bare et pass som lar deg n\u00e5 kanadisk jord, du vil fortsatt m\u00e5tte g\u00e5 gjennom tollen f\u00f8r du drar, kunne nyte oppholdet fullt ut.<\/p>\n\n<p>Har du s\u00f8kt om en eTA ved <a href=\"https:\/\/ave-eta-canada.com\/no\/hvordan-fullfore-en-eta-for-a-reise-til-canada\/\">\u00e5 fylle ut nettskjemaet<\/a> som er gjort tilgjengelig p\u00e5 det offisielle nettstedet eller en privat plattform, og finner det ikke lenger? Vi forklarer hvordan du g\u00e5r frem for \u00e5 gjenopprette din eTA i neste avsnitt!<br\/><br\/><\/p>\n\n<h2 class=\"wp-block-heading\">Prosedyre for \u00e5 finne din eTA<\/h2>\n\n<p>Ditt eTA-dokument vil ikke bli forespurt av agenter p\u00e5 flyplassen. Faktisk er autorisasjonen din ganske enkelt knyttet til passnummeret ditt og registreres av de elektroniske systemene. Alt du trenger \u00e5 gj\u00f8re er \u00e5 fremvise gyldig pass n\u00e5r du sjekker inn f\u00f8r du flyr til Canada og n\u00e5r du g\u00e5r gjennom tollen.<\/p>\n\n<p>Likevel, hvis du \u00f8nsker \u00e5 sjekke f\u00f8r avreise at du har mottatt autorisasjonen, er det mulig \u00e5 se statusen p\u00e5 nettet. Enten du bestilte din eTA p\u00e5 partnerens plattform eller p\u00e5 nettstedet til regjeringen i Canada, forblir prosessen for \u00e5 finne den den samme. For \u00e5 gj\u00f8re dette, m\u00e5 du bes\u00f8ke den offisielle nettsiden. En side er dedikert til \u00e5 sjekke statusen til den elektroniske reiseautorisasjonen som lar deg hente eTA. Merk at denne samme siden lar deg <a href=\"https:\/\/ave-eta-canada.com\/no\/hvordan-sjekke-statusen-til-din-eta-canada-applikasjon\/\">sjekke statusen til din eTA<\/a> , n\u00e5r den venter.<\/p>\n\n<p>Flere felt m\u00e5 fylles ut, du m\u00e5 f\u00f8rst spesifisere at du er innehaver av en eTA og at du \u00f8nsker \u00e5 konsultere filen din for \u00e5 gjenopprette den. Du m\u00e5 da ta med eTA-nummeret ditt; sistnevnte ble sendt til deg p\u00e5 e-post. Du vil ogs\u00e5 bli bedt om passnummer, utstedelsesland samt utstedelsesdato og utl\u00f8psdato. N\u00e5r all informasjon er gitt, klikker du p\u00e5 &laquo;sjekk status for foresp\u00f8rselen din&raquo;.<\/p>\n\n<p>Her er du, du har nettopp funnet din eTA!<\/p>\n\n<p>For en tapt Canada eTA, skal s\u00f8keprosedyren ogs\u00e5 gj\u00f8res p\u00e5 den offisielle kanadiske regjeringens nettside. For mer informasjon, bes\u00f8k denne artikkelen. <\/p>\n\n<p>Vi \u00f8nsker deg en fantastisk tur til Canada!<\/p>\n","protected":false},"excerpt":{"rendered":"<p>Prosedyre for \u00e5 finne din Canada eTA Canada, dets overd\u00e5dige landskap, l\u00f8nnesirupen og sjarmerende byer tiltrekker seg mange turister hvert \u00e5r. For et opphold p\u00e5 mindre enn 6 m\u00e5neder i Canada : Du kan utf\u00f8re formalitetene for \u00e5 komme inn i Canada direkte via Internett ved \u00e5 klikke p\u00e5 nettskjemaet. Det er ikke n\u00f8dvendig \u00e5 [&hellip;]<\/p>\n","protected":false},"author":1,"featured_media":0,"parent":0,"menu_order":0,"comment_status":"closed","ping_status":"closed","template":"","meta":{"footnotes":""},"class_list":["post-4011","page","type-page","status-publish","hentry"],"yoast_head":"<!-- This site is optimized with the Yoast SEO plugin v26.9 - https:\/\/yoast.com\/product\/yoast-seo-wordpress\/ -->\n<title>Hvordan finne en eTA?<\/title>\n<meta name=\"description\" content=\"Har du s\u00f8kt om eTA og \u00f8nsker \u00e5 hente den? Ekspertene v\u00e5re forklarer hvordan du raskt finner din eTA.\" \/>\n<meta name=\"robots\" content=\"index, follow, max-snippet:-1, max-image-preview:large, max-video-preview:-1\" \/>\n<link rel=\"canonical\" href=\"https:\/\/ave-eta-canada.com\/no\/hvordan-finne-en-eta\/\" \/>\n<meta property=\"og:locale\" content=\"nb_NO\" \/>\n<meta property=\"og:type\" content=\"article\" \/>\n<meta property=\"og:title\" content=\"Hvordan finne en eTA?\" \/>\n<meta property=\"og:description\" content=\"Har du s\u00f8kt om eTA og \u00f8nsker \u00e5 hente den? Ekspertene v\u00e5re forklarer hvordan du raskt finner din eTA.\" \/>\n<meta property=\"og:url\" content=\"https:\/\/ave-eta-canada.com\/no\/hvordan-finne-en-eta\/\" \/>\n<meta property=\"og:site_name\" content=\"VISA CANADA\" \/>\n<meta property=\"article:modified_time\" content=\"2023-04-27T21:36:32+00:00\" \/>\n<meta name=\"twitter:card\" content=\"summary_large_image\" \/>\n<meta name=\"twitter:label1\" content=\"Ansl. lesetid\" \/>\n\t<meta name=\"twitter:data1\" content=\"3 minutter\" \/>\n<script type=\"application\/ld+json\" class=\"yoast-schema-graph\">{\"@context\":\"https:\/\/schema.org\",\"@graph\":[{\"@type\":\"WebPage\",\"@id\":\"https:\/\/ave-eta-canada.com\/no\/hvordan-finne-en-eta\/\",\"url\":\"https:\/\/ave-eta-canada.com\/no\/hvordan-finne-en-eta\/\",\"name\":\"Hvordan finne en eTA?\",\"isPartOf\":{\"@id\":\"https:\/\/ave-eta-canada.com\/no\/#website\"},\"datePublished\":\"2023-04-18T14:41:22+00:00\",\"dateModified\":\"2023-04-27T21:36:32+00:00\",\"description\":\"Har du s\u00f8kt om eTA og \u00f8nsker \u00e5 hente den? Ekspertene v\u00e5re forklarer hvordan du raskt finner din eTA.\",\"breadcrumb\":{\"@id\":\"https:\/\/ave-eta-canada.com\/no\/hvordan-finne-en-eta\/#breadcrumb\"},\"inLanguage\":\"nb-NO\",\"potentialAction\":[{\"@type\":\"ReadAction\",\"target\":[\"https:\/\/ave-eta-canada.com\/no\/hvordan-finne-en-eta\/\"]}]},{\"@type\":\"BreadcrumbList\",\"@id\":\"https:\/\/ave-eta-canada.com\/no\/hvordan-finne-en-eta\/#breadcrumb\",\"itemListElement\":[{\"@type\":\"ListItem\",\"position\":1,\"name\":\"Home\",\"item\":\"https:\/\/ave-eta-canada.com\/no\/\"},{\"@type\":\"ListItem\",\"position\":2,\"name\":\"Hvordan finne en eTA?\"}]},{\"@type\":\"WebSite\",\"@id\":\"https:\/\/ave-eta-canada.com\/no\/#website\",\"url\":\"https:\/\/ave-eta-canada.com\/no\/\",\"name\":\"VISA CANADA\",\"description\":\"Autorisation Voyage Electronique\",\"potentialAction\":[{\"@type\":\"SearchAction\",\"target\":{\"@type\":\"EntryPoint\",\"urlTemplate\":\"https:\/\/ave-eta-canada.com\/no\/?s={search_term_string}\"},\"query-input\":{\"@type\":\"PropertyValueSpecification\",\"valueRequired\":true,\"valueName\":\"search_term_string\"}}],\"inLanguage\":\"nb-NO\"}]}<\/script>\n<!-- \/ Yoast SEO plugin. -->","yoast_head_json":{"title":"Hvordan finne en eTA?","description":"Har du s\u00f8kt om eTA og \u00f8nsker \u00e5 hente den? Ekspertene v\u00e5re forklarer hvordan du raskt finner din eTA.","robots":{"index":"index","follow":"follow","max-snippet":"max-snippet:-1","max-image-preview":"max-image-preview:large","max-video-preview":"max-video-preview:-1"},"canonical":"https:\/\/ave-eta-canada.com\/no\/hvordan-finne-en-eta\/","og_locale":"nb_NO","og_type":"article","og_title":"Hvordan finne en eTA?","og_description":"Har du s\u00f8kt om eTA og \u00f8nsker \u00e5 hente den? Ekspertene v\u00e5re forklarer hvordan du raskt finner din eTA.","og_url":"https:\/\/ave-eta-canada.com\/no\/hvordan-finne-en-eta\/","og_site_name":"VISA CANADA","article_modified_time":"2023-04-27T21:36:32+00:00","twitter_card":"summary_large_image","twitter_misc":{"Ansl. lesetid":"3 minutter"},"schema":{"@context":"https:\/\/schema.org","@graph":[{"@type":"WebPage","@id":"https:\/\/ave-eta-canada.com\/no\/hvordan-finne-en-eta\/","url":"https:\/\/ave-eta-canada.com\/no\/hvordan-finne-en-eta\/","name":"Hvordan finne en eTA?","isPartOf":{"@id":"https:\/\/ave-eta-canada.com\/no\/#website"},"datePublished":"2023-04-18T14:41:22+00:00","dateModified":"2023-04-27T21:36:32+00:00","description":"Har du s\u00f8kt om eTA og \u00f8nsker \u00e5 hente den? Ekspertene v\u00e5re forklarer hvordan du raskt finner din eTA.","breadcrumb":{"@id":"https:\/\/ave-eta-canada.com\/no\/hvordan-finne-en-eta\/#breadcrumb"},"inLanguage":"nb-NO","potentialAction":[{"@type":"ReadAction","target":["https:\/\/ave-eta-canada.com\/no\/hvordan-finne-en-eta\/"]}]},{"@type":"BreadcrumbList","@id":"https:\/\/ave-eta-canada.com\/no\/hvordan-finne-en-eta\/#breadcrumb","itemListElement":[{"@type":"ListItem","position":1,"name":"Home","item":"https:\/\/ave-eta-canada.com\/no\/"},{"@type":"ListItem","position":2,"name":"Hvordan finne en eTA?"}]},{"@type":"WebSite","@id":"https:\/\/ave-eta-canada.com\/no\/#website","url":"https:\/\/ave-eta-canada.com\/no\/","name":"VISA CANADA","description":"Autorisation Voyage Electronique","potentialAction":[{"@type":"SearchAction","target":{"@type":"EntryPoint","urlTemplate":"https:\/\/ave-eta-canada.com\/no\/?s={search_term_string}"},"query-input":{"@type":"PropertyValueSpecification","valueRequired":true,"valueName":"search_term_string"}}],"inLanguage":"nb-NO"}]}},"_links":{"self":[{"href":"https:\/\/ave-eta-canada.com\/no\/wp-json\/wp\/v2\/pages\/4011","targetHints":{"allow":["GET"]}}],"collection":[{"href":"https:\/\/ave-eta-canada.com\/no\/wp-json\/wp\/v2\/pages"}],"about":[{"href":"https:\/\/ave-eta-canada.com\/no\/wp-json\/wp\/v2\/types\/page"}],"author":[{"embeddable":true,"href":"https:\/\/ave-eta-canada.com\/no\/wp-json\/wp\/v2\/users\/1"}],"replies":[{"embeddable":true,"href":"https:\/\/ave-eta-canada.com\/no\/wp-json\/wp\/v2\/comments?post=4011"}],"version-history":[{"count":0,"href":"https:\/\/ave-eta-canada.com\/no\/wp-json\/wp\/v2\/pages\/4011\/revisions"}],"wp:attachment":[{"href":"https:\/\/ave-eta-canada.com\/no\/wp-json\/wp\/v2\/media?parent=4011"}],"curies":[{"name":"wp","href":"https:\/\/api.w.org\/{rel}","templated":true}]}}