{"id":4013,"date":"2023-04-18T14:41:22","date_gmt":"2023-04-18T14:41:22","guid":{"rendered":"https:\/\/ave-eta-canada.com\/hvordan-finne-et-tapt-canada-ave\/"},"modified":"2023-04-27T21:40:51","modified_gmt":"2023-04-27T21:40:51","slug":"hvordan-finne-et-tapt-canada-eta","status":"publish","type":"page","link":"https:\/\/ave-eta-canada.com\/no\/hvordan-finne-et-tapt-canada-eta\/","title":{"rendered":"Hvordan finner jeg en tapt Canada eTA?"},"content":{"rendered":"\n<h1 class=\"wp-block-heading\">Finn en tapt Canada eTA<\/h1>\n\n<p>Natur, store \u00e5pne omr\u00e5der og en varm velkomst, Canada er et land med mange ressurser. I likhet med ESTA for reiser til USA, krever et bes\u00f8k til Canada en reiseautorisasjon som lar deg reise til landet i det fjerne nord.<\/p>\n\n<p><strong>For et opphold p\u00e5 mindre enn 6 m\u00e5neder i Canada<\/strong> : Du kan utf\u00f8re formalitetene for \u00e5 komme inn i Canada direkte via Internett ved \u00e5 klikke p\u00e5 <a href=\"https:\/\/ave-eta-canada.com\/no\/canada-eta-skjema-online\/\">nettskjemaet<\/a>. Det er ikke n\u00f8dvendig \u00e5 f\u00e5 time ved den kanadiske ambassaden eller konsulatet.<\/p>\n\n<p>Hvis du har f\u00e5tt din Canada eTA Electronic Travel Authorization, men du ikke lenger har bevis p\u00e5 det, ikke f\u00e5 panikk. Vi vil vise deg den n\u00f8dvendige prosedyren for \u00e5 finne din tapte Canada eTA.<\/p>\n\n<h2 class=\"wp-block-heading\">Prosedyre for \u00e5 gjenopprette den tapte elektroniske reiseautorisasjonen<\/h2>\n\n<p>eTA Canada, eller elektronisk reiseautorisasjon, er et offisielt dokument som lar deg reise til Canada uten kanadisk visum. Sammenlignet med ESTA USA har eTA en lengre gyldighetsdato og lengre oppholdstillatelsestid. Canadas eTA er faktisk gyldig i 5 \u00e5r fra utstedelsesdagen og tillater en maksimal <a href=\"https:\/\/ave-eta-canada.com\/no\/eta-canada-gyldig-varighet\/\">reisetid<\/a> p\u00e5 6 m\u00e5neder p\u00e5 kanadiske land. <\/p>\n\n<p>N\u00e5r eTA-s\u00f8knaden din er validert, vil du motta en mottaksbekreftelse fra IRCC (Immigration, Refugees and Citizenship Canada) p\u00e5 adressen du oppga, senest 72 timer etter at nettskjemaet er sendt. I denne e-posten vil du motta et s\u00f8knadsnummer som skal brukes til \u00e5 finne din tapte elektroniske reiseautorisasjon. Svaret p\u00e5 foresp\u00f8rselen din kan ta noen minutter eller noen dager.<\/p>\n\n<p>Takket v\u00e6re elektroniske systemer er passnummeret ditt direkte knyttet til nummeret p\u00e5 din tapte Canada eTA, mottatt i mottaksbekreftelsen. Som et resultat vil du verken trenge den trykte versjonen av autorisasjonen din for \u00e5 reise til Canada eller finne din <a href=\"https:\/\/ave-eta-canada.com\/no\/hvordan-finne-et-tapt-canada-eta\/\">tapte Canada eTA<\/a>, fordi den faktisk aldri g\u00e5r tapt! Din eTA-autorisasjon er fortsatt lagret p\u00e5 den kanadiske regjeringens nettsted.<\/p>\n\n<p>Under identitetskontrollen, n\u00e5r du passerer gjennom tollen, vil immigrasjonsoffiseren be deg om \u00e5 fremvise ditt gyldige pass (som dekker hele varigheten av reisen). Gjennom passet ditt vil den finne din eTA siden den er elektronisk koblet til den. Agenten kan be deg om andre dokumenter som billetten din (retur- eller viderebillett til din endelige destinasjon). N\u00e5r det gjelder reisen til et mindre\u00e5rig barn som reiser alene, m\u00e5 barnet fremvise passet sitt, en kopi av f\u00f8dselsattesten og et brev med foreldreautorisasjon (adresser og telefonnumre til foreldrene og den ansvarlige for barnet i Canada).<\/p>\n\n<p>Her er noen reisetips f\u00f8r du reiser:<\/p>\n\n<ul class=\"wp-block-list\"><li>sjekke gyldigheten til ditt elektroniske eller biometriske pass (det m\u00e5 ikke n\u00e5 utl\u00f8psdatoen under reisen);<\/li><li>sjekk at personopplysningene som er angitt i passet ikke er endret etter innhenting av eTA (adresse, etternavn, fornavn osv.).<\/li><\/ul>\n\n<p>Hvis ett av disse to elementene ikke blir respektert, ikke ta risikoen og forny passet ditt og deretter s\u00f8ke om en ny eTA-autorisasjon.<\/p>\n\n<h3 class=\"wp-block-heading\">Jeg har ikke mottatt en bekreftelses-e-post<\/h3>\n\n<p>Etter \u00e5 ha sendt eTA-s\u00f8knadsskjemaet ditt, b\u00f8r du motta to e-poster: en mottaksbekreftelse og svaret p\u00e5 eTA-s\u00f8knaden din.<\/p>\n\n<p>Hvis du ikke har mottatt e-postbekreftelsen din som bekrefter mottak av s\u00f8knaden din innen 72 timer, m\u00e5 du fylle ut et skjema p\u00e5 den kanadiske regjeringens nettside, kalt IRCC-nettskjemaet. Merk at det vil ta flere dager \u00e5 f\u00e5 svar p\u00e5 foresp\u00f8rselen din.<\/p>\n\n<p>S\u00f8rg ogs\u00e5 for \u00e5 sjekke s\u00f8ppelposten din, siden noen filtre kan blokkere IRCC-e-poster. Dette er desto viktigere siden det ogs\u00e5 er p\u00e5 e-post du vil motta svaret ditt. Tre scenarier er mulig:<\/p>\n\n<ul class=\"wp-block-list\"><li>godkjenning, er foresp\u00f8rselen din validert. E-posten inneholder eTA-nummeret ditt, utl\u00f8psdatoen og nummeret p\u00e5 passet det gjelder.<\/li><li>be om ytterligere informasjon. Alle instruksjoner vil bli oppf\u00f8rt i e-posten. Merk at du kanskje m\u00e5 sende inn s\u00f8knaden din til den kanadiske ambassaden under et intervju med en konsul\u00e6r offiser;<\/li><li>kanadiske myndigheter var ikke i stand til \u00e5 etterkomme foresp\u00f8rselen din. Det kan s\u00f8kes om visum til konsul\u00e6re tjenester.<br\/><br\/><\/li><\/ul>\n\n<h2 class=\"wp-block-heading\">Hvordan sjekker jeg eTA-applikasjonen min?<\/h2>\n\n<p>Hvis du \u00f8nsker \u00e5 finne din tapte elektroniske reiseautorisasjon for \u00e5 <a href=\"https:\/\/ave-eta-canada.com\/no\/hvordan-sjekke-statusen-til-din-eta-canada-applikasjon\/\">sjekke statusen til eTA<\/a> eller dens gyldighet, g\u00e5r du ganske enkelt til det private nettstedet du gikk gjennom (og g\u00e5 til ditt personlige omr\u00e5de) eller til den kanadiske regjeringens nettsted.<\/p>\n\n<p>For \u00e5 finne en tapt Canada eTA p\u00e5 den offisielle nettsiden, trenger du:<\/p>\n\n<ul class=\"wp-block-list\"><li>spesifisere at du er en eTA-innehaver og at du \u00f8nsker \u00e5 se din tapte elektroniske reiseautorisasjonsfil;<\/li><li>skriv inn eTA-nummeret som tidligere ble sendt til deg via e-post;<\/li><li>skriv inn passnummer, utstedelsesdato og utl\u00f8psdato;<\/li><li>utstedelseslandet ditt;<\/li><li>klikk p\u00e5 &laquo;sjekk statusen til foresp\u00f8rselen din&raquo;;<\/li><li>Der du g\u00e5r, har du funnet din tapte Canada eTA!<\/li><\/ul>\n\n<p>Dette verifiseringsverkt\u00f8yet fungerer bare for personer som har s\u00f8kt om en eTA for et turistopphold, en forretningsreise eller en transittreise, samt de som har m\u00e5ttet fornye passet etter \u00e5 ha mottatt et introduksjonsbrev for en IEC (International Experience Canada) ). Verkt\u00f8yet er imidlertid ikke nyttig for reisende som har f\u00e5tt sin eTA automatisk sammen med introduksjonsbrevet for en arbeids-, praksis- eller studietillatelse.<br\/><br\/><\/p>\n\n<h2 class=\"wp-block-heading\">B\u00f8r jeg skrive ut eTA-s\u00f8knaden min?<\/h2>\n\n<p>Det er ikke n\u00f8dvendig \u00e5 skrive ut din eTA, den er elektronisk koblet til passet ditt. For \u00e5 fremvise eTA-autorisasjonen m\u00e5 du med andre ord reise med passet du brukte under s\u00f8knaden. <\/p>\n\n<p>Til slutt, husk at eTA-autorisasjonen ikke er en autorisasjon for \u00e5 reise inn p\u00e5 kanadisk territorium, men en reiseautorisasjon. Det vil si at den gir deg tillatelse til \u00e5 ankomme med fly til Canada. Etter landing er det bare kanadiske tollvesen som kan bed\u00f8mme om du er tillatt.<\/p>\n\n<p>For mer informasjon om eTA-autorisasjonen gir vi deg en avtale p\u00e5 v\u00e5r <a href=\"https:\/\/ave-eta-canada.com\/no\/faq-eta-canada-svarene-pa-dine-sporsmal\/\">FAQ<\/a>.<\/p>\n","protected":false},"excerpt":{"rendered":"<p>Finn en tapt Canada eTA Natur, store \u00e5pne omr\u00e5der og en varm velkomst, Canada er et land med mange ressurser. I likhet med ESTA for reiser til USA, krever et bes\u00f8k til Canada en reiseautorisasjon som lar deg reise til landet i det fjerne nord. For et opphold p\u00e5 mindre enn 6 m\u00e5neder i Canada [&hellip;]<\/p>\n","protected":false},"author":1,"featured_media":0,"parent":0,"menu_order":0,"comment_status":"closed","ping_status":"closed","template":"","meta":{"footnotes":""},"class_list":["post-4013","page","type-page","status-publish","hentry"],"yoast_head":"<!-- This site is optimized with the Yoast SEO plugin v26.9 - https:\/\/yoast.com\/product\/yoast-seo-wordpress\/ -->\n<title>Hvordan finner jeg en tapt Canada eTA?<\/title>\n<meta name=\"description\" content=\"Du hadde innsett og f\u00e5tt tak i eTA Canada bortsett fra at det er umulig for deg \u00e5 f\u00e5 tak i den? Finn fremgangsm\u00e5ten du skal f\u00f8lge i denne artikkelen.\" \/>\n<meta name=\"robots\" content=\"index, follow, max-snippet:-1, max-image-preview:large, max-video-preview:-1\" \/>\n<link rel=\"canonical\" href=\"https:\/\/ave-eta-canada.com\/no\/hvordan-finne-et-tapt-canada-eta\/\" \/>\n<meta property=\"og:locale\" content=\"nb_NO\" \/>\n<meta property=\"og:type\" content=\"article\" \/>\n<meta property=\"og:title\" content=\"Hvordan finner jeg en tapt Canada eTA?\" \/>\n<meta property=\"og:description\" content=\"Du hadde innsett og f\u00e5tt tak i eTA Canada bortsett fra at det er umulig for deg \u00e5 f\u00e5 tak i den? Finn fremgangsm\u00e5ten du skal f\u00f8lge i denne artikkelen.\" \/>\n<meta property=\"og:url\" content=\"https:\/\/ave-eta-canada.com\/no\/hvordan-finne-et-tapt-canada-eta\/\" \/>\n<meta property=\"og:site_name\" content=\"VISA CANADA\" \/>\n<meta property=\"article:modified_time\" content=\"2023-04-27T21:40:51+00:00\" \/>\n<meta name=\"twitter:card\" content=\"summary_large_image\" \/>\n<meta name=\"twitter:label1\" content=\"Ansl. lesetid\" \/>\n\t<meta name=\"twitter:data1\" content=\"5 minutter\" \/>\n<script type=\"application\/ld+json\" class=\"yoast-schema-graph\">{\"@context\":\"https:\/\/schema.org\",\"@graph\":[{\"@type\":\"WebPage\",\"@id\":\"https:\/\/ave-eta-canada.com\/no\/hvordan-finne-et-tapt-canada-eta\/\",\"url\":\"https:\/\/ave-eta-canada.com\/no\/hvordan-finne-et-tapt-canada-eta\/\",\"name\":\"Hvordan finner jeg en tapt Canada eTA?\",\"isPartOf\":{\"@id\":\"https:\/\/ave-eta-canada.com\/no\/#website\"},\"datePublished\":\"2023-04-18T14:41:22+00:00\",\"dateModified\":\"2023-04-27T21:40:51+00:00\",\"description\":\"Du hadde innsett og f\u00e5tt tak i eTA Canada bortsett fra at det er umulig for deg \u00e5 f\u00e5 tak i den? Finn fremgangsm\u00e5ten du skal f\u00f8lge i denne artikkelen.\",\"breadcrumb\":{\"@id\":\"https:\/\/ave-eta-canada.com\/no\/hvordan-finne-et-tapt-canada-eta\/#breadcrumb\"},\"inLanguage\":\"nb-NO\",\"potentialAction\":[{\"@type\":\"ReadAction\",\"target\":[\"https:\/\/ave-eta-canada.com\/no\/hvordan-finne-et-tapt-canada-eta\/\"]}]},{\"@type\":\"BreadcrumbList\",\"@id\":\"https:\/\/ave-eta-canada.com\/no\/hvordan-finne-et-tapt-canada-eta\/#breadcrumb\",\"itemListElement\":[{\"@type\":\"ListItem\",\"position\":1,\"name\":\"Home\",\"item\":\"https:\/\/ave-eta-canada.com\/no\/\"},{\"@type\":\"ListItem\",\"position\":2,\"name\":\"Hvordan finner jeg en tapt Canada eTA?\"}]},{\"@type\":\"WebSite\",\"@id\":\"https:\/\/ave-eta-canada.com\/no\/#website\",\"url\":\"https:\/\/ave-eta-canada.com\/no\/\",\"name\":\"VISA CANADA\",\"description\":\"Autorisation Voyage Electronique\",\"potentialAction\":[{\"@type\":\"SearchAction\",\"target\":{\"@type\":\"EntryPoint\",\"urlTemplate\":\"https:\/\/ave-eta-canada.com\/no\/?s={search_term_string}\"},\"query-input\":{\"@type\":\"PropertyValueSpecification\",\"valueRequired\":true,\"valueName\":\"search_term_string\"}}],\"inLanguage\":\"nb-NO\"}]}<\/script>\n<!-- \/ Yoast SEO plugin. -->","yoast_head_json":{"title":"Hvordan finner jeg en tapt Canada eTA?","description":"Du hadde innsett og f\u00e5tt tak i eTA Canada bortsett fra at det er umulig for deg \u00e5 f\u00e5 tak i den? Finn fremgangsm\u00e5ten du skal f\u00f8lge i denne artikkelen.","robots":{"index":"index","follow":"follow","max-snippet":"max-snippet:-1","max-image-preview":"max-image-preview:large","max-video-preview":"max-video-preview:-1"},"canonical":"https:\/\/ave-eta-canada.com\/no\/hvordan-finne-et-tapt-canada-eta\/","og_locale":"nb_NO","og_type":"article","og_title":"Hvordan finner jeg en tapt Canada eTA?","og_description":"Du hadde innsett og f\u00e5tt tak i eTA Canada bortsett fra at det er umulig for deg \u00e5 f\u00e5 tak i den? Finn fremgangsm\u00e5ten du skal f\u00f8lge i denne artikkelen.","og_url":"https:\/\/ave-eta-canada.com\/no\/hvordan-finne-et-tapt-canada-eta\/","og_site_name":"VISA CANADA","article_modified_time":"2023-04-27T21:40:51+00:00","twitter_card":"summary_large_image","twitter_misc":{"Ansl. lesetid":"5 minutter"},"schema":{"@context":"https:\/\/schema.org","@graph":[{"@type":"WebPage","@id":"https:\/\/ave-eta-canada.com\/no\/hvordan-finne-et-tapt-canada-eta\/","url":"https:\/\/ave-eta-canada.com\/no\/hvordan-finne-et-tapt-canada-eta\/","name":"Hvordan finner jeg en tapt Canada eTA?","isPartOf":{"@id":"https:\/\/ave-eta-canada.com\/no\/#website"},"datePublished":"2023-04-18T14:41:22+00:00","dateModified":"2023-04-27T21:40:51+00:00","description":"Du hadde innsett og f\u00e5tt tak i eTA Canada bortsett fra at det er umulig for deg \u00e5 f\u00e5 tak i den? Finn fremgangsm\u00e5ten du skal f\u00f8lge i denne artikkelen.","breadcrumb":{"@id":"https:\/\/ave-eta-canada.com\/no\/hvordan-finne-et-tapt-canada-eta\/#breadcrumb"},"inLanguage":"nb-NO","potentialAction":[{"@type":"ReadAction","target":["https:\/\/ave-eta-canada.com\/no\/hvordan-finne-et-tapt-canada-eta\/"]}]},{"@type":"BreadcrumbList","@id":"https:\/\/ave-eta-canada.com\/no\/hvordan-finne-et-tapt-canada-eta\/#breadcrumb","itemListElement":[{"@type":"ListItem","position":1,"name":"Home","item":"https:\/\/ave-eta-canada.com\/no\/"},{"@type":"ListItem","position":2,"name":"Hvordan finner jeg en tapt Canada eTA?"}]},{"@type":"WebSite","@id":"https:\/\/ave-eta-canada.com\/no\/#website","url":"https:\/\/ave-eta-canada.com\/no\/","name":"VISA CANADA","description":"Autorisation Voyage Electronique","potentialAction":[{"@type":"SearchAction","target":{"@type":"EntryPoint","urlTemplate":"https:\/\/ave-eta-canada.com\/no\/?s={search_term_string}"},"query-input":{"@type":"PropertyValueSpecification","valueRequired":true,"valueName":"search_term_string"}}],"inLanguage":"nb-NO"}]}},"_links":{"self":[{"href":"https:\/\/ave-eta-canada.com\/no\/wp-json\/wp\/v2\/pages\/4013","targetHints":{"allow":["GET"]}}],"collection":[{"href":"https:\/\/ave-eta-canada.com\/no\/wp-json\/wp\/v2\/pages"}],"about":[{"href":"https:\/\/ave-eta-canada.com\/no\/wp-json\/wp\/v2\/types\/page"}],"author":[{"embeddable":true,"href":"https:\/\/ave-eta-canada.com\/no\/wp-json\/wp\/v2\/users\/1"}],"replies":[{"embeddable":true,"href":"https:\/\/ave-eta-canada.com\/no\/wp-json\/wp\/v2\/comments?post=4013"}],"version-history":[{"count":0,"href":"https:\/\/ave-eta-canada.com\/no\/wp-json\/wp\/v2\/pages\/4013\/revisions"}],"wp:attachment":[{"href":"https:\/\/ave-eta-canada.com\/no\/wp-json\/wp\/v2\/media?parent=4013"}],"curies":[{"name":"wp","href":"https:\/\/api.w.org\/{rel}","templated":true}]}}