{"id":4026,"date":"2023-04-18T14:41:23","date_gmt":"2023-04-18T14:41:23","guid":{"rendered":"https:\/\/ave-eta-canada.com\/gyldigheten-av-lava-canada-2\/"},"modified":"2023-04-29T10:29:20","modified_gmt":"2023-04-29T10:29:20","slug":"gyldigheten-av-canada-eta-2","status":"publish","type":"page","link":"https:\/\/ave-eta-canada.com\/no\/gyldigheten-av-canada-eta-2\/","title":{"rendered":"Gyldigheten av Canada eTA"},"content":{"rendered":"\n<h1 class=\"wp-block-heading\">Hva er gyldigheten av Canadas eTA?<\/h1>\n\n<p>For \u00e5 reise til Canada kreves en elektronisk reiseautorisasjon. Denne autorisasjonen utstedes via Internett p\u00e5 samme m\u00e5te som en ESTA-foresp\u00f8rsel for USA.<\/p>\n\n<p><strong>For et opphold p\u00e5 mindre enn 6 m\u00e5neder i Canada<\/strong> : Du kan utf\u00f8re formalitetene for \u00e5 komme inn i Canada direkte via Internett ved \u00e5 klikke p\u00e5 <a href=\"https:\/\/ave-eta-canada.com\/no\/canada-eta-skjema-online\/\">nettskjemaet<\/a>. Det er ikke n\u00f8dvendig \u00e5 f\u00e5 time ved den kanadiske ambassaden eller konsulatet.<\/p>\n\n<p>Nedenfor presenterer vi informasjonselementene om gyldighetsperioden til eTA.<br\/><\/p>\n\n<h2 class=\"wp-block-heading\">Hvordan sjekker jeg gyldigheten av en Canada eTA?<\/h2>\n\n<p>Canada eTA, for elektronisk reiseautorisasjon, er et offisielt elektronisk dokument innhentet etter en elektronisk foresp\u00f8rsel fra den kanadiske regjeringens nettsted. Det er med andre ord ikke n\u00f8dvendig \u00e5 g\u00e5 til den kanadiske ambassaden, eller til konsulatet hvis det er aktuelt, for \u00e5 f\u00e5 denne autorisasjonen. Bare IRCC (Immigration, Refugees, Canadian Citizenship) er autorisert til \u00e5 utstede en eTA til statsborgere fra land som er fritatt fra kanadiske visum (inkludert nosk statsborgere) som oppfyller <a href=\"https:\/\/ave-eta-canada.com\/no\/alt-vet-om-av-betingelser-for-reise-i-canada\/\">kvalifikasjonsvilk\u00e5rene<\/a>.<\/p>\n\n<p>Det faktum at bare Canadas regjering har rett til \u00e5 utstede en reisetillatelse, p\u00e5tvinger ikke en foresp\u00f8rsel p\u00e5 det offisielle nettstedet. Det er fullt mulig \u00e5 oppfordre en privat organisasjon, for eksempel v\u00e5r partner, til \u00e5 s\u00f8ke om en eTA. I motsetning til departementets nettsider tilbyr en privat organisasjon deg personlig assistanse ved behov. Gyldigheten av Canada eTA blir overhodet ikke satt i tvil hvis den er oppn\u00e5dd via et privat nettsted.<\/p>\n\n<p>Gyldigheten til Canada eTA avhenger av passet den er knyttet til. Selvf\u00f8lgelig er det kun et gyldig pass som anerkjennes (Reiser\u00e5d: det anbefales \u00e5 ha en gjenst\u00e5ende gyldighetsperiode p\u00e5 seks m\u00e5neder). Ved nytt pass eller endring av dataene til sistnevnte m\u00e5 en ny foresp\u00f8rsel sendes til kanadiske myndigheter. Vi minner deg om at for \u00e5 fylle ut Canada eTA-skjemaet, m\u00e5 du skrive inn passnummer, etternavn og fornavn til innehaveren, f\u00f8dselsdato og f\u00f8dselssted, kj\u00f8nn, utstedelsesdato og utl\u00f8psdato. En modifikasjon av disse dataene gj\u00f8r eTA ugyldig.<\/p>\n\n<p>Siden autorisasjonsforesp\u00f8rselen ogs\u00e5 er basert p\u00e5 4 sp\u00f8rsm\u00e5l ang\u00e5ende den reisendes situasjon, avhenger gyldigheten av Canadas eTA av utviklingen av situasjonen. Ved for eksempel en ny ubehandlet sykdom eller et nytt straffbart forhold, er eTA ikke lenger gyldig. Denne informasjonen er imidlertid vanskelig \u00e5 verifisere og avhenger derfor av den reisendes \u00e6rlighet.<\/p>\n\n<p>Det er ikke n\u00f8dvendig \u00e5 skrive ut autorisasjonen siden den er elektronisk. P\u00e5 den annen side er det obligatorisk \u00e5 innhente autorisasjonen f\u00f8r avreise. Gyldigheten av Canada eTA blir ikke kompromittert av frav\u00e6ret av en papirversjon. Grensetjenestevakten ber ikke om \u00e5 se eTA, men han vil sannsynligvis be om utreisebilletten og ethvert annet n\u00f8dvendig dokument som passer til situasjonen, spesielt i tilfelle et mindre\u00e5rig barn reiser med deg (for eksempel en f\u00f8dselsattest, kopi av skilsmisseattest osv.).<br\/><br\/><\/p>\n\n<h2 class=\"wp-block-heading\">Hvor lenge er Canadas eTA gyldig?<\/h2>\n\n<p>Det er ikke n\u00f8dvendig \u00e5 fylle ut <a href=\"https:\/\/ave-eta-canada.com\/no\/fyll-ut-av-skjemaet-for-canada\/\">skjemaet eTA online<\/a> for alle reiser til Canada: gyldighetsperioden for Canada eTA er 5 \u00e5r fra utstedelsesdatoen. Godkjenningen, akkurat som avslaget, kommuniseres veldig raskt via e-post n\u00e5r <a href=\"https:\/\/ave-eta-canada.com\/no\/eta-canada-dens-pris\/\">betalingen av 7 $ CAN<\/a> er utf\u00f8rt. En s\u00f8knad kan unntaksvis settes p\u00e5 vent av Canadas immigrasjonstjeneste dersom ytterligere st\u00f8ttedokumenter er n\u00f8dvendig. Uansett, kanadisk immigrasjon kontakter s\u00f8keren innen f\u00e5 dager. Mottaksbekreftelsen sendes til deg innen 72 timer. Ved avslag kan s\u00f8ker komme med en ny foresp\u00f8rsel dersom han mener at dette negative svaret skyldes en inntastingsfeil. Hvis det ikke er gjort noen feil, kan en visums\u00f8knad sendes til den kanadiske ambassaden. \u00c5 ikke v\u00e6re kvalifisert for eTA er faktisk ikke et hinder for \u00e5 f\u00e5 et kanadisk visum.<\/p>\n\n<p>Merk at <a href=\"https:\/\/ave-eta-canada.com\/no\/eta-canada-gyldig-varighet\/\">gyldighetsperioden til Canada eTA<\/a> avhenger av gyldigheten til passet som ble brukt p\u00e5 s\u00f8knadstidspunktet. Canadas regjering utsteder en eTA for opptil 5 \u00e5r forutsatt at passet ikke utl\u00f8per f\u00f8r. For eksempel, hvis et elektronisk eller biometrisk pass utl\u00f8per innen 3 \u00e5r etter en s\u00f8knad, er eTA gyldig i 3 \u00e5r. Det er ikke mulig \u00e5 overf\u00f8re de resterende to \u00e5rene til nytt pass.<\/p>\n\n<p>Den reisende kan gj\u00f8re s\u00e5 mange opphold han \u00f8nsker i l\u00f8pet av de 5 \u00e5rene av Canada eTA, forutsatt at hvert opphold ikke overstiger 6 m\u00e5neder. Her er det ikke snakk om \u00e5 v\u00e6re fastboende med eTA-autorisasjon, men bare om \u00e5 gj\u00f8re et turistopphold. Det skal ogs\u00e5 bemerkes at eTA bare kreves for innreise til kanadisk territorium med fly, inkludert transitt.<\/p>\n","protected":false},"excerpt":{"rendered":"<p>Hva er gyldigheten av Canadas eTA? For \u00e5 reise til Canada kreves en elektronisk reiseautorisasjon. Denne autorisasjonen utstedes via Internett p\u00e5 samme m\u00e5te som en ESTA-foresp\u00f8rsel for USA. For et opphold p\u00e5 mindre enn 6 m\u00e5neder i Canada : Du kan utf\u00f8re formalitetene for \u00e5 komme inn i Canada direkte via Internett ved \u00e5 klikke [&hellip;]<\/p>\n","protected":false},"author":1,"featured_media":0,"parent":0,"menu_order":0,"comment_status":"closed","ping_status":"closed","template":"","meta":{"footnotes":""},"class_list":["post-4026","page","type-page","status-publish","hentry"],"yoast_head":"<!-- This site is optimized with the Yoast SEO plugin v26.9 - https:\/\/yoast.com\/product\/yoast-seo-wordpress\/ -->\n<title>Gyldigheten av Canada eTA<\/title>\n<meta name=\"description\" content=\"Canada har innf\u00f8rt en elektronisk reiseautorisasjon eTA, som m\u00e5 innhentes f\u00f8r avreise. Hvor lenge er denne autorisasjonen gyldig?\" \/>\n<meta name=\"robots\" content=\"index, follow, max-snippet:-1, max-image-preview:large, max-video-preview:-1\" \/>\n<link rel=\"canonical\" href=\"https:\/\/ave-eta-canada.com\/no\/gyldigheten-av-canada-eta-2\/\" \/>\n<meta property=\"og:locale\" content=\"nb_NO\" \/>\n<meta property=\"og:type\" content=\"article\" \/>\n<meta property=\"og:title\" content=\"Gyldigheten av Canada eTA\" \/>\n<meta property=\"og:description\" content=\"Canada har innf\u00f8rt en elektronisk reiseautorisasjon eTA, som m\u00e5 innhentes f\u00f8r avreise. Hvor lenge er denne autorisasjonen gyldig?\" \/>\n<meta property=\"og:url\" content=\"https:\/\/ave-eta-canada.com\/no\/gyldigheten-av-canada-eta-2\/\" \/>\n<meta property=\"og:site_name\" content=\"VISA CANADA\" \/>\n<meta property=\"article:modified_time\" content=\"2023-04-29T10:29:20+00:00\" \/>\n<meta name=\"twitter:card\" content=\"summary_large_image\" \/>\n<meta name=\"twitter:label1\" content=\"Ansl. lesetid\" \/>\n\t<meta name=\"twitter:data1\" content=\"4 minutter\" \/>\n<script type=\"application\/ld+json\" class=\"yoast-schema-graph\">{\"@context\":\"https:\/\/schema.org\",\"@graph\":[{\"@type\":\"WebPage\",\"@id\":\"https:\/\/ave-eta-canada.com\/no\/gyldigheten-av-canada-eta-2\/\",\"url\":\"https:\/\/ave-eta-canada.com\/no\/gyldigheten-av-canada-eta-2\/\",\"name\":\"Gyldigheten av Canada eTA\",\"isPartOf\":{\"@id\":\"https:\/\/ave-eta-canada.com\/no\/#website\"},\"datePublished\":\"2023-04-18T14:41:23+00:00\",\"dateModified\":\"2023-04-29T10:29:20+00:00\",\"description\":\"Canada har innf\u00f8rt en elektronisk reiseautorisasjon eTA, som m\u00e5 innhentes f\u00f8r avreise. Hvor lenge er denne autorisasjonen gyldig?\",\"breadcrumb\":{\"@id\":\"https:\/\/ave-eta-canada.com\/no\/gyldigheten-av-canada-eta-2\/#breadcrumb\"},\"inLanguage\":\"nb-NO\",\"potentialAction\":[{\"@type\":\"ReadAction\",\"target\":[\"https:\/\/ave-eta-canada.com\/no\/gyldigheten-av-canada-eta-2\/\"]}]},{\"@type\":\"BreadcrumbList\",\"@id\":\"https:\/\/ave-eta-canada.com\/no\/gyldigheten-av-canada-eta-2\/#breadcrumb\",\"itemListElement\":[{\"@type\":\"ListItem\",\"position\":1,\"name\":\"Home\",\"item\":\"https:\/\/ave-eta-canada.com\/no\/\"},{\"@type\":\"ListItem\",\"position\":2,\"name\":\"Gyldigheten av Canada eTA\"}]},{\"@type\":\"WebSite\",\"@id\":\"https:\/\/ave-eta-canada.com\/no\/#website\",\"url\":\"https:\/\/ave-eta-canada.com\/no\/\",\"name\":\"VISA CANADA\",\"description\":\"Autorisation Voyage Electronique\",\"potentialAction\":[{\"@type\":\"SearchAction\",\"target\":{\"@type\":\"EntryPoint\",\"urlTemplate\":\"https:\/\/ave-eta-canada.com\/no\/?s={search_term_string}\"},\"query-input\":{\"@type\":\"PropertyValueSpecification\",\"valueRequired\":true,\"valueName\":\"search_term_string\"}}],\"inLanguage\":\"nb-NO\"}]}<\/script>\n<!-- \/ Yoast SEO plugin. -->","yoast_head_json":{"title":"Gyldigheten av Canada eTA","description":"Canada har innf\u00f8rt en elektronisk reiseautorisasjon eTA, som m\u00e5 innhentes f\u00f8r avreise. Hvor lenge er denne autorisasjonen gyldig?","robots":{"index":"index","follow":"follow","max-snippet":"max-snippet:-1","max-image-preview":"max-image-preview:large","max-video-preview":"max-video-preview:-1"},"canonical":"https:\/\/ave-eta-canada.com\/no\/gyldigheten-av-canada-eta-2\/","og_locale":"nb_NO","og_type":"article","og_title":"Gyldigheten av Canada eTA","og_description":"Canada har innf\u00f8rt en elektronisk reiseautorisasjon eTA, som m\u00e5 innhentes f\u00f8r avreise. Hvor lenge er denne autorisasjonen gyldig?","og_url":"https:\/\/ave-eta-canada.com\/no\/gyldigheten-av-canada-eta-2\/","og_site_name":"VISA CANADA","article_modified_time":"2023-04-29T10:29:20+00:00","twitter_card":"summary_large_image","twitter_misc":{"Ansl. lesetid":"4 minutter"},"schema":{"@context":"https:\/\/schema.org","@graph":[{"@type":"WebPage","@id":"https:\/\/ave-eta-canada.com\/no\/gyldigheten-av-canada-eta-2\/","url":"https:\/\/ave-eta-canada.com\/no\/gyldigheten-av-canada-eta-2\/","name":"Gyldigheten av Canada eTA","isPartOf":{"@id":"https:\/\/ave-eta-canada.com\/no\/#website"},"datePublished":"2023-04-18T14:41:23+00:00","dateModified":"2023-04-29T10:29:20+00:00","description":"Canada har innf\u00f8rt en elektronisk reiseautorisasjon eTA, som m\u00e5 innhentes f\u00f8r avreise. Hvor lenge er denne autorisasjonen gyldig?","breadcrumb":{"@id":"https:\/\/ave-eta-canada.com\/no\/gyldigheten-av-canada-eta-2\/#breadcrumb"},"inLanguage":"nb-NO","potentialAction":[{"@type":"ReadAction","target":["https:\/\/ave-eta-canada.com\/no\/gyldigheten-av-canada-eta-2\/"]}]},{"@type":"BreadcrumbList","@id":"https:\/\/ave-eta-canada.com\/no\/gyldigheten-av-canada-eta-2\/#breadcrumb","itemListElement":[{"@type":"ListItem","position":1,"name":"Home","item":"https:\/\/ave-eta-canada.com\/no\/"},{"@type":"ListItem","position":2,"name":"Gyldigheten av Canada eTA"}]},{"@type":"WebSite","@id":"https:\/\/ave-eta-canada.com\/no\/#website","url":"https:\/\/ave-eta-canada.com\/no\/","name":"VISA CANADA","description":"Autorisation Voyage Electronique","potentialAction":[{"@type":"SearchAction","target":{"@type":"EntryPoint","urlTemplate":"https:\/\/ave-eta-canada.com\/no\/?s={search_term_string}"},"query-input":{"@type":"PropertyValueSpecification","valueRequired":true,"valueName":"search_term_string"}}],"inLanguage":"nb-NO"}]}},"_links":{"self":[{"href":"https:\/\/ave-eta-canada.com\/no\/wp-json\/wp\/v2\/pages\/4026","targetHints":{"allow":["GET"]}}],"collection":[{"href":"https:\/\/ave-eta-canada.com\/no\/wp-json\/wp\/v2\/pages"}],"about":[{"href":"https:\/\/ave-eta-canada.com\/no\/wp-json\/wp\/v2\/types\/page"}],"author":[{"embeddable":true,"href":"https:\/\/ave-eta-canada.com\/no\/wp-json\/wp\/v2\/users\/1"}],"replies":[{"embeddable":true,"href":"https:\/\/ave-eta-canada.com\/no\/wp-json\/wp\/v2\/comments?post=4026"}],"version-history":[{"count":0,"href":"https:\/\/ave-eta-canada.com\/no\/wp-json\/wp\/v2\/pages\/4026\/revisions"}],"wp:attachment":[{"href":"https:\/\/ave-eta-canada.com\/no\/wp-json\/wp\/v2\/media?parent=4026"}],"curies":[{"name":"wp","href":"https:\/\/api.w.org\/{rel}","templated":true}]}}