{"id":4031,"date":"2023-04-18T14:41:23","date_gmt":"2023-04-18T14:41:23","guid":{"rendered":"https:\/\/ave-eta-canada.com\/visa-eller-ave-canada\/"},"modified":"2023-05-01T13:50:46","modified_gmt":"2023-05-01T13:50:46","slug":"visa-eller-eta-canada","status":"publish","type":"page","link":"https:\/\/ave-eta-canada.com\/no\/visa-eller-eta-canada\/","title":{"rendered":"Visa eller eTA Canada?"},"content":{"rendered":"\n<h1 class=\"wp-block-heading\">B\u00f8r jeg s\u00f8ke om Canada-visum eller eTA?<\/h1>\n\n<p>M\u00e5 du s\u00f8ke om visum eller eTA Canada n\u00e5r du skal til Canada? \u00c5 velge riktig reisetillatelse er et viktig skritt i forberedelsene til reisen til Canada, da det vil avgj\u00f8re om du kan g\u00e5 inn i kanadisk territorium eller ikke.<\/p>\n\n<p><strong>For et opphold p\u00e5 mindre enn 6 m\u00e5neder i Canada<\/strong> : Du kan utf\u00f8re formalitetene for \u00e5 komme inn i Canada direkte via Internett ved \u00e5 klikke p\u00e5 <a href=\"https:\/\/ave-eta-canada.com\/no\/canada-eta-skjema-online\/\">nettskjemaet<\/a>. Det er ikke n\u00f8dvendig \u00e5 f\u00e5 time ved den kanadiske ambassaden eller konsulatet.<\/p>\n\n<p>Mellom gyldig pass \u00e5 anskaffe, reiseforsikring til bestilling, overnatting og transport, er det mange administrative prosedyrer som m\u00e5 gjennomf\u00f8res f\u00f8r avreise. I denne artikkelen vil vi skille vilk\u00e5rene for \u00e5 f\u00e5 en kanadisk visums\u00f8knad og Canada eTA for \u00e5 finne ut hvilket dokument som er mest passende for oppholdet ditt.<br\/><\/p>\n\n<h2 class=\"wp-block-heading\">eTA-s\u00f8knad eller visums\u00f8knad?<\/h2>\n\n<p>F\u00f8r du <a href=\"https:\/\/ave-eta-canada.com\/no\/er-et-visum-nodvendig-for-a-ga-til-canada\/\">s\u00f8ker om visum eller eTA Canada<\/a>, er det bedre \u00e5 finne ut om emnet.<\/p>\n\n<h3 class=\"wp-block-heading\">Presentasjon av eTA<\/h3>\n\n<p>Canada eTA er en elektronisk reiseautorisasjon som kan f\u00e5s for kvalifiserte personer som \u00f8nsker \u00e5 foreta et turist-, forretningsopphold (uten vederlag) eller en transitt i Canada i en periode p\u00e5 maksimalt seks m\u00e5neder. Canada eTA er kun n\u00f8dvendig for flyreiser og har en <a href=\"https:\/\/ave-eta-canada.com\/no\/eta-canada-gyldig-varighet\/\">maksimal gyldighet p\u00e5 5 \u00e5r<\/a>.<\/p>\n\n<p><a href=\"https:\/\/ave-eta-canada.com\/no\/\">Canada eTA<\/a> er et dokument som kun er tilgjengelig online. For \u00e5 sende inn en foresp\u00f8rsel, m\u00e5 du fylle ut skjemaet enten p\u00e5 myndighetenes nettsted eller gjennom et privat selskap som vil gj\u00f8re de administrative prosedyrene for deg, og vil verifisere alle dataene som er lagt inn for \u00e5 redusere risikoen for at foresp\u00f8rselen din blir avvist eTA. eTA-autorisasjonen er direkte knyttet til passet ditt, det vil si at ved nytt pass m\u00e5 du s\u00f8ke om eTA Canada p\u00e5 nytt.<\/p>\n\n<h3 class=\"wp-block-heading\">Presentasjon av Canada-visumet<\/h3>\n\n<p>For personer som \u00f8nsker \u00e5 studere i Canada, jobbe eller gj\u00f8re et internship, vil det v\u00e6re n\u00f8dvendig \u00e5 s\u00f8ke om et kanadisk visum. Visums\u00f8knaden gj\u00f8res ved den kanadiske ambassaden og avhenger av oppholdets art:<\/p>\n\n<ul class=\"wp-block-list\"><li>bes\u00f8ksvisum (eller turistvisum);<\/li><li>studentvisum;<\/li><li>arbeidslisens ;<\/li><li>midlertidig oppholdstillatelse;<\/li><li><a href=\"https:\/\/ave-eta-canada.com\/no\/pvt-canada-hvordan-fa-din-arbeidsferie-tillatelse\/\">arbeidsferietillatelse eller WHP<\/a><\/li><\/ul>\n\n<p>Det er derfor mulig \u00e5 jobbe eller studere i Canada med visum. Imidlertid er denne typen visum ikke lett \u00e5 f\u00e5, og s\u00f8knaden deres m\u00e5 v\u00e6re godt forberedt (jobbtilbud om arbeid i Canada, skoleregistrering og akseptbrev, etc.).<\/p>\n\n<p>Et bes\u00f8ksvisum erstatter eTA for statsborgere fra land som ikke har rett til sistnevnte. men ogs\u00e5 for visse borgere som \u00f8nsker \u00e5 reise til Canada p\u00e5 land eller sj\u00f8. Merk at hvis du \u00f8nsker \u00e5 reise til Canada over land, trenger du ikke \u00e5 s\u00f8ke om bes\u00f8ksvisum eller s\u00f8ke om eTA hvis du er statsborger i et EU-land.<\/p>\n\n<p>Det er ogs\u00e5 et permanent oppholdsvisum, men det er vanskelig \u00e5 f\u00e5, fordi den kanadiske regjeringen filtrerer og aksepterer kun profiler som den anser som interessante.<br\/><br\/><\/p>\n\n<h2 class=\"wp-block-heading\">Betale for en Canada eTA eller visums\u00f8knad<\/h2>\n\n<p>Det er ikke gratis \u00e5 s\u00f8ke om Canada-visum eller eTA. <a href=\"https:\/\/ave-eta-canada.com\/no\/eta-canada-dens-pris\/\">Prisen p\u00e5 en eTA Canada<\/a> er fastsatt til 7$ CAN, et visum koster mellom 100 og 150$ CAN.<\/p>\n\n<p>Du har n\u00e5 alle kortene p\u00e5 h\u00e5nden for \u00e5 vite om du b\u00f8r s\u00f8ke om visum eller eTA Canada. S\u00e5, tror du at du trenger et kanadisk visum eller en eTA? Er du klar til \u00e5 bes\u00f8ke landet med karibou og l\u00f8nnesirup?<\/p>\n","protected":false},"excerpt":{"rendered":"<p>B\u00f8r jeg s\u00f8ke om Canada-visum eller eTA? M\u00e5 du s\u00f8ke om visum eller eTA Canada n\u00e5r du skal til Canada? \u00c5 velge riktig reisetillatelse er et viktig skritt i forberedelsene til reisen til Canada, da det vil avgj\u00f8re om du kan g\u00e5 inn i kanadisk territorium eller ikke. For et opphold p\u00e5 mindre enn 6 [&hellip;]<\/p>\n","protected":false},"author":1,"featured_media":0,"parent":0,"menu_order":0,"comment_status":"closed","ping_status":"closed","template":"","meta":{"footnotes":""},"class_list":["post-4031","page","type-page","status-publish","hentry"],"yoast_head":"<!-- This site is optimized with the Yoast SEO plugin v26.9 - https:\/\/yoast.com\/product\/yoast-seo-wordpress\/ -->\n<title>Visa eller eTA Canada?<\/title>\n<meta name=\"description\" content=\"Hvis du planlegger \u00e5 reise til Canada snart, trenger du en autorisasjon for \u00e5 komme inn i territoriet. S\u00e5, visum eller eTA Canada?\" \/>\n<meta name=\"robots\" content=\"index, follow, max-snippet:-1, max-image-preview:large, max-video-preview:-1\" \/>\n<link rel=\"canonical\" href=\"https:\/\/ave-eta-canada.com\/no\/visa-eller-eta-canada\/\" \/>\n<meta property=\"og:locale\" content=\"nb_NO\" \/>\n<meta property=\"og:type\" content=\"article\" \/>\n<meta property=\"og:title\" content=\"Visa eller eTA Canada?\" \/>\n<meta property=\"og:description\" content=\"Hvis du planlegger \u00e5 reise til Canada snart, trenger du en autorisasjon for \u00e5 komme inn i territoriet. S\u00e5, visum eller eTA Canada?\" \/>\n<meta property=\"og:url\" content=\"https:\/\/ave-eta-canada.com\/no\/visa-eller-eta-canada\/\" \/>\n<meta property=\"og:site_name\" content=\"VISA CANADA\" \/>\n<meta property=\"article:modified_time\" content=\"2023-05-01T13:50:46+00:00\" \/>\n<meta name=\"twitter:card\" content=\"summary_large_image\" \/>\n<meta name=\"twitter:label1\" content=\"Ansl. lesetid\" \/>\n\t<meta name=\"twitter:data1\" content=\"3 minutter\" \/>\n<script type=\"application\/ld+json\" class=\"yoast-schema-graph\">{\"@context\":\"https:\/\/schema.org\",\"@graph\":[{\"@type\":\"WebPage\",\"@id\":\"https:\/\/ave-eta-canada.com\/no\/visa-eller-eta-canada\/\",\"url\":\"https:\/\/ave-eta-canada.com\/no\/visa-eller-eta-canada\/\",\"name\":\"Visa eller eTA Canada?\",\"isPartOf\":{\"@id\":\"https:\/\/ave-eta-canada.com\/no\/#website\"},\"datePublished\":\"2023-04-18T14:41:23+00:00\",\"dateModified\":\"2023-05-01T13:50:46+00:00\",\"description\":\"Hvis du planlegger \u00e5 reise til Canada snart, trenger du en autorisasjon for \u00e5 komme inn i territoriet. S\u00e5, visum eller eTA Canada?\",\"breadcrumb\":{\"@id\":\"https:\/\/ave-eta-canada.com\/no\/visa-eller-eta-canada\/#breadcrumb\"},\"inLanguage\":\"nb-NO\",\"potentialAction\":[{\"@type\":\"ReadAction\",\"target\":[\"https:\/\/ave-eta-canada.com\/no\/visa-eller-eta-canada\/\"]}]},{\"@type\":\"BreadcrumbList\",\"@id\":\"https:\/\/ave-eta-canada.com\/no\/visa-eller-eta-canada\/#breadcrumb\",\"itemListElement\":[{\"@type\":\"ListItem\",\"position\":1,\"name\":\"Home\",\"item\":\"https:\/\/ave-eta-canada.com\/no\/\"},{\"@type\":\"ListItem\",\"position\":2,\"name\":\"Visa eller eTA Canada?\"}]},{\"@type\":\"WebSite\",\"@id\":\"https:\/\/ave-eta-canada.com\/no\/#website\",\"url\":\"https:\/\/ave-eta-canada.com\/no\/\",\"name\":\"VISA CANADA\",\"description\":\"Autorisation Voyage Electronique\",\"potentialAction\":[{\"@type\":\"SearchAction\",\"target\":{\"@type\":\"EntryPoint\",\"urlTemplate\":\"https:\/\/ave-eta-canada.com\/no\/?s={search_term_string}\"},\"query-input\":{\"@type\":\"PropertyValueSpecification\",\"valueRequired\":true,\"valueName\":\"search_term_string\"}}],\"inLanguage\":\"nb-NO\"}]}<\/script>\n<!-- \/ Yoast SEO plugin. -->","yoast_head_json":{"title":"Visa eller eTA Canada?","description":"Hvis du planlegger \u00e5 reise til Canada snart, trenger du en autorisasjon for \u00e5 komme inn i territoriet. S\u00e5, visum eller eTA Canada?","robots":{"index":"index","follow":"follow","max-snippet":"max-snippet:-1","max-image-preview":"max-image-preview:large","max-video-preview":"max-video-preview:-1"},"canonical":"https:\/\/ave-eta-canada.com\/no\/visa-eller-eta-canada\/","og_locale":"nb_NO","og_type":"article","og_title":"Visa eller eTA Canada?","og_description":"Hvis du planlegger \u00e5 reise til Canada snart, trenger du en autorisasjon for \u00e5 komme inn i territoriet. S\u00e5, visum eller eTA Canada?","og_url":"https:\/\/ave-eta-canada.com\/no\/visa-eller-eta-canada\/","og_site_name":"VISA CANADA","article_modified_time":"2023-05-01T13:50:46+00:00","twitter_card":"summary_large_image","twitter_misc":{"Ansl. lesetid":"3 minutter"},"schema":{"@context":"https:\/\/schema.org","@graph":[{"@type":"WebPage","@id":"https:\/\/ave-eta-canada.com\/no\/visa-eller-eta-canada\/","url":"https:\/\/ave-eta-canada.com\/no\/visa-eller-eta-canada\/","name":"Visa eller eTA Canada?","isPartOf":{"@id":"https:\/\/ave-eta-canada.com\/no\/#website"},"datePublished":"2023-04-18T14:41:23+00:00","dateModified":"2023-05-01T13:50:46+00:00","description":"Hvis du planlegger \u00e5 reise til Canada snart, trenger du en autorisasjon for \u00e5 komme inn i territoriet. S\u00e5, visum eller eTA Canada?","breadcrumb":{"@id":"https:\/\/ave-eta-canada.com\/no\/visa-eller-eta-canada\/#breadcrumb"},"inLanguage":"nb-NO","potentialAction":[{"@type":"ReadAction","target":["https:\/\/ave-eta-canada.com\/no\/visa-eller-eta-canada\/"]}]},{"@type":"BreadcrumbList","@id":"https:\/\/ave-eta-canada.com\/no\/visa-eller-eta-canada\/#breadcrumb","itemListElement":[{"@type":"ListItem","position":1,"name":"Home","item":"https:\/\/ave-eta-canada.com\/no\/"},{"@type":"ListItem","position":2,"name":"Visa eller eTA Canada?"}]},{"@type":"WebSite","@id":"https:\/\/ave-eta-canada.com\/no\/#website","url":"https:\/\/ave-eta-canada.com\/no\/","name":"VISA CANADA","description":"Autorisation Voyage Electronique","potentialAction":[{"@type":"SearchAction","target":{"@type":"EntryPoint","urlTemplate":"https:\/\/ave-eta-canada.com\/no\/?s={search_term_string}"},"query-input":{"@type":"PropertyValueSpecification","valueRequired":true,"valueName":"search_term_string"}}],"inLanguage":"nb-NO"}]}},"_links":{"self":[{"href":"https:\/\/ave-eta-canada.com\/no\/wp-json\/wp\/v2\/pages\/4031","targetHints":{"allow":["GET"]}}],"collection":[{"href":"https:\/\/ave-eta-canada.com\/no\/wp-json\/wp\/v2\/pages"}],"about":[{"href":"https:\/\/ave-eta-canada.com\/no\/wp-json\/wp\/v2\/types\/page"}],"author":[{"embeddable":true,"href":"https:\/\/ave-eta-canada.com\/no\/wp-json\/wp\/v2\/users\/1"}],"replies":[{"embeddable":true,"href":"https:\/\/ave-eta-canada.com\/no\/wp-json\/wp\/v2\/comments?post=4031"}],"version-history":[{"count":0,"href":"https:\/\/ave-eta-canada.com\/no\/wp-json\/wp\/v2\/pages\/4031\/revisions"}],"wp:attachment":[{"href":"https:\/\/ave-eta-canada.com\/no\/wp-json\/wp\/v2\/media?parent=4031"}],"curies":[{"name":"wp","href":"https:\/\/api.w.org\/{rel}","templated":true}]}}