{"id":4045,"date":"2023-04-18T14:41:24","date_gmt":"2023-04-18T14:41:24","guid":{"rendered":"https:\/\/ave-eta-canada.com\/hva-er-leta-canada\/"},"modified":"2023-05-01T12:50:26","modified_gmt":"2023-05-01T12:50:26","slug":"hva-er-eta-canada","status":"publish","type":"page","link":"https:\/\/ave-eta-canada.com\/no\/hva-er-eta-canada\/","title":{"rendered":"Hva er eTA Canada?"},"content":{"rendered":"\n<h1 class=\"wp-block-heading\">Presentasjon av eTA Canada<\/h1>\n\n<p>I likhet med USA har Canada implementert en elektronisk reiseautorisasjon, kjent p\u00e5 engelsk som eTA Canada.<\/p>\n\n<p><strong>For et opphold p\u00e5 mindre enn 6 m\u00e5neder i Canada<\/strong> : Du kan utf\u00f8re formalitetene for \u00e5 komme inn i Canada direkte via Internett ved \u00e5 klikke p\u00e5 <a href=\"https:\/\/ave-eta-canada.com\/no\/canada-eta-skjema-online\/\">nettskjemaet<\/a>. Det er ikke n\u00f8dvendig \u00e5 f\u00e5 time ved den kanadiske ambassaden eller konsulatet.<br\/><\/p>\n\n<h2 class=\"wp-block-heading\">eTA Canada, obligatorisk reisetillatelse<\/h2>\n\n<p><a href=\"https:\/\/ave-eta-canada.com\/no\/\">Canada eTA<\/a> er et elektronisk dokument som lar statsborgere fra flere land bes\u00f8ke Canada uten visum. Siden Norsk er et av landene som er fritatt for kanadiske visum, kan franske statsborgere reise til Canada uten f\u00f8rst \u00e5 konsultere den kanadiske ambassaden.<\/p>\n\n<p>Vilk\u00e5rene for \u00e5 f\u00e5 <a href=\"https:\/\/ave-eta-canada.com\/no\/hva-er-eta-canada\/\">eTA Canada<\/a> er ikke s\u00e6rlig restriktive, men \u00e5 f\u00e5 den er likevel obligatorisk. De kanadiske myndighetene med ansvar for immigrasjon tillater ikke innreise til kanadisk territorium uten gyldig autorisasjon. For \u00e5 s\u00f8ke om en eTA Canada-autorisasjon m\u00e5 den reisende:<\/p>\n\n<ul class=\"wp-block-list\"><li>v\u00e6re statsborger i et kvalifisert land;<\/li><li>ha et gyldig pass med en gjenv\u00e6rende gyldighet p\u00e5 minst 6 m\u00e5neder;<\/li><li>reise til Canada med fly;<\/li><li>opphold i Canada i maksimalt 6 m\u00e5neder;<\/li><li>ikke har v\u00e6rt utillatelig for Canada (eller andre steder);<\/li><li>ikke har beg\u00e5tt en straffbar handling;<\/li><li>ikke lider av ubehandlede helseproblemer, inkludert alkohol- og narkotikaavhengighet;<\/li><li>ikke har hatt tuberkulose eller v\u00e6rt i kontakt med noen som lider av tuberkulose de siste to \u00e5rene. <\/li><\/ul>\n\n<p>eTA Canada-reiseautorisasjonen er gyldig i 5 \u00e5r fra utstedelsesdatoen. Denne perioden kan bli kortere dersom passet som ble brukt til \u00e5 sende foresp\u00f8rselen utl\u00f8per tidligere. Siden autorisasjonen er knyttet til passet, er det viktig \u00e5 gj\u00f8re en ny foresp\u00f8rsel ved nytt pass eller endring av dataene som finnes. Det skal bemerkes at antall opphold i Canada under <a href=\"https:\/\/ave-eta-canada.com\/no\/eta-canada-gyldig-varighet\/\">autorisasjonens gyldighet<\/a> ikke er begrenset, men en maksimal varighet p\u00e5 6 m\u00e5neder per opphold b\u00f8r respekteres.<\/p>\n\n<p>eTA Canada er en reiseautorisasjon og ikke en innreiseautorisasjon. Det er opp til grensetjenestevakten \u00e5 tillate innreise p\u00e5 kanadisk jord. Hans avgj\u00f8relse er basert p\u00e5 tilstedev\u00e6relsen av de n\u00f8dvendige reisedokumentene (gyldig pass, eTA, utreisebillett, etc.) og p\u00e5 svarene p\u00e5 sp\u00f8rsm\u00e5lene hans.<br\/><br\/><\/p>\n\n<h2 class=\"wp-block-heading\">Canada eTA \u00e5 f\u00e5 f\u00f8r avreise<\/h2>\n\n<p>eTA Canada er en reiseautorisasjon, og m\u00e5 innhentes f\u00f8r avreise til Canada. Uten den er ombordstigning ikke tillatt. <\/p>\n\n<p>S\u00f8knaden om eTA Canada gj\u00f8res kun p\u00e5 Internett, noe som betyr at du ikke trenger \u00e5 g\u00e5 til den kanadiske ambassaden. S\u00f8knadsskjemaet er gjort tilgjengelig p\u00e5 den offisielle nettsiden til den kanadiske regjeringen. For et forenklet skjema og tilgang til personlig assistanse er det ogs\u00e5 mulig \u00e5 ringe en privat organisasjon som v\u00e5r partner.<\/p>\n\n<p>For \u00e5 <a href=\"https:\/\/ave-eta-canada.com\/no\/fyll-ut-av-skjemaet-for-canada\/\">fylle ut eTA-skjemaet<\/a> m\u00e5 du ta med pass og bankkort. Feltene som skal fylles ut viser til passdata og personopplysninger. Fire sp\u00f8rsm\u00e5l stilles ogs\u00e5, svarene skal velges fra en rullegardinmeny. Det er viktig \u00e5 oppgi en gyldig e-postadresse, fordi det er gjennom denne adressen svaret kommuniseres.<\/p>\n\n<p>Canada eTA-s\u00f8knaden valideres n\u00e5r samtykket er signert og betalingen er utf\u00f8rt. En kvittering for mottak sendes automatisk med foresp\u00f8rselsnummer. Det definitive svaret f\u00f8lger nesten umiddelbart. I sjeldne tilfeller venter en foresp\u00f8rsel. En e-post sendes i l\u00f8pet av noen dager med enten det endelige svaret eller en liste over ytterligere dokumenter som skal leveres.<\/p>\n\n<p>Hvis svaret er negativt, er det lurt \u00e5 kontrollere at informasjonen som er gitt er korrekt. Ved skrivefeil eller feil informasjon er det mulig \u00e5 <a href=\"https:\/\/ave-eta-canada.com\/no\/hva-a-gjore-i-tilfelle-feil-pa-eta-canada\/\">gj\u00f8re en ny foresp\u00f8rsel eTA<\/a>. Ellers m\u00e5 en visum- eller WHP-s\u00f8knad sendes til den kanadiske ambassaden.<\/p>\n","protected":false},"excerpt":{"rendered":"<p>Presentasjon av eTA Canada I likhet med USA har Canada implementert en elektronisk reiseautorisasjon, kjent p\u00e5 engelsk som eTA Canada. For et opphold p\u00e5 mindre enn 6 m\u00e5neder i Canada : Du kan utf\u00f8re formalitetene for \u00e5 komme inn i Canada direkte via Internett ved \u00e5 klikke p\u00e5 nettskjemaet. Det er ikke n\u00f8dvendig \u00e5 f\u00e5 [&hellip;]<\/p>\n","protected":false},"author":1,"featured_media":0,"parent":0,"menu_order":0,"comment_status":"closed","ping_status":"closed","template":"","meta":{"footnotes":""},"class_list":["post-4045","page","type-page","status-publish","hentry"],"yoast_head":"<!-- This site is optimized with the Yoast SEO plugin v26.9 - https:\/\/yoast.com\/product\/yoast-seo-wordpress\/ -->\n<title>Hva er eTA Canada?<\/title>\n<meta name=\"description\" content=\"ETA Canada, for ikke \u00e5 forveksle med ESTA, er en elektronisk reisetillatelse for \u00e5 reise til Canada. V\u00e5re forklaringer her.\" \/>\n<meta name=\"robots\" content=\"index, follow, max-snippet:-1, max-image-preview:large, max-video-preview:-1\" \/>\n<link rel=\"canonical\" href=\"https:\/\/ave-eta-canada.com\/no\/hva-er-eta-canada\/\" \/>\n<meta property=\"og:locale\" content=\"nb_NO\" \/>\n<meta property=\"og:type\" content=\"article\" \/>\n<meta property=\"og:title\" content=\"Hva er eTA Canada?\" \/>\n<meta property=\"og:description\" content=\"ETA Canada, for ikke \u00e5 forveksle med ESTA, er en elektronisk reisetillatelse for \u00e5 reise til Canada. V\u00e5re forklaringer her.\" \/>\n<meta property=\"og:url\" content=\"https:\/\/ave-eta-canada.com\/no\/hva-er-eta-canada\/\" \/>\n<meta property=\"og:site_name\" content=\"VISA CANADA\" \/>\n<meta property=\"article:modified_time\" content=\"2023-05-01T12:50:26+00:00\" \/>\n<meta name=\"twitter:card\" content=\"summary_large_image\" \/>\n<meta name=\"twitter:label1\" content=\"Ansl. lesetid\" \/>\n\t<meta name=\"twitter:data1\" content=\"3 minutter\" \/>\n<script type=\"application\/ld+json\" class=\"yoast-schema-graph\">{\"@context\":\"https:\/\/schema.org\",\"@graph\":[{\"@type\":\"WebPage\",\"@id\":\"https:\/\/ave-eta-canada.com\/no\/hva-er-eta-canada\/\",\"url\":\"https:\/\/ave-eta-canada.com\/no\/hva-er-eta-canada\/\",\"name\":\"Hva er eTA Canada?\",\"isPartOf\":{\"@id\":\"https:\/\/ave-eta-canada.com\/no\/#website\"},\"datePublished\":\"2023-04-18T14:41:24+00:00\",\"dateModified\":\"2023-05-01T12:50:26+00:00\",\"description\":\"ETA Canada, for ikke \u00e5 forveksle med ESTA, er en elektronisk reisetillatelse for \u00e5 reise til Canada. V\u00e5re forklaringer her.\",\"breadcrumb\":{\"@id\":\"https:\/\/ave-eta-canada.com\/no\/hva-er-eta-canada\/#breadcrumb\"},\"inLanguage\":\"nb-NO\",\"potentialAction\":[{\"@type\":\"ReadAction\",\"target\":[\"https:\/\/ave-eta-canada.com\/no\/hva-er-eta-canada\/\"]}]},{\"@type\":\"BreadcrumbList\",\"@id\":\"https:\/\/ave-eta-canada.com\/no\/hva-er-eta-canada\/#breadcrumb\",\"itemListElement\":[{\"@type\":\"ListItem\",\"position\":1,\"name\":\"Home\",\"item\":\"https:\/\/ave-eta-canada.com\/no\/\"},{\"@type\":\"ListItem\",\"position\":2,\"name\":\"Hva er eTA Canada?\"}]},{\"@type\":\"WebSite\",\"@id\":\"https:\/\/ave-eta-canada.com\/no\/#website\",\"url\":\"https:\/\/ave-eta-canada.com\/no\/\",\"name\":\"VISA CANADA\",\"description\":\"Autorisation Voyage Electronique\",\"potentialAction\":[{\"@type\":\"SearchAction\",\"target\":{\"@type\":\"EntryPoint\",\"urlTemplate\":\"https:\/\/ave-eta-canada.com\/no\/?s={search_term_string}\"},\"query-input\":{\"@type\":\"PropertyValueSpecification\",\"valueRequired\":true,\"valueName\":\"search_term_string\"}}],\"inLanguage\":\"nb-NO\"}]}<\/script>\n<!-- \/ Yoast SEO plugin. -->","yoast_head_json":{"title":"Hva er eTA Canada?","description":"ETA Canada, for ikke \u00e5 forveksle med ESTA, er en elektronisk reisetillatelse for \u00e5 reise til Canada. V\u00e5re forklaringer her.","robots":{"index":"index","follow":"follow","max-snippet":"max-snippet:-1","max-image-preview":"max-image-preview:large","max-video-preview":"max-video-preview:-1"},"canonical":"https:\/\/ave-eta-canada.com\/no\/hva-er-eta-canada\/","og_locale":"nb_NO","og_type":"article","og_title":"Hva er eTA Canada?","og_description":"ETA Canada, for ikke \u00e5 forveksle med ESTA, er en elektronisk reisetillatelse for \u00e5 reise til Canada. V\u00e5re forklaringer her.","og_url":"https:\/\/ave-eta-canada.com\/no\/hva-er-eta-canada\/","og_site_name":"VISA CANADA","article_modified_time":"2023-05-01T12:50:26+00:00","twitter_card":"summary_large_image","twitter_misc":{"Ansl. lesetid":"3 minutter"},"schema":{"@context":"https:\/\/schema.org","@graph":[{"@type":"WebPage","@id":"https:\/\/ave-eta-canada.com\/no\/hva-er-eta-canada\/","url":"https:\/\/ave-eta-canada.com\/no\/hva-er-eta-canada\/","name":"Hva er eTA Canada?","isPartOf":{"@id":"https:\/\/ave-eta-canada.com\/no\/#website"},"datePublished":"2023-04-18T14:41:24+00:00","dateModified":"2023-05-01T12:50:26+00:00","description":"ETA Canada, for ikke \u00e5 forveksle med ESTA, er en elektronisk reisetillatelse for \u00e5 reise til Canada. V\u00e5re forklaringer her.","breadcrumb":{"@id":"https:\/\/ave-eta-canada.com\/no\/hva-er-eta-canada\/#breadcrumb"},"inLanguage":"nb-NO","potentialAction":[{"@type":"ReadAction","target":["https:\/\/ave-eta-canada.com\/no\/hva-er-eta-canada\/"]}]},{"@type":"BreadcrumbList","@id":"https:\/\/ave-eta-canada.com\/no\/hva-er-eta-canada\/#breadcrumb","itemListElement":[{"@type":"ListItem","position":1,"name":"Home","item":"https:\/\/ave-eta-canada.com\/no\/"},{"@type":"ListItem","position":2,"name":"Hva er eTA Canada?"}]},{"@type":"WebSite","@id":"https:\/\/ave-eta-canada.com\/no\/#website","url":"https:\/\/ave-eta-canada.com\/no\/","name":"VISA CANADA","description":"Autorisation Voyage Electronique","potentialAction":[{"@type":"SearchAction","target":{"@type":"EntryPoint","urlTemplate":"https:\/\/ave-eta-canada.com\/no\/?s={search_term_string}"},"query-input":{"@type":"PropertyValueSpecification","valueRequired":true,"valueName":"search_term_string"}}],"inLanguage":"nb-NO"}]}},"_links":{"self":[{"href":"https:\/\/ave-eta-canada.com\/no\/wp-json\/wp\/v2\/pages\/4045","targetHints":{"allow":["GET"]}}],"collection":[{"href":"https:\/\/ave-eta-canada.com\/no\/wp-json\/wp\/v2\/pages"}],"about":[{"href":"https:\/\/ave-eta-canada.com\/no\/wp-json\/wp\/v2\/types\/page"}],"author":[{"embeddable":true,"href":"https:\/\/ave-eta-canada.com\/no\/wp-json\/wp\/v2\/users\/1"}],"replies":[{"embeddable":true,"href":"https:\/\/ave-eta-canada.com\/no\/wp-json\/wp\/v2\/comments?post=4045"}],"version-history":[{"count":0,"href":"https:\/\/ave-eta-canada.com\/no\/wp-json\/wp\/v2\/pages\/4045\/revisions"}],"wp:attachment":[{"href":"https:\/\/ave-eta-canada.com\/no\/wp-json\/wp\/v2\/media?parent=4045"}],"curies":[{"name":"wp","href":"https:\/\/api.w.org\/{rel}","templated":true}]}}