{"id":4051,"date":"2023-04-18T14:41:25","date_gmt":"2023-04-18T14:41:25","guid":{"rendered":"https:\/\/ave-eta-canada.com\/hva-er-fristen-for-anskaffe-lava-canada\/"},"modified":"2023-05-01T13:20:49","modified_gmt":"2023-05-01T13:20:49","slug":"hva-er-fristen-for-a-fa-canada-eta","status":"publish","type":"page","link":"https:\/\/ave-eta-canada.com\/no\/hva-er-fristen-for-a-fa-canada-eta\/","title":{"rendered":"Hva er fristen for \u00e5 f\u00e5 Canada eTA?"},"content":{"rendered":"\n<h1 class=\"wp-block-heading\">Tiden som kreves for \u00e5 f\u00e5 Canada eTA<\/h1>\n\n<p>I flere \u00e5r har borgere fra visse land dratt nytte av et visumfritak som lar dem reise til Canada mye lettere. Visumfritaket fritar ikke reisende fra \u00e5 f\u00e5 elektronisk reisetillatelse. <\/p>\n\n<p><strong>For et opphold p\u00e5 mindre enn 6 m\u00e5neder i Canada<\/strong> : Du kan utf\u00f8re formalitetene for \u00e5 komme inn i Canada direkte via Internett ved \u00e5 klikke p\u00e5 <a href=\"https:\/\/ave-eta-canada.com\/no\/canada-eta-skjema-online\/\">nettskjemaet<\/a>. Det er ikke n\u00f8dvendig \u00e5 f\u00e5 time ved den kanadiske ambassaden eller konsulatet. Denne reiseautorisasjonen kalles eTA (electronic Travel Authorization)<\/p>\n\n<p>Hvor lang tid tar det \u00e5 f\u00e5 reiseautorisasjonen og hvor lang tid f\u00f8r oppholdet i Canada b\u00f8r det bes om det? Hvor lenge er den gyldig? S\u00e5 mange sp\u00f8rsm\u00e5l som vi besvarer nedenfor.<br\/><\/p>\n\n<h2 class=\"wp-block-heading\">Prinsippene til eTA<\/h2>\n\n<p>eTA tillater statsborgere fra visse land \u00e5 oppdage Canada uten \u00e5 s\u00f8ke om kanadisk visum. \u00c5 slippe \u00e5 g\u00e5 til den kanadiske ambassaden for \u00e5 s\u00f8ke om visum er en enorm tidsbesparelse, for ikke \u00e5 snakke om en stor pengesparer. Den kanadiske regjeringen har implementert en reisetillatelse, lik ESTA etablert av USA, for de mest popul\u00e6re midlertidige oppholdene og krever kun en rask identitetssjekk: transitt p\u00e5 en kanadisk flyplass, turistopphold og forretningsreiser (uten betaling p\u00e5 stedet).<\/p>\n\n<p>For \u00e5 f\u00e5 tillatelse til \u00e5 reise til Canada med en eTA, m\u00e5 den reisende oppfylle visse <a href=\"https:\/\/ave-eta-canada.com\/no\/alt-vet-om-av-betingelser-for-reise-i-canada\/\">tillatelsesbetingelser<\/a> . Som nevnt tidligere, er det f\u00f8rste kriteriet som er p\u00e5lagt medlemskap i visumfritaksprogrammet. Arten av reisen til Canada m\u00e5 ogs\u00e5 anerkjennes (stoppeland, turisme og n\u00e6ringsliv). Det aktuelle oppholdet skal heller ikke overstige 6 m\u00e5neder og gjennomf\u00f8res med fly. Det sier seg selv at reisen ikke kan foreg\u00e5 uten gyldig pass utstedt av et av undertegnende land. Regjeringen i Canada krever ikke at borgere av fransk statsborgerskap har et biometrisk pass, det elektroniske passet godtas. R\u00e5d til reisende: det er \u00e5 foretrekke at passet har en gyldighetstid p\u00e5 over 6 m\u00e5neder. <br\/><br\/><\/p>\n\n<h2 class=\"wp-block-heading\">Hvor lang tid tar det \u00e5 f\u00e5 Canada eTA?<\/h2>\n\n<p>Hvis du er kvalifisert, m\u00e5 du <a href=\"https:\/\/ave-eta-canada.com\/no\/hvordan-fullfore-en-eta-for-a-reise-til-canada\/\">fullf\u00f8re eTA<\/a> ved \u00e5 bruke din personlige informasjon. N\u00e5r filen din er sendt til kanadiske myndigheter, trenger du ikke vente lenge. Generelt f\u00e5r du svar p\u00e5 e-post i l\u00f8pet av f\u00e5 minutter. Noen dager kan noen ganger v\u00e6re n\u00f8dvendig hvis den kanadiske immigrasjonstjenesten krever mer informasjon fra deg.<\/p>\n\n<p>S\u00f8rg for \u00e5 oppgi en gyldig e-postadresse, da dette er hvordan <a href=\"https:\/\/ave-eta-canada.com\/no\/hvordan-sjekke-statusen-til-din-eta-canada-applikasjon\/\">eTA-statusen<\/a> din vil bli kommunisert til deg.<br\/><br\/><\/p>\n\n<h2 class=\"wp-block-heading\">N\u00e5r b\u00f8r du be om en eTA for rask behandling?<\/h2>\n\n<p>Selv om utfylling av skjemaet og tiden som kreves for \u00e5 f\u00e5 <a href=\"https:\/\/ave-eta-canada.com\/no\/hva-er-eta-canada\/\">eTA Canada<\/a> forblir veldig rask, for \u00e5 svare p\u00e5 sp\u00f8rsm\u00e5let &laquo;n\u00e5r skal man s\u00f8ke om en eTA?&raquo; Det anbefales p\u00e5 det sterkeste \u00e5 fortsette med bestillingen av autorisasjonen s\u00e5 snart du planlegger \u00e5 tilbringe ferier i Canada. Derfor, i tilfelle feil, vil det gi deg tid til \u00e5 sprette tilbake.<\/p>\n\n<p>Avhengig av \u00e5rsaken til avslaget, kan du enten pr\u00f8ve lykken igjen (inngangsfeil) eller s\u00f8ke om visum til den kanadiske ambassadens konsul\u00e6re tjenester (ikke-admissible). Tiden som kreves varierer da veldig, ettersom den kanadiske visums\u00f8knaden er mye lengre enn den elektroniske s\u00f8knaden om en eTA.<\/p>\n\n<p>Ikke pr\u00f8v \u00e5 f\u00e5 tak i eTA p\u00e5 stedet, enten det er p\u00e5 den Norske eller kanadiske flyplassen. Denne autorisasjonen m\u00e5 innhentes f\u00f8r du g\u00e5r ombord p\u00e5 internasjonale flyvninger.<\/p>\n\n<p>Merk at eTA-foresp\u00f8rselen kan gj\u00f8res fra den offisielle kanadiske regjeringens nettside eller via en spesialisert mellommann, for eksempel v\u00e5r partner. Fordelen med en privat plattform ligger i bistanden som tilbys deg for \u00e5 gjennomf\u00f8re denne prosessen. Tidsrammen for \u00e5 motta eTA forblir den samme fra sted til sted. Tilsvarende er gruppeforesp\u00f8rsler, det vil si for alle familiemedlemmer samtidig, for eksempel ikke mulig p\u00e5 det tidspunktet. Hver eTA-s\u00f8knad m\u00e5 gj\u00f8res individuelt.<br\/><br\/><\/p>\n\n<h2 class=\"wp-block-heading\">Hvor lenge er eTA gyldig?<\/h2>\n\n<p>Dette elektroniske dokumentet har en <a href=\"https:\/\/ave-eta-canada.com\/no\/eta-canada-gyldig-varighet\/\">gyldighetsperiode p\u00e5 fem \u00e5r<\/a>, noe som lar deg gj\u00f8re mange fine reiser til Canada: Vancouver, Toronto, Ottawa, Quebec, etc. valget er ditt. Du vil kunne reise gjennom de forskjellige provinsene og utf\u00f8re en rekke aktiviteter som tilbys av dette landet mens du respekterer tiden som er tillatt av eTA Canada.<\/p>\n\n<p>V\u00e6r oppmerksom p\u00e5 at eTA-autorisasjonen din er knyttet til passet ditt. Dette betyr at hvis identitetsdokumentet ditt utl\u00f8per eller passet ditt g\u00e5r tapt, mister eTA sin gyldighet. Du m\u00e5 s\u00f8ke om en ny eTA for \u00e5 bes\u00f8ke Canada, noe som gir deg en ny frist p\u00e5 fem \u00e5r. P\u00e5 den annen side bestemmer gyldigheten til det franske passet gyldighetsperioden til eTA: hvis passet som brukes for s\u00f8knaden utl\u00f8per om mindre enn 5 \u00e5r, kopierer utl\u00f8psdatoen til eTA datoen for passets utl\u00f8p.<br\/><br\/><\/p>\n\n<h2 class=\"wp-block-heading\">Hvor lenge kan vi dra med eTA?<\/h2>\n\n<p>Hvis du har mottatt din eTA-autorisasjon, vet at du kan kreve et opphold p\u00e5 6 m\u00e5neder p\u00e5 kanadisk jord. I l\u00f8pet av gyldighetsperioden til eTA-dokumentet har du rett til \u00e5 reise til Canada flere ganger mens du respekterer maksimalt 6 m\u00e5neder for hver reise.<\/p>\n\n<p>Men ikke frist skjebnen og ikke overskrid fristen gitt av eTA Canada, dette kan f\u00e5 deg i tr\u00f8bbel. Det samme gjelder for arten av turen til Canada: eTA tillater deg ikke \u00e5 <a href=\"https:\/\/ave-eta-canada.com\/no\/canada-regjeringen-onsker-flere-utenlandske-studenter\/\">studere ved et kanadisk universitet<\/a>, ta et internship eller jobbe i Canada. \u00c5 emigrere og immigrere til Canada er selvsagt heller ikke mulig. Av disse reise\u00e5rsakene m\u00e5 du s\u00f8ke om turistvisum, arbeidstillatelse, WHP (Working Holiday Permit), permanent opphold. Vi inviterer deg til \u00e5 bes\u00f8ke regjeringens nettsted for mer informasjon om dette emnet og for \u00e5 finne ut listen over n\u00f8dvendige dokumenter. <\/p>\n\n<p>Siste presisjon, eTA er ikke det eneste reisedokumentet som presenteres. Canadas immigrasjonsoffiserer, n\u00e5r de passerer gjennom tollen, vil be om \u00e5 f\u00e5 se passet ditt, en utreisebillett i form av en returbillett eller en billett til den endelige destinasjonen. Andre dokumenter kan kreves avhengig av situasjonen, spesielt n\u00e5r du reiser med mindre\u00e5rige barn. Du vil merke at immigrasjonsoffiseren ikke vil be deg om eTA, da den er elektronisk koblet til passnummeret ditt. <\/p>\n","protected":false},"excerpt":{"rendered":"<p>Tiden som kreves for \u00e5 f\u00e5 Canada eTA I flere \u00e5r har borgere fra visse land dratt nytte av et visumfritak som lar dem reise til Canada mye lettere. Visumfritaket fritar ikke reisende fra \u00e5 f\u00e5 elektronisk reisetillatelse. For et opphold p\u00e5 mindre enn 6 m\u00e5neder i Canada : Du kan utf\u00f8re formalitetene for \u00e5 [&hellip;]<\/p>\n","protected":false},"author":1,"featured_media":0,"parent":0,"menu_order":0,"comment_status":"closed","ping_status":"closed","template":"","meta":{"footnotes":""},"class_list":["post-4051","page","type-page","status-publish","hentry"],"yoast_head":"<!-- This site is optimized with the Yoast SEO plugin v26.9 - https:\/\/yoast.com\/product\/yoast-seo-wordpress\/ -->\n<title>Hva er fristen for \u00e5 f\u00e5 Canada eTA?<\/title>\n<meta name=\"description\" content=\"\u00d8nsker du \u00e5 bes\u00f8ke Canada og vil vite fristen for \u00e5 motta eTA for \u00e5 organisere oppholdet ditt? V\u00e5rt svar her!\" \/>\n<meta name=\"robots\" content=\"index, follow, max-snippet:-1, max-image-preview:large, max-video-preview:-1\" \/>\n<link rel=\"canonical\" href=\"https:\/\/ave-eta-canada.com\/no\/hva-er-fristen-for-a-fa-canada-eta\/\" \/>\n<meta property=\"og:locale\" content=\"nb_NO\" \/>\n<meta property=\"og:type\" content=\"article\" \/>\n<meta property=\"og:title\" content=\"Hva er fristen for \u00e5 f\u00e5 Canada eTA?\" \/>\n<meta property=\"og:description\" content=\"\u00d8nsker du \u00e5 bes\u00f8ke Canada og vil vite fristen for \u00e5 motta eTA for \u00e5 organisere oppholdet ditt? V\u00e5rt svar her!\" \/>\n<meta property=\"og:url\" content=\"https:\/\/ave-eta-canada.com\/no\/hva-er-fristen-for-a-fa-canada-eta\/\" \/>\n<meta property=\"og:site_name\" content=\"VISA CANADA\" \/>\n<meta property=\"article:modified_time\" content=\"2023-05-01T13:20:49+00:00\" \/>\n<meta name=\"twitter:card\" content=\"summary_large_image\" \/>\n<meta name=\"twitter:label1\" content=\"Ansl. lesetid\" \/>\n\t<meta name=\"twitter:data1\" content=\"5 minutter\" \/>\n<script type=\"application\/ld+json\" class=\"yoast-schema-graph\">{\"@context\":\"https:\/\/schema.org\",\"@graph\":[{\"@type\":\"WebPage\",\"@id\":\"https:\/\/ave-eta-canada.com\/no\/hva-er-fristen-for-a-fa-canada-eta\/\",\"url\":\"https:\/\/ave-eta-canada.com\/no\/hva-er-fristen-for-a-fa-canada-eta\/\",\"name\":\"Hva er fristen for \u00e5 f\u00e5 Canada eTA?\",\"isPartOf\":{\"@id\":\"https:\/\/ave-eta-canada.com\/no\/#website\"},\"datePublished\":\"2023-04-18T14:41:25+00:00\",\"dateModified\":\"2023-05-01T13:20:49+00:00\",\"description\":\"\u00d8nsker du \u00e5 bes\u00f8ke Canada og vil vite fristen for \u00e5 motta eTA for \u00e5 organisere oppholdet ditt? V\u00e5rt svar her!\",\"breadcrumb\":{\"@id\":\"https:\/\/ave-eta-canada.com\/no\/hva-er-fristen-for-a-fa-canada-eta\/#breadcrumb\"},\"inLanguage\":\"nb-NO\",\"potentialAction\":[{\"@type\":\"ReadAction\",\"target\":[\"https:\/\/ave-eta-canada.com\/no\/hva-er-fristen-for-a-fa-canada-eta\/\"]}]},{\"@type\":\"BreadcrumbList\",\"@id\":\"https:\/\/ave-eta-canada.com\/no\/hva-er-fristen-for-a-fa-canada-eta\/#breadcrumb\",\"itemListElement\":[{\"@type\":\"ListItem\",\"position\":1,\"name\":\"Home\",\"item\":\"https:\/\/ave-eta-canada.com\/no\/\"},{\"@type\":\"ListItem\",\"position\":2,\"name\":\"Hva er fristen for \u00e5 f\u00e5 Canada eTA?\"}]},{\"@type\":\"WebSite\",\"@id\":\"https:\/\/ave-eta-canada.com\/no\/#website\",\"url\":\"https:\/\/ave-eta-canada.com\/no\/\",\"name\":\"VISA CANADA\",\"description\":\"Autorisation Voyage Electronique\",\"potentialAction\":[{\"@type\":\"SearchAction\",\"target\":{\"@type\":\"EntryPoint\",\"urlTemplate\":\"https:\/\/ave-eta-canada.com\/no\/?s={search_term_string}\"},\"query-input\":{\"@type\":\"PropertyValueSpecification\",\"valueRequired\":true,\"valueName\":\"search_term_string\"}}],\"inLanguage\":\"nb-NO\"}]}<\/script>\n<!-- \/ Yoast SEO plugin. -->","yoast_head_json":{"title":"Hva er fristen for \u00e5 f\u00e5 Canada eTA?","description":"\u00d8nsker du \u00e5 bes\u00f8ke Canada og vil vite fristen for \u00e5 motta eTA for \u00e5 organisere oppholdet ditt? V\u00e5rt svar her!","robots":{"index":"index","follow":"follow","max-snippet":"max-snippet:-1","max-image-preview":"max-image-preview:large","max-video-preview":"max-video-preview:-1"},"canonical":"https:\/\/ave-eta-canada.com\/no\/hva-er-fristen-for-a-fa-canada-eta\/","og_locale":"nb_NO","og_type":"article","og_title":"Hva er fristen for \u00e5 f\u00e5 Canada eTA?","og_description":"\u00d8nsker du \u00e5 bes\u00f8ke Canada og vil vite fristen for \u00e5 motta eTA for \u00e5 organisere oppholdet ditt? V\u00e5rt svar her!","og_url":"https:\/\/ave-eta-canada.com\/no\/hva-er-fristen-for-a-fa-canada-eta\/","og_site_name":"VISA CANADA","article_modified_time":"2023-05-01T13:20:49+00:00","twitter_card":"summary_large_image","twitter_misc":{"Ansl. lesetid":"5 minutter"},"schema":{"@context":"https:\/\/schema.org","@graph":[{"@type":"WebPage","@id":"https:\/\/ave-eta-canada.com\/no\/hva-er-fristen-for-a-fa-canada-eta\/","url":"https:\/\/ave-eta-canada.com\/no\/hva-er-fristen-for-a-fa-canada-eta\/","name":"Hva er fristen for \u00e5 f\u00e5 Canada eTA?","isPartOf":{"@id":"https:\/\/ave-eta-canada.com\/no\/#website"},"datePublished":"2023-04-18T14:41:25+00:00","dateModified":"2023-05-01T13:20:49+00:00","description":"\u00d8nsker du \u00e5 bes\u00f8ke Canada og vil vite fristen for \u00e5 motta eTA for \u00e5 organisere oppholdet ditt? V\u00e5rt svar her!","breadcrumb":{"@id":"https:\/\/ave-eta-canada.com\/no\/hva-er-fristen-for-a-fa-canada-eta\/#breadcrumb"},"inLanguage":"nb-NO","potentialAction":[{"@type":"ReadAction","target":["https:\/\/ave-eta-canada.com\/no\/hva-er-fristen-for-a-fa-canada-eta\/"]}]},{"@type":"BreadcrumbList","@id":"https:\/\/ave-eta-canada.com\/no\/hva-er-fristen-for-a-fa-canada-eta\/#breadcrumb","itemListElement":[{"@type":"ListItem","position":1,"name":"Home","item":"https:\/\/ave-eta-canada.com\/no\/"},{"@type":"ListItem","position":2,"name":"Hva er fristen for \u00e5 f\u00e5 Canada eTA?"}]},{"@type":"WebSite","@id":"https:\/\/ave-eta-canada.com\/no\/#website","url":"https:\/\/ave-eta-canada.com\/no\/","name":"VISA CANADA","description":"Autorisation Voyage Electronique","potentialAction":[{"@type":"SearchAction","target":{"@type":"EntryPoint","urlTemplate":"https:\/\/ave-eta-canada.com\/no\/?s={search_term_string}"},"query-input":{"@type":"PropertyValueSpecification","valueRequired":true,"valueName":"search_term_string"}}],"inLanguage":"nb-NO"}]}},"_links":{"self":[{"href":"https:\/\/ave-eta-canada.com\/no\/wp-json\/wp\/v2\/pages\/4051","targetHints":{"allow":["GET"]}}],"collection":[{"href":"https:\/\/ave-eta-canada.com\/no\/wp-json\/wp\/v2\/pages"}],"about":[{"href":"https:\/\/ave-eta-canada.com\/no\/wp-json\/wp\/v2\/types\/page"}],"author":[{"embeddable":true,"href":"https:\/\/ave-eta-canada.com\/no\/wp-json\/wp\/v2\/users\/1"}],"replies":[{"embeddable":true,"href":"https:\/\/ave-eta-canada.com\/no\/wp-json\/wp\/v2\/comments?post=4051"}],"version-history":[{"count":0,"href":"https:\/\/ave-eta-canada.com\/no\/wp-json\/wp\/v2\/pages\/4051\/revisions"}],"wp:attachment":[{"href":"https:\/\/ave-eta-canada.com\/no\/wp-json\/wp\/v2\/media?parent=4051"}],"curies":[{"name":"wp","href":"https:\/\/api.w.org\/{rel}","templated":true}]}}