{"id":4066,"date":"2023-04-18T14:41:26","date_gmt":"2023-04-18T14:41:26","guid":{"rendered":"https:\/\/ave-eta-canada.com\/lage-en-offisiell-ave-canada-applikasjon\/"},"modified":"2023-04-29T10:04:07","modified_gmt":"2023-04-29T10:04:07","slug":"send-en-offisiell-canada-eta-foresporsel","status":"publish","type":"page","link":"https:\/\/ave-eta-canada.com\/no\/send-en-offisiell-canada-eta-foresporsel\/","title":{"rendered":"Send en offisiell Canada eTA-foresp\u00f8rsel"},"content":{"rendered":"\n<h1 class=\"wp-block-heading\">Hvordan lage en offisiell Canada eTA-foresp\u00f8rsel?<\/h1>\n\n<p>Hvis du planlegger \u00e5 reise til Canada, m\u00e5 du s\u00f8rge for at du har de riktige papirene i h\u00e5nden: pass, forsikring, returbillett, men ogs\u00e5 din offisielle reiseautorisasjon. Den offisielle Canada eTA er et sv\u00e6rt viktig dokument for alle som \u00f8nsker \u00e5 reise til Canada med fly, uten \u00e5 s\u00f8ke om et kostbart visum ved den kanadiske ambassaden.<\/p>\n\n<p><strong>For et opphold p\u00e5 mindre enn 6 m\u00e5neder i Canada<\/strong> : Du kan utf\u00f8re formalitetene for \u00e5 komme inn i Canada direkte via Internett ved \u00e5 klikke p\u00e5 <a href=\"https:\/\/ave-eta-canada.com\/no\/canada-eta-skjema-online\/\">nettskjemaet<\/a>. Det er ikke n\u00f8dvendig \u00e5 f\u00e5 time ved den kanadiske ambassaden eller konsulatet.<\/p>\n\n<p>Det er mulig for millioner av statsborgere over hele verden \u00e5 reise til Canada med en elektronisk <a href=\"https:\/\/ave-eta-canada.com\/no\/eta-eller-esta-hvilken-reisetillatelse-du-skal-velge-for-oppholdet-ditt\/\">eTA reiseautorisasjon<\/a> innhentet direkte p\u00e5 nettet. Ved \u00e5 sende inn en offisiell Canada eTA-foresp\u00f8rsel kan du bo i Canada i maksimalt seks m\u00e5neder i l\u00f8pet av de neste fem \u00e5rene.<\/p>\n\n<h3 class=\"wp-block-heading\">Liste over de 61 territoriene som er kvalifisert for den offisielle Canada eTA (oppdatert mai 2023)<\/h3>\n\n<figure class=\"wp-block-table\"><table><tbody><tr><td class=\"has-text-align-center\" data-align=\"center\">Tyskland<\/td><td class=\"has-text-align-center\" data-align=\"center\">Spania<\/td><td class=\"has-text-align-center\" data-align=\"center\">Island<\/td><td class=\"has-text-align-center\" data-align=\"center\">Polen<\/td><td class=\"has-text-align-center\" data-align=\"center\">Vatikanet<\/td><\/tr><tr><td class=\"has-text-align-center\" data-align=\"center\">Andorra<\/td><td class=\"has-text-align-center\" data-align=\"center\">Estland<\/td><td class=\"has-text-align-center\" data-align=\"center\">Italia<\/td><td class=\"has-text-align-center\" data-align=\"center\">Portugal<\/td><td class=\"has-text-align-center\" data-align=\"center\"><strong>Siden 2023:<\/strong><\/td><\/tr><tr><td class=\"has-text-align-center\" data-align=\"center\">Anguilla<\/td><td class=\"has-text-align-center\" data-align=\"center\">Finland<\/td><td class=\"has-text-align-center\" data-align=\"center\">Japan<\/td><td class=\"has-text-align-center\" data-align=\"center\">Tsjekkisk Republikk<\/td><td class=\"has-text-align-center\" data-align=\"center\"><strong>Antigua og Barbuda<\/strong><\/td><\/tr><tr><td class=\"has-text-align-center\" data-align=\"center\">Australia<\/td><td class=\"has-text-align-center\" data-align=\"center\">Frankrike<\/td><td class=\"has-text-align-center\" data-align=\"center\">Latvia<\/td><td class=\"has-text-align-center\" data-align=\"center\">Republikken, Korea<\/td><td class=\"has-text-align-center\" data-align=\"center\"><strong>Argentina<\/strong><\/td><\/tr><tr><td class=\"has-text-align-center\" data-align=\"center\">\u00d8sterrike<\/td><td class=\"has-text-align-center\" data-align=\"center\">Gibraltar<\/td><td class=\"has-text-align-center\" data-align=\"center\">Liechtenstein<\/td><td class=\"has-text-align-center\" data-align=\"center\">Romania<\/td><td class=\"has-text-align-center\" data-align=\"center\"><strong>Costa Rica<\/strong><\/td><\/tr><tr><td class=\"has-text-align-center\" data-align=\"center\">bahamansk<\/td><td class=\"has-text-align-center\" data-align=\"center\">Hellas<\/td><td class=\"has-text-align-center\" data-align=\"center\">Litauen<\/td><td class=\"has-text-align-center\" data-align=\"center\">Storbritannia<\/td><td class=\"has-text-align-center\" data-align=\"center\"><strong>Marokko<\/strong><\/td><\/tr><tr><td class=\"has-text-align-center\" data-align=\"center\">Barbados<\/td><td class=\"has-text-align-center\" data-align=\"center\">hong kong<\/td><td class=\"has-text-align-center\" data-align=\"center\">Luxemburg<\/td><td class=\"has-text-align-center\" data-align=\"center\">Saint Helena<\/td><td class=\"has-text-align-center\" data-align=\"center\"><strong>Panama<\/strong><\/td><\/tr><tr><td class=\"has-text-align-center\" data-align=\"center\">Belgia<\/td><td class=\"has-text-align-center\" data-align=\"center\">Ungarn<\/td><td class=\"has-text-align-center\" data-align=\"center\">Malta<\/td><td class=\"has-text-align-center\" data-align=\"center\">San Marino<\/td><td class=\"has-text-align-center\" data-align=\"center\"><strong>Filippinene<\/strong><\/td><\/tr><tr><td class=\"has-text-align-center\" data-align=\"center\">Bermuda<\/td><td class=\"has-text-align-center\" data-align=\"center\">Cayman\u00f8yene<\/td><td class=\"has-text-align-center\" data-align=\"center\">Mexico<\/td><td class=\"has-text-align-center\" data-align=\"center\">Samoa<\/td><td class=\"has-text-align-center\" data-align=\"center\"><strong>Saint Kitts og Nevis<\/strong><\/td><\/tr><tr><td class=\"has-text-align-center\" data-align=\"center\">Brunei<\/td><td class=\"has-text-align-center\" data-align=\"center\">Falklands\u00f8yene<\/td><td class=\"has-text-align-center\" data-align=\"center\">monaco<\/td><td class=\"has-text-align-center\" data-align=\"center\">Singapore<\/td><td class=\"has-text-align-center\" data-align=\"center\"><strong>St. LUCIA<\/strong><\/td><\/tr><tr><td class=\"has-text-align-center\" data-align=\"center\">Bulgaria<\/td><td class=\"has-text-align-center\" data-align=\"center\">Pitcairn\u00f8yene<\/td><td class=\"has-text-align-center\" data-align=\"center\">Montserrat<\/td><td class=\"has-text-align-center\" data-align=\"center\">Slovakia<\/td><td class=\"has-text-align-center\" data-align=\"center\"><strong>Saint Vincent og Grenadinene<\/strong><\/td><\/tr><tr><td class=\"has-text-align-center\" data-align=\"center\">Chile<\/td><td class=\"has-text-align-center\" data-align=\"center\">Solomon \u00f8yene<\/td><td class=\"has-text-align-center\" data-align=\"center\">Norge<\/td><td class=\"has-text-align-center\" data-align=\"center\">Slovenia<\/td><td class=\"has-text-align-center\" data-align=\"center\"><strong>Seychellene<\/strong><\/td><\/tr><tr><td class=\"has-text-align-center\" data-align=\"center\">Kypros<\/td><td class=\"has-text-align-center\" data-align=\"center\">Turks- og Caicos\u00f8yene<\/td><td class=\"has-text-align-center\" data-align=\"center\">New Zealand<\/td><td class=\"has-text-align-center\" data-align=\"center\">Sverige<\/td><td class=\"has-text-align-center\" data-align=\"center\"><strong>Thailand<\/strong><\/td><\/tr><tr><td class=\"has-text-align-center\" data-align=\"center\">Kroatia<\/td><td class=\"has-text-align-center\" data-align=\"center\">De britiske jomfru\u00f8yene<\/td><td class=\"has-text-align-center\" data-align=\"center\">Papua Ny-Guinea<\/td><td class=\"has-text-align-center\" data-align=\"center\">sveitsisk<\/td><td class=\"has-text-align-center\" data-align=\"center\"><strong>Trinidad og Tobago<\/strong><\/td><\/tr><tr><td class=\"has-text-align-center\" data-align=\"center\">Danmark<\/td><td class=\"has-text-align-center\" data-align=\"center\">Irland<\/td><td class=\"has-text-align-center\" data-align=\"center\">Nederland<\/td><td class=\"has-text-align-center\" data-align=\"center\">Taiwan<\/td><td class=\"has-text-align-center\" data-align=\"center\"><strong>Uruguay<\/strong><\/td><\/tr><\/tbody><\/table><figcaption class=\"wp-element-caption\">Liste over land som drar nytte av det kanadiske visumfritaksprogrammet<\/figcaption><\/figure>\n\n<h2 class=\"wp-block-heading\">Send en offisiell Canada eTA-foresp\u00f8rsel<\/h2>\n\n<p>Den offisielle Canada eTA ble opprettet av Canadas regjering for \u00e5 effektivisere visums\u00f8knader og foresp\u00f8rsler om mer eller mindre lange opphold for statsborgere p\u00e5 kanadisk jord. Canada eTA-s\u00f8knaden gj\u00f8res kun online; det er derfor ikke n\u00f8dvendig \u00e5 g\u00e5 til den kanadiske ambassaden eller konsulatet for \u00e5 f\u00e5 det, fordi det ikke er samme operasjon som for en visums\u00f8knad.<\/p>\n\n<p>Faktisk har den kanadiske regjeringen satt opp et nettbasert s\u00f8knads- og behandlingssystem. Det er mulig \u00e5 s\u00f8ke om en offisiell Canada eTA via nettstedet til<a href=\"https:\/\/www.canada.ca\/\"> Canadas regjering<\/a> gitt for dette form\u00e5let eller gjennom uavhengige nettsteder som vil f\u00f8lge deg i dine administrative prosedyrer og vil verifisere dataene som er oppgitt for \u00e5 unng\u00e5 feil som kan f\u00f8re til avslag p\u00e5 din offisielle Canada eTA.<\/p>\n\n<p>N\u00e5r du s\u00f8ker om en offisiell Canada eTA, vil du bli bedt om \u00e5 fylle ut eTA-skjemaet.<\/p>\n\n<p>Du m\u00e5 oppgi ulike opplysninger og personopplysninger om deg selv, som fornavn, etternavn, adresse, f\u00f8dselssted og -dato, yrke osv.<\/p>\n\n<p>I dette <a href=\"https:\/\/ave-eta-canada.com\/no\/fyll-ut-av-skjemaet-for-canada\/\">nettskjemaet<\/a> m\u00e5 du ogs\u00e5 svare p\u00e5 sp\u00f8rsm\u00e5l om bakgrunnen din: din helsetilstand, dine tidligere problemer med loven, om du noen gang har blitt nektet innreise til Canada eller et annet land, etc.<\/p>\n\n<p>Det er veldig viktig \u00e5 ha et gyldig pass for \u00e5 s\u00f8ke om et offisielt eTA Canada, fordi eTA er knyttet til nummeret p\u00e5 ditt biometriske eller elektroniske pass. Hvis du trenger et nytt pass, m\u00e5 du sende inn <a href=\"https:\/\/ave-eta-canada.com\/no\/send-en-offisiell-canada-eta-foresporsel\/\">en ny eTA-s\u00f8knad<\/a>.<\/p>\n","protected":false},"excerpt":{"rendered":"<p>Hvordan lage en offisiell Canada eTA-foresp\u00f8rsel? Hvis du planlegger \u00e5 reise til Canada, m\u00e5 du s\u00f8rge for at du har de riktige papirene i h\u00e5nden: pass, forsikring, returbillett, men ogs\u00e5 din offisielle reiseautorisasjon. Den offisielle Canada eTA er et sv\u00e6rt viktig dokument for alle som \u00f8nsker \u00e5 reise til Canada med fly, uten \u00e5 s\u00f8ke [&hellip;]<\/p>\n","protected":false},"author":1,"featured_media":0,"parent":0,"menu_order":0,"comment_status":"closed","ping_status":"closed","template":"","meta":{"footnotes":""},"class_list":["post-4066","page","type-page","status-publish","hentry"],"yoast_head":"<!-- This site is optimized with the Yoast SEO plugin v26.9 - https:\/\/yoast.com\/product\/yoast-seo-wordpress\/ -->\n<title>Send en offisiell Canada eTA-foresp\u00f8rsel<\/title>\n<meta name=\"description\" content=\"S\u00f8k om en offisiell Canada eTA p\u00e5 den kanadiske regjeringens nettsted eller p\u00e5 et sikkert uavhengig nettsted.\" \/>\n<meta name=\"robots\" content=\"index, follow, max-snippet:-1, max-image-preview:large, max-video-preview:-1\" \/>\n<link rel=\"canonical\" href=\"https:\/\/ave-eta-canada.com\/no\/send-en-offisiell-canada-eta-foresporsel\/\" \/>\n<meta property=\"og:locale\" content=\"nb_NO\" \/>\n<meta property=\"og:type\" content=\"article\" \/>\n<meta property=\"og:title\" content=\"Send en offisiell Canada eTA-foresp\u00f8rsel\" \/>\n<meta property=\"og:description\" content=\"S\u00f8k om en offisiell Canada eTA p\u00e5 den kanadiske regjeringens nettsted eller p\u00e5 et sikkert uavhengig nettsted.\" \/>\n<meta property=\"og:url\" content=\"https:\/\/ave-eta-canada.com\/no\/send-en-offisiell-canada-eta-foresporsel\/\" \/>\n<meta property=\"og:site_name\" content=\"VISA CANADA\" \/>\n<meta property=\"article:modified_time\" content=\"2023-04-29T10:04:07+00:00\" \/>\n<meta name=\"twitter:card\" content=\"summary_large_image\" \/>\n<meta name=\"twitter:label1\" content=\"Ansl. lesetid\" \/>\n\t<meta name=\"twitter:data1\" content=\"2 minutter\" \/>\n<script type=\"application\/ld+json\" class=\"yoast-schema-graph\">{\"@context\":\"https:\/\/schema.org\",\"@graph\":[{\"@type\":\"WebPage\",\"@id\":\"https:\/\/ave-eta-canada.com\/no\/send-en-offisiell-canada-eta-foresporsel\/\",\"url\":\"https:\/\/ave-eta-canada.com\/no\/send-en-offisiell-canada-eta-foresporsel\/\",\"name\":\"Send en offisiell Canada eTA-foresp\u00f8rsel\",\"isPartOf\":{\"@id\":\"https:\/\/ave-eta-canada.com\/no\/#website\"},\"datePublished\":\"2023-04-18T14:41:26+00:00\",\"dateModified\":\"2023-04-29T10:04:07+00:00\",\"description\":\"S\u00f8k om en offisiell Canada eTA p\u00e5 den kanadiske regjeringens nettsted eller p\u00e5 et sikkert uavhengig nettsted.\",\"breadcrumb\":{\"@id\":\"https:\/\/ave-eta-canada.com\/no\/send-en-offisiell-canada-eta-foresporsel\/#breadcrumb\"},\"inLanguage\":\"nb-NO\",\"potentialAction\":[{\"@type\":\"ReadAction\",\"target\":[\"https:\/\/ave-eta-canada.com\/no\/send-en-offisiell-canada-eta-foresporsel\/\"]}]},{\"@type\":\"BreadcrumbList\",\"@id\":\"https:\/\/ave-eta-canada.com\/no\/send-en-offisiell-canada-eta-foresporsel\/#breadcrumb\",\"itemListElement\":[{\"@type\":\"ListItem\",\"position\":1,\"name\":\"Home\",\"item\":\"https:\/\/ave-eta-canada.com\/no\/\"},{\"@type\":\"ListItem\",\"position\":2,\"name\":\"Send en offisiell Canada eTA-foresp\u00f8rsel\"}]},{\"@type\":\"WebSite\",\"@id\":\"https:\/\/ave-eta-canada.com\/no\/#website\",\"url\":\"https:\/\/ave-eta-canada.com\/no\/\",\"name\":\"VISA CANADA\",\"description\":\"Autorisation Voyage Electronique\",\"potentialAction\":[{\"@type\":\"SearchAction\",\"target\":{\"@type\":\"EntryPoint\",\"urlTemplate\":\"https:\/\/ave-eta-canada.com\/no\/?s={search_term_string}\"},\"query-input\":{\"@type\":\"PropertyValueSpecification\",\"valueRequired\":true,\"valueName\":\"search_term_string\"}}],\"inLanguage\":\"nb-NO\"}]}<\/script>\n<!-- \/ Yoast SEO plugin. -->","yoast_head_json":{"title":"Send en offisiell Canada eTA-foresp\u00f8rsel","description":"S\u00f8k om en offisiell Canada eTA p\u00e5 den kanadiske regjeringens nettsted eller p\u00e5 et sikkert uavhengig nettsted.","robots":{"index":"index","follow":"follow","max-snippet":"max-snippet:-1","max-image-preview":"max-image-preview:large","max-video-preview":"max-video-preview:-1"},"canonical":"https:\/\/ave-eta-canada.com\/no\/send-en-offisiell-canada-eta-foresporsel\/","og_locale":"nb_NO","og_type":"article","og_title":"Send en offisiell Canada eTA-foresp\u00f8rsel","og_description":"S\u00f8k om en offisiell Canada eTA p\u00e5 den kanadiske regjeringens nettsted eller p\u00e5 et sikkert uavhengig nettsted.","og_url":"https:\/\/ave-eta-canada.com\/no\/send-en-offisiell-canada-eta-foresporsel\/","og_site_name":"VISA CANADA","article_modified_time":"2023-04-29T10:04:07+00:00","twitter_card":"summary_large_image","twitter_misc":{"Ansl. lesetid":"2 minutter"},"schema":{"@context":"https:\/\/schema.org","@graph":[{"@type":"WebPage","@id":"https:\/\/ave-eta-canada.com\/no\/send-en-offisiell-canada-eta-foresporsel\/","url":"https:\/\/ave-eta-canada.com\/no\/send-en-offisiell-canada-eta-foresporsel\/","name":"Send en offisiell Canada eTA-foresp\u00f8rsel","isPartOf":{"@id":"https:\/\/ave-eta-canada.com\/no\/#website"},"datePublished":"2023-04-18T14:41:26+00:00","dateModified":"2023-04-29T10:04:07+00:00","description":"S\u00f8k om en offisiell Canada eTA p\u00e5 den kanadiske regjeringens nettsted eller p\u00e5 et sikkert uavhengig nettsted.","breadcrumb":{"@id":"https:\/\/ave-eta-canada.com\/no\/send-en-offisiell-canada-eta-foresporsel\/#breadcrumb"},"inLanguage":"nb-NO","potentialAction":[{"@type":"ReadAction","target":["https:\/\/ave-eta-canada.com\/no\/send-en-offisiell-canada-eta-foresporsel\/"]}]},{"@type":"BreadcrumbList","@id":"https:\/\/ave-eta-canada.com\/no\/send-en-offisiell-canada-eta-foresporsel\/#breadcrumb","itemListElement":[{"@type":"ListItem","position":1,"name":"Home","item":"https:\/\/ave-eta-canada.com\/no\/"},{"@type":"ListItem","position":2,"name":"Send en offisiell Canada eTA-foresp\u00f8rsel"}]},{"@type":"WebSite","@id":"https:\/\/ave-eta-canada.com\/no\/#website","url":"https:\/\/ave-eta-canada.com\/no\/","name":"VISA CANADA","description":"Autorisation Voyage Electronique","potentialAction":[{"@type":"SearchAction","target":{"@type":"EntryPoint","urlTemplate":"https:\/\/ave-eta-canada.com\/no\/?s={search_term_string}"},"query-input":{"@type":"PropertyValueSpecification","valueRequired":true,"valueName":"search_term_string"}}],"inLanguage":"nb-NO"}]}},"_links":{"self":[{"href":"https:\/\/ave-eta-canada.com\/no\/wp-json\/wp\/v2\/pages\/4066","targetHints":{"allow":["GET"]}}],"collection":[{"href":"https:\/\/ave-eta-canada.com\/no\/wp-json\/wp\/v2\/pages"}],"about":[{"href":"https:\/\/ave-eta-canada.com\/no\/wp-json\/wp\/v2\/types\/page"}],"author":[{"embeddable":true,"href":"https:\/\/ave-eta-canada.com\/no\/wp-json\/wp\/v2\/users\/1"}],"replies":[{"embeddable":true,"href":"https:\/\/ave-eta-canada.com\/no\/wp-json\/wp\/v2\/comments?post=4066"}],"version-history":[{"count":0,"href":"https:\/\/ave-eta-canada.com\/no\/wp-json\/wp\/v2\/pages\/4066\/revisions"}],"wp:attachment":[{"href":"https:\/\/ave-eta-canada.com\/no\/wp-json\/wp\/v2\/media?parent=4066"}],"curies":[{"name":"wp","href":"https:\/\/api.w.org\/{rel}","templated":true}]}}