{"id":4070,"date":"2023-04-18T14:41:26","date_gmt":"2023-04-18T14:41:26","guid":{"rendered":"https:\/\/ave-eta-canada.com\/hvordan-a-verifisere-en-av\/"},"modified":"2023-04-27T21:51:07","modified_gmt":"2023-04-27T21:51:07","slug":"hvordan-a-verifisere-en-eta","status":"publish","type":"page","link":"https:\/\/ave-eta-canada.com\/no\/hvordan-a-verifisere-en-eta\/","title":{"rendered":"Hvordan verifisere en eTA?"},"content":{"rendered":"\n<h1 class=\"wp-block-heading\">Hvordan sjekker jeg eTA for Canada?<\/h1>\n\n<p>Hvis du planlegger \u00e5 reise til Canada snart, m\u00e5 du f\u00f8r avreise sjekke at du har elektronisk reiseautorisasjon (eTA) for Canada og at den fortsatt er gyldig.<\/p>\n\n<p><strong>For et opphold p\u00e5 mindre enn 6 m\u00e5neder i Canada<\/strong> : Du kan utf\u00f8re formalitetene for \u00e5 komme inn i Canada direkte via Internett ved \u00e5 klikke p\u00e5 <a href=\"https:\/\/ave-eta-canada.com\/no\/canada-eta-skjema-online\/\">nettskjemaet<\/a>. Det er ikke n\u00f8dvendig \u00e5 f\u00e5 time ved den kanadiske ambassaden eller konsulatet.<\/p>\n\n<p>For \u00e5 <a href=\"https:\/\/ave-eta-canada.com\/no\/hvordan-sjekke-statusen-til-din-eta-canada-applikasjon\/\">sjekke hans eTA<\/a> har du to mulige sjekker: <\/p>\n\n<ul class=\"wp-block-list\"><li>Bekreft dataene som er lagt inn for \u00e5 sikre at autorisasjon er oppn\u00e5dd<\/li><li>Verifisering av eTA-status n\u00e5r foresp\u00f8rselen er sendt.<\/li><\/ul>\n\n<p>For \u00e5 hjelpe deg i denne prosessen, beskriver vi hvordan du g\u00e5r frem for disse to scenariene.<\/p>\n\n<h2 class=\"wp-block-heading\">Hva er Canada eTA?<\/h2>\n\n<p>F\u00f8r vi beskriver metodene for \u00e5 verifisere en eTA, la oss huske dens definisjon og betingelsene som den er utstedt under.<\/p>\n\n<p>eTA (Electronic Travel Authorization), er en autorisasjon for reise eller transitt p\u00e5 kanadisk territorium. I likhet med ESTA-autorisasjonen for USA, tar Canada eTA form av et elektronisk dokument som er direkte knyttet til passet ditt via et datasystem. N\u00e5r den er utstedt, er eTA-autorisasjonen gyldig i 5 \u00e5r fra utstedelsesdatoen. Men hvis passet ditt utl\u00f8per f\u00f8r denne fristen eller blir erstattet, vil eTA ikke lenger v\u00e6re gyldig. I l\u00f8pet av gyldighetsperioden lar den deg ogs\u00e5 reise s\u00e5 mange ganger du \u00f8nsker til Canada, forutsatt at du respekterer den lovlige varigheten av oppholdet (maks 6 m\u00e5neder p\u00e5 rad).<\/p>\n\n<h3 class=\"wp-block-heading\">Hvem gjelder Canada eTA for?<\/h3>\n\n<p>Canadas eTA gjelder for alle visumfritatte statsborgere, inkludert franske statsborgere, som reiser til Canada med fly eller transitt gjennom en kanadisk flyplass. I dag er innbyggerne i rundt femti land fritatt for visum for \u00e5 reise til Canada, blant disse statene finner vi spesielt landene i EU eller Australia.<\/p>\n\n<p>Merk at reisende som har visum, enten det er turistvisum, studentvisum eller arbeidstillatelse utstedt av konsul\u00e6re myndigheter, ikke trenger \u00e5 s\u00f8ke om eTA.<\/p>\n\n<h3 class=\"wp-block-heading\">Vilk\u00e5rene som skal oppfylles for \u00e5 oppn\u00e5 eTA<\/h3>\n\n<p>F\u00f8r du bestiller en Canada eTA, v\u00e6r oppmerksom p\u00e5 at visse betingelser gjelder, inkludert:<\/p>\n\n<ul class=\"wp-block-list\"><li>v\u00e6re i besittelse av et gyldig (helst) biometrisk pass;<\/li><li>\u00e5rsaken til reisen m\u00e5 v\u00e6re turist eller profesjonell (forretningsreiser);<\/li><li>reise med fly;<\/li><li>ikke oppholde seg mer enn seks m\u00e5neder p\u00e5 rad.<\/li><\/ul>\n\n<h3 class=\"wp-block-heading\">Hvordan s\u00f8ke om eTA?<\/h3>\n\n<p>Canada eTA-applikasjonen er en relativt enkel prosess hvis den gj\u00f8res riktig, du har to hovedm\u00e5ter \u00e5 fortsette:<\/p>\n\n<ul class=\"wp-block-list\"><li>bestille en eTA direkte p\u00e5 den offisielle kanadiske regjeringens nettsted;<\/li><li>bruke private sider, for eksempel v\u00e5r partner, for \u00e5 dra nytte av en st\u00f8ttetjeneste gjennom hele eTA-bestillingsprosessen.<\/li><\/ul>\n\n<p>N\u00e5 som du vet mer om tillatelsen til \u00e5 bli i Canada, la oss se p\u00e5 hovedinformasjonen for \u00e5 sjekke en eTA, for \u00e5 sikre at den er gyldig.<br\/><br\/><\/p>\n\n<h2 class=\"wp-block-heading\">Viktig informasjon for \u00e5 sjekke en eTA<\/h2>\n\n<p>For \u00e5 verifisere en eTA, er en av de f\u00f8rste tingene \u00e5 gj\u00f8re \u00e5 sjekke at sivilstatusinformasjonen som vises p\u00e5 dokumentet (etternavn, fornavn osv.) p\u00e5 alle m\u00e5ter samsvarer med det som er nevnt i passet. Faktisk er en enkel inntastingsfeil n\u00e5r du fyller ut <a href=\"https:\/\/ave-eta-canada.com\/no\/fyll-ut-av-skjemaet-for-canada\/\">nettskjemaet<\/a> nok til at din eTA blir avvist.<\/p>\n\n<p>Samtidig er det n\u00f8dvendig \u00e5 sjekke p\u00e5 eTA at nevnte passnummer er det samme som er synlig p\u00e5 ditt eget pass. Igjen, hvis det er noen feil, vil du mest sannsynlig bli nektet tillatelse.<\/p>\n\n<p>Vennligst merk: s\u00f8rg for \u00e5 bekrefte e-postadressen din, da dette er hvordan du vil motta svaret ditt.<\/p>\n\n<h2 class=\"wp-block-heading\">Sjekk statusen til en eTA<\/h2>\n\n<p>Etter en elektronisk eTA-s\u00f8knad sender den kanadiske regjeringen flere e-poster til e-postadressen som er nevnt p\u00e5 skjemaet for \u00e5:<\/p>\n\n<ul class=\"wp-block-list\"><li>bekrefte mottak av foresp\u00f8rselen;<\/li><li>be om informasjonsoppdateringer eller gi tilleggsinformasjon om n\u00f8dvendig;<\/li><li>informere om vedtak om s\u00f8knaden.<\/li><\/ul>\n\n<p>I tillegg tilbyr kanadiske myndigheter et elektronisk verifiseringsverkt\u00f8y for \u00e5 bekrefte statusen til en eTA. Dette er ment for to typer situasjoner:<\/p>\n\n<ul class=\"wp-block-list\"><li>den reisende har gjort en ny foresp\u00f8rsel, han \u00f8nsker \u00e5 sjekke statusen til autorisasjonen;<\/li><li>den reisende har allerede en eTA, men vil forsikre seg om at den fortsatt er gyldig eller bare finne den.<\/li><\/ul>\n\n<p>For \u00e5 sjekke statusen til din eTA via dette verkt\u00f8yet, trenger du bare \u00e5 ta med passet ditt og s\u00f8knadsnummeret som vises p\u00e5 bekreftelses-e-posten. Passinformasjonen som kreves er passnummer, utstedelsesland, utstedelsesdato og utl\u00f8psdato.<\/p>\n\n<p>Hvis det viser seg, at etter \u00e5 ha <a href=\"https:\/\/ave-eta-canada.com\/no\/hvordan-sjekke-statusen-til-din-eta-canada-applikasjon\/\">sjekket statusen til din eTA,<\/a> s\u00f8knaden avsl\u00e5s, vil det v\u00e6re n\u00f8dvendig \u00e5 s\u00f8ke om visum ved den kanadiske ambassaden dersom kvalifikasjonsbetingelsene ikke kan oppfylles eller \u00e5 g\u00e5 videre med en ny s\u00f8knad dersom avslaget skyldes en inntastingsfeil.<\/p>\n\n<p>N\u00e5r du har fullf\u00f8rt alle kontrollene og sikret <a href=\"https:\/\/ave-eta-canada.com\/no\/hvordan-a-verifisere-en-eta\/\">gyldigheten av din eTA<\/a>, har du offisielt rett til \u00e5 reise til l\u00f8nnelandet.<\/p>\n\n<p>Vennligst merk: selv om du har sjekket at din eTA er korrekt, garanterer ikke dette din tilgang til territoriet. Faktisk, n\u00e5r du ankommer flyplassen, vil du v\u00e6re underlagt kontroll av tollvesenet via en grensetjenesteoffiser, den eneste personen som er autorisert til \u00e5 vurdere om du har rett til \u00e5 oppholde deg eller transitt gjennom Canada.<\/p>\n\n<p>Merk: hvis du har <a href=\"https:\/\/ave-eta-canada.com\/no\/hvordan-finne-et-tapt-canada-eta\/\">mistet din Canada eTA<\/a>, skal s\u00f8keprosedyren ogs\u00e5 gj\u00f8res p\u00e5 den offisielle kanadiske regjeringens nettsted. <\/p>\n","protected":false},"excerpt":{"rendered":"<p>Hvordan sjekker jeg eTA for Canada? Hvis du planlegger \u00e5 reise til Canada snart, m\u00e5 du f\u00f8r avreise sjekke at du har elektronisk reiseautorisasjon (eTA) for Canada og at den fortsatt er gyldig. For et opphold p\u00e5 mindre enn 6 m\u00e5neder i Canada : Du kan utf\u00f8re formalitetene for \u00e5 komme inn i Canada direkte [&hellip;]<\/p>\n","protected":false},"author":1,"featured_media":0,"parent":0,"menu_order":0,"comment_status":"closed","ping_status":"closed","template":"","meta":{"footnotes":""},"class_list":["post-4070","page","type-page","status-publish","hentry"],"yoast_head":"<!-- This site is optimized with the Yoast SEO plugin v26.9 - https:\/\/yoast.com\/product\/yoast-seo-wordpress\/ -->\n<title>Hvordan verifisere en eTA?<\/title>\n<meta name=\"description\" content=\"F\u00f8r du reiser til Canada, er det viktig \u00e5 sjekke at eTA-autorisasjonen din er gyldig. Finn ut hvordan du enkelt utf\u00f8rer denne verifiseringen.\" \/>\n<meta name=\"robots\" content=\"index, follow, max-snippet:-1, max-image-preview:large, max-video-preview:-1\" \/>\n<link rel=\"canonical\" href=\"https:\/\/ave-eta-canada.com\/no\/hvordan-a-verifisere-en-eta\/\" \/>\n<meta property=\"og:locale\" content=\"nb_NO\" \/>\n<meta property=\"og:type\" content=\"article\" \/>\n<meta property=\"og:title\" content=\"Hvordan verifisere en eTA?\" \/>\n<meta property=\"og:description\" content=\"F\u00f8r du reiser til Canada, er det viktig \u00e5 sjekke at eTA-autorisasjonen din er gyldig. Finn ut hvordan du enkelt utf\u00f8rer denne verifiseringen.\" \/>\n<meta property=\"og:url\" content=\"https:\/\/ave-eta-canada.com\/no\/hvordan-a-verifisere-en-eta\/\" \/>\n<meta property=\"og:site_name\" content=\"VISA CANADA\" \/>\n<meta property=\"article:modified_time\" content=\"2023-04-27T21:51:07+00:00\" \/>\n<meta name=\"twitter:card\" content=\"summary_large_image\" \/>\n<meta name=\"twitter:label1\" content=\"Ansl. lesetid\" \/>\n\t<meta name=\"twitter:data1\" content=\"4 minutter\" \/>\n<script type=\"application\/ld+json\" class=\"yoast-schema-graph\">{\"@context\":\"https:\/\/schema.org\",\"@graph\":[{\"@type\":\"WebPage\",\"@id\":\"https:\/\/ave-eta-canada.com\/no\/hvordan-a-verifisere-en-eta\/\",\"url\":\"https:\/\/ave-eta-canada.com\/no\/hvordan-a-verifisere-en-eta\/\",\"name\":\"Hvordan verifisere en eTA?\",\"isPartOf\":{\"@id\":\"https:\/\/ave-eta-canada.com\/no\/#website\"},\"datePublished\":\"2023-04-18T14:41:26+00:00\",\"dateModified\":\"2023-04-27T21:51:07+00:00\",\"description\":\"F\u00f8r du reiser til Canada, er det viktig \u00e5 sjekke at eTA-autorisasjonen din er gyldig. Finn ut hvordan du enkelt utf\u00f8rer denne verifiseringen.\",\"breadcrumb\":{\"@id\":\"https:\/\/ave-eta-canada.com\/no\/hvordan-a-verifisere-en-eta\/#breadcrumb\"},\"inLanguage\":\"nb-NO\",\"potentialAction\":[{\"@type\":\"ReadAction\",\"target\":[\"https:\/\/ave-eta-canada.com\/no\/hvordan-a-verifisere-en-eta\/\"]}]},{\"@type\":\"BreadcrumbList\",\"@id\":\"https:\/\/ave-eta-canada.com\/no\/hvordan-a-verifisere-en-eta\/#breadcrumb\",\"itemListElement\":[{\"@type\":\"ListItem\",\"position\":1,\"name\":\"Home\",\"item\":\"https:\/\/ave-eta-canada.com\/no\/\"},{\"@type\":\"ListItem\",\"position\":2,\"name\":\"Hvordan verifisere en eTA?\"}]},{\"@type\":\"WebSite\",\"@id\":\"https:\/\/ave-eta-canada.com\/no\/#website\",\"url\":\"https:\/\/ave-eta-canada.com\/no\/\",\"name\":\"VISA CANADA\",\"description\":\"Autorisation Voyage Electronique\",\"potentialAction\":[{\"@type\":\"SearchAction\",\"target\":{\"@type\":\"EntryPoint\",\"urlTemplate\":\"https:\/\/ave-eta-canada.com\/no\/?s={search_term_string}\"},\"query-input\":{\"@type\":\"PropertyValueSpecification\",\"valueRequired\":true,\"valueName\":\"search_term_string\"}}],\"inLanguage\":\"nb-NO\"}]}<\/script>\n<!-- \/ Yoast SEO plugin. -->","yoast_head_json":{"title":"Hvordan verifisere en eTA?","description":"F\u00f8r du reiser til Canada, er det viktig \u00e5 sjekke at eTA-autorisasjonen din er gyldig. Finn ut hvordan du enkelt utf\u00f8rer denne verifiseringen.","robots":{"index":"index","follow":"follow","max-snippet":"max-snippet:-1","max-image-preview":"max-image-preview:large","max-video-preview":"max-video-preview:-1"},"canonical":"https:\/\/ave-eta-canada.com\/no\/hvordan-a-verifisere-en-eta\/","og_locale":"nb_NO","og_type":"article","og_title":"Hvordan verifisere en eTA?","og_description":"F\u00f8r du reiser til Canada, er det viktig \u00e5 sjekke at eTA-autorisasjonen din er gyldig. Finn ut hvordan du enkelt utf\u00f8rer denne verifiseringen.","og_url":"https:\/\/ave-eta-canada.com\/no\/hvordan-a-verifisere-en-eta\/","og_site_name":"VISA CANADA","article_modified_time":"2023-04-27T21:51:07+00:00","twitter_card":"summary_large_image","twitter_misc":{"Ansl. lesetid":"4 minutter"},"schema":{"@context":"https:\/\/schema.org","@graph":[{"@type":"WebPage","@id":"https:\/\/ave-eta-canada.com\/no\/hvordan-a-verifisere-en-eta\/","url":"https:\/\/ave-eta-canada.com\/no\/hvordan-a-verifisere-en-eta\/","name":"Hvordan verifisere en eTA?","isPartOf":{"@id":"https:\/\/ave-eta-canada.com\/no\/#website"},"datePublished":"2023-04-18T14:41:26+00:00","dateModified":"2023-04-27T21:51:07+00:00","description":"F\u00f8r du reiser til Canada, er det viktig \u00e5 sjekke at eTA-autorisasjonen din er gyldig. Finn ut hvordan du enkelt utf\u00f8rer denne verifiseringen.","breadcrumb":{"@id":"https:\/\/ave-eta-canada.com\/no\/hvordan-a-verifisere-en-eta\/#breadcrumb"},"inLanguage":"nb-NO","potentialAction":[{"@type":"ReadAction","target":["https:\/\/ave-eta-canada.com\/no\/hvordan-a-verifisere-en-eta\/"]}]},{"@type":"BreadcrumbList","@id":"https:\/\/ave-eta-canada.com\/no\/hvordan-a-verifisere-en-eta\/#breadcrumb","itemListElement":[{"@type":"ListItem","position":1,"name":"Home","item":"https:\/\/ave-eta-canada.com\/no\/"},{"@type":"ListItem","position":2,"name":"Hvordan verifisere en eTA?"}]},{"@type":"WebSite","@id":"https:\/\/ave-eta-canada.com\/no\/#website","url":"https:\/\/ave-eta-canada.com\/no\/","name":"VISA CANADA","description":"Autorisation Voyage Electronique","potentialAction":[{"@type":"SearchAction","target":{"@type":"EntryPoint","urlTemplate":"https:\/\/ave-eta-canada.com\/no\/?s={search_term_string}"},"query-input":{"@type":"PropertyValueSpecification","valueRequired":true,"valueName":"search_term_string"}}],"inLanguage":"nb-NO"}]}},"_links":{"self":[{"href":"https:\/\/ave-eta-canada.com\/no\/wp-json\/wp\/v2\/pages\/4070","targetHints":{"allow":["GET"]}}],"collection":[{"href":"https:\/\/ave-eta-canada.com\/no\/wp-json\/wp\/v2\/pages"}],"about":[{"href":"https:\/\/ave-eta-canada.com\/no\/wp-json\/wp\/v2\/types\/page"}],"author":[{"embeddable":true,"href":"https:\/\/ave-eta-canada.com\/no\/wp-json\/wp\/v2\/users\/1"}],"replies":[{"embeddable":true,"href":"https:\/\/ave-eta-canada.com\/no\/wp-json\/wp\/v2\/comments?post=4070"}],"version-history":[{"count":0,"href":"https:\/\/ave-eta-canada.com\/no\/wp-json\/wp\/v2\/pages\/4070\/revisions"}],"wp:attachment":[{"href":"https:\/\/ave-eta-canada.com\/no\/wp-json\/wp\/v2\/media?parent=4070"}],"curies":[{"name":"wp","href":"https:\/\/api.w.org\/{rel}","templated":true}]}}