{"id":4080,"date":"2023-04-18T14:41:27","date_gmt":"2023-04-18T14:41:27","guid":{"rendered":"https:\/\/ave-eta-canada.com\/vask-canada-er-det-obligatorisk\/"},"modified":"2023-04-29T10:24:42","modified_gmt":"2023-04-29T10:24:42","slug":"er-canada-eta-obligatorisk","status":"publish","type":"page","link":"https:\/\/ave-eta-canada.com\/no\/er-canada-eta-obligatorisk\/","title":{"rendered":"Er Canada eTA obligatorisk?"},"content":{"rendered":"\n<h1 class=\"wp-block-heading\">Er eTA Canada en forpliktelse?<\/h1>\n\n<p>Canada eTA er en elektronisk reiseautorisasjon satt opp av den kanadiske regjeringen. Det er innhentet f\u00f8r du reiser til Canada gjennom et online skjema tilgjengelig p\u00e5 regjeringens nettsted. <\/p>\n\n<p><strong>For et opphold p\u00e5 mindre enn 6 m\u00e5neder i Canada<\/strong> : Du kan utf\u00f8re formalitetene for \u00e5 komme inn i Canada direkte via Internett ved \u00e5 klikke p\u00e5 <a href=\"https:\/\/ave-eta-canada.com\/no\/canada-eta-skjema-online\/\">nettskjemaet<\/a>. Det er ikke n\u00f8dvendig \u00e5 f\u00e5 time ved den kanadiske ambassaden eller konsulatet.<\/p>\n\n<p>P\u00e5 sp\u00f8rsm\u00e5let er Canada eTA obligatorisk? Svaret er ja. Electronic Travel Authorization Canada er obligatorisk for enkelte reisende under visse betingelser. Vi forklarer her hva som er forpliktelsene til eTA Canada.<br\/><br\/><\/p>\n\n<h2 class=\"wp-block-heading\">N\u00e5r er Canada eTA obligatorisk?<\/h2>\n\n<p>Canada eTA ble gjort obligatorisk i november 2016 av kanadiske myndigheter. Prinsippet er enkelt: skaff deg en reisetillatelse f\u00f8r du reiser til Canada, noe som bidrar til \u00e5 lindre overbelastning ved kanadiske ambassader og grenseoverganger samtidig som landets indre sikkerhet sikres.<\/p>\n\n<p><a href=\"https:\/\/ave-eta-canada.com\/no\/alt-om-a-soke-om-en-eta-for-canada\/\">Canada eTA er obligatorisk<\/a> for innreise til kanadisk territorium kun med fly. Ethvert opphold i Canada til lands og sj\u00f8 krever derfor ikke at du s\u00f8ker om Canada eTA. Merk at eTA Canada-forpliktelsen ogs\u00e5 gjelder transitt med fly.<\/p>\n\n<p>Det er meningsl\u00f8st \u00e5 m\u00f8te opp p\u00e5 flyplassen uten den obligatoriske Canada eTA, fordi flyselskapene er forpliktet til \u00e5 nekte ombordstigning for alle som ikke oppfyller kravene til Canadas regjering n\u00e5r det gjelder immigrasjon. Det er derfor viktig \u00e5 f\u00e5 reisetillatelse f\u00f8r avreise.<br\/><br\/><\/p>\n\n<h2 class=\"wp-block-heading\">Hvem gjelder Canadas eTA-forpliktelse?<\/h2>\n\n<p>Canadas eTA-krav er kun for statsborgere i land som er fritatt for visum. Norge er en av dem, Nordmenns statsborgere m\u00e5 underkaste seg eTA Canada-forpliktelsen til \u00e5 reise til Canada.<\/p>\n\n<p>eTA Canada-forpliktelsen gjelder imidlertid ikke for franske statsborgere som bor i Saint-Pierre-et-Miquelon, hvis de reiser til Canada direkte fra Saint-Pierre-et-Miquelon. Fritatt fra eTA Canada-forpliktelsen er ogs\u00e5 reisende med dobbelt kanadisk eller amerikansk statsborgerskap (forutsatt at de har et gyldig pass &#8211; kanadisk eller amerikansk pass), kanadiske fastboende og, under visse betingelser, innehavere av et gyldig kanadisk visum (midlertidig oppholdsvisum, WHP, arbeidstillatelse, studietillatelse osv.).<\/p>\n\n<p>Reisetillatelsen tillater deg ikke \u00e5 <a href=\"https:\/\/ave-eta-canada.com\/no\/pvt-canada-hvordan-fa-din-arbeidsferie-tillatelse\/\">jobbe eller studere i Canada<\/a>. Det er heller ikke en innreisetillatelse: Grensetjenestevakten er ansvarlig for \u00e5 ta imot eller nekte passasjerer som ankommer grensen. Hans avgj\u00f8relse er basert p\u00e5 fremvisning av de obligatoriske reisedokumentene (pass, eTA, utreisebillett, etc.).<br\/><br\/><\/p>\n\n<h2 class=\"wp-block-heading\">Hva er de andre forpliktelsene til Canada eTA?<\/h2>\n\n<p>Canada eTA er knyttet til den reisendes pass. Enhver endring knyttet til passet inneb\u00e6rer s\u00e5ledes ugyldigheten av eTA, som inkluderer fornyelse av passet. Den obligatoriske Canada eTA m\u00e5 v\u00e6re oppdatert, ellers er innreise til Canada forbudt.<\/p>\n\n<p>Innehaveren av en eTA Canada har plikt til \u00e5 forlate landet senest 6 m\u00e5neder etter ankomst. Han kan imidlertid foreta s\u00e5 mange reiser til Canada han vil under <a href=\"https:\/\/ave-eta-canada.com\/no\/eta-canada-gyldig-varighet\/\">gyldigheten av eTA<\/a>. Det skal bemerkes at autorisasjonen utstedes for en periode p\u00e5 5 \u00e5r eller til utl\u00f8pet av passet, dersom det sistnevnte utl\u00f8per f\u00f8r slutten av den offisielle varigheten av eTA-autorisasjonen.<br\/><br\/><\/p>\n\n<h2 class=\"wp-block-heading\">Hvordan f\u00e5 den obligatoriske Canada eTA?<\/h2>\n\n<p>Den obligatoriske Canada eTA kan kun f\u00e5s online via den offisielle kanadiske regjeringens nettside eller gjennom en privat organisasjon, for eksempel v\u00e5r partner, for personlig assistanse. Du trenger ikke \u00e5 kontakte den kanadiske ambassaden eller konsulatet, da kun elektroniske s\u00f8knader behandles.<\/p>\n\n<p>Canada eTA-s\u00f8knaden best\u00e5r av \u00e5 fylle ut et skjema hvis felt viser til passdata og innehaverens personopplysninger. <a href=\"https:\/\/ave-eta-canada.com\/no\/fyll-ut-av-skjemaet-for-canada\/\">Nettskjemaet<\/a> fylles ut med 4 sp\u00f8rsm\u00e5l knyttet til ubehandlede sykdommer, straffbare forhold og den reisendes tidligere opphold.<\/p>\n\n<p>Skjemaet som skal fylles ut er validert n\u00e5r betalingen av autorisasjonsgebyret p\u00e5 7 kanadiske dollar er utf\u00f8rt. En kvittering for mottak sendes automatisk til e-postadressen som er oppgitt i skjemaet. Det endelige svaret f\u00f8lger vanligvis innen noen f\u00e5 minutter. Ved en ventende foresp\u00f8rsel, som er sjelden, sendes en e-post innen f\u00e5 dager med en liste over tilleggsdokumenter som skal leveres. Merk at du kan <a href=\"https:\/\/ave-eta-canada.com\/no\/hvordan-finne-en-eta\/\">finne eTA-s\u00f8knaden din<\/a> ved \u00e5 bruke nummeret du mottok p\u00e5 e-post.<\/p>\n\n<p>Merk at et avslag p\u00e5 eTA Canada ikke er et permanent forbud mot innreise til Canada. Den reisende kan enten gjenta foresp\u00f8rselen hvis han oppdager en skrivefeil, eller s\u00f8ke om visum ved ambassaden.<\/p>\n","protected":false},"excerpt":{"rendered":"<p>Er eTA Canada en forpliktelse? Canada eTA er en elektronisk reiseautorisasjon satt opp av den kanadiske regjeringen. Det er innhentet f\u00f8r du reiser til Canada gjennom et online skjema tilgjengelig p\u00e5 regjeringens nettsted. For et opphold p\u00e5 mindre enn 6 m\u00e5neder i Canada : Du kan utf\u00f8re formalitetene for \u00e5 komme inn i Canada direkte [&hellip;]<\/p>\n","protected":false},"author":1,"featured_media":0,"parent":0,"menu_order":0,"comment_status":"closed","ping_status":"closed","template":"","meta":{"footnotes":""},"class_list":["post-4080","page","type-page","status-publish","hentry"],"yoast_head":"<!-- This site is optimized with the Yoast SEO plugin v26.9 - https:\/\/yoast.com\/product\/yoast-seo-wordpress\/ -->\n<title>Er Canada eTA obligatorisk?<\/title>\n<meta name=\"description\" content=\"I november 2016 innf\u00f8rte den kanadiske regjeringen en elektronisk eTA-reisetillatelse. Er det obligatorisk? Hele svaret her.\" \/>\n<meta name=\"robots\" content=\"index, follow, max-snippet:-1, max-image-preview:large, max-video-preview:-1\" \/>\n<link rel=\"canonical\" href=\"https:\/\/ave-eta-canada.com\/no\/er-canada-eta-obligatorisk\/\" \/>\n<meta property=\"og:locale\" content=\"nb_NO\" \/>\n<meta property=\"og:type\" content=\"article\" \/>\n<meta property=\"og:title\" content=\"Er Canada eTA obligatorisk?\" \/>\n<meta property=\"og:description\" content=\"I november 2016 innf\u00f8rte den kanadiske regjeringen en elektronisk eTA-reisetillatelse. Er det obligatorisk? Hele svaret her.\" \/>\n<meta property=\"og:url\" content=\"https:\/\/ave-eta-canada.com\/no\/er-canada-eta-obligatorisk\/\" \/>\n<meta property=\"og:site_name\" content=\"VISA CANADA\" \/>\n<meta property=\"article:modified_time\" content=\"2023-04-29T10:24:42+00:00\" \/>\n<meta name=\"twitter:card\" content=\"summary_large_image\" \/>\n<meta name=\"twitter:label1\" content=\"Ansl. lesetid\" \/>\n\t<meta name=\"twitter:data1\" content=\"3 minutter\" \/>\n<script type=\"application\/ld+json\" class=\"yoast-schema-graph\">{\"@context\":\"https:\/\/schema.org\",\"@graph\":[{\"@type\":\"WebPage\",\"@id\":\"https:\/\/ave-eta-canada.com\/no\/er-canada-eta-obligatorisk\/\",\"url\":\"https:\/\/ave-eta-canada.com\/no\/er-canada-eta-obligatorisk\/\",\"name\":\"Er Canada eTA obligatorisk?\",\"isPartOf\":{\"@id\":\"https:\/\/ave-eta-canada.com\/no\/#website\"},\"datePublished\":\"2023-04-18T14:41:27+00:00\",\"dateModified\":\"2023-04-29T10:24:42+00:00\",\"description\":\"I november 2016 innf\u00f8rte den kanadiske regjeringen en elektronisk eTA-reisetillatelse. Er det obligatorisk? Hele svaret her.\",\"breadcrumb\":{\"@id\":\"https:\/\/ave-eta-canada.com\/no\/er-canada-eta-obligatorisk\/#breadcrumb\"},\"inLanguage\":\"nb-NO\",\"potentialAction\":[{\"@type\":\"ReadAction\",\"target\":[\"https:\/\/ave-eta-canada.com\/no\/er-canada-eta-obligatorisk\/\"]}]},{\"@type\":\"BreadcrumbList\",\"@id\":\"https:\/\/ave-eta-canada.com\/no\/er-canada-eta-obligatorisk\/#breadcrumb\",\"itemListElement\":[{\"@type\":\"ListItem\",\"position\":1,\"name\":\"Home\",\"item\":\"https:\/\/ave-eta-canada.com\/no\/\"},{\"@type\":\"ListItem\",\"position\":2,\"name\":\"Er Canada eTA obligatorisk?\"}]},{\"@type\":\"WebSite\",\"@id\":\"https:\/\/ave-eta-canada.com\/no\/#website\",\"url\":\"https:\/\/ave-eta-canada.com\/no\/\",\"name\":\"VISA CANADA\",\"description\":\"Autorisation Voyage Electronique\",\"potentialAction\":[{\"@type\":\"SearchAction\",\"target\":{\"@type\":\"EntryPoint\",\"urlTemplate\":\"https:\/\/ave-eta-canada.com\/no\/?s={search_term_string}\"},\"query-input\":{\"@type\":\"PropertyValueSpecification\",\"valueRequired\":true,\"valueName\":\"search_term_string\"}}],\"inLanguage\":\"nb-NO\"}]}<\/script>\n<!-- \/ Yoast SEO plugin. -->","yoast_head_json":{"title":"Er Canada eTA obligatorisk?","description":"I november 2016 innf\u00f8rte den kanadiske regjeringen en elektronisk eTA-reisetillatelse. Er det obligatorisk? Hele svaret her.","robots":{"index":"index","follow":"follow","max-snippet":"max-snippet:-1","max-image-preview":"max-image-preview:large","max-video-preview":"max-video-preview:-1"},"canonical":"https:\/\/ave-eta-canada.com\/no\/er-canada-eta-obligatorisk\/","og_locale":"nb_NO","og_type":"article","og_title":"Er Canada eTA obligatorisk?","og_description":"I november 2016 innf\u00f8rte den kanadiske regjeringen en elektronisk eTA-reisetillatelse. Er det obligatorisk? Hele svaret her.","og_url":"https:\/\/ave-eta-canada.com\/no\/er-canada-eta-obligatorisk\/","og_site_name":"VISA CANADA","article_modified_time":"2023-04-29T10:24:42+00:00","twitter_card":"summary_large_image","twitter_misc":{"Ansl. lesetid":"3 minutter"},"schema":{"@context":"https:\/\/schema.org","@graph":[{"@type":"WebPage","@id":"https:\/\/ave-eta-canada.com\/no\/er-canada-eta-obligatorisk\/","url":"https:\/\/ave-eta-canada.com\/no\/er-canada-eta-obligatorisk\/","name":"Er Canada eTA obligatorisk?","isPartOf":{"@id":"https:\/\/ave-eta-canada.com\/no\/#website"},"datePublished":"2023-04-18T14:41:27+00:00","dateModified":"2023-04-29T10:24:42+00:00","description":"I november 2016 innf\u00f8rte den kanadiske regjeringen en elektronisk eTA-reisetillatelse. Er det obligatorisk? Hele svaret her.","breadcrumb":{"@id":"https:\/\/ave-eta-canada.com\/no\/er-canada-eta-obligatorisk\/#breadcrumb"},"inLanguage":"nb-NO","potentialAction":[{"@type":"ReadAction","target":["https:\/\/ave-eta-canada.com\/no\/er-canada-eta-obligatorisk\/"]}]},{"@type":"BreadcrumbList","@id":"https:\/\/ave-eta-canada.com\/no\/er-canada-eta-obligatorisk\/#breadcrumb","itemListElement":[{"@type":"ListItem","position":1,"name":"Home","item":"https:\/\/ave-eta-canada.com\/no\/"},{"@type":"ListItem","position":2,"name":"Er Canada eTA obligatorisk?"}]},{"@type":"WebSite","@id":"https:\/\/ave-eta-canada.com\/no\/#website","url":"https:\/\/ave-eta-canada.com\/no\/","name":"VISA CANADA","description":"Autorisation Voyage Electronique","potentialAction":[{"@type":"SearchAction","target":{"@type":"EntryPoint","urlTemplate":"https:\/\/ave-eta-canada.com\/no\/?s={search_term_string}"},"query-input":{"@type":"PropertyValueSpecification","valueRequired":true,"valueName":"search_term_string"}}],"inLanguage":"nb-NO"}]}},"_links":{"self":[{"href":"https:\/\/ave-eta-canada.com\/no\/wp-json\/wp\/v2\/pages\/4080","targetHints":{"allow":["GET"]}}],"collection":[{"href":"https:\/\/ave-eta-canada.com\/no\/wp-json\/wp\/v2\/pages"}],"about":[{"href":"https:\/\/ave-eta-canada.com\/no\/wp-json\/wp\/v2\/types\/page"}],"author":[{"embeddable":true,"href":"https:\/\/ave-eta-canada.com\/no\/wp-json\/wp\/v2\/users\/1"}],"replies":[{"embeddable":true,"href":"https:\/\/ave-eta-canada.com\/no\/wp-json\/wp\/v2\/comments?post=4080"}],"version-history":[{"count":0,"href":"https:\/\/ave-eta-canada.com\/no\/wp-json\/wp\/v2\/pages\/4080\/revisions"}],"wp:attachment":[{"href":"https:\/\/ave-eta-canada.com\/no\/wp-json\/wp\/v2\/media?parent=4080"}],"curies":[{"name":"wp","href":"https:\/\/api.w.org\/{rel}","templated":true}]}}