{"id":4085,"date":"2023-04-18T14:41:32","date_gmt":"2023-04-18T14:41:32","guid":{"rendered":"https:\/\/ave-eta-canada.com\/ave-canada-dens-pris\/"},"modified":"2023-04-27T21:12:36","modified_gmt":"2023-04-27T21:12:36","slug":"eta-canada-dens-pris","status":"publish","type":"page","link":"https:\/\/ave-eta-canada.com\/no\/eta-canada-dens-pris\/","title":{"rendered":"Canada eTA: prisen"},"content":{"rendered":"\n<h1 class=\"wp-block-heading\">Hva er prisen p\u00e5 Canada eTA?<\/h1>\n\n<p>Canada er en dr\u00f8mmedestinasjon for millioner av mennesker hvert \u00e5r. Perfekt for ferier med familie, venner, par eller til og med alene, det er n\u00e5 mulig \u00e5 komme seg dit enkelt takket v\u00e6re Canada eTA (Electronic Travel Authorization). Den elektroniske reisetillatelsen for Canada lar deg nyte de mange aktivitetene som tilbys av landet uten \u00e5 s\u00f8ke om visum. <\/p>\n\n<p><strong>For et opphold p\u00e5 mindre enn 6 m\u00e5neder i Canada<\/strong> : Du kan utf\u00f8re formalitetene for \u00e5 komme inn i Canada direkte via Internett ved \u00e5 klikke p\u00e5 <a href=\"https:\/\/ave-eta-canada.com\/no\/canada-eta-skjema-online\/\">nettskjemaet<\/a>. Det er ikke n\u00f8dvendig \u00e5 f\u00e5 time ved den kanadiske ambassaden eller konsulatet.<\/p>\n\n<br\/>\n\n<h2 class=\"wp-block-heading\">Sammenligning av prisen p\u00e5 Canada eTA og Canada visum<\/h2>\n\n<p>eTA, eller <a href=\"https:\/\/ave-eta-canada.com\/no\/nar-skal-man-soke-om-eta-autorisasjon-for-canada\/\">elektronisk reiseautorisasjon<\/a>, gj\u00f8r at utenlandske statsborgere kan fritas fra \u00e5 s\u00f8ke om visum for \u00e5 reise til Canada med fly eller transitt f\u00f8r de flyr til en annen destinasjon. Bare statsborgere fra landene som er ber\u00f8rt av denne enheten kan dra nytte av denne laissez-passeren. Den reisende m\u00e5 ogs\u00e5 v\u00e6re i besittelse av gyldig pass og oppholde seg i Canada i maksimalt 6 m\u00e5neder. Fordel med eTA: den er gyldig i fem \u00e5r, noe som lar deg reise tilbake for \u00e5 bes\u00f8ke Canada s\u00e5 mange ganger du \u00f8nsker mens du respekterer tiden som er tillatt for hvert bes\u00f8k (maks. 6 m\u00e5neder). P\u00e5 den annen side, forvent ikke \u00e5 kunne jobbe i Canada, bo der, gj\u00f8re et internship eller studere ved et kanadisk universitet med eTA. Hvis dette er m\u00e5let ditt, m\u00e5 du s\u00f8ke om WHP (Working Holiday Permit) eller visum.<\/p>\n\n<p>Det er noen ganger komplisert \u00e5 f\u00e5 visum for en ferie i Canada. Den kanadiske regjeringen m\u00e5 faktisk respektere utstedelseskvoter. Dette er grunnen til at vilk\u00e5rene er vanskelige \u00e5 oppfylle (spesielt bevis p\u00e5 h\u00f8ye \u00f8konomiske ressurser). Trinnene (foresp\u00f8rselen og opprettelsen av filen med n\u00f8dvendige dokumenter) og responstiden er lang og prisen er h\u00f8yere enn for en eTA Canada. Prisen p\u00e5 et midlertidig visum for Canada er 100 til 150 $ CAN, som representerer et reelt budsjett sammenlignet med prisen p\u00e5 <a>eTA Canada<\/a>, spesielt hvis du reiser med flere personer! For mer informasjon om det kanadiske visumet, ikke n\u00f8l med \u00e5 bes\u00f8ke nettsiden til den kanadiske ambassaden.<\/p>\n\n<p>Som du har forst\u00e5tt, for \u00e5 oppdage Canada, smake p\u00e5 spesialiteter som poutine eller shepherd&#8217;s pie (lik v\u00e5r shepherd&#8217;s pie, men med mais), anbefaler vi deg sterkt \u00e5 s\u00f8ke om en eTA Canada, fordi prisen er mye lavere enn prisen p\u00e5 et visum. Toronto (den mest kosmopolitiske byen!), Quebec, Ottawa og Vancouver venter p\u00e5 deg!<br\/><br\/><\/p>\n\n<h2 class=\"wp-block-heading\">Bestill en Canada eTA og kjenn prisen<\/h2>\n\n<p>Dersom flere av dere skal p\u00e5 denne turen til Canada, v\u00e6r oppmerksom p\u00e5 at det enn\u00e5 ikke er mulig \u00e5 lage en gruppeforesp\u00f8rsel og betale eTA Canada-prisen for flere personer samtidig. S\u00f8knader gj\u00f8res en etter en, individuelt, og <a href=\"https:\/\/ave-eta-canada.com\/no\/eta-canada-dens-pris\/\">eTA-avgifter<\/a> m\u00e5 betales separat.<\/p>\n\n<p>Dokumentene som kreves for \u00e5 s\u00f8ke er: alle passene du trenger (sjekk gyldigheten deres) og et betalingskort. For \u00e5 s\u00f8ke om din eTA online, har du to alternativer:<\/p>\n\n<ul class=\"wp-block-list\"><li>fortsett med foresp\u00f8rselen via et privat nettsted, et team tar seg deretter av \u00e5 utf\u00f8re bestillingen for deg for \u00e5 unng\u00e5 feil n\u00e5r du fyller ut nettskjemaet;<\/li><li>fortsett med foresp\u00f8rselen p\u00e5 den offisielle nettsiden til den kanadiske regjeringen. Du m\u00e5 fylle ut hvert felt i skjemaet n\u00f8ye og svare \u00e6rlig p\u00e5 sp\u00f8rsm\u00e5lene. V\u00e6r oppmerksom p\u00e5 at en enkelt feil kan f\u00f8re til umiddelbar avvisning av filen din.<\/li><\/ul>\n\n<p>Etter \u00e5 ha fylt ut skjemaet s\u00e5 n\u00f8ye som mulig, vil du bli bedt om en sum for \u00e5 definitivt bekrefte foresp\u00f8rselen din.<\/p>\n\n<p>N\u00e5r du g\u00e5r gjennom den kanadiske regjeringens nettsted, vil du bli bedt om \u00e5 betale summen av CAN$7 (kanadiske dollar). Hvis du ber om tjenestene til en privat plattform, vil tilleggsavgifter p\u00e5l\u00f8pe, men prisen er fortsatt attraktiv!<\/p>\n\n<p>Et svar leveres vanligvis til e-posten din i l\u00f8pet av noen f\u00e5 minutter. Men ikke bekymre deg, hvis du ikke har mottatt et umiddelbart svar, kan det ta noen dager.<\/p>\n\n<p>N\u00e5r <a href=\"https:\/\/ave-eta-canada.com\/no\/hva-er-fristen-for-a-fa-canada-eta\/\">din Canada eTA<\/a> er validert, kan du fly til Canada. V\u00e6r imidlertid oppmerksom p\u00e5 at kun tolleren, p\u00e5 stedet, bestemmer om du kan sette din fot p\u00e5 kanadisk jord eller ikke.<\/p>\n\n<p>Her er v\u00e5rt siste r\u00e5d til reisende n\u00e5 som du vet prisen p\u00e5 eTA Canada: f\u00f8r du reiser til Canada, ikke glem \u00e5 tenke p\u00e5 reiseforsikring i tilfelle et problem og en chapka hvis du flyr bort om vinteren.<\/p>\n\n<p>Her g\u00e5r vi, nyt oppholdet i Canada!<\/p>\n","protected":false},"excerpt":{"rendered":"<p>Hva er prisen p\u00e5 Canada eTA? Canada er en dr\u00f8mmedestinasjon for millioner av mennesker hvert \u00e5r. Perfekt for ferier med familie, venner, par eller til og med alene, det er n\u00e5 mulig \u00e5 komme seg dit enkelt takket v\u00e6re Canada eTA (Electronic Travel Authorization). Den elektroniske reisetillatelsen for Canada lar deg nyte de mange aktivitetene [&hellip;]<\/p>\n","protected":false},"author":1,"featured_media":0,"parent":0,"menu_order":0,"comment_status":"closed","ping_status":"closed","template":"","meta":{"footnotes":""},"class_list":["post-4085","page","type-page","status-publish","hentry"],"yoast_head":"<!-- This site is optimized with the Yoast SEO plugin v26.9 - https:\/\/yoast.com\/product\/yoast-seo-wordpress\/ -->\n<title>Canada eTA: prisen<\/title>\n<meta name=\"description\" content=\"\u00d8nsker du \u00e5 s\u00f8ke p\u00e5 eTA Canada, men vet ikke kostnadene? V\u00e5rt team av eksperter avsl\u00f8rer alt i denne artikkelen!\" \/>\n<meta name=\"robots\" content=\"index, follow, max-snippet:-1, max-image-preview:large, max-video-preview:-1\" \/>\n<link rel=\"canonical\" href=\"https:\/\/ave-eta-canada.com\/no\/eta-canada-dens-pris\/\" \/>\n<meta property=\"og:locale\" content=\"nb_NO\" \/>\n<meta property=\"og:type\" content=\"article\" \/>\n<meta property=\"og:title\" content=\"Canada eTA: prisen\" \/>\n<meta property=\"og:description\" content=\"\u00d8nsker du \u00e5 s\u00f8ke p\u00e5 eTA Canada, men vet ikke kostnadene? V\u00e5rt team av eksperter avsl\u00f8rer alt i denne artikkelen!\" \/>\n<meta property=\"og:url\" content=\"https:\/\/ave-eta-canada.com\/no\/eta-canada-dens-pris\/\" \/>\n<meta property=\"og:site_name\" content=\"VISA CANADA\" \/>\n<meta property=\"article:modified_time\" content=\"2023-04-27T21:12:36+00:00\" \/>\n<meta name=\"twitter:card\" content=\"summary_large_image\" \/>\n<meta name=\"twitter:label1\" content=\"Ansl. lesetid\" \/>\n\t<meta name=\"twitter:data1\" content=\"4 minutter\" \/>\n<script type=\"application\/ld+json\" class=\"yoast-schema-graph\">{\"@context\":\"https:\/\/schema.org\",\"@graph\":[{\"@type\":\"WebPage\",\"@id\":\"https:\/\/ave-eta-canada.com\/no\/eta-canada-dens-pris\/\",\"url\":\"https:\/\/ave-eta-canada.com\/no\/eta-canada-dens-pris\/\",\"name\":\"Canada eTA: prisen\",\"isPartOf\":{\"@id\":\"https:\/\/ave-eta-canada.com\/no\/#website\"},\"datePublished\":\"2023-04-18T14:41:32+00:00\",\"dateModified\":\"2023-04-27T21:12:36+00:00\",\"description\":\"\u00d8nsker du \u00e5 s\u00f8ke p\u00e5 eTA Canada, men vet ikke kostnadene? V\u00e5rt team av eksperter avsl\u00f8rer alt i denne artikkelen!\",\"breadcrumb\":{\"@id\":\"https:\/\/ave-eta-canada.com\/no\/eta-canada-dens-pris\/#breadcrumb\"},\"inLanguage\":\"nb-NO\",\"potentialAction\":[{\"@type\":\"ReadAction\",\"target\":[\"https:\/\/ave-eta-canada.com\/no\/eta-canada-dens-pris\/\"]}]},{\"@type\":\"BreadcrumbList\",\"@id\":\"https:\/\/ave-eta-canada.com\/no\/eta-canada-dens-pris\/#breadcrumb\",\"itemListElement\":[{\"@type\":\"ListItem\",\"position\":1,\"name\":\"Home\",\"item\":\"https:\/\/ave-eta-canada.com\/no\/\"},{\"@type\":\"ListItem\",\"position\":2,\"name\":\"Canada eTA: prisen\"}]},{\"@type\":\"WebSite\",\"@id\":\"https:\/\/ave-eta-canada.com\/no\/#website\",\"url\":\"https:\/\/ave-eta-canada.com\/no\/\",\"name\":\"VISA CANADA\",\"description\":\"Autorisation Voyage Electronique\",\"potentialAction\":[{\"@type\":\"SearchAction\",\"target\":{\"@type\":\"EntryPoint\",\"urlTemplate\":\"https:\/\/ave-eta-canada.com\/no\/?s={search_term_string}\"},\"query-input\":{\"@type\":\"PropertyValueSpecification\",\"valueRequired\":true,\"valueName\":\"search_term_string\"}}],\"inLanguage\":\"nb-NO\"}]}<\/script>\n<!-- \/ Yoast SEO plugin. -->","yoast_head_json":{"title":"Canada eTA: prisen","description":"\u00d8nsker du \u00e5 s\u00f8ke p\u00e5 eTA Canada, men vet ikke kostnadene? V\u00e5rt team av eksperter avsl\u00f8rer alt i denne artikkelen!","robots":{"index":"index","follow":"follow","max-snippet":"max-snippet:-1","max-image-preview":"max-image-preview:large","max-video-preview":"max-video-preview:-1"},"canonical":"https:\/\/ave-eta-canada.com\/no\/eta-canada-dens-pris\/","og_locale":"nb_NO","og_type":"article","og_title":"Canada eTA: prisen","og_description":"\u00d8nsker du \u00e5 s\u00f8ke p\u00e5 eTA Canada, men vet ikke kostnadene? V\u00e5rt team av eksperter avsl\u00f8rer alt i denne artikkelen!","og_url":"https:\/\/ave-eta-canada.com\/no\/eta-canada-dens-pris\/","og_site_name":"VISA CANADA","article_modified_time":"2023-04-27T21:12:36+00:00","twitter_card":"summary_large_image","twitter_misc":{"Ansl. lesetid":"4 minutter"},"schema":{"@context":"https:\/\/schema.org","@graph":[{"@type":"WebPage","@id":"https:\/\/ave-eta-canada.com\/no\/eta-canada-dens-pris\/","url":"https:\/\/ave-eta-canada.com\/no\/eta-canada-dens-pris\/","name":"Canada eTA: prisen","isPartOf":{"@id":"https:\/\/ave-eta-canada.com\/no\/#website"},"datePublished":"2023-04-18T14:41:32+00:00","dateModified":"2023-04-27T21:12:36+00:00","description":"\u00d8nsker du \u00e5 s\u00f8ke p\u00e5 eTA Canada, men vet ikke kostnadene? V\u00e5rt team av eksperter avsl\u00f8rer alt i denne artikkelen!","breadcrumb":{"@id":"https:\/\/ave-eta-canada.com\/no\/eta-canada-dens-pris\/#breadcrumb"},"inLanguage":"nb-NO","potentialAction":[{"@type":"ReadAction","target":["https:\/\/ave-eta-canada.com\/no\/eta-canada-dens-pris\/"]}]},{"@type":"BreadcrumbList","@id":"https:\/\/ave-eta-canada.com\/no\/eta-canada-dens-pris\/#breadcrumb","itemListElement":[{"@type":"ListItem","position":1,"name":"Home","item":"https:\/\/ave-eta-canada.com\/no\/"},{"@type":"ListItem","position":2,"name":"Canada eTA: prisen"}]},{"@type":"WebSite","@id":"https:\/\/ave-eta-canada.com\/no\/#website","url":"https:\/\/ave-eta-canada.com\/no\/","name":"VISA CANADA","description":"Autorisation Voyage Electronique","potentialAction":[{"@type":"SearchAction","target":{"@type":"EntryPoint","urlTemplate":"https:\/\/ave-eta-canada.com\/no\/?s={search_term_string}"},"query-input":{"@type":"PropertyValueSpecification","valueRequired":true,"valueName":"search_term_string"}}],"inLanguage":"nb-NO"}]}},"_links":{"self":[{"href":"https:\/\/ave-eta-canada.com\/no\/wp-json\/wp\/v2\/pages\/4085","targetHints":{"allow":["GET"]}}],"collection":[{"href":"https:\/\/ave-eta-canada.com\/no\/wp-json\/wp\/v2\/pages"}],"about":[{"href":"https:\/\/ave-eta-canada.com\/no\/wp-json\/wp\/v2\/types\/page"}],"author":[{"embeddable":true,"href":"https:\/\/ave-eta-canada.com\/no\/wp-json\/wp\/v2\/users\/1"}],"replies":[{"embeddable":true,"href":"https:\/\/ave-eta-canada.com\/no\/wp-json\/wp\/v2\/comments?post=4085"}],"version-history":[{"count":0,"href":"https:\/\/ave-eta-canada.com\/no\/wp-json\/wp\/v2\/pages\/4085\/revisions"}],"wp:attachment":[{"href":"https:\/\/ave-eta-canada.com\/no\/wp-json\/wp\/v2\/media?parent=4085"}],"curies":[{"name":"wp","href":"https:\/\/api.w.org\/{rel}","templated":true}]}}