{"id":4105,"date":"2023-04-18T14:41:33","date_gmt":"2023-04-18T14:41:33","guid":{"rendered":"https:\/\/ave-eta-canada.com\/hva-a-gjore-i-tilfelle-feil-pa-lava-canada\/"},"modified":"2023-05-01T13:04:39","modified_gmt":"2023-05-01T13:04:39","slug":"hva-a-gjore-i-tilfelle-feil-pa-eta-canada","status":"publish","type":"page","link":"https:\/\/ave-eta-canada.com\/no\/hva-a-gjore-i-tilfelle-feil-pa-eta-canada\/","title":{"rendered":"Hva skal jeg gj\u00f8re i tilfelle feil p\u00e5 Canada eTA?"},"content":{"rendered":"\n<h1 class=\"wp-block-heading\">Feil p\u00e5 Canada eTA: hva skal jeg gj\u00f8re?<\/h1>\n\n<p>For \u00e5 reise til Canada krever den kanadiske regjeringen at utenlandske statsborgere s\u00f8ker om en eTA electronic Travel Authorization). For \u00e5 f\u00e5 denne autorisasjonen til \u00e5 bli i Canada, fyll ut <a href=\"https:\/\/ave-eta-canada.com\/no\/canada-eta-skjema-online\/\">nettskjemaet<\/a>. <\/p>\n\n<p>Det er ikke n\u00f8dvendig \u00e5 g\u00e5 til den kanadiske ambassaden for \u00e5 s\u00f8ke om et kanadisk visum. Selv om formalitetene til eTA er mye enklere, krever prosessen en viss strenghet. I tilfelle en feil, kan din Canada eTA faktisk bli avvist.<\/p>\n\n<p><a href=\"https:\/\/ave-eta-canada.com\/no\/\">eTA-skjemaet<\/a> f\u00f8lger samme prinsipp som ESTA-skjemaet satt opp av amerikanske myndigheter, for \u00e5 reise til USA. Det har form av et nettbasert sp\u00f8rreskjema hvor du blir bedt om \u00e5 oppgi flere typer informasjon, inkludert identitets- og passinformasjon. Dataene som legges inn m\u00e5 samsvare n\u00f8yaktig med dem p\u00e5 passet. En enkelt feil p\u00e5 Canada eTA er nok til at s\u00f8knaden din kanselleres.<\/p>\n\n<p>La oss sammen se hvordan prosedyren skal f\u00f8lges hvis du har gjort en feil n\u00e5r du s\u00f8ker om tillatelse til \u00e5 bli i Canada.<br\/><br\/><\/p>\n\n<h2 class=\"wp-block-heading\">Feil p\u00e5 Canada eTA: f\u00f8r eller etter sending av foresp\u00f8rselen?<\/h2>\n\n<p>Som en p\u00e5minnelse er Canada eTA beregnet p\u00e5 borgere fra medlemsland i det kanadiske programmet for visumfritak. Det utstedes innenfor rammen av et turistopphold, en transitt eller en forretningsreise p\u00e5 mindre enn seks m\u00e5neder med fly. I motsetning til visumet, gj\u00f8res eTA eksternt og krever ganske enkelt \u00e5 ha et gyldig pass.<\/p>\n\n<p>Organisasjonen som administrerer utstedelsen av eTA Canada, IRCC (Immigration, Refugees and Citizenship Canada), kontrollerer n\u00f8ye informasjonen som gis under netts\u00f8knaden. Som s\u00e5dan, hvis datasystemene innser at s\u00f8keren har gitt falsk informasjon eller gjort en feil p\u00e5 deres Canada eTA n\u00e5r han skrev inn <a href=\"https:\/\/ave-eta-canada.com\/no\/fyll-ut-av-skjemaet-for-canada\/\">eTA-skjemaet<\/a>, vil s\u00f8knaden mest sannsynlig bli kansellert.<\/p>\n\n<h3 class=\"wp-block-heading\">Feil f\u00f8r nettbetaling<\/h3>\n\n<p>Enten du s\u00f8ker om en midlertidig oppholdstillatelse p\u00e5 den kanadiske regjeringens nettsted eller p\u00e5 en privat side, har du alltid muligheten til \u00e5 endre informasjonen din og rette eventuelle feil p\u00e5 Canadas eTA f\u00f8r betaling og validering av det spurte.<\/p>\n\n<p>P\u00e5 den annen side, hvis du oppdager en feil etter \u00e5 ha betalt foresp\u00f8rselen din, er formalitetene annerledes.<\/p>\n\n<h3 class=\"wp-block-heading\">Feil etter sending av eTA-foresp\u00f8rsel<\/h3>\n\n<p>Hvis du oppdaget en feil p\u00e5 din Canada eTA etter \u00e5 ha sendt filen, er det dessverre for sent. Faktisk, hvis feilen med uoppmerksomhet gjelder passnummeret ditt eller navnet ditt for eksempel, har du ikke mulighet til \u00e5 <a href=\"https:\/\/ave-eta-canada.com\/no\/hvordan-endre-en-eta-autorisasjon-for-canada\/\">endre eTA<\/a> etter betalingen og sendingen av foresp\u00f8rselen.<\/p>\n\n<p>Den eneste mulige l\u00f8sningen er \u00e5 s\u00f8ke om en ny autorisasjon for \u00e5 reise til Canada, enten p\u00e5 den offisielle nettsiden til Canadas regjering, eller p\u00e5 nettsiden til v\u00e5r partner.<\/p>\n\n<p>Fornyelse av en foresp\u00f8rsel medf\u00f8rer et gebyr. Etter \u00e5 ha sendt den nye foresp\u00f8rselen, m\u00e5 du igjen betale de administrative kostnadene som er n\u00f8dvendige for \u00e5 f\u00e5 eTA.<\/p>\n\n<p>V\u00e6r imidlertid oppmerksom p\u00e5 at, selv etter sending, har du muligheten til \u00e5 endre visse opplysninger som vises p\u00e5 reiseautorisasjonen din (e-postadresse og telefonnummer). For \u00e5 <a href=\"https:\/\/ave-eta-canada.com\/no\/hvordan-finne-et-tapt-canada-eta\/\">finne din eTA<\/a> og endre den trenger du bare \u00e5 ta med filnummeret som ble tildelt da du registrerte deg online.<br\/><br\/><\/p>\n\n<h2 class=\"wp-block-heading\">Forhindrer eventuelle feil i Canada eTA-applikasjonen<\/h2>\n\n<p>N\u00e5r du fyller ut eTA-nettskjemaet, er det tilr\u00e5delig \u00e5 sjekke informasjonen som er oppgitt n\u00f8ye. V\u00e6r oppmerksom p\u00e5 at de fleste feilene i Canada eTA-applikasjonen er relatert til det biometriske eller elektroniske passnummeret. For \u00e5 angi dette nummeret riktig, her er noen tips:<\/p>\n\n<ul class=\"wp-block-list\"><li>flertallet av passnumrene best\u00e5r av 9 tegn. S\u00e5 s\u00f8rg for at nummeret du skriver inn verken er lengre eller kortere;<\/li><li>passnummeret er en alfanumerisk sekvens, s\u00e5 v\u00e6r forsiktig s\u00e5 du ikke forveksler tallet 0 med bokstaven O og tallet 1 med bokstaven I;<\/li><li>pass p\u00e5 at du ikke skriver inn andre tegn som bindestreker eller skilletegn.<\/li><\/ul>\n\n<p>I tillegg skyldes noen feil p\u00e5 Canada eTA-applikasjonen feil valg av passutstedende landskode. Faktisk har hver stat en identifikasjonskode. Hvis du er norsk statsborger, s\u00f8rg for \u00e5 velge koden &laquo;NOR&raquo;.<\/p>\n\n<p>Hvis du \u00f8nsker \u00e5 maksimere sjansene dine for \u00e5 f\u00e5 det, kan det v\u00e6re nyttig \u00e5 s\u00f8ke om eTA via et privat nettsted, som for eksempel partneren v\u00e5r. Faktisk best\u00e5r disse plattformene av eksperter som vil ta seg av \u00e5 sjekke filen din og rette feil om n\u00f8dvendig.<\/p>\n\n<h3 class=\"wp-block-heading\">Avslag etter retting av feil p\u00e5 Canada eTA<\/h3>\n\n<p>Hvis myndighetene nekter \u00e5 gi deg tillatelse til \u00e5 reise til Canada, selv etter \u00e5 ha korrigert feilene dine i Canada eTA-s\u00f8knaden, betyr det at du sannsynligvis ikke oppfyller en av <a href=\"https:\/\/ave-eta-canada.com\/no\/alt-vet-om-av-betingelser-for-reise-i-canada\/\">betingelsene som kreves for \u00e5 v\u00e6re kvalifisert for eTA<\/a> .<\/p>\n\n<p>Sjekk f\u00f8rst at du er i besittelse av et gyldig pass. Om n\u00f8dvendig m\u00e5 du s\u00f8ke om nytt pass.<\/p>\n\n<p>Hvis du planlegger \u00e5 ta et internship, studere eller jobbe i Canada, v\u00e6r oppmerksom p\u00e5 at eTA ikke gjelder for disse tilfellene. For \u00e5 gj\u00f8re dette m\u00e5 du g\u00e5 til den kanadiske ambassaden og s\u00f8ke om visum.<\/p>\n\n<p>Merk at hvis du allerede har et kanadisk visum eller et permanent oppholdskort, vil ikke eTA-dokumentet v\u00e6re nyttig for deg.<\/p>\n","protected":false},"excerpt":{"rendered":"<p>Feil p\u00e5 Canada eTA: hva skal jeg gj\u00f8re? For \u00e5 reise til Canada krever den kanadiske regjeringen at utenlandske statsborgere s\u00f8ker om en eTA electronic Travel Authorization). For \u00e5 f\u00e5 denne autorisasjonen til \u00e5 bli i Canada, fyll ut nettskjemaet. Det er ikke n\u00f8dvendig \u00e5 g\u00e5 til den kanadiske ambassaden for \u00e5 s\u00f8ke om et [&hellip;]<\/p>\n","protected":false},"author":1,"featured_media":0,"parent":0,"menu_order":0,"comment_status":"closed","ping_status":"closed","template":"","meta":{"footnotes":""},"class_list":["post-4105","page","type-page","status-publish","hentry"],"yoast_head":"<!-- This site is optimized with the Yoast SEO plugin v26.9 - https:\/\/yoast.com\/product\/yoast-seo-wordpress\/ -->\n<title>Hva skal jeg gj\u00f8re i tilfelle feil p\u00e5 Canada eTA?<\/title>\n<meta name=\"description\" content=\"Canada eTA er et viktig dokument for \u00e5 reise til Canada. Ved den minste feil under netts\u00f8knaden kan autorisasjonen v\u00e6re ugyldig.\" \/>\n<meta name=\"robots\" content=\"index, follow, max-snippet:-1, max-image-preview:large, max-video-preview:-1\" \/>\n<link rel=\"canonical\" href=\"https:\/\/ave-eta-canada.com\/no\/hva-a-gjore-i-tilfelle-feil-pa-eta-canada\/\" \/>\n<meta property=\"og:locale\" content=\"nb_NO\" \/>\n<meta property=\"og:type\" content=\"article\" \/>\n<meta property=\"og:title\" content=\"Hva skal jeg gj\u00f8re i tilfelle feil p\u00e5 Canada eTA?\" \/>\n<meta property=\"og:description\" content=\"Canada eTA er et viktig dokument for \u00e5 reise til Canada. Ved den minste feil under netts\u00f8knaden kan autorisasjonen v\u00e6re ugyldig.\" \/>\n<meta property=\"og:url\" content=\"https:\/\/ave-eta-canada.com\/no\/hva-a-gjore-i-tilfelle-feil-pa-eta-canada\/\" \/>\n<meta property=\"og:site_name\" content=\"VISA CANADA\" \/>\n<meta property=\"article:modified_time\" content=\"2023-05-01T13:04:39+00:00\" \/>\n<meta name=\"twitter:card\" content=\"summary_large_image\" \/>\n<meta name=\"twitter:label1\" content=\"Ansl. lesetid\" \/>\n\t<meta name=\"twitter:data1\" content=\"4 minutter\" \/>\n<script type=\"application\/ld+json\" class=\"yoast-schema-graph\">{\"@context\":\"https:\/\/schema.org\",\"@graph\":[{\"@type\":\"WebPage\",\"@id\":\"https:\/\/ave-eta-canada.com\/no\/hva-a-gjore-i-tilfelle-feil-pa-eta-canada\/\",\"url\":\"https:\/\/ave-eta-canada.com\/no\/hva-a-gjore-i-tilfelle-feil-pa-eta-canada\/\",\"name\":\"Hva skal jeg gj\u00f8re i tilfelle feil p\u00e5 Canada eTA?\",\"isPartOf\":{\"@id\":\"https:\/\/ave-eta-canada.com\/no\/#website\"},\"datePublished\":\"2023-04-18T14:41:33+00:00\",\"dateModified\":\"2023-05-01T13:04:39+00:00\",\"description\":\"Canada eTA er et viktig dokument for \u00e5 reise til Canada. Ved den minste feil under netts\u00f8knaden kan autorisasjonen v\u00e6re ugyldig.\",\"breadcrumb\":{\"@id\":\"https:\/\/ave-eta-canada.com\/no\/hva-a-gjore-i-tilfelle-feil-pa-eta-canada\/#breadcrumb\"},\"inLanguage\":\"nb-NO\",\"potentialAction\":[{\"@type\":\"ReadAction\",\"target\":[\"https:\/\/ave-eta-canada.com\/no\/hva-a-gjore-i-tilfelle-feil-pa-eta-canada\/\"]}]},{\"@type\":\"BreadcrumbList\",\"@id\":\"https:\/\/ave-eta-canada.com\/no\/hva-a-gjore-i-tilfelle-feil-pa-eta-canada\/#breadcrumb\",\"itemListElement\":[{\"@type\":\"ListItem\",\"position\":1,\"name\":\"Home\",\"item\":\"https:\/\/ave-eta-canada.com\/no\/\"},{\"@type\":\"ListItem\",\"position\":2,\"name\":\"Hva skal jeg gj\u00f8re i tilfelle feil p\u00e5 Canada eTA?\"}]},{\"@type\":\"WebSite\",\"@id\":\"https:\/\/ave-eta-canada.com\/no\/#website\",\"url\":\"https:\/\/ave-eta-canada.com\/no\/\",\"name\":\"VISA CANADA\",\"description\":\"Autorisation Voyage Electronique\",\"potentialAction\":[{\"@type\":\"SearchAction\",\"target\":{\"@type\":\"EntryPoint\",\"urlTemplate\":\"https:\/\/ave-eta-canada.com\/no\/?s={search_term_string}\"},\"query-input\":{\"@type\":\"PropertyValueSpecification\",\"valueRequired\":true,\"valueName\":\"search_term_string\"}}],\"inLanguage\":\"nb-NO\"}]}<\/script>\n<!-- \/ Yoast SEO plugin. -->","yoast_head_json":{"title":"Hva skal jeg gj\u00f8re i tilfelle feil p\u00e5 Canada eTA?","description":"Canada eTA er et viktig dokument for \u00e5 reise til Canada. Ved den minste feil under netts\u00f8knaden kan autorisasjonen v\u00e6re ugyldig.","robots":{"index":"index","follow":"follow","max-snippet":"max-snippet:-1","max-image-preview":"max-image-preview:large","max-video-preview":"max-video-preview:-1"},"canonical":"https:\/\/ave-eta-canada.com\/no\/hva-a-gjore-i-tilfelle-feil-pa-eta-canada\/","og_locale":"nb_NO","og_type":"article","og_title":"Hva skal jeg gj\u00f8re i tilfelle feil p\u00e5 Canada eTA?","og_description":"Canada eTA er et viktig dokument for \u00e5 reise til Canada. Ved den minste feil under netts\u00f8knaden kan autorisasjonen v\u00e6re ugyldig.","og_url":"https:\/\/ave-eta-canada.com\/no\/hva-a-gjore-i-tilfelle-feil-pa-eta-canada\/","og_site_name":"VISA CANADA","article_modified_time":"2023-05-01T13:04:39+00:00","twitter_card":"summary_large_image","twitter_misc":{"Ansl. lesetid":"4 minutter"},"schema":{"@context":"https:\/\/schema.org","@graph":[{"@type":"WebPage","@id":"https:\/\/ave-eta-canada.com\/no\/hva-a-gjore-i-tilfelle-feil-pa-eta-canada\/","url":"https:\/\/ave-eta-canada.com\/no\/hva-a-gjore-i-tilfelle-feil-pa-eta-canada\/","name":"Hva skal jeg gj\u00f8re i tilfelle feil p\u00e5 Canada eTA?","isPartOf":{"@id":"https:\/\/ave-eta-canada.com\/no\/#website"},"datePublished":"2023-04-18T14:41:33+00:00","dateModified":"2023-05-01T13:04:39+00:00","description":"Canada eTA er et viktig dokument for \u00e5 reise til Canada. Ved den minste feil under netts\u00f8knaden kan autorisasjonen v\u00e6re ugyldig.","breadcrumb":{"@id":"https:\/\/ave-eta-canada.com\/no\/hva-a-gjore-i-tilfelle-feil-pa-eta-canada\/#breadcrumb"},"inLanguage":"nb-NO","potentialAction":[{"@type":"ReadAction","target":["https:\/\/ave-eta-canada.com\/no\/hva-a-gjore-i-tilfelle-feil-pa-eta-canada\/"]}]},{"@type":"BreadcrumbList","@id":"https:\/\/ave-eta-canada.com\/no\/hva-a-gjore-i-tilfelle-feil-pa-eta-canada\/#breadcrumb","itemListElement":[{"@type":"ListItem","position":1,"name":"Home","item":"https:\/\/ave-eta-canada.com\/no\/"},{"@type":"ListItem","position":2,"name":"Hva skal jeg gj\u00f8re i tilfelle feil p\u00e5 Canada eTA?"}]},{"@type":"WebSite","@id":"https:\/\/ave-eta-canada.com\/no\/#website","url":"https:\/\/ave-eta-canada.com\/no\/","name":"VISA CANADA","description":"Autorisation Voyage Electronique","potentialAction":[{"@type":"SearchAction","target":{"@type":"EntryPoint","urlTemplate":"https:\/\/ave-eta-canada.com\/no\/?s={search_term_string}"},"query-input":{"@type":"PropertyValueSpecification","valueRequired":true,"valueName":"search_term_string"}}],"inLanguage":"nb-NO"}]}},"_links":{"self":[{"href":"https:\/\/ave-eta-canada.com\/no\/wp-json\/wp\/v2\/pages\/4105","targetHints":{"allow":["GET"]}}],"collection":[{"href":"https:\/\/ave-eta-canada.com\/no\/wp-json\/wp\/v2\/pages"}],"about":[{"href":"https:\/\/ave-eta-canada.com\/no\/wp-json\/wp\/v2\/types\/page"}],"author":[{"embeddable":true,"href":"https:\/\/ave-eta-canada.com\/no\/wp-json\/wp\/v2\/users\/1"}],"replies":[{"embeddable":true,"href":"https:\/\/ave-eta-canada.com\/no\/wp-json\/wp\/v2\/comments?post=4105"}],"version-history":[{"count":0,"href":"https:\/\/ave-eta-canada.com\/no\/wp-json\/wp\/v2\/pages\/4105\/revisions"}],"wp:attachment":[{"href":"https:\/\/ave-eta-canada.com\/no\/wp-json\/wp\/v2\/media?parent=4105"}],"curies":[{"name":"wp","href":"https:\/\/api.w.org\/{rel}","templated":true}]}}