{"id":4109,"date":"2023-04-18T14:41:34","date_gmt":"2023-04-18T14:41:34","guid":{"rendered":"https:\/\/ave-eta-canada.com\/x-spillene-for-forste-gang-i-canada\/"},"modified":"2023-05-01T11:35:41","modified_gmt":"2023-05-01T11:35:41","slug":"x-spillene-for-forste-gang-i-canada","status":"publish","type":"page","link":"https:\/\/ave-eta-canada.com\/no\/x-spillene-for-forste-gang-i-canada\/","title":{"rendered":"X Games i Canada"},"content":{"rendered":"\n<h1 class=\"wp-block-heading\">Canada er vertskap for Winter X Games i 3 \u00e5r<\/h1>\n\n<p>Hvis du er en fan av ekstremsport og liker festivalatmosf\u00e6re, er X Games noe for deg! Organisert og kringkastet i USA, kan spillene n\u00e5 finne sted i Canada, i byen Calgary. En gudegave for reisende som \u00f8nsker \u00e5 oppdage l\u00f8nnesirupens land mens de nyter den uunng\u00e5elige begivenheten som er X Games.<\/p>\n\n<h2 class=\"wp-block-heading\">De essensielle konkurransene i X Games<\/h2>\n\n<p><a href=\"http:\/\/www.xgames.com\/\">X Games<\/a> er en \u00e5rlig konkurranse av flere ekstremsporter, som sendes i 140 land. F\u00f8rst introdusert av USA i sommersportspill &laquo;Summer X Games&raquo;, introduserte selskapet ESPN deretter Winter X-spillene foran den \u00f8kende suksessen.<\/p>\n\n<p>Winter X Games er en begivenhet du ikke b\u00f8r g\u00e5 glipp av for alle snowboard- og freestylel\u00f8pere med respekt for seg selv! \u00c5rets beste ut\u00f8vere bel\u00f8nnes med en gull-, s\u00f8lv- og bronsemedalje.<\/p>\n\n<p>Denne vinterbegivenheten er kjent over hele verden takket v\u00e6re de mange konkurransene, hver mer spennende enn den neste, men ogs\u00e5 for sin festlige atmosf\u00e6re.<\/p>\n\n<p>Siden 2010 har en X Games Europe-versjon sett dagens lys (ogs\u00e5 i Frankrike i flere \u00e5r).<\/p>\n\n<h2 class=\"wp-block-heading\">En styrket turistarv<\/h2>\n\n<p>Provinsen Alberta har f\u00e5tt eksklusive rettigheter til \u00e5 v\u00e6re vertskap for de f\u00f8rste X Games i Canada og lar Calgary bli den f\u00f8rste kanadiske byen som blir med i organisasjonen av X Games.<\/p>\n\n<p>I f\u00f8lge representanter for provinsen har byen autorisasjon til \u00e5 v\u00e6re vertskap for X-spillene i minst tre \u00e5r p\u00e5 rad og h\u00e5per \u00e5 kunne organisere arrangementer i 2020, 2021 og 2022.<\/p>\n\n<p>Ministeren for kultur og turisme, Ricardo Miranda, sa &laquo;disse spillene er en investering i fremtiden v\u00e5r, b\u00e5de i turisme, kultur, sport, utvikling og diversifisering av \u00f8konomien v\u00e5r.&raquo; De vil forsterke arven til byen Calgary og av Alberta som vintersportdestinasjon.<\/p>\n\n<h3 class=\"wp-block-heading\">Den \u00f8konomiske fordelen<\/h3>\n\n<p>Betraktet som et vinterarrangement som m\u00e5 overv\u00e6res, tiltrekker lekene tusenvis av tilskuere hvert \u00e5r og har de beste ekstremsportut\u00f8verne fra hele verden.<\/p>\n\n<p>Canada ansl\u00e5r at X-spillene kan tiltrekke seg rundt 75 000 tilskuere og 75 millioner dollar per \u00e5r! En betydelig \u00f8konomisk spinoff som &laquo;st\u00f8tter reise og turisme, \u00f8konomisk utvikling, spin-off-bedrifter som restauranter og hoteller over hele samfunnet,&raquo; sa borgermesteren i Calgary.<\/p>\n\n<p>Spillene vil introdusere et nytt publikum til Calgary og inspirere neste generasjon idrettsut\u00f8vere til \u00e5 se kampene.<\/p>\n\n<p>Selv om den <a href=\"https:\/\/www.canada.ca\/\">kanadiske regjeringen<\/a> har forpliktet seg til en stor sum for \u00e5 tillate vertskap for den globale begivenheten (13,5 millioner), hevder turistmyndigheter at spillene vil skape rundt 540 arbeidsplasser per \u00e5r. Et 14-etasjers t\u00e5rn vil bli bygget ved Stampede Park for \u00e5 im\u00f8tekomme en del av arrangementene, den andre delen vil finne sted i WinSport Olympic Park.<\/p>\n\n<p>Hvis denne sportsbegivenheten interesserer deg, ikke vent lenger og organiser <a href=\"https:\/\/ave-eta-canada.com\/no\/hvordan-fullfore-en-eta-for-a-reise-til-canada\/\">turen til Canada<\/a> ikke glem <a href=\"https:\/\/ave-eta-canada.com\/no\/send-en-offisiell-canada-eta-foresporsel\/\">AVE-s\u00f8knaden din<\/a>.<\/p>\n","protected":false},"excerpt":{"rendered":"<p>Canada er vertskap for Winter X Games i 3 \u00e5r Hvis du er en fan av ekstremsport og liker festivalatmosf\u00e6re, er X Games noe for deg! Organisert og kringkastet i USA, kan spillene n\u00e5 finne sted i Canada, i byen Calgary. En gudegave for reisende som \u00f8nsker \u00e5 oppdage l\u00f8nnesirupens land mens de nyter den [&hellip;]<\/p>\n","protected":false},"author":1,"featured_media":0,"parent":0,"menu_order":0,"comment_status":"closed","ping_status":"closed","template":"","meta":{"footnotes":""},"class_list":["post-4109","page","type-page","status-publish","hentry"],"yoast_head":"<!-- This site is optimized with the Yoast SEO plugin v26.9 - https:\/\/yoast.com\/product\/yoast-seo-wordpress\/ -->\n<title>X Games i Canada<\/title>\n<meta name=\"description\" content=\"For f\u00f8rste gang f\u00e5r Canada eksklusive rettigheter til \u00e5 v\u00e6re vertskap for Winter X Games i byen Calgary. Interessert? Det er her.\" \/>\n<meta name=\"robots\" content=\"index, follow, max-snippet:-1, max-image-preview:large, max-video-preview:-1\" \/>\n<link rel=\"canonical\" href=\"https:\/\/ave-eta-canada.com\/no\/x-spillene-for-forste-gang-i-canada\/\" \/>\n<meta property=\"og:locale\" content=\"nb_NO\" \/>\n<meta property=\"og:type\" content=\"article\" \/>\n<meta property=\"og:title\" content=\"X Games i Canada\" \/>\n<meta property=\"og:description\" content=\"For f\u00f8rste gang f\u00e5r Canada eksklusive rettigheter til \u00e5 v\u00e6re vertskap for Winter X Games i byen Calgary. Interessert? Det er her.\" \/>\n<meta property=\"og:url\" content=\"https:\/\/ave-eta-canada.com\/no\/x-spillene-for-forste-gang-i-canada\/\" \/>\n<meta property=\"og:site_name\" content=\"VISA CANADA\" \/>\n<meta property=\"article:modified_time\" content=\"2023-05-01T11:35:41+00:00\" \/>\n<meta name=\"twitter:card\" content=\"summary_large_image\" \/>\n<meta name=\"twitter:label1\" content=\"Ansl. lesetid\" \/>\n\t<meta name=\"twitter:data1\" content=\"2 minutter\" \/>\n<script type=\"application\/ld+json\" class=\"yoast-schema-graph\">{\"@context\":\"https:\/\/schema.org\",\"@graph\":[{\"@type\":\"WebPage\",\"@id\":\"https:\/\/ave-eta-canada.com\/no\/x-spillene-for-forste-gang-i-canada\/\",\"url\":\"https:\/\/ave-eta-canada.com\/no\/x-spillene-for-forste-gang-i-canada\/\",\"name\":\"X Games i Canada\",\"isPartOf\":{\"@id\":\"https:\/\/ave-eta-canada.com\/no\/#website\"},\"datePublished\":\"2023-04-18T14:41:34+00:00\",\"dateModified\":\"2023-05-01T11:35:41+00:00\",\"description\":\"For f\u00f8rste gang f\u00e5r Canada eksklusive rettigheter til \u00e5 v\u00e6re vertskap for Winter X Games i byen Calgary. Interessert? Det er her.\",\"breadcrumb\":{\"@id\":\"https:\/\/ave-eta-canada.com\/no\/x-spillene-for-forste-gang-i-canada\/#breadcrumb\"},\"inLanguage\":\"nb-NO\",\"potentialAction\":[{\"@type\":\"ReadAction\",\"target\":[\"https:\/\/ave-eta-canada.com\/no\/x-spillene-for-forste-gang-i-canada\/\"]}]},{\"@type\":\"BreadcrumbList\",\"@id\":\"https:\/\/ave-eta-canada.com\/no\/x-spillene-for-forste-gang-i-canada\/#breadcrumb\",\"itemListElement\":[{\"@type\":\"ListItem\",\"position\":1,\"name\":\"Home\",\"item\":\"https:\/\/ave-eta-canada.com\/no\/\"},{\"@type\":\"ListItem\",\"position\":2,\"name\":\"X Games i Canada\"}]},{\"@type\":\"WebSite\",\"@id\":\"https:\/\/ave-eta-canada.com\/no\/#website\",\"url\":\"https:\/\/ave-eta-canada.com\/no\/\",\"name\":\"VISA CANADA\",\"description\":\"Autorisation Voyage Electronique\",\"potentialAction\":[{\"@type\":\"SearchAction\",\"target\":{\"@type\":\"EntryPoint\",\"urlTemplate\":\"https:\/\/ave-eta-canada.com\/no\/?s={search_term_string}\"},\"query-input\":{\"@type\":\"PropertyValueSpecification\",\"valueRequired\":true,\"valueName\":\"search_term_string\"}}],\"inLanguage\":\"nb-NO\"}]}<\/script>\n<!-- \/ Yoast SEO plugin. -->","yoast_head_json":{"title":"X Games i Canada","description":"For f\u00f8rste gang f\u00e5r Canada eksklusive rettigheter til \u00e5 v\u00e6re vertskap for Winter X Games i byen Calgary. Interessert? Det er her.","robots":{"index":"index","follow":"follow","max-snippet":"max-snippet:-1","max-image-preview":"max-image-preview:large","max-video-preview":"max-video-preview:-1"},"canonical":"https:\/\/ave-eta-canada.com\/no\/x-spillene-for-forste-gang-i-canada\/","og_locale":"nb_NO","og_type":"article","og_title":"X Games i Canada","og_description":"For f\u00f8rste gang f\u00e5r Canada eksklusive rettigheter til \u00e5 v\u00e6re vertskap for Winter X Games i byen Calgary. Interessert? Det er her.","og_url":"https:\/\/ave-eta-canada.com\/no\/x-spillene-for-forste-gang-i-canada\/","og_site_name":"VISA CANADA","article_modified_time":"2023-05-01T11:35:41+00:00","twitter_card":"summary_large_image","twitter_misc":{"Ansl. lesetid":"2 minutter"},"schema":{"@context":"https:\/\/schema.org","@graph":[{"@type":"WebPage","@id":"https:\/\/ave-eta-canada.com\/no\/x-spillene-for-forste-gang-i-canada\/","url":"https:\/\/ave-eta-canada.com\/no\/x-spillene-for-forste-gang-i-canada\/","name":"X Games i Canada","isPartOf":{"@id":"https:\/\/ave-eta-canada.com\/no\/#website"},"datePublished":"2023-04-18T14:41:34+00:00","dateModified":"2023-05-01T11:35:41+00:00","description":"For f\u00f8rste gang f\u00e5r Canada eksklusive rettigheter til \u00e5 v\u00e6re vertskap for Winter X Games i byen Calgary. Interessert? Det er her.","breadcrumb":{"@id":"https:\/\/ave-eta-canada.com\/no\/x-spillene-for-forste-gang-i-canada\/#breadcrumb"},"inLanguage":"nb-NO","potentialAction":[{"@type":"ReadAction","target":["https:\/\/ave-eta-canada.com\/no\/x-spillene-for-forste-gang-i-canada\/"]}]},{"@type":"BreadcrumbList","@id":"https:\/\/ave-eta-canada.com\/no\/x-spillene-for-forste-gang-i-canada\/#breadcrumb","itemListElement":[{"@type":"ListItem","position":1,"name":"Home","item":"https:\/\/ave-eta-canada.com\/no\/"},{"@type":"ListItem","position":2,"name":"X Games i Canada"}]},{"@type":"WebSite","@id":"https:\/\/ave-eta-canada.com\/no\/#website","url":"https:\/\/ave-eta-canada.com\/no\/","name":"VISA CANADA","description":"Autorisation Voyage Electronique","potentialAction":[{"@type":"SearchAction","target":{"@type":"EntryPoint","urlTemplate":"https:\/\/ave-eta-canada.com\/no\/?s={search_term_string}"},"query-input":{"@type":"PropertyValueSpecification","valueRequired":true,"valueName":"search_term_string"}}],"inLanguage":"nb-NO"}]}},"_links":{"self":[{"href":"https:\/\/ave-eta-canada.com\/no\/wp-json\/wp\/v2\/pages\/4109","targetHints":{"allow":["GET"]}}],"collection":[{"href":"https:\/\/ave-eta-canada.com\/no\/wp-json\/wp\/v2\/pages"}],"about":[{"href":"https:\/\/ave-eta-canada.com\/no\/wp-json\/wp\/v2\/types\/page"}],"author":[{"embeddable":true,"href":"https:\/\/ave-eta-canada.com\/no\/wp-json\/wp\/v2\/users\/1"}],"replies":[{"embeddable":true,"href":"https:\/\/ave-eta-canada.com\/no\/wp-json\/wp\/v2\/comments?post=4109"}],"version-history":[{"count":0,"href":"https:\/\/ave-eta-canada.com\/no\/wp-json\/wp\/v2\/pages\/4109\/revisions"}],"wp:attachment":[{"href":"https:\/\/ave-eta-canada.com\/no\/wp-json\/wp\/v2\/media?parent=4109"}],"curies":[{"name":"wp","href":"https:\/\/api.w.org\/{rel}","templated":true}]}}