{"id":4113,"date":"2023-04-18T14:41:34","date_gmt":"2023-04-18T14:41:34","guid":{"rendered":"https:\/\/ave-eta-canada.com\/ave-ou-esta-som-reiseautorisasjon-a-velge-for-oppholdet\/"},"modified":"2023-04-27T21:17:04","modified_gmt":"2023-04-27T21:17:04","slug":"eta-eller-esta-hvilken-reisetillatelse-du-skal-velge-for-oppholdet-ditt","status":"publish","type":"page","link":"https:\/\/ave-eta-canada.com\/no\/eta-eller-esta-hvilken-reisetillatelse-du-skal-velge-for-oppholdet-ditt\/","title":{"rendered":"eTA eller ESTA: hvilken reisetillatelse \u00e5 velge?"},"content":{"rendered":"\n<h1 class=\"wp-block-heading\">Hvilken reiseautorisasjon (eTA eller ESTA) \u00e5 velge?<\/h1>\n\n<p>Skal du snart til Nord-Amerika, trenger du reisedokumenter. Med alle disse standardene og forskriftene er det ikke lett \u00e5 se klart. S\u00f8knad om visum eller reisetillatelse (eTA eller ESTA)? Vi forklarer alt for deg i denne artikkelen.<\/p>\n\n<p><strong>For et opphold p\u00e5 mindre enn 6 m\u00e5neder i Canada<\/strong> : Du kan utf\u00f8re formalitetene for \u00e5 komme inn i Canada direkte via Internett ved \u00e5 klikke p\u00e5 <a href=\"https:\/\/ave-eta-canada.com\/no\/canada-eta-skjema-online\/\">nettskjemaet<\/a>. Det er ikke n\u00f8dvendig \u00e5 f\u00e5 time ved den kanadiske ambassaden eller konsulatet.<\/p>\n\n<br\/>\n\n<h2 class=\"wp-block-heading\">eTA og ESTA, presentasjon av disse to reisetillatelsene<\/h2>\n\n<h3 class=\"wp-block-heading\">ESTA<\/h3>\n\n<p>ESTA er forkortelsen for Electronic System for Travel Authorization. Dette er en reiseautorisasjon, satt opp av amerikanske myndigheter, for personer som \u00f8nsker \u00e5 reise til USA med fly eller sj\u00f8. Denne autorisasjonen erstatter et turistvisum for reisende som kommer fra et medlemsland i Visa Waiver-programmet (visumfritaksprogrammet).<\/p>\n\n<p>For \u00e5 s\u00f8ke m\u00e5 du oppfylle flere kriterier:<\/p>\n\n<ul class=\"wp-block-list\"><li>v\u00e6re statsborger i et land som er medlem av Visa Waiver-programmet;<\/li><li>v\u00e6re i besittelse av et gyldig biometrisk pass eller elektronisk pass;<\/li><li>reise til USA for et turistopphold, en forretningsreise eller en transitt;<\/li><li>ankommer amerikansk jord med fly eller sj\u00f8;<\/li><li>varigheten av oppholdet ditt m\u00e5 ikke overstige maksimalt 90 dager.<\/li><\/ul>\n\n<h4 class=\"wp-block-heading\">Hvordan f\u00e5r du ESTA?<\/h4>\n\n<p>Prosessen for \u00e5 f\u00e5 en ESTA-autorisasjon foreg\u00e5r utelukkende online, p\u00e5 den amerikanske regjeringens nettsted eller gjennom tjenestene til en privat tjenesteleverand\u00f8r.<\/p>\n\n<p>Du vil bli bedt om \u00e5 fylle ut et elektronisk skjema for ESTA-s\u00f8knaden din. Dette ESTA-skjemaet gjelder hovedsakelig din identitet, ditt liv og ditt reisedokument: navn (pikenavn eller giftnavn avhengig av passet ditt), fornavn, f\u00f8dselsdato og f\u00f8dselssted, passnummer, utstedelsesdato og utl\u00f8psdato, kontaktinformasjon, kriminell og sykehistorie, tidligere utenlandsopphold mv. N\u00e5r ESTA-skjemaet ditt er fylt ut, m\u00e5 du oppgi et betalingskort for \u00e5 betale behandlingsgebyrene for ESTA-s\u00f8knaden din.<\/p>\n\n<p>En ESTA er gyldig i 2 \u00e5r, innenfor grensen for gyldighetsdatoen til passet ditt.<\/p>\n\n<p>S\u00e5 hvis du \u00f8nsker \u00e5 bes\u00f8ke USA under disse forholdene, mellom eTA og ESTA, m\u00e5 du velge ESTA.<\/p>\n\n<h3 class=\"wp-block-heading\">eTA<\/h3>\n\n<p>eTA st\u00e5r for Electronic Travel Authorization. For engelsktalende er denne autorisasjonen kjent under forkortelsen <a href=\"https:\/\/ave-eta-canada.com\/no\/hva-er-eta-canada\/\">ETA<\/a> for Electronic Travel Authorization. Vet at disse to navnene refererer til n\u00f8yaktig det samme.<\/p>\n\n<p>eTA er en n\u00f8dvendig autorisasjon for \u00e5 kunne reise inn p\u00e5 kanadisk territorium, men kun med fly. En eTA er derfor ikke n\u00f8dvendig ved ankomst med b\u00e5t, selv ikke p\u00e5 et cruiseskip.<\/p>\n\n<p>eTA gjelder statsborgere fra de 61 landene som er en del av det kanadiske programmet for visumfritak. \u00c5 ha gyldig biometrisk pass eller elektronisk pass er obligatorisk for \u00e5 kunne s\u00f8ke. Maksimal varighet av oppholdet ditt m\u00e5 v\u00e6re 6 m\u00e5neder.<\/p>\n\n<h4 class=\"wp-block-heading\">Hvordan f\u00e5r du eTA?<\/h4>\n\n<p>For <a href=\"https:\/\/ave-eta-canada.com\/no\/\">\u00e5 s\u00f8ke om en eTA<\/a> m\u00e5 du fylle ut et elektronisk skjema og betale de n\u00f8dvendige avgiftene. For \u00e5 gj\u00f8re dette kan du enten g\u00e5 til den offisielle kanadiske regjeringens nettside eller bruke tjenestene til en privat tjenesteleverand\u00f8r. \u00c5 velge en privat side lar deg dra nytte av personlig assistanse og reduserer derfor risikoen for avslag. <\/p>\n\n<p>En eTA er gyldig i 5 \u00e5r, frem til utl\u00f8psdatoen for passet ditt. \u00d8nsker du \u00e5 bes\u00f8ke Canada, mellom eTA og ESTA, m\u00e5 du velge eTA.<br\/><br\/><\/p>\n\n<h2 class=\"wp-block-heading\">ESTA og eTA, likhetene<\/h2>\n\n<p>Som du kanskje har lagt merke til, er det mange likheter mellom en eTA-autorisasjon og en ESTA; den kanadiske eTA har blitt kopiert fra modellen til den amerikanske ESTA.<\/p>\n\n<ul class=\"wp-block-list\"><li>ESTA og eTA er reiseautorisasjoner knyttet til passet. Det er viktig at det samme passet brukes til reise. Det er ved \u00e5 skanne passet ditt at tollere sjekker at du er i orden. <\/li><li>eTA, som ESTA, oppn\u00e5s f\u00f8r avreise. Flyselskapsagenter vil sjekke eTA eller ESTA, selv f\u00f8r du g\u00e5r ombord.<\/li><li>Innhenting av disse to reiseautorisasjonene krever kun en elektronisk s\u00f8knad. Du trenger ikke \u00e5 gj\u00f8re en avtale ved den amerikanske eller kanadiske ambassaden n\u00e6rmest deg.<\/li><li>ESTA og eTA gir deg tillatelse til \u00e5 reise, henholdsvis til USA eller til Canada, innenfor rammen av en turistreise, en forretningsreise eller en transitt. Du har derfor ikke rett til \u00e5 jobbe, studere eller emigrere til USA eller Canada med ESTA og eTA. Hvis dette er m\u00e5let ditt, m\u00e5 du s\u00f8ke om riktig visum eller gr\u00f8nt kort.<\/li><li>eTA og ESTA er begge obligatoriske, men de garanterer ikke adgang til amerikansk eller kanadisk jord. Denne retten gis etter kontroll av tollagentene, ved ankomst til grenseposten.<br\/><br\/><\/li><\/ul>\n\n<h2 class=\"wp-block-heading\">ESTA og eTA, forskjellene<\/h2>\n\n<ul class=\"wp-block-list\"><li>Dette er fornuftig, men husk likevel at eTA brukes til \u00e5 reise til Canada, og ESTA for et opphold i USA. Selv om de to landene er n\u00e6re, kan ikke den ene autorisasjonen erstatte den andre.<\/li><li>eTA gjelder statsborgere fra 61 forskjellige territorier, mens ESTA kun er gyldig for 40 land (tall oppdatert i september 2022).<\/li><li>ESTA gjelder reisende som ankommer med fly og sj\u00f8, mens eTA kun er n\u00f8dvendig for reisende som ankommer Canada med fly.<\/li><li>En ESTA koster 21 amerikanske dollar p\u00e5 regjeringens nettsted siden mai 2022, mens <a href=\"https:\/\/ave-eta-canada.com\/no\/eta-canada-dens-pris\/\">prisen p\u00e5 AVE er 7 kanadiske dollar<\/a>. Prisen p\u00e5 ESTA og eTA vil v\u00e6re annerledes hvis du g\u00e5r gjennom tjenestene til et uavhengig nettsted. Denne forskjellen forklares av personlig assistanse fra den private tjenesteleverand\u00f8ren.<\/li><li>Maksimal lengde p\u00e5 oppholdet er heller ikke den samme. Med en eTA kan du bli 6 m\u00e5neder p\u00e5 rad i Canada, mens med en ESTA m\u00e5 oppholdet ditt ikke overstige 90 sammenhengende dager.<\/li><li><a href=\"https:\/\/ave-eta-canada.com\/no\/gyldigheten-av-canada-eta-2\/\">eTA er gyldig i 5 \u00e5r<\/a>, mens en ESTA kun er gyldig i 2 \u00e5r. Teoretisk sett er et ubegrenset antall turer mulig i denne perioden. I begge tilfeller er en ny s\u00f8knad n\u00f8dvendig dersom personopplysningene dine endres og\/eller hvis du skaffer deg nytt pass.<\/li><\/ul>\n\n<p>Du vet n\u00e5 det grunnleggende om disse to reisegodkjenningene. Alt du trenger \u00e5 gj\u00f8re er \u00e5 velge reisem\u00e5l. Ha en god tur<\/p>\n","protected":false},"excerpt":{"rendered":"<p>Hvilken reiseautorisasjon (eTA eller ESTA) \u00e5 velge? Skal du snart til Nord-Amerika, trenger du reisedokumenter. Med alle disse standardene og forskriftene er det ikke lett \u00e5 se klart. S\u00f8knad om visum eller reisetillatelse (eTA eller ESTA)? Vi forklarer alt for deg i denne artikkelen. For et opphold p\u00e5 mindre enn 6 m\u00e5neder i Canada : [&hellip;]<\/p>\n","protected":false},"author":1,"featured_media":0,"parent":0,"menu_order":0,"comment_status":"closed","ping_status":"closed","template":"","meta":{"footnotes":""},"class_list":["post-4113","page","type-page","status-publish","hentry"],"yoast_head":"<!-- This site is optimized with the Yoast SEO plugin v26.9 - https:\/\/yoast.com\/product\/yoast-seo-wordpress\/ -->\n<title>eTA eller ESTA: hvilken reisetillatelse \u00e5 velge?<\/title>\n<meta name=\"description\" content=\"For \u00e5 reise p\u00e5 det amerikanske kontinentet er det hovedsakelig to elektroniske reiseautorisasjoner: eTA og ESTA\" \/>\n<meta name=\"robots\" content=\"index, follow, max-snippet:-1, max-image-preview:large, max-video-preview:-1\" \/>\n<link rel=\"canonical\" href=\"https:\/\/ave-eta-canada.com\/no\/eta-eller-esta-hvilken-reisetillatelse-du-skal-velge-for-oppholdet-ditt\/\" \/>\n<meta property=\"og:locale\" content=\"nb_NO\" \/>\n<meta property=\"og:type\" content=\"article\" \/>\n<meta property=\"og:title\" content=\"eTA eller ESTA: hvilken reisetillatelse \u00e5 velge?\" \/>\n<meta property=\"og:description\" content=\"For \u00e5 reise p\u00e5 det amerikanske kontinentet er det hovedsakelig to elektroniske reiseautorisasjoner: eTA og ESTA\" \/>\n<meta property=\"og:url\" content=\"https:\/\/ave-eta-canada.com\/no\/eta-eller-esta-hvilken-reisetillatelse-du-skal-velge-for-oppholdet-ditt\/\" \/>\n<meta property=\"og:site_name\" content=\"VISA CANADA\" \/>\n<meta property=\"article:modified_time\" content=\"2023-04-27T21:17:04+00:00\" \/>\n<meta name=\"twitter:card\" content=\"summary_large_image\" \/>\n<meta name=\"twitter:label1\" content=\"Ansl. lesetid\" \/>\n\t<meta name=\"twitter:data1\" content=\"5 minutter\" \/>\n<script type=\"application\/ld+json\" class=\"yoast-schema-graph\">{\"@context\":\"https:\/\/schema.org\",\"@graph\":[{\"@type\":\"WebPage\",\"@id\":\"https:\/\/ave-eta-canada.com\/no\/eta-eller-esta-hvilken-reisetillatelse-du-skal-velge-for-oppholdet-ditt\/\",\"url\":\"https:\/\/ave-eta-canada.com\/no\/eta-eller-esta-hvilken-reisetillatelse-du-skal-velge-for-oppholdet-ditt\/\",\"name\":\"eTA eller ESTA: hvilken reisetillatelse \u00e5 velge?\",\"isPartOf\":{\"@id\":\"https:\/\/ave-eta-canada.com\/no\/#website\"},\"datePublished\":\"2023-04-18T14:41:34+00:00\",\"dateModified\":\"2023-04-27T21:17:04+00:00\",\"description\":\"For \u00e5 reise p\u00e5 det amerikanske kontinentet er det hovedsakelig to elektroniske reiseautorisasjoner: eTA og ESTA\",\"breadcrumb\":{\"@id\":\"https:\/\/ave-eta-canada.com\/no\/eta-eller-esta-hvilken-reisetillatelse-du-skal-velge-for-oppholdet-ditt\/#breadcrumb\"},\"inLanguage\":\"nb-NO\",\"potentialAction\":[{\"@type\":\"ReadAction\",\"target\":[\"https:\/\/ave-eta-canada.com\/no\/eta-eller-esta-hvilken-reisetillatelse-du-skal-velge-for-oppholdet-ditt\/\"]}]},{\"@type\":\"BreadcrumbList\",\"@id\":\"https:\/\/ave-eta-canada.com\/no\/eta-eller-esta-hvilken-reisetillatelse-du-skal-velge-for-oppholdet-ditt\/#breadcrumb\",\"itemListElement\":[{\"@type\":\"ListItem\",\"position\":1,\"name\":\"Home\",\"item\":\"https:\/\/ave-eta-canada.com\/no\/\"},{\"@type\":\"ListItem\",\"position\":2,\"name\":\"eTA eller ESTA: hvilken reisetillatelse \u00e5 velge?\"}]},{\"@type\":\"WebSite\",\"@id\":\"https:\/\/ave-eta-canada.com\/no\/#website\",\"url\":\"https:\/\/ave-eta-canada.com\/no\/\",\"name\":\"VISA CANADA\",\"description\":\"Autorisation Voyage Electronique\",\"potentialAction\":[{\"@type\":\"SearchAction\",\"target\":{\"@type\":\"EntryPoint\",\"urlTemplate\":\"https:\/\/ave-eta-canada.com\/no\/?s={search_term_string}\"},\"query-input\":{\"@type\":\"PropertyValueSpecification\",\"valueRequired\":true,\"valueName\":\"search_term_string\"}}],\"inLanguage\":\"nb-NO\"}]}<\/script>\n<!-- \/ Yoast SEO plugin. -->","yoast_head_json":{"title":"eTA eller ESTA: hvilken reisetillatelse \u00e5 velge?","description":"For \u00e5 reise p\u00e5 det amerikanske kontinentet er det hovedsakelig to elektroniske reiseautorisasjoner: eTA og ESTA","robots":{"index":"index","follow":"follow","max-snippet":"max-snippet:-1","max-image-preview":"max-image-preview:large","max-video-preview":"max-video-preview:-1"},"canonical":"https:\/\/ave-eta-canada.com\/no\/eta-eller-esta-hvilken-reisetillatelse-du-skal-velge-for-oppholdet-ditt\/","og_locale":"nb_NO","og_type":"article","og_title":"eTA eller ESTA: hvilken reisetillatelse \u00e5 velge?","og_description":"For \u00e5 reise p\u00e5 det amerikanske kontinentet er det hovedsakelig to elektroniske reiseautorisasjoner: eTA og ESTA","og_url":"https:\/\/ave-eta-canada.com\/no\/eta-eller-esta-hvilken-reisetillatelse-du-skal-velge-for-oppholdet-ditt\/","og_site_name":"VISA CANADA","article_modified_time":"2023-04-27T21:17:04+00:00","twitter_card":"summary_large_image","twitter_misc":{"Ansl. lesetid":"5 minutter"},"schema":{"@context":"https:\/\/schema.org","@graph":[{"@type":"WebPage","@id":"https:\/\/ave-eta-canada.com\/no\/eta-eller-esta-hvilken-reisetillatelse-du-skal-velge-for-oppholdet-ditt\/","url":"https:\/\/ave-eta-canada.com\/no\/eta-eller-esta-hvilken-reisetillatelse-du-skal-velge-for-oppholdet-ditt\/","name":"eTA eller ESTA: hvilken reisetillatelse \u00e5 velge?","isPartOf":{"@id":"https:\/\/ave-eta-canada.com\/no\/#website"},"datePublished":"2023-04-18T14:41:34+00:00","dateModified":"2023-04-27T21:17:04+00:00","description":"For \u00e5 reise p\u00e5 det amerikanske kontinentet er det hovedsakelig to elektroniske reiseautorisasjoner: eTA og ESTA","breadcrumb":{"@id":"https:\/\/ave-eta-canada.com\/no\/eta-eller-esta-hvilken-reisetillatelse-du-skal-velge-for-oppholdet-ditt\/#breadcrumb"},"inLanguage":"nb-NO","potentialAction":[{"@type":"ReadAction","target":["https:\/\/ave-eta-canada.com\/no\/eta-eller-esta-hvilken-reisetillatelse-du-skal-velge-for-oppholdet-ditt\/"]}]},{"@type":"BreadcrumbList","@id":"https:\/\/ave-eta-canada.com\/no\/eta-eller-esta-hvilken-reisetillatelse-du-skal-velge-for-oppholdet-ditt\/#breadcrumb","itemListElement":[{"@type":"ListItem","position":1,"name":"Home","item":"https:\/\/ave-eta-canada.com\/no\/"},{"@type":"ListItem","position":2,"name":"eTA eller ESTA: hvilken reisetillatelse \u00e5 velge?"}]},{"@type":"WebSite","@id":"https:\/\/ave-eta-canada.com\/no\/#website","url":"https:\/\/ave-eta-canada.com\/no\/","name":"VISA CANADA","description":"Autorisation Voyage Electronique","potentialAction":[{"@type":"SearchAction","target":{"@type":"EntryPoint","urlTemplate":"https:\/\/ave-eta-canada.com\/no\/?s={search_term_string}"},"query-input":{"@type":"PropertyValueSpecification","valueRequired":true,"valueName":"search_term_string"}}],"inLanguage":"nb-NO"}]}},"_links":{"self":[{"href":"https:\/\/ave-eta-canada.com\/no\/wp-json\/wp\/v2\/pages\/4113","targetHints":{"allow":["GET"]}}],"collection":[{"href":"https:\/\/ave-eta-canada.com\/no\/wp-json\/wp\/v2\/pages"}],"about":[{"href":"https:\/\/ave-eta-canada.com\/no\/wp-json\/wp\/v2\/types\/page"}],"author":[{"embeddable":true,"href":"https:\/\/ave-eta-canada.com\/no\/wp-json\/wp\/v2\/users\/1"}],"replies":[{"embeddable":true,"href":"https:\/\/ave-eta-canada.com\/no\/wp-json\/wp\/v2\/comments?post=4113"}],"version-history":[{"count":0,"href":"https:\/\/ave-eta-canada.com\/no\/wp-json\/wp\/v2\/pages\/4113\/revisions"}],"wp:attachment":[{"href":"https:\/\/ave-eta-canada.com\/no\/wp-json\/wp\/v2\/media?parent=4113"}],"curies":[{"name":"wp","href":"https:\/\/api.w.org\/{rel}","templated":true}]}}