{"id":4126,"date":"2023-04-18T14:41:36","date_gmt":"2023-04-18T14:41:36","guid":{"rendered":"https:\/\/ave-eta-canada.com\/hva-a-gjore-i-tilfelle-av-tapt-canada-ave-nummer\/"},"modified":"2023-05-01T13:13:37","modified_gmt":"2023-05-01T13:13:37","slug":"mistet-eta-nummer-canada","status":"publish","type":"page","link":"https:\/\/ave-eta-canada.com\/no\/mistet-eta-nummer-canada\/","title":{"rendered":"Hva skal jeg gj\u00f8re i tilfelle tap av Canadas eTA-nummer?"},"content":{"rendered":"\n<h1 class=\"wp-block-heading\">Mistet eTA-nummer: hvordan gj\u00f8r jeg det?<\/h1>\n\n<p>Den elektroniske reiseautorisasjonen (eTA) er et dokument som lar deg reise til Canada i maksimalt 6 m\u00e5neder som en del av en turistreise eller en forretningsreise. <strong>For \u00e5 f\u00e5 denne reiseautorisasjonen m\u00e5 du fylle ut<\/strong> <a href=\"https:\/\/ave-eta-canada.com\/no\/canada-eta-skjema-online\/\">nettskjemaet<\/a>. Dette vil deretter bli sendt til de kanadiske myndighetene for \u00e5 vurdere om filen din er godkjent. Hvis eTA-s\u00f8knaden din blir godkjent, vil du motta et eTA-nummer p\u00e5 e-post. Men hva er s\u00e5 dette nummeret til og hva skal du gj\u00f8re hvis du ikke lenger f\u00e5r tak i det? Vi svarer p\u00e5 alle sp\u00f8rsm\u00e5lene dine i denne artikkelen.<br\/><\/p>\n\n<h2 class=\"wp-block-heading\">N\u00e5r sendes eTA-nummeret?<\/h2>\n\n<p>Enhver foresp\u00f8rsel om en eTA for \u00e5 reise til Canada krever en elektronisk foresp\u00f8rsel. Dette reisedokumentet er ikke tilgjengelig for alle. For \u00e5 sikre at du oppfyller <a href=\"https:\/\/ave-eta-canada.com\/no\/alt-vet-om-av-betingelser-for-reise-i-canada\/\">kvalifikasjonskravene<\/a> til Visa Waiver-programmet, krever Canadas regjering at du fyller ut et online sp\u00f8rreskjema.<\/p>\n\n<p>Svarene p\u00e5 sp\u00f8rsm\u00e5lene p\u00e5 skjemaet vil derfor avgj\u00f8re <a href=\"https:\/\/ave-eta-canada.com\/no\/hvordan-sjekke-statusen-til-din-eta-canada-applikasjon\/\">statusen til eTA-s\u00f8knaden din<\/a>. Hvis den kanadiske regjeringen gir et positivt svar p\u00e5 s\u00f8knaden din om tillatelse til \u00e5 bli, vil du bli informert via en oppsummerende e-post med eTA-nummeret. Dette identifikasjonsnummeret er unikt og er knyttet direkte til passet som foresp\u00f8rselen ble gjort med.<\/p>\n\n<p>eTA-nummeret lar deg se filen din for \u00e5 sjekke om ditt oppholdsbevis i Canada fortsatt er gyldig. For \u00e5 v\u00e6re sikker p\u00e5 at en <a href=\"https:\/\/ave-eta-canada.com\/no\/gyldigheten-av-canada-eta-2\/\">eTA fortsatt er gyldig<\/a>, gir den kanadiske regjeringen utenlandske statsborgere et verkt\u00f8y for \u00e5 sjekke statusen til eTA. For \u00e5 bruke den trenger du bare f\u00f8lgende:<\/p>\n\n<ul class=\"wp-block-list\"><li>eTA s\u00f8knadsnummer;<\/li><li>passnummer ;<\/li><li>utstedelseslandet for identitetsdokumentet;<\/li><li>utstedelsesdato og utl\u00f8psdato for passet.<\/li><\/ul>\n\n<p>Merk at hvis du allerede har et <a href=\"https:\/\/ave-eta-canada.com\/no\/pvt-canada-hvordan-fa-din-arbeidsferie-tillatelse\/\">WHP Canada<\/a> Working Holiday Program, trenger du ikke \u00e5 s\u00f8ke om eTA. Dette er ogs\u00e5 tilfellet dersom du er i besittelse av fastboerkort.<br\/><br\/><\/p>\n\n<h2 class=\"wp-block-heading\">Hvordan finner du eTA-nummeret ditt?<\/h2>\n\n<p>Som tidligere nevnt, f\u00f8rer eTA-opptaket n\u00f8dvendigvis til generering av et eTA-nummer. Merk at denne identifikatoren kommuniseres via e-postadressen som ble oppgitt ved utfylling av sp\u00f8rreskjemaet. Hvis du har flere e-postadresser, s\u00f8rg for \u00e5 se etter den som samsvarer med eTA-foresp\u00f8rselen din. I tillegg hender det at e-posten som informerer deg om eTA-nummeret havner i spam, s\u00e5 det er lurt \u00e5 sjekke ogs\u00e5 denne delen.<\/p>\n\n<p>Hvis du ikke har mottatt en bekreftelse p\u00e5 mottak innen 72 timer etter foresp\u00f8rselen din, m\u00e5 du fylle ut et skjema p\u00e5 den offisielle kanadiske regjeringens nettsted. Din foresp\u00f8rsel vil bli behandlet innen noen f\u00e5 dager. Det sier seg selv at for \u00e5 gj\u00f8re dette, m\u00e5 du v\u00e6re sikker p\u00e5 at du har oppgitt riktig adresse og at du har sjekket spam.<br\/><br\/><\/p>\n\n<h2 class=\"wp-block-heading\">Tap av Canadas eTA-nummer: er det alvorlig?<\/h2>\n\n<p>Hvis du etter et dyptg\u00e5ende s\u00f8k fortsatt ikke kan f\u00e5 tak i IRCC (Immigration, Refugees and Citizenship Canada) e-post, kan vi berolige deg, dette setter ikke n\u00f8dvendigvis reisen din til Canada i fare. Faktisk er eTA en elektronisk autorisasjon, det er ingen offisiell papirversjon. N\u00e5r du f\u00e5r godkjent s\u00f8knaden din, er eTA-nummeret datatilkoblet til ditt elektroniske eller biometriske pass. Som et resultat vil flyselskapets personell og Canada Border Services Agency f\u00e5 tilgang til eTA elektronisk ved \u00e5 skanne passet ditt. Du trenger ikke \u00e5 gi dem ditt Canada eTA-nummer. <\/p>\n\n<p>Gyldighetsperioden for en eTA er 5 \u00e5r, hvis du har s\u00f8kt nylig, men har <a href=\"https:\/\/ave-eta-canada.com\/no\/hvordan-finne-et-tapt-canada-eta\/\">mistet Canada eTA-nummeret ditt<\/a>, er dette derfor ikke et problem. V\u00e6r imidlertid forsiktig med \u00e5 sjekke at passet ditt er gyldig for hele oppholdet. Hvis aktuelt, vil eTA-en din avsluttes den dagen ID-en din utl\u00f8per. Prosedyren som skal f\u00f8lges vil v\u00e6re \u00e5 bestille et nytt biometrisk pass fra r\u00e5dhuset ditt, og deretter s\u00f8ke p\u00e5 nytt online.<\/p>\n\n<h3 class=\"wp-block-heading\">Send inn en ny foresp\u00f8rsel om \u00e5 f\u00e5 et annet eTA-nummer<\/h3>\n\n<p>P\u00e5 den annen side, hvis s\u00f8knaden din dateres flere \u00e5r tilbake, men vi ikke lenger har et eksakt minne om utstedelsesdatoen, anbefaler vi deg ganske enkelt \u00e5 s\u00f8ke om en eTA p\u00e5 nytt. Det ville virkelig v\u00e6re synd \u00e5 organisere reisen ned til minste detalj, bare for \u00e5 ende opp med \u00e5 bli nektet tilgang til flyplassen p\u00e5 grunn av en utl\u00f8pt eTA.<\/p>\n\n<p>For \u00e5 gj\u00f8re en ny foresp\u00f8rsel kan du g\u00e5 til den offisielle nettsiden til den kanadiske regjeringen eller til v\u00e5r partnerside. Ved \u00e5 velge dette andre alternativet vil du dra nytte av personlig st\u00f8tte i prosessen med \u00e5 f\u00e5 eTA. Hvis du noen gang mister ditt Canada eTA-nummer etter \u00e5 ha bestilt din autorisasjon via v\u00e5r partnerside, lagres e-postbekreftelsen i ditt kundeomr\u00e5de. Ved behov st\u00e5r ogs\u00e5 kundeservice til din disposisjon.<\/p>\n\n<p>Selv om \u00e5 lage en ny foresp\u00f8rsel genererer eTA-kostnader, er prosessen fortsatt fordelaktig sammenlignet med anskaffelse av et Canada-visum eller et <a href=\"https:\/\/ave-eta-canada.com\/no\/pvt-canada-hvordan-fa-din-arbeidsferie-tillatelse\/\">WHP Working Holiday Program<\/a>, som koster rundt hundre dollar.<\/p>\n\n<p>V\u00e6r forsiktig, hvis du p\u00e5 slutten av oppholdet p\u00e5 kanadisk jord planlegger \u00e5 reise til USA, vil du sannsynligvis trenge en ESTA-autorisasjon, som fungerer n\u00f8yaktig p\u00e5 samme prinsipp som eTA.<\/p>\n","protected":false},"excerpt":{"rendered":"<p>Mistet eTA-nummer: hvordan gj\u00f8r jeg det? Den elektroniske reiseautorisasjonen (eTA) er et dokument som lar deg reise til Canada i maksimalt 6 m\u00e5neder som en del av en turistreise eller en forretningsreise. For \u00e5 f\u00e5 denne reiseautorisasjonen m\u00e5 du fylle ut nettskjemaet. Dette vil deretter bli sendt til de kanadiske myndighetene for \u00e5 vurdere om [&hellip;]<\/p>\n","protected":false},"author":1,"featured_media":0,"parent":0,"menu_order":0,"comment_status":"closed","ping_status":"closed","template":"","meta":{"footnotes":""},"class_list":["post-4126","page","type-page","status-publish","hentry"],"yoast_head":"<!-- This site is optimized with the Yoast SEO plugin v26.9 - https:\/\/yoast.com\/product\/yoast-seo-wordpress\/ -->\n<title>Hva skal jeg gj\u00f8re i tilfelle tap av Canadas eTA-nummer?<\/title>\n<meta name=\"description\" content=\"Hver midlertidig reisetillatelse til Canada er knyttet til et eTA-nummer. Finn ut hvordan du gjenoppretter et tapt eTA-s\u00f8knadsnummer.\" \/>\n<meta name=\"robots\" content=\"index, follow, max-snippet:-1, max-image-preview:large, max-video-preview:-1\" \/>\n<link rel=\"canonical\" href=\"https:\/\/ave-eta-canada.com\/no\/mistet-eta-nummer-canada\/\" \/>\n<meta property=\"og:locale\" content=\"nb_NO\" \/>\n<meta property=\"og:type\" content=\"article\" \/>\n<meta property=\"og:title\" content=\"Hva skal jeg gj\u00f8re i tilfelle tap av Canadas eTA-nummer?\" \/>\n<meta property=\"og:description\" content=\"Hver midlertidig reisetillatelse til Canada er knyttet til et eTA-nummer. Finn ut hvordan du gjenoppretter et tapt eTA-s\u00f8knadsnummer.\" \/>\n<meta property=\"og:url\" content=\"https:\/\/ave-eta-canada.com\/no\/mistet-eta-nummer-canada\/\" \/>\n<meta property=\"og:site_name\" content=\"VISA CANADA\" \/>\n<meta property=\"article:modified_time\" content=\"2023-05-01T13:13:37+00:00\" \/>\n<meta name=\"twitter:card\" content=\"summary_large_image\" \/>\n<meta name=\"twitter:label1\" content=\"Ansl. lesetid\" \/>\n\t<meta name=\"twitter:data1\" content=\"4 minutter\" \/>\n<script type=\"application\/ld+json\" class=\"yoast-schema-graph\">{\"@context\":\"https:\/\/schema.org\",\"@graph\":[{\"@type\":\"WebPage\",\"@id\":\"https:\/\/ave-eta-canada.com\/no\/mistet-eta-nummer-canada\/\",\"url\":\"https:\/\/ave-eta-canada.com\/no\/mistet-eta-nummer-canada\/\",\"name\":\"Hva skal jeg gj\u00f8re i tilfelle tap av Canadas eTA-nummer?\",\"isPartOf\":{\"@id\":\"https:\/\/ave-eta-canada.com\/no\/#website\"},\"datePublished\":\"2023-04-18T14:41:36+00:00\",\"dateModified\":\"2023-05-01T13:13:37+00:00\",\"description\":\"Hver midlertidig reisetillatelse til Canada er knyttet til et eTA-nummer. Finn ut hvordan du gjenoppretter et tapt eTA-s\u00f8knadsnummer.\",\"breadcrumb\":{\"@id\":\"https:\/\/ave-eta-canada.com\/no\/mistet-eta-nummer-canada\/#breadcrumb\"},\"inLanguage\":\"nb-NO\",\"potentialAction\":[{\"@type\":\"ReadAction\",\"target\":[\"https:\/\/ave-eta-canada.com\/no\/mistet-eta-nummer-canada\/\"]}]},{\"@type\":\"BreadcrumbList\",\"@id\":\"https:\/\/ave-eta-canada.com\/no\/mistet-eta-nummer-canada\/#breadcrumb\",\"itemListElement\":[{\"@type\":\"ListItem\",\"position\":1,\"name\":\"Home\",\"item\":\"https:\/\/ave-eta-canada.com\/no\/\"},{\"@type\":\"ListItem\",\"position\":2,\"name\":\"Hva skal jeg gj\u00f8re i tilfelle tap av Canadas eTA-nummer?\"}]},{\"@type\":\"WebSite\",\"@id\":\"https:\/\/ave-eta-canada.com\/no\/#website\",\"url\":\"https:\/\/ave-eta-canada.com\/no\/\",\"name\":\"VISA CANADA\",\"description\":\"Autorisation Voyage Electronique\",\"potentialAction\":[{\"@type\":\"SearchAction\",\"target\":{\"@type\":\"EntryPoint\",\"urlTemplate\":\"https:\/\/ave-eta-canada.com\/no\/?s={search_term_string}\"},\"query-input\":{\"@type\":\"PropertyValueSpecification\",\"valueRequired\":true,\"valueName\":\"search_term_string\"}}],\"inLanguage\":\"nb-NO\"}]}<\/script>\n<!-- \/ Yoast SEO plugin. -->","yoast_head_json":{"title":"Hva skal jeg gj\u00f8re i tilfelle tap av Canadas eTA-nummer?","description":"Hver midlertidig reisetillatelse til Canada er knyttet til et eTA-nummer. Finn ut hvordan du gjenoppretter et tapt eTA-s\u00f8knadsnummer.","robots":{"index":"index","follow":"follow","max-snippet":"max-snippet:-1","max-image-preview":"max-image-preview:large","max-video-preview":"max-video-preview:-1"},"canonical":"https:\/\/ave-eta-canada.com\/no\/mistet-eta-nummer-canada\/","og_locale":"nb_NO","og_type":"article","og_title":"Hva skal jeg gj\u00f8re i tilfelle tap av Canadas eTA-nummer?","og_description":"Hver midlertidig reisetillatelse til Canada er knyttet til et eTA-nummer. Finn ut hvordan du gjenoppretter et tapt eTA-s\u00f8knadsnummer.","og_url":"https:\/\/ave-eta-canada.com\/no\/mistet-eta-nummer-canada\/","og_site_name":"VISA CANADA","article_modified_time":"2023-05-01T13:13:37+00:00","twitter_card":"summary_large_image","twitter_misc":{"Ansl. lesetid":"4 minutter"},"schema":{"@context":"https:\/\/schema.org","@graph":[{"@type":"WebPage","@id":"https:\/\/ave-eta-canada.com\/no\/mistet-eta-nummer-canada\/","url":"https:\/\/ave-eta-canada.com\/no\/mistet-eta-nummer-canada\/","name":"Hva skal jeg gj\u00f8re i tilfelle tap av Canadas eTA-nummer?","isPartOf":{"@id":"https:\/\/ave-eta-canada.com\/no\/#website"},"datePublished":"2023-04-18T14:41:36+00:00","dateModified":"2023-05-01T13:13:37+00:00","description":"Hver midlertidig reisetillatelse til Canada er knyttet til et eTA-nummer. Finn ut hvordan du gjenoppretter et tapt eTA-s\u00f8knadsnummer.","breadcrumb":{"@id":"https:\/\/ave-eta-canada.com\/no\/mistet-eta-nummer-canada\/#breadcrumb"},"inLanguage":"nb-NO","potentialAction":[{"@type":"ReadAction","target":["https:\/\/ave-eta-canada.com\/no\/mistet-eta-nummer-canada\/"]}]},{"@type":"BreadcrumbList","@id":"https:\/\/ave-eta-canada.com\/no\/mistet-eta-nummer-canada\/#breadcrumb","itemListElement":[{"@type":"ListItem","position":1,"name":"Home","item":"https:\/\/ave-eta-canada.com\/no\/"},{"@type":"ListItem","position":2,"name":"Hva skal jeg gj\u00f8re i tilfelle tap av Canadas eTA-nummer?"}]},{"@type":"WebSite","@id":"https:\/\/ave-eta-canada.com\/no\/#website","url":"https:\/\/ave-eta-canada.com\/no\/","name":"VISA CANADA","description":"Autorisation Voyage Electronique","potentialAction":[{"@type":"SearchAction","target":{"@type":"EntryPoint","urlTemplate":"https:\/\/ave-eta-canada.com\/no\/?s={search_term_string}"},"query-input":{"@type":"PropertyValueSpecification","valueRequired":true,"valueName":"search_term_string"}}],"inLanguage":"nb-NO"}]}},"_links":{"self":[{"href":"https:\/\/ave-eta-canada.com\/no\/wp-json\/wp\/v2\/pages\/4126","targetHints":{"allow":["GET"]}}],"collection":[{"href":"https:\/\/ave-eta-canada.com\/no\/wp-json\/wp\/v2\/pages"}],"about":[{"href":"https:\/\/ave-eta-canada.com\/no\/wp-json\/wp\/v2\/types\/page"}],"author":[{"embeddable":true,"href":"https:\/\/ave-eta-canada.com\/no\/wp-json\/wp\/v2\/users\/1"}],"replies":[{"embeddable":true,"href":"https:\/\/ave-eta-canada.com\/no\/wp-json\/wp\/v2\/comments?post=4126"}],"version-history":[{"count":0,"href":"https:\/\/ave-eta-canada.com\/no\/wp-json\/wp\/v2\/pages\/4126\/revisions"}],"wp:attachment":[{"href":"https:\/\/ave-eta-canada.com\/no\/wp-json\/wp\/v2\/media?parent=4126"}],"curies":[{"name":"wp","href":"https:\/\/api.w.org\/{rel}","templated":true}]}}