{"id":4134,"date":"2023-04-18T14:41:37","date_gmt":"2023-04-18T14:41:37","guid":{"rendered":"https:\/\/ave-eta-canada.com\/ave-canada-gyldig-varighet\/"},"modified":"2023-04-27T21:06:13","modified_gmt":"2023-04-27T21:06:13","slug":"eta-canada-gyldig-varighet","status":"publish","type":"page","link":"https:\/\/ave-eta-canada.com\/no\/eta-canada-gyldig-varighet\/","title":{"rendered":"Canada eTA: gyldighetsperiode"},"content":{"rendered":"\n<h1 class=\"wp-block-heading\">Hvor lenge er Canadas eTA gyldig?<\/h1>\n\n<p>\u00c5 bes\u00f8ke Canada er dr\u00f8mmen din, Vancouver, Quebec, Rocky Mountains, Niagara Falls, Ottawa og Toronto er bare et klikk unna. Hvis du \u00f8nsker \u00e5 foreta et turistopphold i Canada, m\u00e5 du ha en elektronisk reiseautorisasjon p\u00e5 forh\u00e5nd.<\/p>\n\n<p><strong>For et opphold p\u00e5 mindre enn 6 m\u00e5neder i Canada<\/strong> : Du kan utf\u00f8re formalitetene for \u00e5 komme inn i Canada direkte via Internett ved \u00e5 klikke p\u00e5 <a href=\"https:\/\/ave-eta-canada.com\/no\/canada-eta-skjema-online\/\">nettskjemaet<\/a>. Det er ikke n\u00f8dvendig \u00e5 f\u00e5 time ved den kanadiske ambassaden eller konsulatet.<\/p>\n\n<p>Den <a href=\"https:\/\/ave-eta-canada.com\/no\/\">elektroniske reiseautorisasjonen<\/a> satt opp av den kanadiske regjeringen som en del av et visumfritaksprogram. Gyldighetsperioden til eTA Canada er sv\u00e6rt fordelaktig, og den lar innehaveren reise til Canada med fly, s\u00e5 mange ganger han vil, uten \u00e5 m\u00e5tte s\u00f8ke om visum ved den kanadiske ambassaden. Mange land rundt om i verden har signert en avtale med kanadiske myndigheter for \u00e5 gj\u00f8re det lettere for millioner av utenlandske reisende \u00e5 reise til dette landet.<\/p>\n\n<p>eTA-autorisasjonen tillater ikke utsendelse til Canada, for \u00e5 studere der, for \u00e5 gj\u00f8re et internship eller for \u00e5 jobbe og gir deg heller ikke rett til kanadisk statsborgerskap. Det er en del av en kontekst for turistreiser eller transitt.<\/p>\n\n<p>Hvor lenge er Canadas eTA gyldig? Hvor lenge er det mulig \u00e5 bo i Canada? Dette er hva vi skal finne ut i denne artikkelen.<br\/><br\/><\/p>\n\n<h2 class=\"wp-block-heading\">Hvordan f\u00e5r jeg eTA Canada? Hva er dens gyldighetsperiode?<\/h2>\n\n<p><a href=\"https:\/\/ave-eta-canada.com\/no\/hva-er-eta-canada\/\">eTA Canada<\/a> er en elektronisk reiseautorisasjon som lar statsborgere fra visse land reise til Canada uten visum. Canadas eTA har en annen gyldighetsperiode enn visumet og foresp\u00f8rres ikke ved den kanadiske ambassaden eller generalkonsulatet, men p\u00e5 den offisielle kanadiske regjeringens nettsted.<\/p>\n\n<p>For \u00e5 s\u00f8ke om eTa Canada, m\u00e5 du fylle ut <a href=\"https:\/\/ave-eta-canada.com\/no\/fyll-ut-av-skjemaet-for-canada\/\">eTA-skjemaet<\/a>. Sistnevnte best\u00e5r av ulike sp\u00f8rsm\u00e5l om deg, jobben din, detaljene i passet ditt eller helsetilstanden din (sp\u00f8rsm\u00e5l knyttet til tuberkulose for eksempel). Ikke glem \u00e5 ta med passet ditt (du vil bli bedt om nummeret) og kredittkortet ditt for \u00e5 foreta betalingen. <a href=\"https:\/\/ave-eta-canada.com\/no\/eta-canada-dens-pris\/\">Prisen p\u00e5 en eTA er CAN$7<\/a> (kanadiske dollar) som skal betales direkte ved s\u00f8knad.<\/p>\n\n<p>Gyldighetsperioden til eTA Canada er direkte knyttet til reisedokumentet ditt (biometrisk pass eller elektronisk pass): dette betyr at hvis du trenger \u00e5 fornye det, m\u00e5 du s\u00f8ke om et nytt eTA Canada.<\/p>\n\n<p>V\u00e6r oppmerksom p\u00e5 at det finnes uavhengige nettsteder, for eksempel partnerne v\u00e5re, som tilbyr \u00e5 bekrefte informasjonen din f\u00f8r du sender eTA-skjemaet. Ved \u00e5 velge denne l\u00f8sningen reduserer du risikoen for avslag (og for \u00e5 m\u00e5tte betale tilbake for en ny foresp\u00f8rsel) siden et team av fagfolk sikrer at informasjonen som legges inn er korrekt (riktig passnummer, frav\u00e6r av feil eller skrivefeil, etc.).<br\/><br\/><\/p>\n\n<h2 class=\"wp-block-heading\">Varighet av gyldighet av Canada eTA og lengden p\u00e5 oppholdet<\/h2>\n\n<p>Canada eTA <a href=\"https:\/\/ave-eta-canada.com\/no\/eta-canada-gyldig-varighet\/\">har en lang nok gyldighetsperiode<\/a> slik at du kan nyte landet fullt ut. Canada eTA, n\u00e5r den er oppn\u00e5dd, er gyldig i fem \u00e5r.<\/p>\n\n<p>I l\u00f8pet av denne perioden er flere turer autorisert til Canada. <a href=\"https:\/\/ave-eta-canada.com\/no\/\">eTA-autorisasjonen<\/a> tillater opphold p\u00e5 et halvt \u00e5r, lengden p\u00e5 oppholdet validert av eTA Canada er maksimalt seks m\u00e5neder per opphold.<\/p>\n\n<p>V\u00e6r oppmerksom p\u00e5 at i motsetning til et kanadisk visum (arbeidstillatelse, studietillatelse) eller en PVT, gir ikke \u00e5 f\u00e5 en eTA rett til \u00e5 jobbe, studere eller gj\u00f8re et internship i Canada. Det gir deg absolutt ikke fastboende status og er ikke til \u00e5 forveksle med et beboerkort.<\/p>\n\n<p>Det er lurt \u00e5 s\u00f8ke om eTA relativt p\u00e5 forh\u00e5nd f\u00f8r avreise for \u00e5 forberede seg p\u00e5 eventuelle avslagsmuligheter.<\/p>\n\n<p>Ikke n\u00f8l med \u00e5 kontakte teamet v\u00e5rt for sp\u00f8rsm\u00e5l knyttet til gyldighetsperioden til Canada eTA for \u00e5 forberede reisen til Canada p\u00e5 riktig m\u00e5te. Ha en god tur<\/p>\n","protected":false},"excerpt":{"rendered":"<p>Hvor lenge er Canadas eTA gyldig? \u00c5 bes\u00f8ke Canada er dr\u00f8mmen din, Vancouver, Quebec, Rocky Mountains, Niagara Falls, Ottawa og Toronto er bare et klikk unna. Hvis du \u00f8nsker \u00e5 foreta et turistopphold i Canada, m\u00e5 du ha en elektronisk reiseautorisasjon p\u00e5 forh\u00e5nd. For et opphold p\u00e5 mindre enn 6 m\u00e5neder i Canada : Du [&hellip;]<\/p>\n","protected":false},"author":1,"featured_media":0,"parent":0,"menu_order":0,"comment_status":"closed","ping_status":"closed","template":"","meta":{"footnotes":""},"class_list":["post-4134","page","type-page","status-publish","hentry"],"yoast_head":"<!-- This site is optimized with the Yoast SEO plugin v26.9 - https:\/\/yoast.com\/product\/yoast-seo-wordpress\/ -->\n<title>Canada eTA: gyldighetsperiode<\/title>\n<meta name=\"description\" content=\"Canada eTA er en elektronisk reiseautorisasjon som lar innehaveren reise til Canada uten visum. Hva er dens gyldighetsperiode?\" \/>\n<meta name=\"robots\" content=\"index, follow, max-snippet:-1, max-image-preview:large, max-video-preview:-1\" \/>\n<link rel=\"canonical\" href=\"https:\/\/ave-eta-canada.com\/no\/eta-canada-gyldig-varighet\/\" \/>\n<meta property=\"og:locale\" content=\"nb_NO\" \/>\n<meta property=\"og:type\" content=\"article\" \/>\n<meta property=\"og:title\" content=\"Canada eTA: gyldighetsperiode\" \/>\n<meta property=\"og:description\" content=\"Canada eTA er en elektronisk reiseautorisasjon som lar innehaveren reise til Canada uten visum. Hva er dens gyldighetsperiode?\" \/>\n<meta property=\"og:url\" content=\"https:\/\/ave-eta-canada.com\/no\/eta-canada-gyldig-varighet\/\" \/>\n<meta property=\"og:site_name\" content=\"VISA CANADA\" \/>\n<meta property=\"article:modified_time\" content=\"2023-04-27T21:06:13+00:00\" \/>\n<meta name=\"twitter:card\" content=\"summary_large_image\" \/>\n<meta name=\"twitter:label1\" content=\"Ansl. lesetid\" \/>\n\t<meta name=\"twitter:data1\" content=\"3 minutter\" \/>\n<script type=\"application\/ld+json\" class=\"yoast-schema-graph\">{\"@context\":\"https:\/\/schema.org\",\"@graph\":[{\"@type\":\"WebPage\",\"@id\":\"https:\/\/ave-eta-canada.com\/no\/eta-canada-gyldig-varighet\/\",\"url\":\"https:\/\/ave-eta-canada.com\/no\/eta-canada-gyldig-varighet\/\",\"name\":\"Canada eTA: gyldighetsperiode\",\"isPartOf\":{\"@id\":\"https:\/\/ave-eta-canada.com\/no\/#website\"},\"datePublished\":\"2023-04-18T14:41:37+00:00\",\"dateModified\":\"2023-04-27T21:06:13+00:00\",\"description\":\"Canada eTA er en elektronisk reiseautorisasjon som lar innehaveren reise til Canada uten visum. Hva er dens gyldighetsperiode?\",\"breadcrumb\":{\"@id\":\"https:\/\/ave-eta-canada.com\/no\/eta-canada-gyldig-varighet\/#breadcrumb\"},\"inLanguage\":\"nb-NO\",\"potentialAction\":[{\"@type\":\"ReadAction\",\"target\":[\"https:\/\/ave-eta-canada.com\/no\/eta-canada-gyldig-varighet\/\"]}]},{\"@type\":\"BreadcrumbList\",\"@id\":\"https:\/\/ave-eta-canada.com\/no\/eta-canada-gyldig-varighet\/#breadcrumb\",\"itemListElement\":[{\"@type\":\"ListItem\",\"position\":1,\"name\":\"Home\",\"item\":\"https:\/\/ave-eta-canada.com\/no\/\"},{\"@type\":\"ListItem\",\"position\":2,\"name\":\"Canada eTA: gyldighetsperiode\"}]},{\"@type\":\"WebSite\",\"@id\":\"https:\/\/ave-eta-canada.com\/no\/#website\",\"url\":\"https:\/\/ave-eta-canada.com\/no\/\",\"name\":\"VISA CANADA\",\"description\":\"Autorisation Voyage Electronique\",\"potentialAction\":[{\"@type\":\"SearchAction\",\"target\":{\"@type\":\"EntryPoint\",\"urlTemplate\":\"https:\/\/ave-eta-canada.com\/no\/?s={search_term_string}\"},\"query-input\":{\"@type\":\"PropertyValueSpecification\",\"valueRequired\":true,\"valueName\":\"search_term_string\"}}],\"inLanguage\":\"nb-NO\"}]}<\/script>\n<!-- \/ Yoast SEO plugin. -->","yoast_head_json":{"title":"Canada eTA: gyldighetsperiode","description":"Canada eTA er en elektronisk reiseautorisasjon som lar innehaveren reise til Canada uten visum. Hva er dens gyldighetsperiode?","robots":{"index":"index","follow":"follow","max-snippet":"max-snippet:-1","max-image-preview":"max-image-preview:large","max-video-preview":"max-video-preview:-1"},"canonical":"https:\/\/ave-eta-canada.com\/no\/eta-canada-gyldig-varighet\/","og_locale":"nb_NO","og_type":"article","og_title":"Canada eTA: gyldighetsperiode","og_description":"Canada eTA er en elektronisk reiseautorisasjon som lar innehaveren reise til Canada uten visum. Hva er dens gyldighetsperiode?","og_url":"https:\/\/ave-eta-canada.com\/no\/eta-canada-gyldig-varighet\/","og_site_name":"VISA CANADA","article_modified_time":"2023-04-27T21:06:13+00:00","twitter_card":"summary_large_image","twitter_misc":{"Ansl. lesetid":"3 minutter"},"schema":{"@context":"https:\/\/schema.org","@graph":[{"@type":"WebPage","@id":"https:\/\/ave-eta-canada.com\/no\/eta-canada-gyldig-varighet\/","url":"https:\/\/ave-eta-canada.com\/no\/eta-canada-gyldig-varighet\/","name":"Canada eTA: gyldighetsperiode","isPartOf":{"@id":"https:\/\/ave-eta-canada.com\/no\/#website"},"datePublished":"2023-04-18T14:41:37+00:00","dateModified":"2023-04-27T21:06:13+00:00","description":"Canada eTA er en elektronisk reiseautorisasjon som lar innehaveren reise til Canada uten visum. Hva er dens gyldighetsperiode?","breadcrumb":{"@id":"https:\/\/ave-eta-canada.com\/no\/eta-canada-gyldig-varighet\/#breadcrumb"},"inLanguage":"nb-NO","potentialAction":[{"@type":"ReadAction","target":["https:\/\/ave-eta-canada.com\/no\/eta-canada-gyldig-varighet\/"]}]},{"@type":"BreadcrumbList","@id":"https:\/\/ave-eta-canada.com\/no\/eta-canada-gyldig-varighet\/#breadcrumb","itemListElement":[{"@type":"ListItem","position":1,"name":"Home","item":"https:\/\/ave-eta-canada.com\/no\/"},{"@type":"ListItem","position":2,"name":"Canada eTA: gyldighetsperiode"}]},{"@type":"WebSite","@id":"https:\/\/ave-eta-canada.com\/no\/#website","url":"https:\/\/ave-eta-canada.com\/no\/","name":"VISA CANADA","description":"Autorisation Voyage Electronique","potentialAction":[{"@type":"SearchAction","target":{"@type":"EntryPoint","urlTemplate":"https:\/\/ave-eta-canada.com\/no\/?s={search_term_string}"},"query-input":{"@type":"PropertyValueSpecification","valueRequired":true,"valueName":"search_term_string"}}],"inLanguage":"nb-NO"}]}},"_links":{"self":[{"href":"https:\/\/ave-eta-canada.com\/no\/wp-json\/wp\/v2\/pages\/4134","targetHints":{"allow":["GET"]}}],"collection":[{"href":"https:\/\/ave-eta-canada.com\/no\/wp-json\/wp\/v2\/pages"}],"about":[{"href":"https:\/\/ave-eta-canada.com\/no\/wp-json\/wp\/v2\/types\/page"}],"author":[{"embeddable":true,"href":"https:\/\/ave-eta-canada.com\/no\/wp-json\/wp\/v2\/users\/1"}],"replies":[{"embeddable":true,"href":"https:\/\/ave-eta-canada.com\/no\/wp-json\/wp\/v2\/comments?post=4134"}],"version-history":[{"count":0,"href":"https:\/\/ave-eta-canada.com\/no\/wp-json\/wp\/v2\/pages\/4134\/revisions"}],"wp:attachment":[{"href":"https:\/\/ave-eta-canada.com\/no\/wp-json\/wp\/v2\/media?parent=4134"}],"curies":[{"name":"wp","href":"https:\/\/api.w.org\/{rel}","templated":true}]}}