{"id":4147,"date":"2023-04-18T14:41:39","date_gmt":"2023-04-18T14:41:39","guid":{"rendered":"https:\/\/ave-eta-canada.com\/hvordan-sjekke-statusen-til-din-ave-canada-applikasjon\/"},"modified":"2023-04-29T10:02:29","modified_gmt":"2023-04-29T10:02:29","slug":"hvordan-sjekke-statusen-til-din-eta-canada-applikasjon","status":"publish","type":"page","link":"https:\/\/ave-eta-canada.com\/no\/hvordan-sjekke-statusen-til-din-eta-canada-applikasjon\/","title":{"rendered":"Hvordan sjekke statusen til Canada eTA-s\u00f8knaden din?"},"content":{"rendered":"\n<h1 class=\"wp-block-heading\">Reis til Canada: sjekk statusen til eTA-s\u00f8knaden din<\/h1>\n\n<p>Alle reiser til Canada krever en reisetillatelse. Dersom det er et lengre opphold vil det v\u00e6re n\u00f8dvendig \u00e5 s\u00f8ke om visum. <\/p>\n\n<p><strong>For et opphold p\u00e5 mindre enn 6 m\u00e5neder i Canada<\/strong> : Du kan utf\u00f8re formalitetene for \u00e5 komme inn i Canada direkte via Internett ved \u00e5 klikke p\u00e5 <a href=\"https:\/\/ave-eta-canada.com\/no\/canada-eta-skjema-online\/\">nettskjemaet<\/a>. Det er ikke n\u00f8dvendig \u00e5 f\u00e5 time ved den kanadiske ambassaden eller konsulatet.<\/p>\n\n<p>Nedenfor forklarer vi hvordan du sjekker statusen til reiseautorisasjonen din etter \u00e5 ha fullf\u00f8rt netts\u00f8knaden.<br\/><\/p>\n\n<h2 class=\"wp-block-heading\">eTA-status: den elektroniske s\u00f8knadsfasen<\/h2>\n\n<p><a href=\"https:\/\/ave-eta-canada.com\/no\/\">eTA Electronic Travel Authorization<\/a>, lar deg bo i 6 sammenhengende m\u00e5neder i Canada. I motsetning til det kanadiske visumet, kan denne reisetillatelsen kun f\u00e5s p\u00e5 nettet. Innhentingsprosessen er relativt enkel, det er n\u00f8dvendig \u00e5 f\u00f8lge samme prosedyre som for foresp\u00f8rselen om en ESTA for \u00e5 reise til USA, det vil si \u00e5 fylle ut et elektronisk skjema.<\/p>\n\n<p><a href=\"https:\/\/ave-eta-canada.com\/no\/fyll-ut-av-skjemaet-for-canada\/\">eTA-skjemaet<\/a> er tilgjengelig p\u00e5 mange nettsteder. Du kan velge \u00e5 fylle ut den p\u00e5 den offisielle nettsiden til den kanadiske regjeringen eller sende inn foresp\u00f8rselen din via v\u00e5r partnernettside.<\/p>\n\n<p>Hvis du allerede har et Canada-visum, en arbeidstillatelse eller til og med et permanent oppholdskort, vet at du ikke trenger \u00e5 s\u00f8ke om en eTA.<\/p>\n\n<h3 class=\"wp-block-heading\">Fylle ut Canada eTA-skjemaet<\/h3>\n\n<p>N\u00e5r du fyller ut det <a href=\"https:\/\/ave-eta-canada.com\/no\/hvordan-fullfore-en-eta-for-a-reise-til-canada\/\">elektroniske skjemaet<\/a>, m\u00e5 du oppgi hovedinformasjonen som er oppf\u00f8rt i passet ditt (navn, dato, f\u00f8dested, kj\u00f8nn, adresse, nasjonalitet, passnummer, etc.). Etter \u00e5 ha fylt ut din sivilstatus vil et kort sp\u00f8rreskjema vises. Du m\u00e5 da svare p\u00e5 ulike sp\u00f8rsm\u00e5l knyttet til din helse, din n\u00e5v\u00e6rende jobb og din juridiske historie.<\/p>\n\n<p>Det siste trinnet for \u00e5 validere eTA-filen din er onlinebetalingen. For denne formaliteten, ta med kredittkortet ditt (Visa, MasterCard eller American Express) og fyll inn bankopplysningene dine.<br\/><br\/><\/p>\n\n<h2 class=\"wp-block-heading\">De forskjellige eTA-applikasjonsstatusene<\/h2>\n\n<p>N\u00e5r du har betalt <a href=\"https:\/\/ave-eta-canada.com\/no\/eta-canada-dens-pris\/\">eTA-gebyret<\/a>, b\u00f8r du motta en e-post fra den kanadiske administrasjonen som informerer deg om mottak av s\u00f8knaden din og unders\u00f8kelsen av filen din.<\/p>\n\n<p>Svarene som legges inn i nettskjemaet analyseres av IRCC (Immigration, Refugees and Citizenship Canada). Dette statlige organet vil derfor studere hver eTA-foresp\u00f8rsel for \u00e5 sikre at hver enkelt statsborger ikke representerer noen fare for landets indre sikkerhet. P\u00e5 slutten av denne analysen kan eTA-foresp\u00f8rselen din ha tre statuser: &laquo;foresp\u00f8rsel autorisert&raquo;, &laquo;foresp\u00f8rsel venter&raquo; eller &laquo;foresp\u00f8rsel avvist&raquo;.<\/p>\n\n<h3 class=\"wp-block-heading\">Status: Canada eTA venter<\/h3>\n\n<p>Flertallet av foresp\u00f8rslene f\u00f8rer til en godkjenning av eTA-foresp\u00f8rselen innen minutter etter at filen er sendt. Det kan likevel skje at foresp\u00f8rselen krever lengre forsinkelser. Hvis statusen til eTA-s\u00f8knaden din er under behandling, vil du motta en e-post fra IRCC innen timer eller dager. Du kan for eksempel bli bedt om \u00e5 oppgi visse st\u00f8ttedokumenter eller tilleggsinformasjon.<\/p>\n\n<p>Det er mulig \u00e5 f\u00f8lge fremdriften til eTA-applikasjonen takket v\u00e6re verifiseringsverkt\u00f8yet som er gjort tilgjengelig av Canadas regjering. For \u00e5 gj\u00f8re dette trenger du:<\/p>\n\n<ul class=\"wp-block-list\"><li>ditt eTA-s\u00f8knadsnummer kommunisert via e-post;<\/li><li>visse opplysninger om passet du sendte foresp\u00f8rselen med (utstedelsesland, passnummer, utstedelsesdato og utl\u00f8psdato).<\/li><\/ul>\n\n<p>Merk at dette verkt\u00f8yet ogs\u00e5 er nyttig hvis du allerede har en midlertidig reiseautorisasjon, men \u00f8nsker <a>\u00e5 finne din eTA<\/a> for \u00e5 se filen din.<\/p>\n\n<h3 class=\"wp-block-heading\">Status: Canada eTA godkjent<\/h3>\n\n<p>N\u00e5r din Canada eTA-s\u00f8knad mottar statusen &laquo;godkjent&raquo;, vil du motta eTA-nummeret ditt p\u00e5 e-post sammen med utl\u00f8psdatoen og passnummeret knyttet til reiseautorisasjonen.<\/p>\n\n<p>I besittelse av eTA kan du reise til Canada og bo mindre enn seks m\u00e5neder i l\u00f8nnelandet. Gyldighetsperioden for eTA er 5 \u00e5r, det vil si at du kan bes\u00f8ke Canada s\u00e5 mange ganger du \u00f8nsker i l\u00f8pet av denne perioden, s\u00e5 lenge du respekterer den maksimale varigheten av oppholdet (maks 6 m\u00e5neder) og at du har et gyldig pass.<\/p>\n\n<p>V\u00e6r oppmerksom p\u00e5 at det \u00e5 ha en &laquo;godkjent&raquo; Canada eTA-status ikke n\u00f8dvendigvis betyr at du er autorisert til \u00e5 reise inn i kanadisk territorium, det gir deg bare tillatelse til \u00e5 forlate Canada med fly. N\u00e5r du ankommer grensen, vil du bli sjekket av en grensetjenesteoffiser, den eneste personen som er autorisert til \u00e5 bekrefte innreise til Canada.<\/p>\n\n<h3 class=\"wp-block-heading\">Status: Canada eTA nektet<\/h3>\n\n<p>Det er sjelden den kanadiske staten avsl\u00e5r s\u00f8knader om midlertidig oppholdstillatelse. Hvis du etter \u00e5 ha sjekket statusen til din Canada eTA finner ut at s\u00f8knaden din har blitt avvist, m\u00e5 du f\u00f8rst sjekke at dette ikke skyldes en uforsiktig feil som ble gjort ved utfylling av nettskjemaet. Siden det meste av informasjonen ikke kan endres etter at du har sendt inn foresp\u00f8rselen, m\u00e5 du s\u00f8ke p\u00e5 nytt online og betale tilbake de n\u00f8dvendige gebyrene.<\/p>\n\n<p>For \u00e5 legge oddsen p\u00e5 din side for \u00e5 f\u00e5 &laquo;godkjent&raquo; eTA-status og reise til Canada med trygghet, foresl\u00e5r vi at du s\u00f8ker via v\u00e5r partnerside. Teamet av fagfolk vil ta seg av \u00e5 sjekke filen din i alle henseender og rette opp feil og utelatelser om n\u00f8dvendig.<\/p>\n\n<p>Hvis ingen feil vises, er det sannsynlig at du ikke oppfyller et av <a href=\"https:\/\/ave-eta-canada.com\/no\/alt-vet-om-av-betingelser-for-reise-i-canada\/\">eTA-kvalifikasjonskravene<\/a>. Som en p\u00e5minnelse, her er de forskjellige punktene som m\u00e5 respekteres for \u00e5 dra nytte av &laquo;godkjent&raquo; eTA-status:<\/p>\n\n<ul class=\"wp-block-list\"><li>ha nasjonaliteten til et land som er kvalifisert for visumfritak (norsk statsborgere er kvalifisert);<\/li><li>reise til Canada som en del av et turistopphold eller en forretningsreise;<\/li><li>ikke bli lenger enn seks m\u00e5neder; <\/li><li>ha gyldig biometrisk eller elektronisk pass.<\/li><\/ul>\n\n<p>Som du har forst\u00e5tt, hvis du \u00f8nsker \u00e5 studere i Canada, gj\u00f8re et internship eller jobbe der, kan ikkee eTA gjelde for deg. Du m\u00e5 da g\u00e5 til den kanadiske ambassaden og s\u00f8ke <a href=\"https:\/\/ave-eta-canada.com\/no\/pvt-canada-hvordan-fa-din-arbeidsferie-tillatelse\/\">om visum eller WHP<\/a> (denne prosessen er ogs\u00e5 mulig p\u00e5 konsulatet).<\/p>\n","protected":false},"excerpt":{"rendered":"<p>Reis til Canada: sjekk statusen til eTA-s\u00f8knaden din Alle reiser til Canada krever en reisetillatelse. Dersom det er et lengre opphold vil det v\u00e6re n\u00f8dvendig \u00e5 s\u00f8ke om visum. For et opphold p\u00e5 mindre enn 6 m\u00e5neder i Canada : Du kan utf\u00f8re formalitetene for \u00e5 komme inn i Canada direkte via Internett ved \u00e5 [&hellip;]<\/p>\n","protected":false},"author":1,"featured_media":0,"parent":0,"menu_order":0,"comment_status":"closed","ping_status":"closed","template":"","meta":{"footnotes":""},"class_list":["post-4147","page","type-page","status-publish","hentry"],"yoast_head":"<!-- This site is optimized with the Yoast SEO plugin v26.9 - https:\/\/yoast.com\/product\/yoast-seo-wordpress\/ -->\n<title>Hvordan sjekke statusen til Canada eTA-s\u00f8knaden din?<\/title>\n<meta name=\"description\" content=\"eTA-s\u00f8knaden krever utfylling av et elektronisk skjema. Etter \u00e5 ha sendt sp\u00f8rreskjemaet, vil den kanadiske regjeringen tildele en status til eTA-s\u00f8knaden din.\" \/>\n<meta name=\"robots\" content=\"index, follow, max-snippet:-1, max-image-preview:large, max-video-preview:-1\" \/>\n<link rel=\"canonical\" href=\"https:\/\/ave-eta-canada.com\/no\/hvordan-sjekke-statusen-til-din-eta-canada-applikasjon\/\" \/>\n<meta property=\"og:locale\" content=\"nb_NO\" \/>\n<meta property=\"og:type\" content=\"article\" \/>\n<meta property=\"og:title\" content=\"Hvordan sjekke statusen til Canada eTA-s\u00f8knaden din?\" \/>\n<meta property=\"og:description\" content=\"eTA-s\u00f8knaden krever utfylling av et elektronisk skjema. Etter \u00e5 ha sendt sp\u00f8rreskjemaet, vil den kanadiske regjeringen tildele en status til eTA-s\u00f8knaden din.\" \/>\n<meta property=\"og:url\" content=\"https:\/\/ave-eta-canada.com\/no\/hvordan-sjekke-statusen-til-din-eta-canada-applikasjon\/\" \/>\n<meta property=\"og:site_name\" content=\"VISA CANADA\" \/>\n<meta property=\"article:modified_time\" content=\"2023-04-29T10:02:29+00:00\" \/>\n<meta name=\"twitter:card\" content=\"summary_large_image\" \/>\n<meta name=\"twitter:label1\" content=\"Ansl. lesetid\" \/>\n\t<meta name=\"twitter:data1\" content=\"5 minutter\" \/>\n<script type=\"application\/ld+json\" class=\"yoast-schema-graph\">{\"@context\":\"https:\/\/schema.org\",\"@graph\":[{\"@type\":\"WebPage\",\"@id\":\"https:\/\/ave-eta-canada.com\/no\/hvordan-sjekke-statusen-til-din-eta-canada-applikasjon\/\",\"url\":\"https:\/\/ave-eta-canada.com\/no\/hvordan-sjekke-statusen-til-din-eta-canada-applikasjon\/\",\"name\":\"Hvordan sjekke statusen til Canada eTA-s\u00f8knaden din?\",\"isPartOf\":{\"@id\":\"https:\/\/ave-eta-canada.com\/no\/#website\"},\"datePublished\":\"2023-04-18T14:41:39+00:00\",\"dateModified\":\"2023-04-29T10:02:29+00:00\",\"description\":\"eTA-s\u00f8knaden krever utfylling av et elektronisk skjema. Etter \u00e5 ha sendt sp\u00f8rreskjemaet, vil den kanadiske regjeringen tildele en status til eTA-s\u00f8knaden din.\",\"breadcrumb\":{\"@id\":\"https:\/\/ave-eta-canada.com\/no\/hvordan-sjekke-statusen-til-din-eta-canada-applikasjon\/#breadcrumb\"},\"inLanguage\":\"nb-NO\",\"potentialAction\":[{\"@type\":\"ReadAction\",\"target\":[\"https:\/\/ave-eta-canada.com\/no\/hvordan-sjekke-statusen-til-din-eta-canada-applikasjon\/\"]}]},{\"@type\":\"BreadcrumbList\",\"@id\":\"https:\/\/ave-eta-canada.com\/no\/hvordan-sjekke-statusen-til-din-eta-canada-applikasjon\/#breadcrumb\",\"itemListElement\":[{\"@type\":\"ListItem\",\"position\":1,\"name\":\"Home\",\"item\":\"https:\/\/ave-eta-canada.com\/no\/\"},{\"@type\":\"ListItem\",\"position\":2,\"name\":\"Hvordan sjekke statusen til Canada eTA-s\u00f8knaden din?\"}]},{\"@type\":\"WebSite\",\"@id\":\"https:\/\/ave-eta-canada.com\/no\/#website\",\"url\":\"https:\/\/ave-eta-canada.com\/no\/\",\"name\":\"VISA CANADA\",\"description\":\"Autorisation Voyage Electronique\",\"potentialAction\":[{\"@type\":\"SearchAction\",\"target\":{\"@type\":\"EntryPoint\",\"urlTemplate\":\"https:\/\/ave-eta-canada.com\/no\/?s={search_term_string}\"},\"query-input\":{\"@type\":\"PropertyValueSpecification\",\"valueRequired\":true,\"valueName\":\"search_term_string\"}}],\"inLanguage\":\"nb-NO\"}]}<\/script>\n<!-- \/ Yoast SEO plugin. -->","yoast_head_json":{"title":"Hvordan sjekke statusen til Canada eTA-s\u00f8knaden din?","description":"eTA-s\u00f8knaden krever utfylling av et elektronisk skjema. Etter \u00e5 ha sendt sp\u00f8rreskjemaet, vil den kanadiske regjeringen tildele en status til eTA-s\u00f8knaden din.","robots":{"index":"index","follow":"follow","max-snippet":"max-snippet:-1","max-image-preview":"max-image-preview:large","max-video-preview":"max-video-preview:-1"},"canonical":"https:\/\/ave-eta-canada.com\/no\/hvordan-sjekke-statusen-til-din-eta-canada-applikasjon\/","og_locale":"nb_NO","og_type":"article","og_title":"Hvordan sjekke statusen til Canada eTA-s\u00f8knaden din?","og_description":"eTA-s\u00f8knaden krever utfylling av et elektronisk skjema. Etter \u00e5 ha sendt sp\u00f8rreskjemaet, vil den kanadiske regjeringen tildele en status til eTA-s\u00f8knaden din.","og_url":"https:\/\/ave-eta-canada.com\/no\/hvordan-sjekke-statusen-til-din-eta-canada-applikasjon\/","og_site_name":"VISA CANADA","article_modified_time":"2023-04-29T10:02:29+00:00","twitter_card":"summary_large_image","twitter_misc":{"Ansl. lesetid":"5 minutter"},"schema":{"@context":"https:\/\/schema.org","@graph":[{"@type":"WebPage","@id":"https:\/\/ave-eta-canada.com\/no\/hvordan-sjekke-statusen-til-din-eta-canada-applikasjon\/","url":"https:\/\/ave-eta-canada.com\/no\/hvordan-sjekke-statusen-til-din-eta-canada-applikasjon\/","name":"Hvordan sjekke statusen til Canada eTA-s\u00f8knaden din?","isPartOf":{"@id":"https:\/\/ave-eta-canada.com\/no\/#website"},"datePublished":"2023-04-18T14:41:39+00:00","dateModified":"2023-04-29T10:02:29+00:00","description":"eTA-s\u00f8knaden krever utfylling av et elektronisk skjema. Etter \u00e5 ha sendt sp\u00f8rreskjemaet, vil den kanadiske regjeringen tildele en status til eTA-s\u00f8knaden din.","breadcrumb":{"@id":"https:\/\/ave-eta-canada.com\/no\/hvordan-sjekke-statusen-til-din-eta-canada-applikasjon\/#breadcrumb"},"inLanguage":"nb-NO","potentialAction":[{"@type":"ReadAction","target":["https:\/\/ave-eta-canada.com\/no\/hvordan-sjekke-statusen-til-din-eta-canada-applikasjon\/"]}]},{"@type":"BreadcrumbList","@id":"https:\/\/ave-eta-canada.com\/no\/hvordan-sjekke-statusen-til-din-eta-canada-applikasjon\/#breadcrumb","itemListElement":[{"@type":"ListItem","position":1,"name":"Home","item":"https:\/\/ave-eta-canada.com\/no\/"},{"@type":"ListItem","position":2,"name":"Hvordan sjekke statusen til Canada eTA-s\u00f8knaden din?"}]},{"@type":"WebSite","@id":"https:\/\/ave-eta-canada.com\/no\/#website","url":"https:\/\/ave-eta-canada.com\/no\/","name":"VISA CANADA","description":"Autorisation Voyage Electronique","potentialAction":[{"@type":"SearchAction","target":{"@type":"EntryPoint","urlTemplate":"https:\/\/ave-eta-canada.com\/no\/?s={search_term_string}"},"query-input":{"@type":"PropertyValueSpecification","valueRequired":true,"valueName":"search_term_string"}}],"inLanguage":"nb-NO"}]}},"_links":{"self":[{"href":"https:\/\/ave-eta-canada.com\/no\/wp-json\/wp\/v2\/pages\/4147","targetHints":{"allow":["GET"]}}],"collection":[{"href":"https:\/\/ave-eta-canada.com\/no\/wp-json\/wp\/v2\/pages"}],"about":[{"href":"https:\/\/ave-eta-canada.com\/no\/wp-json\/wp\/v2\/types\/page"}],"author":[{"embeddable":true,"href":"https:\/\/ave-eta-canada.com\/no\/wp-json\/wp\/v2\/users\/1"}],"replies":[{"embeddable":true,"href":"https:\/\/ave-eta-canada.com\/no\/wp-json\/wp\/v2\/comments?post=4147"}],"version-history":[{"count":0,"href":"https:\/\/ave-eta-canada.com\/no\/wp-json\/wp\/v2\/pages\/4147\/revisions"}],"wp:attachment":[{"href":"https:\/\/ave-eta-canada.com\/no\/wp-json\/wp\/v2\/media?parent=4147"}],"curies":[{"name":"wp","href":"https:\/\/api.w.org\/{rel}","templated":true}]}}