{"id":4151,"date":"2023-04-18T14:41:41","date_gmt":"2023-04-18T14:41:41","guid":{"rendered":"https:\/\/ave-eta-canada.com\/er-et-visum-nodvendig-for-a-ga-til-canada\/"},"modified":"2023-05-01T13:45:30","modified_gmt":"2023-05-01T13:45:30","slug":"er-et-visum-nodvendig-for-a-ga-til-canada","status":"publish","type":"page","link":"https:\/\/ave-eta-canada.com\/no\/er-et-visum-nodvendig-for-a-ga-til-canada\/","title":{"rendered":"Er visum n\u00f8dvendig for \u00e5 reise til Canada?"},"content":{"rendered":"\n<h1 class=\"wp-block-heading\">Kreves visum for \u00e5 reise inn i Canada?<\/h1>\n\n<p>Enten det er et opphold i Canada for turisme, faglige \u00e5rsaker eller til og med for transitt, p\u00e5legger den kanadiske regjeringen systematisk en reisetillatelse for \u00e5 komme inn p\u00e5 det nasjonale territoriet. <\/p>\n\n<p><strong>For et opphold p\u00e5 mindre enn 6 m\u00e5neder i Canada<\/strong> : Du kan utf\u00f8re formalitetene for \u00e5 komme inn i Canada direkte via Internett ved \u00e5 klikke p\u00e5 <a href=\"https:\/\/ave-eta-canada.com\/no\/canada-eta-skjema-online\/\">nettskjemaet<\/a>. Det er ikke n\u00f8dvendig \u00e5 f\u00e5 time ved den kanadiske ambassaden eller konsulatet.<\/p>\n\n<p>Det er derfor ikke n\u00f8dvendig \u00e5 s\u00f8ke om Canada-visum, en reiseautorisasjon er tilstrekkelig: Electronic Travel Authorization (eTA). Finn ut i denne artikkelen i hvilke situasjoner du vil bli frigjort fra de lange og kostbare formalitetene for \u00e5 f\u00e5 et Canada-visum. <\/p>\n\n<h2 class=\"wp-block-heading\"><br\/>Canada eTA: et alternativ til visum<\/h2>\n\n<p>Den <a href=\"https:\/\/ave-eta-canada.com\/no\/\">elektroniske reiseautorisasjonen<\/a> eller <a href=\"https:\/\/ave-eta-canada.com\/no\/hva-er-eta-canada\/\">eTA<\/a> p\u00e5 engelsk tr\u00e5dte i kraft i 2016. Dens virkem\u00e5te ligner p\u00e5 ESTA for USA, det vil si at den kun f\u00e5s p\u00e5 nettet og lar deg reise uten visum.<\/p>\n\n<h3 class=\"wp-block-heading\">Hva er forskjellene mellom Canada-visumet og eTA?<\/h3>\n\n<p>eTA er ikke ment \u00e5 erstatte Canada-visumet, disse to reisedokumentene er ikke beregnet p\u00e5 de samme personene og utstedes under forskjellige oppholdsbetingelser. Konkret gjelder eTA kun ved et kort opphold p\u00e5 kanadisk jord. Dermed er <a href=\"https:\/\/ave-eta-canada.com\/no\/eta-eller-esta-hvilken-reisetillatelse-du-skal-velge-for-oppholdet-ditt\/\">maksimal varighet for en reise til Canada<\/a> med eTA 6 m\u00e5neder. Hvis oppholdet overstiger \u00e9n dag til, er visums\u00f8knaden ved den kanadiske ambassaden avgj\u00f8rende.<\/p>\n\n<p>I tillegg til reisens varighet er \u00e5rsaken til oppholdet viktig for \u00e5 avgj\u00f8re om du skal reise med eTA eller Canada visum. IRCC (Immigration, Refugees and Citizenship Canada), den kanadiske myndigheten som er ansvarlig for \u00e5 utstede eTA, har definert sv\u00e6rt spesifikke tilfeller for \u00e5 f\u00e5 denne reisetillatelsen. Dermed gjelder eTA kun i f\u00f8lgende tilfeller:<\/p>\n\n<ul class=\"wp-block-list\"><li>turist tur;<\/li><li>forretningsreise (deltagelse p\u00e5 en konferanse, bes\u00f8ke en klient, signere en kontrakt, etc.). Hvis m\u00e5let ditt er \u00e5 studere i Canada, jobbe eller til og med gj\u00f8re et internship, m\u00e5 du f\u00e5 visum;<\/li><li>transitt til et annet land.<\/li><\/ul>\n\n<p>Innreisem\u00e5ten til Canada er ogs\u00e5 veldig viktig. eTA tillater kun reiser til Canada med fly. Ved ankomst over land eller sj\u00f8 vil kun visumet bli godkjent.<\/p>\n\n<p>Til slutt avgj\u00f8r statsborgerens nasjonalitet ogs\u00e5 valg av reisetillatelse. Alle utlendinger fra et visumfritatt land kan f\u00e5 en midlertidig oppholdstillatelse. Alle EU-borgere s\u00e5 vel som Australia, New Zealand eller Japan er ber\u00f8rt av dette Canada-visumfritaket. Hvis du ikke er statsborger i et visumfritatt land, m\u00e5 du s\u00f8ke om et Canada TRV (Temporary Resident Visa) visum fra den kanadiske ambassaden.<\/p>\n\n<h3 class=\"wp-block-heading\">Foresp\u00f8rselen om en eTA<\/h3>\n\n<p>Hvis du er sikker p\u00e5 \u00e5 oppfylle kvalifikasjonsvilk\u00e5rene nevnt ovenfor, kan du g\u00e5 videre til neste trinn: fylle ut nettskjemaet.<\/p>\n\n<p>Form\u00e5let med dette skjemaet er \u00e5 bekrefte at du ikke representerer noen fare for landets indre sikkerhet og at du ikke \u00f8nsker \u00e5 immigrere til Canada.<\/p>\n\n<p>eTA-applikasjonen lages eksklusivt online. Du kan f\u00e5 tilgang til skjemaet p\u00e5 den offisielle nettsiden til den kanadiske f\u00f8derale regjeringen eller via v\u00e5r partnerside. Hvis du velger dette andre alternativet, vil du dra nytte av personlig st\u00f8tte for \u00e5 hjelpe deg med denne prosessen.<\/p>\n\n<p>Foresp\u00f8rselen om eTA betaler systematisk, men prisen er mye lavere enn for visumet.<\/p>\n\n<h2 class=\"wp-block-heading\">\u00c5 jobbe i Canada: umulig uten arbeidstillatelse<\/h2>\n\n<p>Hvis planen din er \u00e5 jobbe midlertidig i Canada, m\u00e5 du s\u00f8ke om arbeidstillatelse.<\/p>\n\n<p>V\u00e6r oppmerksom p\u00e5 at hvis du planlegger \u00e5 g\u00e5 p\u00e5 et internship i Canada, v\u00e6r oppmerksom p\u00e5 at du ogs\u00e5 m\u00e5 s\u00f8ke om arbeidstillatelse. Canadas regjering skiller faktisk ikke mellom tradisjonelle jobber og praksisplasser. Sistnevnte regnes som egne jobber, uavhengig av varigheten av praksisperioden og godtgj\u00f8relsen.<\/p>\n\n<p><a href=\"https:\/\/ave-eta-canada.com\/no\/pvt-canada-hvordan-fa-din-arbeidsferie-tillatelse\/\">S\u00f8knaden om arbeidstillatelse<\/a> kan gj\u00f8res via et papirskjema eller ganske enkelt p\u00e5 nett. Hvis du velger det andre alternativet, er alt du trenger \u00e5 gj\u00f8re \u00e5 g\u00e5 til den offisielle kanadiske regjeringens nettsted og deretter oppgi f\u00f8lgende informasjon:<\/p>\n\n<ul class=\"wp-block-list\"><li>personlig sivilstatusinformasjon;<\/li><li>et jobbtilbud fra din arbeidsgiver;<\/li><li>st\u00f8ttedokumenter som beviser dine ferdigheter er tilstrekkelig for \u00e5 oppfylle kravene til stillingen (diplom, attest fra din tidligere arbeidsgiver, etc.).<\/li><\/ul>\n\n<p>Du vil ogs\u00e5 bli bedt om \u00e5 oppgi biometriske data (fingeravtrykk og bilde-ID). For \u00e5 fullf\u00f8re denne formaliteten, ta med kredittkortet ditt. Du m\u00e5 betale noen behandlingsgebyrer.<\/p>\n\n<p>Merk at hvis du ikke er fra et visumfritatt land, m\u00e5 du ogs\u00e5 s\u00f8ke om et midlertidig oppholdsvisum.<\/p>\n\n<h2 class=\"wp-block-heading\"><br\/>Visa Canada: WHP<\/h2>\n\n<p>Working Holiday Permit (WHP) Canada, ogs\u00e5 kalt arbeidsferievisum, ble satt opp som en del av programmet International Experience Canada (IEC). M\u00e5let er \u00e5 oppmuntre til ungdomsutveksling mellom Canada og 32 partnerland (Nordmenns er kvalifisert for denne ordningen).<\/p>\n\n<p>WHP Canada er en arbeidstillatelse som lar deg oppholde deg i Canada i maksimalt 24 m\u00e5neder. Dens st\u00f8rste fordel er friheten og fleksibiliteten den tilbyr. Den p\u00e5legger faktisk ikke \u00e5 finne en arbeidsgiver f\u00f8r avreise og gir tillatelse til \u00e5 bytte selskap s\u00e5 mange ganger som \u00f8nsket i l\u00f8pet av hele gyldighetsperioden og p\u00e5 hele territoriet (Toronto, Ottawa, Vancouver, Quebec &#8230;). I tillegg, som navnet antyder, lar det deg ogs\u00e5 bo for turistform\u00e5l: du st\u00e5r fritt til \u00e5 jobbe og bes\u00f8ke Canada som du vil.<\/p>\n\n<p>Som enhver reisetillatelse er WHP underlagt noen f\u00e5 forutsetninger. Her er hovedpunktene \u00e5 respektere for \u00e5 v\u00e6re kvalifisert for WHP Canada:<\/p>\n\n<ul class=\"wp-block-list\"><li>ha et gyldig pass (biometrisk eller elektronisk pass);<\/li><li>v\u00e6re mellom 18 og 35 \u00e5r inkludert;<\/li><li>ha minst 2500 CA$ for \u00e5 dekke innledende utgifter;<\/li><li>tegne reiseforsikring;<\/li><li>v\u00e6re i besittelse av en returbillett eller bevise at du har tilstrekkelige \u00f8konomiske ressurser til \u00e5 kj\u00f8pe en returbillett p\u00e5 slutten av oppholdet;<\/li><li>v\u00e6re tillatt i Canada, det vil si ikke representere en risiko for Canadas interne (eller helse) sikkerhet.<\/li><\/ul>\n\n<p>I likhet med eTA, gj\u00f8res den elektroniske foresp\u00f8rselen om en WHP Canada p\u00e5 den kanadiske regjeringens nettsted via Immigration Canada-tjenesten.<\/p>\n\n<p>V\u00e6r oppmerksom p\u00e5 at p\u00e5 grunn av den \u00f8kende populariteten til WHP, har den <a href=\"https:\/\/www.canada.ca\/no\/\">kanadiske regjeringen<\/a> satt opp et kvotesystem for hvert land. Dermed vil din s\u00f8knad om opptak til WHP bli gjenstand for trekning. \u00c5 skaffe WHP avhenger derfor hovedsakelig av flaksfaktoren.<\/p>\n\n<p>Husk at de ulike reisedokumentene nevnt ovenfor p\u00e5 ingen m\u00e5te er immigrasjonsdokumenter. Hvis m\u00e5let ditt er \u00e5 immigrere og bo i Canada p\u00e5 lang sikt, m\u00e5 du <a href=\"https:\/\/ave-eta-canada.com\/no\/visa-eller-eta-canada\/\">s\u00f8ke om et permanent bosattkort<\/a> , som er mye vanskeligere \u00e5 f\u00e5 tak i.<\/p>\n","protected":false},"excerpt":{"rendered":"<p>Kreves visum for \u00e5 reise inn i Canada? Enten det er et opphold i Canada for turisme, faglige \u00e5rsaker eller til og med for transitt, p\u00e5legger den kanadiske regjeringen systematisk en reisetillatelse for \u00e5 komme inn p\u00e5 det nasjonale territoriet. For et opphold p\u00e5 mindre enn 6 m\u00e5neder i Canada : Du kan utf\u00f8re formalitetene [&hellip;]<\/p>\n","protected":false},"author":1,"featured_media":0,"parent":0,"menu_order":0,"comment_status":"closed","ping_status":"closed","template":"","meta":{"footnotes":""},"class_list":["post-4151","page","type-page","status-publish","hentry"],"yoast_head":"<!-- This site is optimized with the Yoast SEO plugin v26.9 - https:\/\/yoast.com\/product\/yoast-seo-wordpress\/ -->\n<title>Er visum n\u00f8dvendig for \u00e5 reise til Canada?<\/title>\n<meta name=\"description\" content=\"noen ganger er det mulig \u00e5 bli visumfritatt for \u00e5 reise til Canada. Finn ut i denne artikkelen hvordan du kan bo i l\u00f8nnelandet uten visum.\" \/>\n<meta name=\"robots\" content=\"index, follow, max-snippet:-1, max-image-preview:large, max-video-preview:-1\" \/>\n<link rel=\"canonical\" href=\"https:\/\/ave-eta-canada.com\/no\/er-et-visum-nodvendig-for-a-ga-til-canada\/\" \/>\n<meta property=\"og:locale\" content=\"nb_NO\" \/>\n<meta property=\"og:type\" content=\"article\" \/>\n<meta property=\"og:title\" content=\"Er visum n\u00f8dvendig for \u00e5 reise til Canada?\" \/>\n<meta property=\"og:description\" content=\"noen ganger er det mulig \u00e5 bli visumfritatt for \u00e5 reise til Canada. Finn ut i denne artikkelen hvordan du kan bo i l\u00f8nnelandet uten visum.\" \/>\n<meta property=\"og:url\" content=\"https:\/\/ave-eta-canada.com\/no\/er-et-visum-nodvendig-for-a-ga-til-canada\/\" \/>\n<meta property=\"og:site_name\" content=\"VISA CANADA\" \/>\n<meta property=\"article:modified_time\" content=\"2023-05-01T13:45:30+00:00\" \/>\n<meta name=\"twitter:card\" content=\"summary_large_image\" \/>\n<meta name=\"twitter:label1\" content=\"Ansl. lesetid\" \/>\n\t<meta name=\"twitter:data1\" content=\"5 minutter\" \/>\n<script type=\"application\/ld+json\" class=\"yoast-schema-graph\">{\"@context\":\"https:\/\/schema.org\",\"@graph\":[{\"@type\":\"WebPage\",\"@id\":\"https:\/\/ave-eta-canada.com\/no\/er-et-visum-nodvendig-for-a-ga-til-canada\/\",\"url\":\"https:\/\/ave-eta-canada.com\/no\/er-et-visum-nodvendig-for-a-ga-til-canada\/\",\"name\":\"Er visum n\u00f8dvendig for \u00e5 reise til Canada?\",\"isPartOf\":{\"@id\":\"https:\/\/ave-eta-canada.com\/no\/#website\"},\"datePublished\":\"2023-04-18T14:41:41+00:00\",\"dateModified\":\"2023-05-01T13:45:30+00:00\",\"description\":\"noen ganger er det mulig \u00e5 bli visumfritatt for \u00e5 reise til Canada. Finn ut i denne artikkelen hvordan du kan bo i l\u00f8nnelandet uten visum.\",\"breadcrumb\":{\"@id\":\"https:\/\/ave-eta-canada.com\/no\/er-et-visum-nodvendig-for-a-ga-til-canada\/#breadcrumb\"},\"inLanguage\":\"nb-NO\",\"potentialAction\":[{\"@type\":\"ReadAction\",\"target\":[\"https:\/\/ave-eta-canada.com\/no\/er-et-visum-nodvendig-for-a-ga-til-canada\/\"]}]},{\"@type\":\"BreadcrumbList\",\"@id\":\"https:\/\/ave-eta-canada.com\/no\/er-et-visum-nodvendig-for-a-ga-til-canada\/#breadcrumb\",\"itemListElement\":[{\"@type\":\"ListItem\",\"position\":1,\"name\":\"Home\",\"item\":\"https:\/\/ave-eta-canada.com\/no\/\"},{\"@type\":\"ListItem\",\"position\":2,\"name\":\"Er visum n\u00f8dvendig for \u00e5 reise til Canada?\"}]},{\"@type\":\"WebSite\",\"@id\":\"https:\/\/ave-eta-canada.com\/no\/#website\",\"url\":\"https:\/\/ave-eta-canada.com\/no\/\",\"name\":\"VISA CANADA\",\"description\":\"Autorisation Voyage Electronique\",\"potentialAction\":[{\"@type\":\"SearchAction\",\"target\":{\"@type\":\"EntryPoint\",\"urlTemplate\":\"https:\/\/ave-eta-canada.com\/no\/?s={search_term_string}\"},\"query-input\":{\"@type\":\"PropertyValueSpecification\",\"valueRequired\":true,\"valueName\":\"search_term_string\"}}],\"inLanguage\":\"nb-NO\"}]}<\/script>\n<!-- \/ Yoast SEO plugin. -->","yoast_head_json":{"title":"Er visum n\u00f8dvendig for \u00e5 reise til Canada?","description":"noen ganger er det mulig \u00e5 bli visumfritatt for \u00e5 reise til Canada. Finn ut i denne artikkelen hvordan du kan bo i l\u00f8nnelandet uten visum.","robots":{"index":"index","follow":"follow","max-snippet":"max-snippet:-1","max-image-preview":"max-image-preview:large","max-video-preview":"max-video-preview:-1"},"canonical":"https:\/\/ave-eta-canada.com\/no\/er-et-visum-nodvendig-for-a-ga-til-canada\/","og_locale":"nb_NO","og_type":"article","og_title":"Er visum n\u00f8dvendig for \u00e5 reise til Canada?","og_description":"noen ganger er det mulig \u00e5 bli visumfritatt for \u00e5 reise til Canada. Finn ut i denne artikkelen hvordan du kan bo i l\u00f8nnelandet uten visum.","og_url":"https:\/\/ave-eta-canada.com\/no\/er-et-visum-nodvendig-for-a-ga-til-canada\/","og_site_name":"VISA CANADA","article_modified_time":"2023-05-01T13:45:30+00:00","twitter_card":"summary_large_image","twitter_misc":{"Ansl. lesetid":"5 minutter"},"schema":{"@context":"https:\/\/schema.org","@graph":[{"@type":"WebPage","@id":"https:\/\/ave-eta-canada.com\/no\/er-et-visum-nodvendig-for-a-ga-til-canada\/","url":"https:\/\/ave-eta-canada.com\/no\/er-et-visum-nodvendig-for-a-ga-til-canada\/","name":"Er visum n\u00f8dvendig for \u00e5 reise til Canada?","isPartOf":{"@id":"https:\/\/ave-eta-canada.com\/no\/#website"},"datePublished":"2023-04-18T14:41:41+00:00","dateModified":"2023-05-01T13:45:30+00:00","description":"noen ganger er det mulig \u00e5 bli visumfritatt for \u00e5 reise til Canada. Finn ut i denne artikkelen hvordan du kan bo i l\u00f8nnelandet uten visum.","breadcrumb":{"@id":"https:\/\/ave-eta-canada.com\/no\/er-et-visum-nodvendig-for-a-ga-til-canada\/#breadcrumb"},"inLanguage":"nb-NO","potentialAction":[{"@type":"ReadAction","target":["https:\/\/ave-eta-canada.com\/no\/er-et-visum-nodvendig-for-a-ga-til-canada\/"]}]},{"@type":"BreadcrumbList","@id":"https:\/\/ave-eta-canada.com\/no\/er-et-visum-nodvendig-for-a-ga-til-canada\/#breadcrumb","itemListElement":[{"@type":"ListItem","position":1,"name":"Home","item":"https:\/\/ave-eta-canada.com\/no\/"},{"@type":"ListItem","position":2,"name":"Er visum n\u00f8dvendig for \u00e5 reise til Canada?"}]},{"@type":"WebSite","@id":"https:\/\/ave-eta-canada.com\/no\/#website","url":"https:\/\/ave-eta-canada.com\/no\/","name":"VISA CANADA","description":"Autorisation Voyage Electronique","potentialAction":[{"@type":"SearchAction","target":{"@type":"EntryPoint","urlTemplate":"https:\/\/ave-eta-canada.com\/no\/?s={search_term_string}"},"query-input":{"@type":"PropertyValueSpecification","valueRequired":true,"valueName":"search_term_string"}}],"inLanguage":"nb-NO"}]}},"_links":{"self":[{"href":"https:\/\/ave-eta-canada.com\/no\/wp-json\/wp\/v2\/pages\/4151","targetHints":{"allow":["GET"]}}],"collection":[{"href":"https:\/\/ave-eta-canada.com\/no\/wp-json\/wp\/v2\/pages"}],"about":[{"href":"https:\/\/ave-eta-canada.com\/no\/wp-json\/wp\/v2\/types\/page"}],"author":[{"embeddable":true,"href":"https:\/\/ave-eta-canada.com\/no\/wp-json\/wp\/v2\/users\/1"}],"replies":[{"embeddable":true,"href":"https:\/\/ave-eta-canada.com\/no\/wp-json\/wp\/v2\/comments?post=4151"}],"version-history":[{"count":0,"href":"https:\/\/ave-eta-canada.com\/no\/wp-json\/wp\/v2\/pages\/4151\/revisions"}],"wp:attachment":[{"href":"https:\/\/ave-eta-canada.com\/no\/wp-json\/wp\/v2\/media?parent=4151"}],"curies":[{"name":"wp","href":"https:\/\/api.w.org\/{rel}","templated":true}]}}