{"id":4164,"date":"2023-04-18T14:41:44","date_gmt":"2023-04-18T14:41:44","guid":{"rendered":"https:\/\/ave-eta-canada.com\/alt-vet-om-av-betingelser-for-reise-i-canada\/"},"modified":"2023-05-01T11:32:47","modified_gmt":"2023-05-01T11:32:47","slug":"alt-vet-om-av-betingelser-for-reise-i-canada","status":"publish","type":"page","link":"https:\/\/ave-eta-canada.com\/no\/alt-vet-om-av-betingelser-for-reise-i-canada\/","title":{"rendered":"Vilk\u00e5rene for eTA for \u00e5 reise til Canada"},"content":{"rendered":"\n<h1 class=\"wp-block-heading\">Hva er eTA-betingelsene for \u00e5 reise til Canada?<\/h1>\n\n<p>For mange reisende er det ikke lenger n\u00f8dvendig med visums\u00f8knad for \u00e5 reise til Canada. Alt du trenger \u00e5 gj\u00f8re er \u00e5 f\u00e5 en elektronisk reiseautorisasjon fra eTA via Internett.<\/p>\n\n<p><strong>For et opphold p\u00e5 mindre enn 6 m\u00e5neder i Canada<\/strong> : Du kan utf\u00f8re formalitetene for \u00e5 komme inn i Canada direkte via Internett ved \u00e5 klikke p\u00e5 <a href=\"https:\/\/ave-eta-canada.com\/no\/canada-eta-skjema-online\/\">nettskjemaet<\/a>. Det er ikke n\u00f8dvendig \u00e5 f\u00e5 time ved den kanadiske ambassaden eller konsulatet.<\/p>\n\n<p>eTA er mye mer praktisk og raskere \u00e5 f\u00e5 tak i, men du m\u00e5 v\u00e6re en av de kvalifiserte personene. Vi forklarer alt om eTA-forholdene, slik at du kan dra til Canada med trygghet.<\/p>\n\n<h2 class=\"wp-block-heading\">eTA-vilk\u00e5r for opphold i Canada<\/h2>\n\n<p>Du har kanskje h\u00f8rt begrepet <a href=\"https:\/\/ave-eta-canada.com\/no\/hva-er-eta-canada\/\">eTA-autorisasjon<\/a> mens du unders\u00f8kte. Merk at vilk\u00e5rene AVE og eTA refererer til samme reiseautorisasjon. ETA er det engelske akronymet for Electronic Travel Authorization. <\/p>\n\n<p>En eTA elektronisk reiseautorisasjon kreves bare hvis du er p\u00e5 transitt eller reiser gjennom Canada med fly. I motsetning til sin amerikanske motpart, ESTA, som ogs\u00e5 er n\u00f8dvendig n\u00e5r man ankommer sj\u00f8veien.<\/p>\n\n<p>En annen eTA-betingelse tilsier at reisen din m\u00e5 v\u00e6re innenfor rammen av et turistopphold eller en forretningsreise, som maksimalt varer i 6 m\u00e5neder.<\/p>\n\n<p>Selv om du bare reiser gjennom Canada til din endelige destinasjon, er en <a href=\"https:\/\/ave-eta-canada.com\/no\/er-canada-eta-obligatorisk\/\">eTA obligatorisk<\/a>.<\/p>\n\n<p>Du m\u00e5 v\u00e6re statsborger i et land som er medlem av visumfritaksprogrammet satt opp av den kanadiske regjeringen. Dette programmet er \u00e5pent for reisende med 58 nasjonaliteter.<\/p>\n\n<p>Et unntak i eTA-vilk\u00e5rene gjelder franske statsborgere bosatt i St Pierre og Miquelon. De trenger ikke s\u00f8ke dersom de reiser fra \u00f8ya til Canada. De vil likevel m\u00e5tte s\u00f8ke, som alle franske passinnehavere, hvis de reiser med fly til Canada, fra fastlands-Frankrike eller DOM-TOM-ene.<\/p>\n\n<p>Hvis du allerede har et visum utstedt av Canadas regjering, trenger du ikke <a href=\"https:\/\/ave-eta-canada.com\/no\/\">s\u00f8ke om eTA<\/a> .<\/p>\n\n<p>En eTA er ikke en arbeidstillatelse og gir ikke rett til \u00e5 jobbe i Canada, til \u00e5 gj\u00f8re et internship eller \u00e5 studere der. Hvis du \u00f8nsker \u00e5 immigrere til Canada, m\u00e5 du kontakte det kanadiske konsulatet for \u00e5 finne ut hvilke skritt du skal ta.<\/p>\n\n<h2 class=\"wp-block-heading\">Det biometriske passet: et krav for eTA<\/h2>\n\n<p>Et annet krav for eTA er \u00e5 ha et biometrisk eller elektronisk pass.<\/p>\n\n<p>N\u00e5r autorisasjonen er godkjent, er den faktisk knyttet til s\u00f8kerens pass. Det er derfor ikke et dokument du m\u00e5 ha med deg. For at eTA skal kobles, m\u00e5 den reisende ha et pass som oppfyller n\u00f8dvendige teknologiske standarder.<\/p>\n\n<p>En eTA er gyldig i 5 \u00e5r, men et av kravene i eTA er \u00e5 v\u00e6re knyttet til et gyldig pass. Dette betyr at dersom passet ditt utl\u00f8per f\u00f8r denne 5-\u00e5rsperioden, vil en ny s\u00f8knad v\u00e6re n\u00f8dvendig for \u00e5 f\u00e5 det nye passet ditt.<\/p>\n\n<p>Merk at en <a href=\"https:\/\/ave-eta-canada.com\/no\/gyldigheten-av-canada-eta-2\/\">eTA er gyldig for flere reiser<\/a>. Du kan returnere flere ganger i l\u00f8pet av gyldighetsperioden, dersom form\u00e5let med oppholdet i Canada fortsatt oppfyller kriteriene som er angitt ovenfor.<\/p>\n\n<h2 class=\"wp-block-heading\">Ha en e-postadresse og et kredittkort<\/h2>\n\n<p>For \u00e5 kunne s\u00f8ke om eTA trenger du ikke g\u00e5 til den kanadiske ambassaden n\u00e6rmest deg. Den eneste muligheten er \u00e5 s\u00f8ke online, via myndighetenes nettsted eller gjennom tjenestene til en privat tjenesteleverand\u00f8r, for eksempel v\u00e5r partner.<\/p>\n\n<p>Du m\u00e5 fylle ut et elektronisk skjema om din personlige informasjon, samt din helsetilstand og din kriminelle historie. Alle disse sp\u00f8rsm\u00e5lene stilles for \u00e5 bedre kontrollere innreise til kanadisk territorium.<\/p>\n\n<p>En av eTA-betingelsene for \u00e5 kunne fullf\u00f8re foresp\u00f8rselen din er \u00e5 ha en gyldig e-postadresse, samt et kredittkort for \u00e5 betale kostnadene ved \u00e5 administrere filen din. <a href=\"https:\/\/ave-eta-canada.com\/no\/eta-canada-dens-pris\/\">Prisen p\u00e5 eTA<\/a> varierer i henhold til metoden som brukes.<\/p>\n\n<p>Som du ser er eTA-vilk\u00e5rene ikke de mest restriktive, men du m\u00e5 v\u00e6re forsiktig n\u00e5r du fyller ut skjemaet og s\u00f8rge for at du ikke gj\u00f8r noen feil.<\/p>\n\n<p>Det er ogs\u00e5 viktig \u00e5 gj\u00f8re et klart skille mellom eTA og Working Holiday Program (WHP). Kravene til eTA og WHP Canada er to helt forskjellige ting og henvender seg ikke til samme publikum. Ta vare p\u00e5 skrittene dine i god tid for ikke \u00e5 bli overrumplet n\u00e5r avgangen n\u00e6rmer seg.<\/p>\n","protected":false},"excerpt":{"rendered":"<p>Hva er eTA-betingelsene for \u00e5 reise til Canada? For mange reisende er det ikke lenger n\u00f8dvendig med visums\u00f8knad for \u00e5 reise til Canada. Alt du trenger \u00e5 gj\u00f8re er \u00e5 f\u00e5 en elektronisk reiseautorisasjon fra eTA via Internett. For et opphold p\u00e5 mindre enn 6 m\u00e5neder i Canada : Du kan utf\u00f8re formalitetene for \u00e5 [&hellip;]<\/p>\n","protected":false},"author":1,"featured_media":0,"parent":0,"menu_order":0,"comment_status":"closed","ping_status":"closed","template":"","meta":{"footnotes":""},"class_list":["post-4164","page","type-page","status-publish","hentry"],"yoast_head":"<!-- This site is optimized with the Yoast SEO plugin v26.9 - https:\/\/yoast.com\/product\/yoast-seo-wordpress\/ -->\n<title>Vilk\u00e5rene for eTA for \u00e5 reise til Canada<\/title>\n<meta name=\"description\" content=\"Skal du snart til Canada, men kjenner ikke til eTA-kvalifikasjonsbetingelsene? Vi forklarer alt i detalj i denne artikkelen.\" \/>\n<meta name=\"robots\" content=\"index, follow, max-snippet:-1, max-image-preview:large, max-video-preview:-1\" \/>\n<link rel=\"canonical\" href=\"https:\/\/ave-eta-canada.com\/no\/alt-vet-om-av-betingelser-for-reise-i-canada\/\" \/>\n<meta property=\"og:locale\" content=\"nb_NO\" \/>\n<meta property=\"og:type\" content=\"article\" \/>\n<meta property=\"og:title\" content=\"Vilk\u00e5rene for eTA for \u00e5 reise til Canada\" \/>\n<meta property=\"og:description\" content=\"Skal du snart til Canada, men kjenner ikke til eTA-kvalifikasjonsbetingelsene? Vi forklarer alt i detalj i denne artikkelen.\" \/>\n<meta property=\"og:url\" content=\"https:\/\/ave-eta-canada.com\/no\/alt-vet-om-av-betingelser-for-reise-i-canada\/\" \/>\n<meta property=\"og:site_name\" content=\"VISA CANADA\" \/>\n<meta property=\"article:modified_time\" content=\"2023-05-01T11:32:47+00:00\" \/>\n<meta name=\"twitter:card\" content=\"summary_large_image\" \/>\n<meta name=\"twitter:label1\" content=\"Ansl. lesetid\" \/>\n\t<meta name=\"twitter:data1\" content=\"3 minutter\" \/>\n<script type=\"application\/ld+json\" class=\"yoast-schema-graph\">{\"@context\":\"https:\/\/schema.org\",\"@graph\":[{\"@type\":\"WebPage\",\"@id\":\"https:\/\/ave-eta-canada.com\/no\/alt-vet-om-av-betingelser-for-reise-i-canada\/\",\"url\":\"https:\/\/ave-eta-canada.com\/no\/alt-vet-om-av-betingelser-for-reise-i-canada\/\",\"name\":\"Vilk\u00e5rene for eTA for \u00e5 reise til Canada\",\"isPartOf\":{\"@id\":\"https:\/\/ave-eta-canada.com\/no\/#website\"},\"datePublished\":\"2023-04-18T14:41:44+00:00\",\"dateModified\":\"2023-05-01T11:32:47+00:00\",\"description\":\"Skal du snart til Canada, men kjenner ikke til eTA-kvalifikasjonsbetingelsene? Vi forklarer alt i detalj i denne artikkelen.\",\"breadcrumb\":{\"@id\":\"https:\/\/ave-eta-canada.com\/no\/alt-vet-om-av-betingelser-for-reise-i-canada\/#breadcrumb\"},\"inLanguage\":\"nb-NO\",\"potentialAction\":[{\"@type\":\"ReadAction\",\"target\":[\"https:\/\/ave-eta-canada.com\/no\/alt-vet-om-av-betingelser-for-reise-i-canada\/\"]}]},{\"@type\":\"BreadcrumbList\",\"@id\":\"https:\/\/ave-eta-canada.com\/no\/alt-vet-om-av-betingelser-for-reise-i-canada\/#breadcrumb\",\"itemListElement\":[{\"@type\":\"ListItem\",\"position\":1,\"name\":\"Home\",\"item\":\"https:\/\/ave-eta-canada.com\/no\/\"},{\"@type\":\"ListItem\",\"position\":2,\"name\":\"Vilk\u00e5rene for eTA for \u00e5 reise til Canada\"}]},{\"@type\":\"WebSite\",\"@id\":\"https:\/\/ave-eta-canada.com\/no\/#website\",\"url\":\"https:\/\/ave-eta-canada.com\/no\/\",\"name\":\"VISA CANADA\",\"description\":\"Autorisation Voyage Electronique\",\"potentialAction\":[{\"@type\":\"SearchAction\",\"target\":{\"@type\":\"EntryPoint\",\"urlTemplate\":\"https:\/\/ave-eta-canada.com\/no\/?s={search_term_string}\"},\"query-input\":{\"@type\":\"PropertyValueSpecification\",\"valueRequired\":true,\"valueName\":\"search_term_string\"}}],\"inLanguage\":\"nb-NO\"}]}<\/script>\n<!-- \/ Yoast SEO plugin. -->","yoast_head_json":{"title":"Vilk\u00e5rene for eTA for \u00e5 reise til Canada","description":"Skal du snart til Canada, men kjenner ikke til eTA-kvalifikasjonsbetingelsene? Vi forklarer alt i detalj i denne artikkelen.","robots":{"index":"index","follow":"follow","max-snippet":"max-snippet:-1","max-image-preview":"max-image-preview:large","max-video-preview":"max-video-preview:-1"},"canonical":"https:\/\/ave-eta-canada.com\/no\/alt-vet-om-av-betingelser-for-reise-i-canada\/","og_locale":"nb_NO","og_type":"article","og_title":"Vilk\u00e5rene for eTA for \u00e5 reise til Canada","og_description":"Skal du snart til Canada, men kjenner ikke til eTA-kvalifikasjonsbetingelsene? Vi forklarer alt i detalj i denne artikkelen.","og_url":"https:\/\/ave-eta-canada.com\/no\/alt-vet-om-av-betingelser-for-reise-i-canada\/","og_site_name":"VISA CANADA","article_modified_time":"2023-05-01T11:32:47+00:00","twitter_card":"summary_large_image","twitter_misc":{"Ansl. lesetid":"3 minutter"},"schema":{"@context":"https:\/\/schema.org","@graph":[{"@type":"WebPage","@id":"https:\/\/ave-eta-canada.com\/no\/alt-vet-om-av-betingelser-for-reise-i-canada\/","url":"https:\/\/ave-eta-canada.com\/no\/alt-vet-om-av-betingelser-for-reise-i-canada\/","name":"Vilk\u00e5rene for eTA for \u00e5 reise til Canada","isPartOf":{"@id":"https:\/\/ave-eta-canada.com\/no\/#website"},"datePublished":"2023-04-18T14:41:44+00:00","dateModified":"2023-05-01T11:32:47+00:00","description":"Skal du snart til Canada, men kjenner ikke til eTA-kvalifikasjonsbetingelsene? Vi forklarer alt i detalj i denne artikkelen.","breadcrumb":{"@id":"https:\/\/ave-eta-canada.com\/no\/alt-vet-om-av-betingelser-for-reise-i-canada\/#breadcrumb"},"inLanguage":"nb-NO","potentialAction":[{"@type":"ReadAction","target":["https:\/\/ave-eta-canada.com\/no\/alt-vet-om-av-betingelser-for-reise-i-canada\/"]}]},{"@type":"BreadcrumbList","@id":"https:\/\/ave-eta-canada.com\/no\/alt-vet-om-av-betingelser-for-reise-i-canada\/#breadcrumb","itemListElement":[{"@type":"ListItem","position":1,"name":"Home","item":"https:\/\/ave-eta-canada.com\/no\/"},{"@type":"ListItem","position":2,"name":"Vilk\u00e5rene for eTA for \u00e5 reise til Canada"}]},{"@type":"WebSite","@id":"https:\/\/ave-eta-canada.com\/no\/#website","url":"https:\/\/ave-eta-canada.com\/no\/","name":"VISA CANADA","description":"Autorisation Voyage Electronique","potentialAction":[{"@type":"SearchAction","target":{"@type":"EntryPoint","urlTemplate":"https:\/\/ave-eta-canada.com\/no\/?s={search_term_string}"},"query-input":{"@type":"PropertyValueSpecification","valueRequired":true,"valueName":"search_term_string"}}],"inLanguage":"nb-NO"}]}},"_links":{"self":[{"href":"https:\/\/ave-eta-canada.com\/no\/wp-json\/wp\/v2\/pages\/4164","targetHints":{"allow":["GET"]}}],"collection":[{"href":"https:\/\/ave-eta-canada.com\/no\/wp-json\/wp\/v2\/pages"}],"about":[{"href":"https:\/\/ave-eta-canada.com\/no\/wp-json\/wp\/v2\/types\/page"}],"author":[{"embeddable":true,"href":"https:\/\/ave-eta-canada.com\/no\/wp-json\/wp\/v2\/users\/1"}],"replies":[{"embeddable":true,"href":"https:\/\/ave-eta-canada.com\/no\/wp-json\/wp\/v2\/comments?post=4164"}],"version-history":[{"count":0,"href":"https:\/\/ave-eta-canada.com\/no\/wp-json\/wp\/v2\/pages\/4164\/revisions"}],"wp:attachment":[{"href":"https:\/\/ave-eta-canada.com\/no\/wp-json\/wp\/v2\/media?parent=4164"}],"curies":[{"name":"wp","href":"https:\/\/api.w.org\/{rel}","templated":true}]}}