{"id":4178,"date":"2023-04-18T14:41:45","date_gmt":"2023-04-18T14:41:45","guid":{"rendered":"https:\/\/ave-eta-canada.com\/personvern-og-data-beskyttelse\/"},"modified":"2023-05-01T13:46:09","modified_gmt":"2023-05-01T13:46:09","slug":"personvern-og-data-beskyttelse","status":"publish","type":"page","link":"https:\/\/ave-eta-canada.com\/no\/personvern-og-data-beskyttelse\/","title":{"rendered":"Personvern og databeskyttelse"},"content":{"rendered":"\n<h1 class=\"wp-block-heading\">V\u00e5r personvernpolicy for personopplysninger<\/h1>\n\n<p>Vi er en informasjonsside om formalitetene som er n\u00f8dvendige for \u00e5 reise til Canada. Vi tar personvernet til v\u00e5re bes\u00f8kendes personopplysninger sv\u00e6rt alvorlig. Vi presenterer for deg under hele v\u00e5r policy for beskyttelse av personopplysninger.<\/p>\n\n<h2 class=\"wp-block-heading\">Innsamling av informasjon p\u00e5 nettstedet<\/h2>\n\n<p>Her er den utt\u00f8mmende listen over personlig informasjon som kan samles inn p\u00e5 nettstedet v\u00e5rt, lagres og brukes:<\/p>\n\n<ul class=\"wp-block-list\"><li>Ang\u00e5ende datamaskinen din: IP-adressen din, posisjonen din, nettleseren din, operativsystemet ditt;<\/li><li>Ang\u00e5ende navigasjonen din p\u00e5 nettstedet: varigheten av bes\u00f8ket, sidene du har sett, navigasjonsbanen din;<\/li><\/ul>\n\n<h2 class=\"wp-block-heading\">Bruk av innsamlet data<\/h2>\n\n<p>Under ingen omstendigheter gir vi din personlige informasjon til tredjeparter. Vi har ingen direkte markedsf\u00f8ring eller kommersiell bruk med dataene som samles inn.<\/p>\n\n<h2 class=\"wp-block-heading\">Oppbevaringsperiode for data<\/h2>\n\n<p>Dataene som samles inn blir regelmessig slettet, dette betyr at vi ikke beholder noe innhold i e-post som har blitt overf\u00f8rt til oss utover en periode p\u00e5 en m\u00e5ned. Vi har ingen markedsf\u00f8ringsbruk av navigasjonsdata.<\/p>\n\n<p>Oppdatering av lagret informasjon: Gi oss beskjed hvis du vil at personopplysningene vi har om deg skal rettes eller oppdateres i l\u00f8pet av oppbevaringsperioden.<\/p>\n\n<h2 class=\"wp-block-heading\">Sikkerhet for dine personlige data<\/h2>\n\n<p>Vi tar tekniske forholdsregler for \u00e5 forhindre tyveri av personlig informasjon i databasen v\u00e5r i l\u00f8pet av oppbevaringstiden, selv om den er begrenset. Vi vil lagre all personlig informasjon som overf\u00f8res p\u00e5 v\u00e5re sikre servere.<\/p>\n\n<h2 class=\"wp-block-heading\">Dine rettigheter ang\u00e5ende personopplysninger<\/h2>\n\n<p>Du har rett til \u00e5 kreve at vi gir deg all personlig informasjon vi har om deg; Denne overf\u00f8ringen kan gj\u00f8res mot fremvisning av bevis p\u00e5 din identitet (sertifisert fotokopi av pass + faktura som angir din personlige adresse).<\/p>\n\n<h2 class=\"wp-block-heading\">Oppdatering av denne personvernerkl\u00e6ringen<\/h2>\n\n<p>Med jevne mellomrom oppdaterer vi denne policyen. Det er n\u00f8dvendig \u00e5 sjekke denne siden n\u00e5r du bruker nettstedet for \u00e5 vite endringene i personvernet til personopplysninger.<\/p>\n\n<h2 class=\"wp-block-heading\">Kontekstuelle lenker til tredjeparts nettsteder<\/h2>\n\n<p>V\u00e5r nettside inneholder mange hypertekstlenker som f\u00f8rer til tredjeparts nettsteder og informasjon om dem. Vi har ingen kontroll over disse nettstedene, og er ikke ansvarlige for deres personvernregler eller deres virksomhet eller markedsf\u00f8ringspraksis.<\/p>\n\n<h2 class=\"wp-block-heading\">Informasjonskapsler<\/h2>\n\n<p>V\u00e5r nettside bruker informasjonskapsler. En informasjonskapsel er en fil som inneholder en identifikator (en streng med bokstaver og tall) sendt av en nettserver til en nettleser og lagret av nettleseren. Identifikatoren sendes deretter tilbake til serveren hver gang nettleseren ber om en side fra serveren. Informasjonskapsler kan v\u00e6re &laquo;vedvarende&raquo; eller &laquo;session&raquo;: en vedvarende informasjonskapsel lagres av nettleseren og forblir gyldig til dens utl\u00f8psdato, med mindre den slettes av brukeren f\u00f8r denne utl\u00f8psdatoen; N\u00e5r det gjelder en \u00f8ktinformasjonskapsel, utl\u00f8per den ved slutten av bruker\u00f8kten, n\u00e5r nettleseren lukkes. Informasjonskapsler inneholder vanligvis ingen informasjon som personlig identifiserer en bruker, men personopplysningene vi lagrer om deg kan v\u00e6re knyttet til informasjon som er lagret i informasjonskapsler og hentet fra informasjonskapsler. Vi bruker kun \u00f8ktinformasjonskapsler og ingen vedvarende informasjonskapsler p\u00e5 nettstedet v\u00e5rt.<\/p>\n","protected":false},"excerpt":{"rendered":"<p>V\u00e5r personvernpolicy for personopplysninger Vi er en informasjonsside om formalitetene som er n\u00f8dvendige for \u00e5 reise til Canada. Vi tar personvernet til v\u00e5re bes\u00f8kendes personopplysninger sv\u00e6rt alvorlig. Vi presenterer for deg under hele v\u00e5r policy for beskyttelse av personopplysninger. Innsamling av informasjon p\u00e5 nettstedet Her er den utt\u00f8mmende listen over personlig informasjon som kan samles [&hellip;]<\/p>\n","protected":false},"author":1,"featured_media":0,"parent":0,"menu_order":0,"comment_status":"closed","ping_status":"closed","template":"","meta":{"footnotes":""},"class_list":["post-4178","page","type-page","status-publish","hentry"],"yoast_head":"<!-- This site is optimized with the Yoast SEO plugin v26.9 - https:\/\/yoast.com\/product\/yoast-seo-wordpress\/ -->\n<title>Personvern og databeskyttelse<\/title>\n<meta name=\"description\" content=\"Dette charteret er en integrert del av de generelle betingelsene, finn all informasjon om datainnsamling p\u00e5 denne siden.\" \/>\n<meta name=\"robots\" content=\"index, follow, max-snippet:-1, max-image-preview:large, max-video-preview:-1\" \/>\n<link rel=\"canonical\" href=\"https:\/\/ave-eta-canada.com\/no\/personvern-og-data-beskyttelse\/\" \/>\n<meta property=\"og:locale\" content=\"nb_NO\" \/>\n<meta property=\"og:type\" content=\"article\" \/>\n<meta property=\"og:title\" content=\"Personvern og databeskyttelse\" \/>\n<meta property=\"og:description\" content=\"Dette charteret er en integrert del av de generelle betingelsene, finn all informasjon om datainnsamling p\u00e5 denne siden.\" \/>\n<meta property=\"og:url\" content=\"https:\/\/ave-eta-canada.com\/no\/personvern-og-data-beskyttelse\/\" \/>\n<meta property=\"og:site_name\" content=\"VISA CANADA\" \/>\n<meta property=\"article:modified_time\" content=\"2023-05-01T13:46:09+00:00\" \/>\n<meta name=\"twitter:card\" content=\"summary_large_image\" \/>\n<meta name=\"twitter:label1\" content=\"Ansl. lesetid\" \/>\n\t<meta name=\"twitter:data1\" content=\"2 minutter\" \/>\n<script type=\"application\/ld+json\" class=\"yoast-schema-graph\">{\"@context\":\"https:\/\/schema.org\",\"@graph\":[{\"@type\":\"WebPage\",\"@id\":\"https:\/\/ave-eta-canada.com\/no\/personvern-og-data-beskyttelse\/\",\"url\":\"https:\/\/ave-eta-canada.com\/no\/personvern-og-data-beskyttelse\/\",\"name\":\"Personvern og databeskyttelse\",\"isPartOf\":{\"@id\":\"https:\/\/ave-eta-canada.com\/no\/#website\"},\"datePublished\":\"2023-04-18T14:41:45+00:00\",\"dateModified\":\"2023-05-01T13:46:09+00:00\",\"description\":\"Dette charteret er en integrert del av de generelle betingelsene, finn all informasjon om datainnsamling p\u00e5 denne siden.\",\"breadcrumb\":{\"@id\":\"https:\/\/ave-eta-canada.com\/no\/personvern-og-data-beskyttelse\/#breadcrumb\"},\"inLanguage\":\"nb-NO\",\"potentialAction\":[{\"@type\":\"ReadAction\",\"target\":[\"https:\/\/ave-eta-canada.com\/no\/personvern-og-data-beskyttelse\/\"]}]},{\"@type\":\"BreadcrumbList\",\"@id\":\"https:\/\/ave-eta-canada.com\/no\/personvern-og-data-beskyttelse\/#breadcrumb\",\"itemListElement\":[{\"@type\":\"ListItem\",\"position\":1,\"name\":\"Home\",\"item\":\"https:\/\/ave-eta-canada.com\/no\/\"},{\"@type\":\"ListItem\",\"position\":2,\"name\":\"Personvern og databeskyttelse\"}]},{\"@type\":\"WebSite\",\"@id\":\"https:\/\/ave-eta-canada.com\/no\/#website\",\"url\":\"https:\/\/ave-eta-canada.com\/no\/\",\"name\":\"VISA CANADA\",\"description\":\"Autorisation Voyage Electronique\",\"potentialAction\":[{\"@type\":\"SearchAction\",\"target\":{\"@type\":\"EntryPoint\",\"urlTemplate\":\"https:\/\/ave-eta-canada.com\/no\/?s={search_term_string}\"},\"query-input\":{\"@type\":\"PropertyValueSpecification\",\"valueRequired\":true,\"valueName\":\"search_term_string\"}}],\"inLanguage\":\"nb-NO\"}]}<\/script>\n<!-- \/ Yoast SEO plugin. -->","yoast_head_json":{"title":"Personvern og databeskyttelse","description":"Dette charteret er en integrert del av de generelle betingelsene, finn all informasjon om datainnsamling p\u00e5 denne siden.","robots":{"index":"index","follow":"follow","max-snippet":"max-snippet:-1","max-image-preview":"max-image-preview:large","max-video-preview":"max-video-preview:-1"},"canonical":"https:\/\/ave-eta-canada.com\/no\/personvern-og-data-beskyttelse\/","og_locale":"nb_NO","og_type":"article","og_title":"Personvern og databeskyttelse","og_description":"Dette charteret er en integrert del av de generelle betingelsene, finn all informasjon om datainnsamling p\u00e5 denne siden.","og_url":"https:\/\/ave-eta-canada.com\/no\/personvern-og-data-beskyttelse\/","og_site_name":"VISA CANADA","article_modified_time":"2023-05-01T13:46:09+00:00","twitter_card":"summary_large_image","twitter_misc":{"Ansl. lesetid":"2 minutter"},"schema":{"@context":"https:\/\/schema.org","@graph":[{"@type":"WebPage","@id":"https:\/\/ave-eta-canada.com\/no\/personvern-og-data-beskyttelse\/","url":"https:\/\/ave-eta-canada.com\/no\/personvern-og-data-beskyttelse\/","name":"Personvern og databeskyttelse","isPartOf":{"@id":"https:\/\/ave-eta-canada.com\/no\/#website"},"datePublished":"2023-04-18T14:41:45+00:00","dateModified":"2023-05-01T13:46:09+00:00","description":"Dette charteret er en integrert del av de generelle betingelsene, finn all informasjon om datainnsamling p\u00e5 denne siden.","breadcrumb":{"@id":"https:\/\/ave-eta-canada.com\/no\/personvern-og-data-beskyttelse\/#breadcrumb"},"inLanguage":"nb-NO","potentialAction":[{"@type":"ReadAction","target":["https:\/\/ave-eta-canada.com\/no\/personvern-og-data-beskyttelse\/"]}]},{"@type":"BreadcrumbList","@id":"https:\/\/ave-eta-canada.com\/no\/personvern-og-data-beskyttelse\/#breadcrumb","itemListElement":[{"@type":"ListItem","position":1,"name":"Home","item":"https:\/\/ave-eta-canada.com\/no\/"},{"@type":"ListItem","position":2,"name":"Personvern og databeskyttelse"}]},{"@type":"WebSite","@id":"https:\/\/ave-eta-canada.com\/no\/#website","url":"https:\/\/ave-eta-canada.com\/no\/","name":"VISA CANADA","description":"Autorisation Voyage Electronique","potentialAction":[{"@type":"SearchAction","target":{"@type":"EntryPoint","urlTemplate":"https:\/\/ave-eta-canada.com\/no\/?s={search_term_string}"},"query-input":{"@type":"PropertyValueSpecification","valueRequired":true,"valueName":"search_term_string"}}],"inLanguage":"nb-NO"}]}},"_links":{"self":[{"href":"https:\/\/ave-eta-canada.com\/no\/wp-json\/wp\/v2\/pages\/4178","targetHints":{"allow":["GET"]}}],"collection":[{"href":"https:\/\/ave-eta-canada.com\/no\/wp-json\/wp\/v2\/pages"}],"about":[{"href":"https:\/\/ave-eta-canada.com\/no\/wp-json\/wp\/v2\/types\/page"}],"author":[{"embeddable":true,"href":"https:\/\/ave-eta-canada.com\/no\/wp-json\/wp\/v2\/users\/1"}],"replies":[{"embeddable":true,"href":"https:\/\/ave-eta-canada.com\/no\/wp-json\/wp\/v2\/comments?post=4178"}],"version-history":[{"count":0,"href":"https:\/\/ave-eta-canada.com\/no\/wp-json\/wp\/v2\/pages\/4178\/revisions"}],"wp:attachment":[{"href":"https:\/\/ave-eta-canada.com\/no\/wp-json\/wp\/v2\/media?parent=4178"}],"curies":[{"name":"wp","href":"https:\/\/api.w.org\/{rel}","templated":true}]}}