{"id":4192,"date":"2023-04-18T14:41:46","date_gmt":"2023-04-18T14:41:46","guid":{"rendered":"https:\/\/ave-eta-canada.com\/den-praktiske-guiden-til-reise-i-canada\/"},"modified":"2023-05-01T10:51:40","modified_gmt":"2023-05-01T10:51:40","slug":"den-praktiske-guiden-til-reise-i-canada","status":"publish","type":"page","link":"https:\/\/ave-eta-canada.com\/no\/den-praktiske-guiden-til-reise-i-canada\/","title":{"rendered":"Den praktiske guiden til \u00e5 reise i Canada"},"content":{"rendered":"\n<h1 class=\"wp-block-heading\">Reise til Canada: praktisk informasjon<\/h1>\n\n<p><strong>For et opphold p\u00e5 mindre enn 6 m\u00e5neder i Canada<\/strong> : Du kan utf\u00f8re formalitetene for \u00e5 komme inn i Canada direkte via Internett ved \u00e5 klikke p\u00e5 <a href=\"https:\/\/ave-eta-canada.com\/no\/canada-eta-skjema-online\/\">nettskjemaet<\/a>. Det er ikke n\u00f8dvendig \u00e5 f\u00e5 time ved den kanadiske ambassaden eller konsulatet.<\/p>\n\n<p>Enten du er en naturelsker eller en fan av gigantismen i nordamerikanske byer, er Canada laget for deg! For \u00e5 hjelpe deg \u00e5 forberede deg bedre p\u00e5 turen over Atlanterhavet, beskriver vi i denne artikkelen all informasjonen du trenger \u00e5 vite f\u00f8r du reiser til Canada. <\/p>\n\n<p>N\u00e5r skal man dra? Hva \u00e5 gj\u00f8re ? Hvilke <a href=\"https:\/\/ave-eta-canada.com\/no\/faq-eta-canada-svarene-pa-dine-sporsmal\/\">dokumenter kreves<\/a> f\u00f8r ombordstigning? Svarene er nedenfor.<\/p>\n\n<h2 class=\"wp-block-heading\"><br\/>N\u00e5r er den beste tiden \u00e5 reise til Canada?<\/h2>\n\n<p>P\u00e5 grunn av sitt kontinentale klima opplever Canada betydelige temperaturendringer mellom \u00e5rstidene. Generelt er vintrene ganske harde med negative temperaturer, det er ikke uvanlig at termometeret viser -20\u00b0C i midten av januar i enkelte regioner. Tvert imot er somrene relativt varme, med temperaturer som stiger til 30\u00b0C i august.<\/p>\n\n<p>I virkeligheten, som vi vil se, er det ingen bedre tid \u00e5 <a href=\"https:\/\/ave-eta-canada.com\/no\/den-praktiske-guiden-til-reise-i-canada\/\">reise til Canada<\/a> : alt avhenger av prosjektet ditt.<\/p>\n\n<h3 class=\"wp-block-heading\">Bo i Canada om vinteren<\/h3>\n\n<p>Hvis du \u00f8nsker \u00e5 dyrke vintersport, vil den beste tiden \u00e5 reise til Canada utvilsomt v\u00e6re fra november til februar. I l\u00f8pet av denne perioden er det mange yrker: ski, sn\u00f8scooterkj\u00f8ring, hundekj\u00f8ring, trugeturer&#8230; Kort sagt, hvis du er en fan av sn\u00f8 og utend\u00f8rsaktiviteter, vil du ikke kjede deg.<\/p>\n\n<h3 class=\"wp-block-heading\">Bes\u00f8k Canada om sommeren<\/h3>\n\n<p>Sommeren egner seg selvf\u00f8lgelig ogs\u00e5 til utend\u00f8rsaktiviteter: fotturer i nasjonalparker, camping, kanopadling osv. Samtidig arrangeres det mange kulturarrangementer i denne perioden. Dette er spesielt tilfellet i Quebec eller Montreal, hvor festivaler f\u00f8lger hverandre gjennom hele sommersesongen. For jazzelskere, ikke g\u00e5 glipp av den internasjonale jazzfestivalen som arrangeres i Montreal hvert \u00e5r mellom juni og juli.<\/p>\n\n<p>Hvis du velger \u00e5 reise til Quebec om sommeren, anbefaler vi deg \u00e5 bes\u00f8ke Tadoussac, som er ingen ringere enn den eldste landsbyen i Quebec. Hovedattraksjonen til denne lokaliteten er observasjonen av de ber\u00f8mte bl\u00e5hvalene. Hvis du velger et maritimt cruise, kan du beundre den lokale maritime faunaen (delfiner, hvithvaler, sel, niser, spekkhoggere, etc.).<\/p>\n\n<h3 class=\"wp-block-heading\">Skal til Canada til h\u00f8sten<\/h3>\n\n<p>\u00c5 reise til Canada om h\u00f8sten er et veldig godt kompromiss. Du vil nyte dager nesten like solfylte som om sommeren og relativt milde temperaturer, men ikke over 20\u00b0C, fra Vancouver til Quebec. <\/p>\n\n<p>For fotoentusiaster er det ideelt \u00e5 bo i Canada under den indiske sommeren. De skiftende fargene p\u00e5 l\u00f8nnebladene vil gi et trollbindende skue. Hvis du vil dra full nytte av dette fenomenet, anbefaler vi deg \u00e5 g\u00e5 til den boreale skogen i Quebec, du vil bli betatt av disse fantastiske landskapene malt i h\u00f8stens farger.<\/p>\n\n<p>Denne sesongen er ogs\u00e5 ideell for \u00e5 beundre trekket av sn\u00f8gjess fra de arktiske omr\u00e5dene og langs den ber\u00f8mte St. Lawrence-elven, for \u00e5 dra til USA. <\/p>\n\n<h2 class=\"wp-block-heading\"><br\/>Reise til Canada: hva skal du bes\u00f8ke?<\/h2>\n\n<p>Canadas enorme omfang gir uberegnelige muligheter for bes\u00f8k. Hvis du er t\u00f8rst etter \u00e5 endre natur, kunne du ikke ha gjort et bedre valg av reisem\u00e5l! Store ville rom, eksepsjonelt rikt dyreliv, utend\u00f8rssport, gigantiske og sv\u00e6rt livlige byer, det er noe for enhver smak og farger! For \u00e5 dra derfra med hodet fullt av uforglemmelige minner, har vi valgt ut en liste over steder du m\u00e5 bes\u00f8ke.<\/p>\n\n<h3 class=\"wp-block-heading\">Montreal<\/h3>\n\n<p>Som den f\u00f8rste byen i provinsen Quebec kan du ikke reise til Canada uten \u00e5 stoppe i Montreal. Montreal er en flerkulturell og kosmopolitisk by, og tilbyr et bredt utvalg av aktiviteter og steder \u00e5 bes\u00f8ke.<\/p>\n\n<p>For \u00e5 starte anbefaler vi deg \u00e5 ta en spasertur i Old Montreal-distriktet. Grenser til St. Lawrence-elven, er dette distriktet fra 1600-tallet spesielt verdsatt takket v\u00e6re sine mange torg animert av aktiviteten til sjarmerende kafeer og butikker. Det st\u00f8rste interessepunktet i Old Montreal er utvilsomt Notre-Dame-basilikaen, en imponerende bygning i nygotisk stil. Hvis du vil nyte utsikten over hele St. Lawrence, ikke n\u00f8l med \u00e5 g\u00e5 til det ber\u00f8mte klokket\u00e5rnet, som ligger i den gamle havnen i Montreal. V\u00e6r oppmerksom p\u00e5 at f\u00f8r du n\u00e5r toppen av dette monumentet, m\u00e5 du fortsatt klatre 192 trinn, men denne innsatsen er vel verdt det eksepsjonelle panoramaet som tilbys ved ankomst! <\/p>\n\n<h3 class=\"wp-block-heading\">Quebec<\/h3>\n\n<p>Hvem sier tur til Quebec, sier n\u00f8dvendigvis Quebec City. Den nest st\u00f8rste byen i provinsen Quebec, Quebec har klart \u00e5 bevare sin autentisitet gjennom \u00e5rene, derav dens inkludering p\u00e5 UNESCOs verdensarvliste. En varm atmosf\u00e6re hersker over denne byen p\u00e5 menneskelig skala, spesielt takket v\u00e6re de gamle husene og de mange trange gatene. Stilen minner ogs\u00e5 om fransk arkitektur.<\/p>\n\n<h3 class=\"wp-block-heading\">Niagara Falls <\/h3>\n\n<p>Betraktet som en av Canadas st\u00f8rste attraksjoner, er Niagara Falls et must n\u00e5r det gjelder \u00e5 bes\u00f8ke l\u00f8nnelandet! Avhengig av ditt \u00f8nske og hum\u00f8r, kan du beundre disse fossene p\u00e5 flere m\u00e5ter: med b\u00e5t, med heis, p\u00e5 panoramaterrassen eller til og med med helikopter!<\/p>\n\n<h3 class=\"wp-block-heading\">Toronto<\/h3>\n\n<p>Byen Toronto ligger i n\u00e6rheten av Niagara Falls. Etter \u00e5 ha beundret disse, benytt anledningen til \u00e5 bes\u00f8ke Canadas st\u00f8rste by. Hvis du noen gang har v\u00e6rt i New York, vil du bli overrasket over den store likheten mellom disse to byene.<\/p>\n\n<p>Torontos hovedattraksjon er fremveksten av CN Tower. Fra toppen av sine 113 etasjer tilbyr dette t\u00e5rnet et ekstraordin\u00e6rt panorama av byen og dens omgivelser. De modigste kan til og med beundre denne utsikten fra en panoramaterrasse med gjennomsiktig glassgulv!<\/p>\n\n<h3 class=\"wp-block-heading\">Banff nasjonalpark<\/h3>\n\n<p>Banff National Park ligger i hjertet av de kanadiske Rockies, og tilbyr absolutt et av de vakreste landskapene i Canada. Denne parken er hjemsted for noen sl\u00e5ende vakre isbreinnsj\u00f8er, inkludert Lakes Louise og Moraine, som er de to mest fotograferte innsj\u00f8ene i verden. For \u00e5 beundre dette naturlige opptoget og det hypnotiserende turkisbl\u00e5 vannet, er det mange turstier langs innsj\u00f8ene. Det er opp til deg \u00e5 oppn\u00e5 dr\u00f8mmebildet! <\/p>\n\n<h3 class=\"wp-block-heading\">Jasper nasjonalpark<\/h3>\n\n<p>Jasper Park, den st\u00f8rste nasjonalparken i Rockies, er verdenskjent for Athabasca Falls, som stammer fra isbreen med samme navn. Hvis du er t\u00f8rst etter spektakul\u00e6r utsikt, anbefaler vi deg \u00e5 g\u00e5 til Maligne Canyon eller \u00e5 utforske turstiene rundt Maligne og Medicine innsj\u00f8ene. <\/p>\n\n<h3 class=\"wp-block-heading\">Brevandringen<\/h3>\n\n<p>Vanligvis kjent som Icefield Parkways, er Icefield Parkway en av Canadas mest naturskj\u00f8nne kj\u00f8returer. Det ville v\u00e6re synd \u00e5 frata deg selv det majestetiske landskapet det tilbyr! Krysser flere nasjonalparker, mange panoramapunkter finnes gjennom de 230 km som utgj\u00f8r den. Innsj\u00f8er, elver, isbreer, kl\u00f8fter, fosser, du vil ikke forbli ur\u00f8rt av mangfoldet av landskap som denne ruten kan tilby.<\/p>\n\n<h2 class=\"wp-block-heading\"><br\/>Skal du til Canada: ikke glem oppholdstillatelsen din<\/h2>\n\n<p>Akkurat som for USA kan du ikke reise til Canada uten \u00e5 ha en reisetillatelse. Det er mange reisedokumenter, men den hyppigst utstedte er eTA.<\/p>\n\n<h3 class=\"wp-block-heading\">eTA: hva er det?<\/h3>\n\n<p>Hvis reisen din til Canada ikke overstiger 6 m\u00e5neder p\u00e5 rad, er du sannsynligvis kvalifisert for eTA (Electronic Travel Authorization). Ogs\u00e5 kalt eTA p\u00e5 engelsk, Canada eTA er en oppholdstillatelse som lar kvalifiserte utenlandske reisende reise til Canada uten visum.<\/p>\n\n<p>Dette reisedokumentet utstedes ikke til alle statsborgere. For \u00e5 s\u00f8ke er det avgj\u00f8rende at du oppfyller visse <a href=\"https:\/\/ave-eta-canada.com\/no\/alt-vet-om-av-betingelser-for-reise-i-canada\/\">betingelser for tillatelse til Canada<\/a> fastsatt av den kanadiske regjeringen, dvs.:<\/p>\n\n<ul class=\"wp-block-list\"><li>Ha nasjonalitet til et medlemsland i visumfritaksprogrammet (denne ordningen inkluderer blant annet alle EU-land); <\/li><li>Bo i Canada i maksimalt 6 m\u00e5neder;<\/li><li>\u00c5 reise som en del av et turistopphold, en forretningsreise eller transitt gjennom kanadisk territorium;<\/li><li>Ha gyldig pass.<\/li><\/ul>\n\n<p>For \u00e5 be om dette dokumentet, kan ingenting v\u00e6re enklere: bare fyll ut et elektronisk skjema p\u00e5 den <a href=\"https:\/\/www.canada.ca\/\">kanadiske regjeringens<\/a> nettsted eller p\u00e5 hjemmesiden til denne nettsiden. Selvf\u00f8lgelig vil filen din bli unders\u00f8kt av kanadiske myndigheter for \u00e5 sikre at du ikke representerer noen trussel mot landets indre sikkerhet. Men ikke bekymre deg, de fleste foresp\u00f8rsler resulterer i en godkjenning innen f\u00e5 dager etter innsending av foresp\u00f8rselen! <\/p>\n\n<p>Hvis du planlegger \u00e5 reise til Canada for \u00e5 gj\u00f8re et internship, studere eller til og med jobbe, kan ikke <a href=\"https:\/\/ave-eta-canada.com\/no\/\">eTA Canada<\/a> gjelde for saken din, du m\u00e5 skaffe deg et annet reisedokument.<\/p>\n\n<h3 class=\"wp-block-heading\">Jeg er ikke kvalifisert for eTA: hvilket dokument kan jeg be om for \u00e5 komme inn i Canada?<\/h3>\n\n<p>Hvis du ikke er kvalifisert for eTA, trenger du et kanadisk visum. Sistnevnte varierer etter arten av oppholdet i Canada.<\/p>\n\n<p>Skal du jobbe m\u00e5 du f\u00e5 arbeidstillatelse. Merk at hvis du er under 36 \u00e5r, kan du s\u00f8ke om <a href=\"https:\/\/ave-eta-canada.com\/no\/pvt-canada-hvordan-fa-din-arbeidsferie-tillatelse\/\">arbeidsferietillatelse<\/a> (WHP). Dette dokumentet vil tillate deg \u00e5 jobbe lovlig samtidig som du kan oppdage Canada og ta ferier som du vil.<\/p>\n\n<p>N\u00e5r det gjelder utenlandske studenter, m\u00e5 de s\u00f8ke om visum. Hvis dette er ditt prosjekt, anbefaler vi deg \u00e5 kontakte den kanadiske ambassaden eller konsulatet for mer informasjon om formalitetene som skal gjennomf\u00f8res, samt hvis du \u00f8nsker \u00e5 ta et internship i Canada. <\/p>\n","protected":false},"excerpt":{"rendered":"<p>Reise til Canada: praktisk informasjon For et opphold p\u00e5 mindre enn 6 m\u00e5neder i Canada : Du kan utf\u00f8re formalitetene for \u00e5 komme inn i Canada direkte via Internett ved \u00e5 klikke p\u00e5 nettskjemaet. Det er ikke n\u00f8dvendig \u00e5 f\u00e5 time ved den kanadiske ambassaden eller konsulatet. Enten du er en naturelsker eller en fan [&hellip;]<\/p>\n","protected":false},"author":1,"featured_media":0,"parent":0,"menu_order":0,"comment_status":"closed","ping_status":"closed","template":"","meta":{"footnotes":""},"class_list":["post-4192","page","type-page","status-publish","hentry"],"yoast_head":"<!-- This site is optimized with the Yoast SEO plugin v26.9 - https:\/\/yoast.com\/product\/yoast-seo-wordpress\/ -->\n<title>Den praktiske guiden til \u00e5 reise i Canada<\/title>\n<meta name=\"description\" content=\"Planlegger du \u00e5 reise til Canada snart? I denne guiden finner du all praktisk informasjon for \u00e5 organisere dette etterlengtede oppholdet.\" \/>\n<meta name=\"robots\" content=\"index, follow, max-snippet:-1, max-image-preview:large, max-video-preview:-1\" \/>\n<link rel=\"canonical\" href=\"https:\/\/ave-eta-canada.com\/no\/den-praktiske-guiden-til-reise-i-canada\/\" \/>\n<meta property=\"og:locale\" content=\"nb_NO\" \/>\n<meta property=\"og:type\" content=\"article\" \/>\n<meta property=\"og:title\" content=\"Den praktiske guiden til \u00e5 reise i Canada\" \/>\n<meta property=\"og:description\" content=\"Planlegger du \u00e5 reise til Canada snart? I denne guiden finner du all praktisk informasjon for \u00e5 organisere dette etterlengtede oppholdet.\" \/>\n<meta property=\"og:url\" content=\"https:\/\/ave-eta-canada.com\/no\/den-praktiske-guiden-til-reise-i-canada\/\" \/>\n<meta property=\"og:site_name\" content=\"VISA CANADA\" \/>\n<meta property=\"article:modified_time\" content=\"2023-05-01T10:51:40+00:00\" \/>\n<meta name=\"twitter:card\" content=\"summary_large_image\" \/>\n<meta name=\"twitter:label1\" content=\"Ansl. lesetid\" \/>\n\t<meta name=\"twitter:data1\" content=\"7 minutter\" \/>\n<script type=\"application\/ld+json\" class=\"yoast-schema-graph\">{\"@context\":\"https:\/\/schema.org\",\"@graph\":[{\"@type\":\"WebPage\",\"@id\":\"https:\/\/ave-eta-canada.com\/no\/den-praktiske-guiden-til-reise-i-canada\/\",\"url\":\"https:\/\/ave-eta-canada.com\/no\/den-praktiske-guiden-til-reise-i-canada\/\",\"name\":\"Den praktiske guiden til \u00e5 reise i Canada\",\"isPartOf\":{\"@id\":\"https:\/\/ave-eta-canada.com\/no\/#website\"},\"datePublished\":\"2023-04-18T14:41:46+00:00\",\"dateModified\":\"2023-05-01T10:51:40+00:00\",\"description\":\"Planlegger du \u00e5 reise til Canada snart? I denne guiden finner du all praktisk informasjon for \u00e5 organisere dette etterlengtede oppholdet.\",\"breadcrumb\":{\"@id\":\"https:\/\/ave-eta-canada.com\/no\/den-praktiske-guiden-til-reise-i-canada\/#breadcrumb\"},\"inLanguage\":\"nb-NO\",\"potentialAction\":[{\"@type\":\"ReadAction\",\"target\":[\"https:\/\/ave-eta-canada.com\/no\/den-praktiske-guiden-til-reise-i-canada\/\"]}]},{\"@type\":\"BreadcrumbList\",\"@id\":\"https:\/\/ave-eta-canada.com\/no\/den-praktiske-guiden-til-reise-i-canada\/#breadcrumb\",\"itemListElement\":[{\"@type\":\"ListItem\",\"position\":1,\"name\":\"Home\",\"item\":\"https:\/\/ave-eta-canada.com\/no\/\"},{\"@type\":\"ListItem\",\"position\":2,\"name\":\"Den praktiske guiden til \u00e5 reise i Canada\"}]},{\"@type\":\"WebSite\",\"@id\":\"https:\/\/ave-eta-canada.com\/no\/#website\",\"url\":\"https:\/\/ave-eta-canada.com\/no\/\",\"name\":\"VISA CANADA\",\"description\":\"Autorisation Voyage Electronique\",\"potentialAction\":[{\"@type\":\"SearchAction\",\"target\":{\"@type\":\"EntryPoint\",\"urlTemplate\":\"https:\/\/ave-eta-canada.com\/no\/?s={search_term_string}\"},\"query-input\":{\"@type\":\"PropertyValueSpecification\",\"valueRequired\":true,\"valueName\":\"search_term_string\"}}],\"inLanguage\":\"nb-NO\"}]}<\/script>\n<!-- \/ Yoast SEO plugin. -->","yoast_head_json":{"title":"Den praktiske guiden til \u00e5 reise i Canada","description":"Planlegger du \u00e5 reise til Canada snart? I denne guiden finner du all praktisk informasjon for \u00e5 organisere dette etterlengtede oppholdet.","robots":{"index":"index","follow":"follow","max-snippet":"max-snippet:-1","max-image-preview":"max-image-preview:large","max-video-preview":"max-video-preview:-1"},"canonical":"https:\/\/ave-eta-canada.com\/no\/den-praktiske-guiden-til-reise-i-canada\/","og_locale":"nb_NO","og_type":"article","og_title":"Den praktiske guiden til \u00e5 reise i Canada","og_description":"Planlegger du \u00e5 reise til Canada snart? I denne guiden finner du all praktisk informasjon for \u00e5 organisere dette etterlengtede oppholdet.","og_url":"https:\/\/ave-eta-canada.com\/no\/den-praktiske-guiden-til-reise-i-canada\/","og_site_name":"VISA CANADA","article_modified_time":"2023-05-01T10:51:40+00:00","twitter_card":"summary_large_image","twitter_misc":{"Ansl. lesetid":"7 minutter"},"schema":{"@context":"https:\/\/schema.org","@graph":[{"@type":"WebPage","@id":"https:\/\/ave-eta-canada.com\/no\/den-praktiske-guiden-til-reise-i-canada\/","url":"https:\/\/ave-eta-canada.com\/no\/den-praktiske-guiden-til-reise-i-canada\/","name":"Den praktiske guiden til \u00e5 reise i Canada","isPartOf":{"@id":"https:\/\/ave-eta-canada.com\/no\/#website"},"datePublished":"2023-04-18T14:41:46+00:00","dateModified":"2023-05-01T10:51:40+00:00","description":"Planlegger du \u00e5 reise til Canada snart? I denne guiden finner du all praktisk informasjon for \u00e5 organisere dette etterlengtede oppholdet.","breadcrumb":{"@id":"https:\/\/ave-eta-canada.com\/no\/den-praktiske-guiden-til-reise-i-canada\/#breadcrumb"},"inLanguage":"nb-NO","potentialAction":[{"@type":"ReadAction","target":["https:\/\/ave-eta-canada.com\/no\/den-praktiske-guiden-til-reise-i-canada\/"]}]},{"@type":"BreadcrumbList","@id":"https:\/\/ave-eta-canada.com\/no\/den-praktiske-guiden-til-reise-i-canada\/#breadcrumb","itemListElement":[{"@type":"ListItem","position":1,"name":"Home","item":"https:\/\/ave-eta-canada.com\/no\/"},{"@type":"ListItem","position":2,"name":"Den praktiske guiden til \u00e5 reise i Canada"}]},{"@type":"WebSite","@id":"https:\/\/ave-eta-canada.com\/no\/#website","url":"https:\/\/ave-eta-canada.com\/no\/","name":"VISA CANADA","description":"Autorisation Voyage Electronique","potentialAction":[{"@type":"SearchAction","target":{"@type":"EntryPoint","urlTemplate":"https:\/\/ave-eta-canada.com\/no\/?s={search_term_string}"},"query-input":{"@type":"PropertyValueSpecification","valueRequired":true,"valueName":"search_term_string"}}],"inLanguage":"nb-NO"}]}},"_links":{"self":[{"href":"https:\/\/ave-eta-canada.com\/no\/wp-json\/wp\/v2\/pages\/4192","targetHints":{"allow":["GET"]}}],"collection":[{"href":"https:\/\/ave-eta-canada.com\/no\/wp-json\/wp\/v2\/pages"}],"about":[{"href":"https:\/\/ave-eta-canada.com\/no\/wp-json\/wp\/v2\/types\/page"}],"author":[{"embeddable":true,"href":"https:\/\/ave-eta-canada.com\/no\/wp-json\/wp\/v2\/users\/1"}],"replies":[{"embeddable":true,"href":"https:\/\/ave-eta-canada.com\/no\/wp-json\/wp\/v2\/comments?post=4192"}],"version-history":[{"count":0,"href":"https:\/\/ave-eta-canada.com\/no\/wp-json\/wp\/v2\/pages\/4192\/revisions"}],"wp:attachment":[{"href":"https:\/\/ave-eta-canada.com\/no\/wp-json\/wp\/v2\/media?parent=4192"}],"curies":[{"name":"wp","href":"https:\/\/api.w.org\/{rel}","templated":true}]}}