{"id":4197,"date":"2023-04-18T14:41:47","date_gmt":"2023-04-18T14:41:47","guid":{"rendered":"https:\/\/ave-eta-canada.com\/canada-regjeringen-onsker-flere-utenlandske-studenter\/"},"modified":"2023-04-27T21:23:49","modified_gmt":"2023-04-27T21:23:49","slug":"canada-regjeringen-onsker-flere-utenlandske-studenter","status":"publish","type":"page","link":"https:\/\/ave-eta-canada.com\/no\/canada-regjeringen-onsker-flere-utenlandske-studenter\/","title":{"rendered":"Canada: Regjeringen \u00f8nsker flere utenlandske studenter"},"content":{"rendered":"\n<h1 class=\"wp-block-heading\">Den kanadiske regjeringen \u00f8nsker \u00e5 tiltrekke seg flere utenlandske studenter<\/h1>\n\n<p>Internasjonale studenter representerer en betydelig \u00f8konomisk interesse for den kanadiske \u00f8konomien. I f\u00f8lge en studie utf\u00f8rt av f\u00f8derale myndigheter genererte utenlandske studenter 15,5 milliarder dollar i 2016. Av denne grunn \u00f8nsker den kanadiske administrasjonen \u00e5 \u00f8ke antallet internasjonale studenter.<br\/><strong>For et opphold p\u00e5 mindre enn 6 m\u00e5neder i Canada<\/strong> : Du kan utf\u00f8re formalitetene for \u00e5 komme inn i Canada direkte via Internett ved \u00e5 klikke p\u00e5 <a href=\"https:\/\/ave-eta-canada.com\/no\/canada-eta-skjema-online\/\">nettskjemaet<\/a>. Det er ikke n\u00f8dvendig \u00e5 f\u00e5 time ved den kanadiske ambassaden eller konsulatet.<br\/><\/p>\n\n<h2 class=\"wp-block-heading\">Fremme det kanadiske utdanningssystemet til utenlandske studenter<\/h2>\n\n<p>Det kanadiske utdanningssystemet fortsetter \u00e5 tiltrekke seg unge utlendinger. Mens det i 2000 ble utstedt mer enn 100 000 studietillatelser, passerte dette tallet 500 000 i 2018. For \u00e5 forsterke denne dynamikken har den f\u00f8derale regjeringen satt et totalbudsjett p\u00e5 148 millioner dollar, over fem \u00e5r, viet til internasjonal utdanning.<\/p>\n\n<p>For \u00e5 definere den overordnede strategien som skal vedtas for \u00e5 tiltrekke seg utenlandske studenter i massevis, m\u00f8tes regjeringen og representanter for <a href=\"https:\/\/ave-eta-canada.com\/no\/alt-vet-om-av-betingelser-for-reise-i-canada\/\">kanadiske universiteter<\/a> regelmessig for \u00e5 diskutere retningene de skal ta.<br\/><br\/><\/p>\n\n<h2 class=\"wp-block-heading\">Fremme mangfold innen kanadiske studieinstitusjoner<\/h2>\n\n<p>I dag kommer en stor andel av utenlandske studenter fra India og Kina. Canada ser imidlertid at flere og flere studenter kommer fra land med h\u00f8y vekst, slik tilfellet er for Vietnam. I tillegg b\u00f8r du vite at de f\u00f8derale myndighetene s\u00f8ker \u00e5 g\u00e5 enda lenger n\u00e5r det gjelder mangfold. Det vil s\u00e6rlig bli lagt vekt p\u00e5 fremvoksende land eller p\u00e5 regioner som er sterkt representert av unge mennesker, dette er for eksempel tilfellet for Colombia eller enkelte afrikanske land.<\/p>\n\n<p>Men det \u00f8konomiske aspektet er ikke det eneste elementet \u00e5 ta hensyn til, faktisk, if\u00f8lge Jim Carr, ministeren for internasjonal handel, bidrar internasjonale studenter til innflytelsen til Canada internasjonalt. If\u00f8lge ham, &laquo;erfarer de gode kanadiske institusjoner&raquo; og fungerer som &laquo;ekte ambassad\u00f8rer for Canada&raquo; n\u00e5r de returnerer til sine opprinnelsesland. I tillegg gj\u00f8r denne enheten det ogs\u00e5 mulig \u00e5 tiltrekke unge talenter til kanadisk territorium etter h\u00f8yere utdanning. Det er ogs\u00e5 vanlig at de bosettes permanent i Canada og dermed bidrar til utviklingen av nasjonal\u00f8konomien. <br\/><br\/><\/p>\n\n<h2 class=\"wp-block-heading\">Studie i Canada: S\u00f8k om studietillatelse<\/h2>\n\n<p>Hvis du ogs\u00e5 blir fristet til \u00e5 studere i utlandet, kan Maple-landet v\u00e6re noe for deg. For universitetsstudiene dine m\u00e5 du imidlertid f\u00f8rst <a href=\"https:\/\/ave-eta-canada.com\/no\/hva-er-fristen-for-a-fa-canada-eta\/\">f\u00e5 en studietillatelse<\/a>, uavhengig av studieinstitusjon (Laval University, University of Sherbrooke, University of Ottawa, Hec Montreal, etc.). Studietillatelsen er et dokument utstedt av IRCC (Immigration, Refugees and Citizenship Canada).<\/p>\n\n<p>F\u00f8r du s\u00f8ker om studietillatelse, s\u00f8rg for at du oppfyller kvalifikasjonskriteriene for dette dokumentet for \u00e5 <a href=\"https:\/\/ave-eta-canada.com\/no\/pvt-canada-hvordan-fa-din-arbeidsferie-tillatelse\/\">studere i Canada<\/a>. Som s\u00e5dan m\u00e5 den fremtidige studenten:<\/p>\n\n<ul class=\"wp-block-list\"><li>ha f\u00e5tt opptak til en utdanningsinstitusjon basert i Canada og v\u00e6re i besittelse av et akseptbrev; <\/li><li>bevise at han har tilstrekkelig selvfinansieringskapasitet til \u00e5 fors\u00f8rge seg selv i l\u00f8pet av det f\u00f8rste studie\u00e5ret (bolig, skolepenger osv.);<\/li><li>ha et rent strafferegister;<\/li><li>\u00e5 v\u00e6re i god helse.<\/li><\/ul>\n\n<p>For \u00e5 s\u00f8ke om studietillatelse er alt du trenger \u00e5 gj\u00f8re \u00e5 fylle ut et <a href=\"https:\/\/ave-eta-canada.com\/no\/fyll-ut-av-skjemaet-for-canada\/\">elektronisk eller papirutgaveskjema<\/a>. For dette siste alternativet m\u00e5 skjemaet sendes til visumbehandlingskontoret, som ligger ved den kanadiske ambassaden eller generalkonsulatet.<\/p>\n","protected":false},"excerpt":{"rendered":"<p>Den kanadiske regjeringen \u00f8nsker \u00e5 tiltrekke seg flere utenlandske studenter Internasjonale studenter representerer en betydelig \u00f8konomisk interesse for den kanadiske \u00f8konomien. I f\u00f8lge en studie utf\u00f8rt av f\u00f8derale myndigheter genererte utenlandske studenter 15,5 milliarder dollar i 2016. Av denne grunn \u00f8nsker den kanadiske administrasjonen \u00e5 \u00f8ke antallet internasjonale studenter.For et opphold p\u00e5 mindre enn 6 [&hellip;]<\/p>\n","protected":false},"author":1,"featured_media":0,"parent":0,"menu_order":0,"comment_status":"closed","ping_status":"closed","template":"","meta":{"footnotes":""},"class_list":["post-4197","page","type-page","status-publish","hentry"],"yoast_head":"<!-- This site is optimized with the Yoast SEO plugin v26.9 - https:\/\/yoast.com\/product\/yoast-seo-wordpress\/ -->\n<title>Canada: Regjeringen \u00f8nsker flere utenlandske studenter<\/title>\n<meta name=\"description\" content=\"Den kanadiske regjeringen planlegger \u00e5 \u00f8nske flere internasjonale studenter velkommen i \u00e5rene som kommer. Betydelige \u00f8konomiske fordeler st\u00e5r p\u00e5 spill.\" \/>\n<meta name=\"robots\" content=\"index, follow, max-snippet:-1, max-image-preview:large, max-video-preview:-1\" \/>\n<link rel=\"canonical\" href=\"https:\/\/ave-eta-canada.com\/no\/canada-regjeringen-onsker-flere-utenlandske-studenter\/\" \/>\n<meta property=\"og:locale\" content=\"nb_NO\" \/>\n<meta property=\"og:type\" content=\"article\" \/>\n<meta property=\"og:title\" content=\"Canada: Regjeringen \u00f8nsker flere utenlandske studenter\" \/>\n<meta property=\"og:description\" content=\"Den kanadiske regjeringen planlegger \u00e5 \u00f8nske flere internasjonale studenter velkommen i \u00e5rene som kommer. Betydelige \u00f8konomiske fordeler st\u00e5r p\u00e5 spill.\" \/>\n<meta property=\"og:url\" content=\"https:\/\/ave-eta-canada.com\/no\/canada-regjeringen-onsker-flere-utenlandske-studenter\/\" \/>\n<meta property=\"og:site_name\" content=\"VISA CANADA\" \/>\n<meta property=\"article:modified_time\" content=\"2023-04-27T21:23:49+00:00\" \/>\n<meta name=\"twitter:card\" content=\"summary_large_image\" \/>\n<meta name=\"twitter:label1\" content=\"Ansl. lesetid\" \/>\n\t<meta name=\"twitter:data1\" content=\"3 minutter\" \/>\n<script type=\"application\/ld+json\" class=\"yoast-schema-graph\">{\"@context\":\"https:\/\/schema.org\",\"@graph\":[{\"@type\":\"WebPage\",\"@id\":\"https:\/\/ave-eta-canada.com\/no\/canada-regjeringen-onsker-flere-utenlandske-studenter\/\",\"url\":\"https:\/\/ave-eta-canada.com\/no\/canada-regjeringen-onsker-flere-utenlandske-studenter\/\",\"name\":\"Canada: Regjeringen \u00f8nsker flere utenlandske studenter\",\"isPartOf\":{\"@id\":\"https:\/\/ave-eta-canada.com\/no\/#website\"},\"datePublished\":\"2023-04-18T14:41:47+00:00\",\"dateModified\":\"2023-04-27T21:23:49+00:00\",\"description\":\"Den kanadiske regjeringen planlegger \u00e5 \u00f8nske flere internasjonale studenter velkommen i \u00e5rene som kommer. Betydelige \u00f8konomiske fordeler st\u00e5r p\u00e5 spill.\",\"breadcrumb\":{\"@id\":\"https:\/\/ave-eta-canada.com\/no\/canada-regjeringen-onsker-flere-utenlandske-studenter\/#breadcrumb\"},\"inLanguage\":\"nb-NO\",\"potentialAction\":[{\"@type\":\"ReadAction\",\"target\":[\"https:\/\/ave-eta-canada.com\/no\/canada-regjeringen-onsker-flere-utenlandske-studenter\/\"]}]},{\"@type\":\"BreadcrumbList\",\"@id\":\"https:\/\/ave-eta-canada.com\/no\/canada-regjeringen-onsker-flere-utenlandske-studenter\/#breadcrumb\",\"itemListElement\":[{\"@type\":\"ListItem\",\"position\":1,\"name\":\"Home\",\"item\":\"https:\/\/ave-eta-canada.com\/no\/\"},{\"@type\":\"ListItem\",\"position\":2,\"name\":\"Canada: Regjeringen \u00f8nsker flere utenlandske studenter\"}]},{\"@type\":\"WebSite\",\"@id\":\"https:\/\/ave-eta-canada.com\/no\/#website\",\"url\":\"https:\/\/ave-eta-canada.com\/no\/\",\"name\":\"VISA CANADA\",\"description\":\"Autorisation Voyage Electronique\",\"potentialAction\":[{\"@type\":\"SearchAction\",\"target\":{\"@type\":\"EntryPoint\",\"urlTemplate\":\"https:\/\/ave-eta-canada.com\/no\/?s={search_term_string}\"},\"query-input\":{\"@type\":\"PropertyValueSpecification\",\"valueRequired\":true,\"valueName\":\"search_term_string\"}}],\"inLanguage\":\"nb-NO\"}]}<\/script>\n<!-- \/ Yoast SEO plugin. -->","yoast_head_json":{"title":"Canada: Regjeringen \u00f8nsker flere utenlandske studenter","description":"Den kanadiske regjeringen planlegger \u00e5 \u00f8nske flere internasjonale studenter velkommen i \u00e5rene som kommer. Betydelige \u00f8konomiske fordeler st\u00e5r p\u00e5 spill.","robots":{"index":"index","follow":"follow","max-snippet":"max-snippet:-1","max-image-preview":"max-image-preview:large","max-video-preview":"max-video-preview:-1"},"canonical":"https:\/\/ave-eta-canada.com\/no\/canada-regjeringen-onsker-flere-utenlandske-studenter\/","og_locale":"nb_NO","og_type":"article","og_title":"Canada: Regjeringen \u00f8nsker flere utenlandske studenter","og_description":"Den kanadiske regjeringen planlegger \u00e5 \u00f8nske flere internasjonale studenter velkommen i \u00e5rene som kommer. Betydelige \u00f8konomiske fordeler st\u00e5r p\u00e5 spill.","og_url":"https:\/\/ave-eta-canada.com\/no\/canada-regjeringen-onsker-flere-utenlandske-studenter\/","og_site_name":"VISA CANADA","article_modified_time":"2023-04-27T21:23:49+00:00","twitter_card":"summary_large_image","twitter_misc":{"Ansl. lesetid":"3 minutter"},"schema":{"@context":"https:\/\/schema.org","@graph":[{"@type":"WebPage","@id":"https:\/\/ave-eta-canada.com\/no\/canada-regjeringen-onsker-flere-utenlandske-studenter\/","url":"https:\/\/ave-eta-canada.com\/no\/canada-regjeringen-onsker-flere-utenlandske-studenter\/","name":"Canada: Regjeringen \u00f8nsker flere utenlandske studenter","isPartOf":{"@id":"https:\/\/ave-eta-canada.com\/no\/#website"},"datePublished":"2023-04-18T14:41:47+00:00","dateModified":"2023-04-27T21:23:49+00:00","description":"Den kanadiske regjeringen planlegger \u00e5 \u00f8nske flere internasjonale studenter velkommen i \u00e5rene som kommer. Betydelige \u00f8konomiske fordeler st\u00e5r p\u00e5 spill.","breadcrumb":{"@id":"https:\/\/ave-eta-canada.com\/no\/canada-regjeringen-onsker-flere-utenlandske-studenter\/#breadcrumb"},"inLanguage":"nb-NO","potentialAction":[{"@type":"ReadAction","target":["https:\/\/ave-eta-canada.com\/no\/canada-regjeringen-onsker-flere-utenlandske-studenter\/"]}]},{"@type":"BreadcrumbList","@id":"https:\/\/ave-eta-canada.com\/no\/canada-regjeringen-onsker-flere-utenlandske-studenter\/#breadcrumb","itemListElement":[{"@type":"ListItem","position":1,"name":"Home","item":"https:\/\/ave-eta-canada.com\/no\/"},{"@type":"ListItem","position":2,"name":"Canada: Regjeringen \u00f8nsker flere utenlandske studenter"}]},{"@type":"WebSite","@id":"https:\/\/ave-eta-canada.com\/no\/#website","url":"https:\/\/ave-eta-canada.com\/no\/","name":"VISA CANADA","description":"Autorisation Voyage Electronique","potentialAction":[{"@type":"SearchAction","target":{"@type":"EntryPoint","urlTemplate":"https:\/\/ave-eta-canada.com\/no\/?s={search_term_string}"},"query-input":{"@type":"PropertyValueSpecification","valueRequired":true,"valueName":"search_term_string"}}],"inLanguage":"nb-NO"}]}},"_links":{"self":[{"href":"https:\/\/ave-eta-canada.com\/no\/wp-json\/wp\/v2\/pages\/4197","targetHints":{"allow":["GET"]}}],"collection":[{"href":"https:\/\/ave-eta-canada.com\/no\/wp-json\/wp\/v2\/pages"}],"about":[{"href":"https:\/\/ave-eta-canada.com\/no\/wp-json\/wp\/v2\/types\/page"}],"author":[{"embeddable":true,"href":"https:\/\/ave-eta-canada.com\/no\/wp-json\/wp\/v2\/users\/1"}],"replies":[{"embeddable":true,"href":"https:\/\/ave-eta-canada.com\/no\/wp-json\/wp\/v2\/comments?post=4197"}],"version-history":[{"count":0,"href":"https:\/\/ave-eta-canada.com\/no\/wp-json\/wp\/v2\/pages\/4197\/revisions"}],"wp:attachment":[{"href":"https:\/\/ave-eta-canada.com\/no\/wp-json\/wp\/v2\/media?parent=4197"}],"curies":[{"name":"wp","href":"https:\/\/api.w.org\/{rel}","templated":true}]}}