{"id":4199,"date":"2023-04-18T14:41:47","date_gmt":"2023-04-18T14:41:47","guid":{"rendered":"https:\/\/ave-eta-canada.com\/nar-a-soke-av-autorisasjon-for-canada\/"},"modified":"2023-05-01T12:56:23","modified_gmt":"2023-05-01T12:56:23","slug":"nar-skal-man-soke-om-eta-autorisasjon-for-canada","status":"publish","type":"page","link":"https:\/\/ave-eta-canada.com\/no\/nar-skal-man-soke-om-eta-autorisasjon-for-canada\/","title":{"rendered":"N\u00e5r skal man s\u00f8ke om eTA-autorisasjon for Canada?"},"content":{"rendered":"\n<h1 class=\"wp-block-heading\">N\u00e5r skal man s\u00f8ke om eTA-reisetillatelse?<\/h1>\n\n<p>Som en del av forberedelsene til en reise til Canada, er det viktig \u00e5 f\u00e5 en kanadisk reiseautorisasjon f\u00f8r du g\u00e5r ombord. <strong>For et opphold p\u00e5 mindre enn 6 m\u00e5neder i Canada<\/strong> : Du kan utf\u00f8re formalitetene for \u00e5 komme inn i Canada direkte via Internett ved \u00e5 klikke p\u00e5 <a href=\"https:\/\/ave-eta-canada.com\/no\/canada-eta-skjema-online\/\">nettskjemaet<\/a>. <\/p>\n\n<p>Det er ikke n\u00f8dvendig \u00e5 f\u00e5 time ved den kanadiske ambassaden eller konsulatet.<\/p>\n\n<p>Den kanadiske reiseautorisasjonen anses som relativt enkel \u00e5 f\u00e5 tak i. Hvilke forsinkelser kan forventes og hvilke forholdsregler som m\u00e5 tas for \u00e5 unng\u00e5 risikoen for \u00e5 bli nektet adgang til Canada.<\/p>\n\n<p><\/p>\n\n<h2 class=\"wp-block-heading\">Siden n\u00e5r og hvorfor be om en eTA?<\/h2>\n\n<p>Siden 10. november 2016 har Canadas regjering (departementet for immigrasjon, flyktninger og statsborgerskap i Canada for \u00e5 v\u00e6re mer presis) innf\u00f8rt en elektronisk reisetillatelse kalt eTA , for \u00e5 garantere den interne sikkerheten til landet samtidig som de fremmer turisme i Canada.<\/p>\n\n<p>eTA er oppn\u00e5dd av et online skjema som:<\/p>\n\n<ul class=\"wp-block-list\"><li>bestemmer kvalifikasjonen for reisende til \u00e5 reise inn i Canada uten visum;<\/li><li>avlaster overbelastning ved kanadiske ambassader og letter fortolling.<\/li><\/ul>\n\n<p>De elektroniske systemene som er p\u00e5 plass gj\u00f8r det mulig \u00e5 velge ut reisende allerede f\u00f8r de ankommer kanadisk jord.<br\/><br\/><\/p>\n\n<h2 class=\"wp-block-heading\">N\u00e5r trengs en eTA?<\/h2>\n\n<p>En <a href=\"https:\/\/ave-eta-canada.com\/no\/er-canada-eta-obligatorisk\/\">eTA-s\u00f8knad er obligatorisk<\/a> for visumfrie reisende som \u00f8nsker \u00e5 reise til Canada som en del av et turistopphold eller en forretningsreise p\u00e5 mindre enn 6 m\u00e5neder med fly. Det er ogs\u00e5 n\u00f8dvendig for transitt gjennom Canada.<\/p>\n\n<p>Visumfritaket er for statsborgere hvis opprinnelsesland har signert en avtale med den kanadiske regjeringen. Norske statsborgere er blant de heldige, men de m\u00e5 ha et gyldig pass (biometrisk eller elektronisk pass).<\/p>\n\n<p>\u00c5 ha gyldig pass og eTA fritar deg ikke fra \u00e5 ha andre reisedokumenter som reisedokumentet. En utreisebillett fra territoriet (retur- eller viderebillett) vil sannsynligvis bli forespurt av immigrasjonsoffiseren.<\/p>\n\n<p>Merk at hvis du har blitt valgt for en WHP (Working Holiday Permit), utstedes normalt eTA automatisk til deg. Sjekk med den kanadiske ambassaden.<br\/><br\/><\/p>\n\n<h2 class=\"wp-block-heading\">N\u00e5r skal man s\u00f8ke p\u00e5 nett?<\/h2>\n\n<p>Vi anbefaler deg \u00e5 <a href=\"https:\/\/ave-eta-canada.com\/no\/fyll-ut-av-skjemaet-for-canada\/\">fylle ut reiseautorisasjonsskjemaet<\/a> s\u00e5 snart turen til Canada er planlagt. Ikke vent til siste \u00f8yeblikk, for hvis foresp\u00f8rselen om autorisasjon blir avsl\u00e5tt, m\u00e5 du s\u00f8ke om et kanadisk visum. Imidlertid er denne prosessen lengre og dyrere.<\/p>\n\n<p>S\u00f8knadsskjemaet kan fylles ut p\u00e5 den offisielle nettsiden til den kanadiske regjeringen. Hvis du \u00f8nsker \u00e5 f\u00e5 hjelp og redusere risikoen, r\u00e5der vi deg til \u00e5 fylle ut partnerens skjema.<\/p>\n\n<p>For \u00e5 fylle ut eTA-skjemaet, m\u00e5 du fylle ut passdataene dine (passnummer, utstedelsesdato og utl\u00f8psdato), din personlige informasjon, detaljer om oppholdet ditt i Canada og til slutt din bakgrunn.<br\/><br\/><\/p>\n\n<h2 class=\"wp-block-heading\">N\u00e5r f\u00e5r jeg svar p\u00e5 eTA-s\u00f8knaden min?<\/h2>\n\n<p>Vanligvis er <a>forsinkelsen for \u00e5 f\u00e5 en eTA<\/a> noen minutter etter at skjemaet er sendt. Du mottar f\u00f8rst en mottaksbekreftelse fra Immigration Canada og deretter en ny e-post med svaret p\u00e5 foresp\u00f8rselen din. Svaret kan imidlertid ta flere dager.<\/p>\n\n<p>Du kan ogs\u00e5 sjekke status for s\u00f8knaden din p\u00e5 myndighetenes nettsider ved \u00e5 skrive inn s\u00f8knadsnummeret ditt (som du finner i mottaksbekreftelsen) og passnummeret ditt.<\/p>\n\n<p>Hvis du ikke har mottatt en bekreftelse innen 72 timer, kontakt kanadiske myndigheter. Du trenger ikke \u00e5 pr\u00f8ve \u00e5 reise til Canada uten autorisasjon, du vil ikke engang kunne g\u00e5 ombord p\u00e5 flyet.<\/p>\n\n<h3 class=\"wp-block-heading\">ETA-godkjenningsforesp\u00f8rsel avvist<\/h3>\n\n<p>En eTA-foresp\u00f8rsel avvises s\u00e5 lenge du ikke oppfyller ett av kvalifikasjonskriteriene. Hvis du ikke er kvalifisert, m\u00e5 du s\u00f8ke om visum gjennom de konsul\u00e6re tjenestene til den kanadiske ambassaden eller det kanadiske konsulatet, hvis aktuelt. Canada-visumet du skal s\u00f8ke om avhenger av arten av reisen din.<\/p>\n\n<p>N\u00e5r din ESTA-s\u00f8knad blir avsl\u00e5tt, kan du ogs\u00e5 sjekke at du ikke har gjort feil i s\u00f8knadsskjemaet. I s\u00e5 fall har du rett til \u00e5 s\u00f8ke p\u00e5 nytt.<br\/><br\/><\/p>\n\n<h2 class=\"wp-block-heading\">N\u00e5r b\u00f8r jeg fornye eTA-s\u00f8knaden min?<\/h2>\n\n<p><a href=\"https:\/\/ave-eta-canada.com\/no\/eta-canada-gyldig-varighet\/\">Gyldighetsperioden for en eTA<\/a> er 5 \u00e5r eller til passets utl\u00f8p, dersom passets gyldighet er kortere enn denne perioden. I l\u00f8pet av gyldighets\u00e5rene til din eTA kan du bes\u00f8ke Canada flere ganger, uten \u00e5 m\u00e5tte s\u00f8ke om en ny eTA og forutsatt at du respekterer den maksimale oppholdsperioden p\u00e5 6 m\u00e5neder.<\/p>\n\n<p>Siden eTA er knyttet til passet, sier det seg selv at en ny foresp\u00f8rsel om autorisasjon m\u00e5 gj\u00f8res ved nytt pass. Den nye foresp\u00f8rselen f\u00f8lger samme innhentingsprosess som den f\u00f8rste foresp\u00f8rselen.<\/p>\n","protected":false},"excerpt":{"rendered":"<p>N\u00e5r skal man s\u00f8ke om eTA-reisetillatelse? Som en del av forberedelsene til en reise til Canada, er det viktig \u00e5 f\u00e5 en kanadisk reiseautorisasjon f\u00f8r du g\u00e5r ombord. For et opphold p\u00e5 mindre enn 6 m\u00e5neder i Canada : Du kan utf\u00f8re formalitetene for \u00e5 komme inn i Canada direkte via Internett ved \u00e5 klikke [&hellip;]<\/p>\n","protected":false},"author":1,"featured_media":0,"parent":0,"menu_order":0,"comment_status":"closed","ping_status":"closed","template":"","meta":{"footnotes":""},"class_list":["post-4199","page","type-page","status-publish","hentry"],"yoast_head":"<!-- This site is optimized with the Yoast SEO plugin v26.9 - https:\/\/yoast.com\/product\/yoast-seo-wordpress\/ -->\n<title>N\u00e5r skal man s\u00f8ke om eTA-autorisasjon for Canada?<\/title>\n<meta name=\"description\" content=\"F\u00f8r du reiser til Canada, er det viktig \u00e5 forberede alle n\u00f8dvendige reisedokumenter, inkludert eTA. Finn ut her n\u00e5r du skal s\u00f8ke om eTA.\" \/>\n<meta name=\"robots\" content=\"index, follow, max-snippet:-1, max-image-preview:large, max-video-preview:-1\" \/>\n<link rel=\"canonical\" href=\"https:\/\/ave-eta-canada.com\/no\/nar-skal-man-soke-om-eta-autorisasjon-for-canada\/\" \/>\n<meta property=\"og:locale\" content=\"nb_NO\" \/>\n<meta property=\"og:type\" content=\"article\" \/>\n<meta property=\"og:title\" content=\"N\u00e5r skal man s\u00f8ke om eTA-autorisasjon for Canada?\" \/>\n<meta property=\"og:description\" content=\"F\u00f8r du reiser til Canada, er det viktig \u00e5 forberede alle n\u00f8dvendige reisedokumenter, inkludert eTA. Finn ut her n\u00e5r du skal s\u00f8ke om eTA.\" \/>\n<meta property=\"og:url\" content=\"https:\/\/ave-eta-canada.com\/no\/nar-skal-man-soke-om-eta-autorisasjon-for-canada\/\" \/>\n<meta property=\"og:site_name\" content=\"VISA CANADA\" \/>\n<meta property=\"article:modified_time\" content=\"2023-05-01T12:56:23+00:00\" \/>\n<meta name=\"twitter:card\" content=\"summary_large_image\" \/>\n<meta name=\"twitter:label1\" content=\"Ansl. lesetid\" \/>\n\t<meta name=\"twitter:data1\" content=\"4 minutter\" \/>\n<script type=\"application\/ld+json\" class=\"yoast-schema-graph\">{\"@context\":\"https:\/\/schema.org\",\"@graph\":[{\"@type\":\"WebPage\",\"@id\":\"https:\/\/ave-eta-canada.com\/no\/nar-skal-man-soke-om-eta-autorisasjon-for-canada\/\",\"url\":\"https:\/\/ave-eta-canada.com\/no\/nar-skal-man-soke-om-eta-autorisasjon-for-canada\/\",\"name\":\"N\u00e5r skal man s\u00f8ke om eTA-autorisasjon for Canada?\",\"isPartOf\":{\"@id\":\"https:\/\/ave-eta-canada.com\/no\/#website\"},\"datePublished\":\"2023-04-18T14:41:47+00:00\",\"dateModified\":\"2023-05-01T12:56:23+00:00\",\"description\":\"F\u00f8r du reiser til Canada, er det viktig \u00e5 forberede alle n\u00f8dvendige reisedokumenter, inkludert eTA. Finn ut her n\u00e5r du skal s\u00f8ke om eTA.\",\"breadcrumb\":{\"@id\":\"https:\/\/ave-eta-canada.com\/no\/nar-skal-man-soke-om-eta-autorisasjon-for-canada\/#breadcrumb\"},\"inLanguage\":\"nb-NO\",\"potentialAction\":[{\"@type\":\"ReadAction\",\"target\":[\"https:\/\/ave-eta-canada.com\/no\/nar-skal-man-soke-om-eta-autorisasjon-for-canada\/\"]}]},{\"@type\":\"BreadcrumbList\",\"@id\":\"https:\/\/ave-eta-canada.com\/no\/nar-skal-man-soke-om-eta-autorisasjon-for-canada\/#breadcrumb\",\"itemListElement\":[{\"@type\":\"ListItem\",\"position\":1,\"name\":\"Home\",\"item\":\"https:\/\/ave-eta-canada.com\/no\/\"},{\"@type\":\"ListItem\",\"position\":2,\"name\":\"N\u00e5r skal man s\u00f8ke om eTA-autorisasjon for Canada?\"}]},{\"@type\":\"WebSite\",\"@id\":\"https:\/\/ave-eta-canada.com\/no\/#website\",\"url\":\"https:\/\/ave-eta-canada.com\/no\/\",\"name\":\"VISA CANADA\",\"description\":\"Autorisation Voyage Electronique\",\"potentialAction\":[{\"@type\":\"SearchAction\",\"target\":{\"@type\":\"EntryPoint\",\"urlTemplate\":\"https:\/\/ave-eta-canada.com\/no\/?s={search_term_string}\"},\"query-input\":{\"@type\":\"PropertyValueSpecification\",\"valueRequired\":true,\"valueName\":\"search_term_string\"}}],\"inLanguage\":\"nb-NO\"}]}<\/script>\n<!-- \/ Yoast SEO plugin. -->","yoast_head_json":{"title":"N\u00e5r skal man s\u00f8ke om eTA-autorisasjon for Canada?","description":"F\u00f8r du reiser til Canada, er det viktig \u00e5 forberede alle n\u00f8dvendige reisedokumenter, inkludert eTA. Finn ut her n\u00e5r du skal s\u00f8ke om eTA.","robots":{"index":"index","follow":"follow","max-snippet":"max-snippet:-1","max-image-preview":"max-image-preview:large","max-video-preview":"max-video-preview:-1"},"canonical":"https:\/\/ave-eta-canada.com\/no\/nar-skal-man-soke-om-eta-autorisasjon-for-canada\/","og_locale":"nb_NO","og_type":"article","og_title":"N\u00e5r skal man s\u00f8ke om eTA-autorisasjon for Canada?","og_description":"F\u00f8r du reiser til Canada, er det viktig \u00e5 forberede alle n\u00f8dvendige reisedokumenter, inkludert eTA. Finn ut her n\u00e5r du skal s\u00f8ke om eTA.","og_url":"https:\/\/ave-eta-canada.com\/no\/nar-skal-man-soke-om-eta-autorisasjon-for-canada\/","og_site_name":"VISA CANADA","article_modified_time":"2023-05-01T12:56:23+00:00","twitter_card":"summary_large_image","twitter_misc":{"Ansl. lesetid":"4 minutter"},"schema":{"@context":"https:\/\/schema.org","@graph":[{"@type":"WebPage","@id":"https:\/\/ave-eta-canada.com\/no\/nar-skal-man-soke-om-eta-autorisasjon-for-canada\/","url":"https:\/\/ave-eta-canada.com\/no\/nar-skal-man-soke-om-eta-autorisasjon-for-canada\/","name":"N\u00e5r skal man s\u00f8ke om eTA-autorisasjon for Canada?","isPartOf":{"@id":"https:\/\/ave-eta-canada.com\/no\/#website"},"datePublished":"2023-04-18T14:41:47+00:00","dateModified":"2023-05-01T12:56:23+00:00","description":"F\u00f8r du reiser til Canada, er det viktig \u00e5 forberede alle n\u00f8dvendige reisedokumenter, inkludert eTA. Finn ut her n\u00e5r du skal s\u00f8ke om eTA.","breadcrumb":{"@id":"https:\/\/ave-eta-canada.com\/no\/nar-skal-man-soke-om-eta-autorisasjon-for-canada\/#breadcrumb"},"inLanguage":"nb-NO","potentialAction":[{"@type":"ReadAction","target":["https:\/\/ave-eta-canada.com\/no\/nar-skal-man-soke-om-eta-autorisasjon-for-canada\/"]}]},{"@type":"BreadcrumbList","@id":"https:\/\/ave-eta-canada.com\/no\/nar-skal-man-soke-om-eta-autorisasjon-for-canada\/#breadcrumb","itemListElement":[{"@type":"ListItem","position":1,"name":"Home","item":"https:\/\/ave-eta-canada.com\/no\/"},{"@type":"ListItem","position":2,"name":"N\u00e5r skal man s\u00f8ke om eTA-autorisasjon for Canada?"}]},{"@type":"WebSite","@id":"https:\/\/ave-eta-canada.com\/no\/#website","url":"https:\/\/ave-eta-canada.com\/no\/","name":"VISA CANADA","description":"Autorisation Voyage Electronique","potentialAction":[{"@type":"SearchAction","target":{"@type":"EntryPoint","urlTemplate":"https:\/\/ave-eta-canada.com\/no\/?s={search_term_string}"},"query-input":{"@type":"PropertyValueSpecification","valueRequired":true,"valueName":"search_term_string"}}],"inLanguage":"nb-NO"}]}},"_links":{"self":[{"href":"https:\/\/ave-eta-canada.com\/no\/wp-json\/wp\/v2\/pages\/4199","targetHints":{"allow":["GET"]}}],"collection":[{"href":"https:\/\/ave-eta-canada.com\/no\/wp-json\/wp\/v2\/pages"}],"about":[{"href":"https:\/\/ave-eta-canada.com\/no\/wp-json\/wp\/v2\/types\/page"}],"author":[{"embeddable":true,"href":"https:\/\/ave-eta-canada.com\/no\/wp-json\/wp\/v2\/users\/1"}],"replies":[{"embeddable":true,"href":"https:\/\/ave-eta-canada.com\/no\/wp-json\/wp\/v2\/comments?post=4199"}],"version-history":[{"count":0,"href":"https:\/\/ave-eta-canada.com\/no\/wp-json\/wp\/v2\/pages\/4199\/revisions"}],"wp:attachment":[{"href":"https:\/\/ave-eta-canada.com\/no\/wp-json\/wp\/v2\/media?parent=4199"}],"curies":[{"name":"wp","href":"https:\/\/api.w.org\/{rel}","templated":true}]}}