{"id":4205,"date":"2023-04-18T14:41:47","date_gmt":"2023-04-18T14:41:47","guid":{"rendered":"https:\/\/ave-eta-canada.com\/hvordan-endre-en-av-autorisasjon-for-canada\/"},"modified":"2023-04-27T21:27:32","modified_gmt":"2023-04-27T21:27:32","slug":"hvordan-endre-en-eta-autorisasjon-for-canada","status":"publish","type":"page","link":"https:\/\/ave-eta-canada.com\/no\/hvordan-endre-en-eta-autorisasjon-for-canada\/","title":{"rendered":"Hvordan endrer jeg en eTA-autorisasjon for Canada?"},"content":{"rendered":"\n<h1 class=\"wp-block-heading\">Hvordan endrer jeg en eTA for reiser til Canada?<\/h1>\n\n<p>eTA er en <a href=\"https:\/\/ave-eta-canada.com\/no\/\">elektronisk reiseautorisasjon<\/a>, satt opp av den kanadiske regjeringen, som har som m\u00e5l \u00e5 lette de administrative prosedyrene for reisende som \u00f8nsker \u00e5 bes\u00f8ke Canada. Faktisk, takket v\u00e6re det digitale formatet til ESTA, kan den reisende fullf\u00f8re s\u00f8knaden sin online, og kanadiske myndigheter kan analysere eTA-s\u00f8knaden ved hjelp av elektroniske systemer.<\/p>\n\n<p><strong>For et opphold p\u00e5 mindre enn 6 m\u00e5neder i Canada<\/strong> : Du kan utf\u00f8re formalitetene for \u00e5 komme inn i Canada direkte via Internett ved \u00e5 klikke p\u00e5 <a href=\"https:\/\/ave-eta-canada.com\/no\/canada-eta-skjema-online\/\">nettskjemaet<\/a>. Det er ikke n\u00f8dvendig \u00e5 f\u00e5 time ved den kanadiske ambassaden eller konsulatet.<\/p>\n\n<br\/>\n\n<p>N\u00e5r en reisende f\u00e5r en eTA, er <a href=\"https:\/\/ave-eta-canada.com\/no\/eta-canada-gyldig-varighet\/\">den gyldig i 5 \u00e5r<\/a>. Men med \u00e5rene utvikler den reisendes personlige situasjon seg. Det kan da v\u00e6re at viss informasjon som finnes i eTA-dokumentet m\u00e5 endres, fordi den rett og slett ikke lenger samsvarer med virkeligheten. I dette tilfellet, er det mulig \u00e5 endre eTA? Hvis ikke, hva er prosedyren for \u00e5 endre eTA?<\/p>\n\n<h2 class=\"wp-block-heading\">Kan jeg endre eTA hvis mine personlige data er endret?<\/h2>\n\n<p>Dessverre ikke. Hvis dine personopplysninger (brukernavn, fornavn, land osv.) endres i l\u00f8pet av gyldighetsdatoen til eTA (5 \u00e5r), m\u00e5 du sende inn en ny foresp\u00f8rsel.<\/p>\n\n<p>Bare visse opplysninger (som telefonnummer eller pikenavn) kan endres gratis og uten \u00e5 fornye eTA. For \u00e5 endre kontaktinformasjonen din p\u00e5 eTA, m\u00e5 du fylle ut et elektronisk foresp\u00f8rselsskjema. Det er imidlertid den kanadiske regjeringen som skal avgj\u00f8re om foresp\u00f8rselen fortsatt er gyldig eller ikke.<\/p>\n\n<p>Det samme gjelder bytte av pass. Hvis passnummeret du tidligere brukte for \u00e5 f\u00e5 eTA ikke lenger samsvarer med ditt n\u00e5v\u00e6rende passnummer, m\u00e5 du endre eTA. For \u00e5 gj\u00f8re dette, m\u00e5 du s\u00f8ke p\u00e5 nytt om en eTA ved \u00e5 fylle ut nettskjemaet en gang til og betale s\u00f8knadsavgiftene p\u00e5 nytt.<\/p>\n\n<p>Kanadiske myndigheter krever at passnummeret angitt p\u00e5 eTA er det samme som passet som den reisende \u00f8nsker \u00e5 reise til Canada med. Hvorfor? Fordi <a href=\"https:\/\/ave-eta-canada.com\/no\/nar-skal-man-soke-om-eta-autorisasjon-for-canada\/\">eTA-autorisasjonen<\/a> din vil v\u00e6re elektronisk knyttet til passet. N\u00e5r du ankommer kanadisk jord, vil tollvesenet sjekke din eTA ved \u00e5 skanne brikken i ditt elektroniske eller biometriske pass.<br\/><br\/><\/p>\n\n<h2 class=\"wp-block-heading\">Kan jeg endre eTA etter \u00e5 ha gjort en feil i kopien av informasjonen min?<\/h2>\n\n<p>Hvis du ikke har g\u00e5tt videre til betalingen av eTA skjemaet, kan du alltid endre <a href=\"https:\/\/ave-eta-canada.com\/no\/hva-a-gjore-i-tilfelle-feil-pa-eta-canada\/\">feilene som er beg\u00e5tt i eTA<\/a>.<\/p>\n\n<p>Men hvis eTA-betalingen allerede er utf\u00f8rt, kan du dessverre ikke g\u00e5 tilbake.<\/p>\n\n<h3 class=\"wp-block-heading\">Hvordan unng\u00e5 \u00e5 m\u00e5tte bytte eTA?<\/h3>\n\n<p>F\u00f8rst er det viktig at du tar deg tid til \u00e5 fylle ut eTA-s\u00f8knadsskjemaet. En feil kom raskt, og det ville v\u00e6re synd \u00e5 m\u00e5tte betale dokumentavgiftene igjen ($7 kanadisk) og vente igjen p\u00e5 svar fra IRCC (Immigration, Refugees and Citizenship).<\/p>\n\n<p>Vi anbefaler deg \u00e5 sjekke at du oppfyller vilk\u00e5rene som kreves for \u00e5 f\u00e5 en eTA (reise eller transitt gjennom Canada med fly og i maksimalt 6 m\u00e5neder) og for \u00e5 ha et gyldig pass.<\/p>\n\n<p>P\u00e5 slutten av fyllingen vil den offisielle siden til den kanadiske regjeringen foresl\u00e5 deg \u00e5 sjekke eTA og fullstendigheten av svarene du kom med til den. Ikke g\u00e5 glipp av dette avgj\u00f8rende trinnet, fordi det kan v\u00e6re dette trinnet som lar deg oppdage kopifeil.<\/p>\n\n<p>Hvis du \u00f8nsker st\u00f8tte til \u00e5 fylle ut onlineskjemaet, tilbyr partnerens private side personlig hjelp med \u00e5 fylle ut og rette skjemaet f\u00f8r du sender det.<br\/><br\/><\/p>\n\n<h2 class=\"wp-block-heading\">Hvordan endre eTA etter \u00e5 ha f\u00e5tt et avslag?<\/h2>\n\n<p>Hvis du har mottatt en <a href=\"https:\/\/ave-eta-canada.com\/no\/alt-vet-om-av-betingelser-for-reise-i-canada\/\">avsl\u00e5tt eTA-s\u00f8knad<\/a>, har du ikke tillatelse til \u00e5 reise til Canada, og du har derfor ikke rett til \u00e5 endre eTA.<\/p>\n\n<p>At du ikke kan endre eTA betyr likevel ikke at du aldri vil kunne oppdage Canada. De fleste reisende trenger faktisk et kanadisk visum eller en eTA-reisetillatelse for \u00e5 reise til kanadisk jord med fly.<\/p>\n\n<p>For personer som ikke har tilgang til eTA, kan du ganske enkelt s\u00f8ke om et kanadisk visum fra de konsul\u00e6re tjenestene til den kanadiske ambassaden eller konsulatet.<\/p>\n\n<p>For \u00e5 f\u00e5 visum, s\u00f8rg for at du oppfyller disse vilk\u00e5rene:<\/p>\n\n<ul class=\"wp-block-list\"><li>ha et gyldig pass;<\/li><li>ikke v\u00e6re b\u00e6rer av noen sykdom;<\/li><li>ikke har gjort seg skyldig i kriminell aktivitet eller immigrasjonslovbrudd;<\/li><li>bevis for den konsul\u00e6re tjenestemannen at \u00e5rsaken til reisen din ikke er \u00e5 bosette seg ulovlig og at du vil forlate Canada p\u00e5 slutten av oppholdet.<\/li><\/ul>\n","protected":false},"excerpt":{"rendered":"<p>Hvordan endrer jeg en eTA for reiser til Canada? eTA er en elektronisk reiseautorisasjon, satt opp av den kanadiske regjeringen, som har som m\u00e5l \u00e5 lette de administrative prosedyrene for reisende som \u00f8nsker \u00e5 bes\u00f8ke Canada. Faktisk, takket v\u00e6re det digitale formatet til ESTA, kan den reisende fullf\u00f8re s\u00f8knaden sin online, og kanadiske myndigheter kan [&hellip;]<\/p>\n","protected":false},"author":1,"featured_media":0,"parent":0,"menu_order":0,"comment_status":"closed","ping_status":"closed","template":"","meta":{"footnotes":""},"class_list":["post-4205","page","type-page","status-publish","hentry"],"yoast_head":"<!-- This site is optimized with the Yoast SEO plugin v26.9 - https:\/\/yoast.com\/product\/yoast-seo-wordpress\/ -->\n<title>Hvordan endrer jeg en eTA-autorisasjon for Canada?<\/title>\n<meta name=\"description\" content=\"Vil du oppdatere informasjonen om reisetillatelsen din til Canada? I denne artikkelen kan du finne ut hvordan du endrer en eTA\" \/>\n<meta name=\"robots\" content=\"index, follow, max-snippet:-1, max-image-preview:large, max-video-preview:-1\" \/>\n<link rel=\"canonical\" href=\"https:\/\/ave-eta-canada.com\/no\/hvordan-endre-en-eta-autorisasjon-for-canada\/\" \/>\n<meta property=\"og:locale\" content=\"nb_NO\" \/>\n<meta property=\"og:type\" content=\"article\" \/>\n<meta property=\"og:title\" content=\"Hvordan endrer jeg en eTA-autorisasjon for Canada?\" \/>\n<meta property=\"og:description\" content=\"Vil du oppdatere informasjonen om reisetillatelsen din til Canada? I denne artikkelen kan du finne ut hvordan du endrer en eTA\" \/>\n<meta property=\"og:url\" content=\"https:\/\/ave-eta-canada.com\/no\/hvordan-endre-en-eta-autorisasjon-for-canada\/\" \/>\n<meta property=\"og:site_name\" content=\"VISA CANADA\" \/>\n<meta property=\"article:modified_time\" content=\"2023-04-27T21:27:32+00:00\" \/>\n<meta name=\"twitter:card\" content=\"summary_large_image\" \/>\n<meta name=\"twitter:label1\" content=\"Ansl. lesetid\" \/>\n\t<meta name=\"twitter:data1\" content=\"4 minutter\" \/>\n<script type=\"application\/ld+json\" class=\"yoast-schema-graph\">{\"@context\":\"https:\/\/schema.org\",\"@graph\":[{\"@type\":\"WebPage\",\"@id\":\"https:\/\/ave-eta-canada.com\/no\/hvordan-endre-en-eta-autorisasjon-for-canada\/\",\"url\":\"https:\/\/ave-eta-canada.com\/no\/hvordan-endre-en-eta-autorisasjon-for-canada\/\",\"name\":\"Hvordan endrer jeg en eTA-autorisasjon for Canada?\",\"isPartOf\":{\"@id\":\"https:\/\/ave-eta-canada.com\/no\/#website\"},\"datePublished\":\"2023-04-18T14:41:47+00:00\",\"dateModified\":\"2023-04-27T21:27:32+00:00\",\"description\":\"Vil du oppdatere informasjonen om reisetillatelsen din til Canada? I denne artikkelen kan du finne ut hvordan du endrer en eTA\",\"breadcrumb\":{\"@id\":\"https:\/\/ave-eta-canada.com\/no\/hvordan-endre-en-eta-autorisasjon-for-canada\/#breadcrumb\"},\"inLanguage\":\"nb-NO\",\"potentialAction\":[{\"@type\":\"ReadAction\",\"target\":[\"https:\/\/ave-eta-canada.com\/no\/hvordan-endre-en-eta-autorisasjon-for-canada\/\"]}]},{\"@type\":\"BreadcrumbList\",\"@id\":\"https:\/\/ave-eta-canada.com\/no\/hvordan-endre-en-eta-autorisasjon-for-canada\/#breadcrumb\",\"itemListElement\":[{\"@type\":\"ListItem\",\"position\":1,\"name\":\"Home\",\"item\":\"https:\/\/ave-eta-canada.com\/no\/\"},{\"@type\":\"ListItem\",\"position\":2,\"name\":\"Hvordan endrer jeg en eTA-autorisasjon for Canada?\"}]},{\"@type\":\"WebSite\",\"@id\":\"https:\/\/ave-eta-canada.com\/no\/#website\",\"url\":\"https:\/\/ave-eta-canada.com\/no\/\",\"name\":\"VISA CANADA\",\"description\":\"Autorisation Voyage Electronique\",\"potentialAction\":[{\"@type\":\"SearchAction\",\"target\":{\"@type\":\"EntryPoint\",\"urlTemplate\":\"https:\/\/ave-eta-canada.com\/no\/?s={search_term_string}\"},\"query-input\":{\"@type\":\"PropertyValueSpecification\",\"valueRequired\":true,\"valueName\":\"search_term_string\"}}],\"inLanguage\":\"nb-NO\"}]}<\/script>\n<!-- \/ Yoast SEO plugin. -->","yoast_head_json":{"title":"Hvordan endrer jeg en eTA-autorisasjon for Canada?","description":"Vil du oppdatere informasjonen om reisetillatelsen din til Canada? I denne artikkelen kan du finne ut hvordan du endrer en eTA","robots":{"index":"index","follow":"follow","max-snippet":"max-snippet:-1","max-image-preview":"max-image-preview:large","max-video-preview":"max-video-preview:-1"},"canonical":"https:\/\/ave-eta-canada.com\/no\/hvordan-endre-en-eta-autorisasjon-for-canada\/","og_locale":"nb_NO","og_type":"article","og_title":"Hvordan endrer jeg en eTA-autorisasjon for Canada?","og_description":"Vil du oppdatere informasjonen om reisetillatelsen din til Canada? I denne artikkelen kan du finne ut hvordan du endrer en eTA","og_url":"https:\/\/ave-eta-canada.com\/no\/hvordan-endre-en-eta-autorisasjon-for-canada\/","og_site_name":"VISA CANADA","article_modified_time":"2023-04-27T21:27:32+00:00","twitter_card":"summary_large_image","twitter_misc":{"Ansl. lesetid":"4 minutter"},"schema":{"@context":"https:\/\/schema.org","@graph":[{"@type":"WebPage","@id":"https:\/\/ave-eta-canada.com\/no\/hvordan-endre-en-eta-autorisasjon-for-canada\/","url":"https:\/\/ave-eta-canada.com\/no\/hvordan-endre-en-eta-autorisasjon-for-canada\/","name":"Hvordan endrer jeg en eTA-autorisasjon for Canada?","isPartOf":{"@id":"https:\/\/ave-eta-canada.com\/no\/#website"},"datePublished":"2023-04-18T14:41:47+00:00","dateModified":"2023-04-27T21:27:32+00:00","description":"Vil du oppdatere informasjonen om reisetillatelsen din til Canada? I denne artikkelen kan du finne ut hvordan du endrer en eTA","breadcrumb":{"@id":"https:\/\/ave-eta-canada.com\/no\/hvordan-endre-en-eta-autorisasjon-for-canada\/#breadcrumb"},"inLanguage":"nb-NO","potentialAction":[{"@type":"ReadAction","target":["https:\/\/ave-eta-canada.com\/no\/hvordan-endre-en-eta-autorisasjon-for-canada\/"]}]},{"@type":"BreadcrumbList","@id":"https:\/\/ave-eta-canada.com\/no\/hvordan-endre-en-eta-autorisasjon-for-canada\/#breadcrumb","itemListElement":[{"@type":"ListItem","position":1,"name":"Home","item":"https:\/\/ave-eta-canada.com\/no\/"},{"@type":"ListItem","position":2,"name":"Hvordan endrer jeg en eTA-autorisasjon for Canada?"}]},{"@type":"WebSite","@id":"https:\/\/ave-eta-canada.com\/no\/#website","url":"https:\/\/ave-eta-canada.com\/no\/","name":"VISA CANADA","description":"Autorisation Voyage Electronique","potentialAction":[{"@type":"SearchAction","target":{"@type":"EntryPoint","urlTemplate":"https:\/\/ave-eta-canada.com\/no\/?s={search_term_string}"},"query-input":{"@type":"PropertyValueSpecification","valueRequired":true,"valueName":"search_term_string"}}],"inLanguage":"nb-NO"}]}},"_links":{"self":[{"href":"https:\/\/ave-eta-canada.com\/no\/wp-json\/wp\/v2\/pages\/4205","targetHints":{"allow":["GET"]}}],"collection":[{"href":"https:\/\/ave-eta-canada.com\/no\/wp-json\/wp\/v2\/pages"}],"about":[{"href":"https:\/\/ave-eta-canada.com\/no\/wp-json\/wp\/v2\/types\/page"}],"author":[{"embeddable":true,"href":"https:\/\/ave-eta-canada.com\/no\/wp-json\/wp\/v2\/users\/1"}],"replies":[{"embeddable":true,"href":"https:\/\/ave-eta-canada.com\/no\/wp-json\/wp\/v2\/comments?post=4205"}],"version-history":[{"count":0,"href":"https:\/\/ave-eta-canada.com\/no\/wp-json\/wp\/v2\/pages\/4205\/revisions"}],"wp:attachment":[{"href":"https:\/\/ave-eta-canada.com\/no\/wp-json\/wp\/v2\/media?parent=4205"}],"curies":[{"name":"wp","href":"https:\/\/api.w.org\/{rel}","templated":true}]}}