{"id":4218,"date":"2023-04-18T14:41:48","date_gmt":"2023-04-18T14:41:48","guid":{"rendered":"https:\/\/ave-eta-canada.com\/pvt-canada-hvordan-fa-din-arbeidsferie-tillatelse\/"},"modified":"2023-05-01T11:57:14","modified_gmt":"2023-05-01T11:57:14","slug":"pvt-canada-hvordan-fa-din-arbeidsferie-tillatelse","status":"publish","type":"page","link":"https:\/\/ave-eta-canada.com\/no\/pvt-canada-hvordan-fa-din-arbeidsferie-tillatelse\/","title":{"rendered":"WHP Canada: hvordan f\u00e5r du arbeidsferietillatelsen din?"},"content":{"rendered":"\n<h1 class=\"wp-block-heading\">WHP Canada: Tillatelse til \u00e5 reise til Canada<\/h1>\n\n<p><strong>For et opphold p\u00e5 mindre enn 6 m\u00e5neder i Canada<\/strong> : Du kan utf\u00f8re formalitetene for \u00e5 komme inn i Canada direkte via Internett ved \u00e5 klikke p\u00e5 <a href=\"https:\/\/ave-eta-canada.com\/no\/canada-eta-skjema-online\/\">nettskjemaet<\/a>. Det er ikke n\u00f8dvendig \u00e5 f\u00e5 time ved den kanadiske ambassaden eller konsulatet.<\/p>\n\n<p>Dr\u00f8mmer du om \u00e5 oppdage Canada samtidig som du har muligheten til \u00e5 gj\u00f8re str\u00f8jobber for \u00e5 finansiere utforskningen din? Working Holiday Program (WHP Canada) er for deg.<\/p>\n\n<p>Ogs\u00e5 kalt Working Holiday Visa (WHV), lar dette programmet tusenvis av unge mennesker mellom 18 og 35 \u00e5r ta skrittet fullt ut og fly til landet med poutine for en uforglemmelig profesjonell og menneskelig opplevelse. Vi skal forklare deg det viktigste du b\u00f8r vite om den kanadiske WHP.<\/p>\n\n<h2 class=\"wp-block-heading\">Hva er WHV Canada?<\/h2>\n\n<p>WHP Canada er et program for unge mennesker i alderen 18 til 35 \u00e5r som \u00f8nsker \u00e5 bo i Canada i en periode p\u00e5 opptil 24 m\u00e5neder. Canada er ikke det eneste landet som tilbyr en WHP, men det er absolutt et av de mest etterspurte med WHP Australia.<\/p>\n\n<p>Konkret kan personer som har et arbeidsferievisum generelt oppholde seg inntil ett \u00e5r i et land, to \u00e5r for Canada (gyldighetsperioden avhenger av bilaterale avtaler mellom hvert land) og jobbe der med sikte p\u00e5 \u00e5 finansiere reisen. \u00c5 finne jobb er ikke en forpliktelse i seg selv, men det kan v\u00e6re en kj\u00e6rkommen hjelp for \u00e5 finansiere reisen. <\/p>\n\n<p>Det er heller ikke n\u00f8dvendig \u00e5 finne en jobb f\u00f8r du drar, men det er n\u00f8dvendig \u00e5 ha tilstrekkelige \u00f8konomiske ressurser til \u00e5 fors\u00f8rge seg selv, i det minste ved starten av reisen ($2500 CAN). <\/p>\n\n<p>WHP Canada har i noen tid v\u00e6rt et offer for sin egen suksess, og antallet foresp\u00f8rsler overskrider kvotene som er satt p\u00e5 plass av den kanadiske regjeringen. Tildeling skjer n\u00e5 ved loddtrekning i en rekke invitasjonsrunder.<\/p>\n\n<p>WHP-s\u00f8kere m\u00e5 derfor v\u00e6pne seg med t\u00e5lmodighet og h\u00e5pe p\u00e5 \u00e5 bli trukket ved loddtrekning for \u00e5 kunne reise p\u00e5 et opphold i Canada innenfor rammen av den kanadiske WHP.<\/p>\n\n<h2 class=\"wp-block-heading\">Hvordan f\u00e5 en kanadisk WHP?<\/h2>\n\n<h3 class=\"wp-block-heading\">Kvalifikasjonsbetingelser<\/h3>\n\n<p>Arbeidsferieprogrammet som tilbys av den kanadiske regjeringen gjelder kun statsborgere i alderen 18 til 35 fra et land som har signert en avtale med Canada under IEC-programmet (International Experience Canada).<\/p>\n\n<p>Et pass som er gyldig for hele varigheten av WHP Canada er selvf\u00f8lgelig n\u00f8dvendig.<\/p>\n\n<p>Du m\u00e5 ogs\u00e5 ha de n\u00f8dvendige midlene til \u00e5 fors\u00f8rge deg selv i l\u00f8pet av de f\u00f8rste m\u00e5nedene av oppholdet (CAN$2500). En flybillett tur\/retur (eller ut av territoriet) er obligatorisk med mindre du kan bevise at du har ekstra midler.<\/p>\n\n<h3 class=\"wp-block-heading\">Prosedyre som skal f\u00f8lges for \u00e5 f\u00e5 en WHP Canada<\/h3>\n\n<p>N\u00e5r du er sikker p\u00e5 at du oppfyller opptakskriteriene, m\u00e5 du opprette en IEC-kandidatprofil ved \u00e5 fylle ut et sp\u00f8rreskjema. Svarene som gis avgj\u00f8r i hvilken kategori s\u00f8knaden din er plassert blant:<\/p>\n\n<ul class=\"wp-block-list\"><li>WHP-kategori;<\/li><li>kategorien unge profesjonelle;<\/li><li>kategorien profesjonell praksisplass;<\/li><\/ul>\n\n<p>Profilene studeres deretter og kandidatene velges ut ved loddtrekning under invitasjonsrunder. I hver runde trekkes flere personer frem til den fastsatte kvoten er n\u00e5dd.<\/p>\n\n<p>Er du s\u00e5 heldig \u00e5 bli valgt ut, vil du motta en invitasjon til \u00e5 s\u00f8ke om arbeidstillatelse. Du har 10 dager p\u00e5 deg til \u00e5 godta denne invitasjonen. N\u00e5r invitasjonen er akseptert, har du 20 dager p\u00e5 deg til \u00e5 fullf\u00f8re prosessen.<\/p>\n\n<p>Flere dokumenter m\u00e5 vedlegges s\u00f8knaden din, inkludert:<\/p>\n\n<ul class=\"wp-block-list\"><li>en kopi av passet ditt;<\/li><li>Et identitetsbilde ;<\/li><li>din CV ;<\/li><li>et utdrag fra strafferegisteret (i visse tilfeller);<\/li><li>en legeerkl\u00e6ring (i visse tilfeller).<\/li><\/ul>\n\n<p>Du m\u00e5 da betale gebyrene for \u00e5 administrere filen din (CAN$150) og for \u00e5 utstede din &laquo;\u00e5pne&raquo; arbeidstillatelse (CAN$100).<\/p>\n\n<p>N\u00e5r gebyrene er betalt, blir du bedt om \u00e5 oppgi biometri innen 30 dager. For \u00e5 gj\u00f8re dette, m\u00e5 du g\u00e5 til et offisielt innsamlingspunkt kalt et &laquo;visums\u00f8knadssenter (VAC)&raquo;. Du vil bli fortalt hvor n\u00e6rmeste VAC er plassert.<\/p>\n\n<p>S\u00e5 snart s\u00f8knaden din er godkjent, sendes et introduksjonsbrev p\u00e5 innreisehavnen til deg. Dette brevet m\u00e5 presenteres for den kanadiske tolleren ved ankomst.<\/p>\n\n<h3 class=\"wp-block-heading\">Forpliktelser til \u00e5 respektere<\/h3>\n\n<p>Det m\u00e5 fremvises et forsikringsbevis som dekker hele oppholdet. \u00c5 tegne reiseforsikring er obligatorisk, fordi medisinske kostnader og hjemtransportkostnader fort kan bli faraoniske over Atlanteren. V\u00e6r oppmerksom p\u00e5 at hvis forsikringen din ikke dekker hele gyldighetsperioden til din WHP Canada, vil den reduseres tilsvarende.<\/p>\n\n<p>Nylig introduserte Canada en <a href=\"https:\/\/ave-eta-canada.com\/no\/ordliste-alle-definisjoner-rundt-eta-canada\/\">elektronisk reiseautorisasjon eTA<\/a> for reisende som reiser med fly til Canada. Denne autorisasjonen vil v\u00e6re obligatorisk for de reisende, for eksempel pvtistene. For sistnevnte er <a href=\"https:\/\/ave-eta-canada.com\/no\/\">eTA<\/a> normalt automatisk knyttet til passet uten at det er gjort s\u00f8knad. Vi anbefaler likevel at du sjekker om du m\u00e5 s\u00f8ke om <a href=\"https:\/\/ave-eta-canada.com\/no\/send-en-offisiell-canada-eta-foresporsel\/\">eTA<\/a> f\u00f8r avreise.<\/p>\n\n<h2 class=\"wp-block-heading\">Finn arbeid i Canada<\/h2>\n\n<p>N\u00e5r du f\u00f8rst er i Canada, kan du begynne \u00e5 lete etter arbeid innen alle felt. Faktisk har WHP Canada nesten ingen jobbtype eller tidsbegrensninger, i motsetning til andre land.<\/p>\n\n<p>Du m\u00e5 helt sikkert \u00e5pne en bankkonto p\u00e5 stedet for \u00e5 kunne motta l\u00f8nnen din i kanadiske dollar og fullf\u00f8re noen formaliteter.<\/p>\n\n<p>Du har ogs\u00e5 muligheten til \u00e5 vende deg til internasjonal frivillighet ved \u00e5 bli med i programmer som Helpx eller Wwoofing, for \u00e5 oppdage verden av \u00f8kologisk landbruk, mens du blir matet og plassert.<\/p>\n\n<p>Canada blir sett p\u00e5 som et El Dorado av unge fagfolk. Selv om arbeidsmarkedet der er dynamisk, vil du fortsatt m\u00e5tte anstrenge deg for \u00e5 finne en jobb i Canada og tilpasse deg et nytt milj\u00f8, fordi konkurransen er hard mellom pvtists. Ikke glem \u00e5 endre curriculum vitae til kanadiske standarder for mer effektivitet.<\/p>\n\n<p>Attester fra folk som har benyttet seg av dette programmet er stort sett positive. \u00c5 oppdage en ny kultur og komme ut av komfortsonen kan bare v\u00e6re fordelaktig for en persons utvikling.<\/p>\n\n<p>En slik opplevelse kan til og med f\u00f8re til at du revurderer visse valg og hvorfor ikke bli fast bosatt i Canada eller andre steder. Ha en god tur<\/p>\n","protected":false},"excerpt":{"rendered":"<p>WHP Canada: Tillatelse til \u00e5 reise til Canada For et opphold p\u00e5 mindre enn 6 m\u00e5neder i Canada : Du kan utf\u00f8re formalitetene for \u00e5 komme inn i Canada direkte via Internett ved \u00e5 klikke p\u00e5 nettskjemaet. Det er ikke n\u00f8dvendig \u00e5 f\u00e5 time ved den kanadiske ambassaden eller konsulatet. Dr\u00f8mmer du om \u00e5 oppdage [&hellip;]<\/p>\n","protected":false},"author":1,"featured_media":0,"parent":0,"menu_order":0,"comment_status":"closed","ping_status":"closed","template":"","meta":{"footnotes":""},"class_list":["post-4218","page","type-page","status-publish","hentry"],"yoast_head":"<!-- This site is optimized with the Yoast SEO plugin v26.9 - https:\/\/yoast.com\/product\/yoast-seo-wordpress\/ -->\n<title>WHP Canada: hvordan f\u00e5r du arbeidsferietillatelsen din?<\/title>\n<meta name=\"description\" content=\"G\u00e5 som en del av WHP Canada-programmet for \u00e5 utforske dette praktfulle landet mens du har muligheten til \u00e5 finansiere reisen din ved \u00e5 jobbe.\" \/>\n<meta name=\"robots\" content=\"index, follow, max-snippet:-1, max-image-preview:large, max-video-preview:-1\" \/>\n<link rel=\"canonical\" href=\"https:\/\/ave-eta-canada.com\/no\/pvt-canada-hvordan-fa-din-arbeidsferie-tillatelse\/\" \/>\n<meta property=\"og:locale\" content=\"nb_NO\" \/>\n<meta property=\"og:type\" content=\"article\" \/>\n<meta property=\"og:title\" content=\"WHP Canada: hvordan f\u00e5r du arbeidsferietillatelsen din?\" \/>\n<meta property=\"og:description\" content=\"G\u00e5 som en del av WHP Canada-programmet for \u00e5 utforske dette praktfulle landet mens du har muligheten til \u00e5 finansiere reisen din ved \u00e5 jobbe.\" \/>\n<meta property=\"og:url\" content=\"https:\/\/ave-eta-canada.com\/no\/pvt-canada-hvordan-fa-din-arbeidsferie-tillatelse\/\" \/>\n<meta property=\"og:site_name\" content=\"VISA CANADA\" \/>\n<meta property=\"article:modified_time\" content=\"2023-05-01T11:57:14+00:00\" \/>\n<meta name=\"twitter:card\" content=\"summary_large_image\" \/>\n<meta name=\"twitter:label1\" content=\"Ansl. lesetid\" \/>\n\t<meta name=\"twitter:data1\" content=\"5 minutter\" \/>\n<script type=\"application\/ld+json\" class=\"yoast-schema-graph\">{\"@context\":\"https:\/\/schema.org\",\"@graph\":[{\"@type\":\"WebPage\",\"@id\":\"https:\/\/ave-eta-canada.com\/no\/pvt-canada-hvordan-fa-din-arbeidsferie-tillatelse\/\",\"url\":\"https:\/\/ave-eta-canada.com\/no\/pvt-canada-hvordan-fa-din-arbeidsferie-tillatelse\/\",\"name\":\"WHP Canada: hvordan f\u00e5r du arbeidsferietillatelsen din?\",\"isPartOf\":{\"@id\":\"https:\/\/ave-eta-canada.com\/no\/#website\"},\"datePublished\":\"2023-04-18T14:41:48+00:00\",\"dateModified\":\"2023-05-01T11:57:14+00:00\",\"description\":\"G\u00e5 som en del av WHP Canada-programmet for \u00e5 utforske dette praktfulle landet mens du har muligheten til \u00e5 finansiere reisen din ved \u00e5 jobbe.\",\"breadcrumb\":{\"@id\":\"https:\/\/ave-eta-canada.com\/no\/pvt-canada-hvordan-fa-din-arbeidsferie-tillatelse\/#breadcrumb\"},\"inLanguage\":\"nb-NO\",\"potentialAction\":[{\"@type\":\"ReadAction\",\"target\":[\"https:\/\/ave-eta-canada.com\/no\/pvt-canada-hvordan-fa-din-arbeidsferie-tillatelse\/\"]}]},{\"@type\":\"BreadcrumbList\",\"@id\":\"https:\/\/ave-eta-canada.com\/no\/pvt-canada-hvordan-fa-din-arbeidsferie-tillatelse\/#breadcrumb\",\"itemListElement\":[{\"@type\":\"ListItem\",\"position\":1,\"name\":\"Home\",\"item\":\"https:\/\/ave-eta-canada.com\/no\/\"},{\"@type\":\"ListItem\",\"position\":2,\"name\":\"WHP Canada: hvordan f\u00e5r du arbeidsferietillatelsen din?\"}]},{\"@type\":\"WebSite\",\"@id\":\"https:\/\/ave-eta-canada.com\/no\/#website\",\"url\":\"https:\/\/ave-eta-canada.com\/no\/\",\"name\":\"VISA CANADA\",\"description\":\"Autorisation Voyage Electronique\",\"potentialAction\":[{\"@type\":\"SearchAction\",\"target\":{\"@type\":\"EntryPoint\",\"urlTemplate\":\"https:\/\/ave-eta-canada.com\/no\/?s={search_term_string}\"},\"query-input\":{\"@type\":\"PropertyValueSpecification\",\"valueRequired\":true,\"valueName\":\"search_term_string\"}}],\"inLanguage\":\"nb-NO\"}]}<\/script>\n<!-- \/ Yoast SEO plugin. -->","yoast_head_json":{"title":"WHP Canada: hvordan f\u00e5r du arbeidsferietillatelsen din?","description":"G\u00e5 som en del av WHP Canada-programmet for \u00e5 utforske dette praktfulle landet mens du har muligheten til \u00e5 finansiere reisen din ved \u00e5 jobbe.","robots":{"index":"index","follow":"follow","max-snippet":"max-snippet:-1","max-image-preview":"max-image-preview:large","max-video-preview":"max-video-preview:-1"},"canonical":"https:\/\/ave-eta-canada.com\/no\/pvt-canada-hvordan-fa-din-arbeidsferie-tillatelse\/","og_locale":"nb_NO","og_type":"article","og_title":"WHP Canada: hvordan f\u00e5r du arbeidsferietillatelsen din?","og_description":"G\u00e5 som en del av WHP Canada-programmet for \u00e5 utforske dette praktfulle landet mens du har muligheten til \u00e5 finansiere reisen din ved \u00e5 jobbe.","og_url":"https:\/\/ave-eta-canada.com\/no\/pvt-canada-hvordan-fa-din-arbeidsferie-tillatelse\/","og_site_name":"VISA CANADA","article_modified_time":"2023-05-01T11:57:14+00:00","twitter_card":"summary_large_image","twitter_misc":{"Ansl. lesetid":"5 minutter"},"schema":{"@context":"https:\/\/schema.org","@graph":[{"@type":"WebPage","@id":"https:\/\/ave-eta-canada.com\/no\/pvt-canada-hvordan-fa-din-arbeidsferie-tillatelse\/","url":"https:\/\/ave-eta-canada.com\/no\/pvt-canada-hvordan-fa-din-arbeidsferie-tillatelse\/","name":"WHP Canada: hvordan f\u00e5r du arbeidsferietillatelsen din?","isPartOf":{"@id":"https:\/\/ave-eta-canada.com\/no\/#website"},"datePublished":"2023-04-18T14:41:48+00:00","dateModified":"2023-05-01T11:57:14+00:00","description":"G\u00e5 som en del av WHP Canada-programmet for \u00e5 utforske dette praktfulle landet mens du har muligheten til \u00e5 finansiere reisen din ved \u00e5 jobbe.","breadcrumb":{"@id":"https:\/\/ave-eta-canada.com\/no\/pvt-canada-hvordan-fa-din-arbeidsferie-tillatelse\/#breadcrumb"},"inLanguage":"nb-NO","potentialAction":[{"@type":"ReadAction","target":["https:\/\/ave-eta-canada.com\/no\/pvt-canada-hvordan-fa-din-arbeidsferie-tillatelse\/"]}]},{"@type":"BreadcrumbList","@id":"https:\/\/ave-eta-canada.com\/no\/pvt-canada-hvordan-fa-din-arbeidsferie-tillatelse\/#breadcrumb","itemListElement":[{"@type":"ListItem","position":1,"name":"Home","item":"https:\/\/ave-eta-canada.com\/no\/"},{"@type":"ListItem","position":2,"name":"WHP Canada: hvordan f\u00e5r du arbeidsferietillatelsen din?"}]},{"@type":"WebSite","@id":"https:\/\/ave-eta-canada.com\/no\/#website","url":"https:\/\/ave-eta-canada.com\/no\/","name":"VISA CANADA","description":"Autorisation Voyage Electronique","potentialAction":[{"@type":"SearchAction","target":{"@type":"EntryPoint","urlTemplate":"https:\/\/ave-eta-canada.com\/no\/?s={search_term_string}"},"query-input":{"@type":"PropertyValueSpecification","valueRequired":true,"valueName":"search_term_string"}}],"inLanguage":"nb-NO"}]}},"_links":{"self":[{"href":"https:\/\/ave-eta-canada.com\/no\/wp-json\/wp\/v2\/pages\/4218","targetHints":{"allow":["GET"]}}],"collection":[{"href":"https:\/\/ave-eta-canada.com\/no\/wp-json\/wp\/v2\/pages"}],"about":[{"href":"https:\/\/ave-eta-canada.com\/no\/wp-json\/wp\/v2\/types\/page"}],"author":[{"embeddable":true,"href":"https:\/\/ave-eta-canada.com\/no\/wp-json\/wp\/v2\/users\/1"}],"replies":[{"embeddable":true,"href":"https:\/\/ave-eta-canada.com\/no\/wp-json\/wp\/v2\/comments?post=4218"}],"version-history":[{"count":0,"href":"https:\/\/ave-eta-canada.com\/no\/wp-json\/wp\/v2\/pages\/4218\/revisions"}],"wp:attachment":[{"href":"https:\/\/ave-eta-canada.com\/no\/wp-json\/wp\/v2\/media?parent=4218"}],"curies":[{"name":"wp","href":"https:\/\/api.w.org\/{rel}","templated":true}]}}