{"id":4229,"date":"2023-04-18T14:41:49","date_gmt":"2023-04-18T14:41:49","guid":{"rendered":"https:\/\/ave-eta-canada.com\/faq-ave-eta-canada-svarene-pa-dine-sporsmal\/"},"modified":"2023-04-29T10:09:22","modified_gmt":"2023-04-29T10:09:22","slug":"faq-eta-canada-svarene-pa-dine-sporsmal","status":"publish","type":"page","link":"https:\/\/ave-eta-canada.com\/no\/faq-eta-canada-svarene-pa-dine-sporsmal\/","title":{"rendered":"Canada eTA vanlige sp\u00f8rsm\u00e5l | Svarene p\u00e5 sp\u00f8rsm\u00e5lene dine"},"content":{"rendered":"\n<h1 class=\"wp-block-heading\">Svarene p\u00e5 sp\u00f8rsm\u00e5lene dine<\/h1>\n\n<p>Finn i disse vanlige sp\u00f8rsm\u00e5lene all viktig informasjon om <a href=\"https:\/\/ave-eta-canada.com\/no\/nyhetene-angaende-eta\/\">eTA Canada<\/a> . Du vil v\u00e6re i stand til \u00e5 dra rolig i l\u00f8nnens land!<\/p>\n\n<h2 class=\"wp-block-heading\">Hva er en Canada eTA?<\/h2>\n\n<p>Utstedt av den kanadiske regjeringen, eTA (Electronic Travel Authorization) er et <a href=\"https:\/\/ave-eta-canada.com\/no\/fyll-ut-av-skjemaet-for-canada\/\">offisielt skjema<\/a> som lar reisende reise til kanadisk territorium.<\/p>\n\n<h2 class=\"wp-block-heading\">Hva er forskjellen mellom en AVE og en eTA?<\/h2>\n\n<p>Ingen. AVE og eTA beskriver den samme reisetillatelsen. AVE er akronymet p\u00e5 fransk mens eTA er akronymet p\u00e5 engelsk.<\/p>\n\n<h2 class=\"wp-block-heading\">Hvem er eTA-reisetillatelsen beregnet p\u00e5?<\/h2>\n\n<p><a href=\"https:\/\/ave-eta-canada.com\/no\/\">eTA Canada-reisetillatelsen<\/a> retter seg mot alle statsborgere fra medlemslandene i visumfritaksprogrammet som \u00f8nsker \u00e5 oppholde seg maksimalt 6 m\u00e5neder i Canada. I tillegg gis eTA-autorisasjonen kun for turistopphold, forretningsreiser eller transitt med fly.<\/p>\n\n<p>V\u00e6r oppmerksom p\u00e5 at personer som reiser gjennom USA f\u00f8r de returnerer til kanadisk territorium, m\u00e5 s\u00f8ke om en ESTA-godkjenning fra amerikanske myndigheter i tillegg til eTA-s\u00f8knaden.<\/p>\n\n<h2 class=\"wp-block-heading\">Hva trenger jeg for \u00e5 s\u00f8ke om eTA online?<\/h2>\n\n<p>Den elektroniske foresp\u00f8rselen krever at et skjema fylles ut. Her er det du trenger:<\/p>\n\n<ul class=\"wp-block-list\"><li>et gyldig pass;<\/li><li>et kredittkort eller debetkort (Visa, MasterCard, American Express, JCB, UnionPay);<\/li><li>en gyldig e-postadresse.<\/li><\/ul>\n\n<h2 class=\"wp-block-heading\">M\u00e5 jeg betale for \u00e5 s\u00f8ke om Canada eTA?<\/h2>\n\n<p>Den grunnleggende <a href=\"https:\/\/ave-eta-canada.com\/no\/eta-canada-dens-pris\/\">eTA-s\u00f8knadsavgiften<\/a> er CAN$7. Ekstra kostnader kan komme i tillegg hvis du abonnerer p\u00e5 tilleggstjenester (online assistanse, verifisering av informasjon, etc.). V\u00e6r oppmerksom p\u00e5 at eTA forblir mye mer tilgjengelig enn visumet, hvor kostnadene varierer mellom CAN$100 og CAN$200.<\/p>\n\n<h2 class=\"wp-block-heading\">Hva er forskjellen mellom en eTA og et visum?<\/h2>\n\n<p>eTA lar deg bo i Canada i maksimalt 6 m\u00e5neder, men den gjelder kun for turister, forretningsreisende og personer p\u00e5 gjennomreise. Hvis du \u00f8nsker \u00e5 bli lenger, studere eller jobbe der, m\u00e5 du s\u00f8ke om visum fra konsul\u00e6re myndigheter.<\/p>\n\n<h2 class=\"wp-block-heading\">Hvor lenge kan jeg bruke min eTA?<\/h2>\n\n<p>Tillatelsen til \u00e5 reise til Canada er gyldig i fem \u00e5r fra utstedelsesdatoen for dokumentet, forutsatt at du har et gyldig pass. Hvis det er aktuelt, opph\u00f8rer autorisasjonen fra passets utl\u00f8psdato.<\/p>\n\n<h2 class=\"wp-block-heading\">Hvilken informasjon ber meg om p\u00e5 eTA-skjemaet?<\/h2>\n\n<p>F\u00f8rst m\u00e5 den reisende angi sin sivilstatus (etternavn, fornavn, f\u00f8dselsdato og f\u00f8dselssted osv.), samt dataene om passet hans. I etterkant av dette stilles ulike sp\u00f8rsm\u00e5l om helsetilstand eller juridisk fortid. Til slutt vil det v\u00e6re n\u00f8dvendig \u00e5 fylle inn bankopplysningene dine for \u00e5 betale gebyrene knyttet til nettforesp\u00f8rselen med betalingskort.<\/p>\n\n<h2 class=\"wp-block-heading\">Hvilke svar kan jeg f\u00e5 etter at skjemaet er sendt?<\/h2>\n\n<p>Det er tre typer mulige svar:<\/p>\n\n<ul class=\"wp-block-list\"><li>&laquo;autorisasjon gitt&raquo;, du er offisielt autorisert til \u00e5 reise til Canada;<\/li><li>&laquo;autorisasjon venter&raquo;, foresp\u00f8rselen behandles, et svar gis vanligvis innen noen f\u00e5 dager;<\/li><li>&laquo;autorisasjon ikke gitt&raquo;, er det umulig for deg \u00e5 reise til Canada ved \u00e5 bruke eTA. Det er imidlertid ingenting som hindrer deg i \u00e5 s\u00f8ke om visum.<\/li><\/ul>\n\n<h2 class=\"wp-block-heading\">Hvor lang tid tar det \u00e5 motta min eTA?<\/h2>\n\n<p>Sv\u00e6rt ofte sendes et nesten \u00f8yeblikkelig svar etter at skjemaet er sendt. Hvis dette ikke er tilfelle, vil du bli kontaktet uansett innen 72 timer, forutsatt at du har en gyldig e-postadresse.<\/p>\n\n<h2 class=\"wp-block-heading\">Min eTA-s\u00f8knad har blitt avvist, hva kan jeg gj\u00f8re?<\/h2>\n\n<p>Hvis kanadiske myndigheter nekter \u00e5 gi deg reisetillatelse, kan du fortsatt s\u00f8ke om visum ved den kanadiske ambassaden eller det kanadiske konsulatet.<\/p>\n\n<h2 class=\"wp-block-heading\">M\u00e5 jeg s\u00f8ke om eTA hvis jeg allerede har visum?<\/h2>\n\n<p>Det er ikke n\u00f8dvendig \u00e5 s\u00f8ke om eTA hvis du allerede har et gyldig kanadisk visum.<\/p>\n\n<h2 class=\"wp-block-heading\">M\u00e5 jeg s\u00f8ke om en ny eTA hver gang jeg reiser til Canada?<\/h2>\n\n<p><a href=\"https:\/\/ave-eta-canada.com\/no\/hva-er-eta-canada\/\">eTA en er gyldig i 5 \u00e5r<\/a>, noe som betyr at du kan reise til Canada s\u00e5 mange ganger du vil i denne perioden. V\u00e6r forsiktig med \u00e5 respektere den maksimale lovlige varigheten p\u00e5 6 m\u00e5neder. S\u00f8rg for at passet ditt fortsatt er gyldig.<\/p>\n\n<h2 class=\"wp-block-heading\">Kan jeg sende en gruppeforesp\u00f8rsel om en eTA?<\/h2>\n\n<p>Det er ikke mulig \u00e5 lage en gruppeforesp\u00f8rsel. Du m\u00e5 s\u00f8ke individuelt, fylle ut hver enkelts personopplysninger og betale behandlingsgebyret for hver person.<\/p>\n\n<h2 class=\"wp-block-heading\">Er jeg autorisert til \u00e5 g\u00e5 inn p\u00e5 kanadisk territorium hvis jeg har en eTA?<\/h2>\n\n<p>eTA gir deg tillatelse til \u00e5 reise til Canada med fly. Imidlertid er det bare kanadiske toll- og immigrasjonstjenester som er autorisert til \u00e5 godkjenne din innreise til kanadisk jord.<\/p>\n\n<h2 class=\"wp-block-heading\">Kan jeg endre informasjonen min etter \u00e5 ha sendt inn skjemaet?<\/h2>\n\n<p>Hvis du har lagt merke til en <a href=\"https:\/\/ave-eta-canada.com\/no\/hvordan-endre-en-eta-autorisasjon-for-canada\/\">feil i eTA-skjemaet<\/a> eller informasjonen i passet ditt har endret seg, v\u00e6r oppmerksom p\u00e5 at ingen endring er mulig. Det vil da v\u00e6re n\u00f8dvendig \u00e5 g\u00e5 videre med en ny foresp\u00f8rsel ved \u00e5 kommunisere riktig informasjon.<\/p>\n\n<h2 class=\"wp-block-heading\">M\u00e5 jeg skrive ut en papirversjon av min eTA f\u00f8r ombordstigning?<\/h2>\n\n<p>eTA er elektronisk knyttet til passet ditt. S\u00e5 du trenger ikke skrive ut e-postbekreftelsen.<\/p>\n\n<h2 class=\"wp-block-heading\">Jeg byttet pass, er eTA en min fortsatt gyldig?<\/h2>\n\n<p>Den personlige informasjonen i passet ditt m\u00e5 v\u00e6re strengt identisk med informasjonen som er gitt p\u00e5 nettskjemaet. Ved fornyelse av pass etter at du har f\u00e5tt din eTA, har du ikke noe annet valg enn \u00e5 lage en ny eTA-s\u00f8knad.<\/p>\n\n<p>Finner du fortsatt ikke svaret p\u00e5 et sp\u00f8rsm\u00e5l? For \u00e5 g\u00e5 enda lenger, inviterer vi deg til \u00e5 se hjelpeseksjonen og <a href=\"https:\/\/ave-eta-canada.com\/no\/ordliste-alle-definisjoner-rundt-eta-canada\/\">ordlistesiden<\/a>.<\/p>\n","protected":false},"excerpt":{"rendered":"<p>Svarene p\u00e5 sp\u00f8rsm\u00e5lene dine Finn i disse vanlige sp\u00f8rsm\u00e5lene all viktig informasjon om eTA Canada . Du vil v\u00e6re i stand til \u00e5 dra rolig i l\u00f8nnens land! Hva er en Canada eTA? Utstedt av den kanadiske regjeringen, eTA (Electronic Travel Authorization) er et offisielt skjema som lar reisende reise til kanadisk territorium. Hva er [&hellip;]<\/p>\n","protected":false},"author":1,"featured_media":0,"parent":0,"menu_order":0,"comment_status":"closed","ping_status":"closed","template":"","meta":{"footnotes":""},"class_list":["post-4229","page","type-page","status-publish","hentry"],"yoast_head":"<!-- This site is optimized with the Yoast SEO plugin v26.9 - https:\/\/yoast.com\/product\/yoast-seo-wordpress\/ -->\n<title>Canada eTA vanlige sp\u00f8rsm\u00e5l | Svarene p\u00e5 sp\u00f8rsm\u00e5lene dine<\/title>\n<meta name=\"description\" content=\"Alt du trenger \u00e5 vite om eTA-reisegodkjenningen som er avgj\u00f8rende for \u00e5 reise til Canada. Vi svarer p\u00e5 alle sp\u00f8rsm\u00e5lene dine\" \/>\n<meta name=\"robots\" content=\"index, follow, max-snippet:-1, max-image-preview:large, max-video-preview:-1\" \/>\n<link rel=\"canonical\" href=\"https:\/\/ave-eta-canada.com\/no\/faq-eta-canada-svarene-pa-dine-sporsmal\/\" \/>\n<meta property=\"og:locale\" content=\"nb_NO\" \/>\n<meta property=\"og:type\" content=\"article\" \/>\n<meta property=\"og:title\" content=\"Canada eTA vanlige sp\u00f8rsm\u00e5l | Svarene p\u00e5 sp\u00f8rsm\u00e5lene dine\" \/>\n<meta property=\"og:description\" content=\"Alt du trenger \u00e5 vite om eTA-reisegodkjenningen som er avgj\u00f8rende for \u00e5 reise til Canada. Vi svarer p\u00e5 alle sp\u00f8rsm\u00e5lene dine\" \/>\n<meta property=\"og:url\" content=\"https:\/\/ave-eta-canada.com\/no\/faq-eta-canada-svarene-pa-dine-sporsmal\/\" \/>\n<meta property=\"og:site_name\" content=\"VISA CANADA\" \/>\n<meta property=\"article:modified_time\" content=\"2023-04-29T10:09:22+00:00\" \/>\n<meta name=\"twitter:card\" content=\"summary_large_image\" \/>\n<meta name=\"twitter:label1\" content=\"Ansl. lesetid\" \/>\n\t<meta name=\"twitter:data1\" content=\"4 minutter\" \/>\n<script type=\"application\/ld+json\" class=\"yoast-schema-graph\">{\"@context\":\"https:\/\/schema.org\",\"@graph\":[{\"@type\":\"WebPage\",\"@id\":\"https:\/\/ave-eta-canada.com\/no\/faq-eta-canada-svarene-pa-dine-sporsmal\/\",\"url\":\"https:\/\/ave-eta-canada.com\/no\/faq-eta-canada-svarene-pa-dine-sporsmal\/\",\"name\":\"Canada eTA vanlige sp\u00f8rsm\u00e5l | Svarene p\u00e5 sp\u00f8rsm\u00e5lene dine\",\"isPartOf\":{\"@id\":\"https:\/\/ave-eta-canada.com\/no\/#website\"},\"datePublished\":\"2023-04-18T14:41:49+00:00\",\"dateModified\":\"2023-04-29T10:09:22+00:00\",\"description\":\"Alt du trenger \u00e5 vite om eTA-reisegodkjenningen som er avgj\u00f8rende for \u00e5 reise til Canada. Vi svarer p\u00e5 alle sp\u00f8rsm\u00e5lene dine\",\"breadcrumb\":{\"@id\":\"https:\/\/ave-eta-canada.com\/no\/faq-eta-canada-svarene-pa-dine-sporsmal\/#breadcrumb\"},\"inLanguage\":\"nb-NO\",\"potentialAction\":[{\"@type\":\"ReadAction\",\"target\":[\"https:\/\/ave-eta-canada.com\/no\/faq-eta-canada-svarene-pa-dine-sporsmal\/\"]}]},{\"@type\":\"BreadcrumbList\",\"@id\":\"https:\/\/ave-eta-canada.com\/no\/faq-eta-canada-svarene-pa-dine-sporsmal\/#breadcrumb\",\"itemListElement\":[{\"@type\":\"ListItem\",\"position\":1,\"name\":\"Home\",\"item\":\"https:\/\/ave-eta-canada.com\/no\/\"},{\"@type\":\"ListItem\",\"position\":2,\"name\":\"Canada eTA vanlige sp\u00f8rsm\u00e5l | Svarene p\u00e5 sp\u00f8rsm\u00e5lene dine\"}]},{\"@type\":\"WebSite\",\"@id\":\"https:\/\/ave-eta-canada.com\/no\/#website\",\"url\":\"https:\/\/ave-eta-canada.com\/no\/\",\"name\":\"VISA CANADA\",\"description\":\"Autorisation Voyage Electronique\",\"potentialAction\":[{\"@type\":\"SearchAction\",\"target\":{\"@type\":\"EntryPoint\",\"urlTemplate\":\"https:\/\/ave-eta-canada.com\/no\/?s={search_term_string}\"},\"query-input\":{\"@type\":\"PropertyValueSpecification\",\"valueRequired\":true,\"valueName\":\"search_term_string\"}}],\"inLanguage\":\"nb-NO\"}]}<\/script>\n<!-- \/ Yoast SEO plugin. -->","yoast_head_json":{"title":"Canada eTA vanlige sp\u00f8rsm\u00e5l | Svarene p\u00e5 sp\u00f8rsm\u00e5lene dine","description":"Alt du trenger \u00e5 vite om eTA-reisegodkjenningen som er avgj\u00f8rende for \u00e5 reise til Canada. Vi svarer p\u00e5 alle sp\u00f8rsm\u00e5lene dine","robots":{"index":"index","follow":"follow","max-snippet":"max-snippet:-1","max-image-preview":"max-image-preview:large","max-video-preview":"max-video-preview:-1"},"canonical":"https:\/\/ave-eta-canada.com\/no\/faq-eta-canada-svarene-pa-dine-sporsmal\/","og_locale":"nb_NO","og_type":"article","og_title":"Canada eTA vanlige sp\u00f8rsm\u00e5l | Svarene p\u00e5 sp\u00f8rsm\u00e5lene dine","og_description":"Alt du trenger \u00e5 vite om eTA-reisegodkjenningen som er avgj\u00f8rende for \u00e5 reise til Canada. Vi svarer p\u00e5 alle sp\u00f8rsm\u00e5lene dine","og_url":"https:\/\/ave-eta-canada.com\/no\/faq-eta-canada-svarene-pa-dine-sporsmal\/","og_site_name":"VISA CANADA","article_modified_time":"2023-04-29T10:09:22+00:00","twitter_card":"summary_large_image","twitter_misc":{"Ansl. lesetid":"4 minutter"},"schema":{"@context":"https:\/\/schema.org","@graph":[{"@type":"WebPage","@id":"https:\/\/ave-eta-canada.com\/no\/faq-eta-canada-svarene-pa-dine-sporsmal\/","url":"https:\/\/ave-eta-canada.com\/no\/faq-eta-canada-svarene-pa-dine-sporsmal\/","name":"Canada eTA vanlige sp\u00f8rsm\u00e5l | Svarene p\u00e5 sp\u00f8rsm\u00e5lene dine","isPartOf":{"@id":"https:\/\/ave-eta-canada.com\/no\/#website"},"datePublished":"2023-04-18T14:41:49+00:00","dateModified":"2023-04-29T10:09:22+00:00","description":"Alt du trenger \u00e5 vite om eTA-reisegodkjenningen som er avgj\u00f8rende for \u00e5 reise til Canada. Vi svarer p\u00e5 alle sp\u00f8rsm\u00e5lene dine","breadcrumb":{"@id":"https:\/\/ave-eta-canada.com\/no\/faq-eta-canada-svarene-pa-dine-sporsmal\/#breadcrumb"},"inLanguage":"nb-NO","potentialAction":[{"@type":"ReadAction","target":["https:\/\/ave-eta-canada.com\/no\/faq-eta-canada-svarene-pa-dine-sporsmal\/"]}]},{"@type":"BreadcrumbList","@id":"https:\/\/ave-eta-canada.com\/no\/faq-eta-canada-svarene-pa-dine-sporsmal\/#breadcrumb","itemListElement":[{"@type":"ListItem","position":1,"name":"Home","item":"https:\/\/ave-eta-canada.com\/no\/"},{"@type":"ListItem","position":2,"name":"Canada eTA vanlige sp\u00f8rsm\u00e5l | Svarene p\u00e5 sp\u00f8rsm\u00e5lene dine"}]},{"@type":"WebSite","@id":"https:\/\/ave-eta-canada.com\/no\/#website","url":"https:\/\/ave-eta-canada.com\/no\/","name":"VISA CANADA","description":"Autorisation Voyage Electronique","potentialAction":[{"@type":"SearchAction","target":{"@type":"EntryPoint","urlTemplate":"https:\/\/ave-eta-canada.com\/no\/?s={search_term_string}"},"query-input":{"@type":"PropertyValueSpecification","valueRequired":true,"valueName":"search_term_string"}}],"inLanguage":"nb-NO"}]}},"_links":{"self":[{"href":"https:\/\/ave-eta-canada.com\/no\/wp-json\/wp\/v2\/pages\/4229","targetHints":{"allow":["GET"]}}],"collection":[{"href":"https:\/\/ave-eta-canada.com\/no\/wp-json\/wp\/v2\/pages"}],"about":[{"href":"https:\/\/ave-eta-canada.com\/no\/wp-json\/wp\/v2\/types\/page"}],"author":[{"embeddable":true,"href":"https:\/\/ave-eta-canada.com\/no\/wp-json\/wp\/v2\/users\/1"}],"replies":[{"embeddable":true,"href":"https:\/\/ave-eta-canada.com\/no\/wp-json\/wp\/v2\/comments?post=4229"}],"version-history":[{"count":0,"href":"https:\/\/ave-eta-canada.com\/no\/wp-json\/wp\/v2\/pages\/4229\/revisions"}],"wp:attachment":[{"href":"https:\/\/ave-eta-canada.com\/no\/wp-json\/wp\/v2\/media?parent=4229"}],"curies":[{"name":"wp","href":"https:\/\/api.w.org\/{rel}","templated":true}]}}