{"id":4244,"date":"2023-04-18T14:41:51","date_gmt":"2023-04-18T14:41:51","guid":{"rendered":"https:\/\/ave-eta-canada.com\/hvordan-fylle-ut-en-av-a-reise-i-canada\/"},"modified":"2023-04-27T21:32:05","modified_gmt":"2023-04-27T21:32:05","slug":"hvordan-fullfore-en-eta-for-a-reise-til-canada","status":"publish","type":"page","link":"https:\/\/ave-eta-canada.com\/no\/hvordan-fullfore-en-eta-for-a-reise-til-canada\/","title":{"rendered":"Hvordan fullf\u00f8re en eTA for \u00e5 reise til Canada"},"content":{"rendered":"\n<h1 class=\"wp-block-heading\">Hvordan fullf\u00f8re en eTA for Canada<\/h1>\n\n<p>Den <a href=\"https:\/\/ave-eta-canada.com\/no\/\">elektroniske reiseautorisasjonen<\/a> eTA lar statsborgere fra land fra det kanadiske visumfritaksprogrammet reise til Canada med fly, og unng\u00e5r tungvinte prosedyrer. Ettersom autorisasjonen er elektronisk, er den knyttet til den reisendes pass.<\/p>\n\n<p><strong>For et opphold p\u00e5 mindre enn 6 m\u00e5neder i Canada<\/strong> : Du kan utf\u00f8re formalitetene for \u00e5 komme inn i Canada direkte via Internett ved \u00e5 klikke p\u00e5 <a href=\"https:\/\/ave-eta-canada.com\/no\/canada-eta-skjema-online\/\">nettskjemaet<\/a>. Det er ikke n\u00f8dvendig \u00e5 f\u00e5 time ved den kanadiske ambassaden eller konsulatet.<br\/><br\/><\/p>\n\n<h2 class=\"wp-block-heading\">Hvorfor m\u00e5 jeg fullf\u00f8re en eTA for Canada?<\/h2>\n\n<p>Tidligere var det obligatorisk \u00e5 s\u00f8ke om Canada-visum for \u00e5 reise dit. Fra n\u00e5 av er det mulig \u00e5 unng\u00e5 disse mange trinnene, det er nok til <a href=\"https:\/\/ave-eta-canada.com\/no\/hvordan-fullfore-en-eta-for-a-reise-til-canada\/\">fullf\u00f8re en eTA<\/a> for \u00e5 f\u00e5 tillatelse til \u00e5 bli i Canada, ogs\u00e5 kjent som<a href=\"https:\/\/ave-eta-canada.com\/no\/hva-er-eta-canada\/\"> eTA (Electronic Travel Authorization).<\/a> Hvis du noen gang har reist til USA, er du sikkert kjent med ESTA (Electronic System for Travel Authorization), som inspirerte etableringen av eTA. F\u00f8r du vet hvordan du fullf\u00f8rer en eTA for \u00e5 reise til Canada, er det viktig \u00e5 finne ut om du er kvalifisert og hva dens rolle er.<\/p>\n\n<h3 class=\"wp-block-heading\">Er eTA tilgjengelig for alle?<\/h3>\n\n<p>I likhet med ESTA-autorisasjonen for USA, m\u00e5 utenlandske statsborgere oppfylle visse betingelser for \u00e5 dra nytte av eTA for \u00e5 reise til Canada.<\/p>\n\n<p>Her er de ulike kvalifikasjonskriteriene:<\/p>\n\n<ul class=\"wp-block-list\"><li>den reisende m\u00e5 v\u00e6re statsborger i et av de kanadiske landene som er fritatt for visum;<\/li><li>turen g\u00e5r med fly;<\/li><li>oppholdet i Canada overstiger ikke seks m\u00e5neder gitt av den kanadiske regjeringen;<\/li><li>den reisende m\u00e5 ikke komme for \u00e5 jobbe eller studere, autorisasjonen tillater kun \u00e5 bes\u00f8ke Canada eller \u00e5 gjennomf\u00f8re en transitt;<\/li><li>den reisende m\u00e5 ha biometrisk pass eller elektronisk pass (gyldig pass, pass p\u00e5 utl\u00f8psdatoen).<\/li><\/ul>\n\n<p>Hvis du ikke oppfyller alle <a href=\"https:\/\/ave-eta-canada.com\/no\/alt-vet-om-av-betingelser-for-reise-i-canada\/\">kravene for eTA<\/a>, kan du ikke fylle ut skjemaet. I denne situasjonen m\u00e5 du s\u00f8ke om visum ved n\u00e6rmeste kanadiske ambassade.<\/p>\n\n<h3 class=\"wp-block-heading\">Hva lar det deg gj\u00f8re?<\/h3>\n\n<p>eTA fungerer ikke p\u00e5 samme m\u00e5te som et visum. Dermed lar autorisasjonen deg g\u00e5 ombord p\u00e5 flyet som skal til Canada, men bare tolleren har makt til \u00e5 la deg g\u00e5 inn i kanadisk jord. Verifikasjonsstadiet utf\u00f8rt av tolleren er avgj\u00f8rende for din innreise til kanadisk territorium. N\u00e5r du har passert grensetjenester, har du da tillatelse til \u00e5 oppholde deg i Canada i maksimalt seks m\u00e5neder.<br\/><br\/><\/p>\n\n<h2 class=\"wp-block-heading\">Fullf\u00f8r eTA online<\/h2>\n\n<p>N\u00e5 som du vet nytten av autorisasjonen og at du har innsett at du er kvalifisert, er alt du trenger \u00e5 gj\u00f8re \u00e5 vite hvordan du fullf\u00f8rer eTA for \u00e5 motta autorisasjonen din s\u00e5 snart som mulig. eTA-sp\u00f8rreskjemaet er basert p\u00e5 samme modell som ESTA-skjemaet. Den reisende har valget mellom \u00e5 fullf\u00f8re en eTA, siden dette er mulig p\u00e5 nettstedet til regjeringen i Canada, men ogs\u00e5 p\u00e5 et privat nettsted som spesialiserer seg p\u00e5 denne autorisasjonsforesp\u00f8rselen. Prisen p\u00e5 online-foresp\u00f8rselen varierer avhengig av valget av bestillingssiden.<\/p>\n\n<h3 class=\"wp-block-heading\">Fullf\u00f8r eTA p\u00e5 et spesialisert nettsted<\/h3>\n\n<p>Du kan fullf\u00f8re eTA p\u00e5 en privat side, for eksempel partneren v\u00e5r, du m\u00e5 ha passet ditt og et betalingskort. N\u00e5r du fyller ut nettskjemaet vil du kun bli bedt om noen f\u00e5 opplysninger, fordi v\u00e5r samarbeidspartner tar seg av alt annet. Et team er ansvarlig for \u00e5 n\u00f8ye sjekke all din personlige informasjon f\u00f8r den overf\u00f8res til myndighetene. <a href=\"https:\/\/ave-eta-canada.com\/no\/fyll-ut-av-skjemaet-for-canada\/\">eTA-skjemaet<\/a> best\u00e5r av f\u00f8lgende felt:<\/p>\n\n<ul class=\"wp-block-list\"><li>antall foresp\u00f8rsler;<\/li><li>typen pass som brukes;<\/li><li>passnummer;<\/li><li>statsborgerskapslandet angitt p\u00e5 identitetsdokumentet;<\/li><li>fornavn ;<\/li><li>Familienavn ;<\/li><li>og en gyldig e-postadresse.<\/li><\/ul>\n\n<p>Du m\u00e5 betale s\u00f8knadsgebyret for \u00e5 validere foresp\u00f8rselen din. Ikke glem \u00e5 se gjennom informasjonen din f\u00f8r dette trinnet, spesielt passnummeret.<\/p>\n\n<h3 class=\"wp-block-heading\">Fullf\u00f8r eTA p\u00e5 den offisielle kanadiske regjeringens nettsted<\/h3>\n\n<p>For \u00e5 s\u00f8ke om en eTA p\u00e5 den kanadiske regjeringens nettsted, m\u00e5 du ha et kredittkort, passet ditt og e-postadressen din.<\/p>\n\n<p>G\u00e5 til den offisielle nettsiden, eTA-applikasjonen er delt opp i flere deler. eTA-skjemaet begynner med s\u00f8kerens personopplysninger (etternavn, fornavn, postadresse, telefonnummer, e-postadresse osv.), deretter m\u00e5 du spesifisere type pass som brukes, utstedelsesland, nasjonalitet samt nummer pass&#8230; Mer informasjon om din profesjonelle situasjon, kontaktinformasjon og reisen din vil ogs\u00e5 bli forespurt. For \u00e5 fullf\u00f8re eTA, er alt du trenger \u00e5 gj\u00f8re \u00e5 svare p\u00e5 noen sp\u00f8rsm\u00e5l om din juridiske og medisinske historie, deretter krysse av i samtykkeboksen og validere filinnsendingen ved \u00e5 betale gebyrene.<br\/><br\/><\/p>\n\n<h2 class=\"wp-block-heading\">Hva skjer etter \u00e5 ha fullf\u00f8rt en eTA-s\u00f8knad?<\/h2>\n\n<p>Du kan motta returen fra kanadiske myndigheter veldig raskt! Noen reisende f\u00e5r faktisk retur etter bare noen f\u00e5 minutter, men det kan ogs\u00e5 ta lengre tid, noen ganger noen dager. Du vil motta en e-post med eTA-nummeret som lar deg <a href=\"https:\/\/ave-eta-canada.com\/no\/hvordan-sjekke-statusen-til-din-eta-canada-applikasjon\/\">sjekke statusen<\/a> i etterkant.<\/p>\n\n<p>Din eTA er gyldig i fem \u00e5r, noe som betyr at du kan reise til Canada flere ganger, uten \u00e5 overstige seks m\u00e5neder p\u00e5 kanadisk territorium. Alle provinsene i Canada er \u00e5pne for deg: Quebec, Ontario, Aberta, British Columbia, etc.<\/p>\n\n<p>Denne fem\u00e5rsregelen gjelder kun hvis du fortsatt har samme pass som da du s\u00f8kte om eTA. Ellers m\u00e5 du fornye din eTA.<\/p>\n\n<p>Greit \u00e5 vite: hvis eTA-foresp\u00f8rselen din har blitt avvist, kan det hende du har gjort en feil i skjemaet, du kan sende en ny foresp\u00f8rsel. Ellers vil det v\u00e6re uunng\u00e5elig \u00e5 f\u00e5 visum fra de konsul\u00e6re tjenestene.<\/p>\n","protected":false},"excerpt":{"rendered":"<p>Hvordan fullf\u00f8re en eTA for Canada Den elektroniske reiseautorisasjonen eTA lar statsborgere fra land fra det kanadiske visumfritaksprogrammet reise til Canada med fly, og unng\u00e5r tungvinte prosedyrer. Ettersom autorisasjonen er elektronisk, er den knyttet til den reisendes pass. For et opphold p\u00e5 mindre enn 6 m\u00e5neder i Canada : Du kan utf\u00f8re formalitetene for \u00e5 [&hellip;]<\/p>\n","protected":false},"author":1,"featured_media":0,"parent":0,"menu_order":0,"comment_status":"closed","ping_status":"closed","template":"","meta":{"footnotes":""},"class_list":["post-4244","page","type-page","status-publish","hentry"],"yoast_head":"<!-- This site is optimized with the Yoast SEO plugin v26.9 - https:\/\/yoast.com\/product\/yoast-seo-wordpress\/ -->\n<title>Hvordan fullf\u00f8re en eTA for \u00e5 reise til Canada<\/title>\n<meta name=\"description\" content=\"Blir din neste tur i Canada? For \u00e5 kunne gjennomf\u00f8re dette oppholdet m\u00e5 du gjennomf\u00f8re en eTA. Finn ut hvordan i denne artikkelen.\" \/>\n<meta name=\"robots\" content=\"index, follow, max-snippet:-1, max-image-preview:large, max-video-preview:-1\" \/>\n<link rel=\"canonical\" href=\"https:\/\/ave-eta-canada.com\/no\/hvordan-fullfore-en-eta-for-a-reise-til-canada\/\" \/>\n<meta property=\"og:locale\" content=\"nb_NO\" \/>\n<meta property=\"og:type\" content=\"article\" \/>\n<meta property=\"og:title\" content=\"Hvordan fullf\u00f8re en eTA for \u00e5 reise til Canada\" \/>\n<meta property=\"og:description\" content=\"Blir din neste tur i Canada? For \u00e5 kunne gjennomf\u00f8re dette oppholdet m\u00e5 du gjennomf\u00f8re en eTA. Finn ut hvordan i denne artikkelen.\" \/>\n<meta property=\"og:url\" content=\"https:\/\/ave-eta-canada.com\/no\/hvordan-fullfore-en-eta-for-a-reise-til-canada\/\" \/>\n<meta property=\"og:site_name\" content=\"VISA CANADA\" \/>\n<meta property=\"article:modified_time\" content=\"2023-04-27T21:32:05+00:00\" \/>\n<meta name=\"twitter:card\" content=\"summary_large_image\" \/>\n<meta name=\"twitter:label1\" content=\"Ansl. lesetid\" \/>\n\t<meta name=\"twitter:data1\" content=\"4 minutter\" \/>\n<script type=\"application\/ld+json\" class=\"yoast-schema-graph\">{\"@context\":\"https:\/\/schema.org\",\"@graph\":[{\"@type\":\"WebPage\",\"@id\":\"https:\/\/ave-eta-canada.com\/no\/hvordan-fullfore-en-eta-for-a-reise-til-canada\/\",\"url\":\"https:\/\/ave-eta-canada.com\/no\/hvordan-fullfore-en-eta-for-a-reise-til-canada\/\",\"name\":\"Hvordan fullf\u00f8re en eTA for \u00e5 reise til Canada\",\"isPartOf\":{\"@id\":\"https:\/\/ave-eta-canada.com\/no\/#website\"},\"datePublished\":\"2023-04-18T14:41:51+00:00\",\"dateModified\":\"2023-04-27T21:32:05+00:00\",\"description\":\"Blir din neste tur i Canada? For \u00e5 kunne gjennomf\u00f8re dette oppholdet m\u00e5 du gjennomf\u00f8re en eTA. Finn ut hvordan i denne artikkelen.\",\"breadcrumb\":{\"@id\":\"https:\/\/ave-eta-canada.com\/no\/hvordan-fullfore-en-eta-for-a-reise-til-canada\/#breadcrumb\"},\"inLanguage\":\"nb-NO\",\"potentialAction\":[{\"@type\":\"ReadAction\",\"target\":[\"https:\/\/ave-eta-canada.com\/no\/hvordan-fullfore-en-eta-for-a-reise-til-canada\/\"]}]},{\"@type\":\"BreadcrumbList\",\"@id\":\"https:\/\/ave-eta-canada.com\/no\/hvordan-fullfore-en-eta-for-a-reise-til-canada\/#breadcrumb\",\"itemListElement\":[{\"@type\":\"ListItem\",\"position\":1,\"name\":\"Home\",\"item\":\"https:\/\/ave-eta-canada.com\/no\/\"},{\"@type\":\"ListItem\",\"position\":2,\"name\":\"Hvordan fullf\u00f8re en eTA for \u00e5 reise til Canada\"}]},{\"@type\":\"WebSite\",\"@id\":\"https:\/\/ave-eta-canada.com\/no\/#website\",\"url\":\"https:\/\/ave-eta-canada.com\/no\/\",\"name\":\"VISA CANADA\",\"description\":\"Autorisation Voyage Electronique\",\"potentialAction\":[{\"@type\":\"SearchAction\",\"target\":{\"@type\":\"EntryPoint\",\"urlTemplate\":\"https:\/\/ave-eta-canada.com\/no\/?s={search_term_string}\"},\"query-input\":{\"@type\":\"PropertyValueSpecification\",\"valueRequired\":true,\"valueName\":\"search_term_string\"}}],\"inLanguage\":\"nb-NO\"}]}<\/script>\n<!-- \/ Yoast SEO plugin. -->","yoast_head_json":{"title":"Hvordan fullf\u00f8re en eTA for \u00e5 reise til Canada","description":"Blir din neste tur i Canada? For \u00e5 kunne gjennomf\u00f8re dette oppholdet m\u00e5 du gjennomf\u00f8re en eTA. Finn ut hvordan i denne artikkelen.","robots":{"index":"index","follow":"follow","max-snippet":"max-snippet:-1","max-image-preview":"max-image-preview:large","max-video-preview":"max-video-preview:-1"},"canonical":"https:\/\/ave-eta-canada.com\/no\/hvordan-fullfore-en-eta-for-a-reise-til-canada\/","og_locale":"nb_NO","og_type":"article","og_title":"Hvordan fullf\u00f8re en eTA for \u00e5 reise til Canada","og_description":"Blir din neste tur i Canada? For \u00e5 kunne gjennomf\u00f8re dette oppholdet m\u00e5 du gjennomf\u00f8re en eTA. Finn ut hvordan i denne artikkelen.","og_url":"https:\/\/ave-eta-canada.com\/no\/hvordan-fullfore-en-eta-for-a-reise-til-canada\/","og_site_name":"VISA CANADA","article_modified_time":"2023-04-27T21:32:05+00:00","twitter_card":"summary_large_image","twitter_misc":{"Ansl. lesetid":"4 minutter"},"schema":{"@context":"https:\/\/schema.org","@graph":[{"@type":"WebPage","@id":"https:\/\/ave-eta-canada.com\/no\/hvordan-fullfore-en-eta-for-a-reise-til-canada\/","url":"https:\/\/ave-eta-canada.com\/no\/hvordan-fullfore-en-eta-for-a-reise-til-canada\/","name":"Hvordan fullf\u00f8re en eTA for \u00e5 reise til Canada","isPartOf":{"@id":"https:\/\/ave-eta-canada.com\/no\/#website"},"datePublished":"2023-04-18T14:41:51+00:00","dateModified":"2023-04-27T21:32:05+00:00","description":"Blir din neste tur i Canada? For \u00e5 kunne gjennomf\u00f8re dette oppholdet m\u00e5 du gjennomf\u00f8re en eTA. Finn ut hvordan i denne artikkelen.","breadcrumb":{"@id":"https:\/\/ave-eta-canada.com\/no\/hvordan-fullfore-en-eta-for-a-reise-til-canada\/#breadcrumb"},"inLanguage":"nb-NO","potentialAction":[{"@type":"ReadAction","target":["https:\/\/ave-eta-canada.com\/no\/hvordan-fullfore-en-eta-for-a-reise-til-canada\/"]}]},{"@type":"BreadcrumbList","@id":"https:\/\/ave-eta-canada.com\/no\/hvordan-fullfore-en-eta-for-a-reise-til-canada\/#breadcrumb","itemListElement":[{"@type":"ListItem","position":1,"name":"Home","item":"https:\/\/ave-eta-canada.com\/no\/"},{"@type":"ListItem","position":2,"name":"Hvordan fullf\u00f8re en eTA for \u00e5 reise til Canada"}]},{"@type":"WebSite","@id":"https:\/\/ave-eta-canada.com\/no\/#website","url":"https:\/\/ave-eta-canada.com\/no\/","name":"VISA CANADA","description":"Autorisation Voyage Electronique","potentialAction":[{"@type":"SearchAction","target":{"@type":"EntryPoint","urlTemplate":"https:\/\/ave-eta-canada.com\/no\/?s={search_term_string}"},"query-input":{"@type":"PropertyValueSpecification","valueRequired":true,"valueName":"search_term_string"}}],"inLanguage":"nb-NO"}]}},"_links":{"self":[{"href":"https:\/\/ave-eta-canada.com\/no\/wp-json\/wp\/v2\/pages\/4244","targetHints":{"allow":["GET"]}}],"collection":[{"href":"https:\/\/ave-eta-canada.com\/no\/wp-json\/wp\/v2\/pages"}],"about":[{"href":"https:\/\/ave-eta-canada.com\/no\/wp-json\/wp\/v2\/types\/page"}],"author":[{"embeddable":true,"href":"https:\/\/ave-eta-canada.com\/no\/wp-json\/wp\/v2\/users\/1"}],"replies":[{"embeddable":true,"href":"https:\/\/ave-eta-canada.com\/no\/wp-json\/wp\/v2\/comments?post=4244"}],"version-history":[{"count":0,"href":"https:\/\/ave-eta-canada.com\/no\/wp-json\/wp\/v2\/pages\/4244\/revisions"}],"wp:attachment":[{"href":"https:\/\/ave-eta-canada.com\/no\/wp-json\/wp\/v2\/media?parent=4244"}],"curies":[{"name":"wp","href":"https:\/\/api.w.org\/{rel}","templated":true}]}}