{"id":4248,"date":"2023-04-18T14:41:52","date_gmt":"2023-04-18T14:41:52","guid":{"rendered":"https:\/\/ave-eta-canada.com\/aktualitet-nyhetene-angaende-lava\/"},"modified":"2023-04-27T20:59:47","modified_gmt":"2023-04-27T20:59:47","slug":"nyhetene-angaende-eta","status":"publish","type":"page","link":"https:\/\/ave-eta-canada.com\/no\/nyhetene-angaende-eta\/","title":{"rendered":"Nyheter | Nyheter om eTA"},"content":{"rendered":"\n<h1 class=\"wp-block-heading\">Nyheter om eTA-autorisasjon og reise til Canada<\/h1>\n\n<p>I denne delen finner du nyheter om det offisielle eTA-dokumentet og aktuelle emner relatert til Canada. Om n\u00f8dvendig for reisen din, oppdag all tilleggsinformasjonen om eTA ved \u00e5 konsultere: <a>hjelpesiden<\/a> , <a>ordlisten<\/a> og de <a>vanlige sp\u00f8rsm\u00e5lene<\/a> .<\/p>\n\n<p><\/p>\n","protected":false},"excerpt":{"rendered":"<p>Nyheter om eTA-autorisasjon og reise til Canada I denne delen finner du nyheter om det offisielle eTA-dokumentet og aktuelle emner relatert til Canada. Om n\u00f8dvendig for reisen din, oppdag all tilleggsinformasjonen om eTA ved \u00e5 konsultere: hjelpesiden , ordlisten og de vanlige sp\u00f8rsm\u00e5lene .<\/p>\n","protected":false},"author":1,"featured_media":0,"parent":0,"menu_order":0,"comment_status":"closed","ping_status":"closed","template":"","meta":{"footnotes":""},"class_list":["post-4248","page","type-page","status-publish","hentry"],"yoast_head":"<!-- This site is optimized with the Yoast SEO plugin v26.9 - https:\/\/yoast.com\/product\/yoast-seo-wordpress\/ -->\n<title>Nyheter | Nyheter om eTA<\/title>\n<meta name=\"description\" content=\"Er du i ferd med \u00e5 reise til Canada med din eTA-autorisasjon? Oppdag alle nyhetene knyttet til reisen din i denne nyhetsseksjonen.\" \/>\n<meta name=\"robots\" content=\"index, follow, max-snippet:-1, max-image-preview:large, max-video-preview:-1\" \/>\n<link rel=\"canonical\" href=\"https:\/\/ave-eta-canada.com\/no\/nyhetene-angaende-eta\/\" \/>\n<meta property=\"og:locale\" content=\"nb_NO\" \/>\n<meta property=\"og:type\" content=\"article\" \/>\n<meta property=\"og:title\" content=\"Nyheter | Nyheter om eTA\" \/>\n<meta property=\"og:description\" content=\"Er du i ferd med \u00e5 reise til Canada med din eTA-autorisasjon? Oppdag alle nyhetene knyttet til reisen din i denne nyhetsseksjonen.\" \/>\n<meta property=\"og:url\" content=\"https:\/\/ave-eta-canada.com\/no\/nyhetene-angaende-eta\/\" \/>\n<meta property=\"og:site_name\" content=\"VISA CANADA\" \/>\n<meta property=\"article:modified_time\" content=\"2023-04-27T20:59:47+00:00\" \/>\n<meta name=\"twitter:card\" content=\"summary_large_image\" \/>\n<script type=\"application\/ld+json\" class=\"yoast-schema-graph\">{\"@context\":\"https:\/\/schema.org\",\"@graph\":[{\"@type\":\"WebPage\",\"@id\":\"https:\/\/ave-eta-canada.com\/no\/nyhetene-angaende-eta\/\",\"url\":\"https:\/\/ave-eta-canada.com\/no\/nyhetene-angaende-eta\/\",\"name\":\"Nyheter | Nyheter om eTA\",\"isPartOf\":{\"@id\":\"https:\/\/ave-eta-canada.com\/no\/#website\"},\"datePublished\":\"2023-04-18T14:41:52+00:00\",\"dateModified\":\"2023-04-27T20:59:47+00:00\",\"description\":\"Er du i ferd med \u00e5 reise til Canada med din eTA-autorisasjon? Oppdag alle nyhetene knyttet til reisen din i denne nyhetsseksjonen.\",\"breadcrumb\":{\"@id\":\"https:\/\/ave-eta-canada.com\/no\/nyhetene-angaende-eta\/#breadcrumb\"},\"inLanguage\":\"nb-NO\",\"potentialAction\":[{\"@type\":\"ReadAction\",\"target\":[\"https:\/\/ave-eta-canada.com\/no\/nyhetene-angaende-eta\/\"]}]},{\"@type\":\"BreadcrumbList\",\"@id\":\"https:\/\/ave-eta-canada.com\/no\/nyhetene-angaende-eta\/#breadcrumb\",\"itemListElement\":[{\"@type\":\"ListItem\",\"position\":1,\"name\":\"Home\",\"item\":\"https:\/\/ave-eta-canada.com\/no\/\"},{\"@type\":\"ListItem\",\"position\":2,\"name\":\"Nyheter | Nyheter om eTA\"}]},{\"@type\":\"WebSite\",\"@id\":\"https:\/\/ave-eta-canada.com\/no\/#website\",\"url\":\"https:\/\/ave-eta-canada.com\/no\/\",\"name\":\"VISA CANADA\",\"description\":\"Autorisation Voyage Electronique\",\"potentialAction\":[{\"@type\":\"SearchAction\",\"target\":{\"@type\":\"EntryPoint\",\"urlTemplate\":\"https:\/\/ave-eta-canada.com\/no\/?s={search_term_string}\"},\"query-input\":{\"@type\":\"PropertyValueSpecification\",\"valueRequired\":true,\"valueName\":\"search_term_string\"}}],\"inLanguage\":\"nb-NO\"}]}<\/script>\n<!-- \/ Yoast SEO plugin. -->","yoast_head_json":{"title":"Nyheter | Nyheter om eTA","description":"Er du i ferd med \u00e5 reise til Canada med din eTA-autorisasjon? Oppdag alle nyhetene knyttet til reisen din i denne nyhetsseksjonen.","robots":{"index":"index","follow":"follow","max-snippet":"max-snippet:-1","max-image-preview":"max-image-preview:large","max-video-preview":"max-video-preview:-1"},"canonical":"https:\/\/ave-eta-canada.com\/no\/nyhetene-angaende-eta\/","og_locale":"nb_NO","og_type":"article","og_title":"Nyheter | Nyheter om eTA","og_description":"Er du i ferd med \u00e5 reise til Canada med din eTA-autorisasjon? Oppdag alle nyhetene knyttet til reisen din i denne nyhetsseksjonen.","og_url":"https:\/\/ave-eta-canada.com\/no\/nyhetene-angaende-eta\/","og_site_name":"VISA CANADA","article_modified_time":"2023-04-27T20:59:47+00:00","twitter_card":"summary_large_image","schema":{"@context":"https:\/\/schema.org","@graph":[{"@type":"WebPage","@id":"https:\/\/ave-eta-canada.com\/no\/nyhetene-angaende-eta\/","url":"https:\/\/ave-eta-canada.com\/no\/nyhetene-angaende-eta\/","name":"Nyheter | Nyheter om eTA","isPartOf":{"@id":"https:\/\/ave-eta-canada.com\/no\/#website"},"datePublished":"2023-04-18T14:41:52+00:00","dateModified":"2023-04-27T20:59:47+00:00","description":"Er du i ferd med \u00e5 reise til Canada med din eTA-autorisasjon? Oppdag alle nyhetene knyttet til reisen din i denne nyhetsseksjonen.","breadcrumb":{"@id":"https:\/\/ave-eta-canada.com\/no\/nyhetene-angaende-eta\/#breadcrumb"},"inLanguage":"nb-NO","potentialAction":[{"@type":"ReadAction","target":["https:\/\/ave-eta-canada.com\/no\/nyhetene-angaende-eta\/"]}]},{"@type":"BreadcrumbList","@id":"https:\/\/ave-eta-canada.com\/no\/nyhetene-angaende-eta\/#breadcrumb","itemListElement":[{"@type":"ListItem","position":1,"name":"Home","item":"https:\/\/ave-eta-canada.com\/no\/"},{"@type":"ListItem","position":2,"name":"Nyheter | Nyheter om eTA"}]},{"@type":"WebSite","@id":"https:\/\/ave-eta-canada.com\/no\/#website","url":"https:\/\/ave-eta-canada.com\/no\/","name":"VISA CANADA","description":"Autorisation Voyage Electronique","potentialAction":[{"@type":"SearchAction","target":{"@type":"EntryPoint","urlTemplate":"https:\/\/ave-eta-canada.com\/no\/?s={search_term_string}"},"query-input":{"@type":"PropertyValueSpecification","valueRequired":true,"valueName":"search_term_string"}}],"inLanguage":"nb-NO"}]}},"_links":{"self":[{"href":"https:\/\/ave-eta-canada.com\/no\/wp-json\/wp\/v2\/pages\/4248","targetHints":{"allow":["GET"]}}],"collection":[{"href":"https:\/\/ave-eta-canada.com\/no\/wp-json\/wp\/v2\/pages"}],"about":[{"href":"https:\/\/ave-eta-canada.com\/no\/wp-json\/wp\/v2\/types\/page"}],"author":[{"embeddable":true,"href":"https:\/\/ave-eta-canada.com\/no\/wp-json\/wp\/v2\/users\/1"}],"replies":[{"embeddable":true,"href":"https:\/\/ave-eta-canada.com\/no\/wp-json\/wp\/v2\/comments?post=4248"}],"version-history":[{"count":0,"href":"https:\/\/ave-eta-canada.com\/no\/wp-json\/wp\/v2\/pages\/4248\/revisions"}],"wp:attachment":[{"href":"https:\/\/ave-eta-canada.com\/no\/wp-json\/wp\/v2\/media?parent=4248"}],"curies":[{"name":"wp","href":"https:\/\/api.w.org\/{rel}","templated":true}]}}