{"id":4271,"date":"2023-04-18T14:41:55","date_gmt":"2023-04-18T14:41:55","guid":{"rendered":"https:\/\/ave-eta-canada.com\/ordliste-alle-definisjoner-rundt-lave-canada\/"},"modified":"2023-05-01T11:43:20","modified_gmt":"2023-05-01T11:43:20","slug":"ordliste-alle-definisjoner-rundt-eta-canada","status":"publish","type":"page","link":"https:\/\/ave-eta-canada.com\/no\/ordliste-alle-definisjoner-rundt-eta-canada\/","title":{"rendered":"Ordliste | Alle Canada eTA-definisjoner"},"content":{"rendered":"\n<h1 class=\"wp-block-heading\">Canada eTA, nyttige definisjoner<\/h1>\n\n<p>Vil du bestille en eTA (Electronic Travel Authorization) for \u00e5 reise til Canada, men alle disse ukjente akronymene eller engelske ordene skremmer deg? Ikke f\u00e5 panikk, for en bedre forst\u00e5else har teamet v\u00e5rt etablert og detaljert en liste over viktige vilk\u00e5r knyttet til Canada eTA. Dette vil gj\u00f8re det mye enklere for deg \u00e5 bestille reisetillatelse. Vi inviterer deg ogs\u00e5 til \u00e5 se v\u00e5r <a href=\"https:\/\/ave-eta-canada.com\/no\/faq-eta-canada-svarene-pa-dine-sporsmal\/\">FAQ<\/a> side samt hjelpeseksjonen v\u00e5r.<\/p>\n\n<h2 class=\"wp-block-heading\">NAFTA<\/h2>\n\n<p>NAFTA st\u00e5r for North American Free Trade Agreement. Denne pakten, signert mellom USA, Mexico og Canada, letter innkommende og utg\u00e5ende str\u00f8mmer av borgere innenfor disse territoriene, innenfor rammen av en profesjonell aktivitet.<\/p>\n\n<p>NAFTA retter seg mot fire kategorier mennesker:<\/p>\n\n<ul class=\"wp-block-list\"><li>forretningsmenn ;<\/li><li>funksjon\u00e6rer;<\/li><li>arbeidere overf\u00f8rt innen et selskap;<\/li><li>investorer og handelsmenn.<\/li><\/ul>\n\n<h2 class=\"wp-block-heading\">Ambassade<\/h2>\n\n<p>Ambassaden er en diplomatisk struktur som representerer et land i en fremmed nasjon. Dens m\u00e5l er fremfor alt \u00e5 opprettholde et godt samarbeid med vertslandet, garantere sikkerheten til utlendinger og la innbyggerne utf\u00f8re ulike administrative prosedyrer i utlandet.<\/p>\n\n<h2 class=\"wp-block-heading\">eTA<\/h2>\n\n<p><a href=\"https:\/\/ave-eta-canada.com\/no\/\">eTA<\/a> (Electronic Travel Authorization) tillater statsborgere fra et visumfritatt land \u00e5 reise til Canada med fly. Form\u00e5let med denne autorisasjonen er \u00e5 sikre at den reisende ikke utgj\u00f8r en risiko for Canadas indre sikkerhet. Det har form av et elektronisk dokument direkte knyttet til passet og er gyldig i en periode p\u00e5 5 \u00e5r eller til identitetsdokumentet utl\u00f8per.<\/p>\n\n<h2 class=\"wp-block-heading\">Konsulat<\/h2>\n\n<p>Konsulatet er et regjeringskontor med base i et fremmed land som har som m\u00e5l \u00e5 hjelpe og beskytte statsborgere i staten representert av konsulatet. Han er spesielt ansvarlig for \u00e5 utstede sivilstatusdokumenter (identitetskort, pass osv.).<\/p>\n\n<h2 class=\"wp-block-heading\">ESTA<\/h2>\n\n<p>Akronym for Electronic System for Travel Authorization, ESTA tilsvarer eTA for USA. ESTA-skjemaet lar borgere fra et av medlemslandene i visumfritaksprogrammet oppholde seg i maksimalt 90 dager p\u00e5 amerikansk jord. Foresp\u00f8rselen om en ESTA-autorisasjon gj\u00f8res ogs\u00e5 online.<\/p>\n\n<h2 class=\"wp-block-heading\">eTA<\/h2>\n\n<p>eTA er forkortelsen for &laquo;Electronic Travel Authorization&raquo;. Det er rett og slett den engelske betegnelsen for eTA. Utstedt av den kanadiske regjeringen, er <a href=\"https:\/\/ave-eta-canada.com\/no\/hva-er-eta-canada\/\">eTA<\/a> en reisetillatelse til Canada som lar deg oppholde deg i maksimalt 6 m\u00e5neder p\u00e5 kanadisk territorium.<\/p>\n\n<h2 class=\"wp-block-heading\">eTA-avgifter<\/h2>\n\n<p>Foresp\u00f8rselen om eTA-skjema genererer administrative kostnader. En sum p\u00e5 $7 CAN kreves for \u00e5 fullf\u00f8re sendingen av online-foresp\u00f8rselen. Ekstra kostnader kan p\u00e5l\u00f8pe avhengig av tjenestene som tilbys.<\/p>\n\n<h2 class=\"wp-block-heading\">IRCC<\/h2>\n\n<p>Immigration, Refugees and Citizenship Canada er Canadas avdeling for immigrasjonstjenester. Oppdragene til sistnevnte dreier seg hovedsakelig om:<\/p>\n\n<ul class=\"wp-block-list\"><li>organisering og kontroll av str\u00f8mmer av statsborgere som ankommer territoriet;<\/li><li>opprettholde og styrke verdiene knyttet til statsborgerskap;<\/li><\/ul>\n\n<p>Som s\u00e5dan administrerer IRCC spesielt utstedelsen av Canada eTAer og verifiserer at utenlandske s\u00f8kere faktisk er tillatelige i henhold til kanadisk lov.<\/p>\n\n<h2 class=\"wp-block-heading\">Biometrisk pass<\/h2>\n\n<p>Offisielt lansert i Frankrike i 2009, erstatter det biometriske passet det elektroniske passet. Den har den spesielle egenskapen at den er vanskelig \u00e5 forfalske, takket v\u00e6re en elektronisk brikke i dokumentet. Sistnevnte inkluderer innehaverens identifikasjonsdata (fingeravtrykk, fysiognomiske trekk, fotografi, etc.). Videre gjenkjennes et biometrisk pass n\u00e5r begrepet &laquo;pass&raquo; er understreket p\u00e5 omslaget.<\/p>\n\n<h2 class=\"wp-block-heading\">Elektronisk pass<\/h2>\n\n<p>Det elektroniske passet ble introdusert i 2006 og har en elektronisk brikke som inneholder identifikasjonsdataene til eieren. Det er n\u00e5 erstattet av det biometriske passet, som er mye vanskeligere \u00e5 forfalske.<\/p>\n\n<h2 class=\"wp-block-heading\">PST<\/h2>\n\n<p>TRP (Temporary Residence Permit) er en oppholdstillatelse som gis til personer som er utilgjengelige og ikke oppfyller kravene i loven om innvandring og beskyttelse av flyktninger. Kanadiske myndigheter utsteder kun dette dokumentet i tilfelle eksepsjonelle situasjoner av humanit\u00e6r, sosial eller \u00f8konomisk art.<\/p>\n\n<h2 class=\"wp-block-heading\">WHV Canada<\/h2>\n\n<p><a href=\"https:\/\/ave-eta-canada.com\/no\/pvt-canada-hvordan-fa-din-arbeidsferie-tillatelse\/\">Working Holiday Program<\/a> (WHP) er et midlertidig arbeidsvisum som gir kvalifiserte statsborgere muligheten til \u00e5 bo og jobbe i Canada. Avhengig av nasjonalitet er dens varighet 12 eller 24 m\u00e5neder der den reisende kan drive med turisme, men ogs\u00e5 jobbe p\u00e5 kanadisk territorium. <\/p>\n\n<h2 class=\"wp-block-heading\">Permanent bosatt<\/h2>\n\n<p>Status som permanent bosatt gis til utenlandske personer som har tillatelse til \u00e5 oppholde seg p\u00e5 kanadisk territorium uten tidsbegrensning. Fastboende kan dermed leve som enhver kanadisk statsborger.<\/p>\n\n<h2 class=\"wp-block-heading\">midlertidig bosatt<\/h2>\n\n<p>Status som midlertidig bosatt gis til utlendinger som oppfyller kriteriene fastsatt ved lov med hensyn til innreise til territoriet. Denne tillatelsen til opphold gjelder kun for utlendinger som er bestemt til \u00e5 forlate Canada til slutt (bes\u00f8kende, studenter, arbeidere, etc.).<\/p>\n\n<h2 class=\"wp-block-heading\">Elektronisk stempel (elektronisk tilretteleggingsstempel)<\/h2>\n\n<p>Det elektroniske klistremerket utstedes automatisk n\u00e5r en s\u00f8knad om midlertidig opphold godkjennes. Dette virtuelle klistremerket, registrert i et datastyringssystem som grupperer eTA-foresp\u00f8rsler, er direkte festet til passet til den aktuelle reisende. Den brukes til \u00e5 offisielt godkjenne tilgang til boarding, n\u00e5r identitetsbekreftelsen er fullf\u00f8rt.<\/p>\n\n<h2 class=\"wp-block-heading\">Visum<\/h2>\n\n<p>Visumet er en offisiell autorisasjon utstedt av utenlandske ambassader for \u00e5 reise til et gitt land. Det har form av et klistremerke satt inn i statsborgerens pass. Vi finner p\u00e5 dette klistremerket et klistremerke med spesifikk informasjon angitt av kontoret der visumet ble utstedt. Det er to kategorier av <a href=\"https:\/\/ave-eta-canada.com\/no\/visa-eller-eta-canada\/\">visum i Canada<\/a> :<\/p>\n\n<ul class=\"wp-block-list\"><li>det midlertidige oppholdsvisumet (bes\u00f8ksvisum);<\/li><li>visum for permanent opphold. <\/li><\/ul>\n\n<h2 class=\"wp-block-heading\">Bes\u00f8ksvisum<\/h2>\n\n<p>Bes\u00f8ksvisumet, ogs\u00e5 kalt turistvisum, refererer til det midlertidige oppholdsvisumet.<\/p>\n","protected":false},"excerpt":{"rendered":"<p>Canada eTA, nyttige definisjoner Vil du bestille en eTA (Electronic Travel Authorization) for \u00e5 reise til Canada, men alle disse ukjente akronymene eller engelske ordene skremmer deg? Ikke f\u00e5 panikk, for en bedre forst\u00e5else har teamet v\u00e5rt etablert og detaljert en liste over viktige vilk\u00e5r knyttet til Canada eTA. Dette vil gj\u00f8re det mye enklere [&hellip;]<\/p>\n","protected":false},"author":1,"featured_media":0,"parent":0,"menu_order":0,"comment_status":"closed","ping_status":"closed","template":"","meta":{"footnotes":""},"class_list":["post-4271","page","type-page","status-publish","hentry"],"yoast_head":"<!-- This site is optimized with the Yoast SEO plugin v26.9 - https:\/\/yoast.com\/product\/yoast-seo-wordpress\/ -->\n<title>Ordliste | Alle Canada eTA-definisjoner<\/title>\n<meta name=\"description\" content=\"Finn i denne ordlisten definisjonene knyttet til eTA, den essensielle elektroniske reiseautorisasjonen for midlertidige opphold i Canada.\" \/>\n<meta name=\"robots\" content=\"index, follow, max-snippet:-1, max-image-preview:large, max-video-preview:-1\" \/>\n<link rel=\"canonical\" href=\"https:\/\/ave-eta-canada.com\/no\/ordliste-alle-definisjoner-rundt-eta-canada\/\" \/>\n<meta property=\"og:locale\" content=\"nb_NO\" \/>\n<meta property=\"og:type\" content=\"article\" \/>\n<meta property=\"og:title\" content=\"Ordliste | Alle Canada eTA-definisjoner\" \/>\n<meta property=\"og:description\" content=\"Finn i denne ordlisten definisjonene knyttet til eTA, den essensielle elektroniske reiseautorisasjonen for midlertidige opphold i Canada.\" \/>\n<meta property=\"og:url\" content=\"https:\/\/ave-eta-canada.com\/no\/ordliste-alle-definisjoner-rundt-eta-canada\/\" \/>\n<meta property=\"og:site_name\" content=\"VISA CANADA\" \/>\n<meta property=\"article:modified_time\" content=\"2023-05-01T11:43:20+00:00\" \/>\n<meta name=\"twitter:card\" content=\"summary_large_image\" \/>\n<meta name=\"twitter:label1\" content=\"Ansl. lesetid\" \/>\n\t<meta name=\"twitter:data1\" content=\"4 minutter\" \/>\n<script type=\"application\/ld+json\" class=\"yoast-schema-graph\">{\"@context\":\"https:\/\/schema.org\",\"@graph\":[{\"@type\":\"WebPage\",\"@id\":\"https:\/\/ave-eta-canada.com\/no\/ordliste-alle-definisjoner-rundt-eta-canada\/\",\"url\":\"https:\/\/ave-eta-canada.com\/no\/ordliste-alle-definisjoner-rundt-eta-canada\/\",\"name\":\"Ordliste | Alle Canada eTA-definisjoner\",\"isPartOf\":{\"@id\":\"https:\/\/ave-eta-canada.com\/no\/#website\"},\"datePublished\":\"2023-04-18T14:41:55+00:00\",\"dateModified\":\"2023-05-01T11:43:20+00:00\",\"description\":\"Finn i denne ordlisten definisjonene knyttet til eTA, den essensielle elektroniske reiseautorisasjonen for midlertidige opphold i Canada.\",\"breadcrumb\":{\"@id\":\"https:\/\/ave-eta-canada.com\/no\/ordliste-alle-definisjoner-rundt-eta-canada\/#breadcrumb\"},\"inLanguage\":\"nb-NO\",\"potentialAction\":[{\"@type\":\"ReadAction\",\"target\":[\"https:\/\/ave-eta-canada.com\/no\/ordliste-alle-definisjoner-rundt-eta-canada\/\"]}]},{\"@type\":\"BreadcrumbList\",\"@id\":\"https:\/\/ave-eta-canada.com\/no\/ordliste-alle-definisjoner-rundt-eta-canada\/#breadcrumb\",\"itemListElement\":[{\"@type\":\"ListItem\",\"position\":1,\"name\":\"Home\",\"item\":\"https:\/\/ave-eta-canada.com\/no\/\"},{\"@type\":\"ListItem\",\"position\":2,\"name\":\"Ordliste | Alle Canada eTA-definisjoner\"}]},{\"@type\":\"WebSite\",\"@id\":\"https:\/\/ave-eta-canada.com\/no\/#website\",\"url\":\"https:\/\/ave-eta-canada.com\/no\/\",\"name\":\"VISA CANADA\",\"description\":\"Autorisation Voyage Electronique\",\"potentialAction\":[{\"@type\":\"SearchAction\",\"target\":{\"@type\":\"EntryPoint\",\"urlTemplate\":\"https:\/\/ave-eta-canada.com\/no\/?s={search_term_string}\"},\"query-input\":{\"@type\":\"PropertyValueSpecification\",\"valueRequired\":true,\"valueName\":\"search_term_string\"}}],\"inLanguage\":\"nb-NO\"}]}<\/script>\n<!-- \/ Yoast SEO plugin. -->","yoast_head_json":{"title":"Ordliste | Alle Canada eTA-definisjoner","description":"Finn i denne ordlisten definisjonene knyttet til eTA, den essensielle elektroniske reiseautorisasjonen for midlertidige opphold i Canada.","robots":{"index":"index","follow":"follow","max-snippet":"max-snippet:-1","max-image-preview":"max-image-preview:large","max-video-preview":"max-video-preview:-1"},"canonical":"https:\/\/ave-eta-canada.com\/no\/ordliste-alle-definisjoner-rundt-eta-canada\/","og_locale":"nb_NO","og_type":"article","og_title":"Ordliste | Alle Canada eTA-definisjoner","og_description":"Finn i denne ordlisten definisjonene knyttet til eTA, den essensielle elektroniske reiseautorisasjonen for midlertidige opphold i Canada.","og_url":"https:\/\/ave-eta-canada.com\/no\/ordliste-alle-definisjoner-rundt-eta-canada\/","og_site_name":"VISA CANADA","article_modified_time":"2023-05-01T11:43:20+00:00","twitter_card":"summary_large_image","twitter_misc":{"Ansl. lesetid":"4 minutter"},"schema":{"@context":"https:\/\/schema.org","@graph":[{"@type":"WebPage","@id":"https:\/\/ave-eta-canada.com\/no\/ordliste-alle-definisjoner-rundt-eta-canada\/","url":"https:\/\/ave-eta-canada.com\/no\/ordliste-alle-definisjoner-rundt-eta-canada\/","name":"Ordliste | Alle Canada eTA-definisjoner","isPartOf":{"@id":"https:\/\/ave-eta-canada.com\/no\/#website"},"datePublished":"2023-04-18T14:41:55+00:00","dateModified":"2023-05-01T11:43:20+00:00","description":"Finn i denne ordlisten definisjonene knyttet til eTA, den essensielle elektroniske reiseautorisasjonen for midlertidige opphold i Canada.","breadcrumb":{"@id":"https:\/\/ave-eta-canada.com\/no\/ordliste-alle-definisjoner-rundt-eta-canada\/#breadcrumb"},"inLanguage":"nb-NO","potentialAction":[{"@type":"ReadAction","target":["https:\/\/ave-eta-canada.com\/no\/ordliste-alle-definisjoner-rundt-eta-canada\/"]}]},{"@type":"BreadcrumbList","@id":"https:\/\/ave-eta-canada.com\/no\/ordliste-alle-definisjoner-rundt-eta-canada\/#breadcrumb","itemListElement":[{"@type":"ListItem","position":1,"name":"Home","item":"https:\/\/ave-eta-canada.com\/no\/"},{"@type":"ListItem","position":2,"name":"Ordliste | Alle Canada eTA-definisjoner"}]},{"@type":"WebSite","@id":"https:\/\/ave-eta-canada.com\/no\/#website","url":"https:\/\/ave-eta-canada.com\/no\/","name":"VISA CANADA","description":"Autorisation Voyage Electronique","potentialAction":[{"@type":"SearchAction","target":{"@type":"EntryPoint","urlTemplate":"https:\/\/ave-eta-canada.com\/no\/?s={search_term_string}"},"query-input":{"@type":"PropertyValueSpecification","valueRequired":true,"valueName":"search_term_string"}}],"inLanguage":"nb-NO"}]}},"_links":{"self":[{"href":"https:\/\/ave-eta-canada.com\/no\/wp-json\/wp\/v2\/pages\/4271","targetHints":{"allow":["GET"]}}],"collection":[{"href":"https:\/\/ave-eta-canada.com\/no\/wp-json\/wp\/v2\/pages"}],"about":[{"href":"https:\/\/ave-eta-canada.com\/no\/wp-json\/wp\/v2\/types\/page"}],"author":[{"embeddable":true,"href":"https:\/\/ave-eta-canada.com\/no\/wp-json\/wp\/v2\/users\/1"}],"replies":[{"embeddable":true,"href":"https:\/\/ave-eta-canada.com\/no\/wp-json\/wp\/v2\/comments?post=4271"}],"version-history":[{"count":0,"href":"https:\/\/ave-eta-canada.com\/no\/wp-json\/wp\/v2\/pages\/4271\/revisions"}],"wp:attachment":[{"href":"https:\/\/ave-eta-canada.com\/no\/wp-json\/wp\/v2\/media?parent=4271"}],"curies":[{"name":"wp","href":"https:\/\/api.w.org\/{rel}","templated":true}]}}