{"id":4274,"date":"2023-04-18T14:41:55","date_gmt":"2023-04-18T14:41:55","guid":{"rendered":"https:\/\/ave-eta-canada.com\/ave-canada-covid-19-oppdaterte-reisebegrensninger\/"},"modified":"2025-10-09T08:30:16","modified_gmt":"2025-10-09T08:30:16","slug":"eta-canada-covid-19-oppdaterte-reisebegrensninger","status":"publish","type":"page","link":"https:\/\/ave-eta-canada.com\/no\/eta-canada-covid-19-oppdaterte-reisebegrensninger\/","title":{"rendered":"ETA Canada &#8211; COVID 19 oppdaterte reiserestriksjoner"},"content":{"rendered":"\t\t<div data-elementor-type=\"wp-page\" data-elementor-id=\"4274\" class=\"elementor elementor-4274 elementor-1195\" data-elementor-post-type=\"page\">\n\t\t\t\t\t\t<section class=\"elementor-section elementor-top-section elementor-element elementor-element-b820ec9 elementor-section-boxed elementor-section-height-default elementor-section-height-default\" data-id=\"b820ec9\" data-element_type=\"section\" data-e-type=\"section\">\n\t\t\t\t\t\t<div class=\"elementor-container elementor-column-gap-default\">\n\t\t\t\t\t<div class=\"elementor-column elementor-col-100 elementor-top-column elementor-element elementor-element-e20cc56\" data-id=\"e20cc56\" data-element_type=\"column\" data-e-type=\"column\">\n\t\t\t<div class=\"elementor-widget-wrap elementor-element-populated\">\n\t\t\t\t\t\t<div class=\"elementor-element elementor-element-f35a835 elementor-widget elementor-widget-heading\" data-id=\"f35a835\" data-element_type=\"widget\" data-e-type=\"widget\" data-widget_type=\"heading.default\">\n\t\t\t\t<div class=\"elementor-widget-container\">\n\t\t\t\t\t<h1 class=\"elementor-heading-title elementor-size-default\">Slutt p\u00e5 restriksjoner knyttet til COVID 19-helsekrisen<\/h1>\t\t\t\t<\/div>\n\t\t\t\t<\/div>\n\t\t\t\t\t<\/div>\n\t\t<\/div>\n\t\t\t\t\t<\/div>\n\t\t<\/section>\n\t\t\t\t<section class=\"elementor-section elementor-top-section elementor-element elementor-element-7752861 elementor-section-boxed elementor-section-height-default elementor-section-height-default\" data-id=\"7752861\" data-element_type=\"section\" data-e-type=\"section\">\n\t\t\t\t\t\t<div class=\"elementor-container elementor-column-gap-default\">\n\t\t\t\t\t<div class=\"elementor-column elementor-col-100 elementor-top-column elementor-element elementor-element-e662d5f\" data-id=\"e662d5f\" data-element_type=\"column\" data-e-type=\"column\">\n\t\t\t<div class=\"elementor-widget-wrap elementor-element-populated\">\n\t\t\t\t\t\t<div class=\"elementor-element elementor-element-80b7c62 elementor-widget elementor-widget-text-editor\" data-id=\"80b7c62\" data-element_type=\"widget\" data-e-type=\"widget\" data-widget_type=\"text-editor.default\">\n\t\t\t\t<div class=\"elementor-widget-container\">\n\t\t\t\t\t\t\t\t\t<p><strong>Innledning<\/strong> : Her er oppdateringen om situasjonen ang\u00e5ende utviklingen av helsekrisen knyttet til COVID-19. Informasjonen p\u00e5 denne siden oppdateres s\u00e5 mye som mulig i henhold til nye vedtak tatt av den kanadiske administrasjonen. Fra mai 2023 er de fleste restriksjoner opphevet for reisende som \u00f8nsker \u00e5 reise til Canada.  <\/p><p><strong>For et opphold p\u00e5 mindre enn 6 m\u00e5neder i Canada<\/strong> : Du kan utf\u00f8re formalitetene for \u00e5 komme inn i Canada direkte via Internett ved \u00e5 klikke p\u00e5 <a href=\"https:\/\/ave-eta-canada.com\/no\/canada-eta-skjema-online\/\">nettskjemaet<\/a>. Det er ikke n\u00f8dvendig \u00e5 f\u00e5 time ved den kanadiske ambassaden eller konsulatet.<\/p><h2>Slutt p\u00e5 restriksjoner for reisende til Canada relatert til covid<\/h2><p>De forebyggende tiltakene knyttet til COVID-19 som ble satt i verk i november 2021 for gjen\u00e5pning av kanadiske grenser, ble fjernet i mai 2023. <span style=\"background-color: transparent;\"> Reisende<\/span> blir ikke lenger<span style=\"background-color: transparent;\"> bedt om \u00e5 fremvise<\/span> <span style=\"background-color: transparent;\">vaksinasjonsbevis eller<\/span><span style=\"background-color: transparent;\"> screeningtester n\u00e5r de g\u00e5r om bord p\u00e5 et fly til Canada.<\/span><\/p>\t\t\t\t\t\t\t\t<\/div>\n\t\t\t\t<\/div>\n\t\t\t\t\t<\/div>\n\t\t<\/div>\n\t\t\t\t\t<\/div>\n\t\t<\/section>\n\t\t\t\t<section class=\"elementor-section elementor-top-section elementor-element elementor-element-dca40c8 elementor-section-boxed elementor-section-height-default elementor-section-height-default\" data-id=\"dca40c8\" data-element_type=\"section\" data-e-type=\"section\">\n\t\t\t\t\t\t<div class=\"elementor-container elementor-column-gap-default\">\n\t\t\t\t\t<div class=\"elementor-column elementor-col-100 elementor-top-column elementor-element elementor-element-4aaedc7\" data-id=\"4aaedc7\" data-element_type=\"column\" data-e-type=\"column\">\n\t\t\t<div class=\"elementor-widget-wrap elementor-element-populated\">\n\t\t\t\t\t\t<div class=\"elementor-element elementor-element-8cf9d43 elementor-widget elementor-widget-toggle\" data-id=\"8cf9d43\" data-element_type=\"widget\" data-e-type=\"widget\" data-widget_type=\"toggle.default\">\n\t\t\t\t<div class=\"elementor-widget-container\">\n\t\t\t\t\t\t\t<div class=\"elementor-toggle\">\n\t\t\t\t\t\t\t<div class=\"elementor-toggle-item\">\n\t\t\t\t\t<h2 id=\"elementor-tab-title-1471\" class=\"elementor-tab-title\" data-tab=\"1\" role=\"button\" aria-controls=\"elementor-tab-content-1471\" aria-expanded=\"false\">\n\t\t\t\t\t\t\t\t\t\t\t\t<span class=\"elementor-toggle-icon elementor-toggle-icon-left\" aria-hidden=\"true\">\n\t\t\t\t\t\t\t\t\t\t\t\t\t\t\t<span class=\"elementor-toggle-icon-closed\"><i class=\"fas fa-caret-right\"><\/i><\/span>\n\t\t\t\t\t\t\t\t<span class=\"elementor-toggle-icon-opened\"><i class=\"elementor-toggle-icon-opened fas fa-caret-up\"><\/i><\/span>\n\t\t\t\t\t\t\t\t\t\t\t\t\t<\/span>\n\t\t\t\t\t\t\t\t\t\t\t\t<a class=\"elementor-toggle-title\" tabindex=\"0\">M\u00e5 jeg fortsatt fullf\u00f8re ArriveCAN f\u00f8r jeg g\u00e5r inn i Canada?<\/a>\n\t\t\t\t\t<\/h2>\n\n\t\t\t\t\t<div id=\"elementor-tab-content-1471\" class=\"elementor-tab-content elementor-clearfix\" data-tab=\"1\" role=\"region\" aria-labelledby=\"elementor-tab-title-1471\"><p><a href=\"https:\/\/ave-eta-canada.com\/no\/arrivecan-canada\/\">ArriveCAN<\/a> er en kanadisk regjeringsapplikasjon. Den ble brukt til \u00e5 administrere informasjon for reisende som kom til Canada etter covid-19-pandemien. Det gjorde det lettere \u00e5 oppfylle Canadas folkehelsekrav.<\/p>\n<p><a href=\"https:\/\/ave-eta-canada.com\/no\/arrivecan-canada\/\">ArriveCAN<\/a> appen ble lansert i november 2020. Fra og med mai 2023 <b>er reisende ikke lenger p\u00e5lagt \u00e5 fullf\u00f8re ArriveCAN<\/b> innen 72 timer etter ankomst til Canada.<\/p>\n<\/div>\n\t\t\t\t<\/div>\n\t\t\t\t\t\t\t<div class=\"elementor-toggle-item\">\n\t\t\t\t\t<h2 id=\"elementor-tab-title-1472\" class=\"elementor-tab-title\" data-tab=\"2\" role=\"button\" aria-controls=\"elementor-tab-content-1472\" aria-expanded=\"false\">\n\t\t\t\t\t\t\t\t\t\t\t\t<span class=\"elementor-toggle-icon elementor-toggle-icon-left\" aria-hidden=\"true\">\n\t\t\t\t\t\t\t\t\t\t\t\t\t\t\t<span class=\"elementor-toggle-icon-closed\"><i class=\"fas fa-caret-right\"><\/i><\/span>\n\t\t\t\t\t\t\t\t<span class=\"elementor-toggle-icon-opened\"><i class=\"elementor-toggle-icon-opened fas fa-caret-up\"><\/i><\/span>\n\t\t\t\t\t\t\t\t\t\t\t\t\t<\/span>\n\t\t\t\t\t\t\t\t\t\t\t\t<a class=\"elementor-toggle-title\" tabindex=\"0\">M\u00e5 jeg v\u00e6re vaksinert for \u00e5 komme inn i Canada?<\/a>\n\t\t\t\t\t<\/h2>\n\n\t\t\t\t\t<div id=\"elementor-tab-content-1472\" class=\"elementor-tab-content elementor-clearfix\" data-tab=\"2\" role=\"region\" aria-labelledby=\"elementor-tab-title-1472\"><p>Siden mai 2023 <b>er det ikke lenger n\u00f8dvendig \u00e5 v\u00e6re vaksinert for \u00e5 komme inn i Canada<\/b> . Negative COVID-19-tester er heller ikke lenger n\u00f8dvendig for \u00e5 komme inn p\u00e5 territoriet. Flyselskaper sjekker ikke lenger vaksinasjonsstatusen til alle reisende f\u00f8r ombordstigning.  <\/p>\n<\/div>\n\t\t\t\t<\/div>\n\t\t\t\t\t\t\t<div class=\"elementor-toggle-item\">\n\t\t\t\t\t<h2 id=\"elementor-tab-title-1473\" class=\"elementor-tab-title\" data-tab=\"3\" role=\"button\" aria-controls=\"elementor-tab-content-1473\" aria-expanded=\"false\">\n\t\t\t\t\t\t\t\t\t\t\t\t<span class=\"elementor-toggle-icon elementor-toggle-icon-left\" aria-hidden=\"true\">\n\t\t\t\t\t\t\t\t\t\t\t\t\t\t\t<span class=\"elementor-toggle-icon-closed\"><i class=\"fas fa-caret-right\"><\/i><\/span>\n\t\t\t\t\t\t\t\t<span class=\"elementor-toggle-icon-opened\"><i class=\"elementor-toggle-icon-opened fas fa-caret-up\"><\/i><\/span>\n\t\t\t\t\t\t\t\t\t\t\t\t\t<\/span>\n\t\t\t\t\t\t\t\t\t\t\t\t<a class=\"elementor-toggle-title\" tabindex=\"0\">Trenger vi en negativ COVID-test i Canada for \u00e5 forlate territoriet mindre enn 72 timer?<\/a>\n\t\t\t\t\t<\/h2>\n\n\t\t\t\t\t<div id=\"elementor-tab-content-1473\" class=\"elementor-tab-content elementor-clearfix\" data-tab=\"3\" role=\"region\" aria-labelledby=\"elementor-tab-title-1473\"><p>Kanadiske innbyggere trenger ikke lenger \u00e5 presentere en negativ COVID-19-test for \u00e5 forlate kanadisk territorium.<\/p>\n<\/div>\n\t\t\t\t<\/div>\n\t\t\t\t\t\t\t\t\t\t<script type=\"application\/ld+json\">{\"@context\":\"https:\\\/\\\/schema.org\",\"@type\":\"FAQPage\",\"mainEntity\":[{\"@type\":\"Question\",\"name\":\"M\\u00e5 jeg fortsatt fullf\\u00f8re ArriveCAN f\\u00f8r jeg g\\u00e5r inn i Canada?\",\"acceptedAnswer\":{\"@type\":\"Answer\",\"text\":\"<p><a href=\\\"https:\\\/\\\/ave-eta-canada.com\\\/no\\\/arrivecan-canada\\\/\\\">ArriveCAN<\\\/a> er en kanadisk regjeringsapplikasjon. Den ble brukt til \\u00e5 administrere informasjon for reisende som kom til Canada etter covid-19-pandemien. Det gjorde det lettere \\u00e5 oppfylle Canadas folkehelsekrav.<\\\/p>\\n<p><a href=\\\"https:\\\/\\\/ave-eta-canada.com\\\/no\\\/arrivecan-canada\\\/\\\">ArriveCAN<\\\/a> appen ble lansert i november 2020. Fra og med mai 2023 <b>er reisende ikke lenger p\\u00e5lagt \\u00e5 fullf\\u00f8re ArriveCAN<\\\/b> innen 72 timer etter ankomst til Canada.<\\\/p>\\n\"}},{\"@type\":\"Question\",\"name\":\"M\\u00e5 jeg v\\u00e6re vaksinert for \\u00e5 komme inn i Canada?\",\"acceptedAnswer\":{\"@type\":\"Answer\",\"text\":\"<p>Siden mai 2023 <b>er det ikke lenger n\\u00f8dvendig \\u00e5 v\\u00e6re vaksinert for \\u00e5 komme inn i Canada<\\\/b> . Negative COVID-19-tester er heller ikke lenger n\\u00f8dvendig for \\u00e5 komme inn p\\u00e5 territoriet. Flyselskaper sjekker ikke lenger vaksinasjonsstatusen til alle reisende f\\u00f8r ombordstigning.  <\\\/p>\\n\"}},{\"@type\":\"Question\",\"name\":\"Trenger vi en negativ COVID-test i Canada for \\u00e5 forlate territoriet mindre enn 72 timer?\",\"acceptedAnswer\":{\"@type\":\"Answer\",\"text\":\"<p>Kanadiske innbyggere trenger ikke lenger \\u00e5 presentere en negativ COVID-19-test for \\u00e5 forlate kanadisk territorium.<\\\/p>\\n\"}}]}<\/script>\n\t\t\t\t\t<\/div>\n\t\t\t\t\t\t<\/div>\n\t\t\t\t<\/div>\n\t\t\t\t\t<\/div>\n\t\t<\/div>\n\t\t\t\t\t<\/div>\n\t\t<\/section>\n\t\t\t\t<\/div>\n\t\t","protected":false},"excerpt":{"rendered":"<p>Slutt p\u00e5 restriksjoner knyttet til COVID 19-helsekrisen Innledning : Her er oppdateringen om situasjonen ang\u00e5ende utviklingen av helsekrisen knyttet til COVID-19. Informasjonen p\u00e5 denne siden oppdateres s\u00e5 mye som mulig i henhold til nye vedtak tatt av den kanadiske administrasjonen. Fra mai 2023 er de fleste restriksjoner opphevet for reisende som \u00f8nsker \u00e5 reise til [&hellip;]<\/p>\n","protected":false},"author":1,"featured_media":0,"parent":0,"menu_order":0,"comment_status":"closed","ping_status":"closed","template":"","meta":{"footnotes":""},"class_list":["post-4274","page","type-page","status-publish","hentry"],"yoast_head":"<!-- This site is optimized with the Yoast SEO plugin v26.9 - https:\/\/yoast.com\/product\/yoast-seo-wordpress\/ -->\n<title>ETA Canada - COVID 19 oppdaterte reiserestriksjoner<\/title>\n<meta name=\"description\" content=\"Finn ut mer om COVID-restriksjoner for innreise til Canada med en elektronisk reisetillatelse (ETA).\" \/>\n<meta name=\"robots\" content=\"index, follow, max-snippet:-1, max-image-preview:large, max-video-preview:-1\" \/>\n<link rel=\"canonical\" href=\"https:\/\/ave-eta-canada.com\/no\/eta-canada-covid-19-oppdaterte-reisebegrensninger\/\" \/>\n<meta property=\"og:locale\" content=\"nb_NO\" \/>\n<meta property=\"og:type\" content=\"article\" \/>\n<meta property=\"og:title\" content=\"ETA Canada - COVID 19 oppdaterte reiserestriksjoner\" \/>\n<meta property=\"og:description\" content=\"Finn ut mer om COVID-restriksjoner for innreise til Canada med en elektronisk reisetillatelse (ETA).\" \/>\n<meta property=\"og:url\" content=\"https:\/\/ave-eta-canada.com\/no\/eta-canada-covid-19-oppdaterte-reisebegrensninger\/\" \/>\n<meta property=\"og:site_name\" content=\"VISA CANADA\" \/>\n<meta property=\"article:modified_time\" content=\"2025-10-09T08:30:16+00:00\" \/>\n<meta name=\"twitter:card\" content=\"summary_large_image\" \/>\n<meta name=\"twitter:label1\" content=\"Ansl. lesetid\" \/>\n\t<meta name=\"twitter:data1\" content=\"1 minutt\" \/>\n<script type=\"application\/ld+json\" class=\"yoast-schema-graph\">{\"@context\":\"https:\/\/schema.org\",\"@graph\":[{\"@type\":\"WebPage\",\"@id\":\"https:\/\/ave-eta-canada.com\/no\/eta-canada-covid-19-oppdaterte-reisebegrensninger\/\",\"url\":\"https:\/\/ave-eta-canada.com\/no\/eta-canada-covid-19-oppdaterte-reisebegrensninger\/\",\"name\":\"ETA Canada - COVID 19 oppdaterte reiserestriksjoner\",\"isPartOf\":{\"@id\":\"https:\/\/ave-eta-canada.com\/no\/#website\"},\"datePublished\":\"2023-04-18T14:41:55+00:00\",\"dateModified\":\"2025-10-09T08:30:16+00:00\",\"description\":\"Finn ut mer om COVID-restriksjoner for innreise til Canada med en elektronisk reisetillatelse (ETA).\",\"breadcrumb\":{\"@id\":\"https:\/\/ave-eta-canada.com\/no\/eta-canada-covid-19-oppdaterte-reisebegrensninger\/#breadcrumb\"},\"inLanguage\":\"nb-NO\",\"potentialAction\":[{\"@type\":\"ReadAction\",\"target\":[\"https:\/\/ave-eta-canada.com\/no\/eta-canada-covid-19-oppdaterte-reisebegrensninger\/\"]}]},{\"@type\":\"BreadcrumbList\",\"@id\":\"https:\/\/ave-eta-canada.com\/no\/eta-canada-covid-19-oppdaterte-reisebegrensninger\/#breadcrumb\",\"itemListElement\":[{\"@type\":\"ListItem\",\"position\":1,\"name\":\"Home\",\"item\":\"https:\/\/ave-eta-canada.com\/no\/\"},{\"@type\":\"ListItem\",\"position\":2,\"name\":\"ETA Canada &#8211; COVID 19 oppdaterte reiserestriksjoner\"}]},{\"@type\":\"WebSite\",\"@id\":\"https:\/\/ave-eta-canada.com\/no\/#website\",\"url\":\"https:\/\/ave-eta-canada.com\/no\/\",\"name\":\"VISA CANADA\",\"description\":\"Autorisation Voyage Electronique\",\"potentialAction\":[{\"@type\":\"SearchAction\",\"target\":{\"@type\":\"EntryPoint\",\"urlTemplate\":\"https:\/\/ave-eta-canada.com\/no\/?s={search_term_string}\"},\"query-input\":{\"@type\":\"PropertyValueSpecification\",\"valueRequired\":true,\"valueName\":\"search_term_string\"}}],\"inLanguage\":\"nb-NO\"}]}<\/script>\n<!-- \/ Yoast SEO plugin. -->","yoast_head_json":{"title":"ETA Canada - COVID 19 oppdaterte reiserestriksjoner","description":"Finn ut mer om COVID-restriksjoner for innreise til Canada med en elektronisk reisetillatelse (ETA).","robots":{"index":"index","follow":"follow","max-snippet":"max-snippet:-1","max-image-preview":"max-image-preview:large","max-video-preview":"max-video-preview:-1"},"canonical":"https:\/\/ave-eta-canada.com\/no\/eta-canada-covid-19-oppdaterte-reisebegrensninger\/","og_locale":"nb_NO","og_type":"article","og_title":"ETA Canada - COVID 19 oppdaterte reiserestriksjoner","og_description":"Finn ut mer om COVID-restriksjoner for innreise til Canada med en elektronisk reisetillatelse (ETA).","og_url":"https:\/\/ave-eta-canada.com\/no\/eta-canada-covid-19-oppdaterte-reisebegrensninger\/","og_site_name":"VISA CANADA","article_modified_time":"2025-10-09T08:30:16+00:00","twitter_card":"summary_large_image","twitter_misc":{"Ansl. lesetid":"1 minutt"},"schema":{"@context":"https:\/\/schema.org","@graph":[{"@type":"WebPage","@id":"https:\/\/ave-eta-canada.com\/no\/eta-canada-covid-19-oppdaterte-reisebegrensninger\/","url":"https:\/\/ave-eta-canada.com\/no\/eta-canada-covid-19-oppdaterte-reisebegrensninger\/","name":"ETA Canada - COVID 19 oppdaterte reiserestriksjoner","isPartOf":{"@id":"https:\/\/ave-eta-canada.com\/no\/#website"},"datePublished":"2023-04-18T14:41:55+00:00","dateModified":"2025-10-09T08:30:16+00:00","description":"Finn ut mer om COVID-restriksjoner for innreise til Canada med en elektronisk reisetillatelse (ETA).","breadcrumb":{"@id":"https:\/\/ave-eta-canada.com\/no\/eta-canada-covid-19-oppdaterte-reisebegrensninger\/#breadcrumb"},"inLanguage":"nb-NO","potentialAction":[{"@type":"ReadAction","target":["https:\/\/ave-eta-canada.com\/no\/eta-canada-covid-19-oppdaterte-reisebegrensninger\/"]}]},{"@type":"BreadcrumbList","@id":"https:\/\/ave-eta-canada.com\/no\/eta-canada-covid-19-oppdaterte-reisebegrensninger\/#breadcrumb","itemListElement":[{"@type":"ListItem","position":1,"name":"Home","item":"https:\/\/ave-eta-canada.com\/no\/"},{"@type":"ListItem","position":2,"name":"ETA Canada &#8211; COVID 19 oppdaterte reiserestriksjoner"}]},{"@type":"WebSite","@id":"https:\/\/ave-eta-canada.com\/no\/#website","url":"https:\/\/ave-eta-canada.com\/no\/","name":"VISA CANADA","description":"Autorisation Voyage Electronique","potentialAction":[{"@type":"SearchAction","target":{"@type":"EntryPoint","urlTemplate":"https:\/\/ave-eta-canada.com\/no\/?s={search_term_string}"},"query-input":{"@type":"PropertyValueSpecification","valueRequired":true,"valueName":"search_term_string"}}],"inLanguage":"nb-NO"}]}},"_links":{"self":[{"href":"https:\/\/ave-eta-canada.com\/no\/wp-json\/wp\/v2\/pages\/4274","targetHints":{"allow":["GET"]}}],"collection":[{"href":"https:\/\/ave-eta-canada.com\/no\/wp-json\/wp\/v2\/pages"}],"about":[{"href":"https:\/\/ave-eta-canada.com\/no\/wp-json\/wp\/v2\/types\/page"}],"author":[{"embeddable":true,"href":"https:\/\/ave-eta-canada.com\/no\/wp-json\/wp\/v2\/users\/1"}],"replies":[{"embeddable":true,"href":"https:\/\/ave-eta-canada.com\/no\/wp-json\/wp\/v2\/comments?post=4274"}],"version-history":[{"count":2,"href":"https:\/\/ave-eta-canada.com\/no\/wp-json\/wp\/v2\/pages\/4274\/revisions"}],"predecessor-version":[{"id":6263,"href":"https:\/\/ave-eta-canada.com\/no\/wp-json\/wp\/v2\/pages\/4274\/revisions\/6263"}],"wp:attachment":[{"href":"https:\/\/ave-eta-canada.com\/no\/wp-json\/wp\/v2\/media?parent=4274"}],"curies":[{"name":"wp","href":"https:\/\/api.w.org\/{rel}","templated":true}]}}