{"id":4285,"date":"2023-04-18T14:41:56","date_gmt":"2023-04-18T14:41:56","guid":{"rendered":"https:\/\/ave-eta-canada.com\/arrivecan-canada\/"},"modified":"2025-10-09T09:14:26","modified_gmt":"2025-10-09T09:14:26","slug":"arrivecan-canada","status":"publish","type":"page","link":"https:\/\/ave-eta-canada.com\/no\/arrivecan-canada\/","title":{"rendered":"Onlineskjema for ArriveCAN Canada"},"content":{"rendered":"\n<h1 class=\"wp-block-heading\">ArriveCAN Canada<\/h1>\n\n<h2 class=\"wp-block-heading\">Hva er ArriveCAN?<\/h2>\n\n<p>ArriveCAN er en nettbasert applikasjon og tjeneste utviklet av Canadas regjering. Den lar reisende som kommer inn i Canada sende inn informasjonen sin relatert til COVID-19: Karanteneplan, vaksinasjonsstatus og testresultater. <\/p>\n\n<p>Siden mai 2023 <strong>er ArriveCAN ikke lenger en obligatorisk formalitet<\/strong> . Behovet for \u00e5 f\u00e5 reisetillatelse for Canada, for eksempel et kanadisk visum, er fortsatt obligatorisk.   <\/p>\n\n<p><strong>For et opphold p\u00e5 mindre enn 6 m\u00e5neder<\/strong> er det ikke n\u00f8dvendig \u00e5 f\u00e5 turistvisum for \u00e5 reise inn i Canada. Alt du trenger \u00e5 gj\u00f8re er \u00e5 f\u00e5 en online reiseautorisasjon p\u00e5 noen f\u00e5 minutter ved \u00e5 klikke p\u00e5 <a href=\"https:\/\/ave-eta-canada.com\/no\/canada-eta-skjema-online\/\">nettskjemaet<\/a>. <\/p>\n\n<div style=\"height:20px\" aria-hidden=\"true\" class=\"wp-block-spacer\"><\/div>\n\n<h2 class=\"wp-block-heading\">N\u00e5r skal man fullf\u00f8re ArriveCAN? <\/h2>\n\n<p>Reisende kan fullf\u00f8re ArriveCAN innen 72 timer etter ankomst til Canada. Det er viktig \u00e5 sende inn oppdatert og n\u00f8yaktig informasjon for \u00e5 lette prosessen med \u00e5 reise inn i landet. <\/p>\n\n<h2 class=\"wp-block-heading\">Hvordan fullf\u00f8re ArriveCAN? <\/h2>\n\n<p>For \u00e5 fullf\u00f8re ArriveCAN, last ned applikasjonen p\u00e5 smarttelefonen din eller f\u00e5 tilgang til onlinetjenesten. Opprett en konto og f\u00f8lg instruksjonene for \u00e5 oppgi den n\u00f8dvendige informasjonen. Du m\u00e5 sende inn detaljer som reiserute, vaksinasjonsstatus og en passende karanteneplan, om n\u00f8dvendig.  <\/p>\n\n<h2 class=\"wp-block-heading\">Hvem skal fullf\u00f8re ArriveCAN? <\/h2>\n\n<p>Denne tollprosessen kan brukes av reisende som kommer inn i Canada, enten de er kanadiere, fastboende eller utlendinger. Dette inkluderer voksne og mindre\u00e5rige, selv om foreldre eller foresatte kan fullf\u00f8re ArriveCAN for barn under 16 \u00e5r. <\/p>\n\n<h2 class=\"wp-block-heading\">Hva er prisen p\u00e5 ArriveCAN? <\/h2>\n\n<p>ArriveCAN er en gratis tjeneste levert av Canadas regjering. Det koster ingenting \u00e5 laste ned appen eller bruke nettjenesten. <\/p>\n\n<h2 class=\"wp-block-heading\">Hvordan laste ned ArriveCAN? <\/h2>\n\n<p>ArriveCAN er tilgjengelig som en app for Android- og iOS-smarttelefoner. Du kan laste den ned fra Google Play Store for Android-enheter eller App Store for iOS-enheter. Du kan ogs\u00e5 f\u00e5 tilgang til ArriveCAN gjennom en nettleser ved \u00e5 bes\u00f8ke den <a href=\"https:\/\/www.canada.ca\/en\/border-services-agency\/services\/arrivecan.html\">kanadiske regjeringens<\/a> nettsted.  <\/p>\n\n<h2 class=\"wp-block-heading\">Er ArriveCAN obligatorisk? <\/h2>\n\n<p>Nei, ArriveCAN er ikke lenger obligatorisk fra mai 2023 for reisende som reiser inn i Canada.  <\/p>\n\n<h2 class=\"wp-block-heading\">M\u00e5 jeg fylle ut ArriveCAN for \u00e5 g\u00e5 gjennom Canada? <\/h2>\n\n<p>Nei, reisende som reiser gjennom Canada trenger ikke lenger \u00e5 fullf\u00f8re ArriveCAN. Imidlertid kan de og Informasjonen som sendes inn vil lette transittprosessen og hjelpe kanadiske myndigheter med \u00e5 sikre sikkerheten til reisende og innbyggere. <\/p>\n\n<h2 class=\"wp-block-heading\">ArriveCAN apps logo i App Store og Google Play<\/h2>\n\n<p>Dette er logoen til ArriveCAN-appen. Appen er gratis \u00e5 laste ned fra Apple App Store og Google Play Store. <\/p>\n\n<figure class=\"wp-block-image size-full\" id=\"ArriveCAN-app\"><img fetchpriority=\"high\" decoding=\"async\" width=\"668\" height=\"407\" src=\"https:\/\/ave-eta-canada.com\/wp-content\/uploads\/2023\/04\/ArriveCAN-app.webp\" alt=\"ArriveCAN-applikasjon\" class=\"wp-image-4897\" title=\"ArriveCAN-applikasjon\" srcset=\"https:\/\/ave-eta-canada.com\/wp-content\/uploads\/2023\/04\/ArriveCAN-app.webp 668w, https:\/\/ave-eta-canada.com\/wp-content\/uploads\/2023\/04\/ArriveCAN-app-300x183.webp 300w\" sizes=\"(max-width: 668px) 100vw, 668px\" \/><\/figure>\n","protected":false},"excerpt":{"rendered":"<p>ArriveCAN Canada Hva er ArriveCAN? ArriveCAN er en nettbasert applikasjon og tjeneste utviklet av Canadas regjering. Den lar reisende som kommer inn i Canada sende inn informasjonen sin relatert til COVID-19: Karanteneplan, vaksinasjonsstatus og testresultater. Siden mai 2023 er ArriveCAN ikke lenger en obligatorisk formalitet . Behovet for \u00e5 f\u00e5 reisetillatelse for Canada, for eksempel [&hellip;]<\/p>\n","protected":false},"author":1,"featured_media":0,"parent":0,"menu_order":0,"comment_status":"closed","ping_status":"closed","template":"","meta":{"footnotes":""},"class_list":["post-4285","page","type-page","status-publish","hentry"],"yoast_head":"<!-- This site is optimized with the Yoast SEO plugin v26.9 - https:\/\/yoast.com\/product\/yoast-seo-wordpress\/ -->\n<title>Onlineskjema for ArriveCAN Canada<\/title>\n<meta name=\"description\" content=\"Arrivecan er den kanadiske regjeringens reiseinformasjonsapp. Reisende som kommer inn i Canada m\u00e5 logge p\u00e5\" \/>\n<meta name=\"robots\" content=\"index, follow, max-snippet:-1, max-image-preview:large, max-video-preview:-1\" \/>\n<link rel=\"canonical\" href=\"https:\/\/ave-eta-canada.com\/no\/arrivecan-canada\/\" \/>\n<meta property=\"og:locale\" content=\"nb_NO\" \/>\n<meta property=\"og:type\" content=\"article\" \/>\n<meta property=\"og:title\" content=\"Onlineskjema for ArriveCAN Canada\" \/>\n<meta property=\"og:description\" content=\"Arrivecan er den kanadiske regjeringens reiseinformasjonsapp. Reisende som kommer inn i Canada m\u00e5 logge p\u00e5\" \/>\n<meta property=\"og:url\" content=\"https:\/\/ave-eta-canada.com\/no\/arrivecan-canada\/\" \/>\n<meta property=\"og:site_name\" content=\"VISA CANADA\" \/>\n<meta property=\"article:modified_time\" content=\"2025-10-09T09:14:26+00:00\" \/>\n<meta property=\"og:image\" content=\"https:\/\/ave-eta-canada.com\/wp-content\/uploads\/2023\/04\/ArriveCAN-app.webp\" \/>\n\t<meta property=\"og:image:width\" content=\"668\" \/>\n\t<meta property=\"og:image:height\" content=\"407\" \/>\n\t<meta property=\"og:image:type\" content=\"image\/webp\" \/>\n<meta name=\"twitter:card\" content=\"summary_large_image\" \/>\n<meta name=\"twitter:label1\" content=\"Ansl. lesetid\" \/>\n\t<meta name=\"twitter:data1\" content=\"2 minutter\" \/>\n<script type=\"application\/ld+json\" class=\"yoast-schema-graph\">{\"@context\":\"https:\/\/schema.org\",\"@graph\":[{\"@type\":\"WebPage\",\"@id\":\"https:\/\/ave-eta-canada.com\/no\/arrivecan-canada\/\",\"url\":\"https:\/\/ave-eta-canada.com\/no\/arrivecan-canada\/\",\"name\":\"Onlineskjema for ArriveCAN Canada\",\"isPartOf\":{\"@id\":\"https:\/\/ave-eta-canada.com\/no\/#website\"},\"primaryImageOfPage\":{\"@id\":\"https:\/\/ave-eta-canada.com\/no\/arrivecan-canada\/#primaryimage\"},\"image\":{\"@id\":\"https:\/\/ave-eta-canada.com\/no\/arrivecan-canada\/#primaryimage\"},\"thumbnailUrl\":\"https:\/\/ave-eta-canada.com\/wp-content\/uploads\/2023\/04\/ArriveCAN-app.webp\",\"datePublished\":\"2023-04-18T14:41:56+00:00\",\"dateModified\":\"2025-10-09T09:14:26+00:00\",\"description\":\"Arrivecan er den kanadiske regjeringens reiseinformasjonsapp. Reisende som kommer inn i Canada m\u00e5 logge p\u00e5\",\"breadcrumb\":{\"@id\":\"https:\/\/ave-eta-canada.com\/no\/arrivecan-canada\/#breadcrumb\"},\"inLanguage\":\"nb-NO\",\"potentialAction\":[{\"@type\":\"ReadAction\",\"target\":[\"https:\/\/ave-eta-canada.com\/no\/arrivecan-canada\/\"]}]},{\"@type\":\"ImageObject\",\"inLanguage\":\"nb-NO\",\"@id\":\"https:\/\/ave-eta-canada.com\/no\/arrivecan-canada\/#primaryimage\",\"url\":\"https:\/\/ave-eta-canada.com\/wp-content\/uploads\/2023\/04\/ArriveCAN-app.webp\",\"contentUrl\":\"https:\/\/ave-eta-canada.com\/wp-content\/uploads\/2023\/04\/ArriveCAN-app.webp\"},{\"@type\":\"BreadcrumbList\",\"@id\":\"https:\/\/ave-eta-canada.com\/no\/arrivecan-canada\/#breadcrumb\",\"itemListElement\":[{\"@type\":\"ListItem\",\"position\":1,\"name\":\"Home\",\"item\":\"https:\/\/ave-eta-canada.com\/no\/\"},{\"@type\":\"ListItem\",\"position\":2,\"name\":\"Onlineskjema for ArriveCAN Canada\"}]},{\"@type\":\"WebSite\",\"@id\":\"https:\/\/ave-eta-canada.com\/no\/#website\",\"url\":\"https:\/\/ave-eta-canada.com\/no\/\",\"name\":\"VISA CANADA\",\"description\":\"Autorisation Voyage Electronique\",\"potentialAction\":[{\"@type\":\"SearchAction\",\"target\":{\"@type\":\"EntryPoint\",\"urlTemplate\":\"https:\/\/ave-eta-canada.com\/no\/?s={search_term_string}\"},\"query-input\":{\"@type\":\"PropertyValueSpecification\",\"valueRequired\":true,\"valueName\":\"search_term_string\"}}],\"inLanguage\":\"nb-NO\"}]}<\/script>\n<!-- \/ Yoast SEO plugin. -->","yoast_head_json":{"title":"Onlineskjema for ArriveCAN Canada","description":"Arrivecan er den kanadiske regjeringens reiseinformasjonsapp. Reisende som kommer inn i Canada m\u00e5 logge p\u00e5","robots":{"index":"index","follow":"follow","max-snippet":"max-snippet:-1","max-image-preview":"max-image-preview:large","max-video-preview":"max-video-preview:-1"},"canonical":"https:\/\/ave-eta-canada.com\/no\/arrivecan-canada\/","og_locale":"nb_NO","og_type":"article","og_title":"Onlineskjema for ArriveCAN Canada","og_description":"Arrivecan er den kanadiske regjeringens reiseinformasjonsapp. Reisende som kommer inn i Canada m\u00e5 logge p\u00e5","og_url":"https:\/\/ave-eta-canada.com\/no\/arrivecan-canada\/","og_site_name":"VISA CANADA","article_modified_time":"2025-10-09T09:14:26+00:00","og_image":[{"width":668,"height":407,"url":"https:\/\/ave-eta-canada.com\/wp-content\/uploads\/2023\/04\/ArriveCAN-app.webp","type":"image\/webp"}],"twitter_card":"summary_large_image","twitter_misc":{"Ansl. lesetid":"2 minutter"},"schema":{"@context":"https:\/\/schema.org","@graph":[{"@type":"WebPage","@id":"https:\/\/ave-eta-canada.com\/no\/arrivecan-canada\/","url":"https:\/\/ave-eta-canada.com\/no\/arrivecan-canada\/","name":"Onlineskjema for ArriveCAN Canada","isPartOf":{"@id":"https:\/\/ave-eta-canada.com\/no\/#website"},"primaryImageOfPage":{"@id":"https:\/\/ave-eta-canada.com\/no\/arrivecan-canada\/#primaryimage"},"image":{"@id":"https:\/\/ave-eta-canada.com\/no\/arrivecan-canada\/#primaryimage"},"thumbnailUrl":"https:\/\/ave-eta-canada.com\/wp-content\/uploads\/2023\/04\/ArriveCAN-app.webp","datePublished":"2023-04-18T14:41:56+00:00","dateModified":"2025-10-09T09:14:26+00:00","description":"Arrivecan er den kanadiske regjeringens reiseinformasjonsapp. Reisende som kommer inn i Canada m\u00e5 logge p\u00e5","breadcrumb":{"@id":"https:\/\/ave-eta-canada.com\/no\/arrivecan-canada\/#breadcrumb"},"inLanguage":"nb-NO","potentialAction":[{"@type":"ReadAction","target":["https:\/\/ave-eta-canada.com\/no\/arrivecan-canada\/"]}]},{"@type":"ImageObject","inLanguage":"nb-NO","@id":"https:\/\/ave-eta-canada.com\/no\/arrivecan-canada\/#primaryimage","url":"https:\/\/ave-eta-canada.com\/wp-content\/uploads\/2023\/04\/ArriveCAN-app.webp","contentUrl":"https:\/\/ave-eta-canada.com\/wp-content\/uploads\/2023\/04\/ArriveCAN-app.webp"},{"@type":"BreadcrumbList","@id":"https:\/\/ave-eta-canada.com\/no\/arrivecan-canada\/#breadcrumb","itemListElement":[{"@type":"ListItem","position":1,"name":"Home","item":"https:\/\/ave-eta-canada.com\/no\/"},{"@type":"ListItem","position":2,"name":"Onlineskjema for ArriveCAN Canada"}]},{"@type":"WebSite","@id":"https:\/\/ave-eta-canada.com\/no\/#website","url":"https:\/\/ave-eta-canada.com\/no\/","name":"VISA CANADA","description":"Autorisation Voyage Electronique","potentialAction":[{"@type":"SearchAction","target":{"@type":"EntryPoint","urlTemplate":"https:\/\/ave-eta-canada.com\/no\/?s={search_term_string}"},"query-input":{"@type":"PropertyValueSpecification","valueRequired":true,"valueName":"search_term_string"}}],"inLanguage":"nb-NO"}]}},"_links":{"self":[{"href":"https:\/\/ave-eta-canada.com\/no\/wp-json\/wp\/v2\/pages\/4285","targetHints":{"allow":["GET"]}}],"collection":[{"href":"https:\/\/ave-eta-canada.com\/no\/wp-json\/wp\/v2\/pages"}],"about":[{"href":"https:\/\/ave-eta-canada.com\/no\/wp-json\/wp\/v2\/types\/page"}],"author":[{"embeddable":true,"href":"https:\/\/ave-eta-canada.com\/no\/wp-json\/wp\/v2\/users\/1"}],"replies":[{"embeddable":true,"href":"https:\/\/ave-eta-canada.com\/no\/wp-json\/wp\/v2\/comments?post=4285"}],"version-history":[{"count":2,"href":"https:\/\/ave-eta-canada.com\/no\/wp-json\/wp\/v2\/pages\/4285\/revisions"}],"predecessor-version":[{"id":6293,"href":"https:\/\/ave-eta-canada.com\/no\/wp-json\/wp\/v2\/pages\/4285\/revisions\/6293"}],"wp:attachment":[{"href":"https:\/\/ave-eta-canada.com\/no\/wp-json\/wp\/v2\/media?parent=4285"}],"curies":[{"name":"wp","href":"https:\/\/api.w.org\/{rel}","templated":true}]}}