{"id":3957,"date":"2023-04-18T14:38:20","date_gmt":"2023-04-18T14:38:20","guid":{"rendered":"https:\/\/ave-eta-canada.com\/what-is-wild-canada\/"},"modified":"2023-05-09T08:10:22","modified_gmt":"2023-05-09T08:10:22","slug":"co-to-jest-eta-kanada","status":"publish","type":"page","link":"https:\/\/ave-eta-canada.com\/pl\/co-to-jest-eta-kanada\/","title":{"rendered":"Co to jest kanadyjska eTA?"},"content":{"rendered":"\n<h1 class=\"wp-block-heading\">Co to jest eTA Kanada?<\/h1>\n\n<p>ETA Kanada to elektroniczne upowa\u017cnienie do podr\u00f3\u017cy, kt\u00f3re pozwala obywatelom niekt\u00f3rych kraj\u00f3w na podr\u00f3\u017cowanie do Kanady drog\u0105 lotnicz\u0105 bez konieczno\u015bci ubiegania si\u0119 o wiz\u0119 w ambasadzie Kanady. eTA Kanada jest wa\u017cna przez pi\u0119\u0107 lat i pozwala na kilka wyjazd\u00f3w turystycznych do sze\u015bciu miesi\u0119cy w tym okresie. Ma by\u0107 r\u00f3wnie\u017c stosowany przy tranzytach na terytorium Kanady. <\/p>\n\n<p><strong>Formalno\u015bci zwi\u0105zanych z wjazdem do Kanady mo\u017cna dope\u0142ni\u0107<\/strong> bezpo\u015brednio przez Internet, klikaj\u0105c na <a href=\"https:\/\/ave-eta-canada.com\/pl\/eta-kanada-formularz-online\/\">formularz online<\/a>. Nie jest konieczne umawianie si\u0119 na spotkanie w ambasadzie lub konsulacie Kanady.<\/p>\n\n<p>Nale\u017cy r\u00f3wnie\u017c zauwa\u017cy\u0107, \u017ce Kanada eTA jest dokumentem powi\u0105zanym z paszportem wnioskodawcy i dlatego traci wa\u017cno\u015b\u0107 po wyga\u015bni\u0119ciu paszportu. W przypadku uzyskania nowego paszportu w ci\u0105gu 5 lat wa\u017cno\u015bci eTA, nale\u017cy wyst\u0105pi\u0107 o nowe zezwolenie.<\/p>\n\n<h2 class=\"wp-block-heading\">Kto mo\u017ce ubiega\u0107 si\u0119 o eTA Kanada?<\/h2>\n\n<p><a href=\"https:\/\/ave-eta-canada.com\/pl\/\">Wniosek o eTA<\/a> Kanada mog\u0105 z\u0142o\u017cy\u0107 obywatele kraj\u00f3w uprawnionych do zwolnienia z obowi\u0105zku wizowego, kt\u00f3rzy chc\u0105 podr\u00f3\u017cowa\u0107 do Kanady drog\u0105 lotnicz\u0105.<\/p>\n\n<h3 class=\"wp-block-heading\">Lista kraj\u00f3w, w kt\u00f3rych mo\u017cna ubiega\u0107 si\u0119 o eTA Kanada<\/h3>\n\n<figure class=\"wp-block-table\"><table><tbody><tr><td class=\"has-text-align-center\" data-align=\"center\">Niemcy<\/td><td class=\"has-text-align-center\" data-align=\"center\">Hiszpania<\/td><td class=\"has-text-align-center\" data-align=\"center\">Islandia<\/td><td class=\"has-text-align-center\" data-align=\"center\">Polska<\/td><td class=\"has-text-align-center\" data-align=\"center\">Watykan<\/td><\/tr><tr><td class=\"has-text-align-center\" data-align=\"center\">Andora<\/td><td class=\"has-text-align-center\" data-align=\"center\">Estonia<\/td><td class=\"has-text-align-center\" data-align=\"center\">W\u0142ochy<\/td><td class=\"has-text-align-center\" data-align=\"center\">Portugalia<\/td><td class=\"has-text-align-center\" data-align=\"center\"><strong>Od 2023 r:<\/strong><\/td><\/tr><tr><td class=\"has-text-align-center\" data-align=\"center\">Anguilla<\/td><td class=\"has-text-align-center\" data-align=\"center\">Finlandia<\/td><td class=\"has-text-align-center\" data-align=\"center\">Japonia<\/td><td class=\"has-text-align-center\" data-align=\"center\">Czechy<\/td><td class=\"has-text-align-center\" data-align=\"center\"><strong>Antigua i Barbuda<\/strong><\/td><\/tr><tr><td class=\"has-text-align-center\" data-align=\"center\">Australia<\/td><td class=\"has-text-align-center\" data-align=\"center\">Francja<\/td><td class=\"has-text-align-center\" data-align=\"center\">\u0141otwa<\/td><td class=\"has-text-align-center\" data-align=\"center\">Republika Korei<\/td><td class=\"has-text-align-center\" data-align=\"center\"><strong>Argentyna<\/strong><\/td><\/tr><tr><td class=\"has-text-align-center\" data-align=\"center\">Austria<\/td><td class=\"has-text-align-center\" data-align=\"center\">Gibraltar<\/td><td class=\"has-text-align-center\" data-align=\"center\">Liechtenstein<\/td><td class=\"has-text-align-center\" data-align=\"center\">Rumunia<\/td><td class=\"has-text-align-center\" data-align=\"center\"><strong>Kostaryka<\/strong><\/td><\/tr><tr><td class=\"has-text-align-center\" data-align=\"center\">Bahamski<\/td><td class=\"has-text-align-center\" data-align=\"center\">Grecja<\/td><td class=\"has-text-align-center\" data-align=\"center\">Litwa<\/td><td class=\"has-text-align-center\" data-align=\"center\">Wielka Brytania<\/td><td class=\"has-text-align-center\" data-align=\"center\"><strong>Maroko<\/strong><\/td><\/tr><tr><td class=\"has-text-align-center\" data-align=\"center\">Barbados<\/td><td class=\"has-text-align-center\" data-align=\"center\">Hongkong<\/td><td class=\"has-text-align-center\" data-align=\"center\">Luksemburg<\/td><td class=\"has-text-align-center\" data-align=\"center\">Sainte-H\u00e9l\u00e8ne<\/td><td class=\"has-text-align-center\" data-align=\"center\"><strong>Panama<\/strong><\/td><\/tr><tr><td class=\"has-text-align-center\" data-align=\"center\">Belgia<\/td><td class=\"has-text-align-center\" data-align=\"center\">W\u0119gry<\/td><td class=\"has-text-align-center\" data-align=\"center\">Malta<\/td><td class=\"has-text-align-center\" data-align=\"center\">San Marino<\/td><td class=\"has-text-align-center\" data-align=\"center\"><strong>Filipiny<\/strong><\/td><\/tr><tr><td class=\"has-text-align-center\" data-align=\"center\">Bermudy<\/td><td class=\"has-text-align-center\" data-align=\"center\">Kajmany<\/td><td class=\"has-text-align-center\" data-align=\"center\">Meksyk<\/td><td class=\"has-text-align-center\" data-align=\"center\">Samoa<\/td><td class=\"has-text-align-center\" data-align=\"center\"><strong>Saint Kitts i Nevis<\/strong><\/td><\/tr><tr><td class=\"has-text-align-center\" data-align=\"center\">Brunei<\/td><td class=\"has-text-align-center\" data-align=\"center\">Falklandy<\/td><td class=\"has-text-align-center\" data-align=\"center\">Monako<\/td><td class=\"has-text-align-center\" data-align=\"center\">Singapur<\/td><td class=\"has-text-align-center\" data-align=\"center\"><strong>\u015aW<\/strong><\/td><\/tr><tr><td class=\"has-text-align-center\" data-align=\"center\">Bu\u0142garia<\/td><td class=\"has-text-align-center\" data-align=\"center\">Wyspy Pitcairn<\/td><td class=\"has-text-align-center\" data-align=\"center\">Montserrat<\/td><td class=\"has-text-align-center\" data-align=\"center\">S\u0142owacja<\/td><td class=\"has-text-align-center\" data-align=\"center\"><strong>Saint Vincent i Grenadyny<\/strong><\/td><\/tr><tr><td class=\"has-text-align-center\" data-align=\"center\">Chile<\/td><td class=\"has-text-align-center\" data-align=\"center\">Wyspy Salomona<\/td><td class=\"has-text-align-center\" data-align=\"center\">Norwegia<\/td><td class=\"has-text-align-center\" data-align=\"center\">S\u0142owenia<\/td><td class=\"has-text-align-center\" data-align=\"center\"><strong>Seszele<\/strong><\/td><\/tr><tr><td class=\"has-text-align-center\" data-align=\"center\">Cypr<\/td><td class=\"has-text-align-center\" data-align=\"center\">Wyspy Turks i Caicos<\/td><td class=\"has-text-align-center\" data-align=\"center\">Nowa Zelandia<\/td><td class=\"has-text-align-center\" data-align=\"center\">Szwecja<\/td><td class=\"has-text-align-center\" data-align=\"center\"><strong>Tajlandia<\/strong><\/td><\/tr><tr><td class=\"has-text-align-center\" data-align=\"center\">Chorwacja<\/td><td class=\"has-text-align-center\" data-align=\"center\">Brytyjskie Wyspy Dziewicze<\/td><td class=\"has-text-align-center\" data-align=\"center\">Papua Nowa Gwinea<\/td><td class=\"has-text-align-center\" data-align=\"center\">szwajcarski<\/td><td class=\"has-text-align-center\" data-align=\"center\"><strong>Trynidad i Tobago<\/strong><\/td><\/tr><tr><td class=\"has-text-align-center\" data-align=\"center\">Dania<\/td><td class=\"has-text-align-center\" data-align=\"center\">Irlandia<\/td><td class=\"has-text-align-center\" data-align=\"center\">Holandia<\/td><td class=\"has-text-align-center\" data-align=\"center\">Tajwan<\/td><td class=\"has-text-align-center\" data-align=\"center\"><strong>Urugwaj<\/strong><\/td><\/tr><\/tbody><\/table><figcaption class=\"wp-element-caption\">Lista kraj\u00f3w korzystaj\u0105cych z kanadyjskiego programu zniesienia wiz<\/figcaption><\/figure>\n\n<p><strong>*pod pewnymi warunkami<\/strong><\/p>\n\n<p>Obywatele tych kraj\u00f3w maj\u0105 prawo ubiega\u0107 si\u0119 o eTA na pobyt turystyczny do 6 miesi\u0119cy. W pozosta\u0142ych przypadkach wymagane jest z\u0142o\u017cenie <a href=\"https:\/\/www.canada.ca\/en\/immigration-refugees-citizenship\/services\/visit-canada\/apply-visitor-visa.html\">wniosku o wiz\u0119 kanadyjsk\u0105<\/a> (np. w celu podj\u0119cia pracy, studi\u00f3w lub odbycia sta\u017cu w Kanadzie).<\/p>\n\n<h2 class=\"wp-block-heading\">Gdzie ubiega\u0107 si\u0119 o eTA w Kanadzie?<\/h2>\n\n<p>Aby ubiega\u0107 si\u0119 o eTA Canada, mo\u017cesz wej\u015b\u0107 na oficjaln\u0105 stron\u0119 rz\u0105du kanadyjskiego lub skorzysta\u0107 z niezale\u017cnej strony internetowej, takiej jak strona naszego partnera, kt\u00f3ra wykona aplikacj\u0119 za Ciebie. Wniosek o wydanie eTA sk\u0142ada si\u0119 tylko online. Nie trzeba udawa\u0107 si\u0119 do ambasady kanadyjskiej, aby go uzyska\u0107.<\/p>\n\n<p>Na oficjalnej stronie rz\u0105dowej musisz wype\u0142ni\u0107 r\u00f3\u017cne dane o sobie, takie jak pe\u0142ne imi\u0119 i nazwisko, narodowo\u015b\u0107, miejsce urodzenia, dane kontaktowe itp. Wymagane b\u0119d\u0105 r\u00f3wnie\u017c dane z paszportu: numer paszportu, data wydania i kraj wydaj\u0105cy, data wa\u017cno\u015bci itp.<\/p>\n\n<p>Musisz r\u00f3wnie\u017c odpowiedzie\u0107 na szereg pyta\u0144 dotycz\u0105cych Twojej przesz\u0142o\u015bci, takich jak to, czy w przesz\u0142o\u015bci rz\u0105d kanadyjski odm\u00f3wi\u0142 Ci wydania wizy lub pozwolenia na prac\u0119, czy otrzyma\u0142e\u015b nakaz opuszczenia kraju, czy zdiagnozowano u Ciebie gru\u017alic\u0119, czy cierpisz na alkoholizm.<\/p>\n\n<p>Uwaga: Je\u015bli <a href=\"https:\/\/ave-eta-canada.com\/pl\/utracono-kanadyjski-numer-eta\/\">zgubi\u0142e\u015b swoje eTA<\/a> Kanada, mo\u017cna je odzyska\u0107 na oficjalnej stronie rz\u0105du kanadyjskiego. Wi\u0119cej informacji mo\u017cna znale\u017a\u0107 w artykule na ten temat. <\/p>\n\n<p>Na prywatnej stronie formularz zg\u0142oszeniowy jest uproszczony i przed zatwierdzeniem zostanie sprawdzony przez zesp\u00f3\u0142 profesjonalist\u00f3w. B\u0105d\u017acie pewni, \u017ce otrzymane eTA b\u0119dzie tak samo oficjalne, jak autoryzacja wymagana na oficjalnej stronie internetowej. R\u00f3\u017cnica polega po prostu na tym, \u017ce oferuje si\u0119 Ci pomoc, kt\u00f3ra pomo\u017ce Ci przej\u015b\u0107 przez proces i zmniejszy ryzyko odrzucenia. Rzeczywi\u015bcie, wi\u0119kszo\u015b\u0107 odm\u00f3w wydania zezwolenia na podr\u00f3\u017c wynika z b\u0142\u0119du pisarskiego, liter\u00f3wki lub pomy\u0142ki w numerze paszportu.<\/p>\n","protected":false},"excerpt":{"rendered":"<p>Co to jest eTA Kanada? ETA Kanada to elektroniczne upowa\u017cnienie do podr\u00f3\u017cy, kt\u00f3re pozwala obywatelom niekt\u00f3rych kraj\u00f3w na podr\u00f3\u017cowanie do Kanady drog\u0105 lotnicz\u0105 bez konieczno\u015bci ubiegania si\u0119 o wiz\u0119 w ambasadzie Kanady. eTA Kanada jest wa\u017cna przez pi\u0119\u0107 lat i pozwala na kilka wyjazd\u00f3w turystycznych do sze\u015bciu miesi\u0119cy w tym okresie. Ma by\u0107 r\u00f3wnie\u017c stosowany [&hellip;]<\/p>\n","protected":false},"author":1,"featured_media":0,"parent":0,"menu_order":0,"comment_status":"closed","ping_status":"closed","template":"","meta":{"footnotes":""},"class_list":["post-3957","page","type-page","status-publish","hentry"],"yoast_head":"<!-- This site is optimized with the Yoast SEO plugin v26.9 - https:\/\/yoast.com\/product\/yoast-seo-wordpress\/ -->\n<title>Co to jest kanadyjska eTA?<\/title>\n<meta name=\"description\" content=\"ETA Kanada to elektroniczne upowa\u017cnienie do podr\u00f3\u017cy, kt\u00f3re pozwala niekt\u00f3rym podr\u00f3\u017cnym odwiedzi\u0107 Kanad\u0119 bez wizy. Przeczytaj nasz artyku\u0142.\" \/>\n<meta name=\"robots\" content=\"index, follow, max-snippet:-1, max-image-preview:large, max-video-preview:-1\" \/>\n<link rel=\"canonical\" href=\"https:\/\/ave-eta-canada.com\/pl\/co-to-jest-eta-kanada\/\" \/>\n<meta property=\"og:locale\" content=\"pl_PL\" \/>\n<meta property=\"og:type\" content=\"article\" \/>\n<meta property=\"og:title\" content=\"Co to jest kanadyjska eTA?\" \/>\n<meta property=\"og:description\" content=\"ETA Kanada to elektroniczne upowa\u017cnienie do podr\u00f3\u017cy, kt\u00f3re pozwala niekt\u00f3rym podr\u00f3\u017cnym odwiedzi\u0107 Kanad\u0119 bez wizy. Przeczytaj nasz artyku\u0142.\" \/>\n<meta property=\"og:url\" content=\"https:\/\/ave-eta-canada.com\/pl\/co-to-jest-eta-kanada\/\" \/>\n<meta property=\"og:site_name\" content=\"VISA CANADA\" \/>\n<meta property=\"article:modified_time\" content=\"2023-05-09T08:10:22+00:00\" \/>\n<meta name=\"twitter:card\" content=\"summary_large_image\" \/>\n<meta name=\"twitter:label1\" content=\"Szacowany czas czytania\" \/>\n\t<meta name=\"twitter:data1\" content=\"3 minuty\" \/>\n<script type=\"application\/ld+json\" class=\"yoast-schema-graph\">{\"@context\":\"https:\/\/schema.org\",\"@graph\":[{\"@type\":\"WebPage\",\"@id\":\"https:\/\/ave-eta-canada.com\/pl\/co-to-jest-eta-kanada\/\",\"url\":\"https:\/\/ave-eta-canada.com\/pl\/co-to-jest-eta-kanada\/\",\"name\":\"Co to jest kanadyjska eTA?\",\"isPartOf\":{\"@id\":\"https:\/\/ave-eta-canada.com\/pl\/#website\"},\"datePublished\":\"2023-04-18T14:38:20+00:00\",\"dateModified\":\"2023-05-09T08:10:22+00:00\",\"description\":\"ETA Kanada to elektroniczne upowa\u017cnienie do podr\u00f3\u017cy, kt\u00f3re pozwala niekt\u00f3rym podr\u00f3\u017cnym odwiedzi\u0107 Kanad\u0119 bez wizy. Przeczytaj nasz artyku\u0142.\",\"breadcrumb\":{\"@id\":\"https:\/\/ave-eta-canada.com\/pl\/co-to-jest-eta-kanada\/#breadcrumb\"},\"inLanguage\":\"pl-PL\",\"potentialAction\":[{\"@type\":\"ReadAction\",\"target\":[\"https:\/\/ave-eta-canada.com\/pl\/co-to-jest-eta-kanada\/\"]}]},{\"@type\":\"BreadcrumbList\",\"@id\":\"https:\/\/ave-eta-canada.com\/pl\/co-to-jest-eta-kanada\/#breadcrumb\",\"itemListElement\":[{\"@type\":\"ListItem\",\"position\":1,\"name\":\"Home\",\"item\":\"https:\/\/ave-eta-canada.com\/pl\/\"},{\"@type\":\"ListItem\",\"position\":2,\"name\":\"Co to jest kanadyjska eTA?\"}]},{\"@type\":\"WebSite\",\"@id\":\"https:\/\/ave-eta-canada.com\/pl\/#website\",\"url\":\"https:\/\/ave-eta-canada.com\/pl\/\",\"name\":\"VISA CANADA\",\"description\":\"Autorisation Voyage Electronique\",\"potentialAction\":[{\"@type\":\"SearchAction\",\"target\":{\"@type\":\"EntryPoint\",\"urlTemplate\":\"https:\/\/ave-eta-canada.com\/pl\/?s={search_term_string}\"},\"query-input\":{\"@type\":\"PropertyValueSpecification\",\"valueRequired\":true,\"valueName\":\"search_term_string\"}}],\"inLanguage\":\"pl-PL\"}]}<\/script>\n<!-- \/ Yoast SEO plugin. -->","yoast_head_json":{"title":"Co to jest kanadyjska eTA?","description":"ETA Kanada to elektroniczne upowa\u017cnienie do podr\u00f3\u017cy, kt\u00f3re pozwala niekt\u00f3rym podr\u00f3\u017cnym odwiedzi\u0107 Kanad\u0119 bez wizy. Przeczytaj nasz artyku\u0142.","robots":{"index":"index","follow":"follow","max-snippet":"max-snippet:-1","max-image-preview":"max-image-preview:large","max-video-preview":"max-video-preview:-1"},"canonical":"https:\/\/ave-eta-canada.com\/pl\/co-to-jest-eta-kanada\/","og_locale":"pl_PL","og_type":"article","og_title":"Co to jest kanadyjska eTA?","og_description":"ETA Kanada to elektroniczne upowa\u017cnienie do podr\u00f3\u017cy, kt\u00f3re pozwala niekt\u00f3rym podr\u00f3\u017cnym odwiedzi\u0107 Kanad\u0119 bez wizy. Przeczytaj nasz artyku\u0142.","og_url":"https:\/\/ave-eta-canada.com\/pl\/co-to-jest-eta-kanada\/","og_site_name":"VISA CANADA","article_modified_time":"2023-05-09T08:10:22+00:00","twitter_card":"summary_large_image","twitter_misc":{"Szacowany czas czytania":"3 minuty"},"schema":{"@context":"https:\/\/schema.org","@graph":[{"@type":"WebPage","@id":"https:\/\/ave-eta-canada.com\/pl\/co-to-jest-eta-kanada\/","url":"https:\/\/ave-eta-canada.com\/pl\/co-to-jest-eta-kanada\/","name":"Co to jest kanadyjska eTA?","isPartOf":{"@id":"https:\/\/ave-eta-canada.com\/pl\/#website"},"datePublished":"2023-04-18T14:38:20+00:00","dateModified":"2023-05-09T08:10:22+00:00","description":"ETA Kanada to elektroniczne upowa\u017cnienie do podr\u00f3\u017cy, kt\u00f3re pozwala niekt\u00f3rym podr\u00f3\u017cnym odwiedzi\u0107 Kanad\u0119 bez wizy. Przeczytaj nasz artyku\u0142.","breadcrumb":{"@id":"https:\/\/ave-eta-canada.com\/pl\/co-to-jest-eta-kanada\/#breadcrumb"},"inLanguage":"pl-PL","potentialAction":[{"@type":"ReadAction","target":["https:\/\/ave-eta-canada.com\/pl\/co-to-jest-eta-kanada\/"]}]},{"@type":"BreadcrumbList","@id":"https:\/\/ave-eta-canada.com\/pl\/co-to-jest-eta-kanada\/#breadcrumb","itemListElement":[{"@type":"ListItem","position":1,"name":"Home","item":"https:\/\/ave-eta-canada.com\/pl\/"},{"@type":"ListItem","position":2,"name":"Co to jest kanadyjska eTA?"}]},{"@type":"WebSite","@id":"https:\/\/ave-eta-canada.com\/pl\/#website","url":"https:\/\/ave-eta-canada.com\/pl\/","name":"VISA CANADA","description":"Autorisation Voyage Electronique","potentialAction":[{"@type":"SearchAction","target":{"@type":"EntryPoint","urlTemplate":"https:\/\/ave-eta-canada.com\/pl\/?s={search_term_string}"},"query-input":{"@type":"PropertyValueSpecification","valueRequired":true,"valueName":"search_term_string"}}],"inLanguage":"pl-PL"}]}},"_links":{"self":[{"href":"https:\/\/ave-eta-canada.com\/pl\/wp-json\/wp\/v2\/pages\/3957","targetHints":{"allow":["GET"]}}],"collection":[{"href":"https:\/\/ave-eta-canada.com\/pl\/wp-json\/wp\/v2\/pages"}],"about":[{"href":"https:\/\/ave-eta-canada.com\/pl\/wp-json\/wp\/v2\/types\/page"}],"author":[{"embeddable":true,"href":"https:\/\/ave-eta-canada.com\/pl\/wp-json\/wp\/v2\/users\/1"}],"replies":[{"embeddable":true,"href":"https:\/\/ave-eta-canada.com\/pl\/wp-json\/wp\/v2\/comments?post=3957"}],"version-history":[{"count":0,"href":"https:\/\/ave-eta-canada.com\/pl\/wp-json\/wp\/v2\/pages\/3957\/revisions"}],"wp:attachment":[{"href":"https:\/\/ave-eta-canada.com\/pl\/wp-json\/wp\/v2\/media?parent=3957"}],"curies":[{"name":"wp","href":"https:\/\/api.w.org\/{rel}","templated":true}]}}