{"id":3972,"date":"2023-04-18T14:38:23","date_gmt":"2023-04-18T14:38:23","guid":{"rendered":"https:\/\/ave-eta-canada.com\/cala-wiedza-o-popycie-na-kanade\/"},"modified":"2023-05-08T21:12:03","modified_gmt":"2023-05-08T21:12:03","slug":"wniosek-eta-dla-kanady","status":"publish","type":"page","link":"https:\/\/ave-eta-canada.com\/pl\/wniosek-eta-dla-kanady\/","title":{"rendered":"Wszystko o sk\u0142adaniu wniosku o wydanie eTA w Kanadzie"},"content":{"rendered":"\n<h1 class=\"wp-block-heading\">Ubieganie si\u0119 o eTA Canada<\/h1>\n\n<p>Elektroniczna autoryzacja podr\u00f3\u017cy (ETA) nie r\u00f3\u017cni si\u0119 od ameryka\u0144skiej ESTA. Wszystkie pobyty w Kanadzie wymagaj\u0105 uzyskania zezwolenia na podr\u00f3\u017c eTA lub wizy kanadyjskiej. <\/p>\n\n<p><strong>W przypadku pobytu w Kanadzie kr\u00f3tszego ni\u017c 6 miesi\u0119cy<\/strong>: formalno\u015bci zwi\u0105zanych z wjazdem do Kanady mo\u017cna dope\u0142ni\u0107 bezpo\u015brednio przez Internet, klikaj\u0105c na <a href=\"https:\/\/ave-eta-canada.com\/pl\/wiza-czy-eta-kanada\/\">formularz online<\/a>. Nie jest konieczne umawianie si\u0119 na spotkanie w ambasadzie lub konsulacie Kanady.<\/p>\n\n<p>Poni\u017cej wyja\u015bniamy, kto jest uprawniony do ubiegania si\u0119 o eTA w Kanadzie i jak nale\u017cy post\u0119powa\u0107, aby go uzyska\u0107.<br\/><\/p>\n\n<h2 class=\"wp-block-heading\">Kto mo\u017ce ubiega\u0107 si\u0119 o eTA Kanada?<\/h2>\n\n<p>Aby ubiega\u0107 <a href=\"https:\/\/ave-eta-canada.com\/pl\/\">si\u0119 o Kanada eTA<\/a>, podr\u00f3\u017cuj\u0105cy musi by\u0107 obywatelem jednego z kraj\u00f3w zwolnionych z obowi\u0105zku wizowego. Kraje, kt\u00f3rych dotyczy to zwolnienie to :<\/p>\n\n<p>Andora, Australia, Austria, Bahamy, Barbados, Belgia, Brazylia*, Brunei Darussalam, Bu\u0142garia*, Chile, Chorwacja, Cypr, Dania, Estonia, Finlandia, Francja, Grecja, Hiszpania, Holandia, Hong Kong, Irlandia, Islandia, Izrael, Wyspy Salomona, W\u0119gry, W\u0142ochy, Japonia, \u0141otwa, Liechtenstein, Litwa, Luksemburg, Malta, Meksyk, Monako, Holandia, Nowa Zelandia, Norwegia, Papua Nowa Gwinea, Polska, Portugalia, Republika Korei, Rumunia, Samoa, Wyspy Salomona, Singapur, S\u0142owacja, S\u0142owenia, Hiszpania, Szwecja, Szwajcaria, Tajwan i Watykan. (*pod pewnymi warunkami)<\/p>\n\n<p>Tylko podr\u00f3\u017ce do Kanady drog\u0105 lotnicz\u0105 podlegaj\u0105 <a href=\"https:\/\/ave-eta-canada.com\/pl\/czy-eta-kanada-jest-obowiazkowa\/\">wymogowi eTA<\/a>, kt\u00f3ry obejmuje tranzyty. ETA Kanada nie jest uznawana dla podr\u00f3\u017cy l\u0105dowych i morskich. <\/p>\n\n<p>Posiadacze kanadyjskiej wizy r\u00f3wnie\u017c nie s\u0105 zobowi\u0105zani do ubiegania si\u0119 o kanadyjsk\u0105 eTA. Dotyczy to r\u00f3wnie\u017c obywateli francuskich mieszkaj\u0105cych w Saint-Pierre-et-Miquelon, je\u017celi wje\u017cd\u017caj\u0105 do Kanady drog\u0105 lotnicz\u0105 bezpo\u015brednio z Saint-Pierre-et-Miquelon.<\/p>\n\n<p>Aby ubiega\u0107 si\u0119 o eTA Kanada, podr\u00f3\u017cuj\u0105cy musi posiada\u0107 wa\u017cny paszport. Kanada nie wymaga paszportu biometrycznego do z\u0142o\u017cenia wniosku o Kanada eTA, ale zaleca si\u0119, aby pozosta\u0142 on wa\u017cny przez co najmniej 6 miesi\u0119cy.<\/p>\n\n<p>Aby kwalifikowa\u0107 si\u0119 do eTA Kanada, pobyt musi trwa\u0107 kr\u00f3cej ni\u017c 6 miesi\u0119cy i mo\u017ce by\u0107 realizowany wy\u0142\u0105cznie w celach turystycznych lub biznesowych. Bilet mo\u017ce by\u0107 wymagany przy odprawie celnej. W przypadku dziecka niepe\u0142noletniego nale\u017cy przedstawi\u0107 akt urodzenia oraz wszelkie inne dokumenty wyja\u015bniaj\u0105ce sytuacj\u0119 rodzinn\u0105 dziecka (list upowa\u017cniaj\u0105cy od rodzica nie podr\u00f3\u017cuj\u0105cego z dzieckiem, kserokopia postanowienia o opiece nad dzieckiem w przypadku rozwodu itp.<br\/><br\/><\/p>\n\n<h2 class=\"wp-block-heading\">Jak z\u0142o\u017cy\u0107 wniosek o eTA Kanada?<\/h2>\n\n<p>Wniosek o eTA Kanada sk\u0142ada si\u0119 poprzez formularz internetowy dost\u0119pny na oficjalnej stronie rz\u0105du kanadyjskiego lub poprzez prywatn\u0105 stron\u0119 internetow\u0105. Obecnie nie ma mo\u017cliwo\u015bci dokonywania zg\u0142osze\u0144 grupowych.<\/p>\n\n<p><a href=\"https:\/\/ave-eta-canada.com\/pl\/kiedy-ubiegac-sie-o-zezwolenie-dla-kanady\/\">Kiedy nale\u017cy z\u0142o\u017cy\u0107 wniosek o dofinansowanie z eTA<\/a>? Wa\u017cne jest, aby z\u0142o\u017cy\u0107 wniosek o zezwolenie na kilka dni przed wyjazdem (polecamy zapozna\u0107 si\u0119 z nasz\u0105 stron\u0105 o tym, jak d\u0142ugo trwa uzyskanie eTA w Kanadzie). Zaleca si\u0119 jednak, aby zrobi\u0107 to jak najszybciej, aby unikn\u0105\u0107 rozczarowania. Nie ma potrzeby przyjazdu na lotnisko bez tego zezwolenia na podr\u00f3\u017c, poniewa\u017c firmy maj\u0105 obowi\u0105zek odm\u00f3wi\u0107 przyj\u0119cia na pok\u0142ad. Nawet je\u015bli otrzymaj\u0105 Pa\u0144stwo pozwolenie na wej\u015bcie do samolotu, urz\u0119dnicy imigracyjni na granicy kanadyjskiej nie wpuszcz\u0105 Pa\u0144stwa do Kanady bez wa\u017cnego zezwolenia (eTA lub wizy).<\/p>\n\n<p>Do <a href=\"https:\/\/ave-eta-canada.com\/pl\/wypelnienie-formularza-eta-kanady\/\">wype\u0142nienia formularza zg\u0142oszeniowego eTA Kanada<\/a> potrzebny jest paszport i karta p\u0142atnicza. Za eTA pobierana jest op\u0142ata w wysoko\u015bci 7 CAN$. Formularz rozpoczyna si\u0119 od okre\u015blenia, czy wniosek sk\u0142ada sam podr\u00f3\u017cny, czy dla innej osoby.<\/p>\n\n<p>Informacje, kt\u00f3re nale\u017cy wype\u0142ni\u0107 dotycz\u0105 przede wszystkim paszportu: numer paszportu, nazwisko i imiona zgodnie z zapisem na dokumencie, data urodzenia, p\u0142e\u0107, miejsce urodzenia, data wydania i wa\u017cno\u015bci. Druga cz\u0119\u015b\u0107 formularza dotyczy danych osobowych: podw\u00f3jne obywatelstwo, sytuacja rodzinna, poprzednie wnioski o zezwolenie na podr\u00f3\u017c do Kanady, sytuacja zawodowa, adres pocztowy, wa\u017cny adres e-mail. Nast\u0119pnie podawane s\u0105 informacje na temat Pa\u0144stwa pobytu w Kanadzie, w tym daty. Ostatnia cz\u0119\u015b\u0107 formularza dotyczy Twojego pochodzenia: zakazu wjazdu, przest\u0119pstwa, historii medycznej z naciskiem na gru\u017alic\u0119 itp.<\/p>\n\n<p>Zatwierdzenie formularza online nast\u0119puje poprzez zaakceptowanie regulaminu i wniesienie op\u0142aty za zg\u0142oszenie.<\/p>\n\n<p>Po z\u0142o\u017ceniu wniosku eTA Kanada, IRCC (Immigration, Refugees and Citizenship Canada) wysy\u0142a elektroniczne potwierdzenie odbioru. W zdecydowanej wi\u0119kszo\u015bci przypadk\u00f3w zatwierdzenie (lub odrzucenie) jest wysy\u0142ane niemal jednocze\u015bnie. Mo\u017cliwe jest jednak, \u017ce rozpatrzenie wniosku mo\u017ce trwa\u0107 d\u0142u\u017cej i \u017ce w\u0142adze kanadyjskie mog\u0105 wymaga\u0107 dodatkowej dokumentacji. Je\u015bli wniosek zostanie odrzucony, nale\u017cy ubiega\u0107 si\u0119 o wiz\u0119 w ambasadzie Kanady. Procedury uzyskania wizy s\u0105 bardziej skomplikowane, d\u0142u\u017csze i dro\u017csze.<\/p>\n\n<p>ETA jest wa\u017cny przez 5 lat od daty wydania lub do czasu wyga\u015bni\u0119cia paszportu, je\u015bli wygasa wcze\u015bniej. ETA jest wi\u0119c nierozerwalnie zwi\u0105zany z paszportem; ka\u017cda zmiana (nowy paszport lub zmiana danych w nim zawartych) wymaga z\u0142o\u017cenia nowego wniosku. <a href=\"https:\/\/ave-eta-canada.com\/pl\/jak-sprawdzic-status-swojego-wniosku-w-kanadzie\/\">Status swojego zezwolenia mo\u017cna sprawdzi\u0107 <\/a>bezpo\u015brednio na stronie internetowej rz\u0105du kanadyjskiego.<\/p>\n","protected":false},"excerpt":{"rendered":"<p>Ubieganie si\u0119 o eTA Canada Elektroniczna autoryzacja podr\u00f3\u017cy (ETA) nie r\u00f3\u017cni si\u0119 od ameryka\u0144skiej ESTA. Wszystkie pobyty w Kanadzie wymagaj\u0105 uzyskania zezwolenia na podr\u00f3\u017c eTA lub wizy kanadyjskiej. W przypadku pobytu w Kanadzie kr\u00f3tszego ni\u017c 6 miesi\u0119cy: formalno\u015bci zwi\u0105zanych z wjazdem do Kanady mo\u017cna dope\u0142ni\u0107 bezpo\u015brednio przez Internet, klikaj\u0105c na formularz online. Nie jest konieczne [&hellip;]<\/p>\n","protected":false},"author":1,"featured_media":0,"parent":0,"menu_order":0,"comment_status":"closed","ping_status":"closed","template":"","meta":{"footnotes":""},"class_list":["post-3972","page","type-page","status-publish","hentry"],"yoast_head":"<!-- This site is optimized with the Yoast SEO plugin v26.9 - https:\/\/yoast.com\/product\/yoast-seo-wordpress\/ -->\n<title>Wszystko o sk\u0142adaniu wniosku o wydanie eTA w Kanadzie<\/title>\n<meta name=\"description\" content=\"Tutaj znajdziesz wszystkie informacje dotycz\u0105ce ubiegania si\u0119 o eTA w Kanadzie: kto jest uprawniony do ubiegania si\u0119 o eTA, kiedy nale\u017cy z\u0142o\u017cy\u0107 wniosek i jak post\u0119powa\u0107.\" \/>\n<meta name=\"robots\" content=\"index, follow, max-snippet:-1, max-image-preview:large, max-video-preview:-1\" \/>\n<link rel=\"canonical\" href=\"https:\/\/ave-eta-canada.com\/pl\/wniosek-eta-dla-kanady\/\" \/>\n<meta property=\"og:locale\" content=\"pl_PL\" \/>\n<meta property=\"og:type\" content=\"article\" \/>\n<meta property=\"og:title\" content=\"Wszystko o sk\u0142adaniu wniosku o wydanie eTA w Kanadzie\" \/>\n<meta property=\"og:description\" content=\"Tutaj znajdziesz wszystkie informacje dotycz\u0105ce ubiegania si\u0119 o eTA w Kanadzie: kto jest uprawniony do ubiegania si\u0119 o eTA, kiedy nale\u017cy z\u0142o\u017cy\u0107 wniosek i jak post\u0119powa\u0107.\" \/>\n<meta property=\"og:url\" content=\"https:\/\/ave-eta-canada.com\/pl\/wniosek-eta-dla-kanady\/\" \/>\n<meta property=\"og:site_name\" content=\"VISA CANADA\" \/>\n<meta property=\"article:modified_time\" content=\"2023-05-08T21:12:03+00:00\" \/>\n<meta name=\"twitter:card\" content=\"summary_large_image\" \/>\n<meta name=\"twitter:label1\" content=\"Szacowany czas czytania\" \/>\n\t<meta name=\"twitter:data1\" content=\"4 minuty\" \/>\n<script type=\"application\/ld+json\" class=\"yoast-schema-graph\">{\"@context\":\"https:\/\/schema.org\",\"@graph\":[{\"@type\":\"WebPage\",\"@id\":\"https:\/\/ave-eta-canada.com\/pl\/wniosek-eta-dla-kanady\/\",\"url\":\"https:\/\/ave-eta-canada.com\/pl\/wniosek-eta-dla-kanady\/\",\"name\":\"Wszystko o sk\u0142adaniu wniosku o wydanie eTA w Kanadzie\",\"isPartOf\":{\"@id\":\"https:\/\/ave-eta-canada.com\/pl\/#website\"},\"datePublished\":\"2023-04-18T14:38:23+00:00\",\"dateModified\":\"2023-05-08T21:12:03+00:00\",\"description\":\"Tutaj znajdziesz wszystkie informacje dotycz\u0105ce ubiegania si\u0119 o eTA w Kanadzie: kto jest uprawniony do ubiegania si\u0119 o eTA, kiedy nale\u017cy z\u0142o\u017cy\u0107 wniosek i jak post\u0119powa\u0107.\",\"breadcrumb\":{\"@id\":\"https:\/\/ave-eta-canada.com\/pl\/wniosek-eta-dla-kanady\/#breadcrumb\"},\"inLanguage\":\"pl-PL\",\"potentialAction\":[{\"@type\":\"ReadAction\",\"target\":[\"https:\/\/ave-eta-canada.com\/pl\/wniosek-eta-dla-kanady\/\"]}]},{\"@type\":\"BreadcrumbList\",\"@id\":\"https:\/\/ave-eta-canada.com\/pl\/wniosek-eta-dla-kanady\/#breadcrumb\",\"itemListElement\":[{\"@type\":\"ListItem\",\"position\":1,\"name\":\"Home\",\"item\":\"https:\/\/ave-eta-canada.com\/pl\/\"},{\"@type\":\"ListItem\",\"position\":2,\"name\":\"Wszystko o sk\u0142adaniu wniosku o wydanie eTA w Kanadzie\"}]},{\"@type\":\"WebSite\",\"@id\":\"https:\/\/ave-eta-canada.com\/pl\/#website\",\"url\":\"https:\/\/ave-eta-canada.com\/pl\/\",\"name\":\"VISA CANADA\",\"description\":\"Autorisation Voyage Electronique\",\"potentialAction\":[{\"@type\":\"SearchAction\",\"target\":{\"@type\":\"EntryPoint\",\"urlTemplate\":\"https:\/\/ave-eta-canada.com\/pl\/?s={search_term_string}\"},\"query-input\":{\"@type\":\"PropertyValueSpecification\",\"valueRequired\":true,\"valueName\":\"search_term_string\"}}],\"inLanguage\":\"pl-PL\"}]}<\/script>\n<!-- \/ Yoast SEO plugin. -->","yoast_head_json":{"title":"Wszystko o sk\u0142adaniu wniosku o wydanie eTA w Kanadzie","description":"Tutaj znajdziesz wszystkie informacje dotycz\u0105ce ubiegania si\u0119 o eTA w Kanadzie: kto jest uprawniony do ubiegania si\u0119 o eTA, kiedy nale\u017cy z\u0142o\u017cy\u0107 wniosek i jak post\u0119powa\u0107.","robots":{"index":"index","follow":"follow","max-snippet":"max-snippet:-1","max-image-preview":"max-image-preview:large","max-video-preview":"max-video-preview:-1"},"canonical":"https:\/\/ave-eta-canada.com\/pl\/wniosek-eta-dla-kanady\/","og_locale":"pl_PL","og_type":"article","og_title":"Wszystko o sk\u0142adaniu wniosku o wydanie eTA w Kanadzie","og_description":"Tutaj znajdziesz wszystkie informacje dotycz\u0105ce ubiegania si\u0119 o eTA w Kanadzie: kto jest uprawniony do ubiegania si\u0119 o eTA, kiedy nale\u017cy z\u0142o\u017cy\u0107 wniosek i jak post\u0119powa\u0107.","og_url":"https:\/\/ave-eta-canada.com\/pl\/wniosek-eta-dla-kanady\/","og_site_name":"VISA CANADA","article_modified_time":"2023-05-08T21:12:03+00:00","twitter_card":"summary_large_image","twitter_misc":{"Szacowany czas czytania":"4 minuty"},"schema":{"@context":"https:\/\/schema.org","@graph":[{"@type":"WebPage","@id":"https:\/\/ave-eta-canada.com\/pl\/wniosek-eta-dla-kanady\/","url":"https:\/\/ave-eta-canada.com\/pl\/wniosek-eta-dla-kanady\/","name":"Wszystko o sk\u0142adaniu wniosku o wydanie eTA w Kanadzie","isPartOf":{"@id":"https:\/\/ave-eta-canada.com\/pl\/#website"},"datePublished":"2023-04-18T14:38:23+00:00","dateModified":"2023-05-08T21:12:03+00:00","description":"Tutaj znajdziesz wszystkie informacje dotycz\u0105ce ubiegania si\u0119 o eTA w Kanadzie: kto jest uprawniony do ubiegania si\u0119 o eTA, kiedy nale\u017cy z\u0142o\u017cy\u0107 wniosek i jak post\u0119powa\u0107.","breadcrumb":{"@id":"https:\/\/ave-eta-canada.com\/pl\/wniosek-eta-dla-kanady\/#breadcrumb"},"inLanguage":"pl-PL","potentialAction":[{"@type":"ReadAction","target":["https:\/\/ave-eta-canada.com\/pl\/wniosek-eta-dla-kanady\/"]}]},{"@type":"BreadcrumbList","@id":"https:\/\/ave-eta-canada.com\/pl\/wniosek-eta-dla-kanady\/#breadcrumb","itemListElement":[{"@type":"ListItem","position":1,"name":"Home","item":"https:\/\/ave-eta-canada.com\/pl\/"},{"@type":"ListItem","position":2,"name":"Wszystko o sk\u0142adaniu wniosku o wydanie eTA w Kanadzie"}]},{"@type":"WebSite","@id":"https:\/\/ave-eta-canada.com\/pl\/#website","url":"https:\/\/ave-eta-canada.com\/pl\/","name":"VISA CANADA","description":"Autorisation Voyage Electronique","potentialAction":[{"@type":"SearchAction","target":{"@type":"EntryPoint","urlTemplate":"https:\/\/ave-eta-canada.com\/pl\/?s={search_term_string}"},"query-input":{"@type":"PropertyValueSpecification","valueRequired":true,"valueName":"search_term_string"}}],"inLanguage":"pl-PL"}]}},"_links":{"self":[{"href":"https:\/\/ave-eta-canada.com\/pl\/wp-json\/wp\/v2\/pages\/3972","targetHints":{"allow":["GET"]}}],"collection":[{"href":"https:\/\/ave-eta-canada.com\/pl\/wp-json\/wp\/v2\/pages"}],"about":[{"href":"https:\/\/ave-eta-canada.com\/pl\/wp-json\/wp\/v2\/types\/page"}],"author":[{"embeddable":true,"href":"https:\/\/ave-eta-canada.com\/pl\/wp-json\/wp\/v2\/users\/1"}],"replies":[{"embeddable":true,"href":"https:\/\/ave-eta-canada.com\/pl\/wp-json\/wp\/v2\/comments?post=3972"}],"version-history":[{"count":0,"href":"https:\/\/ave-eta-canada.com\/pl\/wp-json\/wp\/v2\/pages\/3972\/revisions"}],"wp:attachment":[{"href":"https:\/\/ave-eta-canada.com\/pl\/wp-json\/wp\/v2\/media?parent=3972"}],"curies":[{"name":"wp","href":"https:\/\/api.w.org\/{rel}","templated":true}]}}