{"id":3983,"date":"2023-04-18T14:38:25","date_gmt":"2023-04-18T14:38:25","guid":{"rendered":"https:\/\/ave-eta-canada.com\/official-site-ave-canada\/"},"modified":"2023-05-08T20:47:41","modified_gmt":"2023-05-08T20:47:41","slug":"oficjalna-strona-internetowa-eta-kanada","status":"publish","type":"page","link":"https:\/\/ave-eta-canada.com\/pl\/oficjalna-strona-internetowa-eta-kanada\/","title":{"rendered":"Oficjalna strona eTA Kanada"},"content":{"rendered":"\n<h1 class=\"wp-block-heading\">Prezentacja oficjalnej strony internetowej eTA Canada<\/h1>\n\n<p>Aby wyjecha\u0107 do Kanady, wymagane jest pozwolenie na pobyt. W zale\u017cno\u015bci od charakteru pobytu i kraju pochodzenia, wniosek musi dotyczy\u0107 wizy kanadyjskiej lub elektronicznego zezwolenia na podr\u00f3\u017c (ETA).  <\/p>\n\n<p><strong>W przypadku pobytu w Kanadzie kr\u00f3tszego ni\u017c 6 miesi\u0119cy<\/strong>: formalno\u015bci zwi\u0105zanych z wjazdem do Kanady mo\u017cna dope\u0142ni\u0107 bezpo\u015brednio przez Internet, klikaj\u0105c na <a href=\"https:\/\/ave-eta-canada.com\/pl\/eta-kanada-formularz-online\/\">formularz online<\/a>. Nie jest konieczne umawianie si\u0119 na spotkanie w ambasadzie lub konsulacie Kanady.  <\/p>\n\n<p>Wniosek o elektroniczne zezwolenie na podr\u00f3\u017c mo\u017cna z\u0142o\u017cy\u0107 tylko w Internecie na oficjalnej stronie eTA Kanada. Przedstawiamy Pa\u0144stwu stron\u0119 eTA Kanada utworzon\u0105 przez rz\u0105d kanadyjski.<\/p>\n\n<h2 class=\"wp-block-heading\">Informacje zawarte na oficjalnej stronie internetowej eTA Kanada<\/h2>\n\n<p>Oficjalna strona eTA Kanada zosta\u0142a zaprojektowana tak, aby by\u0142a \u0142atwa w obs\u0142udze i przejrzysta. Niestety, nie wszystkie informacje s\u0105 \u0142atwe do znalezienia.<\/p>\n\n<p>Aby znale\u017a\u0107 stron\u0119 z <a href=\"https:\/\/ave-eta-canada.com\/pl\/\">wnioskiem eTA Kanada<\/a>, nale\u017cy wej\u015b\u0107 na stron\u0119 rz\u0105du kanadyjskiego i wybra\u0107 sekcj\u0119 imigracja i obywatelstwo; za wniosek eTA odpowiada IRCC (Immigration, Refugees and Citizenship Canada). Strona pozwala sprawdzi\u0107, czy potrzebujesz wizy lub eTA, odpowiadaj\u0105c na proste pytanie dotycz\u0105ce Twojego obywatelstwa.<\/p>\n\n<p>Przed uzyskaniem dost\u0119pu do  <a href=\"https:\/\/ave-eta-canada.com\/pl\/zloz-oficjalny-wniosek-eta-do-kanady\/\">Formularz zg\u0142oszeniowy eTA<\/a>  Kanada, przedstawiono przegl\u0105d procesu w 5 krokach: dokumenty, kt\u00f3re nale\u017cy przygotowa\u0107 przed wype\u0142nieniem formularza, formularz do wype\u0142nienia, uiszczenie op\u0142aty za wniosek w wysoko\u015bci 7 $ CAN, odpowied\u017a drog\u0105 mailow\u0105 i ewentualnie dodatkowe dokumenty uzupe\u0142niaj\u0105ce. Pomoc dost\u0119pna jest r\u00f3wnie\u017c w formie PDF w 18 j\u0119zykach. Pomoc ta zawiera szczeg\u00f3\u0142y dotycz\u0105ce wype\u0142niania formularza online. Je\u015bli masz jakie\u015b pytania, kliknij na link <a href=\"https:\/\/ave-eta-canada.com\/pl\/faq-eta-kanada-odpowiedzi-na-twoje-pytania\/\">FAQ<\/a><\/p>\n\n<p>Oficjalna strona eTA Kanada zawiera kr\u00f3tkie wprowadzenie do eTA na stronie &#8222;What is an Electronic Travel Authorisation&#8221;. Stwierdza si\u0119 w nim, \u017ce eTA jest wymogiem wjazdu dla obywateli pa\u0144stw zwolnionych z obowi\u0105zku wizowego (lista pa\u0144stw zwolnionych z obowi\u0105zku wizowego dost\u0119pna jest na stronie &#8222;wymogi wjazdowe wed\u0142ug pa\u0144stw lub terytori\u00f3w&#8221;, link znajduje si\u0119 na stronie). Nale\u017cy zaznaczy\u0107, \u017ce obywatele polscy s\u0105 uprawnieni. ETA jest wymagany tylko w przypadku przylot\u00f3w na lotach mi\u0119dzynarodowych, w tym tranzytu przez Kanad\u0119. Jest on elektronicznie powi\u0105zany z paszportem (nale\u017cy wi\u0119c uwa\u017ca\u0107 na nowe paszporty lub zmiany informacji w nich zawartych) i ma maksymalny okres wa\u017cno\u015bci 5 lat. W trakcie 5-letniego okresu wa\u017cno\u015bci nie ma ograniczenia liczby pobyt\u00f3w, ale nie mog\u0105 one przekroczy\u0107 6 miesi\u0119cy. ETA nie gwarantuje wjazdu do Kanady, ta decyzja nale\u017cy do funkcjonariusza s\u0142u\u017cb granicznych. Funkcjonariusz bada dokumenty podr\u00f3\u017cy (paszport, eTA, bilet wyjazdowy, dow\u00f3d wieku itp.), aby podj\u0105\u0107 decyzj\u0119. Mo\u017ce te\u017c zosta\u0107 zadane kilka pyta\u0144.<br\/><\/p>\n\n<h2 class=\"wp-block-heading\">Z\u0142\u00f3\u017c wniosek na stronie eTA Kanada<\/h2>\n\n<p>Aplikacji eTA mo\u017cna dokona\u0107 tylko na rz\u0105dowej stronie eTA Kanada. Mo\u017cesz jednak z\u0142o\u017cy\u0107 wniosek samodzielnie lub przej\u015b\u0107 przez prywatn\u0105 platform\u0119 i zleci\u0107 zespo\u0142owi profesjonalist\u00f3w z\u0142o\u017cenie wniosku w Twoim imieniu. Nie ma potrzeby udawania si\u0119 do ambasady kanadyjskiej, kt\u00f3ra nie jest w stanie pom\u00f3c w tym procesie.<\/p>\n\n<p>Formularz zg\u0142oszeniowy na stronie eTA Kanada mo\u017ce by\u0107 wype\u0142niony przez podr\u00f3\u017cnego lub osob\u0119 trzeci\u0105, co jest pierwszym zadanym pytaniem. Nie ma mo\u017cliwo\u015bci dokonania zg\u0142oszenia grupowego, dlatego ka\u017cde zg\u0142oszenie musi by\u0107 zg\u0142oszone i op\u0142acone indywidualnie.<\/p>\n\n<p>Je\u017celi osoba wype\u0142nia formularz w imieniu osoby trzeciej, powinna si\u0119 przedstawi\u0107, wskazuj\u0105c na zwi\u0105zek z podr\u00f3\u017cnym oraz wpisa\u0107 dane osobowe.<\/p>\n\n<p>Do wype\u0142nienia formularza nale\u017cy zabra\u0107 ze sob\u0105 paszport (lub wnioskodawc\u0119) oraz kart\u0119 p\u0142atnicz\u0105. Wymagany jest wa\u017cny paszport, zalecana jest <a href=\"https:\/\/ave-eta-canada.com\/pl\/okres-waznosci-eta-kanada-2\/\">wa\u017cno\u015b\u0107<\/a> 6 miesi\u0119cy. Formularz podzielony jest na 3 cz\u0119\u015bci:<\/p>\n\n<ul class=\"wp-block-list\"><li>dane w paszporcie: numer paszportu (nale\u017cy wpisa\u0107 dwa razy, aby unikn\u0105\u0107 b\u0142\u0119d\u00f3w w pisowni), nazwisko i imi\u0119 posiadacza, data i miejsce urodzenia, p\u0142e\u0107, data wydania i data wa\u017cno\u015bci;<\/li><li>Dane osobowe: ewentualne podw\u00f3jne obywatelstwo, stan cywilny, poprzednie wnioski o wiz\u0119 lub eTA, zatrudnienie (zaw\u00f3d, nazwa i adres pracodawcy), adres pocztowy i adres e-mail (nale\u017cy wpisa\u0107 dwukrotnie);<\/li><li>Informacje og\u00f3lne: wszelkie zakazy wjazdu do Kanady (lub innego kraju), historia kryminalna i medyczna.<\/li><\/ul>\n\n<p>Cz\u0119\u015b\u0107 formularza jest zarezerwowana na dat\u0119 przyjazdu do Kanady. Pytanie to jest jednak nieobowi\u0105zkowe, gdy\u017c w pe\u0142ni mo\u017cliwe jest zam\u00f3wienie eTA bez konkretnego projektu.<\/p>\n\n<p>W celu zatwierdzenia formularza wniosku EV, wnioskodawca musi podpisa\u0107 formularz zgody i ui\u015bci\u0107 <a href=\"https:\/\/ave-eta-canada.com\/pl\/eta-kanada-jego-cena\/\">op\u0142at\u0119 eTA<\/a>.<br\/><\/p>\n\n<h2 class=\"wp-block-heading\">Rozpatrywanie wniosku o eTA Kanada<\/h2>\n\n<p>Po z\u0142o\u017ceniu wniosku na oficjalnej stronie eTA Kanada, otrzymasz e-mail z potwierdzeniem odbioru. Jest ca\u0142kiem mo\u017cliwe, \u017ce w tym samym czasie otrzymasz ostateczn\u0105 odpowied\u017a. Odpowied\u017a mo\u017ce by\u0107 pozytywna (zatwierdzenie wniosku eTA) lub negatywna. W przypadku odmowy wydania pozwolenia, nadal mo\u017cna ubiega\u0107 si\u0119 o wiz\u0119 lub <a href=\"https:\/\/pvtistes.net\/en\/le-pvt\/canada\/\">promocj\u0119<\/a> w miejscu pracy w ambasadzie Kanady. Pami\u0119taj, aby mie\u0107 paszport biometryczny (lub elektroniczny) do tego wniosku.<\/p>\n\n<p>Mo\u017ce si\u0119 zdarzy\u0107, \u017ce wniosek zostanie wstrzymany, tzn. ostateczna odpowied\u017a zostanie udzielona w ci\u0105gu kilku dni lub \u017ce w\u0142adze kanadyjskie skontaktuj\u0105 si\u0119 z Tob\u0105 drog\u0105 elektroniczn\u0105 w celu uzyskania dodatkowych informacji. W takim przypadku procedura, kt\u00f3r\u0105 nale\u017cy zastosowa\u0107, jest szczeg\u00f3\u0142owo opisana w e-mailu kontaktowym.<\/p>\n\n<p>Zezwolenie na podr\u00f3\u017c nale\u017cy uzyska\u0107, na oficjalnej stronie eTA Kanada lub prywatnej, przed wyjazdem, poniewa\u017c bez niego nie ma prawa wjazdu do Kanady. Nie mo\u017cesz nawet wej\u015b\u0107 na pok\u0142ad samolotu do Kanady, poniewa\u017c linie lotnicze s\u0105 zobowi\u0105zane do sprawdzenia Twoich danych.<\/p>\n","protected":false},"excerpt":{"rendered":"<p>Prezentacja oficjalnej strony internetowej eTA Canada Aby wyjecha\u0107 do Kanady, wymagane jest pozwolenie na pobyt. W zale\u017cno\u015bci od charakteru pobytu i kraju pochodzenia, wniosek musi dotyczy\u0107 wizy kanadyjskiej lub elektronicznego zezwolenia na podr\u00f3\u017c (ETA). W przypadku pobytu w Kanadzie kr\u00f3tszego ni\u017c 6 miesi\u0119cy: formalno\u015bci zwi\u0105zanych z wjazdem do Kanady mo\u017cna dope\u0142ni\u0107 bezpo\u015brednio przez Internet, klikaj\u0105c [&hellip;]<\/p>\n","protected":false},"author":1,"featured_media":0,"parent":0,"menu_order":0,"comment_status":"closed","ping_status":"closed","template":"","meta":{"footnotes":""},"class_list":["post-3983","page","type-page","status-publish","hentry"],"yoast_head":"<!-- This site is optimized with the Yoast SEO plugin v26.9 - https:\/\/yoast.com\/product\/yoast-seo-wordpress\/ -->\n<title>Oficjalna strona eTA Kanada<\/title>\n<meta name=\"description\" content=\"Prezentacja oficjalnej strony internetowej rz\u0105du kanadyjskiego w celu uzyskania elektronicznego zezwolenia na podr\u00f3\u017c wymaganego przy podr\u00f3\u017cy do Kanady.\" \/>\n<meta name=\"robots\" content=\"index, follow, max-snippet:-1, max-image-preview:large, max-video-preview:-1\" \/>\n<link rel=\"canonical\" href=\"https:\/\/ave-eta-canada.com\/pl\/oficjalna-strona-internetowa-eta-kanada\/\" \/>\n<meta property=\"og:locale\" content=\"pl_PL\" \/>\n<meta property=\"og:type\" content=\"article\" \/>\n<meta property=\"og:title\" content=\"Oficjalna strona eTA Kanada\" \/>\n<meta property=\"og:description\" content=\"Prezentacja oficjalnej strony internetowej rz\u0105du kanadyjskiego w celu uzyskania elektronicznego zezwolenia na podr\u00f3\u017c wymaganego przy podr\u00f3\u017cy do Kanady.\" \/>\n<meta property=\"og:url\" content=\"https:\/\/ave-eta-canada.com\/pl\/oficjalna-strona-internetowa-eta-kanada\/\" \/>\n<meta property=\"og:site_name\" content=\"VISA CANADA\" \/>\n<meta property=\"article:modified_time\" content=\"2023-05-08T20:47:41+00:00\" \/>\n<meta name=\"twitter:card\" content=\"summary_large_image\" \/>\n<meta name=\"twitter:label1\" content=\"Szacowany czas czytania\" \/>\n\t<meta name=\"twitter:data1\" content=\"5 minut\" \/>\n<script type=\"application\/ld+json\" class=\"yoast-schema-graph\">{\"@context\":\"https:\/\/schema.org\",\"@graph\":[{\"@type\":\"WebPage\",\"@id\":\"https:\/\/ave-eta-canada.com\/pl\/oficjalna-strona-internetowa-eta-kanada\/\",\"url\":\"https:\/\/ave-eta-canada.com\/pl\/oficjalna-strona-internetowa-eta-kanada\/\",\"name\":\"Oficjalna strona eTA Kanada\",\"isPartOf\":{\"@id\":\"https:\/\/ave-eta-canada.com\/pl\/#website\"},\"datePublished\":\"2023-04-18T14:38:25+00:00\",\"dateModified\":\"2023-05-08T20:47:41+00:00\",\"description\":\"Prezentacja oficjalnej strony internetowej rz\u0105du kanadyjskiego w celu uzyskania elektronicznego zezwolenia na podr\u00f3\u017c wymaganego przy podr\u00f3\u017cy do Kanady.\",\"breadcrumb\":{\"@id\":\"https:\/\/ave-eta-canada.com\/pl\/oficjalna-strona-internetowa-eta-kanada\/#breadcrumb\"},\"inLanguage\":\"pl-PL\",\"potentialAction\":[{\"@type\":\"ReadAction\",\"target\":[\"https:\/\/ave-eta-canada.com\/pl\/oficjalna-strona-internetowa-eta-kanada\/\"]}]},{\"@type\":\"BreadcrumbList\",\"@id\":\"https:\/\/ave-eta-canada.com\/pl\/oficjalna-strona-internetowa-eta-kanada\/#breadcrumb\",\"itemListElement\":[{\"@type\":\"ListItem\",\"position\":1,\"name\":\"Home\",\"item\":\"https:\/\/ave-eta-canada.com\/pl\/\"},{\"@type\":\"ListItem\",\"position\":2,\"name\":\"Oficjalna strona eTA Kanada\"}]},{\"@type\":\"WebSite\",\"@id\":\"https:\/\/ave-eta-canada.com\/pl\/#website\",\"url\":\"https:\/\/ave-eta-canada.com\/pl\/\",\"name\":\"VISA CANADA\",\"description\":\"Autorisation Voyage Electronique\",\"potentialAction\":[{\"@type\":\"SearchAction\",\"target\":{\"@type\":\"EntryPoint\",\"urlTemplate\":\"https:\/\/ave-eta-canada.com\/pl\/?s={search_term_string}\"},\"query-input\":{\"@type\":\"PropertyValueSpecification\",\"valueRequired\":true,\"valueName\":\"search_term_string\"}}],\"inLanguage\":\"pl-PL\"}]}<\/script>\n<!-- \/ Yoast SEO plugin. -->","yoast_head_json":{"title":"Oficjalna strona eTA Kanada","description":"Prezentacja oficjalnej strony internetowej rz\u0105du kanadyjskiego w celu uzyskania elektronicznego zezwolenia na podr\u00f3\u017c wymaganego przy podr\u00f3\u017cy do Kanady.","robots":{"index":"index","follow":"follow","max-snippet":"max-snippet:-1","max-image-preview":"max-image-preview:large","max-video-preview":"max-video-preview:-1"},"canonical":"https:\/\/ave-eta-canada.com\/pl\/oficjalna-strona-internetowa-eta-kanada\/","og_locale":"pl_PL","og_type":"article","og_title":"Oficjalna strona eTA Kanada","og_description":"Prezentacja oficjalnej strony internetowej rz\u0105du kanadyjskiego w celu uzyskania elektronicznego zezwolenia na podr\u00f3\u017c wymaganego przy podr\u00f3\u017cy do Kanady.","og_url":"https:\/\/ave-eta-canada.com\/pl\/oficjalna-strona-internetowa-eta-kanada\/","og_site_name":"VISA CANADA","article_modified_time":"2023-05-08T20:47:41+00:00","twitter_card":"summary_large_image","twitter_misc":{"Szacowany czas czytania":"5 minut"},"schema":{"@context":"https:\/\/schema.org","@graph":[{"@type":"WebPage","@id":"https:\/\/ave-eta-canada.com\/pl\/oficjalna-strona-internetowa-eta-kanada\/","url":"https:\/\/ave-eta-canada.com\/pl\/oficjalna-strona-internetowa-eta-kanada\/","name":"Oficjalna strona eTA Kanada","isPartOf":{"@id":"https:\/\/ave-eta-canada.com\/pl\/#website"},"datePublished":"2023-04-18T14:38:25+00:00","dateModified":"2023-05-08T20:47:41+00:00","description":"Prezentacja oficjalnej strony internetowej rz\u0105du kanadyjskiego w celu uzyskania elektronicznego zezwolenia na podr\u00f3\u017c wymaganego przy podr\u00f3\u017cy do Kanady.","breadcrumb":{"@id":"https:\/\/ave-eta-canada.com\/pl\/oficjalna-strona-internetowa-eta-kanada\/#breadcrumb"},"inLanguage":"pl-PL","potentialAction":[{"@type":"ReadAction","target":["https:\/\/ave-eta-canada.com\/pl\/oficjalna-strona-internetowa-eta-kanada\/"]}]},{"@type":"BreadcrumbList","@id":"https:\/\/ave-eta-canada.com\/pl\/oficjalna-strona-internetowa-eta-kanada\/#breadcrumb","itemListElement":[{"@type":"ListItem","position":1,"name":"Home","item":"https:\/\/ave-eta-canada.com\/pl\/"},{"@type":"ListItem","position":2,"name":"Oficjalna strona eTA Kanada"}]},{"@type":"WebSite","@id":"https:\/\/ave-eta-canada.com\/pl\/#website","url":"https:\/\/ave-eta-canada.com\/pl\/","name":"VISA CANADA","description":"Autorisation Voyage Electronique","potentialAction":[{"@type":"SearchAction","target":{"@type":"EntryPoint","urlTemplate":"https:\/\/ave-eta-canada.com\/pl\/?s={search_term_string}"},"query-input":{"@type":"PropertyValueSpecification","valueRequired":true,"valueName":"search_term_string"}}],"inLanguage":"pl-PL"}]}},"_links":{"self":[{"href":"https:\/\/ave-eta-canada.com\/pl\/wp-json\/wp\/v2\/pages\/3983","targetHints":{"allow":["GET"]}}],"collection":[{"href":"https:\/\/ave-eta-canada.com\/pl\/wp-json\/wp\/v2\/pages"}],"about":[{"href":"https:\/\/ave-eta-canada.com\/pl\/wp-json\/wp\/v2\/types\/page"}],"author":[{"embeddable":true,"href":"https:\/\/ave-eta-canada.com\/pl\/wp-json\/wp\/v2\/users\/1"}],"replies":[{"embeddable":true,"href":"https:\/\/ave-eta-canada.com\/pl\/wp-json\/wp\/v2\/comments?post=3983"}],"version-history":[{"count":0,"href":"https:\/\/ave-eta-canada.com\/pl\/wp-json\/wp\/v2\/pages\/3983\/revisions"}],"wp:attachment":[{"href":"https:\/\/ave-eta-canada.com\/pl\/wp-json\/wp\/v2\/media?parent=3983"}],"curies":[{"name":"wp","href":"https:\/\/api.w.org\/{rel}","templated":true}]}}