{"id":3986,"date":"2023-04-18T14:38:26","date_gmt":"2023-04-18T14:38:26","guid":{"rendered":"https:\/\/ave-eta-canada.com\/fill-in-the-blank-form-for-canada\/"},"modified":"2023-05-08T20:53:57","modified_gmt":"2023-05-08T20:53:57","slug":"wypelnienie-formularza-eta-kanady","status":"publish","type":"page","link":"https:\/\/ave-eta-canada.com\/pl\/wypelnienie-formularza-eta-kanady\/","title":{"rendered":"Wype\u0142nienie formularza eTA dla Kanady"},"content":{"rendered":"\n<h1 class=\"wp-block-heading\">Jak wype\u0142ni\u0107 formularz eTA dla Kanady?<\/h1>\n\n<p>Aby podr\u00f3\u017cowa\u0107 do Kanady nie jest ju\u017c konieczne uzyskanie wizy kanadyjskiej. Wystarczy uzyska\u0107 elektroniczne zezwolenie na podr\u00f3\u017c (ETA) przez Internet.  <\/p>\n\n<p><strong>W przypadku pobytu w Kanadzie kr\u00f3tszego ni\u017c 6 miesi\u0119cy<\/strong>: formalno\u015bci zwi\u0105zanych z wjazdem do Kanady mo\u017cna dope\u0142ni\u0107 bezpo\u015brednio przez Internet, klikaj\u0105c na <a href=\"https:\/\/ave-eta-canada.com\/pl\/eta-kanada-formularz-online\/\">formularz online<\/a>. Nie jest konieczne umawianie si\u0119 na spotkanie w ambasadzie lub konsulacie Kanady.<\/p>\n\n<p>Aby z\u0142o\u017cy\u0107 wniosek, nale\u017cy poprawnie wype\u0142ni\u0107 formularz eTA dla Kanady. Wa\u017cne jest, aby po pierwsze ustali\u0107, czy kwalifikujesz si\u0119 do tego programu, a po drugie wiedzie\u0107, jak wype\u0142ni\u0107 formularz wniosku EV na wyjazd do Kanady.<br\/><\/p>\n\n<h2 class=\"wp-block-heading\">Czy mo\u017cna wype\u0142ni\u0107 elektroniczny formularz zezwolenia na podr\u00f3\u017c do Kanady?<\/h2>\n\n<p>Rz\u0105d Kanady wprowadzi\u0142 <a href=\"https:\/\/ave-eta-canada.com\/pl\/czy-wiza-jest-niezbedna-do-podrozy-do-kanady\/\">program zniesienia wiz<\/a>. Jest to elektroniczny formularz upowa\u017cnienia do podr\u00f3\u017cy, kt\u00f3ry ma na celu u\u0142atwienie procesu administracyjnego dla podr\u00f3\u017cnych chc\u0105cych odwiedzi\u0107 Kanad\u0119. Przepustka ta nie pozwala na ekspatriacj\u0119 do Kanady, ani na podj\u0119cie studi\u00f3w lub pracy w tym kraju, po prostu pozwala na pobyt w Kanadzie bez konieczno\u015bci ubiegania si\u0119 o wiz\u0119 na podr\u00f3\u017c turystyczn\u0105 lub s\u0142u\u017cbow\u0105. Aby do\u015bwiadczy\u0107 \u017cycia w Kanadzie w ramach eTA, musisz spe\u0142ni\u0107 pewne kryteria:<\/p>\n\n<ul class=\"wp-block-list\"><li>uprawnieni s\u0105 tylko obywatele kraj\u00f3w, kt\u00f3re s\u0105 cz\u0142onkami tego programu (list\u0119 tych kraj\u00f3w mo\u017cna \u0142atwo znale\u017a\u0107 w Internecie);<\/li><li>pobyt musi by\u0107 tymczasowy, tzn. kr\u00f3tszy ni\u017c 6 miesi\u0119cy;<\/li><li>Przyjazd do Kanady musi nast\u0105pi\u0107 drog\u0105 lotnicz\u0105;<\/li><li>paszport musi by\u0107 wa\u017cny, z zalecanym okresem wa\u017cno\u015bci 6 miesi\u0119cy.<br\/><br\/><\/li><\/ul>\n\n<h2 class=\"wp-block-heading\">Wype\u0142nienie formularza wniosku eTA do Kanady<\/h2>\n\n<p>Formularz zg\u0142oszeniowy <a href=\"https:\/\/ave-eta-canada.com\/pl\/wiadomosci-o-eta\/\">eTA do Kanady<\/a> nie jest dost\u0119pny w formie papierowej. Podr\u00f3\u017cni musz\u0105 wi\u0119c wype\u0142ni\u0107 formularz online, kt\u00f3ry podzielony jest na kilka cz\u0119\u015bci.<\/p>\n\n<p>Jeste\u015b proszony o wiele danych osobowych dotycz\u0105cych pracy, miejsca zamieszkania, dat podr\u00f3\u017cy (informacje opcjonalne), stanu zdrowia i karalno\u015bci. Upewnij si\u0119, \u017ce odpowiadasz na pytania zawarte w formularzu <a href=\"https:\/\/ave-eta-canada.com\/pl\/zloz-oficjalny-wniosek-eta-do-kanady\/\">wniosku eTA Kanada<\/a> szczerze, poprawnie i przede wszystkim bardzo uwa\u017cnie, poniewa\u017c je\u015bli pope\u0142nisz b\u0142\u0105d, mo\u017cesz nie otrzyma\u0107 zezwolenia.<\/p>\n\n<p>Zostaniesz poproszony o elektroniczne podpisanie formularza poprzez wpisanie swojego nazwiska. Aby sfinalizowa\u0107 formularz aplikacyjny eTA do Kanady, nale\u017cy wp\u0142aci\u0107 kwot\u0119 7 dolar\u00f3w kanadyjskich.<\/p>\n\n<p>Wniosek mo\u017cna z\u0142o\u017cy\u0107 na oficjalnej stronie rz\u0105du kanadyjskiego lub na jednej z prywatnych stron internetowych oferuj\u0105cych zrobienie tego za Ciebie. Aplikacja jest uproszczona, a przez to szybsza.<br\/><br\/><\/p>\n\n<h2 class=\"wp-block-heading\">Otrzymanie eTA Kanada po wype\u0142nieniu formularza<\/h2>\n\n<p>Odpowied\u017a <a href=\"https:\/\/ave-eta-canada.com\/pl\/czas-na-uzyskanie-eta-dla-kanady\/\">otrzymasz eTA<\/a> bezpo\u015brednio drog\u0105 elektroniczn\u0105 na adres e-mail podany podczas sk\u0142adania wniosku. W\u0142adze kanadyjskie wy\u015bl\u0105 Ci dwa e-maile: pierwszy to potwierdzenie otrzymania Twojego wniosku, drugi to odpowied\u017a na Tw\u00f3j wniosek.<\/p>\n\n<p>Nale\u017cy pami\u0119ta\u0107, \u017ce elektroniczne zezwolenie na podr\u00f3\u017c do Kanady jest wa\u017cne przez pi\u0119\u0107 lat (chyba \u017ce w mi\u0119dzyczasie zmienisz paszport), co pozwala na odnowienie podr\u00f3\u017cy w celu odkrycia innych region\u00f3w lub ponownego odkrycia miejsc, kt\u00f3re Ci si\u0119 spodoba\u0142y.<\/p>\n\n<p>Mamy nadziej\u0119, \u017ce nasze wskaz\u00f3wki dotycz\u0105ce wype\u0142niania <a href=\"https:\/\/ave-eta-canada.com\/pl\/\">formularza aplikacyjnego eTA<\/a> do Kanady pomog\u0142y Ci.<\/p>\n","protected":false},"excerpt":{"rendered":"<p>Jak wype\u0142ni\u0107 formularz eTA dla Kanady? Aby podr\u00f3\u017cowa\u0107 do Kanady nie jest ju\u017c konieczne uzyskanie wizy kanadyjskiej. Wystarczy uzyska\u0107 elektroniczne zezwolenie na podr\u00f3\u017c (ETA) przez Internet. W przypadku pobytu w Kanadzie kr\u00f3tszego ni\u017c 6 miesi\u0119cy: formalno\u015bci zwi\u0105zanych z wjazdem do Kanady mo\u017cna dope\u0142ni\u0107 bezpo\u015brednio przez Internet, klikaj\u0105c na formularz online. Nie jest konieczne umawianie si\u0119 [&hellip;]<\/p>\n","protected":false},"author":1,"featured_media":0,"parent":0,"menu_order":0,"comment_status":"closed","ping_status":"closed","template":"","meta":{"footnotes":""},"class_list":["post-3986","page","type-page","status-publish","hentry"],"yoast_head":"<!-- This site is optimized with the Yoast SEO plugin v26.9 - https:\/\/yoast.com\/product\/yoast-seo-wordpress\/ -->\n<title>Wype\u0142nienie formularza eTA dla Kanady<\/title>\n<meta name=\"description\" content=\"Chcesz jecha\u0107 do Kanady? Nasz zesp\u00f3\u0142 ekspert\u00f3w wyja\u015bnia jak prawid\u0142owo z\u0142o\u017cy\u0107 wniosek i wype\u0142ni\u0107 formularz eTA Kanada\" \/>\n<meta name=\"robots\" content=\"index, follow, max-snippet:-1, max-image-preview:large, max-video-preview:-1\" \/>\n<link rel=\"canonical\" href=\"https:\/\/ave-eta-canada.com\/pl\/wypelnienie-formularza-eta-kanady\/\" \/>\n<meta property=\"og:locale\" content=\"pl_PL\" \/>\n<meta property=\"og:type\" content=\"article\" \/>\n<meta property=\"og:title\" content=\"Wype\u0142nienie formularza eTA dla Kanady\" \/>\n<meta property=\"og:description\" content=\"Chcesz jecha\u0107 do Kanady? Nasz zesp\u00f3\u0142 ekspert\u00f3w wyja\u015bnia jak prawid\u0142owo z\u0142o\u017cy\u0107 wniosek i wype\u0142ni\u0107 formularz eTA Kanada\" \/>\n<meta property=\"og:url\" content=\"https:\/\/ave-eta-canada.com\/pl\/wypelnienie-formularza-eta-kanady\/\" \/>\n<meta property=\"og:site_name\" content=\"VISA CANADA\" \/>\n<meta property=\"article:modified_time\" content=\"2023-05-08T20:53:57+00:00\" \/>\n<meta name=\"twitter:card\" content=\"summary_large_image\" \/>\n<meta name=\"twitter:label1\" content=\"Szacowany czas czytania\" \/>\n\t<meta name=\"twitter:data1\" content=\"3 minuty\" \/>\n<script type=\"application\/ld+json\" class=\"yoast-schema-graph\">{\"@context\":\"https:\/\/schema.org\",\"@graph\":[{\"@type\":\"WebPage\",\"@id\":\"https:\/\/ave-eta-canada.com\/pl\/wypelnienie-formularza-eta-kanady\/\",\"url\":\"https:\/\/ave-eta-canada.com\/pl\/wypelnienie-formularza-eta-kanady\/\",\"name\":\"Wype\u0142nienie formularza eTA dla Kanady\",\"isPartOf\":{\"@id\":\"https:\/\/ave-eta-canada.com\/pl\/#website\"},\"datePublished\":\"2023-04-18T14:38:26+00:00\",\"dateModified\":\"2023-05-08T20:53:57+00:00\",\"description\":\"Chcesz jecha\u0107 do Kanady? Nasz zesp\u00f3\u0142 ekspert\u00f3w wyja\u015bnia jak prawid\u0142owo z\u0142o\u017cy\u0107 wniosek i wype\u0142ni\u0107 formularz eTA Kanada\",\"breadcrumb\":{\"@id\":\"https:\/\/ave-eta-canada.com\/pl\/wypelnienie-formularza-eta-kanady\/#breadcrumb\"},\"inLanguage\":\"pl-PL\",\"potentialAction\":[{\"@type\":\"ReadAction\",\"target\":[\"https:\/\/ave-eta-canada.com\/pl\/wypelnienie-formularza-eta-kanady\/\"]}]},{\"@type\":\"BreadcrumbList\",\"@id\":\"https:\/\/ave-eta-canada.com\/pl\/wypelnienie-formularza-eta-kanady\/#breadcrumb\",\"itemListElement\":[{\"@type\":\"ListItem\",\"position\":1,\"name\":\"Home\",\"item\":\"https:\/\/ave-eta-canada.com\/pl\/\"},{\"@type\":\"ListItem\",\"position\":2,\"name\":\"Wype\u0142nienie formularza eTA dla Kanady\"}]},{\"@type\":\"WebSite\",\"@id\":\"https:\/\/ave-eta-canada.com\/pl\/#website\",\"url\":\"https:\/\/ave-eta-canada.com\/pl\/\",\"name\":\"VISA CANADA\",\"description\":\"Autorisation Voyage Electronique\",\"potentialAction\":[{\"@type\":\"SearchAction\",\"target\":{\"@type\":\"EntryPoint\",\"urlTemplate\":\"https:\/\/ave-eta-canada.com\/pl\/?s={search_term_string}\"},\"query-input\":{\"@type\":\"PropertyValueSpecification\",\"valueRequired\":true,\"valueName\":\"search_term_string\"}}],\"inLanguage\":\"pl-PL\"}]}<\/script>\n<!-- \/ Yoast SEO plugin. -->","yoast_head_json":{"title":"Wype\u0142nienie formularza eTA dla Kanady","description":"Chcesz jecha\u0107 do Kanady? Nasz zesp\u00f3\u0142 ekspert\u00f3w wyja\u015bnia jak prawid\u0142owo z\u0142o\u017cy\u0107 wniosek i wype\u0142ni\u0107 formularz eTA Kanada","robots":{"index":"index","follow":"follow","max-snippet":"max-snippet:-1","max-image-preview":"max-image-preview:large","max-video-preview":"max-video-preview:-1"},"canonical":"https:\/\/ave-eta-canada.com\/pl\/wypelnienie-formularza-eta-kanady\/","og_locale":"pl_PL","og_type":"article","og_title":"Wype\u0142nienie formularza eTA dla Kanady","og_description":"Chcesz jecha\u0107 do Kanady? Nasz zesp\u00f3\u0142 ekspert\u00f3w wyja\u015bnia jak prawid\u0142owo z\u0142o\u017cy\u0107 wniosek i wype\u0142ni\u0107 formularz eTA Kanada","og_url":"https:\/\/ave-eta-canada.com\/pl\/wypelnienie-formularza-eta-kanady\/","og_site_name":"VISA CANADA","article_modified_time":"2023-05-08T20:53:57+00:00","twitter_card":"summary_large_image","twitter_misc":{"Szacowany czas czytania":"3 minuty"},"schema":{"@context":"https:\/\/schema.org","@graph":[{"@type":"WebPage","@id":"https:\/\/ave-eta-canada.com\/pl\/wypelnienie-formularza-eta-kanady\/","url":"https:\/\/ave-eta-canada.com\/pl\/wypelnienie-formularza-eta-kanady\/","name":"Wype\u0142nienie formularza eTA dla Kanady","isPartOf":{"@id":"https:\/\/ave-eta-canada.com\/pl\/#website"},"datePublished":"2023-04-18T14:38:26+00:00","dateModified":"2023-05-08T20:53:57+00:00","description":"Chcesz jecha\u0107 do Kanady? Nasz zesp\u00f3\u0142 ekspert\u00f3w wyja\u015bnia jak prawid\u0142owo z\u0142o\u017cy\u0107 wniosek i wype\u0142ni\u0107 formularz eTA Kanada","breadcrumb":{"@id":"https:\/\/ave-eta-canada.com\/pl\/wypelnienie-formularza-eta-kanady\/#breadcrumb"},"inLanguage":"pl-PL","potentialAction":[{"@type":"ReadAction","target":["https:\/\/ave-eta-canada.com\/pl\/wypelnienie-formularza-eta-kanady\/"]}]},{"@type":"BreadcrumbList","@id":"https:\/\/ave-eta-canada.com\/pl\/wypelnienie-formularza-eta-kanady\/#breadcrumb","itemListElement":[{"@type":"ListItem","position":1,"name":"Home","item":"https:\/\/ave-eta-canada.com\/pl\/"},{"@type":"ListItem","position":2,"name":"Wype\u0142nienie formularza eTA dla Kanady"}]},{"@type":"WebSite","@id":"https:\/\/ave-eta-canada.com\/pl\/#website","url":"https:\/\/ave-eta-canada.com\/pl\/","name":"VISA CANADA","description":"Autorisation Voyage Electronique","potentialAction":[{"@type":"SearchAction","target":{"@type":"EntryPoint","urlTemplate":"https:\/\/ave-eta-canada.com\/pl\/?s={search_term_string}"},"query-input":{"@type":"PropertyValueSpecification","valueRequired":true,"valueName":"search_term_string"}}],"inLanguage":"pl-PL"}]}},"_links":{"self":[{"href":"https:\/\/ave-eta-canada.com\/pl\/wp-json\/wp\/v2\/pages\/3986","targetHints":{"allow":["GET"]}}],"collection":[{"href":"https:\/\/ave-eta-canada.com\/pl\/wp-json\/wp\/v2\/pages"}],"about":[{"href":"https:\/\/ave-eta-canada.com\/pl\/wp-json\/wp\/v2\/types\/page"}],"author":[{"embeddable":true,"href":"https:\/\/ave-eta-canada.com\/pl\/wp-json\/wp\/v2\/users\/1"}],"replies":[{"embeddable":true,"href":"https:\/\/ave-eta-canada.com\/pl\/wp-json\/wp\/v2\/comments?post=3986"}],"version-history":[{"count":0,"href":"https:\/\/ave-eta-canada.com\/pl\/wp-json\/wp\/v2\/pages\/3986\/revisions"}],"wp:attachment":[{"href":"https:\/\/ave-eta-canada.com\/pl\/wp-json\/wp\/v2\/media?parent=3986"}],"curies":[{"name":"wp","href":"https:\/\/api.w.org\/{rel}","templated":true}]}}