{"id":3998,"date":"2023-04-18T14:38:29","date_gmt":"2023-04-18T14:38:29","guid":{"rendered":"https:\/\/ave-eta-canada.com\/"},"modified":"2025-06-06T09:05:18","modified_gmt":"2025-06-06T09:05:18","slug":"pl","status":"publish","type":"page","link":"https:\/\/ave-eta-canada.com\/pl\/","title":{"rendered":"KANADA: Elektroniczne zezwolenie na podr\u00f3\u017c"},"content":{"rendered":"\n<h1 class=\"wp-block-heading\">Formalno\u015bci zwi\u0105zane z wjazdem do Kanady<\/h1>\n\n<p>Electronic Travel Authorization Canada (eTA Canada) to zautomatyzowany system autoryzacji podr\u00f3\u017cy do Kanady. To elektroniczne urz\u0105dzenie zosta\u0142o wprowadzone do sprzeda\u017cy we wrze\u015bniu 2016 roku. Za to obowi\u0105zkowe za\u015bwiadczenie, kt\u00f3re nale\u017cy uzyska\u0107 przed pobytem w Kanadzie, pobierana jest op\u0142ata. Pozwala ona na wjazd do Kanady bez konieczno\u015bci ubiegania si\u0119 o wiz\u0119 kanadyjsk\u0105. Wniosek o eTA musi by\u0107 z\u0142o\u017cony online i przed wydaniem karty pok\u0142adowej do Kanady.<\/p>\n\n<p><strong>W przypadku pobytu w Kanadzie kr\u00f3tszego ni\u017c 6 miesi\u0119cy<\/strong>: formalno\u015bci zwi\u0105zanych z wjazdem do Kanady mo\u017cna dope\u0142ni\u0107 bezpo\u015brednio przez Internet, klikaj\u0105c na <a href=\"https:\/\/ave-eta-canada.com\/pl\/eta-kanada-formularz-online\/\">formularz online<\/a>. Nie jest konieczne umawianie si\u0119 na spotkanie w ambasadzie lub konsulacie Kanady.<\/p>\n\n<div style=\"height:30px\" aria-hidden=\"true\" class=\"wp-block-spacer\"><\/div>\n\n<h2 class=\"wp-block-heading\">Jaki jest cel eTA Kanada?<\/h2>\n\n<p>Ten elektroniczny dokument przed podr\u00f3\u017c\u0105 zwi\u0119ksza bezpiecze\u0144stwo krajowe w przypadku lot\u00f3w i wysy\u0142ek do Kanady. W ramach wniosku o <a href=\"https:\/\/ave-eta-canada.com\/pl\/co-to-jest-eta-kanada\/\">ETA do Kanady<\/a>, podaj\u0105c swoje dane przed lotem, system mo\u017ce sprawdzi\u0107, czy spe\u0142niasz kryteria akceptacji na kanadyjskiej ziemi, zanim jeszcze przylecisz. Wcze\u015bniej kontrola ta odbywa\u0142a si\u0119 bezpo\u015brednio na posterunku granicznym.<\/p>\n\n<p>Jest to kwestionariusz do wype\u0142nienia w Internecie, kt\u00f3rego odpowiedzi zadecyduj\u0105 o przyj\u0119ciu lub nie do eTA. Pytania s\u0105 proste i czasami zaskakuj\u0105ce; maj\u0105 na celu zapewnienie w\u0142adz kanadyjskich, \u017ce nie jeste\u015b zwi\u0105zany z organizacj\u0105 terrorystyczn\u0105, \u017ce nie jeste\u015b przest\u0119pc\u0105 itp. Ten kwestionariusz zast\u0119puje zielony arkusz, kt\u00f3ry zosta\u0142 Ci przekazany w czasie lotu.<\/p>\n\n<h2 class=\"wp-block-heading\">ETA \u0142atwiejsze do uzyskania ni\u017c wiza<\/h2>\n\n<p><a href=\"https:\/\/ave-eta-canada.com\/pl\/czym-jest-eta-na-podroz-do-kanady\/\">ETA przydaje si\u0119<\/a> przy konkretnych wyjazdach: turystycznych, tranzytowych czy podr\u00f3\u017cy s\u0142u\u017cbowej. Gdy wybierasz si\u0119 do Kanady z jednego z tych powod\u00f3w, a wyjazd jest ograniczony do maksymalnie 6 miesi\u0119cy, mo\u017cesz skorzysta\u0107 z prostszego systemu ni\u017c <a href=\"https:\/\/usa-esta.net\/pl\/turystyczna-wiza-kanada\/\">wiza turystyczna do Kanady<\/a> dzi\u0119ki eTA. Proces autoryzacji podr\u00f3\u017cy nie tylko wymaga zaledwie kilku klikni\u0119\u0107 w Internecie, ale r\u00f3wnie\u017c nie b\u0119dzie wymaga\u0142 od Ciebie zap\u0142acenia setek dolar\u00f3w, jak to zwykle bywa w przypadku wizy do Kanady. ETA jest rozwi\u0105zaniem na \u0142atwe i tanie podr\u00f3\u017cowanie do Kanady.<\/p>\n\n<p>Poni\u017cej znajduje si\u0119 ilustracja kanadyjskiej wizy wjazdowej.<\/p>\n\n<figure class=\"wp-block-image size-large\"><img decoding=\"async\" src=\"https:\/\/ave-eta-canada.com\/wp-content\/uploads\/2020\/04\/visa-canada-1-1024x734.png\" alt=\"\" class=\"wp-image-832\"\/><figcaption class=\"wp-element-caption\">Wiza fotograficzna Kanada<\/figcaption><\/figure>\n\n<h2 class=\"wp-block-heading\">Jak uzyska\u0107 dost\u0119p do formularza zg\u0142oszeniowego?<\/h2>\n\n<p>Dost\u0119p do formularza jest \u0142atwy. <a href=\"https:\/\/ave-eta-canada.com\/pl\/zloz-oficjalny-wniosek-eta-do-kanady\/\">Wniosek eTA<\/a> wype\u0142niasz bezpo\u015brednio w Internecie i jest on przetwarzany automatycznie. Odpowied\u017a (przyj\u0119cie lub odmowa) jest niemal natychmiastowa, ale zaleca si\u0119 z\u0142o\u017cenie wniosku ju\u017c w momencie planowania wyjazdu.<\/p>\n\n<p>Strona rejestracyjna jest w j\u0119zyku francuskim i przez ca\u0142y czas b\u0119dziesz mia\u0142 wsparcie i pomoc. Dodatkowo na stronie b\u0119d\u0105 przechowywane Twoje dane kontaktowe i paragon, co mo\u017ce by\u0107 przydatne w przypadku zagini\u0119cia.<\/p>\n\n<h2 class=\"wp-block-heading\">Upowa\u017cnienie eTA w skr\u00f3cie<\/h2>\n\n<p>ETA nie jest dokumentem materialnym, takim jak paszport. Tak\u0105 odpowied\u017a mo\u017cna znale\u017a\u0107 w Internecie, poprzez swoje konto utworzone podczas sk\u0142adania wniosku o eTA. Po wys\u0142aniu formularza online systemy komputerowe przetwarzaj\u0105 Twoje dane i odpowiedzi na pytania, w celu ustalenia, czy Tw\u00f3j plik spe\u0142nia warunki przyj\u0119cia. Dlatego nale\u017cy mie\u0107 si\u0119 na baczno\u015bci i samemu wyj\u015b\u0107 z inicjatyw\u0105 odwiedzenia strony, aby zobaczy\u0107 wynik swojego zapytania. Je\u015bli dostaniesz potwierdzenie podr\u00f3\u017cy do Kanady przez eTA, nic nie stoi na przeszkodzie, aby\u015b wydrukowa\u0142 t\u0119 wiadomo\u015b\u0107, ale nie jest to obowi\u0105zkowe. W\u0142adze kanadyjskie b\u0119d\u0105 mog\u0142y obejrze\u0107 Twoje akta bezpo\u015brednio na swoich narz\u0119dziach komputerowych.<\/p>\n\n<h2 class=\"wp-block-heading\">Czy s\u0105 jakie\u015b korzy\u015bci dla podr\u00f3\u017cuj\u0105cych?<\/h2>\n\n<p>Tak, podr\u00f3\u017cni r\u00f3wnie\u017c odnosz\u0105 korzy\u015bci, poniewa\u017c podr\u00f3\u017cuj\u0105c z <a href=\"https:\/\/ave-eta-canada.com\/pl\/wiza-czy-eta-kanada\/\">eTA nie musz\u0105 ubiega\u0107 si\u0119 o wiz\u0119<\/a>. Musz\u0105 by\u0107 jednak spe\u0142nione pewne warunki. Rzeczywi\u015bcie, musisz by\u0107 z jednego z kraj\u00f3w, kt\u00f3re podpisa\u0142y porozumienie o zniesieniu wiz (do kt\u00f3rych nale\u017cy Europa). W Kanadzie trzeba b\u0119dzie przebywa\u0107 maksymalnie 6 miesi\u0119cy; ponadto ograniczony jest cel podr\u00f3\u017cy: tranzyt, pobyt turystyczny lub biznesowy. Ponadto, podobnie jak wiele kraj\u00f3w, Kanada wymaga od odwiedzaj\u0105cych posiadania wa\u017cnego paszportu elektronicznego lub biometrycznego. Je\u015bli spe\u0142niasz wszystkie te wymagania, Twoja podr\u00f3\u017c do Kanady powinna przebiega\u0107 bezproblemowo z eTA. Cena eTA i jej uproszczony proces online s\u0105 prawdziwym atutem dla podr\u00f3\u017cnych chc\u0105cych wjecha\u0107 do Kanady.<\/p>\n\n<h2 class=\"wp-block-heading\">Jak d\u0142ugo wa\u017cny jest ten wniosek?<\/h2>\n\n<p>Po z\u0142o\u017ceniu wniosku, <a href=\"https:\/\/ave-eta-canada.com\/pl\/okres-waznosci-eta-kanada-2\/\">dokument pobytowy mo\u017ce by\u0107 u\u017cywany przez pi\u0119\u0107 lat<\/a> lub do czasu wyga\u015bni\u0119cia paszportu. Pobyt w Kanadzie nie mo\u017ce jednak przekroczy\u0107 6 miesi\u0119cy. Mo\u017cna przyje\u017cd\u017ca\u0107 i wyje\u017cd\u017ca\u0107 do Kanady wielokrotnie, a\u017c do up\u0142ywu 6 miesi\u0119cy.<\/p>\n\n<h2 class=\"wp-block-heading\">Czy istnieje ryzyko odmowy wykonania eTA?<\/h2>\n\n<p>B\u0105d\u017acie pewni, \u017ce prawie ka\u017cda pro\u015bba spotyka si\u0119 z pozytywn\u0105 odpowiedzi\u0105. Odmowy wydania zezwole\u0144 na podr\u00f3\u017c eTA wynikaj\u0105 z b\u0142\u0119d\u00f3w we wprowadzaniu danych i oczywi\u015bcie z nieprzestrzegania warunk\u00f3w zezwolenia (nadmierny pobyt, niewa\u017cny paszport itp.). Je\u015bli spe\u0142nisz kilka wymog\u00f3w programu, Tw\u00f3j pobyt w Kanadzie bez w\u0105tpienia b\u0119dzie mo\u017cliwy dzi\u0119ki eTA. Prosimy o sprawdzenie swoich danych przed wys\u0142aniem formularza, poniewa\u017c \u0142atwo mo\u017ce doj\u015b\u0107 do liter\u00f3wki. W przypadku odmowy b\u0119dziesz musia\u0142 odczeka\u0107 10 dni, zanim b\u0119dziesz m\u00f3g\u0142 z\u0142o\u017cy\u0107 nowy wniosek.<\/p>\n\n<h2 class=\"wp-block-heading\">Jak uzyska\u0107 wiz\u0119 turystyczn\u0105 do Kanady<\/h2>\n\n<p>Wniosek o kanadyjsk\u0105 wiz\u0119 turystyczn\u0105 sk\u0142ada si\u0119 w konsulacie kanadyjskim w kraju zamieszkania. Proces uzyskania wizy turystycznej do Kanady obejmuje kilka etap\u00f3w. Aby otrzyma\u0107 <a href=\"https:\/\/usa-esta.net\/pl\/wiza-do-usa\/\">wiz\u0119 ameryka\u0144sk\u0105<\/a>, nale\u017cy um\u00f3wi\u0107 si\u0119 na spotkanie w ambasadzie USA. Z drugiej strony wiz\u0119 kanadyjsk\u0105 uzyskuje si\u0119 bez fizycznej rozmowy w ambasadzie kanadyjskiej. G\u0142\u00f3wne kroki kanadyjskiej wizy turystycznej s\u0105 nast\u0119puj\u0105ce:<\/p>\n\n<ol class=\"wp-block-list\">\n<li>Po pierwsze, musisz sprawdzi\u0107, czy kwalifikujesz si\u0119 do otrzymania wizy turystycznej do Kanady;<\/li>\n\n\n\n<li>Nast\u0119pnie nale\u017cy utworzy\u0107 dost\u0119p dla odwiedzaj\u0105cych na kanadyjskim administracyjnym portalu internetowym: <a href=\"https:\/\/www.canada.ca\/en\/immigration-refugees-citizenship\/services\/visit-canada\/visitor-visa-application-start.html\">IRCC<\/a>;<\/li>\n\n\n\n<li>Po zalogowaniu nale\u017cy skompletowa\u0107 wszystkie wymagane dokumenty do kanadyjskiej wizy turystycznej;<\/li>\n\n\n\n<li>Po zako\u0144czeniu b\u0119dziesz m\u00f3g\u0142 zatwierdzi\u0107 sw\u00f3j wniosek o wiz\u0119 kanadyjsk\u0105;<\/li>\n\n\n\n<li>Nale\u017cy r\u00f3wnie\u017c do\u0142\u0105czy\u0107 wszystkie dokumenty wymagane przez w\u0142adze kanadyjskie do sfinalizowania wniosku o wiz\u0119 turystyczn\u0105;<\/li>\n\n\n\n<li>Po z\u0142o\u017ceniu dokument\u00f3w aplikacyjnych nale\u017cy poczeka\u0107 na powr\u00f3t dzia\u0142u zajmuj\u0105cego si\u0119 przetwarzaniem wiz turystycznych. Dzia\u0142 wizowy mo\u017ce si\u0119 z Pa\u0144stwem skontaktowa\u0107 w celu uzyskania dalszych informacji.<\/li>\n\n\n\n<li>Po zaakceptowaniu wniosku, nale\u017cy wys\u0142a\u0107 paszport do ostemplowania przez oficjalny kanadyjski serwis wizowy.<\/li>\n<\/ol>\n\n<div style=\"height:20px\" aria-hidden=\"true\" class=\"wp-block-spacer\"><\/div>\n\n<h2 class=\"wp-block-heading\">Czy mog\u0119 przed\u0142u\u017cy\u0107 sw\u00f3j pobyt dzi\u0119ki zezwoleniu eTA Canada?<\/h2>\n\n<p>Chocia\u017c eTA Canada upowa\u017cnia do pocz\u0105tkowego pobytu na terytorium Kanady do 6 miesi\u0119cy, czasami mo\u017cliwe jest uzyskanie przed\u0142u\u017cenia. W tym celu nale\u017cy z\u0142o\u017cy\u0107 specjalny wniosek do w\u0142adz kanadyjskich przed wyga\u015bni\u0119ciem pocz\u0105tkowego pobytu. Proces ten odbywa si\u0119 bezpo\u015brednio online na <a href=\"https:\/\/www.canada.ca\/en\/immigration-refugees-citizenship\/services\/application\/account.html\">portalu IRCC<\/a> i wymaga podania wa\u017cnych powod\u00f3w i dowod\u00f3w uzasadniaj\u0105cych wniosek (wzgl\u0119dy rodzinne, zawodowe, medyczne itp.). Dlatego wa\u017cne jest, aby zaplanowa\u0107 ten proces z du\u017cym wyprzedzeniem.   <\/p>\n\n<h2 class=\"wp-block-heading\">Co nale\u017cy zrobi\u0107, je\u015bli paszport straci wa\u017cno\u015b\u0107 przed uzyskaniem zezwolenia na podr\u00f3\u017c?<\/h2>\n\n<p>Je\u015bli wa\u017cno\u015b\u0107 paszportu wygasa przed ko\u0144cem okresu wa\u017cno\u015bci zezwolenia na podr\u00f3\u017c (5 lat), nale\u017cy z\u0142o\u017cy\u0107 wniosek o nowe zezwolenie online zaraz po otrzymaniu nowego paszportu. Wynika to z faktu, \u017ce elektroniczne zezwolenie jest bezpo\u015brednio powi\u0105zane z numerem paszportu u\u017cytym w pierwotnym wniosku. Ka\u017cda modyfikacja lub zmiana paszportu wymaga zatem nowego zezwolenia, aby unikn\u0105\u0107 odmowy przyj\u0119cia na pok\u0142ad lub problem\u00f3w na granicy.  <\/p>\n\n<h2 class=\"wp-block-heading\">ETA Kanada dla nieletnich<\/h2>\n\n<p>Je\u015bli podr\u00f3\u017cujesz z ma\u0142oletnimi dzie\u0107mi, wa\u017cne jest, aby wiedzie\u0107, \u017ce ka\u017cde dziecko musi mie\u0107 w\u0142asne zezwolenie na podr\u00f3\u017c. Indywidualne zezwolenie musi zosta\u0107 wype\u0142nione online dla ka\u017cdego dziecka, nawet je\u015bli towarzyszy mu oboje rodzic\u00f3w lub opiekun\u00f3w prawnych. Ponadto w\u0142adze kanadyjskie zdecydowanie zalecaj\u0105, aby doro\u015bli podr\u00f3\u017cuj\u0105cy samotnie z ma\u0142oletnim posiadali upowa\u017cnienie rodzicielskie podpisane przez drugiego rodzica lub nieobecnego opiekuna prawnego, aby unikn\u0105\u0107 blokad na granicach.  <\/p>\n\n<h2 class=\"wp-block-heading\">Nie zapomnij o formalno\u015bciach zwi\u0105zanych z podr\u00f3\u017c\u0105 do Wielkiej Brytanii<\/h2>\n\n<p>Je\u015bli planujesz r\u00f3wnie\u017c <a href=\"https:\/\/uk-gb.net\/fr\/\">odwiedzi\u0107 Wielk\u0105 Bryt<\/a>ani\u0119, powiniene\u015b wiedzie\u0107, \u017ce kraj ten niedawno wprowadzi\u0142 w\u0142asny elektroniczny system autoryzacji podr\u00f3\u017cy. Podobnie jak kanadyjska elektroniczna autoryzacja podr\u00f3\u017cy, brytyjska ETA jest elektroniczn\u0105 autoryzacj\u0105 przed podr\u00f3\u017c\u0105. Zosta\u0142 on wprowadzony w celu uproszczenia <a href=\"https:\/\/uk-gb.net\/fr\/visa-royaume-uni\/\">formalno\u015bci zwi\u0105zanych z wjazdem do Wielkiej Brytanii<\/a> i wzmocnienia kontroli bezpiecze\u0144stwa. Certyfikat ten b\u0119dzie obowi\u0105zkowy dla os\u00f3b zwolnionych z obowi\u0105zku wizowego, kt\u00f3re chc\u0105 pozosta\u0107 na kr\u00f3tko w Wielkiej Brytanii. Pami\u0119taj wi\u0119c, aby dope\u0142ni\u0107 formalno\u015bci w Wielkiej Brytanii online przed podr\u00f3\u017c\u0105, aby unikn\u0105\u0107 nieprzyjemnych niespodzianek po przybyciu do Wielkiej Brytanii.    <\/p>\n","protected":false},"excerpt":{"rendered":"<p>Formalno\u015bci zwi\u0105zane z wjazdem do Kanady Electronic Travel Authorization Canada (eTA Canada) to zautomatyzowany system autoryzacji podr\u00f3\u017cy do Kanady. To elektroniczne urz\u0105dzenie zosta\u0142o wprowadzone do sprzeda\u017cy we wrze\u015bniu 2016 roku. Za to obowi\u0105zkowe za\u015bwiadczenie, kt\u00f3re nale\u017cy uzyska\u0107 przed pobytem w Kanadzie, pobierana jest op\u0142ata. Pozwala ona na wjazd do Kanady bez konieczno\u015bci ubiegania si\u0119 o [&hellip;]<\/p>\n","protected":false},"author":1,"featured_media":0,"parent":0,"menu_order":0,"comment_status":"closed","ping_status":"closed","template":"","meta":{"footnotes":""},"class_list":["post-3998","page","type-page","status-publish","hentry"],"yoast_head":"<!-- This site is optimized with the Yoast SEO plugin v26.9 - https:\/\/yoast.com\/product\/yoast-seo-wordpress\/ -->\n<title>KANADA: Elektroniczne zezwolenie na podr\u00f3\u017c<\/title>\n<meta name=\"description\" content=\"Wszystkie informacje dotycz\u0105ce eTA Canada, czyli elektronicznego za\u015bwiadczenia o wje\u017adzie do Kanady\" \/>\n<meta name=\"robots\" content=\"index, follow, max-snippet:-1, max-image-preview:large, max-video-preview:-1\" \/>\n<link rel=\"canonical\" href=\"https:\/\/ave-eta-canada.com\/pl\/\" \/>\n<meta property=\"og:locale\" content=\"pl_PL\" \/>\n<meta property=\"og:type\" content=\"article\" \/>\n<meta property=\"og:title\" content=\"KANADA: Elektroniczne zezwolenie na podr\u00f3\u017c\" \/>\n<meta property=\"og:description\" content=\"Wszystkie informacje dotycz\u0105ce eTA Canada, czyli elektronicznego za\u015bwiadczenia o wje\u017adzie do Kanady\" \/>\n<meta property=\"og:url\" content=\"https:\/\/ave-eta-canada.com\/pl\/\" \/>\n<meta property=\"og:site_name\" content=\"VISA CANADA\" \/>\n<meta property=\"article:modified_time\" content=\"2025-06-06T09:05:18+00:00\" \/>\n<meta property=\"og:image\" content=\"https:\/\/ave-eta-canada.com\/wp-content\/uploads\/2020\/04\/visa-canada-1.webp\" \/>\n\t<meta property=\"og:image:width\" content=\"1920\" \/>\n\t<meta property=\"og:image:height\" content=\"1376\" \/>\n\t<meta property=\"og:image:type\" content=\"image\/webp\" \/>\n<meta name=\"twitter:card\" content=\"summary_large_image\" \/>\n<meta name=\"twitter:label1\" content=\"Szacowany czas czytania\" \/>\n\t<meta name=\"twitter:data1\" content=\"7 minut\" \/>\n<script type=\"application\/ld+json\" class=\"yoast-schema-graph\">{\"@context\":\"https:\/\/schema.org\",\"@graph\":[{\"@type\":\"WebPage\",\"@id\":\"https:\/\/ave-eta-canada.com\/pl\/\",\"url\":\"https:\/\/ave-eta-canada.com\/pl\/\",\"name\":\"KANADA: Elektroniczne zezwolenie na podr\u00f3\u017c\",\"isPartOf\":{\"@id\":\"https:\/\/ave-eta-canada.com\/pl\/#website\"},\"primaryImageOfPage\":{\"@id\":\"https:\/\/ave-eta-canada.com\/pl\/#primaryimage\"},\"image\":{\"@id\":\"https:\/\/ave-eta-canada.com\/pl\/#primaryimage\"},\"thumbnailUrl\":\"https:\/\/ave-eta-canada.com\/wp-content\/uploads\/2020\/04\/visa-canada-1-1024x734.png\",\"datePublished\":\"2023-04-18T14:38:29+00:00\",\"dateModified\":\"2025-06-06T09:05:18+00:00\",\"description\":\"Wszystkie informacje dotycz\u0105ce eTA Canada, czyli elektronicznego za\u015bwiadczenia o wje\u017adzie do Kanady\",\"breadcrumb\":{\"@id\":\"https:\/\/ave-eta-canada.com\/pl\/#breadcrumb\"},\"inLanguage\":\"pl-PL\",\"potentialAction\":[{\"@type\":\"ReadAction\",\"target\":[\"https:\/\/ave-eta-canada.com\/pl\/\"]}]},{\"@type\":\"ImageObject\",\"inLanguage\":\"pl-PL\",\"@id\":\"https:\/\/ave-eta-canada.com\/pl\/#primaryimage\",\"url\":\"https:\/\/ave-eta-canada.com\/wp-content\/uploads\/2020\/04\/visa-canada-1-1024x734.png\",\"contentUrl\":\"https:\/\/ave-eta-canada.com\/wp-content\/uploads\/2020\/04\/visa-canada-1-1024x734.png\"},{\"@type\":\"BreadcrumbList\",\"@id\":\"https:\/\/ave-eta-canada.com\/pl\/#breadcrumb\",\"itemListElement\":[{\"@type\":\"ListItem\",\"position\":1,\"name\":\"Home\",\"item\":\"https:\/\/ave-eta-canada.com\/pl\/\"},{\"@type\":\"ListItem\",\"position\":2,\"name\":\"KANADA: Elektroniczne zezwolenie na podr\u00f3\u017c\"}]},{\"@type\":\"WebSite\",\"@id\":\"https:\/\/ave-eta-canada.com\/pl\/#website\",\"url\":\"https:\/\/ave-eta-canada.com\/pl\/\",\"name\":\"VISA CANADA\",\"description\":\"Autorisation Voyage Electronique\",\"potentialAction\":[{\"@type\":\"SearchAction\",\"target\":{\"@type\":\"EntryPoint\",\"urlTemplate\":\"https:\/\/ave-eta-canada.com\/pl\/?s={search_term_string}\"},\"query-input\":{\"@type\":\"PropertyValueSpecification\",\"valueRequired\":true,\"valueName\":\"search_term_string\"}}],\"inLanguage\":\"pl-PL\"}]}<\/script>\n<!-- \/ Yoast SEO plugin. -->","yoast_head_json":{"title":"KANADA: Elektroniczne zezwolenie na podr\u00f3\u017c","description":"Wszystkie informacje dotycz\u0105ce eTA Canada, czyli elektronicznego za\u015bwiadczenia o wje\u017adzie do Kanady","robots":{"index":"index","follow":"follow","max-snippet":"max-snippet:-1","max-image-preview":"max-image-preview:large","max-video-preview":"max-video-preview:-1"},"canonical":"https:\/\/ave-eta-canada.com\/pl\/","og_locale":"pl_PL","og_type":"article","og_title":"KANADA: Elektroniczne zezwolenie na podr\u00f3\u017c","og_description":"Wszystkie informacje dotycz\u0105ce eTA Canada, czyli elektronicznego za\u015bwiadczenia o wje\u017adzie do Kanady","og_url":"https:\/\/ave-eta-canada.com\/pl\/","og_site_name":"VISA CANADA","article_modified_time":"2025-06-06T09:05:18+00:00","og_image":[{"width":1920,"height":1376,"url":"https:\/\/ave-eta-canada.com\/wp-content\/uploads\/2020\/04\/visa-canada-1.webp","type":"image\/webp"}],"twitter_card":"summary_large_image","twitter_misc":{"Szacowany czas czytania":"7 minut"},"schema":{"@context":"https:\/\/schema.org","@graph":[{"@type":"WebPage","@id":"https:\/\/ave-eta-canada.com\/pl\/","url":"https:\/\/ave-eta-canada.com\/pl\/","name":"KANADA: Elektroniczne zezwolenie na podr\u00f3\u017c","isPartOf":{"@id":"https:\/\/ave-eta-canada.com\/pl\/#website"},"primaryImageOfPage":{"@id":"https:\/\/ave-eta-canada.com\/pl\/#primaryimage"},"image":{"@id":"https:\/\/ave-eta-canada.com\/pl\/#primaryimage"},"thumbnailUrl":"https:\/\/ave-eta-canada.com\/wp-content\/uploads\/2020\/04\/visa-canada-1-1024x734.png","datePublished":"2023-04-18T14:38:29+00:00","dateModified":"2025-06-06T09:05:18+00:00","description":"Wszystkie informacje dotycz\u0105ce eTA Canada, czyli elektronicznego za\u015bwiadczenia o wje\u017adzie do Kanady","breadcrumb":{"@id":"https:\/\/ave-eta-canada.com\/pl\/#breadcrumb"},"inLanguage":"pl-PL","potentialAction":[{"@type":"ReadAction","target":["https:\/\/ave-eta-canada.com\/pl\/"]}]},{"@type":"ImageObject","inLanguage":"pl-PL","@id":"https:\/\/ave-eta-canada.com\/pl\/#primaryimage","url":"https:\/\/ave-eta-canada.com\/wp-content\/uploads\/2020\/04\/visa-canada-1-1024x734.png","contentUrl":"https:\/\/ave-eta-canada.com\/wp-content\/uploads\/2020\/04\/visa-canada-1-1024x734.png"},{"@type":"BreadcrumbList","@id":"https:\/\/ave-eta-canada.com\/pl\/#breadcrumb","itemListElement":[{"@type":"ListItem","position":1,"name":"Home","item":"https:\/\/ave-eta-canada.com\/pl\/"},{"@type":"ListItem","position":2,"name":"KANADA: Elektroniczne zezwolenie na podr\u00f3\u017c"}]},{"@type":"WebSite","@id":"https:\/\/ave-eta-canada.com\/pl\/#website","url":"https:\/\/ave-eta-canada.com\/pl\/","name":"VISA CANADA","description":"Autorisation Voyage Electronique","potentialAction":[{"@type":"SearchAction","target":{"@type":"EntryPoint","urlTemplate":"https:\/\/ave-eta-canada.com\/pl\/?s={search_term_string}"},"query-input":{"@type":"PropertyValueSpecification","valueRequired":true,"valueName":"search_term_string"}}],"inLanguage":"pl-PL"}]}},"_links":{"self":[{"href":"https:\/\/ave-eta-canada.com\/pl\/wp-json\/wp\/v2\/pages\/3998","targetHints":{"allow":["GET"]}}],"collection":[{"href":"https:\/\/ave-eta-canada.com\/pl\/wp-json\/wp\/v2\/pages"}],"about":[{"href":"https:\/\/ave-eta-canada.com\/pl\/wp-json\/wp\/v2\/types\/page"}],"author":[{"embeddable":true,"href":"https:\/\/ave-eta-canada.com\/pl\/wp-json\/wp\/v2\/users\/1"}],"replies":[{"embeddable":true,"href":"https:\/\/ave-eta-canada.com\/pl\/wp-json\/wp\/v2\/comments?post=3998"}],"version-history":[{"count":7,"href":"https:\/\/ave-eta-canada.com\/pl\/wp-json\/wp\/v2\/pages\/3998\/revisions"}],"predecessor-version":[{"id":6134,"href":"https:\/\/ave-eta-canada.com\/pl\/wp-json\/wp\/v2\/pages\/3998\/revisions\/6134"}],"wp:attachment":[{"href":"https:\/\/ave-eta-canada.com\/pl\/wp-json\/wp\/v2\/media?parent=3998"}],"curies":[{"name":"wp","href":"https:\/\/api.w.org\/{rel}","templated":true}]}}