{"id":4010,"date":"2023-04-18T14:41:22","date_gmt":"2023-04-18T14:41:22","guid":{"rendered":"https:\/\/ave-eta-canada.com\/wash-canada-jest-obowiazkowa\/"},"modified":"2023-05-08T22:13:41","modified_gmt":"2023-05-08T22:13:41","slug":"czy-eta-kanada-jest-obowiazkowa","status":"publish","type":"page","link":"https:\/\/ave-eta-canada.com\/pl\/czy-eta-kanada-jest-obowiazkowa\/","title":{"rendered":"Czy eTA Kanada jest obowi\u0105zkowa?"},"content":{"rendered":"\n<h1 class=\"wp-block-heading\">Czy eTA Kanada jest wymogiem?<\/h1>\n\n<p>eTA Kanada to elektroniczne upowa\u017cnienie do podr\u00f3\u017cy wprowadzone przez rz\u0105d Kanady. Uzyskuje si\u0119 j\u0105 przed podr\u00f3\u017c\u0105 do Kanady poprzez formularz online dost\u0119pny na stronie rz\u0105dowej. <\/p>\n\n<p><strong>W przypadku pobytu w Kanadzie kr\u00f3tszego ni\u017c 6 miesi\u0119cy<\/strong>: formalno\u015bci zwi\u0105zanych z wjazdem do Kanady mo\u017cna dope\u0142ni\u0107 bezpo\u015brednio przez Internet, klikaj\u0105c na <a href=\"https:\/\/ave-eta-canada.com\/pl\/eta-kanada-formularz-online\/\">formularz online<\/a>. Nie jest konieczne umawianie si\u0119 na spotkanie w ambasadzie lub konsulacie Kanady.<\/p>\n\n<p>Na pytanie, czy eTA Kanada jest obowi\u0105zkowa? Odpowied\u017a brzmi: tak. Kanadyjskie elektroniczne zezwolenie na podr\u00f3\u017c jest obowi\u0105zkowe dla niekt\u00f3rych podr\u00f3\u017cnych pod pewnymi warunkami. Tutaj wyja\u015bniamy, jakie s\u0105 obowi\u0105zki eTA Kanada.<br\/><br\/><\/p>\n\n<h2 class=\"wp-block-heading\">Kiedy konieczne jest przeprowadzenie eTA Kanada?<\/h2>\n\n<p>eTA Kanada zosta\u0142o wprowadzone jako obowi\u0105zkowe w listopadzie 2016 roku przez w\u0142adze kanadyjskie. Jego zasada jest prosta: przed podr\u00f3\u017c\u0105 do Kanady nale\u017cy uzyska\u0107 zezwolenie na podr\u00f3\u017c, co odci\u0105\u017cy kanadyjskie ambasady i przej\u015bcia graniczne, zapewniaj\u0105c jednocze\u015bnie bezpiecze\u0144stwo wewn\u0119trzne kraju.<\/p>\n\n<p><a href=\"https:\/\/ave-eta-canada.com\/pl\/wniosek-eta-dla-kanady\/\">eTA Kanada jest wymagana <\/a>przy wje\u017adzie do Kanady wy\u0142\u0105cznie drog\u0105 lotnicz\u0105. Nie trzeba sk\u0142ada\u0107 wniosku o wydanie eTA Kanada na ka\u017cd\u0105 podr\u00f3\u017c do Kanady drog\u0105 l\u0105dow\u0105 lub morsk\u0105. Nale\u017cy zauwa\u017cy\u0107, \u017ce wym\u00f3g eTA Kanada dotyczy r\u00f3wnie\u017c podr\u00f3\u017cy lotniczych.<\/p>\n\n<p>Nie ma sensu przyje\u017cd\u017ca\u0107 na lotnisko bez obowi\u0105zkowego Kanada eTA, poniewa\u017c linie lotnicze maj\u0105 obowi\u0105zek odm\u00f3wi\u0107 wej\u015bcia na pok\u0142ad ka\u017cdemu, kto nie spe\u0142nia wymog\u00f3w imigracyjnych rz\u0105du kanadyjskiego. Dlatego przed wyjazdem nale\u017cy koniecznie uzyska\u0107 pozwolenie na podr\u00f3\u017c.<br\/><br\/><\/p>\n\n<h2 class=\"wp-block-heading\">Dla kogo przeznaczony jest wym\u00f3g eTA Kanada?<\/h2>\n\n<p>Wym\u00f3g eTA Kanada dotyczy tylko obywateli kraj\u00f3w zwolnionych z obowi\u0105zku wizowego. Poniewa\u017c Francja jest jednym z nich, obywatele francuscy musz\u0105 spe\u0142ni\u0107 wym\u00f3g eTA Kanada, aby m\u00f3c podr\u00f3\u017cowa\u0107 do Kanady.<\/p>\n\n<p>Wym\u00f3g eTA Kanada nie dotyczy jednak obywateli francuskich zamieszka\u0142ych w Saint-Pierre-et-Miquelon, je\u017celi podr\u00f3\u017cuj\u0105 do Kanady bezpo\u015brednio z Saint-Pierre-et-Miquelon. Z wymogu eTA Kanada zwolnieni s\u0105 r\u00f3wnie\u017c obywatele Kanady i Stan\u00f3w Zjednoczonych (pod warunkiem posiadania wa\u017cnego paszportu &#8211; kanadyjskiego lub ameryka\u0144skiego), stali mieszka\u0144cy Kanady oraz, pod pewnymi warunkami, posiadacze wa\u017cnej wizy kanadyjskiej (wizy na pobyt czasowy, WHP, pozwolenia na prac\u0119, pozwolenia na nauk\u0119 itp.)<\/p>\n\n<p>Zezwolenie na podr\u00f3\u017c nie upowa\u017cnia Pa\u0144stwa do podj\u0119cia <a href=\"https:\/\/ave-eta-canada.com\/pl\/pozwolenie-na-prace-w-kanadzie\/\">pracy lub nauki w Kanadzie<\/a>. Nie jest to r\u00f3wnie\u017c zezwolenie na wjazd: funkcjonariusz s\u0142u\u017cb granicznych jest odpowiedzialny za przyj\u0119cie lub odmow\u0119 przyj\u0119cia pasa\u017cer\u00f3w zg\u0142aszaj\u0105cych si\u0119 na granicy. Jego decyzja opiera si\u0119 na przedstawieniu wymaganych dokument\u00f3w podr\u00f3\u017cy (paszport, eTA, bilet wyjazdowy itp.).<br\/><br\/><\/p>\n\n<h2 class=\"wp-block-heading\">Jakie s\u0105 inne zobowi\u0105zania eTA Kanada?<\/h2>\n\n<p>eTA Kanada jest powi\u0105zana z paszportem podr\u00f3\u017cnego. Zatem ka\u017cda zmiana w paszporcie uniewa\u017cnia eTA, w tym odnowienie paszportu. Obowi\u0105zkowy eTA Kanada musi by\u0107 aktualny lub zostaniesz zakazany do wjazdu do Kanady.<\/p>\n\n<p>Posiadacz eTA Kanada jest zobowi\u0105zany do opuszczenia kraju nie p\u00f3\u017aniej ni\u017c 6 miesi\u0119cy po przyje\u017adzie. Mo\u017ce on jednak odby\u0107 dowoln\u0105 liczb\u0119 podr\u00f3\u017cy do Kanady w okresie <a href=\"https:\/\/ave-eta-canada.com\/pl\/okres-waznosci-eta-kanada-2\/\">wa\u017cno\u015bci eTA<\/a>. Nale\u017cy zauwa\u017cy\u0107, \u017ce zezwolenie jest wydawane na okres 5 lat lub do czasu wyga\u015bni\u0119cia wa\u017cno\u015bci paszportu, je\u017celi ten ostatni wyga\u015bnie przed up\u0142ywem oficjalnego okresu obowi\u0105zywania zezwolenia na eTA.<br\/><br\/><\/p>\n\n<h2 class=\"wp-block-heading\">Jak uzyska\u0107 obowi\u0105zkowe kanadyjskie eTA?<\/h2>\n\n<p>Obowi\u0105zkow\u0105 kanadyjsk\u0105 eTA mo\u017cna uzyska\u0107 tylko online za po\u015brednictwem oficjalnej kanadyjskiej strony rz\u0105dowej lub za po\u015brednictwem prywatnej organizacji, takiej jak nasz partner, w celu uzyskania indywidualnej pomocy. Nie ma potrzeby kontaktowania si\u0119 z ambasad\u0105 lub konsulatem Kanady, poniewa\u017c rozpatrywane s\u0105 tylko wnioski online.<\/p>\n\n<p>Aplikacja eTA Kanada polega na wype\u0142nieniu formularza z polami, kt\u00f3re odnosz\u0105 si\u0119 do danych paszportowych i informacji osobistych posiadacza. <a href=\"https:\/\/ave-eta-canada.com\/pl\/wypelnienie-formularza-eta-kanady\/\">Formularz online<\/a> uzupe\u0142niaj\u0105 4 pytania dotycz\u0105ce nieleczonych chor\u00f3b, przest\u0119pstw kryminalnych i poprzednich pobyt\u00f3w podr\u00f3\u017cnego.<\/p>\n\n<p>Formularz do wype\u0142nienia jest zatwierdzany po uiszczeniu op\u0142aty autoryzacyjnej w wysoko\u015bci 7 dolar\u00f3w kanadyjskich. Na podany w formularzu adres e-mail automatycznie wysy\u0142ane jest potwierdzenie odbioru. Ostateczna odpowied\u017a nast\u0119puje zwykle w ci\u0105gu kilku minut. W przypadku wniosku nierozpatrzonego, co zdarza si\u0119 rzadko, w ci\u0105gu kilku dni wysy\u0142any jest e-mail z list\u0105 dodatkowych dokument\u00f3w, kt\u00f3re nale\u017cy dostarczy\u0107. Pami\u0119taj, \u017ce <a href=\"https:\/\/ave-eta-canada.com\/pl\/jak-znalezc-eta\/\">wniosek eTA<\/a> mo\u017cesz odzyska\u0107 korzystaj\u0105c z numeru otrzymanego drog\u0105 mailow\u0105.<\/p>\n\n<p>Nale\u017cy zauwa\u017cy\u0107, \u017ce odmowa eTA Kanada nie jest ostatecznym zakazem wjazdu do Kanada. Podr\u00f3\u017cny mo\u017ce ponownie z\u0142o\u017cy\u0107 wniosek, je\u015bli zauwa\u017cy b\u0142\u0105d we wpisie, albo ubiega\u0107 si\u0119 o wiz\u0119 w ambasadzie.<\/p>\n","protected":false},"excerpt":{"rendered":"<p>Czy eTA Kanada jest wymogiem? eTA Kanada to elektroniczne upowa\u017cnienie do podr\u00f3\u017cy wprowadzone przez rz\u0105d Kanady. Uzyskuje si\u0119 j\u0105 przed podr\u00f3\u017c\u0105 do Kanady poprzez formularz online dost\u0119pny na stronie rz\u0105dowej. W przypadku pobytu w Kanadzie kr\u00f3tszego ni\u017c 6 miesi\u0119cy: formalno\u015bci zwi\u0105zanych z wjazdem do Kanady mo\u017cna dope\u0142ni\u0107 bezpo\u015brednio przez Internet, klikaj\u0105c na formularz online. Nie [&hellip;]<\/p>\n","protected":false},"author":1,"featured_media":0,"parent":0,"menu_order":0,"comment_status":"closed","ping_status":"closed","template":"","meta":{"footnotes":""},"class_list":["post-4010","page","type-page","status-publish","hentry"],"yoast_head":"<!-- This site is optimized with the Yoast SEO plugin v26.9 - https:\/\/yoast.com\/product\/yoast-seo-wordpress\/ -->\n<title>Czy eTA Kanada jest obowi\u0105zkowa?<\/title>\n<meta name=\"description\" content=\"W listopadzie 2016 roku rz\u0105d Kanady wprowadzi\u0142 elektroniczne zezwolenie na podr\u00f3\u017c (eTA). Czy jest to obowi\u0105zkowe? Pe\u0142na odpowied\u017a tutaj.\" \/>\n<meta name=\"robots\" content=\"index, follow, max-snippet:-1, max-image-preview:large, max-video-preview:-1\" \/>\n<link rel=\"canonical\" href=\"https:\/\/ave-eta-canada.com\/pl\/czy-eta-kanada-jest-obowiazkowa\/\" \/>\n<meta property=\"og:locale\" content=\"pl_PL\" \/>\n<meta property=\"og:type\" content=\"article\" \/>\n<meta property=\"og:title\" content=\"Czy eTA Kanada jest obowi\u0105zkowa?\" \/>\n<meta property=\"og:description\" content=\"W listopadzie 2016 roku rz\u0105d Kanady wprowadzi\u0142 elektroniczne zezwolenie na podr\u00f3\u017c (eTA). Czy jest to obowi\u0105zkowe? Pe\u0142na odpowied\u017a tutaj.\" \/>\n<meta property=\"og:url\" content=\"https:\/\/ave-eta-canada.com\/pl\/czy-eta-kanada-jest-obowiazkowa\/\" \/>\n<meta property=\"og:site_name\" content=\"VISA CANADA\" \/>\n<meta property=\"article:modified_time\" content=\"2023-05-08T22:13:41+00:00\" \/>\n<meta name=\"twitter:card\" content=\"summary_large_image\" \/>\n<meta name=\"twitter:label1\" content=\"Szacowany czas czytania\" \/>\n\t<meta name=\"twitter:data1\" content=\"4 minuty\" \/>\n<script type=\"application\/ld+json\" class=\"yoast-schema-graph\">{\"@context\":\"https:\/\/schema.org\",\"@graph\":[{\"@type\":\"WebPage\",\"@id\":\"https:\/\/ave-eta-canada.com\/pl\/czy-eta-kanada-jest-obowiazkowa\/\",\"url\":\"https:\/\/ave-eta-canada.com\/pl\/czy-eta-kanada-jest-obowiazkowa\/\",\"name\":\"Czy eTA Kanada jest obowi\u0105zkowa?\",\"isPartOf\":{\"@id\":\"https:\/\/ave-eta-canada.com\/pl\/#website\"},\"datePublished\":\"2023-04-18T14:41:22+00:00\",\"dateModified\":\"2023-05-08T22:13:41+00:00\",\"description\":\"W listopadzie 2016 roku rz\u0105d Kanady wprowadzi\u0142 elektroniczne zezwolenie na podr\u00f3\u017c (eTA). Czy jest to obowi\u0105zkowe? Pe\u0142na odpowied\u017a tutaj.\",\"breadcrumb\":{\"@id\":\"https:\/\/ave-eta-canada.com\/pl\/czy-eta-kanada-jest-obowiazkowa\/#breadcrumb\"},\"inLanguage\":\"pl-PL\",\"potentialAction\":[{\"@type\":\"ReadAction\",\"target\":[\"https:\/\/ave-eta-canada.com\/pl\/czy-eta-kanada-jest-obowiazkowa\/\"]}]},{\"@type\":\"BreadcrumbList\",\"@id\":\"https:\/\/ave-eta-canada.com\/pl\/czy-eta-kanada-jest-obowiazkowa\/#breadcrumb\",\"itemListElement\":[{\"@type\":\"ListItem\",\"position\":1,\"name\":\"Home\",\"item\":\"https:\/\/ave-eta-canada.com\/pl\/\"},{\"@type\":\"ListItem\",\"position\":2,\"name\":\"Czy eTA Kanada jest obowi\u0105zkowa?\"}]},{\"@type\":\"WebSite\",\"@id\":\"https:\/\/ave-eta-canada.com\/pl\/#website\",\"url\":\"https:\/\/ave-eta-canada.com\/pl\/\",\"name\":\"VISA CANADA\",\"description\":\"Autorisation Voyage Electronique\",\"potentialAction\":[{\"@type\":\"SearchAction\",\"target\":{\"@type\":\"EntryPoint\",\"urlTemplate\":\"https:\/\/ave-eta-canada.com\/pl\/?s={search_term_string}\"},\"query-input\":{\"@type\":\"PropertyValueSpecification\",\"valueRequired\":true,\"valueName\":\"search_term_string\"}}],\"inLanguage\":\"pl-PL\"}]}<\/script>\n<!-- \/ Yoast SEO plugin. -->","yoast_head_json":{"title":"Czy eTA Kanada jest obowi\u0105zkowa?","description":"W listopadzie 2016 roku rz\u0105d Kanady wprowadzi\u0142 elektroniczne zezwolenie na podr\u00f3\u017c (eTA). Czy jest to obowi\u0105zkowe? Pe\u0142na odpowied\u017a tutaj.","robots":{"index":"index","follow":"follow","max-snippet":"max-snippet:-1","max-image-preview":"max-image-preview:large","max-video-preview":"max-video-preview:-1"},"canonical":"https:\/\/ave-eta-canada.com\/pl\/czy-eta-kanada-jest-obowiazkowa\/","og_locale":"pl_PL","og_type":"article","og_title":"Czy eTA Kanada jest obowi\u0105zkowa?","og_description":"W listopadzie 2016 roku rz\u0105d Kanady wprowadzi\u0142 elektroniczne zezwolenie na podr\u00f3\u017c (eTA). Czy jest to obowi\u0105zkowe? Pe\u0142na odpowied\u017a tutaj.","og_url":"https:\/\/ave-eta-canada.com\/pl\/czy-eta-kanada-jest-obowiazkowa\/","og_site_name":"VISA CANADA","article_modified_time":"2023-05-08T22:13:41+00:00","twitter_card":"summary_large_image","twitter_misc":{"Szacowany czas czytania":"4 minuty"},"schema":{"@context":"https:\/\/schema.org","@graph":[{"@type":"WebPage","@id":"https:\/\/ave-eta-canada.com\/pl\/czy-eta-kanada-jest-obowiazkowa\/","url":"https:\/\/ave-eta-canada.com\/pl\/czy-eta-kanada-jest-obowiazkowa\/","name":"Czy eTA Kanada jest obowi\u0105zkowa?","isPartOf":{"@id":"https:\/\/ave-eta-canada.com\/pl\/#website"},"datePublished":"2023-04-18T14:41:22+00:00","dateModified":"2023-05-08T22:13:41+00:00","description":"W listopadzie 2016 roku rz\u0105d Kanady wprowadzi\u0142 elektroniczne zezwolenie na podr\u00f3\u017c (eTA). Czy jest to obowi\u0105zkowe? Pe\u0142na odpowied\u017a tutaj.","breadcrumb":{"@id":"https:\/\/ave-eta-canada.com\/pl\/czy-eta-kanada-jest-obowiazkowa\/#breadcrumb"},"inLanguage":"pl-PL","potentialAction":[{"@type":"ReadAction","target":["https:\/\/ave-eta-canada.com\/pl\/czy-eta-kanada-jest-obowiazkowa\/"]}]},{"@type":"BreadcrumbList","@id":"https:\/\/ave-eta-canada.com\/pl\/czy-eta-kanada-jest-obowiazkowa\/#breadcrumb","itemListElement":[{"@type":"ListItem","position":1,"name":"Home","item":"https:\/\/ave-eta-canada.com\/pl\/"},{"@type":"ListItem","position":2,"name":"Czy eTA Kanada jest obowi\u0105zkowa?"}]},{"@type":"WebSite","@id":"https:\/\/ave-eta-canada.com\/pl\/#website","url":"https:\/\/ave-eta-canada.com\/pl\/","name":"VISA CANADA","description":"Autorisation Voyage Electronique","potentialAction":[{"@type":"SearchAction","target":{"@type":"EntryPoint","urlTemplate":"https:\/\/ave-eta-canada.com\/pl\/?s={search_term_string}"},"query-input":{"@type":"PropertyValueSpecification","valueRequired":true,"valueName":"search_term_string"}}],"inLanguage":"pl-PL"}]}},"_links":{"self":[{"href":"https:\/\/ave-eta-canada.com\/pl\/wp-json\/wp\/v2\/pages\/4010","targetHints":{"allow":["GET"]}}],"collection":[{"href":"https:\/\/ave-eta-canada.com\/pl\/wp-json\/wp\/v2\/pages"}],"about":[{"href":"https:\/\/ave-eta-canada.com\/pl\/wp-json\/wp\/v2\/types\/page"}],"author":[{"embeddable":true,"href":"https:\/\/ave-eta-canada.com\/pl\/wp-json\/wp\/v2\/users\/1"}],"replies":[{"embeddable":true,"href":"https:\/\/ave-eta-canada.com\/pl\/wp-json\/wp\/v2\/comments?post=4010"}],"version-history":[{"count":0,"href":"https:\/\/ave-eta-canada.com\/pl\/wp-json\/wp\/v2\/pages\/4010\/revisions"}],"wp:attachment":[{"href":"https:\/\/ave-eta-canada.com\/pl\/wp-json\/wp\/v2\/media?parent=4010"}],"curies":[{"name":"wp","href":"https:\/\/api.w.org\/{rel}","templated":true}]}}