{"id":4012,"date":"2023-04-18T14:41:22","date_gmt":"2023-04-18T14:41:22","guid":{"rendered":"https:\/\/ave-eta-canada.com\/z-kanadyjskimi-nagrodami\/"},"modified":"2023-05-09T08:11:30","modified_gmt":"2023-05-09T08:11:30","slug":"eta-kanada-jego-cena","status":"publish","type":"page","link":"https:\/\/ave-eta-canada.com\/pl\/eta-kanada-jego-cena\/","title":{"rendered":"eTA Kanada: jego cena"},"content":{"rendered":"\n<h1 class=\"wp-block-heading\">Ile kosztuje eTA w Kanadzie?<\/h1>\n\n<p>Kanada to wymarzony cel podr\u00f3\u017cy dla milion\u00f3w ludzi ka\u017cdego roku. Idealne na wakacje z rodzin\u0105, przyjaci\u00f3\u0142mi, parami lub nawet w pojedynk\u0119, teraz mo\u017cna tam \u0142atwo pojecha\u0107 dzi\u0119ki eTA Kanada (Electronic Travel Authorisation). Elektroniczne zezwolenie na podr\u00f3\u017c do Kanady pozwala na korzystanie z wielu atrakcji w Kanadzie bez konieczno\u015bci ubiegania si\u0119 o wiz\u0119.  <\/p>\n\n<p><strong>W przypadku pobytu w Kanadzie kr\u00f3tszego ni\u017c 6 miesi\u0119cy<\/strong>: formalno\u015bci zwi\u0105zanych z wjazdem do Kanady mo\u017cna dope\u0142ni\u0107 bezpo\u015brednio przez Internet, klikaj\u0105c na <a href=\"https:\/\/ave-eta-canada.com\/pl\/eta-kanada-formularz-online\/\">formularz online<\/a>. Nie jest konieczne umawianie si\u0119 na spotkanie w ambasadzie lub konsulacie Kanady.<\/p>\n\n<br\/>\n\n<h2 class=\"wp-block-heading\">Por\u00f3wnanie ceny eTA Kanada i wizy<\/h2>\n\n<p>eTA, czyli <a href=\"https:\/\/ave-eta-canada.com\/pl\/kiedy-ubiegac-sie-o-zezwolenie-dla-kanady\/\">Elektroniczne Upowa\u017cnienie<\/a> do Podr\u00f3\u017cy, pozwala obcokrajowcom na zwolnienie z obowi\u0105zku wizowego w celu odbycia podr\u00f3\u017cy do Kanady drog\u0105 lotnicz\u0105 lub w tranzycie przed lotem do innego miejsca. Z przepustki tej mog\u0105 korzysta\u0107 wy\u0142\u0105cznie obywatele pa\u0144stw obj\u0119tych tym programem. Podr\u00f3\u017cny musi r\u00f3wnie\u017c posiada\u0107 wa\u017cny paszport i przebywa\u0107 w Kanadzie maksymalnie 6 miesi\u0119cy. Zalet\u0105 eTA jest to, \u017ce jest ona wa\u017cna przez pi\u0119\u0107 lat, co pozwala na powr\u00f3t do Kanady dowoln\u0105 ilo\u015b\u0107 razy w ramach czasu przewidzianego na ka\u017cd\u0105 wizyt\u0119 (maksymalnie 6 miesi\u0119cy). Nie nale\u017cy jednak oczekiwa\u0107, \u017ce dzi\u0119ki eTA b\u0119dzie mo\u017cna pracowa\u0107 w Kanadzie, mieszka\u0107 w Kanadzie, odbywa\u0107 sta\u017c lub studiowa\u0107 na kanadyjskim uniwersytecie. Je\u015bli jest to Tw\u00f3j cel, powiniene\u015b ubiega\u0107 si\u0119 o WHP (Working Holiday Permit) lub wiz\u0119.<\/p>\n\n<p>Uzyskanie wizy na wakacje w Kanadzie mo\u017ce by\u0107 skomplikowane. Rzeczywi\u015bcie, rz\u0105d kanadyjski musi przestrzega\u0107 kwot emisji. Z tego powodu warunki s\u0105 trudne do spe\u0142nienia (m.in. udowodnienie wysokich \u015brodk\u00f3w finansowych). Kroki (wniosek i konstytucja pliku z niezb\u0119dnymi dokumentami) i czas odpowiedzi s\u0105 d\u0142ugie, a cena jest wy\u017csza ni\u017c w przypadku eTA Kanada. Cena wizy tymczasowej do Kanady wynosi 100-$150 CAD, co w por\u00f3wnaniu z op\u0142at\u0105 za<a>eTA<\/a> Kanada jest prawdziwym bud\u017cetem, zw\u0142aszcza je\u015bli wybierasz si\u0119 z wi\u0119cej ni\u017c jedn\u0105 osob\u0105! Wi\u0119cej informacji na temat wizy kanadyjskiej mo\u017cna znale\u017a\u0107 na stronie Ambasady Kanady.<\/p>\n\n<p>Jak wida\u0107, aby odkry\u0107 Kanad\u0119, skosztowa\u0107 specja\u0142\u00f3w takich jak poutine czy shepherd&#8217;s pie (podobne do naszego shepherd&#8217;s pie, ale z kukurydz\u0105), zdecydowanie radzimy ubiega\u0107 si\u0119 o EVP Canada, gdy\u017c cena jest znacznie ni\u017csza ni\u017c wiza. Toronto (najbardziej kosmopolityczne miasto!), Quebec City, Ottawa i Vancouver czekaj\u0105 na Ciebie!<br\/><br\/><\/p>\n\n<h2 class=\"wp-block-heading\">Zam\u00f3wienie eTA Kanada i ustalenie op\u0142aty<\/h2>\n\n<p>Je\u015bli wybierasz si\u0119 do Kanady z wi\u0119cej ni\u017c jedn\u0105 osob\u0105, nie ma jeszcze mo\u017cliwo\u015bci z\u0142o\u017cenia wniosku jako grupa i uiszczenia op\u0142aty eTA Kanada za kilka os\u00f3b jednocze\u015bnie. Wnioski sk\u0142adane s\u0105 pojedynczo, indywidualnie, a <a href=\"https:\/\/ave-eta-canada.com\/pl\/eta-kanada-jego-cena\/\">op\u0142ata za eTA<\/a> musi by\u0107 uiszczona osobno.<\/p>\n\n<p>Dokumenty wymagane do z\u0142o\u017cenia wniosku to: wszystkie potrzebne paszporty (sprawd\u017a ich wa\u017cno\u015b\u0107) oraz karta p\u0142atnicza. Wniosek o eTA mo\u017cna z\u0142o\u017cy\u0107 online na dwa sposoby:<\/p>\n\n<ul class=\"wp-block-list\"><li>dokona\u0107 zg\u0142oszenia za po\u015brednictwem prywatnej strony internetowej, zesp\u00f3\u0142 zajmie si\u0119 wtedy za Ciebie zam\u00f3wieniem, aby unikn\u0105\u0107 pomy\u0142ki przy wype\u0142nianiu formularza online;<\/li><li>z\u0142\u00f3\u017c wniosek na oficjalnej stronie rz\u0105du kanadyjskiego. Ka\u017cde pole w formularzu nale\u017cy wype\u0142ni\u0107 dok\u0142adnie, a na pytania odpowiedzie\u0107 szczerze. Nale\u017cy pami\u0119ta\u0107, \u017ce pojedynczy b\u0142\u0105d mo\u017ce spowodowa\u0107 natychmiastowe odrzucenie wniosku.<\/li><\/ul>\n\n<p>Po jak najdok\u0142adniejszym wype\u0142nieniu formularza zostaniesz poproszony o wniesienie op\u0142aty w celu zatwierdzenia Twojego wniosku.<\/p>\n\n<p>Poprzez stron\u0119 internetow\u0105 rz\u0105du kanadyjskiego zostaniesz poproszony o uiszczenie op\u0142aty w wysoko\u015bci 7 CAD$ (dolar\u00f3w kanadyjskich). Je\u015bli poprosisz o us\u0142ugi prywatnej platformy, zastosowane zostan\u0105 dodatkowe op\u0142aty, ale cena jest nadal atrakcyjna!<\/p>\n\n<p>Odpowied\u017a jest dostarczana na Tw\u00f3j e-mail zazwyczaj w ci\u0105gu kilku minut. Nie martw si\u0119 jednak, je\u015bli nie otrzyma\u0142e\u015b natychmiastowej odpowiedzi, mo\u017ce to potrwa\u0107 kilka dni.<\/p>\n\n<p>Po <a href=\"https:\/\/ave-eta-canada.com\/pl\/czas-na-uzyskanie-eta-dla-kanady\/\">uzyskanie eTA Kanada<\/a> mo\u017cesz lecie\u0107 do Kanady. Nale\u017cy jednak pami\u0119ta\u0107, \u017ce o tym, czy mo\u017cna wjecha\u0107 do Kanady, czy nie, decyduje wy\u0142\u0105cznie celnik na miejscu.<\/p>\n\n<p>Oto nasza ostatnia rada dla podr\u00f3\u017cnych teraz, gdy ju\u017c wiecie, ile kosztuje eTA Kanada: przed wyjazdem do Kanady nie zapomnijcie pomy\u015ble\u0107 o ubezpieczeniu podr\u00f3\u017cnym w razie problem\u00f3w i chapce, je\u015bli lecicie zim\u0105.<\/p>\n\n<p>Prosz\u0119 bardzo, mi\u0142ego pobytu w Kanadzie!<\/p>\n","protected":false},"excerpt":{"rendered":"<p>Ile kosztuje eTA w Kanadzie? Kanada to wymarzony cel podr\u00f3\u017cy dla milion\u00f3w ludzi ka\u017cdego roku. Idealne na wakacje z rodzin\u0105, przyjaci\u00f3\u0142mi, parami lub nawet w pojedynk\u0119, teraz mo\u017cna tam \u0142atwo pojecha\u0107 dzi\u0119ki eTA Kanada (Electronic Travel Authorisation). Elektroniczne zezwolenie na podr\u00f3\u017c do Kanady pozwala na korzystanie z wielu atrakcji w Kanadzie bez konieczno\u015bci ubiegania si\u0119 [&hellip;]<\/p>\n","protected":false},"author":1,"featured_media":0,"parent":0,"menu_order":0,"comment_status":"closed","ping_status":"closed","template":"","meta":{"footnotes":""},"class_list":["post-4012","page","type-page","status-publish","hentry"],"yoast_head":"<!-- This site is optimized with the Yoast SEO plugin v26.9 - https:\/\/yoast.com\/product\/yoast-seo-wordpress\/ -->\n<title>eTA Kanada: jego cena<\/title>\n<meta name=\"description\" content=\"Chcesz ubiega\u0107 si\u0119 o eTA Kanada, ale nie wiesz ile to b\u0119dzie kosztowa\u0107? Nasz zesp\u00f3\u0142 ekspert\u00f3w opowiada o tym wszystkim w tym artykule!\" \/>\n<meta name=\"robots\" content=\"index, follow, max-snippet:-1, max-image-preview:large, max-video-preview:-1\" \/>\n<link rel=\"canonical\" href=\"https:\/\/ave-eta-canada.com\/pl\/eta-kanada-jego-cena\/\" \/>\n<meta property=\"og:locale\" content=\"pl_PL\" \/>\n<meta property=\"og:type\" content=\"article\" \/>\n<meta property=\"og:title\" content=\"eTA Kanada: jego cena\" \/>\n<meta property=\"og:description\" content=\"Chcesz ubiega\u0107 si\u0119 o eTA Kanada, ale nie wiesz ile to b\u0119dzie kosztowa\u0107? Nasz zesp\u00f3\u0142 ekspert\u00f3w opowiada o tym wszystkim w tym artykule!\" \/>\n<meta property=\"og:url\" content=\"https:\/\/ave-eta-canada.com\/pl\/eta-kanada-jego-cena\/\" \/>\n<meta property=\"og:site_name\" content=\"VISA CANADA\" \/>\n<meta property=\"article:modified_time\" content=\"2023-05-09T08:11:30+00:00\" \/>\n<meta name=\"twitter:card\" content=\"summary_large_image\" \/>\n<meta name=\"twitter:label1\" content=\"Szacowany czas czytania\" \/>\n\t<meta name=\"twitter:data1\" content=\"4 minuty\" \/>\n<script type=\"application\/ld+json\" class=\"yoast-schema-graph\">{\"@context\":\"https:\/\/schema.org\",\"@graph\":[{\"@type\":\"WebPage\",\"@id\":\"https:\/\/ave-eta-canada.com\/pl\/eta-kanada-jego-cena\/\",\"url\":\"https:\/\/ave-eta-canada.com\/pl\/eta-kanada-jego-cena\/\",\"name\":\"eTA Kanada: jego cena\",\"isPartOf\":{\"@id\":\"https:\/\/ave-eta-canada.com\/pl\/#website\"},\"datePublished\":\"2023-04-18T14:41:22+00:00\",\"dateModified\":\"2023-05-09T08:11:30+00:00\",\"description\":\"Chcesz ubiega\u0107 si\u0119 o eTA Kanada, ale nie wiesz ile to b\u0119dzie kosztowa\u0107? Nasz zesp\u00f3\u0142 ekspert\u00f3w opowiada o tym wszystkim w tym artykule!\",\"breadcrumb\":{\"@id\":\"https:\/\/ave-eta-canada.com\/pl\/eta-kanada-jego-cena\/#breadcrumb\"},\"inLanguage\":\"pl-PL\",\"potentialAction\":[{\"@type\":\"ReadAction\",\"target\":[\"https:\/\/ave-eta-canada.com\/pl\/eta-kanada-jego-cena\/\"]}]},{\"@type\":\"BreadcrumbList\",\"@id\":\"https:\/\/ave-eta-canada.com\/pl\/eta-kanada-jego-cena\/#breadcrumb\",\"itemListElement\":[{\"@type\":\"ListItem\",\"position\":1,\"name\":\"Home\",\"item\":\"https:\/\/ave-eta-canada.com\/pl\/\"},{\"@type\":\"ListItem\",\"position\":2,\"name\":\"eTA Kanada: jego cena\"}]},{\"@type\":\"WebSite\",\"@id\":\"https:\/\/ave-eta-canada.com\/pl\/#website\",\"url\":\"https:\/\/ave-eta-canada.com\/pl\/\",\"name\":\"VISA CANADA\",\"description\":\"Autorisation Voyage Electronique\",\"potentialAction\":[{\"@type\":\"SearchAction\",\"target\":{\"@type\":\"EntryPoint\",\"urlTemplate\":\"https:\/\/ave-eta-canada.com\/pl\/?s={search_term_string}\"},\"query-input\":{\"@type\":\"PropertyValueSpecification\",\"valueRequired\":true,\"valueName\":\"search_term_string\"}}],\"inLanguage\":\"pl-PL\"}]}<\/script>\n<!-- \/ Yoast SEO plugin. -->","yoast_head_json":{"title":"eTA Kanada: jego cena","description":"Chcesz ubiega\u0107 si\u0119 o eTA Kanada, ale nie wiesz ile to b\u0119dzie kosztowa\u0107? Nasz zesp\u00f3\u0142 ekspert\u00f3w opowiada o tym wszystkim w tym artykule!","robots":{"index":"index","follow":"follow","max-snippet":"max-snippet:-1","max-image-preview":"max-image-preview:large","max-video-preview":"max-video-preview:-1"},"canonical":"https:\/\/ave-eta-canada.com\/pl\/eta-kanada-jego-cena\/","og_locale":"pl_PL","og_type":"article","og_title":"eTA Kanada: jego cena","og_description":"Chcesz ubiega\u0107 si\u0119 o eTA Kanada, ale nie wiesz ile to b\u0119dzie kosztowa\u0107? Nasz zesp\u00f3\u0142 ekspert\u00f3w opowiada o tym wszystkim w tym artykule!","og_url":"https:\/\/ave-eta-canada.com\/pl\/eta-kanada-jego-cena\/","og_site_name":"VISA CANADA","article_modified_time":"2023-05-09T08:11:30+00:00","twitter_card":"summary_large_image","twitter_misc":{"Szacowany czas czytania":"4 minuty"},"schema":{"@context":"https:\/\/schema.org","@graph":[{"@type":"WebPage","@id":"https:\/\/ave-eta-canada.com\/pl\/eta-kanada-jego-cena\/","url":"https:\/\/ave-eta-canada.com\/pl\/eta-kanada-jego-cena\/","name":"eTA Kanada: jego cena","isPartOf":{"@id":"https:\/\/ave-eta-canada.com\/pl\/#website"},"datePublished":"2023-04-18T14:41:22+00:00","dateModified":"2023-05-09T08:11:30+00:00","description":"Chcesz ubiega\u0107 si\u0119 o eTA Kanada, ale nie wiesz ile to b\u0119dzie kosztowa\u0107? Nasz zesp\u00f3\u0142 ekspert\u00f3w opowiada o tym wszystkim w tym artykule!","breadcrumb":{"@id":"https:\/\/ave-eta-canada.com\/pl\/eta-kanada-jego-cena\/#breadcrumb"},"inLanguage":"pl-PL","potentialAction":[{"@type":"ReadAction","target":["https:\/\/ave-eta-canada.com\/pl\/eta-kanada-jego-cena\/"]}]},{"@type":"BreadcrumbList","@id":"https:\/\/ave-eta-canada.com\/pl\/eta-kanada-jego-cena\/#breadcrumb","itemListElement":[{"@type":"ListItem","position":1,"name":"Home","item":"https:\/\/ave-eta-canada.com\/pl\/"},{"@type":"ListItem","position":2,"name":"eTA Kanada: jego cena"}]},{"@type":"WebSite","@id":"https:\/\/ave-eta-canada.com\/pl\/#website","url":"https:\/\/ave-eta-canada.com\/pl\/","name":"VISA CANADA","description":"Autorisation Voyage Electronique","potentialAction":[{"@type":"SearchAction","target":{"@type":"EntryPoint","urlTemplate":"https:\/\/ave-eta-canada.com\/pl\/?s={search_term_string}"},"query-input":{"@type":"PropertyValueSpecification","valueRequired":true,"valueName":"search_term_string"}}],"inLanguage":"pl-PL"}]}},"_links":{"self":[{"href":"https:\/\/ave-eta-canada.com\/pl\/wp-json\/wp\/v2\/pages\/4012","targetHints":{"allow":["GET"]}}],"collection":[{"href":"https:\/\/ave-eta-canada.com\/pl\/wp-json\/wp\/v2\/pages"}],"about":[{"href":"https:\/\/ave-eta-canada.com\/pl\/wp-json\/wp\/v2\/types\/page"}],"author":[{"embeddable":true,"href":"https:\/\/ave-eta-canada.com\/pl\/wp-json\/wp\/v2\/users\/1"}],"replies":[{"embeddable":true,"href":"https:\/\/ave-eta-canada.com\/pl\/wp-json\/wp\/v2\/comments?post=4012"}],"version-history":[{"count":0,"href":"https:\/\/ave-eta-canada.com\/pl\/wp-json\/wp\/v2\/pages\/4012\/revisions"}],"wp:attachment":[{"href":"https:\/\/ave-eta-canada.com\/pl\/wp-json\/wp\/v2\/media?parent=4012"}],"curies":[{"name":"wp","href":"https:\/\/api.w.org\/{rel}","templated":true}]}}