{"id":4025,"date":"2023-04-18T14:41:23","date_gmt":"2023-04-18T14:41:23","guid":{"rendered":"https:\/\/ave-eta-canada.com\/how-to-find-a-wave\/"},"modified":"2023-05-09T08:00:05","modified_gmt":"2023-05-09T08:00:05","slug":"jak-znalezc-eta","status":"publish","type":"page","link":"https:\/\/ave-eta-canada.com\/pl\/jak-znalezc-eta\/","title":{"rendered":"Jak znale\u017a\u0107 eTA?"},"content":{"rendered":"\n<h1 class=\"wp-block-heading\">Procedura pobierania danych z eTA Kanada<\/h1>\n\n<p>Kanada, z jej wystawnymi krajobrazami, syropem klonowym i uroczymi miastami, przyci\u0105ga co roku wielu turyst\u00f3w. <\/p>\n\n<p><strong>W przypadku pobytu w Kanadzie kr\u00f3tszego ni\u017c 6 miesi\u0119cy<\/strong>: formalno\u015bci zwi\u0105zanych z wjazdem do Kanady mo\u017cna dope\u0142ni\u0107 bezpo\u015brednio przez Internet, klikaj\u0105c na <a href=\"https:\/\/ave-eta-canada.com\/pl\/eta-kanada-formularz-online\/\">formularz online<\/a>. Nie jest konieczne umawianie si\u0119 na spotkanie w ambasadzie lub konsulacie Kanady.<\/p>\n\n<p>Je\u015bli planujesz podr\u00f3\u017c do Kanady, wyja\u015bniamy, <a href=\"https:\/\/ave-eta-canada.com\/pl\/zloz-oficjalny-wniosek-eta-do-kanady\/\">jak z\u0142o\u017cy\u0107 wniosek o<\/a> wydanie eTA. Je\u015bli z\u0142o\u017cy\u0142e\u015b wniosek o wydanie eTA, ale nie wiesz, jak go znale\u017a\u0107, przedstawiamy kr\u00f3tki przegl\u0105d tego elektronicznego zezwolenia na podr\u00f3\u017c, zanim wyja\u015bnimy, jak je znale\u017a\u0107.<\/p>\n\n<h2 class=\"wp-block-heading\">Czym jest zezwolenie na podr\u00f3\u017c eTA?<\/h2>\n\n<p>Zanim znajdziesz swoj\u0105 eTA, warto wiedzie\u0107, czym jest, a przede wszystkim zrozumie\u0107, jak dzia\u0142a.<\/p>\n\n<p><a href=\"https:\/\/ave-eta-canada.com\/pl\/\">Elektroniczne zezwolenie na podr\u00f3\u017c<\/a> (eTA) jest wymagane w przypadku podr\u00f3\u017cy do Kanady na okres do 6 miesi\u0119cy lub w przypadku tranzytu do miejsca docelowego. Obywatele niekt\u00f3rych kraj\u00f3w, w tym Francji, s\u0105 zwolnieni z obowi\u0105zku wizowego i dlatego mog\u0105 ubiega\u0107 si\u0119 o eTA pod warunkiem posiadania wa\u017cnego paszportu. Nale\u017cy pami\u0119ta\u0107, \u017ce ubieganie si\u0119 o wiz\u0119 jest znacznie bardziej skomplikowane ni\u017c ubieganie si\u0119 o eTA.<\/p>\n\n<p><a href=\"https:\/\/ave-eta-canada.com\/pl\/okres-waznosci-eta-kanada\/\">Okres wa\u017cno\u015bci eTA<\/a> wynosi pi\u0119\u0107 lat, co pozwala podr\u00f3\u017cnym na przebywanie w Kanadzie przez kilka podr\u00f3\u017cy, chyba \u017ce paszport powi\u0105zany z wnioskiem jest ju\u017c niewa\u017cny. W takim przypadku nale\u017cy odnowi\u0107 paszport i z\u0142o\u017cy\u0107 wniosek o now\u0105 eTA.<\/p>\n\n<p>Nie ma potrzeby udawania si\u0119 do konsulatu lub ambasady w celu z\u0142o\u017cenia wniosku o eTA. Istnieje mo\u017cliwo\u015b\u0107 ubiegania <a href=\"https:\/\/ave-eta-canada.com\/pl\/kiedy-ubiegac-sie-o-zezwolenie-dla-kanady\/\">si\u0119 o eTA<\/a> na oficjalnej stronie rz\u0105du kanadyjskiego, wystarczy wype\u0142ni\u0107 formularz. Je\u015bli jednak \u017cycz\u0105 sobie Pa\u0144stwo pomocy w tym procesie, niekt\u00f3re prywatne strony internetowe, takie jak nasz partner, oferuj\u0105 wykonanie tego zadania za Pa\u0144stwa.<\/p>\n\n<p>Niezale\u017cnie od sposobu z\u0142o\u017cenia zam\u00f3wienia, w ci\u0105gu kilku minut otrzymasz potwierdzenie odbioru, a nawet zatwierdzenie. Sprawdzenie mo\u017ce jednak potrwa\u0107 d\u0142u\u017cej, ale zwykle nie b\u0119dzie to trwa\u0142o d\u0142u\u017cej ni\u017c kilka dni.<\/p>\n\n<p>Dobrze wiedzie\u0107: eTA pozwala na podr\u00f3\u017c do Kanady, jednak jest to tylko przepustka pozwalaj\u0105ca na dotarcie na kanadyjsk\u0105 ziemi\u0119, nadal b\u0119dziesz musia\u0142 przej\u015b\u0107 przez s\u0142u\u017cby celne zanim b\u0119dziesz m\u00f3g\u0142 w pe\u0142ni cieszy\u0107 si\u0119 pobytem.<\/p>\n\n<p>Z\u0142o\u017cy\u0142e\u015b wniosek o eTA <a href=\"https:\/\/ave-eta-canada.com\/pl\/jak-wypelnic-eta-de-kanada\/\">wype\u0142niaj\u0105c formularz<\/a> online na oficjalnej stronie lub prywatnej platformie i nie mo\u017cesz go ju\u017c znale\u017a\u0107? W kolejnym akapicie wyja\u015bniamy, jak zdoby\u0107 sw\u00f3j eTA!<br\/><br\/><\/p>\n\n<h2 class=\"wp-block-heading\">Jak znale\u017a\u0107 swoj\u0105 eTA<\/h2>\n\n<p>Urz\u0119dnicy lotniska nie poprosz\u0105 Ci\u0119 o dokument eTA. Twoje upowa\u017cnienie jest po prostu powi\u0105zane z numerem paszportu i jest rejestrowane przez systemy elektroniczne. Wystarczy, \u017ce podczas odprawy przed przylotem do Kanady oraz na odprawie celnej przedstawisz sw\u00f3j wa\u017cny paszport.<\/p>\n\n<p>Je\u015bli jednak chcesz sprawdzi\u0107 przed wyjazdem, czy otrzyma\u0142e\u015b upowa\u017cnienie, mo\u017cesz sprawdzi\u0107 jego status online. Niezale\u017cnie od tego, czy zam\u00f3wi\u0142e\u015b eTA na platformie naszego partnera, czy na stronie rz\u0105du kanadyjskiego, procedura jego odzyskania pozostaje taka sama. Aby to zrobi\u0107, musisz skonsultowa\u0107 si\u0119 z oficjaln\u0105 stron\u0105 internetow\u0105. Istnieje strona po\u015bwi\u0119cona sprawdzeniu statusu Elektronicznego Upowa\u017cnienia do Podr\u00f3\u017cy, kt\u00f3ra pozwoli Ci odzyska\u0107 eTA. Zauwa\u017c, \u017ce na tej samej stronie mo\u017cesz <a href=\"https:\/\/ave-eta-canada.com\/pl\/jak-sprawdzic-status-swojego-wniosku-w-kanadzie\/\">sprawdzi\u0107 status swojego eTA<\/a>, gdy jest on w toku.<\/p>\n\n<p>Nale\u017cy wype\u0142ni\u0107 kilka p\u00f3l. Po pierwsze, musisz okre\u015bli\u0107, \u017ce jeste\u015b posiadaczem eTA i \u017ce chcesz skonsultowa\u0107 sw\u00f3j plik, aby go odzyska\u0107. Nast\u0119pnie potrzebny b\u0119dzie numer eTA, kt\u00f3ry zosta\u0142 wys\u0142any do Ciebie e-mailem. Zostaniesz r\u00f3wnie\u017c poproszony o podanie numeru paszportu, kraju wydania oraz daty wydania i wyga\u015bni\u0119cia. Po podaniu wszystkich informacji kliknij na &#8222;sprawd\u017a status swojego wniosku&#8221;.<\/p>\n\n<p>Teraz masz z powrotem swoje eTA!<\/p>\n\n<p>W przypadku zaginionego eTA Kanada, procedur\u0119 wyszukiwania nale\u017cy r\u00f3wnie\u017c przeprowadzi\u0107 na oficjalnej stronie rz\u0105du kanadyjskiego. Wi\u0119cej informacji mo\u017cna znale\u017a\u0107 w tym artykule. <\/p>\n\n<p>\u017byczymy Wam wspania\u0142ej podr\u00f3\u017cy do Kanady!<\/p>\n","protected":false},"excerpt":{"rendered":"<p>Procedura pobierania danych z eTA Kanada Kanada, z jej wystawnymi krajobrazami, syropem klonowym i uroczymi miastami, przyci\u0105ga co roku wielu turyst\u00f3w. W przypadku pobytu w Kanadzie kr\u00f3tszego ni\u017c 6 miesi\u0119cy: formalno\u015bci zwi\u0105zanych z wjazdem do Kanady mo\u017cna dope\u0142ni\u0107 bezpo\u015brednio przez Internet, klikaj\u0105c na formularz online. Nie jest konieczne umawianie si\u0119 na spotkanie w ambasadzie lub [&hellip;]<\/p>\n","protected":false},"author":1,"featured_media":0,"parent":0,"menu_order":0,"comment_status":"closed","ping_status":"closed","template":"","meta":{"footnotes":""},"class_list":["post-4025","page","type-page","status-publish","hentry"],"yoast_head":"<!-- This site is optimized with the Yoast SEO plugin v26.9 - https:\/\/yoast.com\/product\/yoast-seo-wordpress\/ -->\n<title>Jak znale\u017a\u0107 eTA?<\/title>\n<meta name=\"description\" content=\"Z\u0142o\u017cy\u0142e\u015b wniosek o eTA i chcesz go odzyska\u0107? Nasi eksperci wyja\u015bniaj\u0105, jak mo\u017cna szybko znale\u017a\u0107 swoj\u0105 eTA.\" \/>\n<meta name=\"robots\" content=\"index, follow, max-snippet:-1, max-image-preview:large, max-video-preview:-1\" \/>\n<link rel=\"canonical\" href=\"https:\/\/ave-eta-canada.com\/pl\/jak-znalezc-eta\/\" \/>\n<meta property=\"og:locale\" content=\"pl_PL\" \/>\n<meta property=\"og:type\" content=\"article\" \/>\n<meta property=\"og:title\" content=\"Jak znale\u017a\u0107 eTA?\" \/>\n<meta property=\"og:description\" content=\"Z\u0142o\u017cy\u0142e\u015b wniosek o eTA i chcesz go odzyska\u0107? Nasi eksperci wyja\u015bniaj\u0105, jak mo\u017cna szybko znale\u017a\u0107 swoj\u0105 eTA.\" \/>\n<meta property=\"og:url\" content=\"https:\/\/ave-eta-canada.com\/pl\/jak-znalezc-eta\/\" \/>\n<meta property=\"og:site_name\" content=\"VISA CANADA\" \/>\n<meta property=\"article:modified_time\" content=\"2023-05-09T08:00:05+00:00\" \/>\n<meta name=\"twitter:card\" content=\"summary_large_image\" \/>\n<meta name=\"twitter:label1\" content=\"Szacowany czas czytania\" \/>\n\t<meta name=\"twitter:data1\" content=\"3 minuty\" \/>\n<script type=\"application\/ld+json\" class=\"yoast-schema-graph\">{\"@context\":\"https:\/\/schema.org\",\"@graph\":[{\"@type\":\"WebPage\",\"@id\":\"https:\/\/ave-eta-canada.com\/pl\/jak-znalezc-eta\/\",\"url\":\"https:\/\/ave-eta-canada.com\/pl\/jak-znalezc-eta\/\",\"name\":\"Jak znale\u017a\u0107 eTA?\",\"isPartOf\":{\"@id\":\"https:\/\/ave-eta-canada.com\/pl\/#website\"},\"datePublished\":\"2023-04-18T14:41:23+00:00\",\"dateModified\":\"2023-05-09T08:00:05+00:00\",\"description\":\"Z\u0142o\u017cy\u0142e\u015b wniosek o eTA i chcesz go odzyska\u0107? Nasi eksperci wyja\u015bniaj\u0105, jak mo\u017cna szybko znale\u017a\u0107 swoj\u0105 eTA.\",\"breadcrumb\":{\"@id\":\"https:\/\/ave-eta-canada.com\/pl\/jak-znalezc-eta\/#breadcrumb\"},\"inLanguage\":\"pl-PL\",\"potentialAction\":[{\"@type\":\"ReadAction\",\"target\":[\"https:\/\/ave-eta-canada.com\/pl\/jak-znalezc-eta\/\"]}]},{\"@type\":\"BreadcrumbList\",\"@id\":\"https:\/\/ave-eta-canada.com\/pl\/jak-znalezc-eta\/#breadcrumb\",\"itemListElement\":[{\"@type\":\"ListItem\",\"position\":1,\"name\":\"Home\",\"item\":\"https:\/\/ave-eta-canada.com\/pl\/\"},{\"@type\":\"ListItem\",\"position\":2,\"name\":\"Jak znale\u017a\u0107 eTA?\"}]},{\"@type\":\"WebSite\",\"@id\":\"https:\/\/ave-eta-canada.com\/pl\/#website\",\"url\":\"https:\/\/ave-eta-canada.com\/pl\/\",\"name\":\"VISA CANADA\",\"description\":\"Autorisation Voyage Electronique\",\"potentialAction\":[{\"@type\":\"SearchAction\",\"target\":{\"@type\":\"EntryPoint\",\"urlTemplate\":\"https:\/\/ave-eta-canada.com\/pl\/?s={search_term_string}\"},\"query-input\":{\"@type\":\"PropertyValueSpecification\",\"valueRequired\":true,\"valueName\":\"search_term_string\"}}],\"inLanguage\":\"pl-PL\"}]}<\/script>\n<!-- \/ Yoast SEO plugin. -->","yoast_head_json":{"title":"Jak znale\u017a\u0107 eTA?","description":"Z\u0142o\u017cy\u0142e\u015b wniosek o eTA i chcesz go odzyska\u0107? Nasi eksperci wyja\u015bniaj\u0105, jak mo\u017cna szybko znale\u017a\u0107 swoj\u0105 eTA.","robots":{"index":"index","follow":"follow","max-snippet":"max-snippet:-1","max-image-preview":"max-image-preview:large","max-video-preview":"max-video-preview:-1"},"canonical":"https:\/\/ave-eta-canada.com\/pl\/jak-znalezc-eta\/","og_locale":"pl_PL","og_type":"article","og_title":"Jak znale\u017a\u0107 eTA?","og_description":"Z\u0142o\u017cy\u0142e\u015b wniosek o eTA i chcesz go odzyska\u0107? Nasi eksperci wyja\u015bniaj\u0105, jak mo\u017cna szybko znale\u017a\u0107 swoj\u0105 eTA.","og_url":"https:\/\/ave-eta-canada.com\/pl\/jak-znalezc-eta\/","og_site_name":"VISA CANADA","article_modified_time":"2023-05-09T08:00:05+00:00","twitter_card":"summary_large_image","twitter_misc":{"Szacowany czas czytania":"3 minuty"},"schema":{"@context":"https:\/\/schema.org","@graph":[{"@type":"WebPage","@id":"https:\/\/ave-eta-canada.com\/pl\/jak-znalezc-eta\/","url":"https:\/\/ave-eta-canada.com\/pl\/jak-znalezc-eta\/","name":"Jak znale\u017a\u0107 eTA?","isPartOf":{"@id":"https:\/\/ave-eta-canada.com\/pl\/#website"},"datePublished":"2023-04-18T14:41:23+00:00","dateModified":"2023-05-09T08:00:05+00:00","description":"Z\u0142o\u017cy\u0142e\u015b wniosek o eTA i chcesz go odzyska\u0107? Nasi eksperci wyja\u015bniaj\u0105, jak mo\u017cna szybko znale\u017a\u0107 swoj\u0105 eTA.","breadcrumb":{"@id":"https:\/\/ave-eta-canada.com\/pl\/jak-znalezc-eta\/#breadcrumb"},"inLanguage":"pl-PL","potentialAction":[{"@type":"ReadAction","target":["https:\/\/ave-eta-canada.com\/pl\/jak-znalezc-eta\/"]}]},{"@type":"BreadcrumbList","@id":"https:\/\/ave-eta-canada.com\/pl\/jak-znalezc-eta\/#breadcrumb","itemListElement":[{"@type":"ListItem","position":1,"name":"Home","item":"https:\/\/ave-eta-canada.com\/pl\/"},{"@type":"ListItem","position":2,"name":"Jak znale\u017a\u0107 eTA?"}]},{"@type":"WebSite","@id":"https:\/\/ave-eta-canada.com\/pl\/#website","url":"https:\/\/ave-eta-canada.com\/pl\/","name":"VISA CANADA","description":"Autorisation Voyage Electronique","potentialAction":[{"@type":"SearchAction","target":{"@type":"EntryPoint","urlTemplate":"https:\/\/ave-eta-canada.com\/pl\/?s={search_term_string}"},"query-input":{"@type":"PropertyValueSpecification","valueRequired":true,"valueName":"search_term_string"}}],"inLanguage":"pl-PL"}]}},"_links":{"self":[{"href":"https:\/\/ave-eta-canada.com\/pl\/wp-json\/wp\/v2\/pages\/4025","targetHints":{"allow":["GET"]}}],"collection":[{"href":"https:\/\/ave-eta-canada.com\/pl\/wp-json\/wp\/v2\/pages"}],"about":[{"href":"https:\/\/ave-eta-canada.com\/pl\/wp-json\/wp\/v2\/types\/page"}],"author":[{"embeddable":true,"href":"https:\/\/ave-eta-canada.com\/pl\/wp-json\/wp\/v2\/users\/1"}],"replies":[{"embeddable":true,"href":"https:\/\/ave-eta-canada.com\/pl\/wp-json\/wp\/v2\/comments?post=4025"}],"version-history":[{"count":0,"href":"https:\/\/ave-eta-canada.com\/pl\/wp-json\/wp\/v2\/pages\/4025\/revisions"}],"wp:attachment":[{"href":"https:\/\/ave-eta-canada.com\/pl\/wp-json\/wp\/v2\/media?parent=4025"}],"curies":[{"name":"wp","href":"https:\/\/api.w.org\/{rel}","templated":true}]}}