{"id":4035,"date":"2023-04-18T14:41:24","date_gmt":"2023-04-18T14:41:24","guid":{"rendered":"https:\/\/ave-eta-canada.com\/jak-znalezc-zagubiona-fale\/"},"modified":"2023-05-09T08:03:28","modified_gmt":"2023-05-09T08:03:28","slug":"jak-znalezc-zagubiona-eta-kanada","status":"publish","type":"page","link":"https:\/\/ave-eta-canada.com\/pl\/jak-znalezc-zagubiona-eta-kanada\/","title":{"rendered":"Jak znale\u017a\u0107 zaginionego eTA kanada?"},"content":{"rendered":"\n<h1 class=\"wp-block-heading\">Odzyskanie utraconego eTA Kanada<\/h1>\n\n<p>Natura, szerokie otwarte przestrzenie i ciep\u0142e powitanie, Kanada to kraj z wieloma zasobami. Podobnie jak ESTA w przypadku podr\u00f3\u017cy do Stan\u00f3w Zjednoczonych, odwiedzenie Kanady wymaga zezwolenia na podr\u00f3\u017c, kt\u00f3re umo\u017cliwi Ci podr\u00f3\u017c do krainy dalekiej p\u00f3\u0142nocy.<\/p>\n\n<p><strong>W przypadku pobytu w Kanadzie kr\u00f3tszego ni\u017c 6 miesi\u0119cy<\/strong>: formalno\u015bci zwi\u0105zanych z wjazdem do Kanady mo\u017cna dope\u0142ni\u0107 bezpo\u015brednio przez Internet, klikaj\u0105c na <a href=\"https:\/\/ave-eta-canada.com\/pl\/eta-kanada-formularz-online\/\">formularz online<\/a>. Nie jest konieczne umawianie si\u0119 na spotkanie w ambasadzie lub konsulacie Kanady.<\/p>\n\n<p>Je\u015bli uzyska\u0142e\u015b elektroniczne zezwolenie na podr\u00f3\u017c eTA Kanada, ale nie masz ju\u017c jego dowodu, nie wpadaj w panik\u0119. Przedstawimy Ci procedur\u0119 odzyskania utraconego eTA Kanada.<\/p>\n\n<h2 class=\"wp-block-heading\">Jak odzyska\u0107 utracone elektroniczne zezwolenie na podr\u00f3\u017c<\/h2>\n\n<p>eTA Canada, czyli Electronic Travel Authorization (eTA), to oficjalny dokument umo\u017cliwiaj\u0105cy podr\u00f3\u017cowanie do Kanady bez wizy kanadyjskiej. W por\u00f3wnaniu z ESTA USA, eTA ma d\u0142u\u017csz\u0105 dat\u0119 wa\u017cno\u015bci i d\u0142u\u017cszy okres pozwolenia na pobyt. Rzeczywi\u015bcie, eTA Canada jest wa\u017cna przez 5 lat od dnia wydania i pozwala na maksymalnie <a href=\"https:\/\/ave-eta-canada.com\/pl\/okres-waznosci-eta-kanada-2\/\">6 miesi\u0119cy podr\u00f3\u017cy<\/a> po kanadyjskiej ziemi. <\/p>\n\n<p>Po zatwierdzeniu wniosku o wydanie eTA otrzymasz potwierdzenie odbioru z IRCC (Immigration, Refugees and Citizenship Canada) na podany adres, nie p\u00f3\u017aniej ni\u017c 72 godziny po z\u0142o\u017ceniu formularza online. W tej wiadomo\u015bci e-mail otrzymasz numer wniosku, kt\u00f3ry mo\u017cesz wykorzysta\u0107, aby odzyska\u0107 utracone elektroniczne zezwolenie na podr\u00f3\u017c. Odpowied\u017a na Twoje zapytanie mo\u017ce zaj\u0105\u0107 kilka minut lub kilka dni.<\/p>\n\n<p>Dzi\u0119ki systemom elektronicznym, numer paszportu jest bezpo\u015brednio powi\u0105zany z numerem utraconego eTA Canada, otrzymanym w potwierdzeniu odbioru. Dzi\u0119ki temu nie b\u0119d\u0105 Pa\u0144stwo potrzebowali drukowanej wersji zezwolenia na podr\u00f3\u017c do Kanady, ani nie b\u0119d\u0105 Pa\u0144stwo musieli szuka\u0107<a href=\"https:\/\/ave-eta-canada.com\/pl\/jak-znalezc-zagubiona-eta-kanada\/\"> zagubionego eTA Kanada<\/a>, poniewa\u017c nigdy nie jest ono zagubione! Twoje upowa\u017cnienie eTA jest zawsze przechowywane na stronie internetowej rz\u0105du kanadyjskiego.<\/p>\n\n<p>Podczas kontroli to\u017csamo\u015bci w urz\u0119dzie celnym urz\u0119dnik imigracyjny poprosi o okazanie wa\u017cnego paszportu (kt\u00f3ry obejmuje ca\u0142\u0105 podr\u00f3\u017c). Z paszportu odnajdzie Tw\u00f3j eTA, gdy\u017c jest on do niego elektronicznie do\u0142\u0105czony. Agent mo\u017ce poprosi\u0107 Ci\u0119 o inne dokumenty, takie jak bilet (bilet powrotny lub dalszy do miejsca docelowego). W przypadku ma\u0142oletniego dziecka podr\u00f3\u017cuj\u0105cego samotnie, dziecko musi przedstawi\u0107 sw\u00f3j paszport, kopi\u0119 aktu urodzenia oraz list upowa\u017cniaj\u0105cy rodzic\u00f3w (adresy i numery telefon\u00f3w rodzic\u00f3w oraz osoby odpowiedzialnej za dziecko w Kanadzie).<\/p>\n\n<p>Oto kilka wskaz\u00f3wek dla podr\u00f3\u017cnik\u00f3w przed wyjazdem:<\/p>\n\n<ul class=\"wp-block-list\"><li>Sprawd\u017a wa\u017cno\u015b\u0107 paszportu elektronicznego lub biometrycznego (nie mo\u017ce on osi\u0105gn\u0105\u0107 terminu wa\u017cno\u015bci w trakcie podr\u00f3\u017cy);<\/li><li>Sprawd\u017a, czy dane osobowe w paszporcie nie zosta\u0142y zmienione po uzyskaniu eTA (adres, nazwisko, imi\u0119 itp.).<\/li><\/ul>\n\n<p>Je\u015bli kt\u00f3ry\u015b z tych dw\u00f3ch element\u00f3w nie jest spe\u0142niony, nie ryzykuj i z\u0142\u00f3\u017c wniosek o odnowienie paszportu, a nast\u0119pnie o nowy eTA.<\/p>\n\n<h3 class=\"wp-block-heading\">Nie otrzyma\u0142em e-maila potwierdzaj\u0105cego<\/h3>\n\n<p>Po wys\u0142aniu formularza wniosku eTA nale\u017cy otrzyma\u0107 dwie wiadomo\u015bci e-mail: potwierdzenie odbioru oraz odpowied\u017a na wniosek eTA.<\/p>\n\n<p>Je\u017celi w ci\u0105gu 72 godzin nie otrzymali Pa\u0144stwo e-maila potwierdzaj\u0105cego otrzymanie wniosku, b\u0119d\u0105 Pa\u0144stwo musieli wype\u0142ni\u0107 formularz na stronie internetowej rz\u0105du kanadyjskiego, zwany formularzem internetowym IRCC. Prosimy pami\u0119ta\u0107, \u017ce otrzymanie odpowiedzi na Pa\u0144stwa wniosek zajmie kilka dni.<\/p>\n\n<p>Upewnij si\u0119 r\u00f3wnie\u017c, \u017ce sprawdzasz swoj\u0105 poczt\u0119 \u015bmieciow\u0105, poniewa\u017c niekt\u00f3re filtry mog\u0105 blokowa\u0107 e-maile IRCC. Jest to szczeg\u00f3lnie wa\u017cne, poniewa\u017c odpowied\u017a otrzymasz r\u00f3wnie\u017c drog\u0105 elektroniczn\u0105. Mo\u017cliwe s\u0105 trzy scenariusze:<\/p>\n\n<ul class=\"wp-block-list\"><li>zatwierdzenie, Tw\u00f3j wniosek jest zatwierdzony. E-mail zawiera numer eTA, jego dat\u0119 wa\u017cno\u015bci oraz numer paszportu, kt\u00f3rego dotyczy.<\/li><li>wniosek o udzielenie dalszych informacji. Wszystkie instrukcje b\u0119d\u0105 zawarte w mailu. Nale\u017cy pami\u0119ta\u0107, \u017ce mo\u017ce by\u0107 konieczne przedstawienie swojego wniosku w Ambasadzie Kanady podczas rozmowy z urz\u0119dnikiem konsularnym;<\/li><li>odmowa, w\u0142adze kanadyjskie nie by\u0142y w stanie podj\u0105\u0107 dzia\u0142a\u0144 w zwi\u0105zku z Pana wnioskiem. Wniosek o wiz\u0119 mo\u017cna z\u0142o\u017cy\u0107 w urz\u0119dzie konsularnym.<br\/><br\/><\/li><\/ul>\n\n<h2 class=\"wp-block-heading\">W jaki spos\u00f3b mog\u0119 sprawdzi\u0107 sw\u00f3j wniosek eTA?<\/h2>\n\n<p>Je\u015bli chcesz odzyska\u0107 utracone Electronic Travel Authorisation, aby<a href=\"https:\/\/ave-eta-canada.com\/pl\/jak-sprawdzic-status-swojego-wniosku-w-kanadzie\/\"> sprawdzi\u0107 status eTA<\/a> lub jego wa\u017cno\u015b\u0107, po prostu wejd\u017a na prywatn\u0105 stron\u0119, z kt\u00f3rej korzysta\u0142e\u015b (i przejd\u017a do swojej przestrzeni osobistej) lub na stron\u0119 rz\u0105du kanadyjskiego.<\/p>\n\n<p>Aby znale\u017a\u0107 utracone eTA Kanada na oficjalnej stronie internetowej, trzeba :<\/p>\n\n<ul class=\"wp-block-list\"><li>podaj, \u017ce jeste\u015b posiadaczem eTA i chcesz sprawdzi\u0107 sw\u00f3j zagubiony plik elektronicznego zezwolenia na podr\u00f3\u017c;<\/li><li>wprowad\u017a numer eTA, kt\u00f3ry zosta\u0142 Ci wcze\u015bniej przes\u0142any poczt\u0105 elektroniczn\u0105;<\/li><li>wpisa\u0107 numer paszportu, dat\u0119 wydania i dat\u0119 wa\u017cno\u015bci;<\/li><li>tw\u00f3j kraj wydania ;<\/li><li>kliknij na &#8222;sprawd\u017a status swojego wniosku&#8221; ;<\/li><li>a teraz znalaz\u0142e\u015b swoj\u0105 zaginion\u0105 eTA Kanad\u0119!<\/li><\/ul>\n\n<p>To narz\u0119dzie weryfikacji dzia\u0142a tylko dla os\u00f3b, kt\u00f3re ubiega\u0142y si\u0119 o eTA w celach turystycznych, biznesowych lub tranzytowych, a tak\u017ce dla tych, kt\u00f3rzy musieli odnowi\u0107 paszport po otrzymaniu listu wprowadzaj\u0105cego na IEC (International Experience Kanada). Narz\u0119dzie nie jest jednak przydatne dla podr\u00f3\u017cnych, kt\u00f3rzy uzyskali eTA automatycznie wraz z listem wprowadzaj\u0105cym do pozwolenia na prac\u0119, sta\u017c lub studia.<br\/><br\/><\/p>\n\n<h2 class=\"wp-block-heading\">Czy musz\u0119 drukowa\u0107 wniosek eTA?<\/h2>\n\n<p>Nie ma potrzeby drukowania swojego eTA, jest on elektronicznie po\u0142\u0105czony z paszportem. Innymi s\u0142owy, w celu przedstawienia zezwolenia eTA nale\u017cy podr\u00f3\u017cowa\u0107 z paszportem, kt\u00f3ry zosta\u0142 u\u017cyty podczas sk\u0142adania wniosku. <\/p>\n\n<p>Na koniec nale\u017cy pami\u0119ta\u0107, \u017ce upowa\u017cnienie eTA nie jest upowa\u017cnieniem do wjazdu do Kanady, ale upowa\u017cnieniem do podr\u00f3\u017cy. To znaczy, \u017ce pozwala na przylot drog\u0105 lotnicz\u0105 do Kanady. Po wyl\u0105dowaniu tylko kanadyjska s\u0142u\u017cba celna mo\u017ce oceni\u0107 Twoj\u0105 dopuszczalno\u015b\u0107.<\/p>\n\n<p>Wi\u0119cej informacji na temat zezwolenia eTA mo\u017cna znale\u017a\u0107 w naszym <a href=\"https:\/\/ave-eta-canada.com\/pl\/faq-eta-kanada-odpowiedzi-na-twoje-pytania\/\">FAQ<\/a>.<\/p>\n","protected":false},"excerpt":{"rendered":"<p>Odzyskanie utraconego eTA Kanada Natura, szerokie otwarte przestrzenie i ciep\u0142e powitanie, Kanada to kraj z wieloma zasobami. Podobnie jak ESTA w przypadku podr\u00f3\u017cy do Stan\u00f3w Zjednoczonych, odwiedzenie Kanady wymaga zezwolenia na podr\u00f3\u017c, kt\u00f3re umo\u017cliwi Ci podr\u00f3\u017c do krainy dalekiej p\u00f3\u0142nocy. W przypadku pobytu w Kanadzie kr\u00f3tszego ni\u017c 6 miesi\u0119cy: formalno\u015bci zwi\u0105zanych z wjazdem do Kanady [&hellip;]<\/p>\n","protected":false},"author":1,"featured_media":0,"parent":0,"menu_order":0,"comment_status":"closed","ping_status":"closed","template":"","meta":{"footnotes":""},"class_list":["post-4035","page","type-page","status-publish","hentry"],"yoast_head":"<!-- This site is optimized with the Yoast SEO plugin v26.9 - https:\/\/yoast.com\/product\/yoast-seo-wordpress\/ -->\n<title>Jak znale\u017a\u0107 zaginionego eTA kanada?<\/title>\n<meta name=\"description\" content=\"Zrobi\u0142e\u015b i uzyska\u0142e\u015b swoj\u0105 eTA Kanad\u0119, ale nie mo\u017cesz ponownie dosta\u0107 jej w swoje r\u0119ce? Dowiedz si\u0119, jak to zrobi\u0107 w tym artykule.\" \/>\n<meta name=\"robots\" content=\"index, follow, max-snippet:-1, max-image-preview:large, max-video-preview:-1\" \/>\n<link rel=\"canonical\" href=\"https:\/\/ave-eta-canada.com\/pl\/jak-znalezc-zagubiona-eta-kanada\/\" \/>\n<meta property=\"og:locale\" content=\"pl_PL\" \/>\n<meta property=\"og:type\" content=\"article\" \/>\n<meta property=\"og:title\" content=\"Jak znale\u017a\u0107 zaginionego eTA kanada?\" \/>\n<meta property=\"og:description\" content=\"Zrobi\u0142e\u015b i uzyska\u0142e\u015b swoj\u0105 eTA Kanad\u0119, ale nie mo\u017cesz ponownie dosta\u0107 jej w swoje r\u0119ce? Dowiedz si\u0119, jak to zrobi\u0107 w tym artykule.\" \/>\n<meta property=\"og:url\" content=\"https:\/\/ave-eta-canada.com\/pl\/jak-znalezc-zagubiona-eta-kanada\/\" \/>\n<meta property=\"og:site_name\" content=\"VISA CANADA\" \/>\n<meta property=\"article:modified_time\" content=\"2023-05-09T08:03:28+00:00\" \/>\n<meta name=\"twitter:card\" content=\"summary_large_image\" \/>\n<meta name=\"twitter:label1\" content=\"Szacowany czas czytania\" \/>\n\t<meta name=\"twitter:data1\" content=\"5 minut\" \/>\n<script type=\"application\/ld+json\" class=\"yoast-schema-graph\">{\"@context\":\"https:\/\/schema.org\",\"@graph\":[{\"@type\":\"WebPage\",\"@id\":\"https:\/\/ave-eta-canada.com\/pl\/jak-znalezc-zagubiona-eta-kanada\/\",\"url\":\"https:\/\/ave-eta-canada.com\/pl\/jak-znalezc-zagubiona-eta-kanada\/\",\"name\":\"Jak znale\u017a\u0107 zaginionego eTA kanada?\",\"isPartOf\":{\"@id\":\"https:\/\/ave-eta-canada.com\/pl\/#website\"},\"datePublished\":\"2023-04-18T14:41:24+00:00\",\"dateModified\":\"2023-05-09T08:03:28+00:00\",\"description\":\"Zrobi\u0142e\u015b i uzyska\u0142e\u015b swoj\u0105 eTA Kanad\u0119, ale nie mo\u017cesz ponownie dosta\u0107 jej w swoje r\u0119ce? Dowiedz si\u0119, jak to zrobi\u0107 w tym artykule.\",\"breadcrumb\":{\"@id\":\"https:\/\/ave-eta-canada.com\/pl\/jak-znalezc-zagubiona-eta-kanada\/#breadcrumb\"},\"inLanguage\":\"pl-PL\",\"potentialAction\":[{\"@type\":\"ReadAction\",\"target\":[\"https:\/\/ave-eta-canada.com\/pl\/jak-znalezc-zagubiona-eta-kanada\/\"]}]},{\"@type\":\"BreadcrumbList\",\"@id\":\"https:\/\/ave-eta-canada.com\/pl\/jak-znalezc-zagubiona-eta-kanada\/#breadcrumb\",\"itemListElement\":[{\"@type\":\"ListItem\",\"position\":1,\"name\":\"Home\",\"item\":\"https:\/\/ave-eta-canada.com\/pl\/\"},{\"@type\":\"ListItem\",\"position\":2,\"name\":\"Jak znale\u017a\u0107 zaginionego eTA kanada?\"}]},{\"@type\":\"WebSite\",\"@id\":\"https:\/\/ave-eta-canada.com\/pl\/#website\",\"url\":\"https:\/\/ave-eta-canada.com\/pl\/\",\"name\":\"VISA CANADA\",\"description\":\"Autorisation Voyage Electronique\",\"potentialAction\":[{\"@type\":\"SearchAction\",\"target\":{\"@type\":\"EntryPoint\",\"urlTemplate\":\"https:\/\/ave-eta-canada.com\/pl\/?s={search_term_string}\"},\"query-input\":{\"@type\":\"PropertyValueSpecification\",\"valueRequired\":true,\"valueName\":\"search_term_string\"}}],\"inLanguage\":\"pl-PL\"}]}<\/script>\n<!-- \/ Yoast SEO plugin. -->","yoast_head_json":{"title":"Jak znale\u017a\u0107 zaginionego eTA kanada?","description":"Zrobi\u0142e\u015b i uzyska\u0142e\u015b swoj\u0105 eTA Kanad\u0119, ale nie mo\u017cesz ponownie dosta\u0107 jej w swoje r\u0119ce? Dowiedz si\u0119, jak to zrobi\u0107 w tym artykule.","robots":{"index":"index","follow":"follow","max-snippet":"max-snippet:-1","max-image-preview":"max-image-preview:large","max-video-preview":"max-video-preview:-1"},"canonical":"https:\/\/ave-eta-canada.com\/pl\/jak-znalezc-zagubiona-eta-kanada\/","og_locale":"pl_PL","og_type":"article","og_title":"Jak znale\u017a\u0107 zaginionego eTA kanada?","og_description":"Zrobi\u0142e\u015b i uzyska\u0142e\u015b swoj\u0105 eTA Kanad\u0119, ale nie mo\u017cesz ponownie dosta\u0107 jej w swoje r\u0119ce? Dowiedz si\u0119, jak to zrobi\u0107 w tym artykule.","og_url":"https:\/\/ave-eta-canada.com\/pl\/jak-znalezc-zagubiona-eta-kanada\/","og_site_name":"VISA CANADA","article_modified_time":"2023-05-09T08:03:28+00:00","twitter_card":"summary_large_image","twitter_misc":{"Szacowany czas czytania":"5 minut"},"schema":{"@context":"https:\/\/schema.org","@graph":[{"@type":"WebPage","@id":"https:\/\/ave-eta-canada.com\/pl\/jak-znalezc-zagubiona-eta-kanada\/","url":"https:\/\/ave-eta-canada.com\/pl\/jak-znalezc-zagubiona-eta-kanada\/","name":"Jak znale\u017a\u0107 zaginionego eTA kanada?","isPartOf":{"@id":"https:\/\/ave-eta-canada.com\/pl\/#website"},"datePublished":"2023-04-18T14:41:24+00:00","dateModified":"2023-05-09T08:03:28+00:00","description":"Zrobi\u0142e\u015b i uzyska\u0142e\u015b swoj\u0105 eTA Kanad\u0119, ale nie mo\u017cesz ponownie dosta\u0107 jej w swoje r\u0119ce? Dowiedz si\u0119, jak to zrobi\u0107 w tym artykule.","breadcrumb":{"@id":"https:\/\/ave-eta-canada.com\/pl\/jak-znalezc-zagubiona-eta-kanada\/#breadcrumb"},"inLanguage":"pl-PL","potentialAction":[{"@type":"ReadAction","target":["https:\/\/ave-eta-canada.com\/pl\/jak-znalezc-zagubiona-eta-kanada\/"]}]},{"@type":"BreadcrumbList","@id":"https:\/\/ave-eta-canada.com\/pl\/jak-znalezc-zagubiona-eta-kanada\/#breadcrumb","itemListElement":[{"@type":"ListItem","position":1,"name":"Home","item":"https:\/\/ave-eta-canada.com\/pl\/"},{"@type":"ListItem","position":2,"name":"Jak znale\u017a\u0107 zaginionego eTA kanada?"}]},{"@type":"WebSite","@id":"https:\/\/ave-eta-canada.com\/pl\/#website","url":"https:\/\/ave-eta-canada.com\/pl\/","name":"VISA CANADA","description":"Autorisation Voyage Electronique","potentialAction":[{"@type":"SearchAction","target":{"@type":"EntryPoint","urlTemplate":"https:\/\/ave-eta-canada.com\/pl\/?s={search_term_string}"},"query-input":{"@type":"PropertyValueSpecification","valueRequired":true,"valueName":"search_term_string"}}],"inLanguage":"pl-PL"}]}},"_links":{"self":[{"href":"https:\/\/ave-eta-canada.com\/pl\/wp-json\/wp\/v2\/pages\/4035","targetHints":{"allow":["GET"]}}],"collection":[{"href":"https:\/\/ave-eta-canada.com\/pl\/wp-json\/wp\/v2\/pages"}],"about":[{"href":"https:\/\/ave-eta-canada.com\/pl\/wp-json\/wp\/v2\/types\/page"}],"author":[{"embeddable":true,"href":"https:\/\/ave-eta-canada.com\/pl\/wp-json\/wp\/v2\/users\/1"}],"replies":[{"embeddable":true,"href":"https:\/\/ave-eta-canada.com\/pl\/wp-json\/wp\/v2\/comments?post=4035"}],"version-history":[{"count":0,"href":"https:\/\/ave-eta-canada.com\/pl\/wp-json\/wp\/v2\/pages\/4035\/revisions"}],"wp:attachment":[{"href":"https:\/\/ave-eta-canada.com\/pl\/wp-json\/wp\/v2\/media?parent=4035"}],"curies":[{"name":"wp","href":"https:\/\/api.w.org\/{rel}","templated":true}]}}