{"id":4042,"date":"2023-04-18T14:41:24","date_gmt":"2023-04-18T14:41:24","guid":{"rendered":"https:\/\/ave-eta-canada.com\/the-wash-validity-canada-2\/"},"modified":"2023-05-08T22:08:06","modified_gmt":"2023-05-08T22:08:06","slug":"okres-waznosci-eta-kanada","status":"publish","type":"page","link":"https:\/\/ave-eta-canada.com\/pl\/okres-waznosci-eta-kanada\/","title":{"rendered":"Wa\u017cno\u015b\u0107 eTA Kanada"},"content":{"rendered":"\n<h1 class=\"wp-block-heading\">Jaka jest wa\u017cno\u015b\u0107 eTA Kanada?<\/h1>\n\n<p>W celu odbycia podr\u00f3\u017cy do Kanady wymagane jest elektroniczne zezwolenie na podr\u00f3\u017c. Zezwolenie to wydawane jest przez Internet w taki sam spos\u00f3b jak wniosek ESTA do USA.<\/p>\n\n<p><strong>W przypadku pobytu w Kanadzie kr\u00f3tszego ni\u017c 6 miesi\u0119cy<\/strong>: formalno\u015bci zwi\u0105zanych z wjazdem do Kanady mo\u017cna dope\u0142ni\u0107 bezpo\u015brednio przez Internet, klikaj\u0105c na <a href=\"https:\/\/ave-eta-canada.com\/pl\/eta-kanada-formularz-online\/\">formularz online<\/a>. Nie jest konieczne umawianie si\u0119 na spotkanie w ambasadzie lub konsulacie Kanady.<\/p>\n\n<p>Poni\u017cej przedstawiamy Pa\u0144stwu informacje na temat wa\u017cno\u015bci eTA.<br\/><\/p>\n\n<h2 class=\"wp-block-heading\">Jak sprawdzi\u0107 wa\u017cno\u015b\u0107 dokumentu eTA Kanada?<\/h2>\n\n<p>ETA Canada, czyli Electronic Travel Authorization, to oficjalny dokument elektroniczny uzyskiwany poprzez aplikacj\u0119 online na stronie rz\u0105du kanadyjskiego. Innymi s\u0142owy, nie jest konieczne udawanie si\u0119 do ambasady kanadyjskiej lub konsulatu, je\u015bli ma to zastosowanie, w celu uzyskania tego zezwolenia. Tylko IRCC (Immigration, Refugees, Citizenship Canada) jest upowa\u017cniony do wydawania EVP obywatelom kraj\u00f3w zwolnionych z obowi\u0105zku wizowego w Kanadzie (w tym obywatelom polscy), kt\u00f3rzy spe\u0142niaj\u0105 <a href=\"https:\/\/ave-eta-canada.com\/pl\/wszystko-o-warunkach-podrozy-do-kanady\/\">wymagania kwalifikacyjne<\/a>.<\/p>\n\n<p>Fakt, \u017ce tylko rz\u0105d kanadyjski mo\u017ce wyda\u0107 zezwolenie na podr\u00f3\u017c, nie wymaga sk\u0142adania wniosku na oficjalnej stronie internetowej. Istnieje ca\u0142kowita mo\u017cliwo\u015b\u0107 skorzystania z us\u0142ug organizacji prywatnej, takiej jak nasz partner, w celu z\u0142o\u017cenia wniosku o eTA. W przeciwie\u0144stwie do strony internetowej Ministerstwa, prywatna organizacja oferuje Ci spersonalizowan\u0105 pomoc w razie potrzeby. Uzyskanie informacji o eTA Kanada za po\u015brednictwem prywatnej strony internetowej w \u017caden spos\u00f3b nie wp\u0142ywa na jej wa\u017cno\u015b\u0107.<\/p>\n\n<p>Wa\u017cno\u015b\u0107 eTA Kanada zale\u017cy od paszportu, z kt\u00f3rym jest powi\u0105zana. Oczywi\u015bcie uznawany jest tylko wa\u017cny paszport (rada dla podr\u00f3\u017cnych: zaleca si\u0119, aby pozosta\u0142o sze\u015b\u0107 miesi\u0119cy wa\u017cno\u015bci). W przypadku otrzymania nowego paszportu lub zmiany danych paszportowych nale\u017cy z\u0142o\u017cy\u0107 nowy wniosek do w\u0142adz kanadyjskich. Przypominamy, \u017ce w celu wype\u0142nienia formularza eTA Kanada nale\u017cy wpisa\u0107 numer paszportu, imi\u0119 i nazwisko posiadacza, dat\u0119 i miejsce urodzenia, p\u0142e\u0107, dat\u0119 wydania i dat\u0119 wa\u017cno\u015bci. Zmiana tych danych powoduje, \u017ce eTA jest niewa\u017cna.<\/p>\n\n<p>Poniewa\u017c wniosek o wydanie zezwolenia opiera si\u0119 r\u00f3wnie\u017c na 4 pytaniach dotycz\u0105cych sytuacji podr\u00f3\u017cnego, wa\u017cno\u015b\u0107 eTA Kanada zale\u017cy od rozwoju sytuacji. Tak wi\u0119c w przypadku np. nowej nieleczonej choroby lub nowego przest\u0119pstwa eTA traci wa\u017cno\u015b\u0107. Informacje te s\u0105 jednak trudne do zweryfikowania i dlatego zale\u017c\u0105 od uczciwo\u015bci podr\u00f3\u017cnego.<\/p>\n\n<p>Nie ma potrzeby drukowania upowa\u017cnienia, poniewa\u017c jest ono elektroniczne. Przed wyjazdem nale\u017cy jednak obowi\u0105zkowo uzyska\u0107 pozwolenie. Wa\u017cno\u015b\u0107 eTA Kanada nie jest naruszona przez brak wersji papierowej. Funkcjonariusz s\u0142u\u017cb granicznych nie prosi o obejrzenie eTA, ale prawdopodobnie poprosi o bilet wyjazdowy i wszelkie inne wymagane dokumenty, kt\u00f3re s\u0105 istotne w danej sytuacji, zw\u0142aszcza je\u015bli podr\u00f3\u017cuje z Tob\u0105 ma\u0142oletnie dziecko (np. akt urodzenia, kserokopia aktu rozwodu itp.).<br\/><br\/><\/p>\n\n<h2 class=\"wp-block-heading\">Jak d\u0142ugo obowi\u0105zuje eTA Kanada?<\/h2>\n\n<p>W przypadku wszystkich wyjazd\u00f3w do Kanady nie ma potrzeby wype\u0142niania <a href=\"https:\/\/ave-eta-canada.com\/pl\/wypelnienie-formularza-eta-kanady\/\">formularza online<\/a>: wa\u017cno\u015b\u0107 eTA Kanada wynosi 5 lat od daty wydania. O zatwierdzeniu, jak i odmowie, informujemy bardzo szybko drog\u0105 mailow\u0105 po dokonaniu <a href=\"https:\/\/ave-eta-canada.com\/pl\/eta-kanada-jego-cena\/\">wp\u0142aty 7 $ CAN<\/a>. W wyj\u0105tkowych przypadkach wniosek mo\u017ce zosta\u0107 wstrzymany przez Canada Immigration Services, je\u017celi wymagane s\u0105 dodatkowe dokumenty potwierdzaj\u0105ce. W ka\u017cdym przypadku kanadyjska imigracja skontaktuje si\u0119 z wnioskodawc\u0105 w ci\u0105gu kilku dni. Potwierdzenie odbioru wysy\u0142ane jest do Pa\u0144stwa w ci\u0105gu 72 godzin. W przypadku odmowy wnioskodawca mo\u017ce z\u0142o\u017cy\u0107 nowy wniosek, je\u015bli uwa\u017ca, \u017ce negatywna odpowied\u017a wynika z b\u0142\u0119du przy wprowadzaniu danych. Je\u015bli nie pope\u0142niono b\u0142\u0119d\u00f3w, mo\u017cna przekaza\u0107 wniosek wizowy do ambasady Kanady. Brak kwalifikacji do AVE nie jest przeszkod\u0105 w uzyskaniu wizy kanadyjskiej.<\/p>\n\n<p>Nale\u017cy zauwa\u017cy\u0107, \u017ce <a href=\"https:\/\/ave-eta-canada.com\/pl\/okres-waznosci-eta-kanada-2\/\">wa\u017cno\u015b\u0107 eTA<\/a> w Kanadzie zale\u017cy od wa\u017cno\u015bci paszportu u\u017cywanego w momencie sk\u0142adania wniosku. Rz\u0105d kanadyjski wydaje eTA na okres maksymalnie 5 lat, pod warunkiem, \u017ce paszport nie straci wa\u017cno\u015bci przed up\u0142ywem tego czasu. Na przyk\u0142ad, je\u017celi paszport elektroniczny lub biometryczny traci wa\u017cno\u015b\u0107 w ci\u0105gu 3 lat od z\u0142o\u017cenia wniosku, w\u00f3wczas EVP jest wa\u017cny przez 3 lata. Nie ma mo\u017cliwo\u015bci przeniesienia pozosta\u0142ych dw\u00f3ch lat do nowego paszportu.<\/p>\n\n<p>Podr\u00f3\u017cny mo\u017ce odby\u0107 dowoln\u0105 liczb\u0119 wizyt w ci\u0105gu 5-letniego okresu wa\u017cno\u015bci eTA Kanada, pod warunkiem, \u017ce ka\u017cda wizyta nie przekracza 6 miesi\u0119cy. Nie chodzi tu o bycie sta\u0142ym mieszka\u0144cem z zezwoleniem eTA, a jedynie o pobyt turystyczny. Nale\u017cy r\u00f3wnie\u017c zauwa\u017cy\u0107, \u017ce eTA jest wymagany tylko przy wje\u017adzie do Kanady drog\u0105 powietrzn\u0105, w tym przy tranzycie.<\/p>\n","protected":false},"excerpt":{"rendered":"<p>Jaka jest wa\u017cno\u015b\u0107 eTA Kanada? W celu odbycia podr\u00f3\u017cy do Kanady wymagane jest elektroniczne zezwolenie na podr\u00f3\u017c. Zezwolenie to wydawane jest przez Internet w taki sam spos\u00f3b jak wniosek ESTA do USA. W przypadku pobytu w Kanadzie kr\u00f3tszego ni\u017c 6 miesi\u0119cy: formalno\u015bci zwi\u0105zanych z wjazdem do Kanady mo\u017cna dope\u0142ni\u0107 bezpo\u015brednio przez Internet, klikaj\u0105c na formularz [&hellip;]<\/p>\n","protected":false},"author":1,"featured_media":0,"parent":0,"menu_order":0,"comment_status":"closed","ping_status":"closed","template":"","meta":{"footnotes":""},"class_list":["post-4042","page","type-page","status-publish","hentry"],"yoast_head":"<!-- This site is optimized with the Yoast SEO plugin v26.9 - https:\/\/yoast.com\/product\/yoast-seo-wordpress\/ -->\n<title>Wa\u017cno\u015b\u0107 eTA Kanada<\/title>\n<meta name=\"description\" content=\"Kanada wprowadzi\u0142a elektroniczne zezwolenie na podr\u00f3\u017c eTA, kt\u00f3re nale\u017cy uzyska\u0107 przed wyjazdem. Na jak d\u0142ugo wa\u017cne jest to zezwolenie?\" \/>\n<meta name=\"robots\" content=\"index, follow, max-snippet:-1, max-image-preview:large, max-video-preview:-1\" \/>\n<link rel=\"canonical\" href=\"https:\/\/ave-eta-canada.com\/pl\/okres-waznosci-eta-kanada\/\" \/>\n<meta property=\"og:locale\" content=\"pl_PL\" \/>\n<meta property=\"og:type\" content=\"article\" \/>\n<meta property=\"og:title\" content=\"Wa\u017cno\u015b\u0107 eTA Kanada\" \/>\n<meta property=\"og:description\" content=\"Kanada wprowadzi\u0142a elektroniczne zezwolenie na podr\u00f3\u017c eTA, kt\u00f3re nale\u017cy uzyska\u0107 przed wyjazdem. Na jak d\u0142ugo wa\u017cne jest to zezwolenie?\" \/>\n<meta property=\"og:url\" content=\"https:\/\/ave-eta-canada.com\/pl\/okres-waznosci-eta-kanada\/\" \/>\n<meta property=\"og:site_name\" content=\"VISA CANADA\" \/>\n<meta property=\"article:modified_time\" content=\"2023-05-08T22:08:06+00:00\" \/>\n<meta name=\"twitter:card\" content=\"summary_large_image\" \/>\n<meta name=\"twitter:label1\" content=\"Szacowany czas czytania\" \/>\n\t<meta name=\"twitter:data1\" content=\"4 minuty\" \/>\n<script type=\"application\/ld+json\" class=\"yoast-schema-graph\">{\"@context\":\"https:\/\/schema.org\",\"@graph\":[{\"@type\":\"WebPage\",\"@id\":\"https:\/\/ave-eta-canada.com\/pl\/okres-waznosci-eta-kanada\/\",\"url\":\"https:\/\/ave-eta-canada.com\/pl\/okres-waznosci-eta-kanada\/\",\"name\":\"Wa\u017cno\u015b\u0107 eTA Kanada\",\"isPartOf\":{\"@id\":\"https:\/\/ave-eta-canada.com\/pl\/#website\"},\"datePublished\":\"2023-04-18T14:41:24+00:00\",\"dateModified\":\"2023-05-08T22:08:06+00:00\",\"description\":\"Kanada wprowadzi\u0142a elektroniczne zezwolenie na podr\u00f3\u017c eTA, kt\u00f3re nale\u017cy uzyska\u0107 przed wyjazdem. Na jak d\u0142ugo wa\u017cne jest to zezwolenie?\",\"breadcrumb\":{\"@id\":\"https:\/\/ave-eta-canada.com\/pl\/okres-waznosci-eta-kanada\/#breadcrumb\"},\"inLanguage\":\"pl-PL\",\"potentialAction\":[{\"@type\":\"ReadAction\",\"target\":[\"https:\/\/ave-eta-canada.com\/pl\/okres-waznosci-eta-kanada\/\"]}]},{\"@type\":\"BreadcrumbList\",\"@id\":\"https:\/\/ave-eta-canada.com\/pl\/okres-waznosci-eta-kanada\/#breadcrumb\",\"itemListElement\":[{\"@type\":\"ListItem\",\"position\":1,\"name\":\"Home\",\"item\":\"https:\/\/ave-eta-canada.com\/pl\/\"},{\"@type\":\"ListItem\",\"position\":2,\"name\":\"Wa\u017cno\u015b\u0107 eTA Kanada\"}]},{\"@type\":\"WebSite\",\"@id\":\"https:\/\/ave-eta-canada.com\/pl\/#website\",\"url\":\"https:\/\/ave-eta-canada.com\/pl\/\",\"name\":\"VISA CANADA\",\"description\":\"Autorisation Voyage Electronique\",\"potentialAction\":[{\"@type\":\"SearchAction\",\"target\":{\"@type\":\"EntryPoint\",\"urlTemplate\":\"https:\/\/ave-eta-canada.com\/pl\/?s={search_term_string}\"},\"query-input\":{\"@type\":\"PropertyValueSpecification\",\"valueRequired\":true,\"valueName\":\"search_term_string\"}}],\"inLanguage\":\"pl-PL\"}]}<\/script>\n<!-- \/ Yoast SEO plugin. -->","yoast_head_json":{"title":"Wa\u017cno\u015b\u0107 eTA Kanada","description":"Kanada wprowadzi\u0142a elektroniczne zezwolenie na podr\u00f3\u017c eTA, kt\u00f3re nale\u017cy uzyska\u0107 przed wyjazdem. Na jak d\u0142ugo wa\u017cne jest to zezwolenie?","robots":{"index":"index","follow":"follow","max-snippet":"max-snippet:-1","max-image-preview":"max-image-preview:large","max-video-preview":"max-video-preview:-1"},"canonical":"https:\/\/ave-eta-canada.com\/pl\/okres-waznosci-eta-kanada\/","og_locale":"pl_PL","og_type":"article","og_title":"Wa\u017cno\u015b\u0107 eTA Kanada","og_description":"Kanada wprowadzi\u0142a elektroniczne zezwolenie na podr\u00f3\u017c eTA, kt\u00f3re nale\u017cy uzyska\u0107 przed wyjazdem. Na jak d\u0142ugo wa\u017cne jest to zezwolenie?","og_url":"https:\/\/ave-eta-canada.com\/pl\/okres-waznosci-eta-kanada\/","og_site_name":"VISA CANADA","article_modified_time":"2023-05-08T22:08:06+00:00","twitter_card":"summary_large_image","twitter_misc":{"Szacowany czas czytania":"4 minuty"},"schema":{"@context":"https:\/\/schema.org","@graph":[{"@type":"WebPage","@id":"https:\/\/ave-eta-canada.com\/pl\/okres-waznosci-eta-kanada\/","url":"https:\/\/ave-eta-canada.com\/pl\/okres-waznosci-eta-kanada\/","name":"Wa\u017cno\u015b\u0107 eTA Kanada","isPartOf":{"@id":"https:\/\/ave-eta-canada.com\/pl\/#website"},"datePublished":"2023-04-18T14:41:24+00:00","dateModified":"2023-05-08T22:08:06+00:00","description":"Kanada wprowadzi\u0142a elektroniczne zezwolenie na podr\u00f3\u017c eTA, kt\u00f3re nale\u017cy uzyska\u0107 przed wyjazdem. Na jak d\u0142ugo wa\u017cne jest to zezwolenie?","breadcrumb":{"@id":"https:\/\/ave-eta-canada.com\/pl\/okres-waznosci-eta-kanada\/#breadcrumb"},"inLanguage":"pl-PL","potentialAction":[{"@type":"ReadAction","target":["https:\/\/ave-eta-canada.com\/pl\/okres-waznosci-eta-kanada\/"]}]},{"@type":"BreadcrumbList","@id":"https:\/\/ave-eta-canada.com\/pl\/okres-waznosci-eta-kanada\/#breadcrumb","itemListElement":[{"@type":"ListItem","position":1,"name":"Home","item":"https:\/\/ave-eta-canada.com\/pl\/"},{"@type":"ListItem","position":2,"name":"Wa\u017cno\u015b\u0107 eTA Kanada"}]},{"@type":"WebSite","@id":"https:\/\/ave-eta-canada.com\/pl\/#website","url":"https:\/\/ave-eta-canada.com\/pl\/","name":"VISA CANADA","description":"Autorisation Voyage Electronique","potentialAction":[{"@type":"SearchAction","target":{"@type":"EntryPoint","urlTemplate":"https:\/\/ave-eta-canada.com\/pl\/?s={search_term_string}"},"query-input":{"@type":"PropertyValueSpecification","valueRequired":true,"valueName":"search_term_string"}}],"inLanguage":"pl-PL"}]}},"_links":{"self":[{"href":"https:\/\/ave-eta-canada.com\/pl\/wp-json\/wp\/v2\/pages\/4042","targetHints":{"allow":["GET"]}}],"collection":[{"href":"https:\/\/ave-eta-canada.com\/pl\/wp-json\/wp\/v2\/pages"}],"about":[{"href":"https:\/\/ave-eta-canada.com\/pl\/wp-json\/wp\/v2\/types\/page"}],"author":[{"embeddable":true,"href":"https:\/\/ave-eta-canada.com\/pl\/wp-json\/wp\/v2\/users\/1"}],"replies":[{"embeddable":true,"href":"https:\/\/ave-eta-canada.com\/pl\/wp-json\/wp\/v2\/comments?post=4042"}],"version-history":[{"count":0,"href":"https:\/\/ave-eta-canada.com\/pl\/wp-json\/wp\/v2\/pages\/4042\/revisions"}],"wp:attachment":[{"href":"https:\/\/ave-eta-canada.com\/pl\/wp-json\/wp\/v2\/media?parent=4042"}],"curies":[{"name":"wp","href":"https:\/\/api.w.org\/{rel}","templated":true}]}}