{"id":4048,"date":"2023-04-18T14:41:24","date_gmt":"2023-04-18T14:41:24","guid":{"rendered":"https:\/\/ave-eta-canada.com\/visa-ou-ave-canada\/"},"modified":"2023-05-09T07:11:52","modified_gmt":"2023-05-09T07:11:52","slug":"wiza-czy-eta-kanada","status":"publish","type":"page","link":"https:\/\/ave-eta-canada.com\/pl\/wiza-czy-eta-kanada\/","title":{"rendered":"Wiza czy eTA Kanada?"},"content":{"rendered":"\n<h1 class=\"wp-block-heading\">Czy musz\u0119 ubiega\u0107 si\u0119 o wiz\u0119 kanadyjsk\u0105 lub eTA?<\/h1>\n\n<p>Czy musz\u0119 ubiega\u0107 si\u0119 o wiz\u0119 kanadyjsk\u0105 lub eTA podczas podr\u00f3\u017cy do Kanady? Wyb\u00f3r odpowiedniego zezwolenia na podr\u00f3\u017c jest wa\u017cnym krokiem w przygotowaniu si\u0119 do podr\u00f3\u017cy do Kanady, poniewa\u017c zadecyduje on o tym, czy b\u0119d\u0105 mogli Pa\u0144stwo wjecha\u0107 do Kanady.<\/p>\n\n<p><strong>W przypadku pobytu w Kanadzie kr\u00f3tszego ni\u017c 6 miesi\u0119cy<\/strong>: formalno\u015bci zwi\u0105zanych z wjazdem do Kanady mo\u017cna dope\u0142ni\u0107 bezpo\u015brednio przez Internet, klikaj\u0105c na <a href=\"https:\/\/ave-eta-canada.com\/pl\/eta-kanada-formularz-online\/\">formularz online<\/a>. Nie jest konieczne umawianie si\u0119 na spotkanie w ambasadzie lub konsulacie Kanady.<\/p>\n\n<p>Pomi\u0119dzy wa\u017cnym paszportem do zdobycia, ubezpieczeniem podr\u00f3\u017cnym do zam\u00f3wienia, zakwaterowaniem i transportem, jest sporo krok\u00f3w administracyjnych do podj\u0119cia przed wyjazdem. W tym artykule rozr\u00f3\u017cnimy wymagania dotycz\u0105ce wizy kanadyjskiej i AVE Canada, aby okre\u015bli\u0107, kt\u00f3ry dokument jest bardziej odpowiedni dla Twojego pobytu.<br\/><\/p>\n\n<h2 class=\"wp-block-heading\">Wniosek o eTA czy wniosek o wiz\u0119?<\/h2>\n\n<p>Przed z\u0142o\u017ceniem wniosku <a href=\"https:\/\/ave-eta-canada.com\/pl\/czy-wiza-jest-niezbedna-do-podrozy-do-kanady\/\">o wiz\u0119 lub eTA Kanada<\/a>, najlepiej dowiedzie\u0107 si\u0119 wi\u0119cej na ten temat.<\/p>\n\n<h3 class=\"wp-block-heading\">Prezentacja eTA<\/h3>\n\n<p>eTA Kanada to elektroniczne zezwolenie na podr\u00f3\u017c, kt\u00f3re mog\u0105 uzyska\u0107 uprawnione osoby chc\u0105ce odby\u0107 pobyt turystyczny, biznesowy (bez wynagrodzenia) lub tranzytowy w Kanadzie na okres maksymalnie sze\u015bciu miesi\u0119cy. Canada eTA jest wymagana tylko w przypadku podr\u00f3\u017cy lotniczych i jest <a href=\"https:\/\/ave-eta-canada.com\/pl\/okres-waznosci-eta-kanada-2\/\">wa\u017cna maksymalnie przez<\/a> 5 lat.<\/p>\n\n<p><a href=\"https:\/\/ave-eta-canada.com\/pl\/\">ETa Kanada<\/a> jest dokumentem dost\u0119pnym tylko online. Aby z\u0142o\u017cy\u0107 wniosek, nale\u017cy wype\u0142ni\u0107 formularz na rz\u0105dowej stronie internetowej, aby zmniejszy\u0107 ryzyko odrzucenia wniosku eTA Kanada. ETA jest powi\u0105zane bezpo\u015brednio z paszportem, tzn. je\u015bli otrzymasz nowy paszport, b\u0119dziesz musia\u0142 z\u0142o\u017cy\u0107 wniosek o nowy eTA Kanada.<\/p>\n\n<h3 class=\"wp-block-heading\">Prezentacja wizy kanadyjskiej<\/h3>\n\n<p>Dla os\u00f3b, kt\u00f3re chc\u0105 studiowa\u0107 w Kanadzie, pracowa\u0107 lub odby\u0107 sta\u017c, konieczne b\u0119dzie ubieganie si\u0119 o wiz\u0119 kanadyjsk\u0105. Wniosek o wiz\u0119 sk\u0142adany jest w Ambasadzie Kanady i zale\u017cy od charakteru pobytu:<\/p>\n\n<ul class=\"wp-block-list\"><li>wiza turystyczna ;<\/li><li>wiza studencka ;<\/li><li>pozwolenie na prac\u0119 ;<\/li><li>zezwolenie na pobyt czasowy ;<\/li><li><a href=\"https:\/\/ave-eta-canada.com\/pl\/pozwolenie-na-prace-w-kanadzie\/\">zezwolenie na urlop roboczy lub promocj\u0119 zdrowia w miejscu pracy<\/a><\/li><\/ul>\n\n<p>Mo\u017cliwe jest zatem podj\u0119cie pracy lub nauki w Kanadzie na podstawie wizy. Tego typu wizy nie s\u0105 jednak \u0142atwe do uzyskania, a ich aplikacja musi by\u0107 dobrze przygotowana (oferta pracy do pracy w Kanadzie, list zapis\u00f3w do szko\u0142y i akceptacji itp.)<\/p>\n\n<p>Wiza turystyczna zast\u0119puje eTA dla obywateli kraj\u00f3w nieuprawnionych do tej ostatniej. ale tak\u017ce dla niekt\u00f3rych obywateli chc\u0105cych podr\u00f3\u017cowa\u0107 drog\u0105 l\u0105dow\u0105 lub morsk\u0105 do Kanady. Zwr\u00f3\u0107 uwag\u0119, \u017ce je\u015bli chcesz podr\u00f3\u017cowa\u0107 do Kanady drog\u0105 l\u0105dow\u0105, nie musisz ubiega\u0107 si\u0119 o wiz\u0119 turystyczn\u0105 lub wniosek eTA, je\u015bli jeste\u015b obywatelem kraju UE.<\/p>\n\n<p>Istnieje r\u00f3wnie\u017c wiza sta\u0142ego pobytu, ale trudno j\u0105 uzyska\u0107, poniewa\u017c rz\u0105d kanadyjski filtruje i przyjmuje tylko profile, kt\u00f3re uzna za interesuj\u0105ce.<br\/><br\/><\/p>\n\n<h2 class=\"wp-block-heading\">P\u0142acenie za eTA Kanada lub wniosek wizowy<\/h2>\n\n<p>Ubieganie si\u0119 o wiz\u0119 lub eTA Kanada nie jest darmowe. <a href=\"https:\/\/ave-eta-canada.com\/pl\/eta-kanada-jego-cena\/\">Cena eTA Kanada<\/a> jest sta\u0142a i wynosi 7$ CAN, wiza kosztuje od 100 do 150$ CAN.<\/p>\n\n<p>Teraz masz wszystkie informacje, kt\u00f3re musisz wiedzie\u0107, czy powiniene\u015b ubiega\u0107 si\u0119 o wiz\u0119 lub eTA Kanada. Jak wi\u0119c my\u015blisz, czy potrzebujesz wizy kanadyjskiej czy eTA? Jeste\u015bcie gotowi odwiedzi\u0107 krain\u0119 karibu i syropu klonowego?<\/p>\n","protected":false},"excerpt":{"rendered":"<p>Czy musz\u0119 ubiega\u0107 si\u0119 o wiz\u0119 kanadyjsk\u0105 lub eTA? Czy musz\u0119 ubiega\u0107 si\u0119 o wiz\u0119 kanadyjsk\u0105 lub eTA podczas podr\u00f3\u017cy do Kanady? Wyb\u00f3r odpowiedniego zezwolenia na podr\u00f3\u017c jest wa\u017cnym krokiem w przygotowaniu si\u0119 do podr\u00f3\u017cy do Kanady, poniewa\u017c zadecyduje on o tym, czy b\u0119d\u0105 mogli Pa\u0144stwo wjecha\u0107 do Kanady. W przypadku pobytu w Kanadzie kr\u00f3tszego [&hellip;]<\/p>\n","protected":false},"author":1,"featured_media":0,"parent":0,"menu_order":0,"comment_status":"closed","ping_status":"closed","template":"","meta":{"footnotes":""},"class_list":["post-4048","page","type-page","status-publish","hentry"],"yoast_head":"<!-- This site is optimized with the Yoast SEO plugin v26.9 - https:\/\/yoast.com\/product\/yoast-seo-wordpress\/ -->\n<title>Wiza czy eTA Kanada?<\/title>\n<meta name=\"description\" content=\"Je\u015bli planujesz odwiedzi\u0107 Kanad\u0119 w najbli\u017cszym czasie, b\u0119dziesz potrzebowa\u0107 pozwolenia na wjazd. A wi\u0119c wiza czy eTA Kanada?\" \/>\n<meta name=\"robots\" content=\"index, follow, max-snippet:-1, max-image-preview:large, max-video-preview:-1\" \/>\n<link rel=\"canonical\" href=\"https:\/\/ave-eta-canada.com\/pl\/wiza-czy-eta-kanada\/\" \/>\n<meta property=\"og:locale\" content=\"pl_PL\" \/>\n<meta property=\"og:type\" content=\"article\" \/>\n<meta property=\"og:title\" content=\"Wiza czy eTA Kanada?\" \/>\n<meta property=\"og:description\" content=\"Je\u015bli planujesz odwiedzi\u0107 Kanad\u0119 w najbli\u017cszym czasie, b\u0119dziesz potrzebowa\u0107 pozwolenia na wjazd. A wi\u0119c wiza czy eTA Kanada?\" \/>\n<meta property=\"og:url\" content=\"https:\/\/ave-eta-canada.com\/pl\/wiza-czy-eta-kanada\/\" \/>\n<meta property=\"og:site_name\" content=\"VISA CANADA\" \/>\n<meta property=\"article:modified_time\" content=\"2023-05-09T07:11:52+00:00\" \/>\n<meta name=\"twitter:card\" content=\"summary_large_image\" \/>\n<meta name=\"twitter:label1\" content=\"Szacowany czas czytania\" \/>\n\t<meta name=\"twitter:data1\" content=\"3 minuty\" \/>\n<script type=\"application\/ld+json\" class=\"yoast-schema-graph\">{\"@context\":\"https:\/\/schema.org\",\"@graph\":[{\"@type\":\"WebPage\",\"@id\":\"https:\/\/ave-eta-canada.com\/pl\/wiza-czy-eta-kanada\/\",\"url\":\"https:\/\/ave-eta-canada.com\/pl\/wiza-czy-eta-kanada\/\",\"name\":\"Wiza czy eTA Kanada?\",\"isPartOf\":{\"@id\":\"https:\/\/ave-eta-canada.com\/pl\/#website\"},\"datePublished\":\"2023-04-18T14:41:24+00:00\",\"dateModified\":\"2023-05-09T07:11:52+00:00\",\"description\":\"Je\u015bli planujesz odwiedzi\u0107 Kanad\u0119 w najbli\u017cszym czasie, b\u0119dziesz potrzebowa\u0107 pozwolenia na wjazd. A wi\u0119c wiza czy eTA Kanada?\",\"breadcrumb\":{\"@id\":\"https:\/\/ave-eta-canada.com\/pl\/wiza-czy-eta-kanada\/#breadcrumb\"},\"inLanguage\":\"pl-PL\",\"potentialAction\":[{\"@type\":\"ReadAction\",\"target\":[\"https:\/\/ave-eta-canada.com\/pl\/wiza-czy-eta-kanada\/\"]}]},{\"@type\":\"BreadcrumbList\",\"@id\":\"https:\/\/ave-eta-canada.com\/pl\/wiza-czy-eta-kanada\/#breadcrumb\",\"itemListElement\":[{\"@type\":\"ListItem\",\"position\":1,\"name\":\"Home\",\"item\":\"https:\/\/ave-eta-canada.com\/pl\/\"},{\"@type\":\"ListItem\",\"position\":2,\"name\":\"Wiza czy eTA Kanada?\"}]},{\"@type\":\"WebSite\",\"@id\":\"https:\/\/ave-eta-canada.com\/pl\/#website\",\"url\":\"https:\/\/ave-eta-canada.com\/pl\/\",\"name\":\"VISA CANADA\",\"description\":\"Autorisation Voyage Electronique\",\"potentialAction\":[{\"@type\":\"SearchAction\",\"target\":{\"@type\":\"EntryPoint\",\"urlTemplate\":\"https:\/\/ave-eta-canada.com\/pl\/?s={search_term_string}\"},\"query-input\":{\"@type\":\"PropertyValueSpecification\",\"valueRequired\":true,\"valueName\":\"search_term_string\"}}],\"inLanguage\":\"pl-PL\"}]}<\/script>\n<!-- \/ Yoast SEO plugin. -->","yoast_head_json":{"title":"Wiza czy eTA Kanada?","description":"Je\u015bli planujesz odwiedzi\u0107 Kanad\u0119 w najbli\u017cszym czasie, b\u0119dziesz potrzebowa\u0107 pozwolenia na wjazd. A wi\u0119c wiza czy eTA Kanada?","robots":{"index":"index","follow":"follow","max-snippet":"max-snippet:-1","max-image-preview":"max-image-preview:large","max-video-preview":"max-video-preview:-1"},"canonical":"https:\/\/ave-eta-canada.com\/pl\/wiza-czy-eta-kanada\/","og_locale":"pl_PL","og_type":"article","og_title":"Wiza czy eTA Kanada?","og_description":"Je\u015bli planujesz odwiedzi\u0107 Kanad\u0119 w najbli\u017cszym czasie, b\u0119dziesz potrzebowa\u0107 pozwolenia na wjazd. A wi\u0119c wiza czy eTA Kanada?","og_url":"https:\/\/ave-eta-canada.com\/pl\/wiza-czy-eta-kanada\/","og_site_name":"VISA CANADA","article_modified_time":"2023-05-09T07:11:52+00:00","twitter_card":"summary_large_image","twitter_misc":{"Szacowany czas czytania":"3 minuty"},"schema":{"@context":"https:\/\/schema.org","@graph":[{"@type":"WebPage","@id":"https:\/\/ave-eta-canada.com\/pl\/wiza-czy-eta-kanada\/","url":"https:\/\/ave-eta-canada.com\/pl\/wiza-czy-eta-kanada\/","name":"Wiza czy eTA Kanada?","isPartOf":{"@id":"https:\/\/ave-eta-canada.com\/pl\/#website"},"datePublished":"2023-04-18T14:41:24+00:00","dateModified":"2023-05-09T07:11:52+00:00","description":"Je\u015bli planujesz odwiedzi\u0107 Kanad\u0119 w najbli\u017cszym czasie, b\u0119dziesz potrzebowa\u0107 pozwolenia na wjazd. A wi\u0119c wiza czy eTA Kanada?","breadcrumb":{"@id":"https:\/\/ave-eta-canada.com\/pl\/wiza-czy-eta-kanada\/#breadcrumb"},"inLanguage":"pl-PL","potentialAction":[{"@type":"ReadAction","target":["https:\/\/ave-eta-canada.com\/pl\/wiza-czy-eta-kanada\/"]}]},{"@type":"BreadcrumbList","@id":"https:\/\/ave-eta-canada.com\/pl\/wiza-czy-eta-kanada\/#breadcrumb","itemListElement":[{"@type":"ListItem","position":1,"name":"Home","item":"https:\/\/ave-eta-canada.com\/pl\/"},{"@type":"ListItem","position":2,"name":"Wiza czy eTA Kanada?"}]},{"@type":"WebSite","@id":"https:\/\/ave-eta-canada.com\/pl\/#website","url":"https:\/\/ave-eta-canada.com\/pl\/","name":"VISA CANADA","description":"Autorisation Voyage Electronique","potentialAction":[{"@type":"SearchAction","target":{"@type":"EntryPoint","urlTemplate":"https:\/\/ave-eta-canada.com\/pl\/?s={search_term_string}"},"query-input":{"@type":"PropertyValueSpecification","valueRequired":true,"valueName":"search_term_string"}}],"inLanguage":"pl-PL"}]}},"_links":{"self":[{"href":"https:\/\/ave-eta-canada.com\/pl\/wp-json\/wp\/v2\/pages\/4048","targetHints":{"allow":["GET"]}}],"collection":[{"href":"https:\/\/ave-eta-canada.com\/pl\/wp-json\/wp\/v2\/pages"}],"about":[{"href":"https:\/\/ave-eta-canada.com\/pl\/wp-json\/wp\/v2\/types\/page"}],"author":[{"embeddable":true,"href":"https:\/\/ave-eta-canada.com\/pl\/wp-json\/wp\/v2\/users\/1"}],"replies":[{"embeddable":true,"href":"https:\/\/ave-eta-canada.com\/pl\/wp-json\/wp\/v2\/comments?post=4048"}],"version-history":[{"count":0,"href":"https:\/\/ave-eta-canada.com\/pl\/wp-json\/wp\/v2\/pages\/4048\/revisions"}],"wp:attachment":[{"href":"https:\/\/ave-eta-canada.com\/pl\/wp-json\/wp\/v2\/media?parent=4048"}],"curies":[{"name":"wp","href":"https:\/\/api.w.org\/{rel}","templated":true}]}}