{"id":4063,"date":"2023-04-18T14:41:26","date_gmt":"2023-04-18T14:41:26","guid":{"rendered":"https:\/\/ave-eta-canada.com\/what-is-leta-canada\/"},"modified":"2023-05-08T21:27:30","modified_gmt":"2023-05-08T21:27:30","slug":"czym-jest-eta-na-podroz-do-kanady","status":"publish","type":"page","link":"https:\/\/ave-eta-canada.com\/pl\/czym-jest-eta-na-podroz-do-kanady\/","title":{"rendered":"Co to jest ETA Kanada?"},"content":{"rendered":"\n<h1 class=\"wp-block-heading\">Prezentacja eTA Kanada<\/h1>\n\n<p>Podobnie jak USA, Kanada wprowadzi\u0142a elektroniczne zezwolenie na podr\u00f3\u017c, znane w j\u0119zyku angielskim jako eTA Canada.<\/p>\n\n<p><strong>W przypadku pobytu w Kanadzie kr\u00f3tszego ni\u017c 6 miesi\u0119cy<\/strong>: formalno\u015bci zwi\u0105zanych z wjazdem do Kanady mo\u017cna dope\u0142ni\u0107 bezpo\u015brednio przez Internet, klikaj\u0105c na <a href=\"https:\/\/ave-eta-canada.com\/pl\/eta-kanada-formularz-online\/\">formularz online<\/a>. Nie jest konieczne umawianie si\u0119 na spotkanie w ambasadzie lub konsulacie Kanady.<br\/><\/p>\n\n<h2 class=\"wp-block-heading\">eTA Kanada, czyli obowi\u0105zkowe zezwolenie na podr\u00f3\u017c.<\/h2>\n\n<p><a href=\"https:\/\/ave-eta-canada.com\/pl\/\">eTA Kanada<\/a> to elektroniczny dokument, kt\u00f3ry pozwala obywatelom kilku kraj\u00f3w na odwiedzenie Kanady bez wizy. Poniewa\u017c Polska jest krajem obj\u0119tym kanadyjskim ruchem bezwizowym, obywatele francuscy mog\u0105 podr\u00f3\u017cowa\u0107 do Kanady bez uprzedniej konsultacji z ambasad\u0105 Kanady.<\/p>\n\n<p>Warunki uzyskania <a href=\"https:\/\/ave-eta-canada.com\/pl\/czym-jest-eta-na-podroz-do-kanady\/\">eTA Kanada<\/a> nie s\u0105 bardzo restrykcyjne, ale jednak jest to obowi\u0105zkowe. Kanadyjskie w\u0142adze imigracyjne nie pozwalaj\u0105 na wjazd do Kanady bez wa\u017cnego zezwolenia. Aby ubiega\u0107 si\u0119 o upowa\u017cnienie eTA Kanada, podr\u00f3\u017cny musi :<\/p>\n\n<ul class=\"wp-block-list\"><li>by\u0107 obywatelem jednego z kwalifikuj\u0105cych si\u0119 kraj\u00f3w;<\/li><li>posiada\u0107 wa\u017cny paszport z wa\u017cno\u015bci\u0105 co najmniej 6 miesi\u0119cy;<\/li><li>podr\u00f3\u017c do Kanady drog\u0105 lotnicz\u0105 ;<\/li><li>pobyt w Kanadzie przez okres nie d\u0142u\u017cszy ni\u017c 6 miesi\u0119cy;<\/li><li>nie jest niedopuszczalny do Kanady (lub gdziekolwiek indziej);<\/li><li>nie pope\u0142nienie przest\u0119pstwa;<\/li><li>nie mie\u0107 \u017cadnych nieleczonych problem\u00f3w zdrowotnych, w tym nadu\u017cywania alkoholu i narkotyk\u00f3w;<\/li><li>nie chorowa\u0107 na gru\u017alic\u0119 ani nie mie\u0107 kontaktu z osob\u0105 chor\u0105 na gru\u017alic\u0119 w ci\u0105gu ostatnich dw\u00f3ch lat.  <\/li><\/ul>\n\n<p>Upowa\u017cnienie do podr\u00f3\u017cy eTA Kanada jest wa\u017cne przez 5 lat od daty wydania. Okres ten mo\u017ce by\u0107 kr\u00f3tszy, je\u017celi paszport u\u017cyty do z\u0142o\u017cenia wniosku wygasa wcze\u015bniej. Poniewa\u017c upowa\u017cnienie jest powi\u0105zane z paszportem, nale\u017cy ponownie z\u0142o\u017cy\u0107 wniosek w przypadku otrzymania nowego paszportu lub zmiany danych w nim zawartych. Nale\u017cy zauwa\u017cy\u0107, \u017ce nie ma ograniczenia co do liczby pobyt\u00f3w w Kanadzie w okresie<a href=\"https:\/\/ave-eta-canada.com\/pl\/okres-waznosci-eta-kanada-2\/\"> wa\u017cno\u015bci zezwolenia<\/a>, ale nale\u017cy przestrzega\u0107 maksymalnego czasu trwania jednego pobytu, kt\u00f3ry wynosi 6 miesi\u0119cy.<\/p>\n\n<p>eTA Kanada to zezwolenie na podr\u00f3\u017c, a nie zezwolenie na wjazd. Upowa\u017cnienie do wjazdu do Kanady nale\u017cy do funkcjonariusza s\u0142u\u017cb granicznych. Jego decyzja opiera si\u0119 na obecno\u015bci wymaganych dokument\u00f3w podr\u00f3\u017cy (wa\u017cny paszport, eTA, bilet wyjazdowy itp.) oraz na odpowiedziach na jego pytania.<br\/><br\/><\/p>\n\n<h2 class=\"wp-block-heading\">eTA Kanada, kt\u00f3r\u0105 nale\u017cy uzyska\u0107 przed wyjazdem<\/h2>\n\n<p>eTA Kanada jest zezwoleniem na podr\u00f3\u017c i musi by\u0107 uzyskane przed wyjazdem do Kanady. Bez niego wej\u015bcie na pok\u0142ad jest zabronione.  <\/p>\n\n<p>Wniosek o eTA Kanada sk\u0142ada si\u0119 tylko przez Internet, co oznacza, \u017ce nie trzeba udawa\u0107 si\u0119 do ambasady Kanady. Formularz zg\u0142oszeniowy dost\u0119pny jest na oficjalnej stronie rz\u0105du kanadyjskiego. W celu uzyskania uproszczonego formularza i dost\u0119pu do spersonalizowanej pomocy mo\u017cliwe jest r\u00f3wnie\u017c skorzystanie z prywatnej organizacji, takiej jak nasz partner.<\/p>\n\n<p>Do <a href=\"https:\/\/ave-eta-canada.com\/pl\/wypelnienie-formularza-eta-kanady\/\">wype\u0142nienia formularza<\/a> potrzebny jest paszport i karta bankowa. Pola do wype\u0142nienia dotycz\u0105 danych paszportowych i informacji osobistych. Zadawane s\u0105 r\u00f3wnie\u017c cztery pytania, na kt\u00f3re odpowiedzi nale\u017cy wybra\u0107 z rozwijanego menu. Wa\u017cne jest podanie poprawnego adresu e-mail, gdy\u017c w ten spos\u00f3b przekazywana jest odpowied\u017a.<\/p>\n\n<p>Aplikacja eTA Kanada jest zatwierdzona po podpisaniu zgody i dokonaniu p\u0142atno\u015bci. Potwierdzenie odbioru wysy\u0142ane jest automatycznie wraz z numerem wniosku. Ostateczna odpowied\u017a nast\u0119puje niemal natychmiast. W rzadkich przypadkach wniosek zostaje wstrzymany. Nast\u0119pnie w ci\u0105gu kilku dni wysy\u0142any jest e-mail z ostateczn\u0105 odpowiedzi\u0105 lub list\u0105 dodatkowych dokument\u00f3w, kt\u00f3re nale\u017cy dostarczy\u0107.<\/p>\n\n<p>Je\u015bli odpowied\u017a jest przecz\u0105ca, warto sprawdzi\u0107, czy podane informacje s\u0105 poprawne. W przypadku b\u0142\u0119d\u00f3w w pisowni lub podania b\u0142\u0119dnych informacji istnieje mo\u017cliwo\u015b\u0107 <a href=\"https:\/\/ave-eta-canada.com\/pl\/co-robic-gdy-w-kraju-jest-problem\/\">z\u0142o\u017cenia nowego wniosku<\/a>. W przeciwnym razie nale\u017cy z\u0142o\u017cy\u0107 wniosek o wiz\u0119 lub promocj\u0119 w miejscu pracy w Ambasadzie Kanady.<\/p>\n","protected":false},"excerpt":{"rendered":"<p>Prezentacja eTA Kanada Podobnie jak USA, Kanada wprowadzi\u0142a elektroniczne zezwolenie na podr\u00f3\u017c, znane w j\u0119zyku angielskim jako eTA Canada. W przypadku pobytu w Kanadzie kr\u00f3tszego ni\u017c 6 miesi\u0119cy: formalno\u015bci zwi\u0105zanych z wjazdem do Kanady mo\u017cna dope\u0142ni\u0107 bezpo\u015brednio przez Internet, klikaj\u0105c na formularz online. Nie jest konieczne umawianie si\u0119 na spotkanie w ambasadzie lub konsulacie Kanady. [&hellip;]<\/p>\n","protected":false},"author":1,"featured_media":0,"parent":0,"menu_order":0,"comment_status":"closed","ping_status":"closed","template":"","meta":{"footnotes":""},"class_list":["post-4063","page","type-page","status-publish","hentry"],"yoast_head":"<!-- This site is optimized with the Yoast SEO plugin v26.9 - https:\/\/yoast.com\/product\/yoast-seo-wordpress\/ -->\n<title>Co to jest ETA Kanada?<\/title>\n<meta name=\"description\" content=\"ETA Kanada, nie myli\u0107 z ESTA, to elektroniczne zezwolenie na podr\u00f3\u017c do Kanady. Nasze wyja\u015bnienie tutaj.\" \/>\n<meta name=\"robots\" content=\"index, follow, max-snippet:-1, max-image-preview:large, max-video-preview:-1\" \/>\n<link rel=\"canonical\" href=\"https:\/\/ave-eta-canada.com\/pl\/czym-jest-eta-na-podroz-do-kanady\/\" \/>\n<meta property=\"og:locale\" content=\"pl_PL\" \/>\n<meta property=\"og:type\" content=\"article\" \/>\n<meta property=\"og:title\" content=\"Co to jest ETA Kanada?\" \/>\n<meta property=\"og:description\" content=\"ETA Kanada, nie myli\u0107 z ESTA, to elektroniczne zezwolenie na podr\u00f3\u017c do Kanady. Nasze wyja\u015bnienie tutaj.\" \/>\n<meta property=\"og:url\" content=\"https:\/\/ave-eta-canada.com\/pl\/czym-jest-eta-na-podroz-do-kanady\/\" \/>\n<meta property=\"og:site_name\" content=\"VISA CANADA\" \/>\n<meta property=\"article:modified_time\" content=\"2023-05-08T21:27:30+00:00\" \/>\n<meta name=\"twitter:card\" content=\"summary_large_image\" \/>\n<meta name=\"twitter:label1\" content=\"Szacowany czas czytania\" \/>\n\t<meta name=\"twitter:data1\" content=\"3 minuty\" \/>\n<script type=\"application\/ld+json\" class=\"yoast-schema-graph\">{\"@context\":\"https:\/\/schema.org\",\"@graph\":[{\"@type\":\"WebPage\",\"@id\":\"https:\/\/ave-eta-canada.com\/pl\/czym-jest-eta-na-podroz-do-kanady\/\",\"url\":\"https:\/\/ave-eta-canada.com\/pl\/czym-jest-eta-na-podroz-do-kanady\/\",\"name\":\"Co to jest ETA Kanada?\",\"isPartOf\":{\"@id\":\"https:\/\/ave-eta-canada.com\/pl\/#website\"},\"datePublished\":\"2023-04-18T14:41:26+00:00\",\"dateModified\":\"2023-05-08T21:27:30+00:00\",\"description\":\"ETA Kanada, nie myli\u0107 z ESTA, to elektroniczne zezwolenie na podr\u00f3\u017c do Kanady. Nasze wyja\u015bnienie tutaj.\",\"breadcrumb\":{\"@id\":\"https:\/\/ave-eta-canada.com\/pl\/czym-jest-eta-na-podroz-do-kanady\/#breadcrumb\"},\"inLanguage\":\"pl-PL\",\"potentialAction\":[{\"@type\":\"ReadAction\",\"target\":[\"https:\/\/ave-eta-canada.com\/pl\/czym-jest-eta-na-podroz-do-kanady\/\"]}]},{\"@type\":\"BreadcrumbList\",\"@id\":\"https:\/\/ave-eta-canada.com\/pl\/czym-jest-eta-na-podroz-do-kanady\/#breadcrumb\",\"itemListElement\":[{\"@type\":\"ListItem\",\"position\":1,\"name\":\"Home\",\"item\":\"https:\/\/ave-eta-canada.com\/pl\/\"},{\"@type\":\"ListItem\",\"position\":2,\"name\":\"Co to jest ETA Kanada?\"}]},{\"@type\":\"WebSite\",\"@id\":\"https:\/\/ave-eta-canada.com\/pl\/#website\",\"url\":\"https:\/\/ave-eta-canada.com\/pl\/\",\"name\":\"VISA CANADA\",\"description\":\"Autorisation Voyage Electronique\",\"potentialAction\":[{\"@type\":\"SearchAction\",\"target\":{\"@type\":\"EntryPoint\",\"urlTemplate\":\"https:\/\/ave-eta-canada.com\/pl\/?s={search_term_string}\"},\"query-input\":{\"@type\":\"PropertyValueSpecification\",\"valueRequired\":true,\"valueName\":\"search_term_string\"}}],\"inLanguage\":\"pl-PL\"}]}<\/script>\n<!-- \/ Yoast SEO plugin. -->","yoast_head_json":{"title":"Co to jest ETA Kanada?","description":"ETA Kanada, nie myli\u0107 z ESTA, to elektroniczne zezwolenie na podr\u00f3\u017c do Kanady. Nasze wyja\u015bnienie tutaj.","robots":{"index":"index","follow":"follow","max-snippet":"max-snippet:-1","max-image-preview":"max-image-preview:large","max-video-preview":"max-video-preview:-1"},"canonical":"https:\/\/ave-eta-canada.com\/pl\/czym-jest-eta-na-podroz-do-kanady\/","og_locale":"pl_PL","og_type":"article","og_title":"Co to jest ETA Kanada?","og_description":"ETA Kanada, nie myli\u0107 z ESTA, to elektroniczne zezwolenie na podr\u00f3\u017c do Kanady. Nasze wyja\u015bnienie tutaj.","og_url":"https:\/\/ave-eta-canada.com\/pl\/czym-jest-eta-na-podroz-do-kanady\/","og_site_name":"VISA CANADA","article_modified_time":"2023-05-08T21:27:30+00:00","twitter_card":"summary_large_image","twitter_misc":{"Szacowany czas czytania":"3 minuty"},"schema":{"@context":"https:\/\/schema.org","@graph":[{"@type":"WebPage","@id":"https:\/\/ave-eta-canada.com\/pl\/czym-jest-eta-na-podroz-do-kanady\/","url":"https:\/\/ave-eta-canada.com\/pl\/czym-jest-eta-na-podroz-do-kanady\/","name":"Co to jest ETA Kanada?","isPartOf":{"@id":"https:\/\/ave-eta-canada.com\/pl\/#website"},"datePublished":"2023-04-18T14:41:26+00:00","dateModified":"2023-05-08T21:27:30+00:00","description":"ETA Kanada, nie myli\u0107 z ESTA, to elektroniczne zezwolenie na podr\u00f3\u017c do Kanady. Nasze wyja\u015bnienie tutaj.","breadcrumb":{"@id":"https:\/\/ave-eta-canada.com\/pl\/czym-jest-eta-na-podroz-do-kanady\/#breadcrumb"},"inLanguage":"pl-PL","potentialAction":[{"@type":"ReadAction","target":["https:\/\/ave-eta-canada.com\/pl\/czym-jest-eta-na-podroz-do-kanady\/"]}]},{"@type":"BreadcrumbList","@id":"https:\/\/ave-eta-canada.com\/pl\/czym-jest-eta-na-podroz-do-kanady\/#breadcrumb","itemListElement":[{"@type":"ListItem","position":1,"name":"Home","item":"https:\/\/ave-eta-canada.com\/pl\/"},{"@type":"ListItem","position":2,"name":"Co to jest ETA Kanada?"}]},{"@type":"WebSite","@id":"https:\/\/ave-eta-canada.com\/pl\/#website","url":"https:\/\/ave-eta-canada.com\/pl\/","name":"VISA CANADA","description":"Autorisation Voyage Electronique","potentialAction":[{"@type":"SearchAction","target":{"@type":"EntryPoint","urlTemplate":"https:\/\/ave-eta-canada.com\/pl\/?s={search_term_string}"},"query-input":{"@type":"PropertyValueSpecification","valueRequired":true,"valueName":"search_term_string"}}],"inLanguage":"pl-PL"}]}},"_links":{"self":[{"href":"https:\/\/ave-eta-canada.com\/pl\/wp-json\/wp\/v2\/pages\/4063","targetHints":{"allow":["GET"]}}],"collection":[{"href":"https:\/\/ave-eta-canada.com\/pl\/wp-json\/wp\/v2\/pages"}],"about":[{"href":"https:\/\/ave-eta-canada.com\/pl\/wp-json\/wp\/v2\/types\/page"}],"author":[{"embeddable":true,"href":"https:\/\/ave-eta-canada.com\/pl\/wp-json\/wp\/v2\/users\/1"}],"replies":[{"embeddable":true,"href":"https:\/\/ave-eta-canada.com\/pl\/wp-json\/wp\/v2\/comments?post=4063"}],"version-history":[{"count":0,"href":"https:\/\/ave-eta-canada.com\/pl\/wp-json\/wp\/v2\/pages\/4063\/revisions"}],"wp:attachment":[{"href":"https:\/\/ave-eta-canada.com\/pl\/wp-json\/wp\/v2\/media?parent=4063"}],"curies":[{"name":"wp","href":"https:\/\/api.w.org\/{rel}","templated":true}]}}