{"id":4067,"date":"2023-04-18T14:41:26","date_gmt":"2023-04-18T14:41:26","guid":{"rendered":"https:\/\/ave-eta-canada.com\/co-to-jest-dzien-mycia-w-kanadzie\/"},"modified":"2023-05-08T21:06:42","modified_gmt":"2023-05-08T21:06:42","slug":"czas-na-uzyskanie-eta-dla-kanady","status":"publish","type":"page","link":"https:\/\/ave-eta-canada.com\/pl\/czas-na-uzyskanie-eta-dla-kanady\/","title":{"rendered":"Jak d\u0142ugo trwa za\u0142atwianie eTA w Kanadzie?"},"content":{"rendered":"\n<h1 class=\"wp-block-heading\">Jak d\u0142ugo trwa za\u0142atwianie eTA Kanada?<\/h1>\n\n<p>Od kilku lat obywatele niekt\u00f3rych kraj\u00f3w maj\u0105 prawo do bezwizowego wjazdu do Kanady. Zwolnienie z obowi\u0105zku wizowego nie zwalnia podr\u00f3\u017cnych z obowi\u0105zku uzyskania elektronicznego zezwolenia na podr\u00f3\u017c.  <\/p>\n\n<p><strong>W przypadku pobytu w Kanadzie kr\u00f3tszego ni\u017c 6 miesi\u0119cy<\/strong>: formalno\u015bci zwi\u0105zanych z wjazdem do Kanady mo\u017cna dope\u0142ni\u0107 bezpo\u015brednio przez Internet, klikaj\u0105c na <a href=\"https:\/\/ave-eta-canada.com\/pl\/eta-kanada-formularz-online\/\">formularz online<\/a>. Nie jest konieczne umawianie si\u0119 na spotkanie w ambasadzie lub konsulacie Kanady. To zezwolenie na podr\u00f3\u017c nazywa si\u0119 AVE (Autorisation de Voyage \u00c9lectronique w j\u0119zyku francuskim), znane r\u00f3wnie\u017c jako eTA (Electronic Travel Authorization w j\u0119zyku angielskim), kt\u00f3re s\u0105 oficjalnymi j\u0119zykami Kanady.<\/p>\n\n<p>Jak d\u0142ugo trwa uzyskanie Travel Authorization i jak d\u0142ugo przed pobytem w Kanadzie nale\u017cy si\u0119 o nie ubiega\u0107? Jak d\u0142ugo jest wa\u017cny? To niekt\u00f3re z pyta\u0144, na kt\u00f3re odpowiadamy poni\u017cej.<br\/><\/p>\n\n<h2 class=\"wp-block-heading\">Zasady eTA<\/h2>\n\n<p>ETA pozwala obywatelom niekt\u00f3rych kraj\u00f3w na odwiedzenie Kanady bez konieczno\u015bci ubiegania si\u0119 o kanadyjsk\u0105 wiz\u0119. Brak konieczno\u015bci udawania si\u0119 do ambasady kanadyjskiej w celu z\u0142o\u017cenia wniosku o wiz\u0119 to znaczna oszcz\u0119dno\u015b\u0107 czasu, nie wspominaj\u0105c o znacznej oszcz\u0119dno\u015bci koszt\u00f3w. Rz\u0105d kanadyjski wprowadzi\u0142 zezwolenie na podr\u00f3\u017c, podobne do ESTA ustanowionego przez Stany Zjednoczone, dla najpopularniejszych pobyt\u00f3w tymczasowych wymagaj\u0105cych jedynie szybkiego sprawdzenia to\u017csamo\u015bci: tranzyt\u00f3w przez kanadyjskie lotnisko, pobyt\u00f3w turystycznych i podr\u00f3\u017cy s\u0142u\u017cbowych (bez p\u0142atno\u015bci na miejscu).<\/p>\n\n<p>Aby uzyska\u0107 zgod\u0119 na podr\u00f3\u017cowanie do Kanady z pojazdem elektrycznym, podr\u00f3\u017cny musi spe\u0142ni\u0107 okre\u015blone <a href=\"https:\/\/ave-eta-canada.com\/pl\/wszystko-o-warunkach-podrozy-do-kanady\/\">wymagania kwalifikacyjne<\/a>. Jak wspomniano wy\u017cej, pierwszym narzuconym kryterium jest przynale\u017cno\u015b\u0107 do programu bezwizowego. Nale\u017cy r\u00f3wnie\u017c rozpozna\u0107 charakter podr\u00f3\u017cy do Kanady (stopover, turystyczny, biznesowy). Pobyt, o kt\u00f3rym mowa, nie mo\u017ce przekracza\u0107 6 miesi\u0119cy i musi odbywa\u0107 si\u0119 drog\u0105 lotnicz\u0105. Oczywiste jest, \u017ce podr\u00f3\u017cowanie nie mo\u017ce odbywa\u0107 si\u0119 bez wa\u017cnego paszportu wydanego przez jeden z kraj\u00f3w sygnatariuszy. Rz\u0105d Kanady nie wymaga od obywateli francuskich posiadania paszportu biometrycznego, akceptowany jest paszport elektroniczny. Wskaz\u00f3wki dla podr\u00f3\u017cnych: preferowane jest, aby paszport mia\u0142 wa\u017cno\u015b\u0107 powy\u017cej 6 miesi\u0119cy.  <br\/><br\/><\/p>\n\n<h2 class=\"wp-block-heading\">Jak d\u0142ugo trzeba czeka\u0107 na eTA Kanada?<\/h2>\n\n<p>Je\u015bli jeste\u015b uprawniony, musisz <a href=\"https:\/\/ave-eta-canada.com\/pl\/jak-wypelnic-eta-de-kanada\/\">wype\u0142ni\u0107 eTA<\/a> swoimi danymi osobowymi. Po wys\u0142aniu akt do w\u0142adz kanadyjskich, nie b\u0119dziesz musia\u0142 d\u0142ugo czeka\u0107. Odpowied\u017a otrzymasz zazwyczaj w ci\u0105gu kilku minut drog\u0105 mailow\u0105. Mo\u017ce to potrwa\u0107 kilka dni, je\u015bli kanadyjskie s\u0142u\u017cby imigracyjne wymagaj\u0105 od Ciebie wi\u0119cej informacji.<\/p>\n\n<p>Upewnij si\u0119, \u017ce poda\u0142e\u015b prawid\u0142owy adres e-mail, poniewa\u017c w ten spos\u00f3b zostanie Ci przekazany <a href=\"https:\/\/ave-eta-canada.com\/pl\/jak-sprawdzic-status-swojego-wniosku-w-kanadzie\/\">status AVE<\/a>.<br\/><br\/><\/p>\n\n<h2 class=\"wp-block-heading\">Kiedy ubiega\u0107 si\u0119 o eTA na szybki czas dostawy?<\/h2>\n\n<p>Mimo, \u017ce wype\u0142nienie formularza i uzyskanie<a href=\"https:\/\/ave-eta-canada.com\/pl\/czym-jest-eta-na-podroz-do-kanady\/\">eTA Canada<\/a> jest nadal bardzo szybkie, to odpowiadaj\u0105c na pytanie &#8222;kiedy ubiega\u0107 si\u0119 o eTA?&#8221; zdecydowanie zaleca si\u0119, aby przyst\u0105pi\u0107 do zam\u00f3wienia autoryzacji ju\u017c w momencie, gdy planuje si\u0119 sp\u0119dzi\u0107 wakacje w Kanadzie. Dzi\u0119ki temu, je\u015bli pope\u0142nisz b\u0142\u0105d, b\u0119dziesz mia\u0142 czas, by si\u0119 od niego odbi\u0107.<\/p>\n\n<p>W zale\u017cno\u015bci od przyczyny odmowy, mo\u017cna pr\u00f3bowa\u0107 ponownie szcz\u0119\u015bcia (entry error) lub ubiega\u0107 si\u0119 o wiz\u0119 w s\u0142u\u017cbach konsularnych ambasady Kanady (inadmissibility). Wymagany czas jest wtedy bardzo r\u00f3\u017cny, poniewa\u017c aplikacja o wiz\u0119 kanadyjsk\u0105 jest znacznie d\u0142u\u017csza ni\u017c aplikacja eTA online.<\/p>\n\n<p>Nie nale\u017cy pr\u00f3bowa\u0107 uzyska\u0107 eTA na lotnisku, ani we Francji, ani w Kanadzie. Zezwolenie to nale\u017cy uzyska\u0107 przed wej\u015bciem na pok\u0142ad samolot\u00f3w mi\u0119dzynarodowych.<\/p>\n\n<p>Nale\u017cy zaznaczy\u0107, \u017ce aplikacj\u0119 eTA mo\u017cna z\u0142o\u017cy\u0107 z oficjalnej strony rz\u0105du kanadyjskiego lub za po\u015brednictwem wyspecjalizowanego po\u015brednika, takiego jak nasz partner. Zalet\u0105 prywatnej platformy jest to, \u017ce oferowana jest Ci pomoc w tym procesie. Czas potrzebny na otrzymanie eTA pozostaje taki sam w r\u00f3\u017cnych miejscach. Podobnie nie s\u0105 obecnie mo\u017cliwe aplikacje grupowe, czyli np. dla wszystkich cz\u0142onk\u00f3w rodziny jednocze\u015bnie. Ka\u017cdy wniosek o wydanie eTA musi by\u0107 z\u0142o\u017cony indywidualnie.<br\/><br\/><\/p>\n\n<h2 class=\"wp-block-heading\">Jak d\u0142ugo wa\u017cny jest eTA?<\/h2>\n\n<p>Ten elektroniczny dokument jest <a href=\"https:\/\/ave-eta-canada.com\/pl\/okres-waznosci-eta-kanada-2\/\">wa\u017cny przez pi\u0119\u0107 lat<\/a>, co pozwala na odbycie wielu mi\u0142ych podr\u00f3\u017cy do Kanady: Vancouver, Toronto, Ottawa, Quebec, itd. Wyb\u00f3r nale\u017cy do Ciebie. B\u0119dziesz m\u00f3g\u0142 podr\u00f3\u017cowa\u0107 do r\u00f3\u017cnych prowincji i wykonywa\u0107 mn\u00f3stwo czynno\u015bci oferowanych przez ten kraj w terminie przyznanym przez eTA Kanada.<\/p>\n\n<p>Nale\u017cy pami\u0119ta\u0107, \u017ce zezwolenie eTA jest powi\u0105zane z paszportem. Oznacza to, \u017ce w przypadku wyga\u015bni\u0119cia dokumentu to\u017csamo\u015bci lub zagubienia paszportu, eTA traci swoj\u0105 wa\u017cno\u015b\u0107. B\u0119dziesz musia\u0142 ubiega\u0107 si\u0119 o now\u0105 eTA na wyjazd do Kanady, co da Ci kolejne pi\u0119\u0107 lat. Podobnie wa\u017cno\u015b\u0107 paszportu francuskiego okre\u015bla z kolei wa\u017cno\u015b\u0107 eTA: je\u017celi paszport u\u017cyty do z\u0142o\u017cenia wniosku wygasa za mniej ni\u017c 5 lat, data wa\u017cno\u015bci eTA pokrywa si\u0119 z dat\u0105 wa\u017cno\u015bci paszportu.<br\/><br\/><\/p>\n\n<h2 class=\"wp-block-heading\">Na jak d\u0142ugo mo\u017cna wyjecha\u0107 z eTA?<\/h2>\n\n<p>Je\u015bli otrzymali Pa\u0144stwo zezwolenie eTA, maj\u0105 Pa\u0144stwo prawo do pobytu w Kanadzie przez 6 miesi\u0119cy. W okresie wa\u017cno\u015bci dokumentu eTA maj\u0105 Pa\u0144stwo prawo do wielokrotnego podr\u00f3\u017cowania do Kanady, przy czym nale\u017cy przestrzega\u0107 maksymalnego terminu 6 miesi\u0119cy na ka\u017cd\u0105 podr\u00f3\u017c.<\/p>\n\n<p>Nie ryzykuj jednak i nie przekraczaj limitu czasu wyznaczonego przez eTA Kanada, bo mo\u017ce to wp\u0119dzi\u0107 Ci\u0119 w k\u0142opoty. To samo dotyczy charakteru wyjazdu do Kanady: eTA nie pozwala na podj\u0119cie<a href=\"https:\/\/ave-eta-canada.com\/pl\/kanada-rzad-chce-wiecej-studentow-i-obcokrajowcow\/\">studi\u00f3w na kanadyjskim uniwersytecie<\/a>, odbycie sta\u017cu lub pracy w Kanadzie. Ekspatriacja i imigracja do Kanady te\u017c oczywi\u015bcie nie s\u0105 mo\u017cliwe. W przypadku tych podr\u00f3\u017cy nale\u017cy ubiega\u0107 si\u0119 o wiz\u0119 turystyczn\u0105, pozwolenie na prac\u0119, WHP (Work Holidays Permit) lub sta\u0142y pobyt. Zapraszamy na stron\u0119 rz\u0105dow\u0105 po wi\u0119cej informacji na ten temat oraz wykaz niezb\u0119dnych dokument\u00f3w.  <\/p>\n\n<p>Wreszcie, eTA nie jest jedynym dokumentem podr\u00f3\u017cy, kt\u00f3ry nale\u017cy przedstawi\u0107. Urz\u0119dnicy Immigration Canada poprosz\u0105 o obejrzenie paszportu, biletu na wyjazd z kraju w formie biletu powrotnego lub biletu do miejsca docelowego podczas przechodzenia przez urz\u0105d celny. W zale\u017cno\u015bci od sytuacji mog\u0105 by\u0107 wymagane inne dokumenty, szczeg\u00f3lnie w przypadku podr\u00f3\u017cy z ma\u0142oletnimi dzie\u0107mi. Nale\u017cy pami\u0119ta\u0107, \u017ce urz\u0119dnik imigracyjny nie poprosi o eTA, poniewa\u017c jest on elektronicznie powi\u0105zany z numerem paszportu. <\/p>\n","protected":false},"excerpt":{"rendered":"<p>Jak d\u0142ugo trwa za\u0142atwianie eTA Kanada? Od kilku lat obywatele niekt\u00f3rych kraj\u00f3w maj\u0105 prawo do bezwizowego wjazdu do Kanady. Zwolnienie z obowi\u0105zku wizowego nie zwalnia podr\u00f3\u017cnych z obowi\u0105zku uzyskania elektronicznego zezwolenia na podr\u00f3\u017c. W przypadku pobytu w Kanadzie kr\u00f3tszego ni\u017c 6 miesi\u0119cy: formalno\u015bci zwi\u0105zanych z wjazdem do Kanady mo\u017cna dope\u0142ni\u0107 bezpo\u015brednio przez Internet, klikaj\u0105c na [&hellip;]<\/p>\n","protected":false},"author":1,"featured_media":0,"parent":0,"menu_order":0,"comment_status":"closed","ping_status":"closed","template":"","meta":{"footnotes":""},"class_list":["post-4067","page","type-page","status-publish","hentry"],"yoast_head":"<!-- This site is optimized with the Yoast SEO plugin v26.9 - https:\/\/yoast.com\/product\/yoast-seo-wordpress\/ -->\n<title>Jak d\u0142ugo trwa za\u0142atwianie eTA w Kanadzie?<\/title>\n<meta name=\"description\" content=\"Chcesz odwiedzi\u0107 Kanad\u0119 i chcesz wiedzie\u0107, jak d\u0142ugo potrwa otrzymanie eTA, aby zorganizowa\u0107 sw\u00f3j pobyt? Nasza odpowied\u017a tutaj!\" \/>\n<meta name=\"robots\" content=\"index, follow, max-snippet:-1, max-image-preview:large, max-video-preview:-1\" \/>\n<link rel=\"canonical\" href=\"https:\/\/ave-eta-canada.com\/pl\/czas-na-uzyskanie-eta-dla-kanady\/\" \/>\n<meta property=\"og:locale\" content=\"pl_PL\" \/>\n<meta property=\"og:type\" content=\"article\" \/>\n<meta property=\"og:title\" content=\"Jak d\u0142ugo trwa za\u0142atwianie eTA w Kanadzie?\" \/>\n<meta property=\"og:description\" content=\"Chcesz odwiedzi\u0107 Kanad\u0119 i chcesz wiedzie\u0107, jak d\u0142ugo potrwa otrzymanie eTA, aby zorganizowa\u0107 sw\u00f3j pobyt? Nasza odpowied\u017a tutaj!\" \/>\n<meta property=\"og:url\" content=\"https:\/\/ave-eta-canada.com\/pl\/czas-na-uzyskanie-eta-dla-kanady\/\" \/>\n<meta property=\"og:site_name\" content=\"VISA CANADA\" \/>\n<meta property=\"article:modified_time\" content=\"2023-05-08T21:06:42+00:00\" \/>\n<meta name=\"twitter:card\" content=\"summary_large_image\" \/>\n<meta name=\"twitter:label1\" content=\"Szacowany czas czytania\" \/>\n\t<meta name=\"twitter:data1\" content=\"5 minut\" \/>\n<script type=\"application\/ld+json\" class=\"yoast-schema-graph\">{\"@context\":\"https:\/\/schema.org\",\"@graph\":[{\"@type\":\"WebPage\",\"@id\":\"https:\/\/ave-eta-canada.com\/pl\/czas-na-uzyskanie-eta-dla-kanady\/\",\"url\":\"https:\/\/ave-eta-canada.com\/pl\/czas-na-uzyskanie-eta-dla-kanady\/\",\"name\":\"Jak d\u0142ugo trwa za\u0142atwianie eTA w Kanadzie?\",\"isPartOf\":{\"@id\":\"https:\/\/ave-eta-canada.com\/pl\/#website\"},\"datePublished\":\"2023-04-18T14:41:26+00:00\",\"dateModified\":\"2023-05-08T21:06:42+00:00\",\"description\":\"Chcesz odwiedzi\u0107 Kanad\u0119 i chcesz wiedzie\u0107, jak d\u0142ugo potrwa otrzymanie eTA, aby zorganizowa\u0107 sw\u00f3j pobyt? Nasza odpowied\u017a tutaj!\",\"breadcrumb\":{\"@id\":\"https:\/\/ave-eta-canada.com\/pl\/czas-na-uzyskanie-eta-dla-kanady\/#breadcrumb\"},\"inLanguage\":\"pl-PL\",\"potentialAction\":[{\"@type\":\"ReadAction\",\"target\":[\"https:\/\/ave-eta-canada.com\/pl\/czas-na-uzyskanie-eta-dla-kanady\/\"]}]},{\"@type\":\"BreadcrumbList\",\"@id\":\"https:\/\/ave-eta-canada.com\/pl\/czas-na-uzyskanie-eta-dla-kanady\/#breadcrumb\",\"itemListElement\":[{\"@type\":\"ListItem\",\"position\":1,\"name\":\"Home\",\"item\":\"https:\/\/ave-eta-canada.com\/pl\/\"},{\"@type\":\"ListItem\",\"position\":2,\"name\":\"Jak d\u0142ugo trwa za\u0142atwianie eTA w Kanadzie?\"}]},{\"@type\":\"WebSite\",\"@id\":\"https:\/\/ave-eta-canada.com\/pl\/#website\",\"url\":\"https:\/\/ave-eta-canada.com\/pl\/\",\"name\":\"VISA CANADA\",\"description\":\"Autorisation Voyage Electronique\",\"potentialAction\":[{\"@type\":\"SearchAction\",\"target\":{\"@type\":\"EntryPoint\",\"urlTemplate\":\"https:\/\/ave-eta-canada.com\/pl\/?s={search_term_string}\"},\"query-input\":{\"@type\":\"PropertyValueSpecification\",\"valueRequired\":true,\"valueName\":\"search_term_string\"}}],\"inLanguage\":\"pl-PL\"}]}<\/script>\n<!-- \/ Yoast SEO plugin. -->","yoast_head_json":{"title":"Jak d\u0142ugo trwa za\u0142atwianie eTA w Kanadzie?","description":"Chcesz odwiedzi\u0107 Kanad\u0119 i chcesz wiedzie\u0107, jak d\u0142ugo potrwa otrzymanie eTA, aby zorganizowa\u0107 sw\u00f3j pobyt? Nasza odpowied\u017a tutaj!","robots":{"index":"index","follow":"follow","max-snippet":"max-snippet:-1","max-image-preview":"max-image-preview:large","max-video-preview":"max-video-preview:-1"},"canonical":"https:\/\/ave-eta-canada.com\/pl\/czas-na-uzyskanie-eta-dla-kanady\/","og_locale":"pl_PL","og_type":"article","og_title":"Jak d\u0142ugo trwa za\u0142atwianie eTA w Kanadzie?","og_description":"Chcesz odwiedzi\u0107 Kanad\u0119 i chcesz wiedzie\u0107, jak d\u0142ugo potrwa otrzymanie eTA, aby zorganizowa\u0107 sw\u00f3j pobyt? Nasza odpowied\u017a tutaj!","og_url":"https:\/\/ave-eta-canada.com\/pl\/czas-na-uzyskanie-eta-dla-kanady\/","og_site_name":"VISA CANADA","article_modified_time":"2023-05-08T21:06:42+00:00","twitter_card":"summary_large_image","twitter_misc":{"Szacowany czas czytania":"5 minut"},"schema":{"@context":"https:\/\/schema.org","@graph":[{"@type":"WebPage","@id":"https:\/\/ave-eta-canada.com\/pl\/czas-na-uzyskanie-eta-dla-kanady\/","url":"https:\/\/ave-eta-canada.com\/pl\/czas-na-uzyskanie-eta-dla-kanady\/","name":"Jak d\u0142ugo trwa za\u0142atwianie eTA w Kanadzie?","isPartOf":{"@id":"https:\/\/ave-eta-canada.com\/pl\/#website"},"datePublished":"2023-04-18T14:41:26+00:00","dateModified":"2023-05-08T21:06:42+00:00","description":"Chcesz odwiedzi\u0107 Kanad\u0119 i chcesz wiedzie\u0107, jak d\u0142ugo potrwa otrzymanie eTA, aby zorganizowa\u0107 sw\u00f3j pobyt? Nasza odpowied\u017a tutaj!","breadcrumb":{"@id":"https:\/\/ave-eta-canada.com\/pl\/czas-na-uzyskanie-eta-dla-kanady\/#breadcrumb"},"inLanguage":"pl-PL","potentialAction":[{"@type":"ReadAction","target":["https:\/\/ave-eta-canada.com\/pl\/czas-na-uzyskanie-eta-dla-kanady\/"]}]},{"@type":"BreadcrumbList","@id":"https:\/\/ave-eta-canada.com\/pl\/czas-na-uzyskanie-eta-dla-kanady\/#breadcrumb","itemListElement":[{"@type":"ListItem","position":1,"name":"Home","item":"https:\/\/ave-eta-canada.com\/pl\/"},{"@type":"ListItem","position":2,"name":"Jak d\u0142ugo trwa za\u0142atwianie eTA w Kanadzie?"}]},{"@type":"WebSite","@id":"https:\/\/ave-eta-canada.com\/pl\/#website","url":"https:\/\/ave-eta-canada.com\/pl\/","name":"VISA CANADA","description":"Autorisation Voyage Electronique","potentialAction":[{"@type":"SearchAction","target":{"@type":"EntryPoint","urlTemplate":"https:\/\/ave-eta-canada.com\/pl\/?s={search_term_string}"},"query-input":{"@type":"PropertyValueSpecification","valueRequired":true,"valueName":"search_term_string"}}],"inLanguage":"pl-PL"}]}},"_links":{"self":[{"href":"https:\/\/ave-eta-canada.com\/pl\/wp-json\/wp\/v2\/pages\/4067","targetHints":{"allow":["GET"]}}],"collection":[{"href":"https:\/\/ave-eta-canada.com\/pl\/wp-json\/wp\/v2\/pages"}],"about":[{"href":"https:\/\/ave-eta-canada.com\/pl\/wp-json\/wp\/v2\/types\/page"}],"author":[{"embeddable":true,"href":"https:\/\/ave-eta-canada.com\/pl\/wp-json\/wp\/v2\/users\/1"}],"replies":[{"embeddable":true,"href":"https:\/\/ave-eta-canada.com\/pl\/wp-json\/wp\/v2\/comments?post=4067"}],"version-history":[{"count":0,"href":"https:\/\/ave-eta-canada.com\/pl\/wp-json\/wp\/v2\/pages\/4067\/revisions"}],"wp:attachment":[{"href":"https:\/\/ave-eta-canada.com\/pl\/wp-json\/wp\/v2\/media?parent=4067"}],"curies":[{"name":"wp","href":"https:\/\/api.w.org\/{rel}","templated":true}]}}