{"id":4079,"date":"2023-04-18T14:41:27","date_gmt":"2023-04-18T14:41:27","guid":{"rendered":"https:\/\/ave-eta-canada.com\/make-an-application-with-canada-official\/"},"modified":"2023-05-09T06:35:04","modified_gmt":"2023-05-09T06:35:04","slug":"zloz-oficjalny-wniosek-eta-do-kanady","status":"publish","type":"page","link":"https:\/\/ave-eta-canada.com\/pl\/zloz-oficjalny-wniosek-eta-do-kanady\/","title":{"rendered":"Z\u0142o\u017cenie oficjalnego wniosku o eTA Kanada"},"content":{"rendered":"\n<h1 class=\"wp-block-heading\">Jak ubiega\u0107 si\u0119 o oficjalne eTA Kanada?<\/h1>\n\n<p>Je\u015bli planujesz podr\u00f3\u017c do Kanady, musisz upewni\u0107 si\u0119, \u017ce masz w r\u0119ku odpowiednie dokumenty: paszport, ubezpieczenie, bilet powrotny, ale tak\u017ce oficjalne Travel Authorization. Oficjalny Canada eTA jest bardzo wa\u017cnym dokumentem dla ka\u017cdego, kto chce podr\u00f3\u017cowa\u0107 do Kanady drog\u0105 lotnicz\u0105 bez konieczno\u015bci ubiegania si\u0119 o kosztown\u0105 wiz\u0119 w ambasadzie Kanady.<\/p>\n\n<p><strong>W przypadku pobytu w Kanadzie kr\u00f3tszego ni\u017c 6 miesi\u0119cy<\/strong>: formalno\u015bci zwi\u0105zanych z wjazdem do Kanady mo\u017cna dope\u0142ni\u0107 bezpo\u015brednio przez Internet, klikaj\u0105c na <a href=\"https:\/\/ave-eta-canada.com\/pl\/eta-kanada-formularz-online\/\">formularz online<\/a>. Nie jest konieczne umawianie si\u0119 na spotkanie w ambasadzie lub konsulacie Kanady.<\/p>\n\n<p>Miliony obywateli z ca\u0142ego \u015bwiata mog\u0105 podr\u00f3\u017cowa\u0107 do Kanady na podstawie elektronicznego <a href=\"https:\/\/ave-eta-canada.com\/pl\/eta-lub-esta-ktore-zezwolenie-na-podroz-wybrac-na-pobyt\/\">zezwolenia na podr\u00f3\u017c<\/a> uzyskanego bezpo\u015brednio przez Internet (eTA). Ubiegaj\u0105c si\u0119 o oficjalne eTA Kanada, mo\u017cesz przebywa\u0107 w Kanadzie do sze\u015bciu miesi\u0119cy w ci\u0105gu najbli\u017cszych pi\u0119ciu lat.<\/p>\n\n<h3 class=\"wp-block-heading\">Lista 61 terytori\u00f3w kwalifikuj\u0105cych si\u0119 do oficjalnego eTA Kanada (aktualizacja z maja 2023 r)<\/h3>\n\n<figure class=\"wp-block-table\"><table><tbody><tr><td class=\"has-text-align-center\" data-align=\"center\">Niemcy<\/td><td class=\"has-text-align-center\" data-align=\"center\">Hiszpania<\/td><td class=\"has-text-align-center\" data-align=\"center\">Islandia<\/td><td class=\"has-text-align-center\" data-align=\"center\">Polska<\/td><td class=\"has-text-align-center\" data-align=\"center\">Watykan<\/td><\/tr><tr><td class=\"has-text-align-center\" data-align=\"center\">Andora<\/td><td class=\"has-text-align-center\" data-align=\"center\">Estonia<\/td><td class=\"has-text-align-center\" data-align=\"center\">W\u0142ochy<\/td><td class=\"has-text-align-center\" data-align=\"center\">Portugalia<\/td><td class=\"has-text-align-center\" data-align=\"center\"><strong>Od 2023 r:<\/strong><\/td><\/tr><tr><td class=\"has-text-align-center\" data-align=\"center\">Anguilla<\/td><td class=\"has-text-align-center\" data-align=\"center\">Finlandia<\/td><td class=\"has-text-align-center\" data-align=\"center\">Japonia<\/td><td class=\"has-text-align-center\" data-align=\"center\">Czechy<\/td><td class=\"has-text-align-center\" data-align=\"center\"><strong>Antigua i Barbuda<\/strong><\/td><\/tr><tr><td class=\"has-text-align-center\" data-align=\"center\">Australia<\/td><td class=\"has-text-align-center\" data-align=\"center\">Francja<\/td><td class=\"has-text-align-center\" data-align=\"center\">\u0141otwa<\/td><td class=\"has-text-align-center\" data-align=\"center\">Republika Korei<\/td><td class=\"has-text-align-center\" data-align=\"center\"><strong>Argentyna<\/strong><\/td><\/tr><tr><td class=\"has-text-align-center\" data-align=\"center\">Austria<\/td><td class=\"has-text-align-center\" data-align=\"center\">Gibraltar<\/td><td class=\"has-text-align-center\" data-align=\"center\">Liechtenstein<\/td><td class=\"has-text-align-center\" data-align=\"center\">Rumunia<\/td><td class=\"has-text-align-center\" data-align=\"center\"><strong>Kostaryka<\/strong><\/td><\/tr><tr><td class=\"has-text-align-center\" data-align=\"center\">Bahamski<\/td><td class=\"has-text-align-center\" data-align=\"center\">Grecja<\/td><td class=\"has-text-align-center\" data-align=\"center\">Litwa<\/td><td class=\"has-text-align-center\" data-align=\"center\">Wielka Brytania<\/td><td class=\"has-text-align-center\" data-align=\"center\"><strong>Maroko<\/strong><\/td><\/tr><tr><td class=\"has-text-align-center\" data-align=\"center\">Barbados<\/td><td class=\"has-text-align-center\" data-align=\"center\">Hongkong<\/td><td class=\"has-text-align-center\" data-align=\"center\">Luksemburg<\/td><td class=\"has-text-align-center\" data-align=\"center\">Sainte-H\u00e9l\u00e8ne<\/td><td class=\"has-text-align-center\" data-align=\"center\"><strong>Panama<\/strong><\/td><\/tr><tr><td class=\"has-text-align-center\" data-align=\"center\">Belgia<\/td><td class=\"has-text-align-center\" data-align=\"center\">W\u0119gry<\/td><td class=\"has-text-align-center\" data-align=\"center\">Malta<\/td><td class=\"has-text-align-center\" data-align=\"center\">San Marino<\/td><td class=\"has-text-align-center\" data-align=\"center\"><strong>Filipiny<\/strong><\/td><\/tr><tr><td class=\"has-text-align-center\" data-align=\"center\">Bermudy<\/td><td class=\"has-text-align-center\" data-align=\"center\">Kajmany<\/td><td class=\"has-text-align-center\" data-align=\"center\">Meksyk<\/td><td class=\"has-text-align-center\" data-align=\"center\">Samoa<\/td><td class=\"has-text-align-center\" data-align=\"center\"><strong>Saint Kitts i Nevis<\/strong><\/td><\/tr><tr><td class=\"has-text-align-center\" data-align=\"center\">Brunei<\/td><td class=\"has-text-align-center\" data-align=\"center\">Falklandy<\/td><td class=\"has-text-align-center\" data-align=\"center\">Monako<\/td><td class=\"has-text-align-center\" data-align=\"center\">Singapur<\/td><td class=\"has-text-align-center\" data-align=\"center\"><strong>\u015aW<\/strong><\/td><\/tr><tr><td class=\"has-text-align-center\" data-align=\"center\">Bu\u0142garia<\/td><td class=\"has-text-align-center\" data-align=\"center\">Wyspy Pitcairn<\/td><td class=\"has-text-align-center\" data-align=\"center\">Montserrat<\/td><td class=\"has-text-align-center\" data-align=\"center\">S\u0142owacja<\/td><td class=\"has-text-align-center\" data-align=\"center\"><strong>Saint Vincent i Grenadyny<\/strong><\/td><\/tr><tr><td class=\"has-text-align-center\" data-align=\"center\">Chile<\/td><td class=\"has-text-align-center\" data-align=\"center\">Wyspy Salomona<\/td><td class=\"has-text-align-center\" data-align=\"center\">Norwegia<\/td><td class=\"has-text-align-center\" data-align=\"center\">S\u0142owenia<\/td><td class=\"has-text-align-center\" data-align=\"center\"><strong>Seszele<\/strong><\/td><\/tr><tr><td class=\"has-text-align-center\" data-align=\"center\">Cypr<\/td><td class=\"has-text-align-center\" data-align=\"center\">Wyspy Turks i Caicos<\/td><td class=\"has-text-align-center\" data-align=\"center\">Nowa Zelandia<\/td><td class=\"has-text-align-center\" data-align=\"center\">Szwecja<\/td><td class=\"has-text-align-center\" data-align=\"center\"><strong>Tajlandia<\/strong><\/td><\/tr><tr><td class=\"has-text-align-center\" data-align=\"center\">Chorwacja<\/td><td class=\"has-text-align-center\" data-align=\"center\">Brytyjskie Wyspy Dziewicze<\/td><td class=\"has-text-align-center\" data-align=\"center\">Papua Nowa Gwinea<\/td><td class=\"has-text-align-center\" data-align=\"center\">szwajcarski<\/td><td class=\"has-text-align-center\" data-align=\"center\"><strong>Trynidad i Tobago<\/strong><\/td><\/tr><tr><td class=\"has-text-align-center\" data-align=\"center\">Dania<\/td><td class=\"has-text-align-center\" data-align=\"center\">Irlandia<\/td><td class=\"has-text-align-center\" data-align=\"center\">Holandia<\/td><td class=\"has-text-align-center\" data-align=\"center\">Tajwan<\/td><td class=\"has-text-align-center\" data-align=\"center\"><strong>Urugwaj<\/strong><\/td><\/tr><\/tbody><\/table><figcaption class=\"wp-element-caption\">Lista kraj\u00f3w korzystaj\u0105cych z kanadyjskiego programu zniesienia wiz<\/figcaption><\/figure>\n\n<h2 class=\"wp-block-heading\">Z\u0142o\u017cenie oficjalnego wniosku o eTA Kanada<\/h2>\n\n<p>Oficjalny eTA Kanada zosta\u0142 stworzony przez rz\u0105d kanadyjski w celu u\u0142atwienia aplikacji wizowych oraz wniosk\u00f3w o d\u0142u\u017cszy lub kr\u00f3tszy pobyt obywateli Kanady w Kanadzie. Wniosek o eTA Kanada odbywa si\u0119 tylko online, wi\u0119c nie ma potrzeby udawania si\u0119 do ambasady lub konsulatu Kanady, aby go uzyska\u0107, poniewa\u017c nie jest to to samo, co w przypadku wniosku o wiz\u0119.<\/p>\n\n<p>Rzeczywi\u015bcie, rz\u0105d kanadyjski wprowadzi\u0142 system sk\u0142adania i rozpatrywania wniosk\u00f3w wy\u0142\u0105cznie online. Istnieje mo\u017cliwo\u015b\u0107 ubiegania si\u0119 o oficjalne eTA Kanada poprzez.<a href=\"https:\/\/www.canada.ca\/en.html\">  Rz\u0105d Kanady<\/a> lub za po\u015brednictwem niezale\u017cnych stron internetowych, kt\u00f3re przeprowadz\u0105 Ci\u0119 przez proces administracyjny i sprawdz\u0105 podane dane, aby upewni\u0107 si\u0119, \u017ce nie pope\u0142niono b\u0142\u0119d\u00f3w, kt\u00f3re mog\u0142yby doprowadzi\u0107 do odmowy wydania Twojego oficjalnego eTA Canada.<\/p>\n\n<p>Podczas ubiegania si\u0119 o oficjalne eTA Kanada, zostaniesz poproszony o wype\u0142nienie formularza eTA.<\/p>\n\n<p>Zostaniesz poproszony o wype\u0142nienie r\u00f3\u017cnych danych osobowych o sobie, takich jak imi\u0119, nazwisko, adres, miejsce i data urodzenia, zaw\u00f3d itp.<\/p>\n\n<p>W tym<a href=\"https:\/\/ave-eta-canada.com\/pl\/wypelnienie-formularza-eta-kanady\/\"> formularzu internetowym<\/a> b\u0119d\u0105 Pa\u0144stwo musieli r\u00f3wnie\u017c odpowiedzie\u0107 na pytania dotycz\u0105ce Pa\u0144stwa przesz\u0142o\u015bci: stanu zdrowia, problem\u00f3w z prawem w przesz\u0142o\u015bci, czy kiedykolwiek odm\u00f3wiono Pa\u0144stwu wjazdu do Kanady lub innego kraju itp.<\/p>\n\n<p>Bardzo wa\u017cne jest posiadanie wa\u017cnego paszportu, aby ubiega\u0107 si\u0119 o oficjalne kanadyjskie eTA, poniewa\u017c eTA jest powi\u0105zany z Twoim biometrycznym lub elektronicznym numerem paszportu. W przypadku konieczno\u015bci uzyskania nowego paszportu, konieczne b\u0119dzie z\u0142o\u017cenie <a href=\"https:\/\/ave-eta-canada.com\/pl\/zloz-oficjalny-wniosek-eta-do-kanady\/\">wniosku o now\u0105 eTA<\/a>.<\/p>\n","protected":false},"excerpt":{"rendered":"<p>Jak ubiega\u0107 si\u0119 o oficjalne eTA Kanada? Je\u015bli planujesz podr\u00f3\u017c do Kanady, musisz upewni\u0107 si\u0119, \u017ce masz w r\u0119ku odpowiednie dokumenty: paszport, ubezpieczenie, bilet powrotny, ale tak\u017ce oficjalne Travel Authorization. Oficjalny Canada eTA jest bardzo wa\u017cnym dokumentem dla ka\u017cdego, kto chce podr\u00f3\u017cowa\u0107 do Kanady drog\u0105 lotnicz\u0105 bez konieczno\u015bci ubiegania si\u0119 o kosztown\u0105 wiz\u0119 w ambasadzie [&hellip;]<\/p>\n","protected":false},"author":1,"featured_media":0,"parent":0,"menu_order":0,"comment_status":"closed","ping_status":"closed","template":"","meta":{"footnotes":""},"class_list":["post-4079","page","type-page","status-publish","hentry"],"yoast_head":"<!-- This site is optimized with the Yoast SEO plugin v26.9 - https:\/\/yoast.com\/product\/yoast-seo-wordpress\/ -->\n<title>Z\u0142o\u017cenie oficjalnego wniosku o eTA Kanada<\/title>\n<meta name=\"description\" content=\"Z\u0142\u00f3\u017c wniosek o oficjalne AVE Canada na stronie rz\u0105du kanadyjskiego lub na bezpiecznej, niezale\u017cnej stronie internetowej.\" \/>\n<meta name=\"robots\" content=\"index, follow, max-snippet:-1, max-image-preview:large, max-video-preview:-1\" \/>\n<link rel=\"canonical\" href=\"https:\/\/ave-eta-canada.com\/pl\/zloz-oficjalny-wniosek-eta-do-kanady\/\" \/>\n<meta property=\"og:locale\" content=\"pl_PL\" \/>\n<meta property=\"og:type\" content=\"article\" \/>\n<meta property=\"og:title\" content=\"Z\u0142o\u017cenie oficjalnego wniosku o eTA Kanada\" \/>\n<meta property=\"og:description\" content=\"Z\u0142\u00f3\u017c wniosek o oficjalne AVE Canada na stronie rz\u0105du kanadyjskiego lub na bezpiecznej, niezale\u017cnej stronie internetowej.\" \/>\n<meta property=\"og:url\" content=\"https:\/\/ave-eta-canada.com\/pl\/zloz-oficjalny-wniosek-eta-do-kanady\/\" \/>\n<meta property=\"og:site_name\" content=\"VISA CANADA\" \/>\n<meta property=\"article:modified_time\" content=\"2023-05-09T06:35:04+00:00\" \/>\n<meta name=\"twitter:card\" content=\"summary_large_image\" \/>\n<meta name=\"twitter:label1\" content=\"Szacowany czas czytania\" \/>\n\t<meta name=\"twitter:data1\" content=\"2 minuty\" \/>\n<script type=\"application\/ld+json\" class=\"yoast-schema-graph\">{\"@context\":\"https:\/\/schema.org\",\"@graph\":[{\"@type\":\"WebPage\",\"@id\":\"https:\/\/ave-eta-canada.com\/pl\/zloz-oficjalny-wniosek-eta-do-kanady\/\",\"url\":\"https:\/\/ave-eta-canada.com\/pl\/zloz-oficjalny-wniosek-eta-do-kanady\/\",\"name\":\"Z\u0142o\u017cenie oficjalnego wniosku o eTA Kanada\",\"isPartOf\":{\"@id\":\"https:\/\/ave-eta-canada.com\/pl\/#website\"},\"datePublished\":\"2023-04-18T14:41:27+00:00\",\"dateModified\":\"2023-05-09T06:35:04+00:00\",\"description\":\"Z\u0142\u00f3\u017c wniosek o oficjalne AVE Canada na stronie rz\u0105du kanadyjskiego lub na bezpiecznej, niezale\u017cnej stronie internetowej.\",\"breadcrumb\":{\"@id\":\"https:\/\/ave-eta-canada.com\/pl\/zloz-oficjalny-wniosek-eta-do-kanady\/#breadcrumb\"},\"inLanguage\":\"pl-PL\",\"potentialAction\":[{\"@type\":\"ReadAction\",\"target\":[\"https:\/\/ave-eta-canada.com\/pl\/zloz-oficjalny-wniosek-eta-do-kanady\/\"]}]},{\"@type\":\"BreadcrumbList\",\"@id\":\"https:\/\/ave-eta-canada.com\/pl\/zloz-oficjalny-wniosek-eta-do-kanady\/#breadcrumb\",\"itemListElement\":[{\"@type\":\"ListItem\",\"position\":1,\"name\":\"Home\",\"item\":\"https:\/\/ave-eta-canada.com\/pl\/\"},{\"@type\":\"ListItem\",\"position\":2,\"name\":\"Z\u0142o\u017cenie oficjalnego wniosku o eTA Kanada\"}]},{\"@type\":\"WebSite\",\"@id\":\"https:\/\/ave-eta-canada.com\/pl\/#website\",\"url\":\"https:\/\/ave-eta-canada.com\/pl\/\",\"name\":\"VISA CANADA\",\"description\":\"Autorisation Voyage Electronique\",\"potentialAction\":[{\"@type\":\"SearchAction\",\"target\":{\"@type\":\"EntryPoint\",\"urlTemplate\":\"https:\/\/ave-eta-canada.com\/pl\/?s={search_term_string}\"},\"query-input\":{\"@type\":\"PropertyValueSpecification\",\"valueRequired\":true,\"valueName\":\"search_term_string\"}}],\"inLanguage\":\"pl-PL\"}]}<\/script>\n<!-- \/ Yoast SEO plugin. -->","yoast_head_json":{"title":"Z\u0142o\u017cenie oficjalnego wniosku o eTA Kanada","description":"Z\u0142\u00f3\u017c wniosek o oficjalne AVE Canada na stronie rz\u0105du kanadyjskiego lub na bezpiecznej, niezale\u017cnej stronie internetowej.","robots":{"index":"index","follow":"follow","max-snippet":"max-snippet:-1","max-image-preview":"max-image-preview:large","max-video-preview":"max-video-preview:-1"},"canonical":"https:\/\/ave-eta-canada.com\/pl\/zloz-oficjalny-wniosek-eta-do-kanady\/","og_locale":"pl_PL","og_type":"article","og_title":"Z\u0142o\u017cenie oficjalnego wniosku o eTA Kanada","og_description":"Z\u0142\u00f3\u017c wniosek o oficjalne AVE Canada na stronie rz\u0105du kanadyjskiego lub na bezpiecznej, niezale\u017cnej stronie internetowej.","og_url":"https:\/\/ave-eta-canada.com\/pl\/zloz-oficjalny-wniosek-eta-do-kanady\/","og_site_name":"VISA CANADA","article_modified_time":"2023-05-09T06:35:04+00:00","twitter_card":"summary_large_image","twitter_misc":{"Szacowany czas czytania":"2 minuty"},"schema":{"@context":"https:\/\/schema.org","@graph":[{"@type":"WebPage","@id":"https:\/\/ave-eta-canada.com\/pl\/zloz-oficjalny-wniosek-eta-do-kanady\/","url":"https:\/\/ave-eta-canada.com\/pl\/zloz-oficjalny-wniosek-eta-do-kanady\/","name":"Z\u0142o\u017cenie oficjalnego wniosku o eTA Kanada","isPartOf":{"@id":"https:\/\/ave-eta-canada.com\/pl\/#website"},"datePublished":"2023-04-18T14:41:27+00:00","dateModified":"2023-05-09T06:35:04+00:00","description":"Z\u0142\u00f3\u017c wniosek o oficjalne AVE Canada na stronie rz\u0105du kanadyjskiego lub na bezpiecznej, niezale\u017cnej stronie internetowej.","breadcrumb":{"@id":"https:\/\/ave-eta-canada.com\/pl\/zloz-oficjalny-wniosek-eta-do-kanady\/#breadcrumb"},"inLanguage":"pl-PL","potentialAction":[{"@type":"ReadAction","target":["https:\/\/ave-eta-canada.com\/pl\/zloz-oficjalny-wniosek-eta-do-kanady\/"]}]},{"@type":"BreadcrumbList","@id":"https:\/\/ave-eta-canada.com\/pl\/zloz-oficjalny-wniosek-eta-do-kanady\/#breadcrumb","itemListElement":[{"@type":"ListItem","position":1,"name":"Home","item":"https:\/\/ave-eta-canada.com\/pl\/"},{"@type":"ListItem","position":2,"name":"Z\u0142o\u017cenie oficjalnego wniosku o eTA Kanada"}]},{"@type":"WebSite","@id":"https:\/\/ave-eta-canada.com\/pl\/#website","url":"https:\/\/ave-eta-canada.com\/pl\/","name":"VISA CANADA","description":"Autorisation Voyage Electronique","potentialAction":[{"@type":"SearchAction","target":{"@type":"EntryPoint","urlTemplate":"https:\/\/ave-eta-canada.com\/pl\/?s={search_term_string}"},"query-input":{"@type":"PropertyValueSpecification","valueRequired":true,"valueName":"search_term_string"}}],"inLanguage":"pl-PL"}]}},"_links":{"self":[{"href":"https:\/\/ave-eta-canada.com\/pl\/wp-json\/wp\/v2\/pages\/4079","targetHints":{"allow":["GET"]}}],"collection":[{"href":"https:\/\/ave-eta-canada.com\/pl\/wp-json\/wp\/v2\/pages"}],"about":[{"href":"https:\/\/ave-eta-canada.com\/pl\/wp-json\/wp\/v2\/types\/page"}],"author":[{"embeddable":true,"href":"https:\/\/ave-eta-canada.com\/pl\/wp-json\/wp\/v2\/users\/1"}],"replies":[{"embeddable":true,"href":"https:\/\/ave-eta-canada.com\/pl\/wp-json\/wp\/v2\/comments?post=4079"}],"version-history":[{"count":0,"href":"https:\/\/ave-eta-canada.com\/pl\/wp-json\/wp\/v2\/pages\/4079\/revisions"}],"wp:attachment":[{"href":"https:\/\/ave-eta-canada.com\/pl\/wp-json\/wp\/v2\/media?parent=4079"}],"curies":[{"name":"wp","href":"https:\/\/api.w.org\/{rel}","templated":true}]}}