{"id":4087,"date":"2023-04-18T14:41:32","date_gmt":"2023-04-18T14:41:32","guid":{"rendered":"https:\/\/ave-eta-canada.com\/jak-sprawdzic-robaka\/"},"modified":"2023-05-09T06:39:15","modified_gmt":"2023-05-09T06:39:15","slug":"jak-sprawdzic-robaka","status":"publish","type":"page","link":"https:\/\/ave-eta-canada.com\/pl\/jak-sprawdzic-robaka\/","title":{"rendered":"Jak sprawdzi\u0107 eTA?"},"content":{"rendered":"\n<h1 class=\"wp-block-heading\">Jak sprawdzi\u0107 eTA dla Kanady?<\/h1>\n\n<p>Je\u017celi planuj\u0105 Pa\u0144stwo podr\u00f3\u017c do Kanady w najbli\u017cszym czasie, przed wyjazdem nale\u017cy sprawdzi\u0107, czy posiadaj\u0105 Pa\u0144stwo elektroniczne zezwolenie na podr\u00f3\u017c (eTA) do Kanady i czy jest ono nadal wa\u017cne.<\/p>\n\n<p><strong>W przypadku pobytu w Kanadzie kr\u00f3tszego ni\u017c 6 miesi\u0119cy<\/strong>: formalno\u015bci zwi\u0105zanych z wjazdem do Kanady mo\u017cna dope\u0142ni\u0107 bezpo\u015brednio przez Internet, klikaj\u0105c na <a href=\"https:\/\/ave-eta-canada.com\/pl\/eta-kanada-formularz-online\/\">formularz online<\/a>. Nie jest konieczne umawianie si\u0119 na spotkanie w ambasadzie lub konsulacie Kanady.<\/p>\n\n<p>Aby <a href=\"https:\/\/ave-eta-canada.com\/pl\/jak-sprawdzic-status-swojego-wniosku-w-kanadzie\/\">sprawdzi\u0107 swoj\u0105 eTA<\/a> masz dwie mo\u017cliwo\u015bci kontroli: <\/p>\n\n<ul class=\"wp-block-list\"><li>Sprawd\u017a wprowadzone dane, aby upewni\u0107 si\u0119, \u017ce uzyskano upowa\u017cnienie<\/li><li>Sprawd\u017a status eTA po wys\u0142aniu wniosku.<\/li><\/ul>\n\n<p>Aby pom\u00f3c Ci w tym procesie, szczeg\u00f3\u0142owo opisujemy, jak post\u0119powa\u0107 w obu przypadkach.<\/p>\n\n<h2 class=\"wp-block-heading\">Co to jest eTA Kanada?<\/h2>\n\n<p>Przed wyszczeg\u00f3lnieniem sposob\u00f3w sprawdzania EVA przypomnijmy jego definicj\u0119 i warunki, w jakich jest wydawany.<\/p>\n\n<p>eTA, (Electronic Travel Authorization), jest upowa\u017cnieniem do podr\u00f3\u017cy lub tranzytu przez Kanad\u0119. Podobnie jak ESTA dla Stan\u00f3w Zjednoczonych, eTA Kanada ma form\u0119 dokumentu elektronicznego do\u0142\u0105czonego bezpo\u015brednio do paszportu za po\u015brednictwem systemu komputerowego. Raz wydane eTA jest wa\u017cne przez 5 lat od daty wydania. Je\u015bli jednak paszport straci wa\u017cno\u015b\u0107 przed up\u0142ywem tego terminu lub zostanie wymieniony, eTA straci wa\u017cno\u015b\u0107. W okresie swojej wa\u017cno\u015bci pozwala ona r\u00f3wnie\u017c na odwiedzanie Kanady dowoln\u0105 ilo\u015b\u0107 razy, pod warunkiem przestrzegania legalnego czasu pobytu (maksymalnie 6 kolejnych miesi\u0119cy).<\/p>\n\n<h3 class=\"wp-block-heading\">Do kogo odnosi si\u0119 eTA Kanada?<\/h3>\n\n<p>eTA Canada ma zastosowanie do wszystkich obywateli zwolnionych z obowi\u0105zku wizowego, w tym obywateli Francji, podr\u00f3\u017cuj\u0105cych do Kanady drog\u0105 powietrzn\u0105 lub przeje\u017cd\u017caj\u0105cych tranzytem przez kanadyjskie lotnisko. Obecnie obywatele oko\u0142o 50 kraj\u00f3w s\u0105 zwolnieni z obowi\u0105zku wizowego przy podr\u00f3\u017cach do Kanady, w tym kraje Unii Europejskiej i Australia.<\/p>\n\n<p>Nale\u017cy pami\u0119ta\u0107, \u017ce podr\u00f3\u017cni posiadaj\u0105cy wiz\u0119, niezale\u017cnie od tego, czy jest to wiza turystyczna, studencka czy pozwolenie na prac\u0119 wydane przez w\u0142adze konsularne, nie b\u0119d\u0105 musieli ubiega\u0107 si\u0119 o eTA.<\/p>\n\n<h3 class=\"wp-block-heading\">Wymagania dotycz\u0105ce uzyskania eTA<\/h3>\n\n<p>Przed zam\u00f3wieniem eTA Kanada nale\u017cy pami\u0119ta\u0107, \u017ce obowi\u0105zuj\u0105 pewne warunki, w tym<\/p>\n\n<ul class=\"wp-block-list\"><li>posiada\u0107 wa\u017cny paszport biometryczny (preferowany);<\/li><li>pow\u00f3d wyjazdu musi by\u0107 turystyczny lub zawodowy (podr\u00f3\u017ce s\u0142u\u017cbowe);<\/li><li>podr\u00f3\u017c samolotem ;<\/li><li>nie przebywa\u0107 d\u0142u\u017cej ni\u017c przez sze\u015b\u0107 kolejnych miesi\u0119cy.<\/li><\/ul>\n\n<h3 class=\"wp-block-heading\">Jak ubiega\u0107 si\u0119 o eTA?<\/h3>\n\n<p>Ubieganie si\u0119 o eTA dla Kanady jest stosunkowo prostym procesem, je\u015bli zostanie wykonane prawid\u0142owo, masz dwa g\u0142\u00f3wne sposoby, aby to zrobi\u0107:<\/p>\n\n<ul class=\"wp-block-list\"><li>zam\u00f3wi\u0107 eTA bezpo\u015brednio na oficjalnej stronie rz\u0105du kanadyjskiego;<\/li><li>korzysta\u0107 z prywatnych stron internetowych, takich jak nasz partner, w celu zapewnienia us\u0142ugi wsparcia w ca\u0142ym procesie zamawiania eTA.<\/li><\/ul>\n\n<p>Teraz, gdy wiesz ju\u017c wi\u0119cej o upowa\u017cnieniu do pobytu w Kanadzie, przyjrzyjmy si\u0119 g\u0142\u00f3wnym informacjom, kt\u00f3re nale\u017cy sprawdzi\u0107 na eTA, aby zapewni\u0107 jego wa\u017cno\u015b\u0107.<br\/><br\/><\/p>\n\n<h2 class=\"wp-block-heading\">Niezb\u0119dne informacje do sprawdzenia w eTA<\/h2>\n\n<p>Jedn\u0105 z pierwszych czynno\u015bci podczas sprawdzania eTA jest upewnienie si\u0119, \u017ce dane osobowe na dokumencie (nazwisko, imi\u0119 itp.) odpowiadaj\u0105 pod ka\u017cdym wzgl\u0119dem danym w paszporcie. Rzeczywi\u015bcie, wystarczy zwyk\u0142y b\u0142\u0105d pisarski przy wype\u0142nianiu <a href=\"https:\/\/ave-eta-canada.com\/pl\/wypelnienie-formularza-eta-kanady\/\">formularza online <\/a>, aby Twoja eTA zosta\u0142a odrzucona.<\/p>\n\n<p>Jednocze\u015bnie nale\u017cy sprawdzi\u0107, czy numer paszportu na eTA jest taki sam jak na w\u0142asnym paszporcie. Ponownie, je\u015bli jest najmniejszy b\u0142\u0105d, najprawdopodobniej zostaniesz odrzucony.<\/p>\n\n<p>Uwaga: upewnij si\u0119, \u017ce sprawdzi\u0142e\u015b sw\u00f3j adres e-mail, poniewa\u017c w ten spos\u00f3b otrzymasz odpowied\u017a.<\/p>\n\n<h2 class=\"wp-block-heading\">Sprawdzanie stanu eTA<\/h2>\n\n<p>Po aplikacji eTA online, rz\u0105d kanadyjski wysy\u0142a kilka e-maili na adres e-mail wymieniony w formularzu do :<\/p>\n\n<ul class=\"wp-block-list\"><li>aby potwierdzi\u0107 otrzymanie wniosku;<\/li><li>w razie potrzeby za\u017c\u0105da\u0107 aktualizacji informacji lub dostarczy\u0107 dodatkowe informacje;<\/li><li>poinformowa\u0107 o decyzji w sprawie wniosku.<\/li><\/ul>\n\n<p>Ponadto w\u0142adze kanadyjskie udost\u0119pniaj\u0105 narz\u0119dzie do weryfikacji online, dzi\u0119ki kt\u00f3remu mo\u017cna sprawdzi\u0107 status eTA. Ten ostatni przeznaczony jest do dw\u00f3ch rodzaj\u00f3w sytuacji:<\/p>\n\n<ul class=\"wp-block-list\"><li>podr\u00f3\u017cny z\u0142o\u017cy\u0142 nowy wniosek, chce sprawdzi\u0107 status zezwolenia;<\/li><li>podr\u00f3\u017cny ma ju\u017c eTA, ale chce si\u0119 upewni\u0107, \u017ce jest on nadal wa\u017cny lub po prostu go znale\u017a\u0107.<\/li><\/ul>\n\n<p>Aby sprawdzi\u0107 status eTA za pomoc\u0105 tego narz\u0119dzia, wystarczy paszport i numer wniosku podany w wiadomo\u015bci e-mail z potwierdzeniem. Wymagane informacje o paszporcie to numer paszportu, kraj wydania, data wydania i data wa\u017cno\u015bci.<\/p>\n\n<p>Je\u015bli oka\u017ce si\u0119, \u017ce po tym jak  <a href=\"https:\/\/ave-eta-canada.com\/pl\/jak-sprawdzic-status-swojego-wniosku-w-kanadzie\/\">sprawdzi\u0107 status swojego eTA,<\/a>  wniosek zostanie odrzucony, konieczne b\u0119dzie ubieganie si\u0119 o wiz\u0119 w Ambasadzie Kanady, je\u015bli nie mo\u017cna spe\u0142ni\u0107 wymog\u00f3w kwalifikacyjnych lub z\u0142o\u017cenie nowego wniosku, je\u015bli odmowa wynika z b\u0142\u0119du przy wprowadzaniu danych.<\/p>\n\n<p>Po przej\u015bciu wszystkich kontroli i upewnieniu si\u0119, \u017ce <a href=\"https:\/\/ave-eta-canada.com\/pl\/jak-sprawdzic-robaka\/\">Tw\u00f3j eTA jest wa\u017cny,<\/a> jeste\u015b oficjalnie uprawniony do podr\u00f3\u017cy do Kraju Klon\u00f3w.<\/p>\n\n<p>Uwaga: nawet je\u015bli sprawdzi\u0142e\u015b, \u017ce Tw\u00f3j eTA jest poprawny, nie gwarantuje to dost\u0119pu do terytorium. Po przybyciu na lotnisko zostaniesz poddany kontroli celnej przez funkcjonariusza s\u0142u\u017cb granicznych, kt\u00f3ry jest jedyn\u0105 osob\u0105 uprawnion\u0105 do oceny, czy masz prawo do pobytu w Kanadzie lub przejazdu przez ni\u0105.<\/p>\n\n<p>Uwaga: je\u015bli <a href=\"https:\/\/ave-eta-canada.com\/pl\/jak-znalezc-zagubiona-eta-kanada\/\">zgubi\u0142e\u015b swoje eTA<\/a>Kanada, procedura wyszukiwania mo\u017ce by\u0107 r\u00f3wnie\u017c wykonane na oficjalnej stronie internetowej rz\u0105du kanadyjskiego. <\/p>\n","protected":false},"excerpt":{"rendered":"<p>Jak sprawdzi\u0107 eTA dla Kanady? Je\u017celi planuj\u0105 Pa\u0144stwo podr\u00f3\u017c do Kanady w najbli\u017cszym czasie, przed wyjazdem nale\u017cy sprawdzi\u0107, czy posiadaj\u0105 Pa\u0144stwo elektroniczne zezwolenie na podr\u00f3\u017c (eTA) do Kanady i czy jest ono nadal wa\u017cne. W przypadku pobytu w Kanadzie kr\u00f3tszego ni\u017c 6 miesi\u0119cy: formalno\u015bci zwi\u0105zanych z wjazdem do Kanady mo\u017cna dope\u0142ni\u0107 bezpo\u015brednio przez Internet, klikaj\u0105c [&hellip;]<\/p>\n","protected":false},"author":1,"featured_media":0,"parent":0,"menu_order":0,"comment_status":"closed","ping_status":"closed","template":"","meta":{"footnotes":""},"class_list":["post-4087","page","type-page","status-publish","hentry"],"yoast_head":"<!-- This site is optimized with the Yoast SEO plugin v26.9 - https:\/\/yoast.com\/product\/yoast-seo-wordpress\/ -->\n<title>Jak sprawdzi\u0107 eTA?<\/title>\n<meta name=\"description\" content=\"Przed wyjazdem do Kanady nale\u017cy sprawdzi\u0107, czy eTA jest wa\u017cna. Dowiedz si\u0119, jak to zrobi\u0107 w prosty spos\u00f3b.\" \/>\n<meta name=\"robots\" content=\"index, follow, max-snippet:-1, max-image-preview:large, max-video-preview:-1\" \/>\n<link rel=\"canonical\" href=\"https:\/\/ave-eta-canada.com\/pl\/jak-sprawdzic-robaka\/\" \/>\n<meta property=\"og:locale\" content=\"pl_PL\" \/>\n<meta property=\"og:type\" content=\"article\" \/>\n<meta property=\"og:title\" content=\"Jak sprawdzi\u0107 eTA?\" \/>\n<meta property=\"og:description\" content=\"Przed wyjazdem do Kanady nale\u017cy sprawdzi\u0107, czy eTA jest wa\u017cna. Dowiedz si\u0119, jak to zrobi\u0107 w prosty spos\u00f3b.\" \/>\n<meta property=\"og:url\" content=\"https:\/\/ave-eta-canada.com\/pl\/jak-sprawdzic-robaka\/\" \/>\n<meta property=\"og:site_name\" content=\"VISA CANADA\" \/>\n<meta property=\"article:modified_time\" content=\"2023-05-09T06:39:15+00:00\" \/>\n<meta name=\"twitter:card\" content=\"summary_large_image\" \/>\n<meta name=\"twitter:label1\" content=\"Szacowany czas czytania\" \/>\n\t<meta name=\"twitter:data1\" content=\"4 minuty\" \/>\n<script type=\"application\/ld+json\" class=\"yoast-schema-graph\">{\"@context\":\"https:\/\/schema.org\",\"@graph\":[{\"@type\":\"WebPage\",\"@id\":\"https:\/\/ave-eta-canada.com\/pl\/jak-sprawdzic-robaka\/\",\"url\":\"https:\/\/ave-eta-canada.com\/pl\/jak-sprawdzic-robaka\/\",\"name\":\"Jak sprawdzi\u0107 eTA?\",\"isPartOf\":{\"@id\":\"https:\/\/ave-eta-canada.com\/pl\/#website\"},\"datePublished\":\"2023-04-18T14:41:32+00:00\",\"dateModified\":\"2023-05-09T06:39:15+00:00\",\"description\":\"Przed wyjazdem do Kanady nale\u017cy sprawdzi\u0107, czy eTA jest wa\u017cna. Dowiedz si\u0119, jak to zrobi\u0107 w prosty spos\u00f3b.\",\"breadcrumb\":{\"@id\":\"https:\/\/ave-eta-canada.com\/pl\/jak-sprawdzic-robaka\/#breadcrumb\"},\"inLanguage\":\"pl-PL\",\"potentialAction\":[{\"@type\":\"ReadAction\",\"target\":[\"https:\/\/ave-eta-canada.com\/pl\/jak-sprawdzic-robaka\/\"]}]},{\"@type\":\"BreadcrumbList\",\"@id\":\"https:\/\/ave-eta-canada.com\/pl\/jak-sprawdzic-robaka\/#breadcrumb\",\"itemListElement\":[{\"@type\":\"ListItem\",\"position\":1,\"name\":\"Home\",\"item\":\"https:\/\/ave-eta-canada.com\/pl\/\"},{\"@type\":\"ListItem\",\"position\":2,\"name\":\"Jak sprawdzi\u0107 eTA?\"}]},{\"@type\":\"WebSite\",\"@id\":\"https:\/\/ave-eta-canada.com\/pl\/#website\",\"url\":\"https:\/\/ave-eta-canada.com\/pl\/\",\"name\":\"VISA CANADA\",\"description\":\"Autorisation Voyage Electronique\",\"potentialAction\":[{\"@type\":\"SearchAction\",\"target\":{\"@type\":\"EntryPoint\",\"urlTemplate\":\"https:\/\/ave-eta-canada.com\/pl\/?s={search_term_string}\"},\"query-input\":{\"@type\":\"PropertyValueSpecification\",\"valueRequired\":true,\"valueName\":\"search_term_string\"}}],\"inLanguage\":\"pl-PL\"}]}<\/script>\n<!-- \/ Yoast SEO plugin. -->","yoast_head_json":{"title":"Jak sprawdzi\u0107 eTA?","description":"Przed wyjazdem do Kanady nale\u017cy sprawdzi\u0107, czy eTA jest wa\u017cna. Dowiedz si\u0119, jak to zrobi\u0107 w prosty spos\u00f3b.","robots":{"index":"index","follow":"follow","max-snippet":"max-snippet:-1","max-image-preview":"max-image-preview:large","max-video-preview":"max-video-preview:-1"},"canonical":"https:\/\/ave-eta-canada.com\/pl\/jak-sprawdzic-robaka\/","og_locale":"pl_PL","og_type":"article","og_title":"Jak sprawdzi\u0107 eTA?","og_description":"Przed wyjazdem do Kanady nale\u017cy sprawdzi\u0107, czy eTA jest wa\u017cna. Dowiedz si\u0119, jak to zrobi\u0107 w prosty spos\u00f3b.","og_url":"https:\/\/ave-eta-canada.com\/pl\/jak-sprawdzic-robaka\/","og_site_name":"VISA CANADA","article_modified_time":"2023-05-09T06:39:15+00:00","twitter_card":"summary_large_image","twitter_misc":{"Szacowany czas czytania":"4 minuty"},"schema":{"@context":"https:\/\/schema.org","@graph":[{"@type":"WebPage","@id":"https:\/\/ave-eta-canada.com\/pl\/jak-sprawdzic-robaka\/","url":"https:\/\/ave-eta-canada.com\/pl\/jak-sprawdzic-robaka\/","name":"Jak sprawdzi\u0107 eTA?","isPartOf":{"@id":"https:\/\/ave-eta-canada.com\/pl\/#website"},"datePublished":"2023-04-18T14:41:32+00:00","dateModified":"2023-05-09T06:39:15+00:00","description":"Przed wyjazdem do Kanady nale\u017cy sprawdzi\u0107, czy eTA jest wa\u017cna. Dowiedz si\u0119, jak to zrobi\u0107 w prosty spos\u00f3b.","breadcrumb":{"@id":"https:\/\/ave-eta-canada.com\/pl\/jak-sprawdzic-robaka\/#breadcrumb"},"inLanguage":"pl-PL","potentialAction":[{"@type":"ReadAction","target":["https:\/\/ave-eta-canada.com\/pl\/jak-sprawdzic-robaka\/"]}]},{"@type":"BreadcrumbList","@id":"https:\/\/ave-eta-canada.com\/pl\/jak-sprawdzic-robaka\/#breadcrumb","itemListElement":[{"@type":"ListItem","position":1,"name":"Home","item":"https:\/\/ave-eta-canada.com\/pl\/"},{"@type":"ListItem","position":2,"name":"Jak sprawdzi\u0107 eTA?"}]},{"@type":"WebSite","@id":"https:\/\/ave-eta-canada.com\/pl\/#website","url":"https:\/\/ave-eta-canada.com\/pl\/","name":"VISA CANADA","description":"Autorisation Voyage Electronique","potentialAction":[{"@type":"SearchAction","target":{"@type":"EntryPoint","urlTemplate":"https:\/\/ave-eta-canada.com\/pl\/?s={search_term_string}"},"query-input":{"@type":"PropertyValueSpecification","valueRequired":true,"valueName":"search_term_string"}}],"inLanguage":"pl-PL"}]}},"_links":{"self":[{"href":"https:\/\/ave-eta-canada.com\/pl\/wp-json\/wp\/v2\/pages\/4087","targetHints":{"allow":["GET"]}}],"collection":[{"href":"https:\/\/ave-eta-canada.com\/pl\/wp-json\/wp\/v2\/pages"}],"about":[{"href":"https:\/\/ave-eta-canada.com\/pl\/wp-json\/wp\/v2\/types\/page"}],"author":[{"embeddable":true,"href":"https:\/\/ave-eta-canada.com\/pl\/wp-json\/wp\/v2\/users\/1"}],"replies":[{"embeddable":true,"href":"https:\/\/ave-eta-canada.com\/pl\/wp-json\/wp\/v2\/comments?post=4087"}],"version-history":[{"count":0,"href":"https:\/\/ave-eta-canada.com\/pl\/wp-json\/wp\/v2\/pages\/4087\/revisions"}],"wp:attachment":[{"href":"https:\/\/ave-eta-canada.com\/pl\/wp-json\/wp\/v2\/media?parent=4087"}],"curies":[{"name":"wp","href":"https:\/\/api.w.org\/{rel}","templated":true}]}}