{"id":4089,"date":"2023-04-18T14:41:32","date_gmt":"2023-04-18T14:41:32","guid":{"rendered":"https:\/\/ave-eta-canada.com\/ave-canada-validity-duration\/"},"modified":"2023-05-09T08:12:37","modified_gmt":"2023-05-09T08:12:37","slug":"okres-waznosci-eta-kanada-2","status":"publish","type":"page","link":"https:\/\/ave-eta-canada.com\/pl\/okres-waznosci-eta-kanada-2\/","title":{"rendered":"eTA Kanada: okres wa\u017cno\u015bci"},"content":{"rendered":"\n<h1 class=\"wp-block-heading\">Jak d\u0142ugo obowi\u0105zuje eTA kanada?<\/h1>\n\n<p>Zwiedzanie Kanady to Twoje marzenie, Vancouver, Quebec City, G\u00f3ry Skaliste, wodospad Niagara, Ottawa i Toronto s\u0105 na wyci\u0105gni\u0119cie r\u0119ki. Je\u015bli chcesz wyjecha\u0107 do Kanady w celach turystycznych, musisz wcze\u015bniej uzyska\u0107 elektroniczne zezwolenie na podr\u00f3\u017c.<\/p>\n\n<p><strong>W przypadku pobytu w Kanadzie kr\u00f3tszego ni\u017c 6 miesi\u0119cy<\/strong>: formalno\u015bci zwi\u0105zanych z wjazdem do Kanady mo\u017cna dope\u0142ni\u0107 bezpo\u015brednio przez Internet, klikaj\u0105c na <a href=\"https:\/\/ave-eta-canada.com\/pl\/eta-kanada-formularz-online\/\">formularz online<\/a>. Nie jest konieczne umawianie si\u0119 na spotkanie w ambasadzie lub konsulacie Kanady.<\/p>\n\n<p><a href=\"https:\/\/ave-eta-canada.com\/pl\/\">Elektroniczne upowa\u017cnienie do podr\u00f3\u017cy<\/a> wprowadzone przez rz\u0105d Kanady w ramach programu zniesienia wiz. Okres wa\u017cno\u015bci eTA Kanada jest bardzo korzystny i pozwala posiadaczowi na dowoln\u0105 ilo\u015b\u0107 podr\u00f3\u017cy lotniczych do Kanady bez konieczno\u015bci ubiegania si\u0119 o wiz\u0119 w ambasadzie kanadyjskiej. Wiele kraj\u00f3w na ca\u0142ym \u015bwiecie podpisa\u0142o porozumienie z w\u0142adzami Kanady, aby u\u0142atwi\u0107 milionom zagranicznych podr\u00f3\u017cnik\u00f3w odwiedzenie Kanady.<\/p>\n\n<p>Upowa\u017cnienie eTA nie pozwala na emigracj\u0119 do Kanady, podj\u0119cie studi\u00f3w, sta\u017cu lub pracy, ani nie daje prawa do obywatelstwa kanadyjskiego. Jest to cz\u0119\u015b\u0107 wyjazdu turystycznego lub tranzytowego.<\/p>\n\n<p>Jak d\u0142ugo obowi\u0105zuje eTA Kanada? Jak d\u0142ugo mog\u0119 przebywa\u0107 w Kanadzie? Tego w\u0142a\u015bnie dowiemy si\u0119 w tym artykule.<br\/><br\/><\/p>\n\n<h2 class=\"wp-block-heading\">Jak uzyska\u0107 eTA Kanada? Jak d\u0142ugo jest wa\u017cny?<\/h2>\n\n<p><a href=\"https:\/\/ave-eta-canada.com\/pl\/czym-jest-eta-na-podroz-do-kanady\/\">eTA Kanada<\/a> to elektroniczne zezwolenie na podr\u00f3\u017c, kt\u00f3re pozwala obywatelom niekt\u00f3rych kraj\u00f3w na podr\u00f3\u017cowanie do Kanady bez wizy. Kanadyjska eTA jest wa\u017cna na inny okres ni\u017c wiza i nie sk\u0142ada si\u0119 o ni\u0105 wniosku w Ambasadzie Kanady lub Konsulacie Generalnym, ale na oficjalnej stronie internetowej rz\u0105du kanadyjskiego.<\/p>\n\n<p>Aby ubiega\u0107 si\u0119 o eTa Kanada, nale\u017cy wype\u0142ni\u0107 <a href=\"https:\/\/ave-eta-canada.com\/pl\/wypelnienie-formularza-eta-kanady\/\">formularz eTA<\/a>. Ten ostatni sk\u0142ada si\u0119 z r\u00f3\u017cnych pyta\u0144 dotycz\u0105cych Ciebie, Twojej pracy, danych z paszportu lub Twojego stanu zdrowia (np. pytania o gru\u017alic\u0119). Nie zapomnij zabra\u0107 ze sob\u0105 paszportu (zostaniesz poproszony o jego numer) oraz karty kredytowej w celu dokonania p\u0142atno\u015bci. <a href=\"https:\/\/ave-eta-canada.com\/pl\/eta-kanada-jego-cena\/\">Koszt eTA wynosi 7$ CAN<\/a> (dolar\u00f3w kanadyjskich), kt\u00f3re nale\u017cy zap\u0142aci\u0107 bezpo\u015brednio w momencie sk\u0142adania wniosku.<\/p>\n\n<p>Wa\u017cno\u015b\u0107 eTA Kanada jest bezpo\u015brednio zwi\u0105zana z wa\u017cno\u015bci\u0105 Pa\u0144stwa dokumentu podr\u00f3\u017cy (paszportu biometrycznego lub paszportu elektronicznego): oznacza to, \u017ce w przypadku konieczno\u015bci jego przed\u0142u\u017cenia, b\u0119d\u0105 Pa\u0144stwo musieli wyst\u0105pi\u0107 o now\u0105 eTA Kanada.<\/p>\n\n<p>Warto wiedzie\u0107, \u017ce istniej\u0105 niezale\u017cne strony, takie jak ta naszego partnera, kt\u00f3re oferuj\u0105 sprawdzenie informacji przed wys\u0142aniem formularza eTA. Decyduj\u0105c si\u0119 na to rozwi\u0105zanie, zmniejszasz ryzyko odmowy (i konieczno\u015bci ponownego zap\u0142acenia za nowy wniosek), poniewa\u017c zesp\u00f3\u0142 profesjonalist\u00f3w zapewnia, \u017ce wprowadzone informacje s\u0105 poprawne (prawid\u0142owy numer paszportu, brak b\u0142\u0119d\u00f3w lub liter\u00f3wek itp.).<br\/><br\/><\/p>\n\n<h2 class=\"wp-block-heading\">Okres wa\u017cno\u015bci eTA Kanada i d\u0142ugo\u015b\u0107 pobytu<\/h2>\n\n<p><a href=\"https:\/\/ave-eta-canada.com\/pl\/okres-waznosci-eta-kanada\/\">eTA Kanada jestwa\u017cna<\/a> przez d\u0142ugi okres czasu, dzi\u0119ki czemu mo\u017cna cieszy\u0107 si\u0119 krajem. Raz uzyskany certyfikat eTA Kanada jest wa\u017cny przez pi\u0119\u0107 lat.<\/p>\n\n<p>W tym okresie dozwolonych jest kilka wyjazd\u00f3w do Kanady. <a href=\"https:\/\/ave-eta-canada.com\/pl\/\">Zezwolenie eTA<\/a> pozwala na pobyt trwaj\u0105cy p\u00f3\u0142 roku, przy czym czas pobytu zatwierdzony przez eTA Kanada wynosi maksymalnie sze\u015b\u0107 miesi\u0119cy na jeden pobyt.<\/p>\n\n<p>Nale\u017cy pami\u0119ta\u0107, \u017ce w przeciwie\u0144stwie do wizy kanadyjskiej (work permit, study permit) lub WHP, uzyskanie eTA nie daje prawa do pracy, nauki lub odbycia sta\u017cu na terytorium Kanady. Nie daje on w og\u00f3le statusu sta\u0142ego mieszka\u0144ca i nie nale\u017cy go myli\u0107 z kart\u0105 pobytu.<\/p>\n\n<p>Zaleca si\u0119 z\u0142o\u017cenie wniosku o wydanie eTA z du\u017cym wyprzedzeniem przed podr\u00f3\u017c\u0105, aby unikn\u0105\u0107 ewentualnej odmowy.<\/p>\n\n<p>Nie wahaj si\u0119 skontaktowa\u0107 z naszym zespo\u0142em, je\u015bli masz jakiekolwiek pytania dotycz\u0105ce wa\u017cno\u015bci eTA Kanada, aby przygotowa\u0107 swoj\u0105 podr\u00f3\u017c do Kanady. Mi\u0142ej podr\u00f3\u017cy !<\/p>\n","protected":false},"excerpt":{"rendered":"<p>Jak d\u0142ugo obowi\u0105zuje eTA kanada? Zwiedzanie Kanady to Twoje marzenie, Vancouver, Quebec City, G\u00f3ry Skaliste, wodospad Niagara, Ottawa i Toronto s\u0105 na wyci\u0105gni\u0119cie r\u0119ki. Je\u015bli chcesz wyjecha\u0107 do Kanady w celach turystycznych, musisz wcze\u015bniej uzyska\u0107 elektroniczne zezwolenie na podr\u00f3\u017c. W przypadku pobytu w Kanadzie kr\u00f3tszego ni\u017c 6 miesi\u0119cy: formalno\u015bci zwi\u0105zanych z wjazdem do Kanady mo\u017cna [&hellip;]<\/p>\n","protected":false},"author":1,"featured_media":0,"parent":0,"menu_order":0,"comment_status":"closed","ping_status":"closed","template":"","meta":{"footnotes":""},"class_list":["post-4089","page","type-page","status-publish","hentry"],"yoast_head":"<!-- This site is optimized with the Yoast SEO plugin v26.9 - https:\/\/yoast.com\/product\/yoast-seo-wordpress\/ -->\n<title>eTA Kanada: okres wa\u017cno\u015bci<\/title>\n<meta name=\"description\" content=\"eTA Kanada to elektroniczne upowa\u017cnienie do podr\u00f3\u017cy, kt\u00f3re pozwala posiadaczowi na podr\u00f3\u017cowanie do Kanady bez wizy. Jak d\u0142ugo jest wa\u017cny?\" \/>\n<meta name=\"robots\" content=\"index, follow, max-snippet:-1, max-image-preview:large, max-video-preview:-1\" \/>\n<link rel=\"canonical\" href=\"https:\/\/ave-eta-canada.com\/pl\/okres-waznosci-eta-kanada-2\/\" \/>\n<meta property=\"og:locale\" content=\"pl_PL\" \/>\n<meta property=\"og:type\" content=\"article\" \/>\n<meta property=\"og:title\" content=\"eTA Kanada: okres wa\u017cno\u015bci\" \/>\n<meta property=\"og:description\" content=\"eTA Kanada to elektroniczne upowa\u017cnienie do podr\u00f3\u017cy, kt\u00f3re pozwala posiadaczowi na podr\u00f3\u017cowanie do Kanady bez wizy. Jak d\u0142ugo jest wa\u017cny?\" \/>\n<meta property=\"og:url\" content=\"https:\/\/ave-eta-canada.com\/pl\/okres-waznosci-eta-kanada-2\/\" \/>\n<meta property=\"og:site_name\" content=\"VISA CANADA\" \/>\n<meta property=\"article:modified_time\" content=\"2023-05-09T08:12:37+00:00\" \/>\n<meta name=\"twitter:card\" content=\"summary_large_image\" \/>\n<meta name=\"twitter:label1\" content=\"Szacowany czas czytania\" \/>\n\t<meta name=\"twitter:data1\" content=\"3 minuty\" \/>\n<script type=\"application\/ld+json\" class=\"yoast-schema-graph\">{\"@context\":\"https:\/\/schema.org\",\"@graph\":[{\"@type\":\"WebPage\",\"@id\":\"https:\/\/ave-eta-canada.com\/pl\/okres-waznosci-eta-kanada-2\/\",\"url\":\"https:\/\/ave-eta-canada.com\/pl\/okres-waznosci-eta-kanada-2\/\",\"name\":\"eTA Kanada: okres wa\u017cno\u015bci\",\"isPartOf\":{\"@id\":\"https:\/\/ave-eta-canada.com\/pl\/#website\"},\"datePublished\":\"2023-04-18T14:41:32+00:00\",\"dateModified\":\"2023-05-09T08:12:37+00:00\",\"description\":\"eTA Kanada to elektroniczne upowa\u017cnienie do podr\u00f3\u017cy, kt\u00f3re pozwala posiadaczowi na podr\u00f3\u017cowanie do Kanady bez wizy. Jak d\u0142ugo jest wa\u017cny?\",\"breadcrumb\":{\"@id\":\"https:\/\/ave-eta-canada.com\/pl\/okres-waznosci-eta-kanada-2\/#breadcrumb\"},\"inLanguage\":\"pl-PL\",\"potentialAction\":[{\"@type\":\"ReadAction\",\"target\":[\"https:\/\/ave-eta-canada.com\/pl\/okres-waznosci-eta-kanada-2\/\"]}]},{\"@type\":\"BreadcrumbList\",\"@id\":\"https:\/\/ave-eta-canada.com\/pl\/okres-waznosci-eta-kanada-2\/#breadcrumb\",\"itemListElement\":[{\"@type\":\"ListItem\",\"position\":1,\"name\":\"Home\",\"item\":\"https:\/\/ave-eta-canada.com\/pl\/\"},{\"@type\":\"ListItem\",\"position\":2,\"name\":\"eTA Kanada: okres wa\u017cno\u015bci\"}]},{\"@type\":\"WebSite\",\"@id\":\"https:\/\/ave-eta-canada.com\/pl\/#website\",\"url\":\"https:\/\/ave-eta-canada.com\/pl\/\",\"name\":\"VISA CANADA\",\"description\":\"Autorisation Voyage Electronique\",\"potentialAction\":[{\"@type\":\"SearchAction\",\"target\":{\"@type\":\"EntryPoint\",\"urlTemplate\":\"https:\/\/ave-eta-canada.com\/pl\/?s={search_term_string}\"},\"query-input\":{\"@type\":\"PropertyValueSpecification\",\"valueRequired\":true,\"valueName\":\"search_term_string\"}}],\"inLanguage\":\"pl-PL\"}]}<\/script>\n<!-- \/ Yoast SEO plugin. -->","yoast_head_json":{"title":"eTA Kanada: okres wa\u017cno\u015bci","description":"eTA Kanada to elektroniczne upowa\u017cnienie do podr\u00f3\u017cy, kt\u00f3re pozwala posiadaczowi na podr\u00f3\u017cowanie do Kanady bez wizy. Jak d\u0142ugo jest wa\u017cny?","robots":{"index":"index","follow":"follow","max-snippet":"max-snippet:-1","max-image-preview":"max-image-preview:large","max-video-preview":"max-video-preview:-1"},"canonical":"https:\/\/ave-eta-canada.com\/pl\/okres-waznosci-eta-kanada-2\/","og_locale":"pl_PL","og_type":"article","og_title":"eTA Kanada: okres wa\u017cno\u015bci","og_description":"eTA Kanada to elektroniczne upowa\u017cnienie do podr\u00f3\u017cy, kt\u00f3re pozwala posiadaczowi na podr\u00f3\u017cowanie do Kanady bez wizy. Jak d\u0142ugo jest wa\u017cny?","og_url":"https:\/\/ave-eta-canada.com\/pl\/okres-waznosci-eta-kanada-2\/","og_site_name":"VISA CANADA","article_modified_time":"2023-05-09T08:12:37+00:00","twitter_card":"summary_large_image","twitter_misc":{"Szacowany czas czytania":"3 minuty"},"schema":{"@context":"https:\/\/schema.org","@graph":[{"@type":"WebPage","@id":"https:\/\/ave-eta-canada.com\/pl\/okres-waznosci-eta-kanada-2\/","url":"https:\/\/ave-eta-canada.com\/pl\/okres-waznosci-eta-kanada-2\/","name":"eTA Kanada: okres wa\u017cno\u015bci","isPartOf":{"@id":"https:\/\/ave-eta-canada.com\/pl\/#website"},"datePublished":"2023-04-18T14:41:32+00:00","dateModified":"2023-05-09T08:12:37+00:00","description":"eTA Kanada to elektroniczne upowa\u017cnienie do podr\u00f3\u017cy, kt\u00f3re pozwala posiadaczowi na podr\u00f3\u017cowanie do Kanady bez wizy. Jak d\u0142ugo jest wa\u017cny?","breadcrumb":{"@id":"https:\/\/ave-eta-canada.com\/pl\/okres-waznosci-eta-kanada-2\/#breadcrumb"},"inLanguage":"pl-PL","potentialAction":[{"@type":"ReadAction","target":["https:\/\/ave-eta-canada.com\/pl\/okres-waznosci-eta-kanada-2\/"]}]},{"@type":"BreadcrumbList","@id":"https:\/\/ave-eta-canada.com\/pl\/okres-waznosci-eta-kanada-2\/#breadcrumb","itemListElement":[{"@type":"ListItem","position":1,"name":"Home","item":"https:\/\/ave-eta-canada.com\/pl\/"},{"@type":"ListItem","position":2,"name":"eTA Kanada: okres wa\u017cno\u015bci"}]},{"@type":"WebSite","@id":"https:\/\/ave-eta-canada.com\/pl\/#website","url":"https:\/\/ave-eta-canada.com\/pl\/","name":"VISA CANADA","description":"Autorisation Voyage Electronique","potentialAction":[{"@type":"SearchAction","target":{"@type":"EntryPoint","urlTemplate":"https:\/\/ave-eta-canada.com\/pl\/?s={search_term_string}"},"query-input":{"@type":"PropertyValueSpecification","valueRequired":true,"valueName":"search_term_string"}}],"inLanguage":"pl-PL"}]}},"_links":{"self":[{"href":"https:\/\/ave-eta-canada.com\/pl\/wp-json\/wp\/v2\/pages\/4089","targetHints":{"allow":["GET"]}}],"collection":[{"href":"https:\/\/ave-eta-canada.com\/pl\/wp-json\/wp\/v2\/pages"}],"about":[{"href":"https:\/\/ave-eta-canada.com\/pl\/wp-json\/wp\/v2\/types\/page"}],"author":[{"embeddable":true,"href":"https:\/\/ave-eta-canada.com\/pl\/wp-json\/wp\/v2\/users\/1"}],"replies":[{"embeddable":true,"href":"https:\/\/ave-eta-canada.com\/pl\/wp-json\/wp\/v2\/comments?post=4089"}],"version-history":[{"count":0,"href":"https:\/\/ave-eta-canada.com\/pl\/wp-json\/wp\/v2\/pages\/4089\/revisions"}],"wp:attachment":[{"href":"https:\/\/ave-eta-canada.com\/pl\/wp-json\/wp\/v2\/media?parent=4089"}],"curies":[{"name":"wp","href":"https:\/\/api.w.org\/{rel}","templated":true}]}}