{"id":4111,"date":"2023-04-18T14:41:34","date_gmt":"2023-04-18T14:41:34","guid":{"rendered":"https:\/\/ave-eta-canada.com\/co-robic-gdy-w-kraju-jest-problem\/"},"modified":"2023-05-08T21:19:27","modified_gmt":"2023-05-08T21:19:27","slug":"co-robic-gdy-w-kraju-jest-problem","status":"publish","type":"page","link":"https:\/\/ave-eta-canada.com\/pl\/co-robic-gdy-w-kraju-jest-problem\/","title":{"rendered":"Co zrobi\u0107, gdy w eTA Kanada wyst\u0105pi b\u0142\u0105d?"},"content":{"rendered":"\n<h1 class=\"wp-block-heading\">B\u0142\u0105d na eTA Kanada: co robi\u0107?<\/h1>\n\n<p>Aby podr\u00f3\u017cowa\u0107 do Kanady, rz\u0105d Kanady wymaga od cudzoziemc\u00f3w ubiegania si\u0119 o elektroniczne zezwolenie na podr\u00f3\u017c eTA Aby uzyska\u0107 to pozwolenie na pobyt w Kanadzie, wystarczy wype\u0142ni\u0107 <a href=\"https:\/\/ave-eta-canada.com\/pl\/eta-kanada-formularz-online\/\">formularz online<\/a>. <\/p>\n\n<p>Nie jest konieczne udawanie si\u0119 do ambasady kanadyjskiej, aby ubiega\u0107 si\u0119 o wiz\u0119 kanadyjsk\u0105. Cho\u0107 formalno\u015bci zwi\u0105zane z eTA s\u0105 znacznie prostsze, to proces ten wymaga pewnego rygoru. Je\u015bli pope\u0142nisz b\u0142\u0105d, Tw\u00f3j eTA Kanada mo\u017ce zosta\u0107 odrzucony.<\/p>\n\n<p><a href=\"https:\/\/ave-eta-canada.com\/pl\/\">Formularz eTA <\/a> dzia\u0142a na tej samej zasadzie, co formularz ESTA ustanowiony przez w\u0142adze ameryka\u0144skie dla podr\u00f3\u017cy do Stan\u00f3w Zjednoczonych. Ma on form\u0119 kwestionariusza online, w kt\u00f3rym nale\u017cy poda\u0107 kilka rodzaj\u00f3w informacji, w tym informacje dotycz\u0105ce to\u017csamo\u015bci i paszportu. Wpisane dane musz\u0105 dok\u0142adnie odpowiada\u0107 danym w paszporcie. Wystarczy jeden b\u0142\u0105d na eTA Kanada, aby anulowa\u0107 swoj\u0105 aplikacj\u0119.<\/p>\n\n<p>Przyjrzyjmy si\u0119 procedurze, jak\u0105 nale\u017cy zastosowa\u0107 w przypadku pope\u0142nienia b\u0142\u0119du podczas ubiegania si\u0119 o pozwolenie na pobyt w Kanadzie.<br\/><br\/><\/p>\n\n<h2 class=\"wp-block-heading\">B\u0142\u0105d na eTA Kanada: przed czy po wys\u0142aniu aplikacji?<\/h2>\n\n<p>Dla przypomnienia, eTA Kanada jest przeznaczona dla obywateli kraj\u00f3w, kt\u00f3re s\u0105 cz\u0142onkami Canadian Visa Waiver Program. Wydawana jest w ramach pobytu turystycznego, tranzytu lub podr\u00f3\u017cy s\u0142u\u017cbowej trwaj\u0105cej kr\u00f3cej ni\u017c sze\u015b\u0107 miesi\u0119cy drog\u0105 lotnicz\u0105. W przeciwie\u0144stwie do wizy, uzyskanie eTA odbywa si\u0119 zdalnie i wymaga jedynie posiadania wa\u017cnego paszportu.<\/p>\n\n<p>Agencja zarz\u0105dzaj\u0105ca wydawaniem eTA Kanada, IRCC (Immigration, Refugees and Citizenship Canada), dba o dok\u0142adn\u0105 weryfikacj\u0119 informacji podanych w aplikacji online. W zwi\u0105zku z tym, je\u017celi systemy komputerowe odkryj\u0105, \u017ce wnioskodawca poda\u0142 fa\u0142szywe informacje lub pope\u0142ni\u0142 b\u0142\u0105d podczas wpisywania <a href=\"https:\/\/ave-eta-canada.com\/pl\/wypelnienie-formularza-eta-kanady\/\">formularza eTA<\/a> Kanada, wniosek najprawdopodobniej zostanie anulowany.<\/p>\n\n<h3 class=\"wp-block-heading\">B\u0142\u0105d przed dokonaniem p\u0142atno\u015bci online<\/h3>\n\n<p>Niezale\u017cnie od tego, czy ubiegasz si\u0119 o zezwolenie na pobyt czasowy na stronie rz\u0105du kanadyjskiego, czy na stronie prywatnej, zawsze masz mo\u017cliwo\u015b\u0107 zmiany swoich informacji i poprawienia ewentualnych b\u0142\u0119d\u00f3w na stronie eTA Kanada przed dokonaniem p\u0142atno\u015bci i zatwierdzeniem wniosku.<\/p>\n\n<p>Je\u015bli jednak po op\u0142aceniu wniosku zorientujesz si\u0119, \u017ce pope\u0142ni\u0142e\u015b b\u0142\u0105d, formalno\u015bci s\u0105 inne.<\/p>\n\n<h3 class=\"wp-block-heading\">B\u0142\u0105d po wys\u0142aniu aplikacji eTA<\/h3>\n\n<p>Je\u015bli zauwa\u017cy\u0142e\u015b b\u0142\u0105d w eTA Kanada po z\u0142o\u017ceniu wniosku, to niestety jest ju\u017c za p\u00f3\u017ano. Rzeczywi\u015bcie, je\u015bli niedopatrzenie dotyczy np. numeru paszportu lub nazwiska, to po op\u0142aceniu i wys\u0142aniu wniosku nie ma mo\u017cliwo\u015bci <a href=\"https:\/\/ave-eta-canada.com\/pl\/jak-zmodyfikowac-autoryzacje-eta-dla-kanady\/\">modyfikacji eTA <\/a>.<\/p>\n\n<p>Jedynym mo\u017cliwym rozwi\u0105zaniem jest z\u0142o\u017cenie wniosku o nowe zezwolenie na podr\u00f3\u017c do Kanady, na oficjalnej stronie rz\u0105du kanadyjskiego lub na stronie naszego partnera.<\/p>\n\n<p>Ponowne z\u0142o\u017cenie wniosku jest p\u0142atne. Po wys\u0142aniu nowego wniosku trzeba b\u0119dzie ponownie ui\u015bci\u0107 op\u0142at\u0119 administracyjn\u0105 za uzyskanie eTA.<\/p>\n\n<p>Prosz\u0119 jednak pami\u0119ta\u0107, \u017ce nawet po wys\u0142aniu maj\u0105 Pa\u0144stwo mo\u017cliwo\u015b\u0107 zmiany niekt\u00f3rych informacji na upowa\u017cnieniu do podr\u00f3\u017cy (adres e-mail i numer telefonu). Aby <a href=\"https:\/\/ave-eta-canada.com\/pl\/jak-znalezc-zagubiona-eta-kanada\/\">odzyska\u0107 sw\u00f3j eTA <\/a> i zmieni\u0107 go, wystarczy numer pliku, kt\u00f3ry otrzyma\u0142e\u015b podczas rejestracji online.<br\/><br\/><\/p>\n\n<h2 class=\"wp-block-heading\">Zapobieganie b\u0142\u0119dom w aplikacji eTA Kanada<\/h2>\n\n<p>Podczas wype\u0142niania formularza eTA online warto dok\u0142adnie sprawdzi\u0107 podane informacje. Nale\u017cy pami\u0119ta\u0107, \u017ce wi\u0119kszo\u015b\u0107 b\u0142\u0119d\u00f3w w aplikacji eTA Kanada dotyczy numeru biometrycznego lub numeru e-paszportu. Aby poprawnie wpisa\u0107 ten numer, oto kilka wskaz\u00f3wek:<\/p>\n\n<ul class=\"wp-block-list\"><li>Wi\u0119kszo\u015b\u0107 numer\u00f3w paszport\u00f3w ma d\u0142ugo\u015b\u0107 9 znak\u00f3w. Upewnij si\u0119 wi\u0119c, \u017ce wpisywana liczba nie jest d\u0142u\u017csza lub kr\u00f3tsza;<\/li><li>Numer paszportu to ci\u0105g alfanumeryczny, wi\u0119c nale\u017cy uwa\u017ca\u0107, aby nie pomyli\u0107 cyfry 0 z liter\u0105 O, a cyfry 1 z liter\u0105 I;<\/li><li>Upewnij si\u0119, \u017ce nie wprowadzasz \u017cadnych innych znak\u00f3w, takich jak kreski czy znaki interpunkcyjne.<\/li><\/ul>\n\n<p>Ponadto niekt\u00f3re b\u0142\u0119dy na wniosku eTA Kanada wynikaj\u0105 z b\u0142\u0119dnego wyboru kodu kraju wydania paszportu. Rzeczywi\u015bcie, ka\u017cdy stan ma sw\u00f3j kod identyfikacyjny. Je\u015bli jeste\u015b obywatelem Polski, upewnij si\u0119, \u017ce wybra\u0142e\u015b kod \u201ePOL\u201d.<\/p>\n\n<p>Je\u015bli chcesz zmaksymalizowa\u0107 swoje szanse na uzyskanie eTA, mo\u017ce by\u0107 przydatne ubieganie si\u0119 o niego za po\u015brednictwem prywatnej strony internetowej, takiej jak ta naszego partnera. Rzeczywi\u015bcie, platformy te sk\u0142adaj\u0105 si\u0119 z ekspert\u00f3w, kt\u00f3rzy zadbaj\u0105 o sprawdzenie Twojego pliku i w razie potrzeby poprawi\u0105 wszelkie b\u0142\u0119dy.<\/p>\n\n<h3 class=\"wp-block-heading\">Odmowa po skorygowaniu b\u0142\u0119d\u00f3w w eTA Kanada<\/h3>\n\n<p>Je\u015bli nawet po poprawieniu b\u0142\u0119d\u00f3w we wniosku o eTA Kanada, rz\u0105d odm\u00f3wi Ci wydania pozwolenia na podr\u00f3\u017c do Kanady, oznacza to, \u017ce prawdopodobnie nie spe\u0142niasz jednego z <a href=\"https:\/\/ave-eta-canada.com\/pl\/wszystko-o-warunkach-podrozy-do-kanady\/\">warunk\u00f3w wymaganych do otrzymania eTA<\/a>.<\/p>\n\n<p>Przede wszystkim sprawd\u017a, czy masz wa\u017cny paszport. W takim przypadku nale\u017cy z\u0142o\u017cy\u0107 wniosek o wydanie nowego paszportu.<\/p>\n\n<p>Je\u015bli planujesz odby\u0107 sta\u017c, studia lub prac\u0119 w Kanadzie, to eTA nie dotyczy tych przypadk\u00f3w. W tym celu nale\u017cy uda\u0107 si\u0119 do ambasady (lub konsulatu) Kanady i z\u0142o\u017cy\u0107 wniosek o wiz\u0119.<\/p>\n\n<p>Nale\u017cy pami\u0119ta\u0107, \u017ce je\u015bli posiadasz ju\u017c kanadyjsk\u0105 wiz\u0119 lub kart\u0119 sta\u0142ego pobytu, dokument eTA nie b\u0119dzie przydatny.<\/p>\n","protected":false},"excerpt":{"rendered":"<p>B\u0142\u0105d na eTA Kanada: co robi\u0107? Aby podr\u00f3\u017cowa\u0107 do Kanady, rz\u0105d Kanady wymaga od cudzoziemc\u00f3w ubiegania si\u0119 o elektroniczne zezwolenie na podr\u00f3\u017c eTA Aby uzyska\u0107 to pozwolenie na pobyt w Kanadzie, wystarczy wype\u0142ni\u0107 formularz online. Nie jest konieczne udawanie si\u0119 do ambasady kanadyjskiej, aby ubiega\u0107 si\u0119 o wiz\u0119 kanadyjsk\u0105. Cho\u0107 formalno\u015bci zwi\u0105zane z eTA s\u0105 [&hellip;]<\/p>\n","protected":false},"author":1,"featured_media":0,"parent":0,"menu_order":0,"comment_status":"closed","ping_status":"closed","template":"","meta":{"footnotes":""},"class_list":["post-4111","page","type-page","status-publish","hentry"],"yoast_head":"<!-- This site is optimized with the Yoast SEO plugin v26.9 - https:\/\/yoast.com\/product\/yoast-seo-wordpress\/ -->\n<title>Co zrobi\u0107, gdy w eTA Kanada wyst\u0105pi b\u0142\u0105d?<\/title>\n<meta name=\"description\" content=\"ETA Kanada jest dokumentem niezb\u0119dnym w podr\u00f3\u017cy do Kanady. Je\u015bli we wniosku online wyst\u0105pi jakikolwiek b\u0142\u0105d, upowa\u017cnienie mo\u017ce by\u0107 niewa\u017cne.\" \/>\n<meta name=\"robots\" content=\"index, follow, max-snippet:-1, max-image-preview:large, max-video-preview:-1\" \/>\n<link rel=\"canonical\" href=\"https:\/\/ave-eta-canada.com\/pl\/co-robic-gdy-w-kraju-jest-problem\/\" \/>\n<meta property=\"og:locale\" content=\"pl_PL\" \/>\n<meta property=\"og:type\" content=\"article\" \/>\n<meta property=\"og:title\" content=\"Co zrobi\u0107, gdy w eTA Kanada wyst\u0105pi b\u0142\u0105d?\" \/>\n<meta property=\"og:description\" content=\"ETA Kanada jest dokumentem niezb\u0119dnym w podr\u00f3\u017cy do Kanady. Je\u015bli we wniosku online wyst\u0105pi jakikolwiek b\u0142\u0105d, upowa\u017cnienie mo\u017ce by\u0107 niewa\u017cne.\" \/>\n<meta property=\"og:url\" content=\"https:\/\/ave-eta-canada.com\/pl\/co-robic-gdy-w-kraju-jest-problem\/\" \/>\n<meta property=\"og:site_name\" content=\"VISA CANADA\" \/>\n<meta property=\"article:modified_time\" content=\"2023-05-08T21:19:27+00:00\" \/>\n<meta name=\"twitter:card\" content=\"summary_large_image\" \/>\n<meta name=\"twitter:label1\" content=\"Szacowany czas czytania\" \/>\n\t<meta name=\"twitter:data1\" content=\"4 minuty\" \/>\n<script type=\"application\/ld+json\" class=\"yoast-schema-graph\">{\"@context\":\"https:\/\/schema.org\",\"@graph\":[{\"@type\":\"WebPage\",\"@id\":\"https:\/\/ave-eta-canada.com\/pl\/co-robic-gdy-w-kraju-jest-problem\/\",\"url\":\"https:\/\/ave-eta-canada.com\/pl\/co-robic-gdy-w-kraju-jest-problem\/\",\"name\":\"Co zrobi\u0107, gdy w eTA Kanada wyst\u0105pi b\u0142\u0105d?\",\"isPartOf\":{\"@id\":\"https:\/\/ave-eta-canada.com\/pl\/#website\"},\"datePublished\":\"2023-04-18T14:41:34+00:00\",\"dateModified\":\"2023-05-08T21:19:27+00:00\",\"description\":\"ETA Kanada jest dokumentem niezb\u0119dnym w podr\u00f3\u017cy do Kanady. Je\u015bli we wniosku online wyst\u0105pi jakikolwiek b\u0142\u0105d, upowa\u017cnienie mo\u017ce by\u0107 niewa\u017cne.\",\"breadcrumb\":{\"@id\":\"https:\/\/ave-eta-canada.com\/pl\/co-robic-gdy-w-kraju-jest-problem\/#breadcrumb\"},\"inLanguage\":\"pl-PL\",\"potentialAction\":[{\"@type\":\"ReadAction\",\"target\":[\"https:\/\/ave-eta-canada.com\/pl\/co-robic-gdy-w-kraju-jest-problem\/\"]}]},{\"@type\":\"BreadcrumbList\",\"@id\":\"https:\/\/ave-eta-canada.com\/pl\/co-robic-gdy-w-kraju-jest-problem\/#breadcrumb\",\"itemListElement\":[{\"@type\":\"ListItem\",\"position\":1,\"name\":\"Home\",\"item\":\"https:\/\/ave-eta-canada.com\/pl\/\"},{\"@type\":\"ListItem\",\"position\":2,\"name\":\"Co zrobi\u0107, gdy w eTA Kanada wyst\u0105pi b\u0142\u0105d?\"}]},{\"@type\":\"WebSite\",\"@id\":\"https:\/\/ave-eta-canada.com\/pl\/#website\",\"url\":\"https:\/\/ave-eta-canada.com\/pl\/\",\"name\":\"VISA CANADA\",\"description\":\"Autorisation Voyage Electronique\",\"potentialAction\":[{\"@type\":\"SearchAction\",\"target\":{\"@type\":\"EntryPoint\",\"urlTemplate\":\"https:\/\/ave-eta-canada.com\/pl\/?s={search_term_string}\"},\"query-input\":{\"@type\":\"PropertyValueSpecification\",\"valueRequired\":true,\"valueName\":\"search_term_string\"}}],\"inLanguage\":\"pl-PL\"}]}<\/script>\n<!-- \/ Yoast SEO plugin. -->","yoast_head_json":{"title":"Co zrobi\u0107, gdy w eTA Kanada wyst\u0105pi b\u0142\u0105d?","description":"ETA Kanada jest dokumentem niezb\u0119dnym w podr\u00f3\u017cy do Kanady. Je\u015bli we wniosku online wyst\u0105pi jakikolwiek b\u0142\u0105d, upowa\u017cnienie mo\u017ce by\u0107 niewa\u017cne.","robots":{"index":"index","follow":"follow","max-snippet":"max-snippet:-1","max-image-preview":"max-image-preview:large","max-video-preview":"max-video-preview:-1"},"canonical":"https:\/\/ave-eta-canada.com\/pl\/co-robic-gdy-w-kraju-jest-problem\/","og_locale":"pl_PL","og_type":"article","og_title":"Co zrobi\u0107, gdy w eTA Kanada wyst\u0105pi b\u0142\u0105d?","og_description":"ETA Kanada jest dokumentem niezb\u0119dnym w podr\u00f3\u017cy do Kanady. Je\u015bli we wniosku online wyst\u0105pi jakikolwiek b\u0142\u0105d, upowa\u017cnienie mo\u017ce by\u0107 niewa\u017cne.","og_url":"https:\/\/ave-eta-canada.com\/pl\/co-robic-gdy-w-kraju-jest-problem\/","og_site_name":"VISA CANADA","article_modified_time":"2023-05-08T21:19:27+00:00","twitter_card":"summary_large_image","twitter_misc":{"Szacowany czas czytania":"4 minuty"},"schema":{"@context":"https:\/\/schema.org","@graph":[{"@type":"WebPage","@id":"https:\/\/ave-eta-canada.com\/pl\/co-robic-gdy-w-kraju-jest-problem\/","url":"https:\/\/ave-eta-canada.com\/pl\/co-robic-gdy-w-kraju-jest-problem\/","name":"Co zrobi\u0107, gdy w eTA Kanada wyst\u0105pi b\u0142\u0105d?","isPartOf":{"@id":"https:\/\/ave-eta-canada.com\/pl\/#website"},"datePublished":"2023-04-18T14:41:34+00:00","dateModified":"2023-05-08T21:19:27+00:00","description":"ETA Kanada jest dokumentem niezb\u0119dnym w podr\u00f3\u017cy do Kanady. Je\u015bli we wniosku online wyst\u0105pi jakikolwiek b\u0142\u0105d, upowa\u017cnienie mo\u017ce by\u0107 niewa\u017cne.","breadcrumb":{"@id":"https:\/\/ave-eta-canada.com\/pl\/co-robic-gdy-w-kraju-jest-problem\/#breadcrumb"},"inLanguage":"pl-PL","potentialAction":[{"@type":"ReadAction","target":["https:\/\/ave-eta-canada.com\/pl\/co-robic-gdy-w-kraju-jest-problem\/"]}]},{"@type":"BreadcrumbList","@id":"https:\/\/ave-eta-canada.com\/pl\/co-robic-gdy-w-kraju-jest-problem\/#breadcrumb","itemListElement":[{"@type":"ListItem","position":1,"name":"Home","item":"https:\/\/ave-eta-canada.com\/pl\/"},{"@type":"ListItem","position":2,"name":"Co zrobi\u0107, gdy w eTA Kanada wyst\u0105pi b\u0142\u0105d?"}]},{"@type":"WebSite","@id":"https:\/\/ave-eta-canada.com\/pl\/#website","url":"https:\/\/ave-eta-canada.com\/pl\/","name":"VISA CANADA","description":"Autorisation Voyage Electronique","potentialAction":[{"@type":"SearchAction","target":{"@type":"EntryPoint","urlTemplate":"https:\/\/ave-eta-canada.com\/pl\/?s={search_term_string}"},"query-input":{"@type":"PropertyValueSpecification","valueRequired":true,"valueName":"search_term_string"}}],"inLanguage":"pl-PL"}]}},"_links":{"self":[{"href":"https:\/\/ave-eta-canada.com\/pl\/wp-json\/wp\/v2\/pages\/4111","targetHints":{"allow":["GET"]}}],"collection":[{"href":"https:\/\/ave-eta-canada.com\/pl\/wp-json\/wp\/v2\/pages"}],"about":[{"href":"https:\/\/ave-eta-canada.com\/pl\/wp-json\/wp\/v2\/types\/page"}],"author":[{"embeddable":true,"href":"https:\/\/ave-eta-canada.com\/pl\/wp-json\/wp\/v2\/users\/1"}],"replies":[{"embeddable":true,"href":"https:\/\/ave-eta-canada.com\/pl\/wp-json\/wp\/v2\/comments?post=4111"}],"version-history":[{"count":0,"href":"https:\/\/ave-eta-canada.com\/pl\/wp-json\/wp\/v2\/pages\/4111\/revisions"}],"wp:attachment":[{"href":"https:\/\/ave-eta-canada.com\/pl\/wp-json\/wp\/v2\/media?parent=4111"}],"curies":[{"name":"wp","href":"https:\/\/api.w.org\/{rel}","templated":true}]}}