{"id":4119,"date":"2023-04-18T14:41:35","date_gmt":"2023-04-18T14:41:35","guid":{"rendered":"https:\/\/ave-eta-canada.com\/the-x-games-for-the-first-time-in-canada\/"},"modified":"2023-05-08T21:46:22","modified_gmt":"2023-05-08T21:46:22","slug":"x-games-po-pierwszy-raz-w-kanadzie","status":"publish","type":"page","link":"https:\/\/ave-eta-canada.com\/pl\/x-games-po-pierwszy-raz-w-kanadzie\/","title":{"rendered":"X Games w Kanadzie"},"content":{"rendered":"\n<h1 class=\"wp-block-heading\">Kanada gospodarzem Winter X Games przez 3 lata<\/h1>\n\n<p>Je\u015bli jeste\u015b fanem sport\u00f3w ekstremalnych i lubisz festiwalow\u0105 atmosfer\u0119, X Games s\u0105 dla Ciebie! Organizowane i transmitowane w Stanach Zjednoczonych igrzyska mog\u0105 teraz odby\u0107 si\u0119 w Kanadzie, w mie\u015bcie Calgary. To \u015bwietna okazja dla podr\u00f3\u017cnik\u00f3w, kt\u00f3rzy chc\u0105 odkry\u0107 krain\u0119 syropu klonowego, a jednocze\u015bnie skorzysta\u0107 z X Games, imprezy obowi\u0105zkowej.<\/p>\n\n<h2 class=\"wp-block-heading\">Zawody X Games, kt\u00f3re trzeba zobaczy\u0107<\/h2>\n\n<p><a href=\"https:\/\/www.xgames.com\/\">X Games<\/a> to coroczne zawody kilku sport\u00f3w ekstremalnych, transmitowane w 140 krajach. Po raz pierwszy wprowadzone przez Stany Zjednoczone jako Summer X Games, ESPN p\u00f3\u017aniej wprowadzi\u0142o Winter X Games ze wzgl\u0119du na ich rosn\u0105cy sukces.<\/p>\n\n<p>Winter X Games to wydarzenie, kt\u00f3rego nie mo\u017ce przegapi\u0107 \u017caden szanuj\u0105cy si\u0119 snowboardzista czy narciarz freestyle! Najlepsi sportowcy roku otrzymuj\u0105 z\u0142ote, srebrne i br\u0105zowe medale.<\/p>\n\n<p>To zimowe wydarzenie jest znane na ca\u0142ym \u015bwiecie z wielu ekscytuj\u0105cych konkurs\u00f3w i \u015bwi\u0105tecznej atmosfery.<\/p>\n\n<p>Od 2010 roku powsta\u0142a wersja X Games Europe (kt\u00f3ra przez kilka lat odbywa\u0142a si\u0119 r\u00f3wnie\u017c we Francji).<\/p>\n\n<h2 class=\"wp-block-heading\">Silniejsze dziedzictwo turystyczne<\/h2>\n\n<p>Prowincja Alberta zapewni\u0142a sobie wy\u0142\u0105czne prawa do organizacji pierwszych X Games w Kanadzie, dzi\u0119ki czemu Calgary stanie si\u0119 pierwszym kanadyjskim miastem, kt\u00f3re do\u0142\u0105czy do organizacji X Games.<\/p>\n\n<p>Wed\u0142ug urz\u0119dnik\u00f3w prowincji, miasto ma pozwolenie na organizacj\u0119 X Games przez minimum trzy kolejne lata i ma nadziej\u0119 na organizacj\u0119 wydarze\u0144 w 2020, 2021 i 2022 roku.<\/p>\n\n<p>Minister Kultury i Turystyki Ricardo Miranda powiedzia\u0142: &#8222;Te igrzyska s\u0105 inwestycj\u0105 w nasz\u0105 przysz\u0142o\u015b\u0107, zar\u00f3wno w turystyk\u0119, kultur\u0119, sport, jak i rozw\u00f3j i dywersyfikacj\u0119 naszej gospodarki&#8221; i wzmocni\u0105 dziedzictwo Calgary i Alberty jako destynacji sport\u00f3w zimowych.<\/p>\n\n<h3 class=\"wp-block-heading\">Korzy\u015b\u0107 ekonomiczna<\/h3>\n\n<p>Uwa\u017cane za obowi\u0105zkowe wydarzenie zimowe, Igrzyska przyci\u0105gaj\u0105 co roku tysi\u0105ce widz\u00f3w i prezentuj\u0105 najlepszych na \u015bwiecie sportowc\u00f3w ekstremalnych.<\/p>\n\n<p>Kanada szacuje, \u017ce X Games mo\u017ce przyci\u0105gn\u0105\u0107 oko\u0142o 75 000 widz\u00f3w i 75 milion\u00f3w dolar\u00f3w rocznie! Znacz\u0105cy wp\u0142yw ekonomiczny, kt\u00f3ry &#8222;wspiera podr\u00f3\u017ce i turystyk\u0119, rozw\u00f3j gospodarczy, firmy spin-off, takie jak restauracje i hotele w ca\u0142ej spo\u0142eczno\u015bci&#8221;, m\u00f3wi burmistrz miasta Calgary.<\/p>\n\n<p>Igrzyska wprowadz\u0105 now\u0105 publiczno\u015b\u0107 do Calgary i zainspiruj\u0105 kolejne pokolenie sportowc\u00f3w, kt\u00f3rzy b\u0119d\u0105 ogl\u0105da\u0107 mecze.<\/p>\n\n<p>Chocia\u017c<a href=\"https:\/\/www.canada.ca\/en.html\"> rz\u0105d kanadyjski<\/a> przeznaczy\u0142 znaczn\u0105 kwot\u0119 na organizacj\u0119 \u015bwiatowej imprezy (13,5 mln dolar\u00f3w), urz\u0119dnicy ds. turystyki twierdz\u0105, \u017ce igrzyska stworz\u0105 oko\u0142o 540 miejsc pracy rocznie. W Stampede Park powstanie 14-pi\u0119trowa wie\u017ca, w kt\u00f3rej odb\u0119dzie si\u0119 cz\u0119\u015b\u0107 wydarze\u0144, natomiast druga cz\u0119\u015b\u0107 b\u0119dzie mia\u0142a miejsce w WinSport Olympic Park.<\/p>\n\n<p>Je\u015bli jeste\u015b zainteresowany tym sportowym wydarzeniem, nie czekaj d\u0142u\u017cej i zorganizuj sw\u00f3j <a href=\"https:\/\/ave-eta-canada.com\/pl\/jak-wypelnic-eta-de-kanada\/\">wyjazd do Kanady<\/a> (nie zapomnij z\u0142o\u017cy\u0107 <a href=\"https:\/\/ave-eta-canada.com\/pl\/zloz-oficjalny-wniosek-eta-do-kanady\/\">wniosku o eTA)<\/a>.<\/p>\n","protected":false},"excerpt":{"rendered":"<p>Kanada gospodarzem Winter X Games przez 3 lata Je\u015bli jeste\u015b fanem sport\u00f3w ekstremalnych i lubisz festiwalow\u0105 atmosfer\u0119, X Games s\u0105 dla Ciebie! Organizowane i transmitowane w Stanach Zjednoczonych igrzyska mog\u0105 teraz odby\u0107 si\u0119 w Kanadzie, w mie\u015bcie Calgary. To \u015bwietna okazja dla podr\u00f3\u017cnik\u00f3w, kt\u00f3rzy chc\u0105 odkry\u0107 krain\u0119 syropu klonowego, a jednocze\u015bnie skorzysta\u0107 z X Games, [&hellip;]<\/p>\n","protected":false},"author":1,"featured_media":0,"parent":0,"menu_order":0,"comment_status":"closed","ping_status":"closed","template":"","meta":{"footnotes":""},"class_list":["post-4119","page","type-page","status-publish","hentry"],"yoast_head":"<!-- This site is optimized with the Yoast SEO plugin v26.9 - https:\/\/yoast.com\/product\/yoast-seo-wordpress\/ -->\n<title>X Games w Kanadzie<\/title>\n<meta name=\"description\" content=\"Po raz pierwszy Kanada otrzyma\u0142a wy\u0142\u0105czne prawa do organizacji Winter X Games w mie\u015bcie Calgary. Jeste\u015bcie zainteresowani? Jest tutaj.\" \/>\n<meta name=\"robots\" content=\"index, follow, max-snippet:-1, max-image-preview:large, max-video-preview:-1\" \/>\n<link rel=\"canonical\" href=\"https:\/\/ave-eta-canada.com\/pl\/x-games-po-pierwszy-raz-w-kanadzie\/\" \/>\n<meta property=\"og:locale\" content=\"pl_PL\" \/>\n<meta property=\"og:type\" content=\"article\" \/>\n<meta property=\"og:title\" content=\"X Games w Kanadzie\" \/>\n<meta property=\"og:description\" content=\"Po raz pierwszy Kanada otrzyma\u0142a wy\u0142\u0105czne prawa do organizacji Winter X Games w mie\u015bcie Calgary. Jeste\u015bcie zainteresowani? Jest tutaj.\" \/>\n<meta property=\"og:url\" content=\"https:\/\/ave-eta-canada.com\/pl\/x-games-po-pierwszy-raz-w-kanadzie\/\" \/>\n<meta property=\"og:site_name\" content=\"VISA CANADA\" \/>\n<meta property=\"article:modified_time\" content=\"2023-05-08T21:46:22+00:00\" \/>\n<meta name=\"twitter:card\" content=\"summary_large_image\" \/>\n<meta name=\"twitter:label1\" content=\"Szacowany czas czytania\" \/>\n\t<meta name=\"twitter:data1\" content=\"2 minuty\" \/>\n<script type=\"application\/ld+json\" class=\"yoast-schema-graph\">{\"@context\":\"https:\/\/schema.org\",\"@graph\":[{\"@type\":\"WebPage\",\"@id\":\"https:\/\/ave-eta-canada.com\/pl\/x-games-po-pierwszy-raz-w-kanadzie\/\",\"url\":\"https:\/\/ave-eta-canada.com\/pl\/x-games-po-pierwszy-raz-w-kanadzie\/\",\"name\":\"X Games w Kanadzie\",\"isPartOf\":{\"@id\":\"https:\/\/ave-eta-canada.com\/pl\/#website\"},\"datePublished\":\"2023-04-18T14:41:35+00:00\",\"dateModified\":\"2023-05-08T21:46:22+00:00\",\"description\":\"Po raz pierwszy Kanada otrzyma\u0142a wy\u0142\u0105czne prawa do organizacji Winter X Games w mie\u015bcie Calgary. Jeste\u015bcie zainteresowani? Jest tutaj.\",\"breadcrumb\":{\"@id\":\"https:\/\/ave-eta-canada.com\/pl\/x-games-po-pierwszy-raz-w-kanadzie\/#breadcrumb\"},\"inLanguage\":\"pl-PL\",\"potentialAction\":[{\"@type\":\"ReadAction\",\"target\":[\"https:\/\/ave-eta-canada.com\/pl\/x-games-po-pierwszy-raz-w-kanadzie\/\"]}]},{\"@type\":\"BreadcrumbList\",\"@id\":\"https:\/\/ave-eta-canada.com\/pl\/x-games-po-pierwszy-raz-w-kanadzie\/#breadcrumb\",\"itemListElement\":[{\"@type\":\"ListItem\",\"position\":1,\"name\":\"Home\",\"item\":\"https:\/\/ave-eta-canada.com\/pl\/\"},{\"@type\":\"ListItem\",\"position\":2,\"name\":\"X Games w Kanadzie\"}]},{\"@type\":\"WebSite\",\"@id\":\"https:\/\/ave-eta-canada.com\/pl\/#website\",\"url\":\"https:\/\/ave-eta-canada.com\/pl\/\",\"name\":\"VISA CANADA\",\"description\":\"Autorisation Voyage Electronique\",\"potentialAction\":[{\"@type\":\"SearchAction\",\"target\":{\"@type\":\"EntryPoint\",\"urlTemplate\":\"https:\/\/ave-eta-canada.com\/pl\/?s={search_term_string}\"},\"query-input\":{\"@type\":\"PropertyValueSpecification\",\"valueRequired\":true,\"valueName\":\"search_term_string\"}}],\"inLanguage\":\"pl-PL\"}]}<\/script>\n<!-- \/ Yoast SEO plugin. -->","yoast_head_json":{"title":"X Games w Kanadzie","description":"Po raz pierwszy Kanada otrzyma\u0142a wy\u0142\u0105czne prawa do organizacji Winter X Games w mie\u015bcie Calgary. Jeste\u015bcie zainteresowani? Jest tutaj.","robots":{"index":"index","follow":"follow","max-snippet":"max-snippet:-1","max-image-preview":"max-image-preview:large","max-video-preview":"max-video-preview:-1"},"canonical":"https:\/\/ave-eta-canada.com\/pl\/x-games-po-pierwszy-raz-w-kanadzie\/","og_locale":"pl_PL","og_type":"article","og_title":"X Games w Kanadzie","og_description":"Po raz pierwszy Kanada otrzyma\u0142a wy\u0142\u0105czne prawa do organizacji Winter X Games w mie\u015bcie Calgary. Jeste\u015bcie zainteresowani? Jest tutaj.","og_url":"https:\/\/ave-eta-canada.com\/pl\/x-games-po-pierwszy-raz-w-kanadzie\/","og_site_name":"VISA CANADA","article_modified_time":"2023-05-08T21:46:22+00:00","twitter_card":"summary_large_image","twitter_misc":{"Szacowany czas czytania":"2 minuty"},"schema":{"@context":"https:\/\/schema.org","@graph":[{"@type":"WebPage","@id":"https:\/\/ave-eta-canada.com\/pl\/x-games-po-pierwszy-raz-w-kanadzie\/","url":"https:\/\/ave-eta-canada.com\/pl\/x-games-po-pierwszy-raz-w-kanadzie\/","name":"X Games w Kanadzie","isPartOf":{"@id":"https:\/\/ave-eta-canada.com\/pl\/#website"},"datePublished":"2023-04-18T14:41:35+00:00","dateModified":"2023-05-08T21:46:22+00:00","description":"Po raz pierwszy Kanada otrzyma\u0142a wy\u0142\u0105czne prawa do organizacji Winter X Games w mie\u015bcie Calgary. Jeste\u015bcie zainteresowani? Jest tutaj.","breadcrumb":{"@id":"https:\/\/ave-eta-canada.com\/pl\/x-games-po-pierwszy-raz-w-kanadzie\/#breadcrumb"},"inLanguage":"pl-PL","potentialAction":[{"@type":"ReadAction","target":["https:\/\/ave-eta-canada.com\/pl\/x-games-po-pierwszy-raz-w-kanadzie\/"]}]},{"@type":"BreadcrumbList","@id":"https:\/\/ave-eta-canada.com\/pl\/x-games-po-pierwszy-raz-w-kanadzie\/#breadcrumb","itemListElement":[{"@type":"ListItem","position":1,"name":"Home","item":"https:\/\/ave-eta-canada.com\/pl\/"},{"@type":"ListItem","position":2,"name":"X Games w Kanadzie"}]},{"@type":"WebSite","@id":"https:\/\/ave-eta-canada.com\/pl\/#website","url":"https:\/\/ave-eta-canada.com\/pl\/","name":"VISA CANADA","description":"Autorisation Voyage Electronique","potentialAction":[{"@type":"SearchAction","target":{"@type":"EntryPoint","urlTemplate":"https:\/\/ave-eta-canada.com\/pl\/?s={search_term_string}"},"query-input":{"@type":"PropertyValueSpecification","valueRequired":true,"valueName":"search_term_string"}}],"inLanguage":"pl-PL"}]}},"_links":{"self":[{"href":"https:\/\/ave-eta-canada.com\/pl\/wp-json\/wp\/v2\/pages\/4119","targetHints":{"allow":["GET"]}}],"collection":[{"href":"https:\/\/ave-eta-canada.com\/pl\/wp-json\/wp\/v2\/pages"}],"about":[{"href":"https:\/\/ave-eta-canada.com\/pl\/wp-json\/wp\/v2\/types\/page"}],"author":[{"embeddable":true,"href":"https:\/\/ave-eta-canada.com\/pl\/wp-json\/wp\/v2\/users\/1"}],"replies":[{"embeddable":true,"href":"https:\/\/ave-eta-canada.com\/pl\/wp-json\/wp\/v2\/comments?post=4119"}],"version-history":[{"count":0,"href":"https:\/\/ave-eta-canada.com\/pl\/wp-json\/wp\/v2\/pages\/4119\/revisions"}],"wp:attachment":[{"href":"https:\/\/ave-eta-canada.com\/pl\/wp-json\/wp\/v2\/media?parent=4119"}],"curies":[{"name":"wp","href":"https:\/\/api.w.org\/{rel}","templated":true}]}}