{"id":4128,"date":"2023-04-18T14:41:36","date_gmt":"2023-04-18T14:41:36","guid":{"rendered":"https:\/\/ave-eta-canada.com\/z-czy-z-jakim-pozwoleniem-na-podrozowanie-wybierz-dla-siebie-pobyt\/"},"modified":"2023-05-09T08:09:05","modified_gmt":"2023-05-09T08:09:05","slug":"eta-lub-esta-ktore-zezwolenie-na-podroz-wybrac-na-pobyt","status":"publish","type":"page","link":"https:\/\/ave-eta-canada.com\/pl\/eta-lub-esta-ktore-zezwolenie-na-podroz-wybrac-na-pobyt\/","title":{"rendered":"eTA czy ESTA: kt\u00f3re zezwolenie na podr\u00f3\u017c nale\u017cy wybra\u0107?"},"content":{"rendered":"\n<h1 class=\"wp-block-heading\">Kt\u00f3re zezwolenie na podr\u00f3\u017c (eTA czy ESTA) wybra\u0107?<\/h1>\n\n<p>Je\u015bli wybierasz si\u0119 w najbli\u017cszym czasie do Ameryki P\u00f3\u0142nocnej, b\u0119dziesz potrzebowa\u0142 dokument\u00f3w podr\u00f3\u017cnych. Przy tych wszystkich normach i przepisach nie jest \u0142atwo o jasn\u0105 wizj\u0119. Wniosek o wiz\u0119 lub zezwolenie na podr\u00f3\u017c (eTA lub ESTA)? Wszystko wyja\u015bniamy w tym artykule.<\/p>\n\n<p><strong>W przypadku pobytu w Kanadzie kr\u00f3tszego ni\u017c 6 miesi\u0119cy<\/strong>: formalno\u015bci zwi\u0105zanych z wjazdem do Kanady mo\u017cna dope\u0142ni\u0107 bezpo\u015brednio przez Internet, klikaj\u0105c na <a href=\"https:\/\/ave-eta-canada.com\/pl\/eta-kanada-formularz-online\/\">formularz online<\/a>. Nie jest konieczne umawianie si\u0119 na spotkanie w ambasadzie lub konsulacie Kanady.<\/p>\n\n<br\/>\n\n<h2 class=\"wp-block-heading\">eTA i ESTA, przedstawienie tych dw\u00f3ch zezwole\u0144 na podr\u00f3\u017c<\/h2>\n\n<h3 class=\"wp-block-heading\">ESTA<\/h3>\n\n<p>ESTA to skr\u00f3t od Electronic System for Travel Authorization (elektroniczny system autoryzacji podr\u00f3\u017cy). Jest to zezwolenie na podr\u00f3\u017c wydane przez rz\u0105d USA dla os\u00f3b chc\u0105cych podr\u00f3\u017cowa\u0107 do USA drog\u0105 lotnicz\u0105 lub morsk\u0105. Zezwolenie to zast\u0119puje wiz\u0119 turystyczn\u0105 dla podr\u00f3\u017cnych przybywaj\u0105cych z kraju cz\u0142onkowskiego programu Visa Waiver.<\/p>\n\n<p>Aby si\u0119 zg\u0142osi\u0107, nale\u017cy spe\u0142ni\u0107 kilka kryteri\u00f3w:<\/p>\n\n<ul class=\"wp-block-list\"><li>by\u0107 obywatelem kraju cz\u0142onkowskiego programu bezwizowego (Visa Waiver Program);<\/li><li>posiada\u0107 wa\u017cny paszport biometryczny lub elektroniczny;<\/li><li>udaj\u0105cych si\u0119 do Stan\u00f3w Zjednoczonych w celach turystycznych, biznesowych lub tranzytowych;<\/li><li>przybywaj\u0105 na ameryka\u0144sk\u0105 ziemi\u0119 drog\u0105 powietrzn\u0105 lub morsk\u0105;<\/li><li>czas pobytu nie mo\u017ce przekracza\u0107 90 dni.<\/li><\/ul>\n\n<h4 class=\"wp-block-heading\">Jak uzyska\u0107 ESTA?<\/h4>\n\n<p>Proces uzyskania autoryzacji ESTA odbywa si\u0119 wy\u0142\u0105cznie online, na stronie rz\u0105du USA lub za po\u015brednictwem prywatnego us\u0142ugodawcy.<\/p>\n\n<p>Zostaniesz poproszony o wype\u0142nienie formularza online dla swojego wniosku o ESTA. Ten formularz ESTA dotyczy g\u0142\u00f3wnie Twojej to\u017csamo\u015bci, Twojego \u017cycia i Twojego dokumentu podr\u00f3\u017cy: nazwisko (nazwisko panie\u0144skie lub ma\u0142\u017ce\u0144skie w zale\u017cno\u015bci od paszportu), imi\u0119, data i miejsce urodzenia, numer paszportu, data wydania i wyga\u015bni\u0119cia, dane kontaktowe, historia kryminalna i medyczna, poprzednie pobyty za granic\u0105 itp. Po wype\u0142nieniu formularza ESTA nale\u017cy wprowadzi\u0107 kart\u0119 p\u0142atnicz\u0105, aby ui\u015bci\u0107 op\u0142at\u0119 za z\u0142o\u017cenie wniosku ESTA.<\/p>\n\n<p>ESTA jest wa\u017cna przez 2 lata, z zastrze\u017ceniem daty wa\u017cno\u015bci paszportu.<\/p>\n\n<p>Tak wi\u0119c, je\u015bli chcesz odwiedzi\u0107 Stany Zjednoczone Ameryki w tych warunkach, mi\u0119dzy AVE i ESTA, powiniene\u015b wybra\u0107 ESTA.<\/p>\n\n<h3 class=\"wp-block-heading\">eTA<\/h3>\n\n<p>eTA to skr\u00f3t od Electronic Travel Authorisation. Dla os\u00f3b angloj\u0119zycznych jest to znane jako <a href=\"https:\/\/ave-eta-canada.com\/pl\/czym-jest-eta-na-podroz-do-kanady\/\">eTA<\/a> dla Electronic Travel Authorization. Warto wiedzie\u0107, \u017ce te dwie nazwy odnosz\u0105 si\u0119 dok\u0142adnie do tego samego.<\/p>\n\n<p>eTA jest upowa\u017cnieniem wymaganym do wjazdu do Kanady, ale tylko drog\u0105 lotnicz\u0105. eTA nie jest wi\u0119c wymagana w przypadku przyp\u0142ywania statkiem, nawet wycieczkowym<\/p>\n\n<p>eTA dotyczy obywateli 61 kraj\u00f3w, kt\u00f3re s\u0105 cz\u0119\u015bci\u0105 kanadyjskiego programu Visa Waiver Program. Posiadanie wa\u017cnego paszportu biometrycznego lub e-paszportu jest obowi\u0105zkowe, aby m\u00f3c z\u0142o\u017cy\u0107 wniosek. Maksymalny czas pobytu musi wynosi\u0107 6 miesi\u0119cy.<\/p>\n\n<h4 class=\"wp-block-heading\">Jak zdoby\u0107 eTA?<\/h4>\n\n<p>Aby ubiega\u0107 <a href=\"https:\/\/ave-eta-canada.com\/pl\/\">si\u0119 o eTA<\/a>, nale\u017cy wype\u0142ni\u0107 formularz online i wnie\u015b\u0107 wymagan\u0105 op\u0142at\u0119. Aby to zrobi\u0107, mo\u017cesz wej\u015b\u0107 na oficjaln\u0105 stron\u0119 rz\u0105du kanadyjskiego lub skorzysta\u0107 z us\u0142ug prywatnego dostawcy. Zdecydowanie si\u0119 na stron\u0119 prywatn\u0105 pozwala na skorzystanie ze spersonalizowanej pomocy, a tym samym zmniejsza ryzyko odrzucenia wniosku.  <\/p>\n\n<p>eTA jest wa\u017cne przez 5 lat, do daty wa\u017cno\u015bci paszportu. Je\u015bli chcesz odwiedzi\u0107 Kanad\u0119, pomi\u0119dzy eTA a ESTA, powiniene\u015b wybra\u0107 eTA.<br\/><br\/><\/p>\n\n<h2 class=\"wp-block-heading\">ESTA i eTA, podobie\u0144stwa<\/h2>\n\n<p>Jak by\u0107 mo\u017ce zauwa\u017cy\u0142e\u015b, istnieje wiele podobie\u0144stw mi\u0119dzy eTA i ESTA; kanadyjskie eTA zosta\u0142o skopiowane z ameryka\u0144skiego ESTA.<\/p>\n\n<ul class=\"wp-block-list\"><li>ESTA i eTA to zezwolenia na podr\u00f3\u017c powi\u0105zane z paszportem. Istotne jest, aby w podr\u00f3\u017cy pos\u0142ugiwa\u0107 si\u0119 tym samym paszportem. Celnicy sprawdzaj\u0105, czy jeste\u015b w porz\u0105dku, skanuj\u0105c tw\u00f3j paszport.  <\/li><li>eTA, podobnie jak ESTA, uzyskuje si\u0119 przed wyjazdem. Personel linii lotniczych sprawdzi Twoj\u0105 eTA lub ESTA, nawet przed wej\u015bciem na pok\u0142ad.<\/li><li>Oba te zezwolenia na podr\u00f3\u017c mo\u017cna uzyska\u0107 jedynie poprzez wniosek online. Nie ma potrzeby umawiania si\u0119 na spotkanie w najbli\u017cszej ambasadzie ameryka\u0144skiej lub kanadyjskiej.<\/li><li>ESTA i eTA upowa\u017cniaj\u0105 do podr\u00f3\u017cy do Stan\u00f3w Zjednoczonych lub Kanady, odpowiednio w celach turystycznych, biznesowych lub tranzytowych. W zwi\u0105zku z tym nie mo\u017cna pracowa\u0107, studiowa\u0107 ani podr\u00f3\u017cowa\u0107 do Stan\u00f3w Zjednoczonych lub Kanady z ESTA i eTA. Je\u015bli jest to Tw\u00f3j cel, b\u0119dziesz musia\u0142 ubiega\u0107 si\u0119 o odpowiedni\u0105 wiz\u0119 lub zielon\u0105 kart\u0119.<\/li><li>Zar\u00f3wno eTA jak i ESTA s\u0105 obowi\u0105zkowe, ale nie gwarantuj\u0105 wjazdu do USA lub Kanady. Prawo to przys\u0142uguje w wyniku kontroli dokonywanej przez funkcjonariuszy celnych, po przybyciu na posterunek graniczny.<br\/><br\/><\/li><\/ul>\n\n<h2 class=\"wp-block-heading\">ESTA i eTA, r\u00f3\u017cnice<\/h2>\n\n<ul class=\"wp-block-list\"><li>Ma to sens, ale pami\u0119tajmy, \u017ce eTA dotyczy podr\u00f3\u017cy do Kanady, a ESTA podr\u00f3\u017cy do Stan\u00f3w Zjednoczonych. Nawet je\u015bli oba kraje s\u0105 blisko siebie, jedno zezwolenie nie mo\u017ce zast\u0105pi\u0107 drugiego.<\/li><li>eTA jest wa\u017cna dla obywateli 61 r\u00f3\u017cnych terytori\u00f3w, podczas gdy ESTA jest wa\u017cna tylko dla 40 kraj\u00f3w (dane zaktualizowane we wrze\u015bniu 2022 r.).<\/li><li>ESTA jest przeznaczona dla os\u00f3b przyje\u017cd\u017caj\u0105cych drog\u0105 lotnicz\u0105 i morsk\u0105, natomiast eTA jest wymagana tylko w przypadku os\u00f3b przyje\u017cd\u017caj\u0105cych do Kanady drog\u0105 lotnicz\u0105.<\/li><li>ESTA kosztuje 21 USD na stronie rz\u0105dowej od maja 2022 roku, natomiast <a href=\"https:\/\/ave-eta-canada.com\/pl\/eta-kanada-jego-cena\/\">cena eTA wynosi 7 CAD<\/a>. Cena ESTA i eTA b\u0119dzie inna, je\u015bli skorzystasz z us\u0142ug niezale\u017cnej strony. R\u00f3\u017cnica ta wynika ze zindywidualizowanej pomocy \u015bwiadczonej przez prywatnego dostawc\u0119.<\/li><li>Inny jest te\u017c maksymalny czas pobytu. Z eTA mo\u017cesz przebywa\u0107 w Kanadzie przez 6 kolejnych miesi\u0119cy, natomiast z ESTA Tw\u00f3j pobyt nie mo\u017ce przekroczy\u0107 90 kolejnych dni.<\/li><li><a href=\"https:\/\/ave-eta-canada.com\/pl\/okres-waznosci-eta-kanada\/\">eTA jest wa\u017cne przez 5 lat<\/a>, natomiast ESTA jest wa\u017cna tylko przez 2 lata. Teoretycznie w tym okresie mo\u017cliwa jest nieograniczona liczba wyjazd\u00f3w. W obu przypadkach w przypadku zmiany danych osobowych i\/lub otrzymania nowego paszportu wymagane jest z\u0142o\u017cenie nowego wniosku.<\/li><\/ul>\n\n<p>Teraz znasz ju\u017c podstawy dotycz\u0105ce tych dw\u00f3ch zezwole\u0144 na podr\u00f3\u017c. Wystarczy, \u017ce wybierzesz miejsce docelowe. Mi\u0142ej podr\u00f3\u017cy !<\/p>\n","protected":false},"excerpt":{"rendered":"<p>Kt\u00f3re zezwolenie na podr\u00f3\u017c (eTA czy ESTA) wybra\u0107? Je\u015bli wybierasz si\u0119 w najbli\u017cszym czasie do Ameryki P\u00f3\u0142nocnej, b\u0119dziesz potrzebowa\u0142 dokument\u00f3w podr\u00f3\u017cnych. Przy tych wszystkich normach i przepisach nie jest \u0142atwo o jasn\u0105 wizj\u0119. Wniosek o wiz\u0119 lub zezwolenie na podr\u00f3\u017c (eTA lub ESTA)? Wszystko wyja\u015bniamy w tym artykule. W przypadku pobytu w Kanadzie kr\u00f3tszego ni\u017c [&hellip;]<\/p>\n","protected":false},"author":1,"featured_media":0,"parent":0,"menu_order":0,"comment_status":"closed","ping_status":"closed","template":"","meta":{"footnotes":""},"class_list":["post-4128","page","type-page","status-publish","hentry"],"yoast_head":"<!-- This site is optimized with the Yoast SEO plugin v26.9 - https:\/\/yoast.com\/product\/yoast-seo-wordpress\/ -->\n<title>eTA czy ESTA: kt\u00f3re zezwolenie na podr\u00f3\u017c nale\u017cy wybra\u0107?<\/title>\n<meta name=\"description\" content=\"Aby podr\u00f3\u017cowa\u0107 na kontynent ameryka\u0144ski istniej\u0105 dwa g\u0142\u00f3wne elektroniczne zezwolenia na podr\u00f3\u017c: eTA i ESTA\" \/>\n<meta name=\"robots\" content=\"index, follow, max-snippet:-1, max-image-preview:large, max-video-preview:-1\" \/>\n<link rel=\"canonical\" href=\"https:\/\/ave-eta-canada.com\/pl\/eta-lub-esta-ktore-zezwolenie-na-podroz-wybrac-na-pobyt\/\" \/>\n<meta property=\"og:locale\" content=\"pl_PL\" \/>\n<meta property=\"og:type\" content=\"article\" \/>\n<meta property=\"og:title\" content=\"eTA czy ESTA: kt\u00f3re zezwolenie na podr\u00f3\u017c nale\u017cy wybra\u0107?\" \/>\n<meta property=\"og:description\" content=\"Aby podr\u00f3\u017cowa\u0107 na kontynent ameryka\u0144ski istniej\u0105 dwa g\u0142\u00f3wne elektroniczne zezwolenia na podr\u00f3\u017c: eTA i ESTA\" \/>\n<meta property=\"og:url\" content=\"https:\/\/ave-eta-canada.com\/pl\/eta-lub-esta-ktore-zezwolenie-na-podroz-wybrac-na-pobyt\/\" \/>\n<meta property=\"og:site_name\" content=\"VISA CANADA\" \/>\n<meta property=\"article:modified_time\" content=\"2023-05-09T08:09:05+00:00\" \/>\n<meta name=\"twitter:card\" content=\"summary_large_image\" \/>\n<meta name=\"twitter:label1\" content=\"Szacowany czas czytania\" \/>\n\t<meta name=\"twitter:data1\" content=\"5 minut\" \/>\n<script type=\"application\/ld+json\" class=\"yoast-schema-graph\">{\"@context\":\"https:\/\/schema.org\",\"@graph\":[{\"@type\":\"WebPage\",\"@id\":\"https:\/\/ave-eta-canada.com\/pl\/eta-lub-esta-ktore-zezwolenie-na-podroz-wybrac-na-pobyt\/\",\"url\":\"https:\/\/ave-eta-canada.com\/pl\/eta-lub-esta-ktore-zezwolenie-na-podroz-wybrac-na-pobyt\/\",\"name\":\"eTA czy ESTA: kt\u00f3re zezwolenie na podr\u00f3\u017c nale\u017cy wybra\u0107?\",\"isPartOf\":{\"@id\":\"https:\/\/ave-eta-canada.com\/pl\/#website\"},\"datePublished\":\"2023-04-18T14:41:36+00:00\",\"dateModified\":\"2023-05-09T08:09:05+00:00\",\"description\":\"Aby podr\u00f3\u017cowa\u0107 na kontynent ameryka\u0144ski istniej\u0105 dwa g\u0142\u00f3wne elektroniczne zezwolenia na podr\u00f3\u017c: eTA i ESTA\",\"breadcrumb\":{\"@id\":\"https:\/\/ave-eta-canada.com\/pl\/eta-lub-esta-ktore-zezwolenie-na-podroz-wybrac-na-pobyt\/#breadcrumb\"},\"inLanguage\":\"pl-PL\",\"potentialAction\":[{\"@type\":\"ReadAction\",\"target\":[\"https:\/\/ave-eta-canada.com\/pl\/eta-lub-esta-ktore-zezwolenie-na-podroz-wybrac-na-pobyt\/\"]}]},{\"@type\":\"BreadcrumbList\",\"@id\":\"https:\/\/ave-eta-canada.com\/pl\/eta-lub-esta-ktore-zezwolenie-na-podroz-wybrac-na-pobyt\/#breadcrumb\",\"itemListElement\":[{\"@type\":\"ListItem\",\"position\":1,\"name\":\"Home\",\"item\":\"https:\/\/ave-eta-canada.com\/pl\/\"},{\"@type\":\"ListItem\",\"position\":2,\"name\":\"eTA czy ESTA: kt\u00f3re zezwolenie na podr\u00f3\u017c nale\u017cy wybra\u0107?\"}]},{\"@type\":\"WebSite\",\"@id\":\"https:\/\/ave-eta-canada.com\/pl\/#website\",\"url\":\"https:\/\/ave-eta-canada.com\/pl\/\",\"name\":\"VISA CANADA\",\"description\":\"Autorisation Voyage Electronique\",\"potentialAction\":[{\"@type\":\"SearchAction\",\"target\":{\"@type\":\"EntryPoint\",\"urlTemplate\":\"https:\/\/ave-eta-canada.com\/pl\/?s={search_term_string}\"},\"query-input\":{\"@type\":\"PropertyValueSpecification\",\"valueRequired\":true,\"valueName\":\"search_term_string\"}}],\"inLanguage\":\"pl-PL\"}]}<\/script>\n<!-- \/ Yoast SEO plugin. -->","yoast_head_json":{"title":"eTA czy ESTA: kt\u00f3re zezwolenie na podr\u00f3\u017c nale\u017cy wybra\u0107?","description":"Aby podr\u00f3\u017cowa\u0107 na kontynent ameryka\u0144ski istniej\u0105 dwa g\u0142\u00f3wne elektroniczne zezwolenia na podr\u00f3\u017c: eTA i ESTA","robots":{"index":"index","follow":"follow","max-snippet":"max-snippet:-1","max-image-preview":"max-image-preview:large","max-video-preview":"max-video-preview:-1"},"canonical":"https:\/\/ave-eta-canada.com\/pl\/eta-lub-esta-ktore-zezwolenie-na-podroz-wybrac-na-pobyt\/","og_locale":"pl_PL","og_type":"article","og_title":"eTA czy ESTA: kt\u00f3re zezwolenie na podr\u00f3\u017c nale\u017cy wybra\u0107?","og_description":"Aby podr\u00f3\u017cowa\u0107 na kontynent ameryka\u0144ski istniej\u0105 dwa g\u0142\u00f3wne elektroniczne zezwolenia na podr\u00f3\u017c: eTA i ESTA","og_url":"https:\/\/ave-eta-canada.com\/pl\/eta-lub-esta-ktore-zezwolenie-na-podroz-wybrac-na-pobyt\/","og_site_name":"VISA CANADA","article_modified_time":"2023-05-09T08:09:05+00:00","twitter_card":"summary_large_image","twitter_misc":{"Szacowany czas czytania":"5 minut"},"schema":{"@context":"https:\/\/schema.org","@graph":[{"@type":"WebPage","@id":"https:\/\/ave-eta-canada.com\/pl\/eta-lub-esta-ktore-zezwolenie-na-podroz-wybrac-na-pobyt\/","url":"https:\/\/ave-eta-canada.com\/pl\/eta-lub-esta-ktore-zezwolenie-na-podroz-wybrac-na-pobyt\/","name":"eTA czy ESTA: kt\u00f3re zezwolenie na podr\u00f3\u017c nale\u017cy wybra\u0107?","isPartOf":{"@id":"https:\/\/ave-eta-canada.com\/pl\/#website"},"datePublished":"2023-04-18T14:41:36+00:00","dateModified":"2023-05-09T08:09:05+00:00","description":"Aby podr\u00f3\u017cowa\u0107 na kontynent ameryka\u0144ski istniej\u0105 dwa g\u0142\u00f3wne elektroniczne zezwolenia na podr\u00f3\u017c: eTA i ESTA","breadcrumb":{"@id":"https:\/\/ave-eta-canada.com\/pl\/eta-lub-esta-ktore-zezwolenie-na-podroz-wybrac-na-pobyt\/#breadcrumb"},"inLanguage":"pl-PL","potentialAction":[{"@type":"ReadAction","target":["https:\/\/ave-eta-canada.com\/pl\/eta-lub-esta-ktore-zezwolenie-na-podroz-wybrac-na-pobyt\/"]}]},{"@type":"BreadcrumbList","@id":"https:\/\/ave-eta-canada.com\/pl\/eta-lub-esta-ktore-zezwolenie-na-podroz-wybrac-na-pobyt\/#breadcrumb","itemListElement":[{"@type":"ListItem","position":1,"name":"Home","item":"https:\/\/ave-eta-canada.com\/pl\/"},{"@type":"ListItem","position":2,"name":"eTA czy ESTA: kt\u00f3re zezwolenie na podr\u00f3\u017c nale\u017cy wybra\u0107?"}]},{"@type":"WebSite","@id":"https:\/\/ave-eta-canada.com\/pl\/#website","url":"https:\/\/ave-eta-canada.com\/pl\/","name":"VISA CANADA","description":"Autorisation Voyage Electronique","potentialAction":[{"@type":"SearchAction","target":{"@type":"EntryPoint","urlTemplate":"https:\/\/ave-eta-canada.com\/pl\/?s={search_term_string}"},"query-input":{"@type":"PropertyValueSpecification","valueRequired":true,"valueName":"search_term_string"}}],"inLanguage":"pl-PL"}]}},"_links":{"self":[{"href":"https:\/\/ave-eta-canada.com\/pl\/wp-json\/wp\/v2\/pages\/4128","targetHints":{"allow":["GET"]}}],"collection":[{"href":"https:\/\/ave-eta-canada.com\/pl\/wp-json\/wp\/v2\/pages"}],"about":[{"href":"https:\/\/ave-eta-canada.com\/pl\/wp-json\/wp\/v2\/types\/page"}],"author":[{"embeddable":true,"href":"https:\/\/ave-eta-canada.com\/pl\/wp-json\/wp\/v2\/users\/1"}],"replies":[{"embeddable":true,"href":"https:\/\/ave-eta-canada.com\/pl\/wp-json\/wp\/v2\/comments?post=4128"}],"version-history":[{"count":0,"href":"https:\/\/ave-eta-canada.com\/pl\/wp-json\/wp\/v2\/pages\/4128\/revisions"}],"wp:attachment":[{"href":"https:\/\/ave-eta-canada.com\/pl\/wp-json\/wp\/v2\/media?parent=4128"}],"curies":[{"name":"wp","href":"https:\/\/api.w.org\/{rel}","templated":true}]}}