{"id":4137,"date":"2023-04-18T14:41:37","date_gmt":"2023-04-18T14:41:37","guid":{"rendered":"https:\/\/ave-eta-canada.com\/co-zrobic-w-przypadku-utraty-numeru-z-kanady\/"},"modified":"2023-05-08T21:14:00","modified_gmt":"2023-05-08T21:14:00","slug":"utracono-kanadyjski-numer-eta","status":"publish","type":"page","link":"https:\/\/ave-eta-canada.com\/pl\/utracono-kanadyjski-numer-eta\/","title":{"rendered":"Co zrobi\u0107 w przypadku utraty numeru eTA Kanada?"},"content":{"rendered":"\n<h1 class=\"wp-block-heading\">Zagubiony numer eTA: co robi\u0107?<\/h1>\n\n<p>Elektroniczne upowa\u017cnienie do podr\u00f3\u017cy (ETA) jest dokumentem, kt\u00f3ry pozwala na podr\u00f3\u017c do Kanady na okres do 6 miesi\u0119cy w celach turystycznych lub biznesowych. <strong>Aby uzyska\u0107 to upowa\u017cnienie do podr\u00f3\u017cy, nale\u017cy wype\u0142ni\u0107<\/strong> <a href=\"https:\/\/ave-eta-canada.com\/pl\/eta-kanada-formularz-online\/\">formularz online<\/a>. Zostanie on nast\u0119pnie przekazany w\u0142adzom kanadyjskim w celu okre\u015blenia kwalifikowalno\u015bci Twojego wniosku. Je\u015bli wniosek o eTA zostanie zatwierdzony, otrzymasz numer eTA poczt\u0105 elektroniczn\u0105. Ale jaki jest cel tego numeru i co mo\u017cna zrobi\u0107, gdy nie mo\u017cna go ju\u017c znale\u017a\u0107? Na wszystkie pytania odpowiadamy w tym artykule.<br\/><\/p>\n\n<h2 class=\"wp-block-heading\">Kiedy przekazywany jest numer eTA?<\/h2>\n\n<p>Ka\u017cdy wniosek o wydanie eTA na podr\u00f3\u017c do Kanady wymaga z\u0142o\u017cenia wniosku online. Ten dokument podr\u00f3\u017cy nie jest dost\u0119pny dla wszystkich. Aby upewni\u0107 si\u0119, \u017ce spe\u0142niaj\u0105 Pa\u0144stwo <a href=\"https:\/\/ave-eta-canada.com\/pl\/wszystko-o-warunkach-podrozy-do-kanady\/\">wymogi <\/a>programu bezwizowego, rz\u0105d Kanady wymaga wype\u0142nienia kwestionariusza internetowego.<\/p>\n\n<p>Odpowiedzi na pytania zawarte w formularzu okre\u015bl\u0105 zatem <a href=\"https:\/\/ave-eta-canada.com\/pl\/jak-sprawdzic-status-swojego-wniosku-w-kanadzie\/\">status Twojego zg\u0142oszenia eTA<\/a>. Je\u015bli rz\u0105d kanadyjski zatwierdzi Tw\u00f3j wniosek o pozwolenie na pobyt, zostaniesz o tym poinformowany zbiorczym e-mailem z numerem eTA. Ten numer identyfikacyjny jest niepowtarzalny i jest bezpo\u015brednio zwi\u0105zany z paszportem, z kt\u00f3rym z\u0142o\u017cono wniosek.<\/p>\n\n<p>Numer eTA umo\u017cliwia wgl\u0105d do akt, aby sprawdzi\u0107, czy certyfikat pobytu w Kanadzie jest nadal wa\u017cny. Aby upewni\u0107 si\u0119, \u017ce <a href=\"https:\/\/ave-eta-canada.com\/pl\/okres-waznosci-eta-kanada\/\">nadal maszwa\u017cne eTA<\/a>, rz\u0105d kanadyjski udost\u0119pnia narz\u0119dzie dla obcokrajowc\u00f3w, aby sprawdzi\u0107 status ich eTA. Aby z niego skorzysta\u0107, wystarczy, \u017ce b\u0119dziesz mia\u0142 nast\u0119puj\u0105ce dane:<\/p>\n\n<ul class=\"wp-block-list\"><li>Numer wniosku eTA ;<\/li><li>numer paszportu ;<\/li><li>kraj wydania dokumentu to\u017csamo\u015bci ;<\/li><li>data wydania i wyga\u015bni\u0119cia paszportu.<\/li><\/ul>\n\n<p>Nale\u017cy pami\u0119ta\u0107, \u017ce je\u015bli posiadasz ju\u017c program <a href=\"https:\/\/ave-eta-canada.com\/pl\/pozwolenie-na-prace-w-kanadzie\/\">WHP Canada<\/a> (Working Holiday Program), nie musisz ubiega\u0107 si\u0119 o EVP. Tak jest r\u00f3wnie\u017c w przypadku posiadania karty sta\u0142ego pobytu.<br\/><br\/><\/p>\n\n<h2 class=\"wp-block-heading\">Jak znale\u017a\u0107 sw\u00f3j numer eTA?<\/h2>\n\n<p>Jak wspomniano powy\u017cej, przyj\u0119cie eTA z konieczno\u015bci prowadzi do wygenerowania numeru eTA. Nale\u017cy wiedzie\u0107, \u017ce identyfikator ten jest przekazywany za po\u015brednictwem adresu e-mail, kt\u00f3ry zosta\u0142 podany podczas wype\u0142niania kwestionariusza. Je\u015bli masz wi\u0119cej ni\u017c jeden adres e-mail, pami\u0119taj, aby szuka\u0107 w tym, kt\u00f3ry odpowiada Twojej aplikacji eTA. Ponadto e-mail informuj\u0105cy o numerze eTA mo\u017ce trafi\u0107 do folderu spamu, dlatego warto sprawdzi\u0107 r\u00f3wnie\u017c t\u0119 cz\u0119\u015b\u0107.<\/p>\n\n<p>Je\u015bli nie otrzyma\u0142e\u015b potwierdzenia odbioru w ci\u0105gu 72 godzin od z\u0142o\u017cenia wniosku, musisz wype\u0142ni\u0107 formularz na oficjalnej stronie rz\u0105du kanadyjskiego. Tw\u00f3j wniosek zostanie rozpatrzony w ci\u0105gu kilku dni. Oczywi\u015bcie, aby to zrobi\u0107, musisz by\u0107 pewien, \u017ce poda\u0142e\u015b w\u0142a\u015bciwy adres i \u017ce sprawdzi\u0142e\u015b spam.<br\/><br\/><\/p>\n\n<h2 class=\"wp-block-heading\">Utrata numeru eTA Kanada: czy to co\u015b powa\u017cnego?<\/h2>\n\n<p>Je\u017celi po dok\u0142adnych poszukiwaniach nadal nie mo\u017cesz znale\u017a\u0107 maila IRCC (Immigration, Refugees and Citizenship Canada), uspokajamy, \u017ce nie musi to wp\u0142yn\u0105\u0107 na Twoj\u0105 podr\u00f3\u017c do Kanady. Rzeczywi\u015bcie eTA jest upowa\u017cnieniem elektronicznym, nie ma oficjalnej wersji papierowej. Po zatwierdzeniu wniosku numer eTA zostaje po\u0142\u0105czony elektronicznie z paszportem elektronicznym lub biometrycznym. W rezultacie pracownicy linii lotniczych i Kanadyjska Agencja S\u0142u\u017cb Granicznych b\u0119d\u0105 mogli uzyska\u0107 dost\u0119p do Twojego eTA elektronicznie, po prostu skanuj\u0105c Tw\u00f3j paszport. Nie ma potrzeby podawania im swojego numeru eTA Kanada. <\/p>\n\n<p>Wa\u017cno\u015b\u0107 eTA wynosi 5 lat, wi\u0119c je\u015bli z\u0142o\u017cy\u0142e\u015b wniosek niedawno, ale <a href=\"https:\/\/ave-eta-canada.com\/pl\/jak-znalezc-zagubiona-eta-kanada\/\">straci\u0142e\u015b sw\u00f3j numer eTA <\/a> Kanada, nie jest to problem. Prosimy o upewnienie si\u0119, \u017ce paszport jest wa\u017cny przez ca\u0142y okres pobytu. W takim przypadku eTA traci wa\u017cno\u015b\u0107 w dniu utraty wa\u017cno\u015bci dokumentu to\u017csamo\u015bci. Kolejnym krokiem b\u0119dzie zam\u00f3wienie nowego paszportu biometrycznego w lokalnym urz\u0119dzie miasta, a nast\u0119pnie ponowne z\u0142o\u017cenie wniosku online.<\/p>\n\n<h3 class=\"wp-block-heading\">Ponowne z\u0142o\u017cenie wniosku o inny numer eTA<\/h3>\n\n<p>Je\u015bli jednak Tw\u00f3j wniosek pochodzi sprzed kilku lat, ale nie pami\u0119tasz ju\u017c dok\u0142adnej daty jego wystawienia, radzimy po prostu ponownie z\u0142o\u017cy\u0107 wniosek o eTA . Szkoda by by\u0142o zaplanowa\u0107 swoj\u0105 podr\u00f3\u017c w najdrobniejszych szczeg\u00f3\u0142ach tylko po to, aby odm\u00f3wi\u0107 dost\u0119pu do lotniska z powodu nieaktualnej eTA .<\/p>\n\n<p>Aby ponownie z\u0142o\u017cy\u0107 wniosek, mo\u017cesz wej\u015b\u0107 na oficjaln\u0105 stron\u0119 rz\u0105du kanadyjskiego lub na stron\u0119 naszego partnera. Wybieraj\u0105c t\u0119 drug\u0105 opcj\u0119, skorzystasz ze spersonalizowanego wsparcia w uzyskaniu eTA. Je\u015bli po zam\u00f3wieniu zezwolenia za po\u015brednictwem naszej strony partnerskiej zgubisz sw\u00f3j numer eTA Kanada, wiadomo\u015b\u0107 e-mail z potwierdzeniem zostanie zapisana w Twojej strefie klienta. Je\u015bli potrzebujesz pomocy, nasz dzia\u0142 obs\u0142ugi klienta jest r\u00f3wnie\u017c do Twojej dyspozycji.<\/p>\n\n<p>Mimo \u017ce nowa aplikacja wi\u0105\u017ce si\u0119 z op\u0142atami EVP, to i tak jest to dobry interes w por\u00f3wnaniu z wiz\u0105 kanadyjsk\u0105 lub <a href=\"https:\/\/ave-eta-canada.com\/pl\/pozwolenie-na-prace-w-kanadzie\/\">WHP (Working Holiday Program)<\/a>, kt\u00f3re kosztuj\u0105 oko\u0142o 100 dolar\u00f3w kanadyjskich.<\/p>\n\n<p>Nale\u017cy pami\u0119ta\u0107, \u017ce je\u015bli po pobycie w Kanadzie planujesz podr\u00f3\u017c do Stan\u00f3w Zjednoczonych, prawdopodobnie b\u0119dziesz potrzebowa\u0142 zezwolenia ESTA, kt\u00f3re dzia\u0142a na dok\u0142adnie takiej samej zasadzie jak eTA.<\/p>\n","protected":false},"excerpt":{"rendered":"<p>Zagubiony numer eTA: co robi\u0107? Elektroniczne upowa\u017cnienie do podr\u00f3\u017cy (ETA) jest dokumentem, kt\u00f3ry pozwala na podr\u00f3\u017c do Kanady na okres do 6 miesi\u0119cy w celach turystycznych lub biznesowych. Aby uzyska\u0107 to upowa\u017cnienie do podr\u00f3\u017cy, nale\u017cy wype\u0142ni\u0107 formularz online. Zostanie on nast\u0119pnie przekazany w\u0142adzom kanadyjskim w celu okre\u015blenia kwalifikowalno\u015bci Twojego wniosku. Je\u015bli wniosek o eTA zostanie [&hellip;]<\/p>\n","protected":false},"author":1,"featured_media":0,"parent":0,"menu_order":0,"comment_status":"closed","ping_status":"closed","template":"","meta":{"footnotes":""},"class_list":["post-4137","page","type-page","status-publish","hentry"],"yoast_head":"<!-- This site is optimized with the Yoast SEO plugin v26.9 - https:\/\/yoast.com\/product\/yoast-seo-wordpress\/ -->\n<title>Co zrobi\u0107 w przypadku utraty numeru eTA Kanada?<\/title>\n<meta name=\"description\" content=\"Ka\u017cde zezwolenie na podr\u00f3\u017c tymczasow\u0105 do Kanady ma przypisany numer eTA. Dowiedz si\u0119, jak odzyska\u0107 utracony numer aplikacji eTA.\" \/>\n<meta name=\"robots\" content=\"index, follow, max-snippet:-1, max-image-preview:large, max-video-preview:-1\" \/>\n<link rel=\"canonical\" href=\"https:\/\/ave-eta-canada.com\/pl\/utracono-kanadyjski-numer-eta\/\" \/>\n<meta property=\"og:locale\" content=\"pl_PL\" \/>\n<meta property=\"og:type\" content=\"article\" \/>\n<meta property=\"og:title\" content=\"Co zrobi\u0107 w przypadku utraty numeru eTA Kanada?\" \/>\n<meta property=\"og:description\" content=\"Ka\u017cde zezwolenie na podr\u00f3\u017c tymczasow\u0105 do Kanady ma przypisany numer eTA. Dowiedz si\u0119, jak odzyska\u0107 utracony numer aplikacji eTA.\" \/>\n<meta property=\"og:url\" content=\"https:\/\/ave-eta-canada.com\/pl\/utracono-kanadyjski-numer-eta\/\" \/>\n<meta property=\"og:site_name\" content=\"VISA CANADA\" \/>\n<meta property=\"article:modified_time\" content=\"2023-05-08T21:14:00+00:00\" \/>\n<meta name=\"twitter:card\" content=\"summary_large_image\" \/>\n<meta name=\"twitter:label1\" content=\"Szacowany czas czytania\" \/>\n\t<meta name=\"twitter:data1\" content=\"4 minuty\" \/>\n<script type=\"application\/ld+json\" class=\"yoast-schema-graph\">{\"@context\":\"https:\/\/schema.org\",\"@graph\":[{\"@type\":\"WebPage\",\"@id\":\"https:\/\/ave-eta-canada.com\/pl\/utracono-kanadyjski-numer-eta\/\",\"url\":\"https:\/\/ave-eta-canada.com\/pl\/utracono-kanadyjski-numer-eta\/\",\"name\":\"Co zrobi\u0107 w przypadku utraty numeru eTA Kanada?\",\"isPartOf\":{\"@id\":\"https:\/\/ave-eta-canada.com\/pl\/#website\"},\"datePublished\":\"2023-04-18T14:41:37+00:00\",\"dateModified\":\"2023-05-08T21:14:00+00:00\",\"description\":\"Ka\u017cde zezwolenie na podr\u00f3\u017c tymczasow\u0105 do Kanady ma przypisany numer eTA. Dowiedz si\u0119, jak odzyska\u0107 utracony numer aplikacji eTA.\",\"breadcrumb\":{\"@id\":\"https:\/\/ave-eta-canada.com\/pl\/utracono-kanadyjski-numer-eta\/#breadcrumb\"},\"inLanguage\":\"pl-PL\",\"potentialAction\":[{\"@type\":\"ReadAction\",\"target\":[\"https:\/\/ave-eta-canada.com\/pl\/utracono-kanadyjski-numer-eta\/\"]}]},{\"@type\":\"BreadcrumbList\",\"@id\":\"https:\/\/ave-eta-canada.com\/pl\/utracono-kanadyjski-numer-eta\/#breadcrumb\",\"itemListElement\":[{\"@type\":\"ListItem\",\"position\":1,\"name\":\"Home\",\"item\":\"https:\/\/ave-eta-canada.com\/pl\/\"},{\"@type\":\"ListItem\",\"position\":2,\"name\":\"Co zrobi\u0107 w przypadku utraty numeru eTA Kanada?\"}]},{\"@type\":\"WebSite\",\"@id\":\"https:\/\/ave-eta-canada.com\/pl\/#website\",\"url\":\"https:\/\/ave-eta-canada.com\/pl\/\",\"name\":\"VISA CANADA\",\"description\":\"Autorisation Voyage Electronique\",\"potentialAction\":[{\"@type\":\"SearchAction\",\"target\":{\"@type\":\"EntryPoint\",\"urlTemplate\":\"https:\/\/ave-eta-canada.com\/pl\/?s={search_term_string}\"},\"query-input\":{\"@type\":\"PropertyValueSpecification\",\"valueRequired\":true,\"valueName\":\"search_term_string\"}}],\"inLanguage\":\"pl-PL\"}]}<\/script>\n<!-- \/ Yoast SEO plugin. -->","yoast_head_json":{"title":"Co zrobi\u0107 w przypadku utraty numeru eTA Kanada?","description":"Ka\u017cde zezwolenie na podr\u00f3\u017c tymczasow\u0105 do Kanady ma przypisany numer eTA. Dowiedz si\u0119, jak odzyska\u0107 utracony numer aplikacji eTA.","robots":{"index":"index","follow":"follow","max-snippet":"max-snippet:-1","max-image-preview":"max-image-preview:large","max-video-preview":"max-video-preview:-1"},"canonical":"https:\/\/ave-eta-canada.com\/pl\/utracono-kanadyjski-numer-eta\/","og_locale":"pl_PL","og_type":"article","og_title":"Co zrobi\u0107 w przypadku utraty numeru eTA Kanada?","og_description":"Ka\u017cde zezwolenie na podr\u00f3\u017c tymczasow\u0105 do Kanady ma przypisany numer eTA. Dowiedz si\u0119, jak odzyska\u0107 utracony numer aplikacji eTA.","og_url":"https:\/\/ave-eta-canada.com\/pl\/utracono-kanadyjski-numer-eta\/","og_site_name":"VISA CANADA","article_modified_time":"2023-05-08T21:14:00+00:00","twitter_card":"summary_large_image","twitter_misc":{"Szacowany czas czytania":"4 minuty"},"schema":{"@context":"https:\/\/schema.org","@graph":[{"@type":"WebPage","@id":"https:\/\/ave-eta-canada.com\/pl\/utracono-kanadyjski-numer-eta\/","url":"https:\/\/ave-eta-canada.com\/pl\/utracono-kanadyjski-numer-eta\/","name":"Co zrobi\u0107 w przypadku utraty numeru eTA Kanada?","isPartOf":{"@id":"https:\/\/ave-eta-canada.com\/pl\/#website"},"datePublished":"2023-04-18T14:41:37+00:00","dateModified":"2023-05-08T21:14:00+00:00","description":"Ka\u017cde zezwolenie na podr\u00f3\u017c tymczasow\u0105 do Kanady ma przypisany numer eTA. Dowiedz si\u0119, jak odzyska\u0107 utracony numer aplikacji eTA.","breadcrumb":{"@id":"https:\/\/ave-eta-canada.com\/pl\/utracono-kanadyjski-numer-eta\/#breadcrumb"},"inLanguage":"pl-PL","potentialAction":[{"@type":"ReadAction","target":["https:\/\/ave-eta-canada.com\/pl\/utracono-kanadyjski-numer-eta\/"]}]},{"@type":"BreadcrumbList","@id":"https:\/\/ave-eta-canada.com\/pl\/utracono-kanadyjski-numer-eta\/#breadcrumb","itemListElement":[{"@type":"ListItem","position":1,"name":"Home","item":"https:\/\/ave-eta-canada.com\/pl\/"},{"@type":"ListItem","position":2,"name":"Co zrobi\u0107 w przypadku utraty numeru eTA Kanada?"}]},{"@type":"WebSite","@id":"https:\/\/ave-eta-canada.com\/pl\/#website","url":"https:\/\/ave-eta-canada.com\/pl\/","name":"VISA CANADA","description":"Autorisation Voyage Electronique","potentialAction":[{"@type":"SearchAction","target":{"@type":"EntryPoint","urlTemplate":"https:\/\/ave-eta-canada.com\/pl\/?s={search_term_string}"},"query-input":{"@type":"PropertyValueSpecification","valueRequired":true,"valueName":"search_term_string"}}],"inLanguage":"pl-PL"}]}},"_links":{"self":[{"href":"https:\/\/ave-eta-canada.com\/pl\/wp-json\/wp\/v2\/pages\/4137","targetHints":{"allow":["GET"]}}],"collection":[{"href":"https:\/\/ave-eta-canada.com\/pl\/wp-json\/wp\/v2\/pages"}],"about":[{"href":"https:\/\/ave-eta-canada.com\/pl\/wp-json\/wp\/v2\/types\/page"}],"author":[{"embeddable":true,"href":"https:\/\/ave-eta-canada.com\/pl\/wp-json\/wp\/v2\/users\/1"}],"replies":[{"embeddable":true,"href":"https:\/\/ave-eta-canada.com\/pl\/wp-json\/wp\/v2\/comments?post=4137"}],"version-history":[{"count":0,"href":"https:\/\/ave-eta-canada.com\/pl\/wp-json\/wp\/v2\/pages\/4137\/revisions"}],"wp:attachment":[{"href":"https:\/\/ave-eta-canada.com\/pl\/wp-json\/wp\/v2\/media?parent=4137"}],"curies":[{"name":"wp","href":"https:\/\/api.w.org\/{rel}","templated":true}]}}